{"id":139229,"date":"2020-04-24T00:00:00","date_gmt":"2020-04-24T00:00:00","guid":{"rendered":"https:\/\/www.iplay.com\/games\/adventure-mosaics-forest-spirits\/"},"modified":"2020-04-24T00:00:00","modified_gmt":"2020-04-24T00:00:00","slug":"adventure-mosaics-forest-spirits","status":"publish","type":"product","link":"https:\/\/www.iplay.com\/de\/games\/adventure-mosaics-forest-spirits\/","title":{"rendered":"Adventure Mosaics &#8211; Forest Spirits"},"content":{"rendered":"<p>Ein M\u00e4dchen hat sich im Wald verdreht, und es liegt nun an ihr, den Waldgeistern zu helfen und die B\u00e4ume vor der Dunkelheit zu retten! Eine fantastische Mischung aus 200 bunten Nonogrammen mit unterschiedlichen Schwierigkeitsgraden, einer bezaubernden Handlung und magischer Musik, die dir beim Zeitvertreib hilft! Verbessere deine R\u00e4tself\u00e4higkeiten, indem du Nonogramme l\u00f6st. Steige durch die Levels auf, indem du R\u00e4tsel l\u00f6st und Geistern dabei hilfst, ihr Schicksal zu bestimmen!   <\/p>\n<p>&nbsp;<\/p>\n<p>&nbsp;<\/p>\n<p><strong>Funktionen:<\/strong><\/p>\n<p>&nbsp;<\/p>\n<p>&#8211; 200 lebendige Levels, die du nicht so schnell vergessen wirst!<\/p>\n<p>&#8211; Beeindruckende visuelle Effekte!<\/p>\n<p>&#8211; Minispiel f\u00fcr die Verbesserung des Hauses!<\/p>\n<p>&#8211; Eine packende Handlung!<\/p>\n<p>&#8211; Wundersch\u00f6ne Kunstwerke, die in den besten Sommerfarben gemalt sind!<\/p>\n<p>&#8211; Hervorragende Herausforderungen f\u00fcr logisches und abstraktes Denken!<\/p>\n<p>&#8211; Einfach zu erlernen, schwer zu meistern!<\/p>\n","protected":false},"excerpt":{"rendered":"<p>Erkunde das Reich der Geister! In Waldgeister: Abenteuer-Mosaike <\/p>\n","protected":false},"author":39,"featured_media":83288,"comment_status":"open","ping_status":"closed","template":"","meta":{"_acf_changed":false,"inline_featured_image":false},"product_brand":[],"product_cat":[194],"product_tag":[],"class_list":{"0":"post-139229","1":"product","2":"type-product","3":"status-publish","4":"has-post-thumbnail","6":"product_cat-puzzle-de","8":"first","9":"instock","10":"shipping-taxable","11":"purchasable","12":"product-type-simple"},"acf":[],"yoast_head":"<!-- This site is optimized with the Yoast SEO Premium plugin v25.2 (Yoast SEO v25.2) - https:\/\/yoast.com\/wordpress\/plugins\/seo\/ -->\n<title>Adventure Mosaics - Forest Spirits - Hilf den Waldgeistern, indem du Mosaik-R\u00e4tsel l\u00f6st<\/title>\n<meta name=\"description\" content=\"Erkunde das Reich der Geister! In Waldgeister: Abenteuer-Mosaike\" \/>\n<meta name=\"robots\" content=\"index, follow, max-snippet:-1, max-image-preview:large, max-video-preview:-1\" \/>\n<link rel=\"canonical\" href=\"https:\/\/www.iplay.com\/de\/games\/adventure-mosaics-forest-spirits\/\" \/>\n<meta property=\"og:locale\" content=\"de_DE\" \/>\n<meta property=\"og:type\" content=\"article\" \/>\n<meta property=\"og:title\" content=\"Adventure Mosaics - Forest Spirits\" \/>\n<meta property=\"og:description\" content=\"Erkunde das Reich der Geister! In Waldgeister: Abenteuer-Mosaike\" \/>\n<meta property=\"og:url\" content=\"https:\/\/www.iplay.com\/de\/games\/adventure-mosaics-forest-spirits\/\" \/>\n<meta property=\"og:site_name\" content=\"IPlay\" \/>\n<meta property=\"og:image\" content=\"https:\/\/www.iplay.com\/wp-content\/uploads\/2023\/12\/large_square_tile_image-2714.jpg\" \/>\n\t<meta property=\"og:image:width\" content=\"310\" \/>\n\t<meta property=\"og:image:height\" content=\"310\" \/>\n\t<meta property=\"og:image:type\" content=\"image\/jpeg\" \/>\n<meta name=\"twitter:card\" content=\"summary_large_image\" \/>\n<meta name=\"twitter:label1\" content=\"Gesch\u00e4tzte Lesezeit\" \/>\n\t<meta name=\"twitter:data1\" content=\"1 Minute\" \/>\n<script type=\"application\/ld+json\" class=\"yoast-schema-graph\">{\"@context\":\"https:\/\/schema.org\",\"@graph\":[{\"@type\":\"WebPage\",\"@id\":\"https:\/\/www.iplay.com\/de\/games\/adventure-mosaics-forest-spirits\/\",\"url\":\"https:\/\/www.iplay.com\/de\/games\/adventure-mosaics-forest-spirits\/\",\"name\":\"Adventure Mosaics - Forest Spirits - Hilf den Waldgeistern, indem du Mosaik-R\u00e4tsel l\u00f6st\",\"isPartOf\":{\"@id\":\"https:\/\/www.iplay.com\/en\/#website\"},\"primaryImageOfPage\":{\"@id\":\"https:\/\/www.iplay.com\/de\/games\/adventure-mosaics-forest-spirits\/#primaryimage\"},\"image\":{\"@id\":\"https:\/\/www.iplay.com\/de\/games\/adventure-mosaics-forest-spirits\/#primaryimage\"},\"thumbnailUrl\":\"https:\/\/www.iplay.com\/wp-content\/uploads\/2023\/12\/large_square_tile_image-2714.jpg\",\"datePublished\":\"2020-04-24T00:00:00+00:00\",\"description\":\"Erkunde das Reich der Geister! In Waldgeister: Abenteuer-Mosaike\",\"breadcrumb\":{\"@id\":\"https:\/\/www.iplay.com\/de\/games\/adventure-mosaics-forest-spirits\/#breadcrumb\"},\"inLanguage\":\"de-DE\",\"potentialAction\":[{\"@type\":\"ReadAction\",\"target\":[\"https:\/\/www.iplay.com\/de\/games\/adventure-mosaics-forest-spirits\/\"]}]},{\"@type\":\"ImageObject\",\"inLanguage\":\"de-DE\",\"@id\":\"https:\/\/www.iplay.com\/de\/games\/adventure-mosaics-forest-spirits\/#primaryimage\",\"url\":\"https:\/\/www.iplay.com\/wp-content\/uploads\/2023\/12\/large_square_tile_image-2714.jpg\",\"contentUrl\":\"https:\/\/www.iplay.com\/wp-content\/uploads\/2023\/12\/large_square_tile_image-2714.jpg\",\"width\":310,\"height\":310},{\"@type\":\"BreadcrumbList\",\"@id\":\"https:\/\/www.iplay.com\/de\/games\/adventure-mosaics-forest-spirits\/#breadcrumb\",\"itemListElement\":[{\"@type\":\"ListItem\",\"position\":1,\"name\":\"Home\",\"item\":\"https:\/\/www.iplay.com\/de\/home-page-2\/\"},{\"@type\":\"ListItem\",\"position\":2,\"name\":\"Shop\",\"item\":\"https:\/\/www.iplay.com\/en\/shop\/\"},{\"@type\":\"ListItem\",\"position\":3,\"name\":\"Adventure Mosaics &#8211; Forest Spirits\"}]},{\"@type\":\"WebSite\",\"@id\":\"https:\/\/www.iplay.com\/en\/#website\",\"url\":\"https:\/\/www.iplay.com\/en\/\",\"name\":\"IPlay\",\"description\":\"The Best Casual Games!\",\"publisher\":{\"@id\":\"https:\/\/www.iplay.com\/en\/#organization\"},\"potentialAction\":[{\"@type\":\"SearchAction\",\"target\":{\"@type\":\"EntryPoint\",\"urlTemplate\":\"https:\/\/www.iplay.com\/en\/?s={search_term_string}\"},\"query-input\":{\"@type\":\"PropertyValueSpecification\",\"valueRequired\":true,\"valueName\":\"search_term_string\"}}],\"inLanguage\":\"de-DE\"},{\"@type\":\"Organization\",\"@id\":\"https:\/\/www.iplay.com\/en\/#organization\",\"name\":\"IPlay\",\"url\":\"https:\/\/www.iplay.com\/en\/\",\"logo\":{\"@type\":\"ImageObject\",\"inLanguage\":\"de-DE\",\"@id\":\"https:\/\/www.iplay.com\/en\/#\/schema\/logo\/image\/\",\"url\":\"https:\/\/www.iplay.com\/wp-content\/uploads\/2023\/11\/Group-6100.svg\",\"contentUrl\":\"https:\/\/www.iplay.com\/wp-content\/uploads\/2023\/11\/Group-6100.svg\",\"width\":98,\"height\":25,\"caption\":\"IPlay\"},\"image\":{\"@id\":\"https:\/\/www.iplay.com\/en\/#\/schema\/logo\/image\/\"}}]}<\/script>\n<!-- \/ Yoast SEO Premium plugin. -->","yoast_head_json":{"title":"Adventure Mosaics - Forest Spirits - Hilf den Waldgeistern, indem du Mosaik-R\u00e4tsel l\u00f6st","description":"Erkunde das Reich der Geister! In Waldgeister: Abenteuer-Mosaike","robots":{"index":"index","follow":"follow","max-snippet":"max-snippet:-1","max-image-preview":"max-image-preview:large","max-video-preview":"max-video-preview:-1"},"canonical":"https:\/\/www.iplay.com\/de\/games\/adventure-mosaics-forest-spirits\/","og_locale":"de_DE","og_type":"article","og_title":"Adventure Mosaics - Forest Spirits","og_description":"Erkunde das Reich der Geister! In Waldgeister: Abenteuer-Mosaike","og_url":"https:\/\/www.iplay.com\/de\/games\/adventure-mosaics-forest-spirits\/","og_site_name":"IPlay","og_image":[{"width":310,"height":310,"url":"https:\/\/www.iplay.com\/wp-content\/uploads\/2023\/12\/large_square_tile_image-2714.jpg","type":"image\/jpeg"}],"twitter_card":"summary_large_image","twitter_misc":{"Gesch\u00e4tzte Lesezeit":"1 Minute"},"schema":{"@context":"https:\/\/schema.org","@graph":[{"@type":"WebPage","@id":"https:\/\/www.iplay.com\/de\/games\/adventure-mosaics-forest-spirits\/","url":"https:\/\/www.iplay.com\/de\/games\/adventure-mosaics-forest-spirits\/","name":"Adventure Mosaics - Forest Spirits - Hilf den Waldgeistern, indem du Mosaik-R\u00e4tsel l\u00f6st","isPartOf":{"@id":"https:\/\/www.iplay.com\/en\/#website"},"primaryImageOfPage":{"@id":"https:\/\/www.iplay.com\/de\/games\/adventure-mosaics-forest-spirits\/#primaryimage"},"image":{"@id":"https:\/\/www.iplay.com\/de\/games\/adventure-mosaics-forest-spirits\/#primaryimage"},"thumbnailUrl":"https:\/\/www.iplay.com\/wp-content\/uploads\/2023\/12\/large_square_tile_image-2714.jpg","datePublished":"2020-04-24T00:00:00+00:00","description":"Erkunde das Reich der Geister! In Waldgeister: Abenteuer-Mosaike","breadcrumb":{"@id":"https:\/\/www.iplay.com\/de\/games\/adventure-mosaics-forest-spirits\/#breadcrumb"},"inLanguage":"de-DE","potentialAction":[{"@type":"ReadAction","target":["https:\/\/www.iplay.com\/de\/games\/adventure-mosaics-forest-spirits\/"]}]},{"@type":"ImageObject","inLanguage":"de-DE","@id":"https:\/\/www.iplay.com\/de\/games\/adventure-mosaics-forest-spirits\/#primaryimage","url":"https:\/\/www.iplay.com\/wp-content\/uploads\/2023\/12\/large_square_tile_image-2714.jpg","contentUrl":"https:\/\/www.iplay.com\/wp-content\/uploads\/2023\/12\/large_square_tile_image-2714.jpg","width":310,"height":310},{"@type":"BreadcrumbList","@id":"https:\/\/www.iplay.com\/de\/games\/adventure-mosaics-forest-spirits\/#breadcrumb","itemListElement":[{"@type":"ListItem","position":1,"name":"Home","item":"https:\/\/www.iplay.com\/de\/home-page-2\/"},{"@type":"ListItem","position":2,"name":"Shop","item":"https:\/\/www.iplay.com\/en\/shop\/"},{"@type":"ListItem","position":3,"name":"Adventure Mosaics &#8211; Forest Spirits"}]},{"@type":"WebSite","@id":"https:\/\/www.iplay.com\/en\/#website","url":"https:\/\/www.iplay.com\/en\/","name":"IPlay","description":"The Best Casual Games!","publisher":{"@id":"https:\/\/www.iplay.com\/en\/#organization"},"potentialAction":[{"@type":"SearchAction","target":{"@type":"EntryPoint","urlTemplate":"https:\/\/www.iplay.com\/en\/?s={search_term_string}"},"query-input":{"@type":"PropertyValueSpecification","valueRequired":true,"valueName":"search_term_string"}}],"inLanguage":"de-DE"},{"@type":"Organization","@id":"https:\/\/www.iplay.com\/en\/#organization","name":"IPlay","url":"https:\/\/www.iplay.com\/en\/","logo":{"@type":"ImageObject","inLanguage":"de-DE","@id":"https:\/\/www.iplay.com\/en\/#\/schema\/logo\/image\/","url":"https:\/\/www.iplay.com\/wp-content\/uploads\/2023\/11\/Group-6100.svg","contentUrl":"https:\/\/www.iplay.com\/wp-content\/uploads\/2023\/11\/Group-6100.svg","width":98,"height":25,"caption":"IPlay"},"image":{"@id":"https:\/\/www.iplay.com\/en\/#\/schema\/logo\/image\/"}}]}},"_links":{"self":[{"href":"https:\/\/www.iplay.com\/de\/wp-json\/wp\/v2\/product\/139229","targetHints":{"allow":["GET"]}}],"collection":[{"href":"https:\/\/www.iplay.com\/de\/wp-json\/wp\/v2\/product"}],"about":[{"href":"https:\/\/www.iplay.com\/de\/wp-json\/wp\/v2\/types\/product"}],"author":[{"embeddable":true,"href":"https:\/\/www.iplay.com\/de\/wp-json\/wp\/v2\/users\/39"}],"replies":[{"embeddable":true,"href":"https:\/\/www.iplay.com\/de\/wp-json\/wp\/v2\/comments?post=139229"}],"wp:featuredmedia":[{"embeddable":true,"href":"https:\/\/www.iplay.com\/de\/wp-json\/wp\/v2\/media\/83288"}],"wp:attachment":[{"href":"https:\/\/www.iplay.com\/de\/wp-json\/wp\/v2\/media?parent=139229"}],"wp:term":[{"taxonomy":"product_brand","embeddable":true,"href":"https:\/\/www.iplay.com\/de\/wp-json\/wp\/v2\/product_brand?post=139229"},{"taxonomy":"product_cat","embeddable":true,"href":"https:\/\/www.iplay.com\/de\/wp-json\/wp\/v2\/product_cat?post=139229"},{"taxonomy":"product_tag","embeddable":true,"href":"https:\/\/www.iplay.com\/de\/wp-json\/wp\/v2\/product_tag?post=139229"}],"curies":[{"name":"wp","href":"https:\/\/api.w.org\/{rel}","templated":true}]}}