{"id":139207,"date":"2020-04-22T00:00:00","date_gmt":"2020-04-22T00:00:00","guid":{"rendered":"https:\/\/www.iplay.com\/games\/the-artifact-of-the-pharaoh-solitaire\/"},"modified":"2020-04-22T00:00:00","modified_gmt":"2020-04-22T00:00:00","slug":"the-artifact-of-the-pharaoh-solitaire","status":"publish","type":"product","link":"https:\/\/www.iplay.com\/de\/games\/the-artifact-of-the-pharaoh-solitaire\/","title":{"rendered":"The Artifact of the Pharaoh Solitaire"},"content":{"rendered":"<p>Ein uraltes, mysteri\u00f6ses Artefakt wird von einem Pharao verwendet, um zu verhindern, dass seinem Volk eine Trag\u00f6die widerf\u00e4hrt. Der Gegenstand entfesselt jedoch einen schrecklichen Fluch, der nicht nur die letzten Felder und G\u00e4rten in seinem Land ruiniert, sondern auch den Pharao schwer krank macht. Dieser Fluch lindert die D\u00fcrre in seinem Reich nicht. Auf geht&#8217;s auf eine interessante Solit\u00e4r-Reise! Bittet die Gottheit Horus um Hilfe und versucht, das Artefakt aufzuhalten. Um alle Felder und G\u00e4rten wieder zum Bl\u00fchen zu bringen und den Pharao letztendlich vom Fluch zu befreien, musst du schwierige Solit\u00e4r-Levels und viele Bonusspiele abschlie\u00dfen!     <\/p>\n<p>&nbsp;<\/p>\n<p>&nbsp;<\/p>\n<p><strong>Funktionen:<\/strong><\/p>\n<p>&nbsp;<\/p>\n<p>&#8211; Spannendes Solit\u00e4r-Abenteuer mit mehreren Extras<br \/>\n&#8211; Schwierige Solit\u00e4r-Levels<br \/>\n&#8211; Einzigartige Karten und Extras<br \/>\n&#8211; Verdiene zahlreiche Troph\u00e4en<br \/>\n&#8211; L\u00f6se spannende R\u00e4tsel, Wimmelbilder, Mahjongg und Kombiniere drei Spiele!<\/p>\n","protected":false},"excerpt":{"rendered":"<p>Ein uraltes, mysteri\u00f6ses Artefakt wird von einem Pharao verwendet, um zu verhindern, dass seinem Volk eine Trag\u00f6die widerf\u00e4hrt.<\/p>\n","protected":false},"author":50,"featured_media":83304,"comment_status":"open","ping_status":"closed","template":"","meta":{"_acf_changed":false,"inline_featured_image":false},"product_brand":[],"product_cat":[157,206],"product_tag":[289],"class_list":{"0":"post-139207","1":"product","2":"type-product","3":"status-publish","4":"has-post-thumbnail","6":"product_cat-card-de-2","7":"product_cat-solitaire-de","8":"product_tag-play-on-pc-de","10":"first","11":"instock","12":"shipping-taxable","13":"purchasable","14":"product-type-simple"},"acf":[],"yoast_head":"<!-- This site is optimized with the Yoast SEO Premium plugin v25.2 (Yoast SEO v25.2) - https:\/\/yoast.com\/wordpress\/plugins\/seo\/ -->\n<title>Das Artefakt des Pharaos Solit\u00e4r - Pharao \u00fcbt uralte Macht in einem mystischen Abenteuer aus<\/title>\n<meta name=\"description\" content=\"Ein uraltes, mysteri\u00f6ses Artefakt wird von einem Pharao verwendet, um zu verhindern, dass seinem Volk eine Trag\u00f6die widerf\u00e4hrt.\" \/>\n<meta name=\"robots\" content=\"index, follow, max-snippet:-1, max-image-preview:large, max-video-preview:-1\" \/>\n<link rel=\"canonical\" href=\"https:\/\/www.iplay.com\/de\/games\/the-artifact-of-the-pharaoh-solitaire\/\" \/>\n<meta property=\"og:locale\" content=\"de_DE\" \/>\n<meta property=\"og:type\" content=\"article\" \/>\n<meta property=\"og:title\" content=\"The Artifact of the Pharaoh Solitaire\" \/>\n<meta property=\"og:description\" content=\"Ein uraltes, mysteri\u00f6ses Artefakt wird von einem Pharao verwendet, um zu verhindern, dass seinem Volk eine Trag\u00f6die widerf\u00e4hrt.\" \/>\n<meta property=\"og:url\" content=\"https:\/\/www.iplay.com\/de\/games\/the-artifact-of-the-pharaoh-solitaire\/\" \/>\n<meta property=\"og:site_name\" content=\"IPlay\" \/>\n<meta property=\"og:image\" content=\"https:\/\/www.iplay.com\/wp-content\/uploads\/2023\/12\/large_square_tile_image-2716.jpg\" \/>\n\t<meta property=\"og:image:width\" content=\"310\" \/>\n\t<meta property=\"og:image:height\" content=\"310\" \/>\n\t<meta property=\"og:image:type\" content=\"image\/jpeg\" \/>\n<meta name=\"twitter:card\" content=\"summary_large_image\" \/>\n<meta name=\"twitter:label1\" content=\"Gesch\u00e4tzte Lesezeit\" \/>\n\t<meta name=\"twitter:data1\" content=\"1 Minute\" \/>\n<script type=\"application\/ld+json\" class=\"yoast-schema-graph\">{\"@context\":\"https:\/\/schema.org\",\"@graph\":[{\"@type\":\"WebPage\",\"@id\":\"https:\/\/www.iplay.com\/de\/games\/the-artifact-of-the-pharaoh-solitaire\/\",\"url\":\"https:\/\/www.iplay.com\/de\/games\/the-artifact-of-the-pharaoh-solitaire\/\",\"name\":\"Das Artefakt des Pharaos Solit\u00e4r - Pharao \u00fcbt uralte Macht in einem mystischen Abenteuer aus\",\"isPartOf\":{\"@id\":\"https:\/\/www.iplay.com\/en\/#website\"},\"primaryImageOfPage\":{\"@id\":\"https:\/\/www.iplay.com\/de\/games\/the-artifact-of-the-pharaoh-solitaire\/#primaryimage\"},\"image\":{\"@id\":\"https:\/\/www.iplay.com\/de\/games\/the-artifact-of-the-pharaoh-solitaire\/#primaryimage\"},\"thumbnailUrl\":\"https:\/\/www.iplay.com\/wp-content\/uploads\/2023\/12\/large_square_tile_image-2716.jpg\",\"datePublished\":\"2020-04-22T00:00:00+00:00\",\"description\":\"Ein uraltes, mysteri\u00f6ses Artefakt wird von einem Pharao verwendet, um zu verhindern, dass seinem Volk eine Trag\u00f6die widerf\u00e4hrt.\",\"breadcrumb\":{\"@id\":\"https:\/\/www.iplay.com\/de\/games\/the-artifact-of-the-pharaoh-solitaire\/#breadcrumb\"},\"inLanguage\":\"de-DE\",\"potentialAction\":[{\"@type\":\"ReadAction\",\"target\":[\"https:\/\/www.iplay.com\/de\/games\/the-artifact-of-the-pharaoh-solitaire\/\"]}]},{\"@type\":\"ImageObject\",\"inLanguage\":\"de-DE\",\"@id\":\"https:\/\/www.iplay.com\/de\/games\/the-artifact-of-the-pharaoh-solitaire\/#primaryimage\",\"url\":\"https:\/\/www.iplay.com\/wp-content\/uploads\/2023\/12\/large_square_tile_image-2716.jpg\",\"contentUrl\":\"https:\/\/www.iplay.com\/wp-content\/uploads\/2023\/12\/large_square_tile_image-2716.jpg\",\"width\":310,\"height\":310},{\"@type\":\"BreadcrumbList\",\"@id\":\"https:\/\/www.iplay.com\/de\/games\/the-artifact-of-the-pharaoh-solitaire\/#breadcrumb\",\"itemListElement\":[{\"@type\":\"ListItem\",\"position\":1,\"name\":\"Home\",\"item\":\"https:\/\/www.iplay.com\/de\/home-page-2\/\"},{\"@type\":\"ListItem\",\"position\":2,\"name\":\"Shop\",\"item\":\"https:\/\/www.iplay.com\/en\/shop\/\"},{\"@type\":\"ListItem\",\"position\":3,\"name\":\"The Artifact of the Pharaoh Solitaire\"}]},{\"@type\":\"WebSite\",\"@id\":\"https:\/\/www.iplay.com\/en\/#website\",\"url\":\"https:\/\/www.iplay.com\/en\/\",\"name\":\"IPlay\",\"description\":\"The Best Casual Games!\",\"publisher\":{\"@id\":\"https:\/\/www.iplay.com\/en\/#organization\"},\"potentialAction\":[{\"@type\":\"SearchAction\",\"target\":{\"@type\":\"EntryPoint\",\"urlTemplate\":\"https:\/\/www.iplay.com\/en\/?s={search_term_string}\"},\"query-input\":{\"@type\":\"PropertyValueSpecification\",\"valueRequired\":true,\"valueName\":\"search_term_string\"}}],\"inLanguage\":\"de-DE\"},{\"@type\":\"Organization\",\"@id\":\"https:\/\/www.iplay.com\/en\/#organization\",\"name\":\"IPlay\",\"url\":\"https:\/\/www.iplay.com\/en\/\",\"logo\":{\"@type\":\"ImageObject\",\"inLanguage\":\"de-DE\",\"@id\":\"https:\/\/www.iplay.com\/en\/#\/schema\/logo\/image\/\",\"url\":\"https:\/\/www.iplay.com\/wp-content\/uploads\/2023\/11\/Group-6100.svg\",\"contentUrl\":\"https:\/\/www.iplay.com\/wp-content\/uploads\/2023\/11\/Group-6100.svg\",\"width\":98,\"height\":25,\"caption\":\"IPlay\"},\"image\":{\"@id\":\"https:\/\/www.iplay.com\/en\/#\/schema\/logo\/image\/\"}}]}<\/script>\n<!-- \/ Yoast SEO Premium plugin. -->","yoast_head_json":{"title":"Das Artefakt des Pharaos Solit\u00e4r - Pharao \u00fcbt uralte Macht in einem mystischen Abenteuer aus","description":"Ein uraltes, mysteri\u00f6ses Artefakt wird von einem Pharao verwendet, um zu verhindern, dass seinem Volk eine Trag\u00f6die widerf\u00e4hrt.","robots":{"index":"index","follow":"follow","max-snippet":"max-snippet:-1","max-image-preview":"max-image-preview:large","max-video-preview":"max-video-preview:-1"},"canonical":"https:\/\/www.iplay.com\/de\/games\/the-artifact-of-the-pharaoh-solitaire\/","og_locale":"de_DE","og_type":"article","og_title":"The Artifact of the Pharaoh Solitaire","og_description":"Ein uraltes, mysteri\u00f6ses Artefakt wird von einem Pharao verwendet, um zu verhindern, dass seinem Volk eine Trag\u00f6die widerf\u00e4hrt.","og_url":"https:\/\/www.iplay.com\/de\/games\/the-artifact-of-the-pharaoh-solitaire\/","og_site_name":"IPlay","og_image":[{"width":310,"height":310,"url":"https:\/\/www.iplay.com\/wp-content\/uploads\/2023\/12\/large_square_tile_image-2716.jpg","type":"image\/jpeg"}],"twitter_card":"summary_large_image","twitter_misc":{"Gesch\u00e4tzte Lesezeit":"1 Minute"},"schema":{"@context":"https:\/\/schema.org","@graph":[{"@type":"WebPage","@id":"https:\/\/www.iplay.com\/de\/games\/the-artifact-of-the-pharaoh-solitaire\/","url":"https:\/\/www.iplay.com\/de\/games\/the-artifact-of-the-pharaoh-solitaire\/","name":"Das Artefakt des Pharaos Solit\u00e4r - Pharao \u00fcbt uralte Macht in einem mystischen Abenteuer aus","isPartOf":{"@id":"https:\/\/www.iplay.com\/en\/#website"},"primaryImageOfPage":{"@id":"https:\/\/www.iplay.com\/de\/games\/the-artifact-of-the-pharaoh-solitaire\/#primaryimage"},"image":{"@id":"https:\/\/www.iplay.com\/de\/games\/the-artifact-of-the-pharaoh-solitaire\/#primaryimage"},"thumbnailUrl":"https:\/\/www.iplay.com\/wp-content\/uploads\/2023\/12\/large_square_tile_image-2716.jpg","datePublished":"2020-04-22T00:00:00+00:00","description":"Ein uraltes, mysteri\u00f6ses Artefakt wird von einem Pharao verwendet, um zu verhindern, dass seinem Volk eine Trag\u00f6die widerf\u00e4hrt.","breadcrumb":{"@id":"https:\/\/www.iplay.com\/de\/games\/the-artifact-of-the-pharaoh-solitaire\/#breadcrumb"},"inLanguage":"de-DE","potentialAction":[{"@type":"ReadAction","target":["https:\/\/www.iplay.com\/de\/games\/the-artifact-of-the-pharaoh-solitaire\/"]}]},{"@type":"ImageObject","inLanguage":"de-DE","@id":"https:\/\/www.iplay.com\/de\/games\/the-artifact-of-the-pharaoh-solitaire\/#primaryimage","url":"https:\/\/www.iplay.com\/wp-content\/uploads\/2023\/12\/large_square_tile_image-2716.jpg","contentUrl":"https:\/\/www.iplay.com\/wp-content\/uploads\/2023\/12\/large_square_tile_image-2716.jpg","width":310,"height":310},{"@type":"BreadcrumbList","@id":"https:\/\/www.iplay.com\/de\/games\/the-artifact-of-the-pharaoh-solitaire\/#breadcrumb","itemListElement":[{"@type":"ListItem","position":1,"name":"Home","item":"https:\/\/www.iplay.com\/de\/home-page-2\/"},{"@type":"ListItem","position":2,"name":"Shop","item":"https:\/\/www.iplay.com\/en\/shop\/"},{"@type":"ListItem","position":3,"name":"The Artifact of the Pharaoh Solitaire"}]},{"@type":"WebSite","@id":"https:\/\/www.iplay.com\/en\/#website","url":"https:\/\/www.iplay.com\/en\/","name":"IPlay","description":"The Best Casual Games!","publisher":{"@id":"https:\/\/www.iplay.com\/en\/#organization"},"potentialAction":[{"@type":"SearchAction","target":{"@type":"EntryPoint","urlTemplate":"https:\/\/www.iplay.com\/en\/?s={search_term_string}"},"query-input":{"@type":"PropertyValueSpecification","valueRequired":true,"valueName":"search_term_string"}}],"inLanguage":"de-DE"},{"@type":"Organization","@id":"https:\/\/www.iplay.com\/en\/#organization","name":"IPlay","url":"https:\/\/www.iplay.com\/en\/","logo":{"@type":"ImageObject","inLanguage":"de-DE","@id":"https:\/\/www.iplay.com\/en\/#\/schema\/logo\/image\/","url":"https:\/\/www.iplay.com\/wp-content\/uploads\/2023\/11\/Group-6100.svg","contentUrl":"https:\/\/www.iplay.com\/wp-content\/uploads\/2023\/11\/Group-6100.svg","width":98,"height":25,"caption":"IPlay"},"image":{"@id":"https:\/\/www.iplay.com\/en\/#\/schema\/logo\/image\/"}}]}},"_links":{"self":[{"href":"https:\/\/www.iplay.com\/de\/wp-json\/wp\/v2\/product\/139207","targetHints":{"allow":["GET"]}}],"collection":[{"href":"https:\/\/www.iplay.com\/de\/wp-json\/wp\/v2\/product"}],"about":[{"href":"https:\/\/www.iplay.com\/de\/wp-json\/wp\/v2\/types\/product"}],"author":[{"embeddable":true,"href":"https:\/\/www.iplay.com\/de\/wp-json\/wp\/v2\/users\/50"}],"replies":[{"embeddable":true,"href":"https:\/\/www.iplay.com\/de\/wp-json\/wp\/v2\/comments?post=139207"}],"wp:featuredmedia":[{"embeddable":true,"href":"https:\/\/www.iplay.com\/de\/wp-json\/wp\/v2\/media\/83304"}],"wp:attachment":[{"href":"https:\/\/www.iplay.com\/de\/wp-json\/wp\/v2\/media?parent=139207"}],"wp:term":[{"taxonomy":"product_brand","embeddable":true,"href":"https:\/\/www.iplay.com\/de\/wp-json\/wp\/v2\/product_brand?post=139207"},{"taxonomy":"product_cat","embeddable":true,"href":"https:\/\/www.iplay.com\/de\/wp-json\/wp\/v2\/product_cat?post=139207"},{"taxonomy":"product_tag","embeddable":true,"href":"https:\/\/www.iplay.com\/de\/wp-json\/wp\/v2\/product_tag?post=139207"}],"curies":[{"name":"wp","href":"https:\/\/api.w.org\/{rel}","templated":true}]}}