{"id":139103,"date":"2025-07-04T09:00:11","date_gmt":"2025-07-04T09:00:11","guid":{"rendered":"https:\/\/www.iplay.com\/?post_type=product&p=139103"},"modified":"2025-07-04T09:30:11","modified_gmt":"2025-07-04T09:30:11","slug":"clutter-18-joes-ultimate-challenge-collectors-edition","status":"publish","type":"product","link":"https:\/\/www.iplay.com\/de\/games\/clutter-18-joes-ultimate-challenge-collectors-edition\/","title":{"rendered":"Clutter 18: Joe&#8217;s Ultimate Challenge &#8211; Collector&#8217;s Edition"},"content":{"rendered":"<p class=\"whitespace-normal break-words ai-optimize-32 ai-optimize-introduction\">Du l\u00f6st \u00fcber 1800 verschiedene R\u00e4tsel in diesem aufregenden Unordnungsspiel. Du spielst neue R\u00e4tseltypen wie Block Puzzles und Split Takes. Sie genie\u00dfen auch Lieblingsspiele wie Sliders, Square Jigsaws und Box Quotes.  <\/p>\n<p class=\"whitespace-normal break-words ai-optimize-33\">Du bew\u00e4ltigst die 100-Level-Hauptquest f\u00fcr die gr\u00f6\u00dfte Herausforderung. Du kannst auch im No-Motion Old-School-Bereich spielen, um ein ruhigeres Erlebnis zu haben. Sie erhalten neue Versionen von Pop-Ups und Clutter Pics, die Ihre F\u00e4higkeiten auf die Probe stellen.  <\/p>\n<p class=\"whitespace-normal break-words ai-optimize-34\">Du h\u00f6rst Joes film\u00e4hnliche Musik, w\u00e4hrend du spielst. Du kannst deine Lieblingslevel markieren und sie jederzeit wieder spielen. Du erh\u00e4ltst zuf\u00e4llige Herausforderungen, die dir endlosen Spa\u00df bereiten.  <\/p>\n<p>&nbsp;<\/p>\n<p class=\"whitespace-normal break-words ai-optimize-35\"><strong>Funktionen<\/strong><\/p>\n<ul class=\"[&amp;:not(:last-child)_ul]:pb-1 [&amp;:not(:last-child)_ol]:pb-1 list-disc space-y-1.5 pl-7\">\n<li class=\"whitespace-normal break-words ai-optimize-36\">Mehr als 1800 einzigartige Levels, darunter eine riesige Hauptquest mit 100 Stufen<\/li>\n<li class=\"whitespace-normal break-words ai-optimize-37\">Brandneue R\u00e4tseltypen wie Blockr\u00e4tsel und Split Takes<\/li>\n<li class=\"whitespace-normal break-words ai-optimize-38\">Klassische Clutter-Spiele mit kreativen neuen Wendungen<\/li>\n<li class=\"whitespace-normal break-words ai-optimize-39\">Hunderte von Bilderr\u00e4tseln und \u00fcber 200 Box Zitate<\/li>\n<li class=\"whitespace-normal break-words ai-optimize-40\">Zuf\u00e4llige Herausforderungen, die dich ewig spielen lassen<\/li>\n<li class=\"whitespace-normal break-words ai-optimize-41\">No-Motion Old-School-Bereich f\u00fcr Spieler, die ein langsameres Tempo bevorzugen<\/li>\n<li class=\"whitespace-normal break-words ai-optimize-42\">Joes handverlesene Musik mit gro\u00dfartigem film\u00e4hnlichem Sound<\/li>\n<\/ul>\n<p>&nbsp;<\/p>\n<p class=\"whitespace-normal break-words ai-optimize-43\">Du entscheidest, welche R\u00e4tsel du spielst und kannst deine Favoriten jederzeit erneut spielen.<\/p>\n","protected":false},"excerpt":{"rendered":"<p>Mach dich bereit f\u00fcr Joes kniffligste Herausforderung \u2013 Clutters wildeste Fahrt aller Zeiten!<\/p>\n","protected":false},"author":41,"featured_media":139098,"comment_status":"open","ping_status":"closed","template":"","meta":{"_acf_changed":false,"inline_featured_image":false},"product_brand":[],"product_cat":[160,164,176],"product_tag":[289],"class_list":{"0":"post-139103","1":"product","2":"type-product","3":"status-publish","4":"has-post-thumbnail","6":"product_cat-clutter-series-de","7":"product_cat-hidden-object-de","8":"product_cat-match-3-de","9":"product_tag-play-on-pc-de","11":"first","12":"instock","13":"shipping-taxable","14":"purchasable","15":"product-type-simple"},"acf":[],"yoast_head":"<!-- This site is optimized with the Yoast SEO Premium plugin v25.2 (Yoast SEO v25.2) - https:\/\/yoast.com\/wordpress\/plugins\/seo\/ -->\n<title>Clutter 18: Joes bisher kniffligste Herausforderung<\/title>\n<meta name=\"description\" content=\"Mach dich bereit f\u00fcr Joes kniffligste Herausforderung \u2013 Clutters wildeste Fahrt aller Zeiten!\" \/>\n<meta name=\"robots\" content=\"index, follow, max-snippet:-1, max-image-preview:large, max-video-preview:-1\" \/>\n<link rel=\"canonical\" href=\"https:\/\/www.iplay.com\/en\/games\/clutter-18-joes-ultimate-challenge-collectors-edition\/\" \/>\n<meta property=\"og:locale\" content=\"de_DE\" \/>\n<meta property=\"og:type\" content=\"article\" \/>\n<meta property=\"og:title\" content=\"Clutter 18: Joe&#039;s Ultimate Challenge - Collector&#039;s Edition\" \/>\n<meta property=\"og:description\" content=\"Mach dich bereit f\u00fcr Joes kniffligste Herausforderung \u2013 Clutters wildeste Fahrt aller Zeiten!\" \/>\n<meta property=\"og:url\" content=\"https:\/\/www.iplay.com\/en\/games\/clutter-18-joes-ultimate-challenge-collectors-edition\/\" \/>\n<meta property=\"og:site_name\" content=\"IPlay\" \/>\n<meta property=\"article:modified_time\" content=\"2025-07-04T09:30:11+00:00\" \/>\n<meta property=\"og:image\" content=\"https:\/\/www.iplay.com\/wp-content\/uploads\/2025\/06\/clutter_18_-_joes_ultimate_challenge_ce_large_video_screenshot.webp\" \/>\n\t<meta property=\"og:image:width\" content=\"715\" \/>\n\t<meta property=\"og:image:height\" content=\"485\" \/>\n\t<meta property=\"og:image:type\" content=\"image\/webp\" \/>\n<meta name=\"twitter:card\" content=\"summary_large_image\" \/>\n<meta name=\"twitter:label1\" content=\"Gesch\u00e4tzte Lesezeit\" \/>\n\t<meta name=\"twitter:data1\" content=\"1 Minute\" \/>\n<script type=\"application\/ld+json\" class=\"yoast-schema-graph\">{\"@context\":\"https:\/\/schema.org\",\"@graph\":[{\"@type\":\"WebPage\",\"@id\":\"https:\/\/www.iplay.com\/en\/games\/clutter-18-joes-ultimate-challenge-collectors-edition\/\",\"url\":\"https:\/\/www.iplay.com\/en\/games\/clutter-18-joes-ultimate-challenge-collectors-edition\/\",\"name\":\"Clutter 18: Joes bisher kniffligste Herausforderung\",\"isPartOf\":{\"@id\":\"https:\/\/www.iplay.com\/en\/#website\"},\"primaryImageOfPage\":{\"@id\":\"https:\/\/www.iplay.com\/en\/games\/clutter-18-joes-ultimate-challenge-collectors-edition\/#primaryimage\"},\"image\":{\"@id\":\"https:\/\/www.iplay.com\/en\/games\/clutter-18-joes-ultimate-challenge-collectors-edition\/#primaryimage\"},\"thumbnailUrl\":\"https:\/\/www.iplay.com\/wp-content\/uploads\/2025\/06\/clutter_18_-_joes_ultimate_challenge_ce_large_square_tile_image.webp\",\"datePublished\":\"2025-07-04T09:00:11+00:00\",\"dateModified\":\"2025-07-04T09:30:11+00:00\",\"description\":\"Mach dich bereit f\u00fcr Joes kniffligste Herausforderung \u2013 Clutters wildeste Fahrt aller Zeiten!\",\"breadcrumb\":{\"@id\":\"https:\/\/www.iplay.com\/en\/games\/clutter-18-joes-ultimate-challenge-collectors-edition\/#breadcrumb\"},\"inLanguage\":\"de-DE\",\"potentialAction\":[{\"@type\":\"ReadAction\",\"target\":[\"https:\/\/www.iplay.com\/en\/games\/clutter-18-joes-ultimate-challenge-collectors-edition\/\"]}]},{\"@type\":\"ImageObject\",\"inLanguage\":\"de-DE\",\"@id\":\"https:\/\/www.iplay.com\/en\/games\/clutter-18-joes-ultimate-challenge-collectors-edition\/#primaryimage\",\"url\":\"https:\/\/www.iplay.com\/wp-content\/uploads\/2025\/06\/clutter_18_-_joes_ultimate_challenge_ce_large_square_tile_image.webp\",\"contentUrl\":\"https:\/\/www.iplay.com\/wp-content\/uploads\/2025\/06\/clutter_18_-_joes_ultimate_challenge_ce_large_square_tile_image.webp\",\"width\":310,\"height\":310},{\"@type\":\"BreadcrumbList\",\"@id\":\"https:\/\/www.iplay.com\/en\/games\/clutter-18-joes-ultimate-challenge-collectors-edition\/#breadcrumb\",\"itemListElement\":[{\"@type\":\"ListItem\",\"position\":1,\"name\":\"Home\",\"item\":\"https:\/\/www.iplay.com\/de\/home-page-2\/\"},{\"@type\":\"ListItem\",\"position\":2,\"name\":\"Shop\",\"item\":\"https:\/\/www.iplay.com\/en\/shop\/\"},{\"@type\":\"ListItem\",\"position\":3,\"name\":\"Clutter 18: Joe&#8217;s Ultimate Challenge &#8211; Collector&#8217;s Edition\"}]},{\"@type\":\"WebSite\",\"@id\":\"https:\/\/www.iplay.com\/en\/#website\",\"url\":\"https:\/\/www.iplay.com\/en\/\",\"name\":\"IPlay\",\"description\":\"The Best Casual Games!\",\"publisher\":{\"@id\":\"https:\/\/www.iplay.com\/en\/#organization\"},\"potentialAction\":[{\"@type\":\"SearchAction\",\"target\":{\"@type\":\"EntryPoint\",\"urlTemplate\":\"https:\/\/www.iplay.com\/en\/?s={search_term_string}\"},\"query-input\":{\"@type\":\"PropertyValueSpecification\",\"valueRequired\":true,\"valueName\":\"search_term_string\"}}],\"inLanguage\":\"de-DE\"},{\"@type\":\"Organization\",\"@id\":\"https:\/\/www.iplay.com\/en\/#organization\",\"name\":\"IPlay\",\"url\":\"https:\/\/www.iplay.com\/en\/\",\"logo\":{\"@type\":\"ImageObject\",\"inLanguage\":\"de-DE\",\"@id\":\"https:\/\/www.iplay.com\/en\/#\/schema\/logo\/image\/\",\"url\":\"https:\/\/www.iplay.com\/wp-content\/uploads\/2023\/11\/Group-6100.svg\",\"contentUrl\":\"https:\/\/www.iplay.com\/wp-content\/uploads\/2023\/11\/Group-6100.svg\",\"width\":98,\"height\":25,\"caption\":\"IPlay\"},\"image\":{\"@id\":\"https:\/\/www.iplay.com\/en\/#\/schema\/logo\/image\/\"}}]}<\/script>\n<!-- \/ Yoast SEO Premium plugin. -->","yoast_head_json":{"title":"Clutter 18: Joes bisher kniffligste Herausforderung","description":"Mach dich bereit f\u00fcr Joes kniffligste Herausforderung \u2013 Clutters wildeste Fahrt aller Zeiten!","robots":{"index":"index","follow":"follow","max-snippet":"max-snippet:-1","max-image-preview":"max-image-preview:large","max-video-preview":"max-video-preview:-1"},"canonical":"https:\/\/www.iplay.com\/en\/games\/clutter-18-joes-ultimate-challenge-collectors-edition\/","og_locale":"de_DE","og_type":"article","og_title":"Clutter 18: Joe's Ultimate Challenge - Collector's Edition","og_description":"Mach dich bereit f\u00fcr Joes kniffligste Herausforderung \u2013 Clutters wildeste Fahrt aller Zeiten!","og_url":"https:\/\/www.iplay.com\/en\/games\/clutter-18-joes-ultimate-challenge-collectors-edition\/","og_site_name":"IPlay","article_modified_time":"2025-07-04T09:30:11+00:00","og_image":[{"width":715,"height":485,"url":"https:\/\/www.iplay.com\/wp-content\/uploads\/2025\/06\/clutter_18_-_joes_ultimate_challenge_ce_large_video_screenshot.webp","type":"image\/webp"}],"twitter_card":"summary_large_image","twitter_misc":{"Gesch\u00e4tzte Lesezeit":"1 Minute"},"schema":{"@context":"https:\/\/schema.org","@graph":[{"@type":"WebPage","@id":"https:\/\/www.iplay.com\/en\/games\/clutter-18-joes-ultimate-challenge-collectors-edition\/","url":"https:\/\/www.iplay.com\/en\/games\/clutter-18-joes-ultimate-challenge-collectors-edition\/","name":"Clutter 18: Joes bisher kniffligste Herausforderung","isPartOf":{"@id":"https:\/\/www.iplay.com\/en\/#website"},"primaryImageOfPage":{"@id":"https:\/\/www.iplay.com\/en\/games\/clutter-18-joes-ultimate-challenge-collectors-edition\/#primaryimage"},"image":{"@id":"https:\/\/www.iplay.com\/en\/games\/clutter-18-joes-ultimate-challenge-collectors-edition\/#primaryimage"},"thumbnailUrl":"https:\/\/www.iplay.com\/wp-content\/uploads\/2025\/06\/clutter_18_-_joes_ultimate_challenge_ce_large_square_tile_image.webp","datePublished":"2025-07-04T09:00:11+00:00","dateModified":"2025-07-04T09:30:11+00:00","description":"Mach dich bereit f\u00fcr Joes kniffligste Herausforderung \u2013 Clutters wildeste Fahrt aller Zeiten!","breadcrumb":{"@id":"https:\/\/www.iplay.com\/en\/games\/clutter-18-joes-ultimate-challenge-collectors-edition\/#breadcrumb"},"inLanguage":"de-DE","potentialAction":[{"@type":"ReadAction","target":["https:\/\/www.iplay.com\/en\/games\/clutter-18-joes-ultimate-challenge-collectors-edition\/"]}]},{"@type":"ImageObject","inLanguage":"de-DE","@id":"https:\/\/www.iplay.com\/en\/games\/clutter-18-joes-ultimate-challenge-collectors-edition\/#primaryimage","url":"https:\/\/www.iplay.com\/wp-content\/uploads\/2025\/06\/clutter_18_-_joes_ultimate_challenge_ce_large_square_tile_image.webp","contentUrl":"https:\/\/www.iplay.com\/wp-content\/uploads\/2025\/06\/clutter_18_-_joes_ultimate_challenge_ce_large_square_tile_image.webp","width":310,"height":310},{"@type":"BreadcrumbList","@id":"https:\/\/www.iplay.com\/en\/games\/clutter-18-joes-ultimate-challenge-collectors-edition\/#breadcrumb","itemListElement":[{"@type":"ListItem","position":1,"name":"Home","item":"https:\/\/www.iplay.com\/de\/home-page-2\/"},{"@type":"ListItem","position":2,"name":"Shop","item":"https:\/\/www.iplay.com\/en\/shop\/"},{"@type":"ListItem","position":3,"name":"Clutter 18: Joe&#8217;s Ultimate Challenge &#8211; Collector&#8217;s Edition"}]},{"@type":"WebSite","@id":"https:\/\/www.iplay.com\/en\/#website","url":"https:\/\/www.iplay.com\/en\/","name":"IPlay","description":"The Best Casual Games!","publisher":{"@id":"https:\/\/www.iplay.com\/en\/#organization"},"potentialAction":[{"@type":"SearchAction","target":{"@type":"EntryPoint","urlTemplate":"https:\/\/www.iplay.com\/en\/?s={search_term_string}"},"query-input":{"@type":"PropertyValueSpecification","valueRequired":true,"valueName":"search_term_string"}}],"inLanguage":"de-DE"},{"@type":"Organization","@id":"https:\/\/www.iplay.com\/en\/#organization","name":"IPlay","url":"https:\/\/www.iplay.com\/en\/","logo":{"@type":"ImageObject","inLanguage":"de-DE","@id":"https:\/\/www.iplay.com\/en\/#\/schema\/logo\/image\/","url":"https:\/\/www.iplay.com\/wp-content\/uploads\/2023\/11\/Group-6100.svg","contentUrl":"https:\/\/www.iplay.com\/wp-content\/uploads\/2023\/11\/Group-6100.svg","width":98,"height":25,"caption":"IPlay"},"image":{"@id":"https:\/\/www.iplay.com\/en\/#\/schema\/logo\/image\/"}}]}},"_links":{"self":[{"href":"https:\/\/www.iplay.com\/de\/wp-json\/wp\/v2\/product\/139103","targetHints":{"allow":["GET"]}}],"collection":[{"href":"https:\/\/www.iplay.com\/de\/wp-json\/wp\/v2\/product"}],"about":[{"href":"https:\/\/www.iplay.com\/de\/wp-json\/wp\/v2\/types\/product"}],"author":[{"embeddable":true,"href":"https:\/\/www.iplay.com\/de\/wp-json\/wp\/v2\/users\/41"}],"replies":[{"embeddable":true,"href":"https:\/\/www.iplay.com\/de\/wp-json\/wp\/v2\/comments?post=139103"}],"wp:featuredmedia":[{"embeddable":true,"href":"https:\/\/www.iplay.com\/de\/wp-json\/wp\/v2\/media\/139098"}],"wp:attachment":[{"href":"https:\/\/www.iplay.com\/de\/wp-json\/wp\/v2\/media?parent=139103"}],"wp:term":[{"taxonomy":"product_brand","embeddable":true,"href":"https:\/\/www.iplay.com\/de\/wp-json\/wp\/v2\/product_brand?post=139103"},{"taxonomy":"product_cat","embeddable":true,"href":"https:\/\/www.iplay.com\/de\/wp-json\/wp\/v2\/product_cat?post=139103"},{"taxonomy":"product_tag","embeddable":true,"href":"https:\/\/www.iplay.com\/de\/wp-json\/wp\/v2\/product_tag?post=139103"}],"curies":[{"name":"wp","href":"https:\/\/api.w.org\/{rel}","templated":true}]}}