{"id":138638,"date":"2020-07-29T00:00:00","date_gmt":"2020-07-29T00:00:00","guid":{"rendered":"https:\/\/www.iplay.com\/games\/arabian-treasures-midnight-match\/"},"modified":"2020-07-29T00:00:00","modified_gmt":"2020-07-29T00:00:00","slug":"arabian-treasures-midnight-match","status":"publish","type":"product","link":"https:\/\/www.iplay.com\/de\/games\/arabian-treasures-midnight-match\/","title":{"rendered":"Arabian Treasures: Midnight Match"},"content":{"rendered":"<p>Nach der Landung in Arabien triffst du auf einen Dschinni, der dir bei deiner Suche nach Reichtum helfen will. \u00dcberwinde Hindernisse, rette deine Reicht\u00fcmer und verdiene Spins f\u00fcr den goldenen Ring. In diesem Abenteuer mit 100 Levels musst du dich von einem einsamen Bauern zum Herrscher des Reiches entwickeln. Wirst du der zuk\u00fcnftige Herrscher des K\u00f6nigreichs sein?   <\/p>\n<p>&nbsp;<\/p>\n<p>&nbsp;<\/p>\n<p><strong>Funktionen:<\/strong><\/p>\n<p>&nbsp;<\/p>\n<p>&#8211; Einen Schatzraum schaffen.<\/p>\n<p>&#8211; Spiele dich durch 100 Levels, die alle unterschiedlich sind.<\/p>\n<p>&#8211; Benutzerdefiniertes Artwork und Audio von h\u00f6chster Qualit\u00e4t.<\/p>\n<p>&#8211; Zeitlich f\u00fcr eine zus\u00e4tzliche Herausforderung oder nicht zeitlich begrenzt f\u00fcr die Entspannung.<\/p>\n<p>&#8211; Nehmen Sie innovative Aufgaben an und erzielen Sie Erfolge.<\/p>\n<p>&#8211; Schnelles und reaktionsschnelles Gameplay, das f\u00fcr PCs entwickelt wurde und auch auf Low-End-Hardware gut funktioniert.<\/p>\n","protected":false},"excerpt":{"rendered":"<p>Du entdeckst einen Dschinni, der dir bei deiner Ankunft in Arabien bei deinem Streben nach Reichtum helfen m\u00f6chte.<\/p>\n","protected":false},"author":317,"featured_media":82595,"comment_status":"open","ping_status":"closed","template":"","meta":{"_acf_changed":false,"inline_featured_image":false},"product_brand":[],"product_cat":[194],"product_tag":[],"class_list":{"0":"post-138638","1":"product","2":"type-product","3":"status-publish","4":"has-post-thumbnail","6":"product_cat-puzzle-de","8":"first","9":"instock","10":"shipping-taxable","11":"purchasable","12":"product-type-simple"},"acf":[],"yoast_head":"<!-- This site is optimized with the Yoast SEO Premium plugin v25.2 (Yoast SEO v25.2) - https:\/\/yoast.com\/wordpress\/plugins\/seo\/ -->\n<title>Arabian Treasures: Midnight Match - Nach deiner Ankunft in Arabien findest du einen Dschinni, der dir bei der Suche nach Reicht\u00fcmern hilft<\/title>\n<meta name=\"description\" content=\"Du entdeckst einen Dschinni, der dir bei deiner Ankunft in Arabien bei deinem Streben nach Reichtum helfen m\u00f6chte.\" \/>\n<meta name=\"robots\" content=\"index, follow, max-snippet:-1, max-image-preview:large, max-video-preview:-1\" \/>\n<link rel=\"canonical\" href=\"https:\/\/www.iplay.com\/de\/games\/arabian-treasures-midnight-match\/\" \/>\n<meta property=\"og:locale\" content=\"de_DE\" \/>\n<meta property=\"og:type\" content=\"article\" \/>\n<meta property=\"og:title\" content=\"Arabian Treasures: Midnight Match\" \/>\n<meta property=\"og:description\" content=\"Du entdeckst einen Dschinni, der dir bei deiner Ankunft in Arabien bei deinem Streben nach Reichtum helfen m\u00f6chte.\" \/>\n<meta property=\"og:url\" content=\"https:\/\/www.iplay.com\/de\/games\/arabian-treasures-midnight-match\/\" \/>\n<meta property=\"og:site_name\" content=\"IPlay\" \/>\n<meta property=\"og:image\" content=\"https:\/\/www.iplay.com\/wp-content\/uploads\/2023\/12\/large_square_tile_image-2669.jpg\" \/>\n\t<meta property=\"og:image:width\" content=\"310\" \/>\n\t<meta property=\"og:image:height\" content=\"310\" \/>\n\t<meta property=\"og:image:type\" content=\"image\/jpeg\" \/>\n<meta name=\"twitter:card\" content=\"summary_large_image\" \/>\n<meta name=\"twitter:label1\" content=\"Gesch\u00e4tzte Lesezeit\" \/>\n\t<meta name=\"twitter:data1\" content=\"1 Minute\" \/>\n<script type=\"application\/ld+json\" class=\"yoast-schema-graph\">{\"@context\":\"https:\/\/schema.org\",\"@graph\":[{\"@type\":\"WebPage\",\"@id\":\"https:\/\/www.iplay.com\/de\/games\/arabian-treasures-midnight-match\/\",\"url\":\"https:\/\/www.iplay.com\/de\/games\/arabian-treasures-midnight-match\/\",\"name\":\"Arabian Treasures: Midnight Match - Nach deiner Ankunft in Arabien findest du einen Dschinni, der dir bei der Suche nach Reicht\u00fcmern hilft\",\"isPartOf\":{\"@id\":\"https:\/\/www.iplay.com\/en\/#website\"},\"primaryImageOfPage\":{\"@id\":\"https:\/\/www.iplay.com\/de\/games\/arabian-treasures-midnight-match\/#primaryimage\"},\"image\":{\"@id\":\"https:\/\/www.iplay.com\/de\/games\/arabian-treasures-midnight-match\/#primaryimage\"},\"thumbnailUrl\":\"https:\/\/www.iplay.com\/wp-content\/uploads\/2023\/12\/large_square_tile_image-2669.jpg\",\"datePublished\":\"2020-07-29T00:00:00+00:00\",\"description\":\"Du entdeckst einen Dschinni, der dir bei deiner Ankunft in Arabien bei deinem Streben nach Reichtum helfen m\u00f6chte.\",\"breadcrumb\":{\"@id\":\"https:\/\/www.iplay.com\/de\/games\/arabian-treasures-midnight-match\/#breadcrumb\"},\"inLanguage\":\"de-DE\",\"potentialAction\":[{\"@type\":\"ReadAction\",\"target\":[\"https:\/\/www.iplay.com\/de\/games\/arabian-treasures-midnight-match\/\"]}]},{\"@type\":\"ImageObject\",\"inLanguage\":\"de-DE\",\"@id\":\"https:\/\/www.iplay.com\/de\/games\/arabian-treasures-midnight-match\/#primaryimage\",\"url\":\"https:\/\/www.iplay.com\/wp-content\/uploads\/2023\/12\/large_square_tile_image-2669.jpg\",\"contentUrl\":\"https:\/\/www.iplay.com\/wp-content\/uploads\/2023\/12\/large_square_tile_image-2669.jpg\",\"width\":310,\"height\":310},{\"@type\":\"BreadcrumbList\",\"@id\":\"https:\/\/www.iplay.com\/de\/games\/arabian-treasures-midnight-match\/#breadcrumb\",\"itemListElement\":[{\"@type\":\"ListItem\",\"position\":1,\"name\":\"Home\",\"item\":\"https:\/\/www.iplay.com\/de\/home-page-2\/\"},{\"@type\":\"ListItem\",\"position\":2,\"name\":\"Shop\",\"item\":\"https:\/\/www.iplay.com\/en\/shop\/\"},{\"@type\":\"ListItem\",\"position\":3,\"name\":\"Arabian Treasures: Midnight Match\"}]},{\"@type\":\"WebSite\",\"@id\":\"https:\/\/www.iplay.com\/en\/#website\",\"url\":\"https:\/\/www.iplay.com\/en\/\",\"name\":\"IPlay\",\"description\":\"The Best Casual Games!\",\"publisher\":{\"@id\":\"https:\/\/www.iplay.com\/en\/#organization\"},\"potentialAction\":[{\"@type\":\"SearchAction\",\"target\":{\"@type\":\"EntryPoint\",\"urlTemplate\":\"https:\/\/www.iplay.com\/en\/?s={search_term_string}\"},\"query-input\":{\"@type\":\"PropertyValueSpecification\",\"valueRequired\":true,\"valueName\":\"search_term_string\"}}],\"inLanguage\":\"de-DE\"},{\"@type\":\"Organization\",\"@id\":\"https:\/\/www.iplay.com\/en\/#organization\",\"name\":\"IPlay\",\"url\":\"https:\/\/www.iplay.com\/en\/\",\"logo\":{\"@type\":\"ImageObject\",\"inLanguage\":\"de-DE\",\"@id\":\"https:\/\/www.iplay.com\/en\/#\/schema\/logo\/image\/\",\"url\":\"https:\/\/www.iplay.com\/wp-content\/uploads\/2023\/11\/Group-6100.svg\",\"contentUrl\":\"https:\/\/www.iplay.com\/wp-content\/uploads\/2023\/11\/Group-6100.svg\",\"width\":98,\"height\":25,\"caption\":\"IPlay\"},\"image\":{\"@id\":\"https:\/\/www.iplay.com\/en\/#\/schema\/logo\/image\/\"}}]}<\/script>\n<!-- \/ Yoast SEO Premium plugin. -->","yoast_head_json":{"title":"Arabian Treasures: Midnight Match - Nach deiner Ankunft in Arabien findest du einen Dschinni, der dir bei der Suche nach Reicht\u00fcmern hilft","description":"Du entdeckst einen Dschinni, der dir bei deiner Ankunft in Arabien bei deinem Streben nach Reichtum helfen m\u00f6chte.","robots":{"index":"index","follow":"follow","max-snippet":"max-snippet:-1","max-image-preview":"max-image-preview:large","max-video-preview":"max-video-preview:-1"},"canonical":"https:\/\/www.iplay.com\/de\/games\/arabian-treasures-midnight-match\/","og_locale":"de_DE","og_type":"article","og_title":"Arabian Treasures: Midnight Match","og_description":"Du entdeckst einen Dschinni, der dir bei deiner Ankunft in Arabien bei deinem Streben nach Reichtum helfen m\u00f6chte.","og_url":"https:\/\/www.iplay.com\/de\/games\/arabian-treasures-midnight-match\/","og_site_name":"IPlay","og_image":[{"width":310,"height":310,"url":"https:\/\/www.iplay.com\/wp-content\/uploads\/2023\/12\/large_square_tile_image-2669.jpg","type":"image\/jpeg"}],"twitter_card":"summary_large_image","twitter_misc":{"Gesch\u00e4tzte Lesezeit":"1 Minute"},"schema":{"@context":"https:\/\/schema.org","@graph":[{"@type":"WebPage","@id":"https:\/\/www.iplay.com\/de\/games\/arabian-treasures-midnight-match\/","url":"https:\/\/www.iplay.com\/de\/games\/arabian-treasures-midnight-match\/","name":"Arabian Treasures: Midnight Match - Nach deiner Ankunft in Arabien findest du einen Dschinni, der dir bei der Suche nach Reicht\u00fcmern hilft","isPartOf":{"@id":"https:\/\/www.iplay.com\/en\/#website"},"primaryImageOfPage":{"@id":"https:\/\/www.iplay.com\/de\/games\/arabian-treasures-midnight-match\/#primaryimage"},"image":{"@id":"https:\/\/www.iplay.com\/de\/games\/arabian-treasures-midnight-match\/#primaryimage"},"thumbnailUrl":"https:\/\/www.iplay.com\/wp-content\/uploads\/2023\/12\/large_square_tile_image-2669.jpg","datePublished":"2020-07-29T00:00:00+00:00","description":"Du entdeckst einen Dschinni, der dir bei deiner Ankunft in Arabien bei deinem Streben nach Reichtum helfen m\u00f6chte.","breadcrumb":{"@id":"https:\/\/www.iplay.com\/de\/games\/arabian-treasures-midnight-match\/#breadcrumb"},"inLanguage":"de-DE","potentialAction":[{"@type":"ReadAction","target":["https:\/\/www.iplay.com\/de\/games\/arabian-treasures-midnight-match\/"]}]},{"@type":"ImageObject","inLanguage":"de-DE","@id":"https:\/\/www.iplay.com\/de\/games\/arabian-treasures-midnight-match\/#primaryimage","url":"https:\/\/www.iplay.com\/wp-content\/uploads\/2023\/12\/large_square_tile_image-2669.jpg","contentUrl":"https:\/\/www.iplay.com\/wp-content\/uploads\/2023\/12\/large_square_tile_image-2669.jpg","width":310,"height":310},{"@type":"BreadcrumbList","@id":"https:\/\/www.iplay.com\/de\/games\/arabian-treasures-midnight-match\/#breadcrumb","itemListElement":[{"@type":"ListItem","position":1,"name":"Home","item":"https:\/\/www.iplay.com\/de\/home-page-2\/"},{"@type":"ListItem","position":2,"name":"Shop","item":"https:\/\/www.iplay.com\/en\/shop\/"},{"@type":"ListItem","position":3,"name":"Arabian Treasures: Midnight Match"}]},{"@type":"WebSite","@id":"https:\/\/www.iplay.com\/en\/#website","url":"https:\/\/www.iplay.com\/en\/","name":"IPlay","description":"The Best Casual Games!","publisher":{"@id":"https:\/\/www.iplay.com\/en\/#organization"},"potentialAction":[{"@type":"SearchAction","target":{"@type":"EntryPoint","urlTemplate":"https:\/\/www.iplay.com\/en\/?s={search_term_string}"},"query-input":{"@type":"PropertyValueSpecification","valueRequired":true,"valueName":"search_term_string"}}],"inLanguage":"de-DE"},{"@type":"Organization","@id":"https:\/\/www.iplay.com\/en\/#organization","name":"IPlay","url":"https:\/\/www.iplay.com\/en\/","logo":{"@type":"ImageObject","inLanguage":"de-DE","@id":"https:\/\/www.iplay.com\/en\/#\/schema\/logo\/image\/","url":"https:\/\/www.iplay.com\/wp-content\/uploads\/2023\/11\/Group-6100.svg","contentUrl":"https:\/\/www.iplay.com\/wp-content\/uploads\/2023\/11\/Group-6100.svg","width":98,"height":25,"caption":"IPlay"},"image":{"@id":"https:\/\/www.iplay.com\/en\/#\/schema\/logo\/image\/"}}]}},"_links":{"self":[{"href":"https:\/\/www.iplay.com\/de\/wp-json\/wp\/v2\/product\/138638","targetHints":{"allow":["GET"]}}],"collection":[{"href":"https:\/\/www.iplay.com\/de\/wp-json\/wp\/v2\/product"}],"about":[{"href":"https:\/\/www.iplay.com\/de\/wp-json\/wp\/v2\/types\/product"}],"author":[{"embeddable":true,"href":"https:\/\/www.iplay.com\/de\/wp-json\/wp\/v2\/users\/317"}],"replies":[{"embeddable":true,"href":"https:\/\/www.iplay.com\/de\/wp-json\/wp\/v2\/comments?post=138638"}],"wp:featuredmedia":[{"embeddable":true,"href":"https:\/\/www.iplay.com\/de\/wp-json\/wp\/v2\/media\/82595"}],"wp:attachment":[{"href":"https:\/\/www.iplay.com\/de\/wp-json\/wp\/v2\/media?parent=138638"}],"wp:term":[{"taxonomy":"product_brand","embeddable":true,"href":"https:\/\/www.iplay.com\/de\/wp-json\/wp\/v2\/product_brand?post=138638"},{"taxonomy":"product_cat","embeddable":true,"href":"https:\/\/www.iplay.com\/de\/wp-json\/wp\/v2\/product_cat?post=138638"},{"taxonomy":"product_tag","embeddable":true,"href":"https:\/\/www.iplay.com\/de\/wp-json\/wp\/v2\/product_tag?post=138638"}],"curies":[{"name":"wp","href":"https:\/\/api.w.org\/{rel}","templated":true}]}}