{"id":138584,"date":"2020-04-26T00:00:00","date_gmt":"2020-04-26T00:00:00","guid":{"rendered":"https:\/\/www.iplay.com\/games\/legendary-mosaics-the-dwarf-and-the-terrible-cat\/"},"modified":"2020-04-26T00:00:00","modified_gmt":"2020-04-26T00:00:00","slug":"legendary-mosaics-the-dwarf-and-the-terrible-cat","status":"publish","type":"product","link":"https:\/\/www.iplay.com\/de\/games\/legendary-mosaics-the-dwarf-and-the-terrible-cat\/","title":{"rendered":"Legendary Mosaics: the Dwarf and the Terrible Cat"},"content":{"rendered":"<p>Die Sonne schien nicht, die V\u00f6gel sangen nicht, die Blumen bl\u00fchten nicht, und die normalerweise energetisierende Luft des verzauberten Waldes f\u00fchlte sich an diesem Morgen im verzauberten Wald schal an. Irgendetwas stimmte nicht. Eine Schriftrolle, die im Gras herumlag, wurde von einem einheimischen Zwerg entdeckt, der tags\u00fcber im Wald arbeitete. Das war keine gew\u00f6hnliche Schriftrolle, sondern die Fee, die um Hilfe flehte! Feen waren die einzigen Kreaturen, die in der Lage waren, den b\u00f6sen Zauber zu brechen, aber der Zauberer hatte sie in seinen dunklen Kristallen gefangen gehalten. Es stellt sich heraus, dass der b\u00f6se Zauberer des Waldes einen unheimlichen Zauber ausge\u00fcbt hat, der alles in einen Zustand permanenter Dunkelheit versetzt hat. Die kleine Fee gab unserem Zwerg den Auftrag, die 14 Kristalle zu finden und die Feen zu befreien, weil sie erkannte, dass derjenige, der diese Schriftrolle bekommt, ihre einzige Hoffnung ist. Der staunende Zwerg ist bereit, seine Rettungsaktion zu starten! Es wird jedoch nicht einfach sein; Er muss sich in die Tiefen des Waldes wagen, herausfordernde R\u00e4tsel l\u00f6sen, die Feen befreien und ihnen helfen, den b\u00f6sen Zauber aufzuheben. Nat\u00fcrlich braucht unser Freund einen treuen Begleiter f\u00fcr eine so herausfordernde Mission! Und wer k\u00f6nnte ihm mehr helfen als die schreckliche Katze? Das gerissene, aber fiese Monster ist bereit, dem Zwerg zu helfen, eine Vielzahl von Hindernissen zu \u00fcberwinden, mit den hartn\u00e4ckigsten Waldbewohnern zu feilschen und die kniffligsten R\u00e4tsel zu l\u00f6sen! Schlie\u00dfen Sie sich diesem unglaublichen Paar an und versuchen Sie, die Probleme zu l\u00f6sen. Es wird ein unvergessliches Erlebnis! Eine der Funktionen ist, dass es sowohl bei Tag als auch bei Nacht gespielt werden kann. \u00c4ndern Sie das Erscheinungsbild der Kacheln und des Hintergrunds nach Belieben.               W\u00e4hlen Sie aus 12 verschiedenen Kachelstilen und 12 Hintergrundmustern.<\/p>\n<p>&nbsp;<\/p>\n<p>&nbsp;<\/p>\n<p><strong>  Funktionen:<\/strong><\/p>\n<p>&nbsp;<\/p>\n<p>&#8211; Fr\u00f6hliche Grafik, Bewegung und Audio zur Begr\u00fc\u00dfung&#8230;<\/p>\n<p>&#8211; Es stehen vier Schwierigkeitsstufen zur Verf\u00fcgung, die von einfachem einfarbigem Spiel \u00fcber intensiven Farbwechsel (bis zu sechs Farben) bis hin zu einem klaren, intuitiven Zen-Modus reichen.<\/p>\n<p>&#8211; Einhundert farbcodierte Nonogramme plus weitere vierzig Nonogramme.<br \/>\n&#8211; Geheimnisvolle, halbabstrakte Urlaubsfotos, die auf Schritt und Tritt<br \/>\n enth\u00fcllt werden &#8211; Eine Menge Freude und viel Sch\u00f6nheit<\/p>\n","protected":false},"excerpt":{"rendered":"<p>Komm vorbei und l\u00f6se die Probleme mit diesem erstaunlichen Zwerg und dieser Katze!<\/p>\n","protected":false},"author":14,"featured_media":91157,"comment_status":"open","ping_status":"closed","template":"","meta":{"_acf_changed":false,"inline_featured_image":false},"product_brand":[],"product_cat":[194],"product_tag":[],"class_list":{"0":"post-138584","1":"product","2":"type-product","3":"status-publish","4":"has-post-thumbnail","6":"product_cat-puzzle-de","8":"first","9":"instock","10":"shipping-taxable","11":"purchasable","12":"product-type-simple"},"acf":[],"yoast_head":"<!-- This site is optimized with the Yoast SEO Premium plugin v25.2 (Yoast SEO v25.2) - https:\/\/yoast.com\/wordpress\/plugins\/seo\/ -->\n<title>Legend\u00e4re Mosaike: Der Zwerg und die schreckliche Katze - Begib dich mit einem au\u00dfergew\u00f6hnlichen Zwergen- und Katzenduo auf R\u00e4tsel<\/title>\n<meta name=\"description\" content=\"Komm vorbei und l\u00f6se die Probleme mit diesem erstaunlichen Zwerg und dieser Katze!\" \/>\n<meta name=\"robots\" content=\"index, follow, max-snippet:-1, max-image-preview:large, max-video-preview:-1\" \/>\n<link rel=\"canonical\" href=\"https:\/\/www.iplay.com\/de\/games\/legendary-mosaics-the-dwarf-and-the-terrible-cat\/\" \/>\n<meta property=\"og:locale\" content=\"de_DE\" \/>\n<meta property=\"og:type\" content=\"article\" \/>\n<meta property=\"og:title\" content=\"Legendary Mosaics: the Dwarf and the Terrible Cat\" \/>\n<meta property=\"og:description\" content=\"Komm vorbei und l\u00f6se die Probleme mit diesem erstaunlichen Zwerg und dieser Katze!\" \/>\n<meta property=\"og:url\" content=\"https:\/\/www.iplay.com\/de\/games\/legendary-mosaics-the-dwarf-and-the-terrible-cat\/\" \/>\n<meta property=\"og:site_name\" content=\"IPlay\" \/>\n<meta property=\"og:image\" content=\"https:\/\/www.iplay.com\/wp-content\/uploads\/2023\/12\/large_square_tile_image-3212.jpg\" \/>\n\t<meta property=\"og:image:width\" content=\"310\" \/>\n\t<meta property=\"og:image:height\" content=\"310\" \/>\n\t<meta property=\"og:image:type\" content=\"image\/jpeg\" \/>\n<meta name=\"twitter:card\" content=\"summary_large_image\" \/>\n<meta name=\"twitter:label1\" content=\"Gesch\u00e4tzte Lesezeit\" \/>\n\t<meta name=\"twitter:data1\" content=\"2 Minuten\" \/>\n<script type=\"application\/ld+json\" class=\"yoast-schema-graph\">{\"@context\":\"https:\/\/schema.org\",\"@graph\":[{\"@type\":\"WebPage\",\"@id\":\"https:\/\/www.iplay.com\/de\/games\/legendary-mosaics-the-dwarf-and-the-terrible-cat\/\",\"url\":\"https:\/\/www.iplay.com\/de\/games\/legendary-mosaics-the-dwarf-and-the-terrible-cat\/\",\"name\":\"Legend\u00e4re Mosaike: Der Zwerg und die schreckliche Katze - Begib dich mit einem au\u00dfergew\u00f6hnlichen Zwergen- und Katzenduo auf R\u00e4tsel\",\"isPartOf\":{\"@id\":\"https:\/\/www.iplay.com\/en\/#website\"},\"primaryImageOfPage\":{\"@id\":\"https:\/\/www.iplay.com\/de\/games\/legendary-mosaics-the-dwarf-and-the-terrible-cat\/#primaryimage\"},\"image\":{\"@id\":\"https:\/\/www.iplay.com\/de\/games\/legendary-mosaics-the-dwarf-and-the-terrible-cat\/#primaryimage\"},\"thumbnailUrl\":\"https:\/\/www.iplay.com\/wp-content\/uploads\/2023\/12\/large_square_tile_image-3212.jpg\",\"datePublished\":\"2020-04-26T00:00:00+00:00\",\"description\":\"Komm vorbei und l\u00f6se die Probleme mit diesem erstaunlichen Zwerg und dieser Katze!\",\"breadcrumb\":{\"@id\":\"https:\/\/www.iplay.com\/de\/games\/legendary-mosaics-the-dwarf-and-the-terrible-cat\/#breadcrumb\"},\"inLanguage\":\"de-DE\",\"potentialAction\":[{\"@type\":\"ReadAction\",\"target\":[\"https:\/\/www.iplay.com\/de\/games\/legendary-mosaics-the-dwarf-and-the-terrible-cat\/\"]}]},{\"@type\":\"ImageObject\",\"inLanguage\":\"de-DE\",\"@id\":\"https:\/\/www.iplay.com\/de\/games\/legendary-mosaics-the-dwarf-and-the-terrible-cat\/#primaryimage\",\"url\":\"https:\/\/www.iplay.com\/wp-content\/uploads\/2023\/12\/large_square_tile_image-3212.jpg\",\"contentUrl\":\"https:\/\/www.iplay.com\/wp-content\/uploads\/2023\/12\/large_square_tile_image-3212.jpg\",\"width\":310,\"height\":310},{\"@type\":\"BreadcrumbList\",\"@id\":\"https:\/\/www.iplay.com\/de\/games\/legendary-mosaics-the-dwarf-and-the-terrible-cat\/#breadcrumb\",\"itemListElement\":[{\"@type\":\"ListItem\",\"position\":1,\"name\":\"Home\",\"item\":\"https:\/\/www.iplay.com\/de\/home-page-2\/\"},{\"@type\":\"ListItem\",\"position\":2,\"name\":\"Shop\",\"item\":\"https:\/\/www.iplay.com\/en\/shop\/\"},{\"@type\":\"ListItem\",\"position\":3,\"name\":\"Legendary Mosaics: the Dwarf and the Terrible Cat\"}]},{\"@type\":\"WebSite\",\"@id\":\"https:\/\/www.iplay.com\/en\/#website\",\"url\":\"https:\/\/www.iplay.com\/en\/\",\"name\":\"IPlay\",\"description\":\"The Best Casual Games!\",\"publisher\":{\"@id\":\"https:\/\/www.iplay.com\/en\/#organization\"},\"potentialAction\":[{\"@type\":\"SearchAction\",\"target\":{\"@type\":\"EntryPoint\",\"urlTemplate\":\"https:\/\/www.iplay.com\/en\/?s={search_term_string}\"},\"query-input\":{\"@type\":\"PropertyValueSpecification\",\"valueRequired\":true,\"valueName\":\"search_term_string\"}}],\"inLanguage\":\"de-DE\"},{\"@type\":\"Organization\",\"@id\":\"https:\/\/www.iplay.com\/en\/#organization\",\"name\":\"IPlay\",\"url\":\"https:\/\/www.iplay.com\/en\/\",\"logo\":{\"@type\":\"ImageObject\",\"inLanguage\":\"de-DE\",\"@id\":\"https:\/\/www.iplay.com\/en\/#\/schema\/logo\/image\/\",\"url\":\"https:\/\/www.iplay.com\/wp-content\/uploads\/2023\/11\/Group-6100.svg\",\"contentUrl\":\"https:\/\/www.iplay.com\/wp-content\/uploads\/2023\/11\/Group-6100.svg\",\"width\":98,\"height\":25,\"caption\":\"IPlay\"},\"image\":{\"@id\":\"https:\/\/www.iplay.com\/en\/#\/schema\/logo\/image\/\"}}]}<\/script>\n<!-- \/ Yoast SEO Premium plugin. -->","yoast_head_json":{"title":"Legend\u00e4re Mosaike: Der Zwerg und die schreckliche Katze - Begib dich mit einem au\u00dfergew\u00f6hnlichen Zwergen- und Katzenduo auf R\u00e4tsel","description":"Komm vorbei und l\u00f6se die Probleme mit diesem erstaunlichen Zwerg und dieser Katze!","robots":{"index":"index","follow":"follow","max-snippet":"max-snippet:-1","max-image-preview":"max-image-preview:large","max-video-preview":"max-video-preview:-1"},"canonical":"https:\/\/www.iplay.com\/de\/games\/legendary-mosaics-the-dwarf-and-the-terrible-cat\/","og_locale":"de_DE","og_type":"article","og_title":"Legendary Mosaics: the Dwarf and the Terrible Cat","og_description":"Komm vorbei und l\u00f6se die Probleme mit diesem erstaunlichen Zwerg und dieser Katze!","og_url":"https:\/\/www.iplay.com\/de\/games\/legendary-mosaics-the-dwarf-and-the-terrible-cat\/","og_site_name":"IPlay","og_image":[{"width":310,"height":310,"url":"https:\/\/www.iplay.com\/wp-content\/uploads\/2023\/12\/large_square_tile_image-3212.jpg","type":"image\/jpeg"}],"twitter_card":"summary_large_image","twitter_misc":{"Gesch\u00e4tzte Lesezeit":"2 Minuten"},"schema":{"@context":"https:\/\/schema.org","@graph":[{"@type":"WebPage","@id":"https:\/\/www.iplay.com\/de\/games\/legendary-mosaics-the-dwarf-and-the-terrible-cat\/","url":"https:\/\/www.iplay.com\/de\/games\/legendary-mosaics-the-dwarf-and-the-terrible-cat\/","name":"Legend\u00e4re Mosaike: Der Zwerg und die schreckliche Katze - Begib dich mit einem au\u00dfergew\u00f6hnlichen Zwergen- und Katzenduo auf R\u00e4tsel","isPartOf":{"@id":"https:\/\/www.iplay.com\/en\/#website"},"primaryImageOfPage":{"@id":"https:\/\/www.iplay.com\/de\/games\/legendary-mosaics-the-dwarf-and-the-terrible-cat\/#primaryimage"},"image":{"@id":"https:\/\/www.iplay.com\/de\/games\/legendary-mosaics-the-dwarf-and-the-terrible-cat\/#primaryimage"},"thumbnailUrl":"https:\/\/www.iplay.com\/wp-content\/uploads\/2023\/12\/large_square_tile_image-3212.jpg","datePublished":"2020-04-26T00:00:00+00:00","description":"Komm vorbei und l\u00f6se die Probleme mit diesem erstaunlichen Zwerg und dieser Katze!","breadcrumb":{"@id":"https:\/\/www.iplay.com\/de\/games\/legendary-mosaics-the-dwarf-and-the-terrible-cat\/#breadcrumb"},"inLanguage":"de-DE","potentialAction":[{"@type":"ReadAction","target":["https:\/\/www.iplay.com\/de\/games\/legendary-mosaics-the-dwarf-and-the-terrible-cat\/"]}]},{"@type":"ImageObject","inLanguage":"de-DE","@id":"https:\/\/www.iplay.com\/de\/games\/legendary-mosaics-the-dwarf-and-the-terrible-cat\/#primaryimage","url":"https:\/\/www.iplay.com\/wp-content\/uploads\/2023\/12\/large_square_tile_image-3212.jpg","contentUrl":"https:\/\/www.iplay.com\/wp-content\/uploads\/2023\/12\/large_square_tile_image-3212.jpg","width":310,"height":310},{"@type":"BreadcrumbList","@id":"https:\/\/www.iplay.com\/de\/games\/legendary-mosaics-the-dwarf-and-the-terrible-cat\/#breadcrumb","itemListElement":[{"@type":"ListItem","position":1,"name":"Home","item":"https:\/\/www.iplay.com\/de\/home-page-2\/"},{"@type":"ListItem","position":2,"name":"Shop","item":"https:\/\/www.iplay.com\/en\/shop\/"},{"@type":"ListItem","position":3,"name":"Legendary Mosaics: the Dwarf and the Terrible Cat"}]},{"@type":"WebSite","@id":"https:\/\/www.iplay.com\/en\/#website","url":"https:\/\/www.iplay.com\/en\/","name":"IPlay","description":"The Best Casual Games!","publisher":{"@id":"https:\/\/www.iplay.com\/en\/#organization"},"potentialAction":[{"@type":"SearchAction","target":{"@type":"EntryPoint","urlTemplate":"https:\/\/www.iplay.com\/en\/?s={search_term_string}"},"query-input":{"@type":"PropertyValueSpecification","valueRequired":true,"valueName":"search_term_string"}}],"inLanguage":"de-DE"},{"@type":"Organization","@id":"https:\/\/www.iplay.com\/en\/#organization","name":"IPlay","url":"https:\/\/www.iplay.com\/en\/","logo":{"@type":"ImageObject","inLanguage":"de-DE","@id":"https:\/\/www.iplay.com\/en\/#\/schema\/logo\/image\/","url":"https:\/\/www.iplay.com\/wp-content\/uploads\/2023\/11\/Group-6100.svg","contentUrl":"https:\/\/www.iplay.com\/wp-content\/uploads\/2023\/11\/Group-6100.svg","width":98,"height":25,"caption":"IPlay"},"image":{"@id":"https:\/\/www.iplay.com\/en\/#\/schema\/logo\/image\/"}}]}},"_links":{"self":[{"href":"https:\/\/www.iplay.com\/de\/wp-json\/wp\/v2\/product\/138584","targetHints":{"allow":["GET"]}}],"collection":[{"href":"https:\/\/www.iplay.com\/de\/wp-json\/wp\/v2\/product"}],"about":[{"href":"https:\/\/www.iplay.com\/de\/wp-json\/wp\/v2\/types\/product"}],"author":[{"embeddable":true,"href":"https:\/\/www.iplay.com\/de\/wp-json\/wp\/v2\/users\/14"}],"replies":[{"embeddable":true,"href":"https:\/\/www.iplay.com\/de\/wp-json\/wp\/v2\/comments?post=138584"}],"wp:featuredmedia":[{"embeddable":true,"href":"https:\/\/www.iplay.com\/de\/wp-json\/wp\/v2\/media\/91157"}],"wp:attachment":[{"href":"https:\/\/www.iplay.com\/de\/wp-json\/wp\/v2\/media?parent=138584"}],"wp:term":[{"taxonomy":"product_brand","embeddable":true,"href":"https:\/\/www.iplay.com\/de\/wp-json\/wp\/v2\/product_brand?post=138584"},{"taxonomy":"product_cat","embeddable":true,"href":"https:\/\/www.iplay.com\/de\/wp-json\/wp\/v2\/product_cat?post=138584"},{"taxonomy":"product_tag","embeddable":true,"href":"https:\/\/www.iplay.com\/de\/wp-json\/wp\/v2\/product_tag?post=138584"}],"curies":[{"name":"wp","href":"https:\/\/api.w.org\/{rel}","templated":true}]}}