{"id":138551,"date":"2020-07-04T00:00:00","date_gmt":"2020-07-04T00:00:00","guid":{"rendered":"https:\/\/www.iplay.com\/games\/rainbow-mosaics-13-detective-helper\/"},"modified":"2020-07-04T00:00:00","modified_gmt":"2020-07-04T00:00:00","slug":"rainbow-mosaics-13-detective-helper","status":"publish","type":"product","link":"https:\/\/www.iplay.com\/de\/games\/rainbow-mosaics-13-detective-helper\/","title":{"rendered":"Rainbow Mosaics 13: Detective Helper"},"content":{"rendered":"<p>Seid gegr\u00fc\u00dft, liebe Freunde! Helper the Robot von der Helper&#8217;s Agency of Highly Assistance, kurz H.A.H.A., hat diesmal seine Aufgabe f\u00fcr seinen ersten Kunden erfolgreich abgeschlossen. Trotzdem litt Helper unter seiner Unwissenheit. Da der Kunde wie ein Ladendieb aussah, geht man nun davon aus, dass der Roboter in den Diebstahl verwickelt war! Obwohl wir fest davon \u00fcberzeugt sind, dass Helper unschuldig ist, wei\u00df die Polizei nichts von den Umst\u00e4nden, die sich hinter verschlossenen T\u00fcren abspielen. Der Assistent wird in K\u00fcrze festgenommen. Es sei denn, er entscheidet sich, etwas zu tun, um gerettet zu werden. Wie sich diese Geschichte entwickelt, erf\u00e4hrst du, wenn du einschaltest!       <\/p>\n<p>&nbsp;<\/p>\n<p>&nbsp;<\/p>\n<p><strong>Funktionen:<\/strong><\/p>\n<p>&nbsp;<\/p>\n<p>&#8211; Hervorragende Nonogramm-R\u00e4tsel, die auf Logik basieren<\/p>\n<p>&#8211; Mini-Puzzles und Wimmelbild-Sequenzen<\/p>\n<p>&#8211; Eine gro\u00dfe Auswahl an Tile-Skins<\/p>\n<p>&#8211; Eine Reihe von aufr\u00fcstbaren Power-Ups, die dir w\u00e4hrend des Spiels helfen werden<\/p>\n<p>&#8211; Bunte Themenhintergr\u00fcnde sind nur einige der Funktionen.<\/p>\n","protected":false},"excerpt":{"rendered":"<p>L\u00f6se Nonogramme auf, um Helper the Robot bei der Festnahme des T\u00e4ters zu unterst\u00fctzen!<\/p>\n","protected":false},"author":16,"featured_media":82803,"comment_status":"open","ping_status":"closed","template":"","meta":{"_acf_changed":false,"inline_featured_image":false},"product_brand":[],"product_cat":[194],"product_tag":[],"class_list":{"0":"post-138551","1":"product","2":"type-product","3":"status-publish","4":"has-post-thumbnail","6":"product_cat-puzzle-de","8":"first","9":"instock","10":"shipping-taxable","11":"purchasable","12":"product-type-simple"},"acf":[],"yoast_head":"<!-- This site is optimized with the Yoast SEO Premium plugin v25.2 (Yoast SEO v25.2) - https:\/\/yoast.com\/wordpress\/plugins\/seo\/ -->\n<title>Rainbow Mosaics 13: Detective Helper - L\u00f6se Nonogramme, hilf Helper dem Roboter, fange den Verbrecher<\/title>\n<meta name=\"description\" content=\"L\u00f6se Nonogramme auf, um Helper the Robot bei der Festnahme des T\u00e4ters zu unterst\u00fctzen!\" \/>\n<meta name=\"robots\" content=\"index, follow, max-snippet:-1, max-image-preview:large, max-video-preview:-1\" \/>\n<link rel=\"canonical\" href=\"https:\/\/www.iplay.com\/de\/games\/rainbow-mosaics-13-detective-helper\/\" \/>\n<meta property=\"og:locale\" content=\"de_DE\" \/>\n<meta property=\"og:type\" content=\"article\" \/>\n<meta property=\"og:title\" content=\"Rainbow Mosaics 13: Detective Helper\" \/>\n<meta property=\"og:description\" content=\"L\u00f6se Nonogramme auf, um Helper the Robot bei der Festnahme des T\u00e4ters zu unterst\u00fctzen!\" \/>\n<meta property=\"og:url\" content=\"https:\/\/www.iplay.com\/de\/games\/rainbow-mosaics-13-detective-helper\/\" \/>\n<meta property=\"og:site_name\" content=\"IPlay\" \/>\n<meta property=\"og:image\" content=\"https:\/\/www.iplay.com\/wp-content\/uploads\/2023\/12\/large_square_tile_image-2682.jpg\" \/>\n\t<meta property=\"og:image:width\" content=\"310\" \/>\n\t<meta property=\"og:image:height\" content=\"310\" \/>\n\t<meta property=\"og:image:type\" content=\"image\/jpeg\" \/>\n<meta name=\"twitter:card\" content=\"summary_large_image\" \/>\n<meta name=\"twitter:label1\" content=\"Gesch\u00e4tzte Lesezeit\" \/>\n\t<meta name=\"twitter:data1\" content=\"1 Minute\" \/>\n<script type=\"application\/ld+json\" class=\"yoast-schema-graph\">{\"@context\":\"https:\/\/schema.org\",\"@graph\":[{\"@type\":\"WebPage\",\"@id\":\"https:\/\/www.iplay.com\/de\/games\/rainbow-mosaics-13-detective-helper\/\",\"url\":\"https:\/\/www.iplay.com\/de\/games\/rainbow-mosaics-13-detective-helper\/\",\"name\":\"Rainbow Mosaics 13: Detective Helper - L\u00f6se Nonogramme, hilf Helper dem Roboter, fange den Verbrecher\",\"isPartOf\":{\"@id\":\"https:\/\/www.iplay.com\/en\/#website\"},\"primaryImageOfPage\":{\"@id\":\"https:\/\/www.iplay.com\/de\/games\/rainbow-mosaics-13-detective-helper\/#primaryimage\"},\"image\":{\"@id\":\"https:\/\/www.iplay.com\/de\/games\/rainbow-mosaics-13-detective-helper\/#primaryimage\"},\"thumbnailUrl\":\"https:\/\/www.iplay.com\/wp-content\/uploads\/2023\/12\/large_square_tile_image-2682.jpg\",\"datePublished\":\"2020-07-04T00:00:00+00:00\",\"description\":\"L\u00f6se Nonogramme auf, um Helper the Robot bei der Festnahme des T\u00e4ters zu unterst\u00fctzen!\",\"breadcrumb\":{\"@id\":\"https:\/\/www.iplay.com\/de\/games\/rainbow-mosaics-13-detective-helper\/#breadcrumb\"},\"inLanguage\":\"de-DE\",\"potentialAction\":[{\"@type\":\"ReadAction\",\"target\":[\"https:\/\/www.iplay.com\/de\/games\/rainbow-mosaics-13-detective-helper\/\"]}]},{\"@type\":\"ImageObject\",\"inLanguage\":\"de-DE\",\"@id\":\"https:\/\/www.iplay.com\/de\/games\/rainbow-mosaics-13-detective-helper\/#primaryimage\",\"url\":\"https:\/\/www.iplay.com\/wp-content\/uploads\/2023\/12\/large_square_tile_image-2682.jpg\",\"contentUrl\":\"https:\/\/www.iplay.com\/wp-content\/uploads\/2023\/12\/large_square_tile_image-2682.jpg\",\"width\":310,\"height\":310},{\"@type\":\"BreadcrumbList\",\"@id\":\"https:\/\/www.iplay.com\/de\/games\/rainbow-mosaics-13-detective-helper\/#breadcrumb\",\"itemListElement\":[{\"@type\":\"ListItem\",\"position\":1,\"name\":\"Home\",\"item\":\"https:\/\/www.iplay.com\/de\/home-page-2\/\"},{\"@type\":\"ListItem\",\"position\":2,\"name\":\"Shop\",\"item\":\"https:\/\/www.iplay.com\/en\/shop\/\"},{\"@type\":\"ListItem\",\"position\":3,\"name\":\"Rainbow Mosaics 13: Detective Helper\"}]},{\"@type\":\"WebSite\",\"@id\":\"https:\/\/www.iplay.com\/en\/#website\",\"url\":\"https:\/\/www.iplay.com\/en\/\",\"name\":\"IPlay\",\"description\":\"The Best Casual Games!\",\"publisher\":{\"@id\":\"https:\/\/www.iplay.com\/en\/#organization\"},\"potentialAction\":[{\"@type\":\"SearchAction\",\"target\":{\"@type\":\"EntryPoint\",\"urlTemplate\":\"https:\/\/www.iplay.com\/en\/?s={search_term_string}\"},\"query-input\":{\"@type\":\"PropertyValueSpecification\",\"valueRequired\":true,\"valueName\":\"search_term_string\"}}],\"inLanguage\":\"de-DE\"},{\"@type\":\"Organization\",\"@id\":\"https:\/\/www.iplay.com\/en\/#organization\",\"name\":\"IPlay\",\"url\":\"https:\/\/www.iplay.com\/en\/\",\"logo\":{\"@type\":\"ImageObject\",\"inLanguage\":\"de-DE\",\"@id\":\"https:\/\/www.iplay.com\/en\/#\/schema\/logo\/image\/\",\"url\":\"https:\/\/www.iplay.com\/wp-content\/uploads\/2023\/11\/Group-6100.svg\",\"contentUrl\":\"https:\/\/www.iplay.com\/wp-content\/uploads\/2023\/11\/Group-6100.svg\",\"width\":98,\"height\":25,\"caption\":\"IPlay\"},\"image\":{\"@id\":\"https:\/\/www.iplay.com\/en\/#\/schema\/logo\/image\/\"}}]}<\/script>\n<!-- \/ Yoast SEO Premium plugin. -->","yoast_head_json":{"title":"Rainbow Mosaics 13: Detective Helper - L\u00f6se Nonogramme, hilf Helper dem Roboter, fange den Verbrecher","description":"L\u00f6se Nonogramme auf, um Helper the Robot bei der Festnahme des T\u00e4ters zu unterst\u00fctzen!","robots":{"index":"index","follow":"follow","max-snippet":"max-snippet:-1","max-image-preview":"max-image-preview:large","max-video-preview":"max-video-preview:-1"},"canonical":"https:\/\/www.iplay.com\/de\/games\/rainbow-mosaics-13-detective-helper\/","og_locale":"de_DE","og_type":"article","og_title":"Rainbow Mosaics 13: Detective Helper","og_description":"L\u00f6se Nonogramme auf, um Helper the Robot bei der Festnahme des T\u00e4ters zu unterst\u00fctzen!","og_url":"https:\/\/www.iplay.com\/de\/games\/rainbow-mosaics-13-detective-helper\/","og_site_name":"IPlay","og_image":[{"width":310,"height":310,"url":"https:\/\/www.iplay.com\/wp-content\/uploads\/2023\/12\/large_square_tile_image-2682.jpg","type":"image\/jpeg"}],"twitter_card":"summary_large_image","twitter_misc":{"Gesch\u00e4tzte Lesezeit":"1 Minute"},"schema":{"@context":"https:\/\/schema.org","@graph":[{"@type":"WebPage","@id":"https:\/\/www.iplay.com\/de\/games\/rainbow-mosaics-13-detective-helper\/","url":"https:\/\/www.iplay.com\/de\/games\/rainbow-mosaics-13-detective-helper\/","name":"Rainbow Mosaics 13: Detective Helper - L\u00f6se Nonogramme, hilf Helper dem Roboter, fange den Verbrecher","isPartOf":{"@id":"https:\/\/www.iplay.com\/en\/#website"},"primaryImageOfPage":{"@id":"https:\/\/www.iplay.com\/de\/games\/rainbow-mosaics-13-detective-helper\/#primaryimage"},"image":{"@id":"https:\/\/www.iplay.com\/de\/games\/rainbow-mosaics-13-detective-helper\/#primaryimage"},"thumbnailUrl":"https:\/\/www.iplay.com\/wp-content\/uploads\/2023\/12\/large_square_tile_image-2682.jpg","datePublished":"2020-07-04T00:00:00+00:00","description":"L\u00f6se Nonogramme auf, um Helper the Robot bei der Festnahme des T\u00e4ters zu unterst\u00fctzen!","breadcrumb":{"@id":"https:\/\/www.iplay.com\/de\/games\/rainbow-mosaics-13-detective-helper\/#breadcrumb"},"inLanguage":"de-DE","potentialAction":[{"@type":"ReadAction","target":["https:\/\/www.iplay.com\/de\/games\/rainbow-mosaics-13-detective-helper\/"]}]},{"@type":"ImageObject","inLanguage":"de-DE","@id":"https:\/\/www.iplay.com\/de\/games\/rainbow-mosaics-13-detective-helper\/#primaryimage","url":"https:\/\/www.iplay.com\/wp-content\/uploads\/2023\/12\/large_square_tile_image-2682.jpg","contentUrl":"https:\/\/www.iplay.com\/wp-content\/uploads\/2023\/12\/large_square_tile_image-2682.jpg","width":310,"height":310},{"@type":"BreadcrumbList","@id":"https:\/\/www.iplay.com\/de\/games\/rainbow-mosaics-13-detective-helper\/#breadcrumb","itemListElement":[{"@type":"ListItem","position":1,"name":"Home","item":"https:\/\/www.iplay.com\/de\/home-page-2\/"},{"@type":"ListItem","position":2,"name":"Shop","item":"https:\/\/www.iplay.com\/en\/shop\/"},{"@type":"ListItem","position":3,"name":"Rainbow Mosaics 13: Detective Helper"}]},{"@type":"WebSite","@id":"https:\/\/www.iplay.com\/en\/#website","url":"https:\/\/www.iplay.com\/en\/","name":"IPlay","description":"The Best Casual Games!","publisher":{"@id":"https:\/\/www.iplay.com\/en\/#organization"},"potentialAction":[{"@type":"SearchAction","target":{"@type":"EntryPoint","urlTemplate":"https:\/\/www.iplay.com\/en\/?s={search_term_string}"},"query-input":{"@type":"PropertyValueSpecification","valueRequired":true,"valueName":"search_term_string"}}],"inLanguage":"de-DE"},{"@type":"Organization","@id":"https:\/\/www.iplay.com\/en\/#organization","name":"IPlay","url":"https:\/\/www.iplay.com\/en\/","logo":{"@type":"ImageObject","inLanguage":"de-DE","@id":"https:\/\/www.iplay.com\/en\/#\/schema\/logo\/image\/","url":"https:\/\/www.iplay.com\/wp-content\/uploads\/2023\/11\/Group-6100.svg","contentUrl":"https:\/\/www.iplay.com\/wp-content\/uploads\/2023\/11\/Group-6100.svg","width":98,"height":25,"caption":"IPlay"},"image":{"@id":"https:\/\/www.iplay.com\/en\/#\/schema\/logo\/image\/"}}]}},"_links":{"self":[{"href":"https:\/\/www.iplay.com\/de\/wp-json\/wp\/v2\/product\/138551","targetHints":{"allow":["GET"]}}],"collection":[{"href":"https:\/\/www.iplay.com\/de\/wp-json\/wp\/v2\/product"}],"about":[{"href":"https:\/\/www.iplay.com\/de\/wp-json\/wp\/v2\/types\/product"}],"author":[{"embeddable":true,"href":"https:\/\/www.iplay.com\/de\/wp-json\/wp\/v2\/users\/16"}],"replies":[{"embeddable":true,"href":"https:\/\/www.iplay.com\/de\/wp-json\/wp\/v2\/comments?post=138551"}],"wp:featuredmedia":[{"embeddable":true,"href":"https:\/\/www.iplay.com\/de\/wp-json\/wp\/v2\/media\/82803"}],"wp:attachment":[{"href":"https:\/\/www.iplay.com\/de\/wp-json\/wp\/v2\/media?parent=138551"}],"wp:term":[{"taxonomy":"product_brand","embeddable":true,"href":"https:\/\/www.iplay.com\/de\/wp-json\/wp\/v2\/product_brand?post=138551"},{"taxonomy":"product_cat","embeddable":true,"href":"https:\/\/www.iplay.com\/de\/wp-json\/wp\/v2\/product_cat?post=138551"},{"taxonomy":"product_tag","embeddable":true,"href":"https:\/\/www.iplay.com\/de\/wp-json\/wp\/v2\/product_tag?post=138551"}],"curies":[{"name":"wp","href":"https:\/\/api.w.org\/{rel}","templated":true}]}}