{"id":138536,"date":"2025-06-09T09:00:50","date_gmt":"2025-06-09T09:00:50","guid":{"rendered":"https:\/\/www.iplay.com\/games\/snow-princess\/"},"modified":"2025-06-09T09:00:50","modified_gmt":"2025-06-09T09:00:50","slug":"snow-princess","status":"publish","type":"product","link":"https:\/\/www.iplay.com\/de\/games\/snow-princess\/","title":{"rendered":"Snow Princess"},"content":{"rendered":"<p class=\"whitespace-normal break-words ai-optimize-25 ai-optimize-introduction\">Du hilfst Schneewittchen bei ihrer magischen Geschichte. Ihre Kinder werden die lustigen Spiele und Puzzles lieben. <\/p>\n<p class=\"whitespace-normal break-words ai-optimize-26\">Dieses Spiel bringt Kindern im Alter von 7-9 Jahren wichtige Denkf\u00e4higkeiten bei. Sie l\u00f6sen Labyrinthe, spielen Sudoku und finden Muster. Jede Aktivit\u00e4t hilft ihnen, schlauer zu werden und dabei Spa\u00df zu haben.  <\/p>\n<p class=\"whitespace-normal break-words ai-optimize-27\">Ihr Kind spielt mit Schneewittchen und den sieben Zwergen. Sie bauen Geschichten mit Bildern auf und erinnern sich an Details aus der Geschichte. Das Spiel funktioniert in 15 Sprachen, so dass Kinder \u00fcberall spielen k\u00f6nnen.  <\/p>\n<p>&nbsp;<\/p>\n<p class=\"whitespace-normal break-words ai-optimize-28\"><strong>Funktionen<\/strong><\/p>\n<ul class=\"[&amp;:not(:last-child)_ul]:pb-1 [&amp;:not(:last-child)_ol]:pb-1 list-disc space-y-1.5 pl-7\">\n<li class=\"whitespace-normal break-words ai-optimize-29\">Spiele mit Schneewittchen und ihren Freunden<\/li>\n<li class=\"whitespace-normal break-words ai-optimize-30\">L\u00f6se R\u00e4tsel und Labyrinthe, die zum Nachdenken anregen<\/li>\n<li class=\"whitespace-normal break-words ai-optimize-31\">Bauen Sie Geschichten mit lustigen Bildern auf<\/li>\n<li class=\"whitespace-normal break-words ai-optimize-32\">Testen Sie Ihr Ged\u00e4chtnis mit den sieben Zwergen<\/li>\n<li class=\"whitespace-normal break-words ai-optimize-33\">Spiele in 15 verschiedenen Sprachen<\/li>\n<\/ul>\n","protected":false},"excerpt":{"rendered":"<p class=\"ai-optimize-34 ai-optimize-introduction\">Hilf Schneewittchen und den sieben Zwergen, baue Geschichten mit Bildern auf und erinnere dich an Details aus der Geschichte.<\/p>\n","protected":false},"author":320,"featured_media":138122,"comment_status":"open","ping_status":"closed","template":"","meta":{"_acf_changed":false,"inline_featured_image":false},"product_brand":[],"product_cat":[194,201],"product_tag":[289],"class_list":{"0":"post-138536","1":"product","2":"type-product","3":"status-publish","4":"has-post-thumbnail","6":"product_cat-puzzle-de","7":"product_cat-removed-content-de","8":"product_tag-play-on-pc-de","10":"first","11":"instock","12":"shipping-taxable","13":"purchasable","14":"product-type-simple"},"acf":[],"yoast_head":"<!-- This site is optimized with the Yoast SEO Premium plugin v25.2 (Yoast SEO v25.2) - https:\/\/yoast.com\/wordpress\/plugins\/seo\/ -->\n<title>Snow Princess: Lernpuzzles &amp; Memory-Spiele<\/title>\n<meta name=\"description\" content=\"Hilf Schneewittchen und den sieben Zwergen, baue Geschichten mit Bildern auf und erinnere dich an Details aus der Geschichte.\" \/>\n<meta name=\"robots\" content=\"index, follow, max-snippet:-1, max-image-preview:large, max-video-preview:-1\" \/>\n<link rel=\"canonical\" href=\"https:\/\/www.iplay.com\/de\/games\/snow-princess\/\" \/>\n<meta property=\"og:locale\" content=\"de_DE\" \/>\n<meta property=\"og:type\" content=\"article\" \/>\n<meta property=\"og:title\" content=\"Snow Princess\" \/>\n<meta property=\"og:description\" content=\"Hilf Schneewittchen und den sieben Zwergen, baue Geschichten mit Bildern auf und erinnere dich an Details aus der Geschichte.\" \/>\n<meta property=\"og:url\" content=\"https:\/\/www.iplay.com\/de\/games\/snow-princess\/\" \/>\n<meta property=\"og:site_name\" content=\"IPlay\" \/>\n<meta property=\"og:image\" content=\"https:\/\/www.iplay.com\/wp-content\/uploads\/2025\/06\/snow_princess_large_video_screenshot.webp\" \/>\n\t<meta property=\"og:image:width\" content=\"715\" \/>\n\t<meta property=\"og:image:height\" content=\"485\" \/>\n\t<meta property=\"og:image:type\" content=\"image\/webp\" \/>\n<meta name=\"twitter:card\" content=\"summary_large_image\" \/>\n<meta name=\"twitter:label1\" content=\"Gesch\u00e4tzte Lesezeit\" \/>\n\t<meta name=\"twitter:data1\" content=\"1 Minute\" \/>\n<script type=\"application\/ld+json\" class=\"yoast-schema-graph\">{\"@context\":\"https:\/\/schema.org\",\"@graph\":[{\"@type\":\"WebPage\",\"@id\":\"https:\/\/www.iplay.com\/de\/games\/snow-princess\/\",\"url\":\"https:\/\/www.iplay.com\/de\/games\/snow-princess\/\",\"name\":\"Snow Princess: Lernpuzzles & Memory-Spiele\",\"isPartOf\":{\"@id\":\"https:\/\/www.iplay.com\/en\/#website\"},\"primaryImageOfPage\":{\"@id\":\"https:\/\/www.iplay.com\/de\/games\/snow-princess\/#primaryimage\"},\"image\":{\"@id\":\"https:\/\/www.iplay.com\/de\/games\/snow-princess\/#primaryimage\"},\"thumbnailUrl\":\"https:\/\/www.iplay.com\/wp-content\/uploads\/2025\/06\/snow_princess_large_square_tile_image.webp\",\"datePublished\":\"2025-06-09T09:00:50+00:00\",\"description\":\"Hilf Schneewittchen und den sieben Zwergen, baue Geschichten mit Bildern auf und erinnere dich an Details aus der Geschichte.\",\"breadcrumb\":{\"@id\":\"https:\/\/www.iplay.com\/de\/games\/snow-princess\/#breadcrumb\"},\"inLanguage\":\"de-DE\",\"potentialAction\":[{\"@type\":\"ReadAction\",\"target\":[\"https:\/\/www.iplay.com\/de\/games\/snow-princess\/\"]}]},{\"@type\":\"ImageObject\",\"inLanguage\":\"de-DE\",\"@id\":\"https:\/\/www.iplay.com\/de\/games\/snow-princess\/#primaryimage\",\"url\":\"https:\/\/www.iplay.com\/wp-content\/uploads\/2025\/06\/snow_princess_large_square_tile_image.webp\",\"contentUrl\":\"https:\/\/www.iplay.com\/wp-content\/uploads\/2025\/06\/snow_princess_large_square_tile_image.webp\",\"width\":310,\"height\":310},{\"@type\":\"BreadcrumbList\",\"@id\":\"https:\/\/www.iplay.com\/de\/games\/snow-princess\/#breadcrumb\",\"itemListElement\":[{\"@type\":\"ListItem\",\"position\":1,\"name\":\"Home\",\"item\":\"https:\/\/www.iplay.com\/de\/home-page-2\/\"},{\"@type\":\"ListItem\",\"position\":2,\"name\":\"Shop\",\"item\":\"https:\/\/www.iplay.com\/en\/shop\/\"},{\"@type\":\"ListItem\",\"position\":3,\"name\":\"Snow Princess\"}]},{\"@type\":\"WebSite\",\"@id\":\"https:\/\/www.iplay.com\/en\/#website\",\"url\":\"https:\/\/www.iplay.com\/en\/\",\"name\":\"IPlay\",\"description\":\"The Best Casual Games!\",\"publisher\":{\"@id\":\"https:\/\/www.iplay.com\/en\/#organization\"},\"potentialAction\":[{\"@type\":\"SearchAction\",\"target\":{\"@type\":\"EntryPoint\",\"urlTemplate\":\"https:\/\/www.iplay.com\/en\/?s={search_term_string}\"},\"query-input\":{\"@type\":\"PropertyValueSpecification\",\"valueRequired\":true,\"valueName\":\"search_term_string\"}}],\"inLanguage\":\"de-DE\"},{\"@type\":\"Organization\",\"@id\":\"https:\/\/www.iplay.com\/en\/#organization\",\"name\":\"IPlay\",\"url\":\"https:\/\/www.iplay.com\/en\/\",\"logo\":{\"@type\":\"ImageObject\",\"inLanguage\":\"de-DE\",\"@id\":\"https:\/\/www.iplay.com\/en\/#\/schema\/logo\/image\/\",\"url\":\"https:\/\/www.iplay.com\/wp-content\/uploads\/2023\/11\/Group-6100.svg\",\"contentUrl\":\"https:\/\/www.iplay.com\/wp-content\/uploads\/2023\/11\/Group-6100.svg\",\"width\":98,\"height\":25,\"caption\":\"IPlay\"},\"image\":{\"@id\":\"https:\/\/www.iplay.com\/en\/#\/schema\/logo\/image\/\"}}]}<\/script>\n<!-- \/ Yoast SEO Premium plugin. -->","yoast_head_json":{"title":"Snow Princess: Lernpuzzles & Memory-Spiele","description":"Hilf Schneewittchen und den sieben Zwergen, baue Geschichten mit Bildern auf und erinnere dich an Details aus der Geschichte.","robots":{"index":"index","follow":"follow","max-snippet":"max-snippet:-1","max-image-preview":"max-image-preview:large","max-video-preview":"max-video-preview:-1"},"canonical":"https:\/\/www.iplay.com\/de\/games\/snow-princess\/","og_locale":"de_DE","og_type":"article","og_title":"Snow Princess","og_description":"Hilf Schneewittchen und den sieben Zwergen, baue Geschichten mit Bildern auf und erinnere dich an Details aus der Geschichte.","og_url":"https:\/\/www.iplay.com\/de\/games\/snow-princess\/","og_site_name":"IPlay","og_image":[{"width":715,"height":485,"url":"https:\/\/www.iplay.com\/wp-content\/uploads\/2025\/06\/snow_princess_large_video_screenshot.webp","type":"image\/webp"}],"twitter_card":"summary_large_image","twitter_misc":{"Gesch\u00e4tzte Lesezeit":"1 Minute"},"schema":{"@context":"https:\/\/schema.org","@graph":[{"@type":"WebPage","@id":"https:\/\/www.iplay.com\/de\/games\/snow-princess\/","url":"https:\/\/www.iplay.com\/de\/games\/snow-princess\/","name":"Snow Princess: Lernpuzzles & Memory-Spiele","isPartOf":{"@id":"https:\/\/www.iplay.com\/en\/#website"},"primaryImageOfPage":{"@id":"https:\/\/www.iplay.com\/de\/games\/snow-princess\/#primaryimage"},"image":{"@id":"https:\/\/www.iplay.com\/de\/games\/snow-princess\/#primaryimage"},"thumbnailUrl":"https:\/\/www.iplay.com\/wp-content\/uploads\/2025\/06\/snow_princess_large_square_tile_image.webp","datePublished":"2025-06-09T09:00:50+00:00","description":"Hilf Schneewittchen und den sieben Zwergen, baue Geschichten mit Bildern auf und erinnere dich an Details aus der Geschichte.","breadcrumb":{"@id":"https:\/\/www.iplay.com\/de\/games\/snow-princess\/#breadcrumb"},"inLanguage":"de-DE","potentialAction":[{"@type":"ReadAction","target":["https:\/\/www.iplay.com\/de\/games\/snow-princess\/"]}]},{"@type":"ImageObject","inLanguage":"de-DE","@id":"https:\/\/www.iplay.com\/de\/games\/snow-princess\/#primaryimage","url":"https:\/\/www.iplay.com\/wp-content\/uploads\/2025\/06\/snow_princess_large_square_tile_image.webp","contentUrl":"https:\/\/www.iplay.com\/wp-content\/uploads\/2025\/06\/snow_princess_large_square_tile_image.webp","width":310,"height":310},{"@type":"BreadcrumbList","@id":"https:\/\/www.iplay.com\/de\/games\/snow-princess\/#breadcrumb","itemListElement":[{"@type":"ListItem","position":1,"name":"Home","item":"https:\/\/www.iplay.com\/de\/home-page-2\/"},{"@type":"ListItem","position":2,"name":"Shop","item":"https:\/\/www.iplay.com\/en\/shop\/"},{"@type":"ListItem","position":3,"name":"Snow Princess"}]},{"@type":"WebSite","@id":"https:\/\/www.iplay.com\/en\/#website","url":"https:\/\/www.iplay.com\/en\/","name":"IPlay","description":"The Best Casual Games!","publisher":{"@id":"https:\/\/www.iplay.com\/en\/#organization"},"potentialAction":[{"@type":"SearchAction","target":{"@type":"EntryPoint","urlTemplate":"https:\/\/www.iplay.com\/en\/?s={search_term_string}"},"query-input":{"@type":"PropertyValueSpecification","valueRequired":true,"valueName":"search_term_string"}}],"inLanguage":"de-DE"},{"@type":"Organization","@id":"https:\/\/www.iplay.com\/en\/#organization","name":"IPlay","url":"https:\/\/www.iplay.com\/en\/","logo":{"@type":"ImageObject","inLanguage":"de-DE","@id":"https:\/\/www.iplay.com\/en\/#\/schema\/logo\/image\/","url":"https:\/\/www.iplay.com\/wp-content\/uploads\/2023\/11\/Group-6100.svg","contentUrl":"https:\/\/www.iplay.com\/wp-content\/uploads\/2023\/11\/Group-6100.svg","width":98,"height":25,"caption":"IPlay"},"image":{"@id":"https:\/\/www.iplay.com\/en\/#\/schema\/logo\/image\/"}}]}},"_links":{"self":[{"href":"https:\/\/www.iplay.com\/de\/wp-json\/wp\/v2\/product\/138536","targetHints":{"allow":["GET"]}}],"collection":[{"href":"https:\/\/www.iplay.com\/de\/wp-json\/wp\/v2\/product"}],"about":[{"href":"https:\/\/www.iplay.com\/de\/wp-json\/wp\/v2\/types\/product"}],"author":[{"embeddable":true,"href":"https:\/\/www.iplay.com\/de\/wp-json\/wp\/v2\/users\/320"}],"replies":[{"embeddable":true,"href":"https:\/\/www.iplay.com\/de\/wp-json\/wp\/v2\/comments?post=138536"}],"wp:featuredmedia":[{"embeddable":true,"href":"https:\/\/www.iplay.com\/de\/wp-json\/wp\/v2\/media\/138122"}],"wp:attachment":[{"href":"https:\/\/www.iplay.com\/de\/wp-json\/wp\/v2\/media?parent=138536"}],"wp:term":[{"taxonomy":"product_brand","embeddable":true,"href":"https:\/\/www.iplay.com\/de\/wp-json\/wp\/v2\/product_brand?post=138536"},{"taxonomy":"product_cat","embeddable":true,"href":"https:\/\/www.iplay.com\/de\/wp-json\/wp\/v2\/product_cat?post=138536"},{"taxonomy":"product_tag","embeddable":true,"href":"https:\/\/www.iplay.com\/de\/wp-json\/wp\/v2\/product_tag?post=138536"}],"curies":[{"name":"wp","href":"https:\/\/api.w.org\/{rel}","templated":true}]}}