{"id":138531,"date":"2025-06-06T09:00:03","date_gmt":"2025-06-06T09:00:03","guid":{"rendered":"https:\/\/www.iplay.com\/games\/mysteries-mix-2-whispers-of-hollow-town\/"},"modified":"2025-06-06T09:00:03","modified_gmt":"2025-06-06T09:00:03","slug":"mysteries-mix-2-whispers-of-hollow-town","status":"publish","type":"product","link":"https:\/\/www.iplay.com\/de\/games\/mysteries-mix-2-whispers-of-hollow-town\/","title":{"rendered":"Mysteries Mix 2: Whispers of Hollow Town"},"content":{"rendered":"<p class=\"ai-optimize-30 ai-optimize-introduction\">Holly ist vor einem Jahr verschwunden. Der Mysteries Mix Club brach auseinander, nachdem er sie verloren hatte. Emily f\u00fchlt sich schlecht und kann nicht schlafen, bis ein \u00fcberraschender Brief kommt.  <\/p>\n<p class=\"ai-optimize-30\">Holly ist am Leben, aber in Hollow Town gefangen! Dieser gruselige Ort ist in der Zeit verloren und von dichtem Nebel bedeckt. Emilys Freunde wollen nicht helfen, also geht sie alleine.  <\/p>\n<p class=\"ai-optimize-30\">Das Team kommt in der gruseligen Stadt wieder zusammen. Sie erfahren, dass Hollys Problem erst der Anfang ist. Hollow Town verbirgt alte Geheimnisse und einen furchterregenden Anf\u00fchrer, der sie alle verletzen will.  <\/p>\n<p class=\"ai-optimize-30\">Emily muss sehr mutig sein, wenn sie sich schwierigen R\u00e4tseln stellt. Sie geht durch gef\u00e4hrliche Stra\u00dfen, die von einer b\u00f6sen Macht erf\u00fcllt sind. Je tiefer sie gehen, desto gef\u00e4hrlicher werden die Dinge.  <\/p>\n<p class=\"ai-optimize-30\">K\u00f6nnen Emily und ihre Freunde die Dunkelheit von Hollow Town besiegen? Oder werden sie durch das be\u00e4ngstigende Fl\u00fcstern f\u00fcr immer gefangen gehalten? <\/p>\n<p>&nbsp;<\/p>\n<p class=\"ai-optimize-31\"><strong>Funktionen<\/strong><\/p>\n<ul>\n<li class=\"ai-optimize-32\">Hilf Emily, Jake, Dave und Eva, die vermisste Holly in einer vergessenen Stadt zu finden<\/li>\n<li class=\"ai-optimize-32\">L\u00f6se knallharte R\u00e4tsel, die die verborgene Vergangenheit und die gruseligen Geheimnisse von Hollow Town zeigen<\/li>\n<li class=\"ai-optimize-32\">Spazieren Sie durch gespenstische, nebelverhangene Stra\u00dfen, in denen sich die Gefahr an dunklen Orten versteckt<\/li>\n<li class=\"ai-optimize-32\">K\u00e4mpfe gegen den furchterregenden Anf\u00fchrer von Hollow Town und seine wachsende Macht \u00fcber verlorene Menschen<\/li>\n<li class=\"ai-optimize-32\">Spiele eine spannende Geschichte \u00fcber das Richtigmachen, Freundschaft und Mut<\/li>\n<li class=\"ai-optimize-32\">Finde ein neues Geheimnis, das das n\u00e4chste aufregende Kapitel beginnt<\/li>\n<\/ul>\n","protected":false},"excerpt":{"rendered":"<p>Du l\u00f6st gruselige Geheimnisse in Hollow Town und rettest deine Freunde vor versteckten Gefahren!<\/p>\n","protected":false},"author":42,"featured_media":138072,"comment_status":"open","ping_status":"closed","template":"","meta":{"_acf_changed":false,"inline_featured_image":false},"product_brand":[],"product_cat":[176],"product_tag":[289],"class_list":{"0":"post-138531","1":"product","2":"type-product","3":"status-publish","4":"has-post-thumbnail","6":"product_cat-match-3-de","7":"product_tag-play-on-pc-de","9":"first","10":"instock","11":"shipping-taxable","12":"purchasable","13":"product-type-simple"},"acf":[],"yoast_head":"<!-- This site is optimized with the Yoast SEO Premium plugin v25.2 (Yoast SEO v25.2) - https:\/\/yoast.com\/wordpress\/plugins\/seo\/ -->\n<title>Mysteries Mix 2: Kannst du die dunklen Geheimnisse von Hollow Town l\u00f6sen?<\/title>\n<meta name=\"description\" content=\"Du l\u00f6st gruselige Geheimnisse in Hollow Town und rettest deine Freunde vor versteckten Gefahren!\" \/>\n<meta name=\"robots\" content=\"index, follow, max-snippet:-1, max-image-preview:large, max-video-preview:-1\" \/>\n<link rel=\"canonical\" href=\"https:\/\/www.iplay.com\/de\/games\/mysteries-mix-2-whispers-of-hollow-town\/\" \/>\n<meta property=\"og:locale\" content=\"de_DE\" \/>\n<meta property=\"og:type\" content=\"article\" \/>\n<meta property=\"og:title\" content=\"Mysteries Mix 2: Whispers of Hollow Town\" \/>\n<meta property=\"og:description\" content=\"Du l\u00f6st gruselige Geheimnisse in Hollow Town und rettest deine Freunde vor versteckten Gefahren!\" \/>\n<meta property=\"og:url\" content=\"https:\/\/www.iplay.com\/de\/games\/mysteries-mix-2-whispers-of-hollow-town\/\" \/>\n<meta property=\"og:site_name\" content=\"IPlay\" \/>\n<meta property=\"og:image\" content=\"https:\/\/www.iplay.com\/wp-content\/uploads\/2025\/06\/mysteries_mix_2_whispers_of_hollow_town_large_square_tile_image.webp\" \/>\n\t<meta property=\"og:image:width\" content=\"310\" \/>\n\t<meta property=\"og:image:height\" content=\"310\" \/>\n\t<meta property=\"og:image:type\" content=\"image\/webp\" \/>\n<meta name=\"twitter:card\" content=\"summary_large_image\" \/>\n<meta name=\"twitter:label1\" content=\"Gesch\u00e4tzte Lesezeit\" \/>\n\t<meta name=\"twitter:data1\" content=\"1 Minute\" \/>\n<script type=\"application\/ld+json\" class=\"yoast-schema-graph\">{\"@context\":\"https:\/\/schema.org\",\"@graph\":[{\"@type\":\"WebPage\",\"@id\":\"https:\/\/www.iplay.com\/de\/games\/mysteries-mix-2-whispers-of-hollow-town\/\",\"url\":\"https:\/\/www.iplay.com\/de\/games\/mysteries-mix-2-whispers-of-hollow-town\/\",\"name\":\"Mysteries Mix 2: Kannst du die dunklen Geheimnisse von Hollow Town l\u00f6sen?\",\"isPartOf\":{\"@id\":\"https:\/\/www.iplay.com\/en\/#website\"},\"primaryImageOfPage\":{\"@id\":\"https:\/\/www.iplay.com\/de\/games\/mysteries-mix-2-whispers-of-hollow-town\/#primaryimage\"},\"image\":{\"@id\":\"https:\/\/www.iplay.com\/de\/games\/mysteries-mix-2-whispers-of-hollow-town\/#primaryimage\"},\"thumbnailUrl\":\"https:\/\/www.iplay.com\/wp-content\/uploads\/2025\/06\/mysteries_mix_2_whispers_of_hollow_town_large_square_tile_image.webp\",\"datePublished\":\"2025-06-06T09:00:03+00:00\",\"description\":\"Du l\u00f6st gruselige Geheimnisse in Hollow Town und rettest deine Freunde vor versteckten Gefahren!\",\"breadcrumb\":{\"@id\":\"https:\/\/www.iplay.com\/de\/games\/mysteries-mix-2-whispers-of-hollow-town\/#breadcrumb\"},\"inLanguage\":\"de-DE\",\"potentialAction\":[{\"@type\":\"ReadAction\",\"target\":[\"https:\/\/www.iplay.com\/de\/games\/mysteries-mix-2-whispers-of-hollow-town\/\"]}]},{\"@type\":\"ImageObject\",\"inLanguage\":\"de-DE\",\"@id\":\"https:\/\/www.iplay.com\/de\/games\/mysteries-mix-2-whispers-of-hollow-town\/#primaryimage\",\"url\":\"https:\/\/www.iplay.com\/wp-content\/uploads\/2025\/06\/mysteries_mix_2_whispers_of_hollow_town_large_square_tile_image.webp\",\"contentUrl\":\"https:\/\/www.iplay.com\/wp-content\/uploads\/2025\/06\/mysteries_mix_2_whispers_of_hollow_town_large_square_tile_image.webp\",\"width\":310,\"height\":310},{\"@type\":\"BreadcrumbList\",\"@id\":\"https:\/\/www.iplay.com\/de\/games\/mysteries-mix-2-whispers-of-hollow-town\/#breadcrumb\",\"itemListElement\":[{\"@type\":\"ListItem\",\"position\":1,\"name\":\"Home\",\"item\":\"https:\/\/www.iplay.com\/de\/home-page-2\/\"},{\"@type\":\"ListItem\",\"position\":2,\"name\":\"Shop\",\"item\":\"https:\/\/www.iplay.com\/en\/shop\/\"},{\"@type\":\"ListItem\",\"position\":3,\"name\":\"Mysteries Mix 2: Whispers of Hollow Town\"}]},{\"@type\":\"WebSite\",\"@id\":\"https:\/\/www.iplay.com\/en\/#website\",\"url\":\"https:\/\/www.iplay.com\/en\/\",\"name\":\"IPlay\",\"description\":\"The Best Casual Games!\",\"publisher\":{\"@id\":\"https:\/\/www.iplay.com\/en\/#organization\"},\"potentialAction\":[{\"@type\":\"SearchAction\",\"target\":{\"@type\":\"EntryPoint\",\"urlTemplate\":\"https:\/\/www.iplay.com\/en\/?s={search_term_string}\"},\"query-input\":{\"@type\":\"PropertyValueSpecification\",\"valueRequired\":true,\"valueName\":\"search_term_string\"}}],\"inLanguage\":\"de-DE\"},{\"@type\":\"Organization\",\"@id\":\"https:\/\/www.iplay.com\/en\/#organization\",\"name\":\"IPlay\",\"url\":\"https:\/\/www.iplay.com\/en\/\",\"logo\":{\"@type\":\"ImageObject\",\"inLanguage\":\"de-DE\",\"@id\":\"https:\/\/www.iplay.com\/en\/#\/schema\/logo\/image\/\",\"url\":\"https:\/\/www.iplay.com\/wp-content\/uploads\/2023\/11\/Group-6100.svg\",\"contentUrl\":\"https:\/\/www.iplay.com\/wp-content\/uploads\/2023\/11\/Group-6100.svg\",\"width\":98,\"height\":25,\"caption\":\"IPlay\"},\"image\":{\"@id\":\"https:\/\/www.iplay.com\/en\/#\/schema\/logo\/image\/\"}}]}<\/script>\n<!-- \/ Yoast SEO Premium plugin. -->","yoast_head_json":{"title":"Mysteries Mix 2: Kannst du die dunklen Geheimnisse von Hollow Town l\u00f6sen?","description":"Du l\u00f6st gruselige Geheimnisse in Hollow Town und rettest deine Freunde vor versteckten Gefahren!","robots":{"index":"index","follow":"follow","max-snippet":"max-snippet:-1","max-image-preview":"max-image-preview:large","max-video-preview":"max-video-preview:-1"},"canonical":"https:\/\/www.iplay.com\/de\/games\/mysteries-mix-2-whispers-of-hollow-town\/","og_locale":"de_DE","og_type":"article","og_title":"Mysteries Mix 2: Whispers of Hollow Town","og_description":"Du l\u00f6st gruselige Geheimnisse in Hollow Town und rettest deine Freunde vor versteckten Gefahren!","og_url":"https:\/\/www.iplay.com\/de\/games\/mysteries-mix-2-whispers-of-hollow-town\/","og_site_name":"IPlay","og_image":[{"width":310,"height":310,"url":"https:\/\/www.iplay.com\/wp-content\/uploads\/2025\/06\/mysteries_mix_2_whispers_of_hollow_town_large_square_tile_image.webp","type":"image\/webp"}],"twitter_card":"summary_large_image","twitter_misc":{"Gesch\u00e4tzte Lesezeit":"1 Minute"},"schema":{"@context":"https:\/\/schema.org","@graph":[{"@type":"WebPage","@id":"https:\/\/www.iplay.com\/de\/games\/mysteries-mix-2-whispers-of-hollow-town\/","url":"https:\/\/www.iplay.com\/de\/games\/mysteries-mix-2-whispers-of-hollow-town\/","name":"Mysteries Mix 2: Kannst du die dunklen Geheimnisse von Hollow Town l\u00f6sen?","isPartOf":{"@id":"https:\/\/www.iplay.com\/en\/#website"},"primaryImageOfPage":{"@id":"https:\/\/www.iplay.com\/de\/games\/mysteries-mix-2-whispers-of-hollow-town\/#primaryimage"},"image":{"@id":"https:\/\/www.iplay.com\/de\/games\/mysteries-mix-2-whispers-of-hollow-town\/#primaryimage"},"thumbnailUrl":"https:\/\/www.iplay.com\/wp-content\/uploads\/2025\/06\/mysteries_mix_2_whispers_of_hollow_town_large_square_tile_image.webp","datePublished":"2025-06-06T09:00:03+00:00","description":"Du l\u00f6st gruselige Geheimnisse in Hollow Town und rettest deine Freunde vor versteckten Gefahren!","breadcrumb":{"@id":"https:\/\/www.iplay.com\/de\/games\/mysteries-mix-2-whispers-of-hollow-town\/#breadcrumb"},"inLanguage":"de-DE","potentialAction":[{"@type":"ReadAction","target":["https:\/\/www.iplay.com\/de\/games\/mysteries-mix-2-whispers-of-hollow-town\/"]}]},{"@type":"ImageObject","inLanguage":"de-DE","@id":"https:\/\/www.iplay.com\/de\/games\/mysteries-mix-2-whispers-of-hollow-town\/#primaryimage","url":"https:\/\/www.iplay.com\/wp-content\/uploads\/2025\/06\/mysteries_mix_2_whispers_of_hollow_town_large_square_tile_image.webp","contentUrl":"https:\/\/www.iplay.com\/wp-content\/uploads\/2025\/06\/mysteries_mix_2_whispers_of_hollow_town_large_square_tile_image.webp","width":310,"height":310},{"@type":"BreadcrumbList","@id":"https:\/\/www.iplay.com\/de\/games\/mysteries-mix-2-whispers-of-hollow-town\/#breadcrumb","itemListElement":[{"@type":"ListItem","position":1,"name":"Home","item":"https:\/\/www.iplay.com\/de\/home-page-2\/"},{"@type":"ListItem","position":2,"name":"Shop","item":"https:\/\/www.iplay.com\/en\/shop\/"},{"@type":"ListItem","position":3,"name":"Mysteries Mix 2: Whispers of Hollow Town"}]},{"@type":"WebSite","@id":"https:\/\/www.iplay.com\/en\/#website","url":"https:\/\/www.iplay.com\/en\/","name":"IPlay","description":"The Best Casual Games!","publisher":{"@id":"https:\/\/www.iplay.com\/en\/#organization"},"potentialAction":[{"@type":"SearchAction","target":{"@type":"EntryPoint","urlTemplate":"https:\/\/www.iplay.com\/en\/?s={search_term_string}"},"query-input":{"@type":"PropertyValueSpecification","valueRequired":true,"valueName":"search_term_string"}}],"inLanguage":"de-DE"},{"@type":"Organization","@id":"https:\/\/www.iplay.com\/en\/#organization","name":"IPlay","url":"https:\/\/www.iplay.com\/en\/","logo":{"@type":"ImageObject","inLanguage":"de-DE","@id":"https:\/\/www.iplay.com\/en\/#\/schema\/logo\/image\/","url":"https:\/\/www.iplay.com\/wp-content\/uploads\/2023\/11\/Group-6100.svg","contentUrl":"https:\/\/www.iplay.com\/wp-content\/uploads\/2023\/11\/Group-6100.svg","width":98,"height":25,"caption":"IPlay"},"image":{"@id":"https:\/\/www.iplay.com\/en\/#\/schema\/logo\/image\/"}}]}},"_links":{"self":[{"href":"https:\/\/www.iplay.com\/de\/wp-json\/wp\/v2\/product\/138531","targetHints":{"allow":["GET"]}}],"collection":[{"href":"https:\/\/www.iplay.com\/de\/wp-json\/wp\/v2\/product"}],"about":[{"href":"https:\/\/www.iplay.com\/de\/wp-json\/wp\/v2\/types\/product"}],"author":[{"embeddable":true,"href":"https:\/\/www.iplay.com\/de\/wp-json\/wp\/v2\/users\/42"}],"replies":[{"embeddable":true,"href":"https:\/\/www.iplay.com\/de\/wp-json\/wp\/v2\/comments?post=138531"}],"wp:featuredmedia":[{"embeddable":true,"href":"https:\/\/www.iplay.com\/de\/wp-json\/wp\/v2\/media\/138072"}],"wp:attachment":[{"href":"https:\/\/www.iplay.com\/de\/wp-json\/wp\/v2\/media?parent=138531"}],"wp:term":[{"taxonomy":"product_brand","embeddable":true,"href":"https:\/\/www.iplay.com\/de\/wp-json\/wp\/v2\/product_brand?post=138531"},{"taxonomy":"product_cat","embeddable":true,"href":"https:\/\/www.iplay.com\/de\/wp-json\/wp\/v2\/product_cat?post=138531"},{"taxonomy":"product_tag","embeddable":true,"href":"https:\/\/www.iplay.com\/de\/wp-json\/wp\/v2\/product_tag?post=138531"}],"curies":[{"name":"wp","href":"https:\/\/api.w.org\/{rel}","templated":true}]}}