{"id":138515,"date":"2025-06-02T09:00:34","date_gmt":"2025-06-02T09:00:34","guid":{"rendered":"https:\/\/www.iplay.com\/games\/princess-sudoku\/"},"modified":"2025-06-02T09:00:34","modified_gmt":"2025-06-02T09:00:34","slug":"princess-sudoku","status":"publish","type":"product","link":"https:\/\/www.iplay.com\/de\/games\/princess-sudoku\/","title":{"rendered":"Princess Sudoku"},"content":{"rendered":"<p class=\"ai-optimize-27 ai-optimize-introduction\">Betreten Sie eine magische Welt mit Princess Sudoku! Sie ziehen Objekte in leere Bereiche. Jede Zeile und Spalte ben\u00f6tigt jedes Element einmal.  <\/p>\n<p class=\"ai-optimize-27 ai-optimize-introduction\">Dieses Spiel hilft Kindern ab 4 Jahren. Du l\u00f6st R\u00e4tsel und hast Spa\u00df. Kinder lernen beim Spielen besser zu denken.  <\/p>\n<p class=\"ai-optimize-27 ai-optimize-introduction\">Prinzessin Sudoku zeigt wundersch\u00f6ne M\u00e4rchenbilder. Du siehst h\u00fcbsche Prinzessinnen, tapfere Prinzen und niedliche Tiere. Das Spiel sieht aus wie ein k\u00f6nigliches K\u00f6nigreich.  <\/p>\n<p class=\"ai-optimize-27 ai-optimize-introduction\">Du f\u00fchlst dich wie ein K\u00f6nig, w\u00e4hrend du spielst. Jedes R\u00e4tsel bringt dich zum Nachdenken. Du f\u00fchlst dich gro\u00dfartig, wenn du jede Herausforderung beendest.  <\/p>\n<p>&nbsp;<\/p>\n<p class=\"ai-optimize-27\"><strong>Funktionen<\/strong><\/p>\n<ul>\n<li class=\"ai-optimize-28\">Lustige Puzzles, die dir helfen, besser zu denken<\/li>\n<li class=\"ai-optimize-28\">Wundersch\u00f6ne M\u00e4rchenbilder mit Prinzessinnen, Prinzen und Tieren<\/li>\n<li class=\"ai-optimize-28\">Gemacht f\u00fcr Kinder ab 4 Jahren &#8211; Lernen macht Spa\u00df<\/li>\n<li class=\"ai-optimize-28\">Einfaches Drag-and-Drop-Spiel, das Kinder verwenden k\u00f6nnen<\/li>\n<li class=\"ai-optimize-28\">Magische Welt mit leuchtenden Farben und lustigen Charakteren<\/li>\n<\/ul>\n","protected":false},"excerpt":{"rendered":"<p>Du l\u00f6st lustige R\u00e4tsel mit niedlichen Prinzessinnen und Tieren, die dir helfen, besser zu denken!<\/p>\n","protected":false},"author":320,"featured_media":138019,"comment_status":"open","ping_status":"closed","template":"","meta":{"_acf_changed":false,"inline_featured_image":false},"product_brand":[],"product_cat":[194,201],"product_tag":[289],"class_list":{"0":"post-138515","1":"product","2":"type-product","3":"status-publish","4":"has-post-thumbnail","6":"product_cat-puzzle-de","7":"product_cat-removed-content-de","8":"product_tag-play-on-pc-de","10":"first","11":"instock","12":"shipping-taxable","13":"purchasable","14":"product-type-simple"},"acf":[],"yoast_head":"<!-- This site is optimized with the Yoast SEO Premium plugin v25.2 (Yoast SEO v25.2) - https:\/\/yoast.com\/wordpress\/plugins\/seo\/ -->\n<title>Prinzessin Sudoku: Lustige Logikr\u00e4tsel f\u00fcr Kinder<\/title>\n<meta name=\"description\" content=\"Du l\u00f6st lustige R\u00e4tsel mit niedlichen Prinzessinnen und Tieren, die dir helfen, besser zu denken!\" \/>\n<meta name=\"robots\" content=\"index, follow, max-snippet:-1, max-image-preview:large, max-video-preview:-1\" \/>\n<link rel=\"canonical\" href=\"https:\/\/www.iplay.com\/de\/games\/princess-sudoku\/\" \/>\n<meta property=\"og:locale\" content=\"de_DE\" \/>\n<meta property=\"og:type\" content=\"article\" \/>\n<meta property=\"og:title\" content=\"Princess Sudoku\" \/>\n<meta property=\"og:description\" content=\"Du l\u00f6st lustige R\u00e4tsel mit niedlichen Prinzessinnen und Tieren, die dir helfen, besser zu denken!\" \/>\n<meta property=\"og:url\" content=\"https:\/\/www.iplay.com\/de\/games\/princess-sudoku\/\" \/>\n<meta property=\"og:site_name\" content=\"IPlay\" \/>\n<meta property=\"og:image\" content=\"https:\/\/www.iplay.com\/wp-content\/uploads\/2025\/06\/princess_sudoku_large_square_tile_image.webp\" \/>\n\t<meta property=\"og:image:width\" content=\"310\" \/>\n\t<meta property=\"og:image:height\" content=\"310\" \/>\n\t<meta property=\"og:image:type\" content=\"image\/webp\" \/>\n<meta name=\"twitter:card\" content=\"summary_large_image\" \/>\n<meta name=\"twitter:label1\" content=\"Gesch\u00e4tzte Lesezeit\" \/>\n\t<meta name=\"twitter:data1\" content=\"1 Minute\" \/>\n<script type=\"application\/ld+json\" class=\"yoast-schema-graph\">{\"@context\":\"https:\/\/schema.org\",\"@graph\":[{\"@type\":\"WebPage\",\"@id\":\"https:\/\/www.iplay.com\/de\/games\/princess-sudoku\/\",\"url\":\"https:\/\/www.iplay.com\/de\/games\/princess-sudoku\/\",\"name\":\"Prinzessin Sudoku: Lustige Logikr\u00e4tsel f\u00fcr Kinder\",\"isPartOf\":{\"@id\":\"https:\/\/www.iplay.com\/en\/#website\"},\"primaryImageOfPage\":{\"@id\":\"https:\/\/www.iplay.com\/de\/games\/princess-sudoku\/#primaryimage\"},\"image\":{\"@id\":\"https:\/\/www.iplay.com\/de\/games\/princess-sudoku\/#primaryimage\"},\"thumbnailUrl\":\"https:\/\/www.iplay.com\/wp-content\/uploads\/2025\/06\/princess_sudoku_large_square_tile_image.webp\",\"datePublished\":\"2025-06-02T09:00:34+00:00\",\"description\":\"Du l\u00f6st lustige R\u00e4tsel mit niedlichen Prinzessinnen und Tieren, die dir helfen, besser zu denken!\",\"breadcrumb\":{\"@id\":\"https:\/\/www.iplay.com\/de\/games\/princess-sudoku\/#breadcrumb\"},\"inLanguage\":\"de-DE\",\"potentialAction\":[{\"@type\":\"ReadAction\",\"target\":[\"https:\/\/www.iplay.com\/de\/games\/princess-sudoku\/\"]}]},{\"@type\":\"ImageObject\",\"inLanguage\":\"de-DE\",\"@id\":\"https:\/\/www.iplay.com\/de\/games\/princess-sudoku\/#primaryimage\",\"url\":\"https:\/\/www.iplay.com\/wp-content\/uploads\/2025\/06\/princess_sudoku_large_square_tile_image.webp\",\"contentUrl\":\"https:\/\/www.iplay.com\/wp-content\/uploads\/2025\/06\/princess_sudoku_large_square_tile_image.webp\",\"width\":310,\"height\":310},{\"@type\":\"BreadcrumbList\",\"@id\":\"https:\/\/www.iplay.com\/de\/games\/princess-sudoku\/#breadcrumb\",\"itemListElement\":[{\"@type\":\"ListItem\",\"position\":1,\"name\":\"Home\",\"item\":\"https:\/\/www.iplay.com\/de\/home-page-2\/\"},{\"@type\":\"ListItem\",\"position\":2,\"name\":\"Shop\",\"item\":\"https:\/\/www.iplay.com\/en\/shop\/\"},{\"@type\":\"ListItem\",\"position\":3,\"name\":\"Princess Sudoku\"}]},{\"@type\":\"WebSite\",\"@id\":\"https:\/\/www.iplay.com\/en\/#website\",\"url\":\"https:\/\/www.iplay.com\/en\/\",\"name\":\"IPlay\",\"description\":\"The Best Casual Games!\",\"publisher\":{\"@id\":\"https:\/\/www.iplay.com\/en\/#organization\"},\"potentialAction\":[{\"@type\":\"SearchAction\",\"target\":{\"@type\":\"EntryPoint\",\"urlTemplate\":\"https:\/\/www.iplay.com\/en\/?s={search_term_string}\"},\"query-input\":{\"@type\":\"PropertyValueSpecification\",\"valueRequired\":true,\"valueName\":\"search_term_string\"}}],\"inLanguage\":\"de-DE\"},{\"@type\":\"Organization\",\"@id\":\"https:\/\/www.iplay.com\/en\/#organization\",\"name\":\"IPlay\",\"url\":\"https:\/\/www.iplay.com\/en\/\",\"logo\":{\"@type\":\"ImageObject\",\"inLanguage\":\"de-DE\",\"@id\":\"https:\/\/www.iplay.com\/en\/#\/schema\/logo\/image\/\",\"url\":\"https:\/\/www.iplay.com\/wp-content\/uploads\/2023\/11\/Group-6100.svg\",\"contentUrl\":\"https:\/\/www.iplay.com\/wp-content\/uploads\/2023\/11\/Group-6100.svg\",\"width\":98,\"height\":25,\"caption\":\"IPlay\"},\"image\":{\"@id\":\"https:\/\/www.iplay.com\/en\/#\/schema\/logo\/image\/\"}}]}<\/script>\n<!-- \/ Yoast SEO Premium plugin. -->","yoast_head_json":{"title":"Prinzessin Sudoku: Lustige Logikr\u00e4tsel f\u00fcr Kinder","description":"Du l\u00f6st lustige R\u00e4tsel mit niedlichen Prinzessinnen und Tieren, die dir helfen, besser zu denken!","robots":{"index":"index","follow":"follow","max-snippet":"max-snippet:-1","max-image-preview":"max-image-preview:large","max-video-preview":"max-video-preview:-1"},"canonical":"https:\/\/www.iplay.com\/de\/games\/princess-sudoku\/","og_locale":"de_DE","og_type":"article","og_title":"Princess Sudoku","og_description":"Du l\u00f6st lustige R\u00e4tsel mit niedlichen Prinzessinnen und Tieren, die dir helfen, besser zu denken!","og_url":"https:\/\/www.iplay.com\/de\/games\/princess-sudoku\/","og_site_name":"IPlay","og_image":[{"width":310,"height":310,"url":"https:\/\/www.iplay.com\/wp-content\/uploads\/2025\/06\/princess_sudoku_large_square_tile_image.webp","type":"image\/webp"}],"twitter_card":"summary_large_image","twitter_misc":{"Gesch\u00e4tzte Lesezeit":"1 Minute"},"schema":{"@context":"https:\/\/schema.org","@graph":[{"@type":"WebPage","@id":"https:\/\/www.iplay.com\/de\/games\/princess-sudoku\/","url":"https:\/\/www.iplay.com\/de\/games\/princess-sudoku\/","name":"Prinzessin Sudoku: Lustige Logikr\u00e4tsel f\u00fcr Kinder","isPartOf":{"@id":"https:\/\/www.iplay.com\/en\/#website"},"primaryImageOfPage":{"@id":"https:\/\/www.iplay.com\/de\/games\/princess-sudoku\/#primaryimage"},"image":{"@id":"https:\/\/www.iplay.com\/de\/games\/princess-sudoku\/#primaryimage"},"thumbnailUrl":"https:\/\/www.iplay.com\/wp-content\/uploads\/2025\/06\/princess_sudoku_large_square_tile_image.webp","datePublished":"2025-06-02T09:00:34+00:00","description":"Du l\u00f6st lustige R\u00e4tsel mit niedlichen Prinzessinnen und Tieren, die dir helfen, besser zu denken!","breadcrumb":{"@id":"https:\/\/www.iplay.com\/de\/games\/princess-sudoku\/#breadcrumb"},"inLanguage":"de-DE","potentialAction":[{"@type":"ReadAction","target":["https:\/\/www.iplay.com\/de\/games\/princess-sudoku\/"]}]},{"@type":"ImageObject","inLanguage":"de-DE","@id":"https:\/\/www.iplay.com\/de\/games\/princess-sudoku\/#primaryimage","url":"https:\/\/www.iplay.com\/wp-content\/uploads\/2025\/06\/princess_sudoku_large_square_tile_image.webp","contentUrl":"https:\/\/www.iplay.com\/wp-content\/uploads\/2025\/06\/princess_sudoku_large_square_tile_image.webp","width":310,"height":310},{"@type":"BreadcrumbList","@id":"https:\/\/www.iplay.com\/de\/games\/princess-sudoku\/#breadcrumb","itemListElement":[{"@type":"ListItem","position":1,"name":"Home","item":"https:\/\/www.iplay.com\/de\/home-page-2\/"},{"@type":"ListItem","position":2,"name":"Shop","item":"https:\/\/www.iplay.com\/en\/shop\/"},{"@type":"ListItem","position":3,"name":"Princess Sudoku"}]},{"@type":"WebSite","@id":"https:\/\/www.iplay.com\/en\/#website","url":"https:\/\/www.iplay.com\/en\/","name":"IPlay","description":"The Best Casual Games!","publisher":{"@id":"https:\/\/www.iplay.com\/en\/#organization"},"potentialAction":[{"@type":"SearchAction","target":{"@type":"EntryPoint","urlTemplate":"https:\/\/www.iplay.com\/en\/?s={search_term_string}"},"query-input":{"@type":"PropertyValueSpecification","valueRequired":true,"valueName":"search_term_string"}}],"inLanguage":"de-DE"},{"@type":"Organization","@id":"https:\/\/www.iplay.com\/en\/#organization","name":"IPlay","url":"https:\/\/www.iplay.com\/en\/","logo":{"@type":"ImageObject","inLanguage":"de-DE","@id":"https:\/\/www.iplay.com\/en\/#\/schema\/logo\/image\/","url":"https:\/\/www.iplay.com\/wp-content\/uploads\/2023\/11\/Group-6100.svg","contentUrl":"https:\/\/www.iplay.com\/wp-content\/uploads\/2023\/11\/Group-6100.svg","width":98,"height":25,"caption":"IPlay"},"image":{"@id":"https:\/\/www.iplay.com\/en\/#\/schema\/logo\/image\/"}}]}},"_links":{"self":[{"href":"https:\/\/www.iplay.com\/de\/wp-json\/wp\/v2\/product\/138515","targetHints":{"allow":["GET"]}}],"collection":[{"href":"https:\/\/www.iplay.com\/de\/wp-json\/wp\/v2\/product"}],"about":[{"href":"https:\/\/www.iplay.com\/de\/wp-json\/wp\/v2\/types\/product"}],"author":[{"embeddable":true,"href":"https:\/\/www.iplay.com\/de\/wp-json\/wp\/v2\/users\/320"}],"replies":[{"embeddable":true,"href":"https:\/\/www.iplay.com\/de\/wp-json\/wp\/v2\/comments?post=138515"}],"wp:featuredmedia":[{"embeddable":true,"href":"https:\/\/www.iplay.com\/de\/wp-json\/wp\/v2\/media\/138019"}],"wp:attachment":[{"href":"https:\/\/www.iplay.com\/de\/wp-json\/wp\/v2\/media?parent=138515"}],"wp:term":[{"taxonomy":"product_brand","embeddable":true,"href":"https:\/\/www.iplay.com\/de\/wp-json\/wp\/v2\/product_brand?post=138515"},{"taxonomy":"product_cat","embeddable":true,"href":"https:\/\/www.iplay.com\/de\/wp-json\/wp\/v2\/product_cat?post=138515"},{"taxonomy":"product_tag","embeddable":true,"href":"https:\/\/www.iplay.com\/de\/wp-json\/wp\/v2\/product_tag?post=138515"}],"curies":[{"name":"wp","href":"https:\/\/api.w.org\/{rel}","templated":true}]}}