{"id":138501,"date":"2025-07-07T07:30:40","date_gmt":"2025-07-07T07:30:40","guid":{"rendered":"https:\/\/www.iplay.com\/?post_type=product&p=138501"},"modified":"2025-06-12T12:05:27","modified_gmt":"2025-06-12T12:05:27","slug":"tower-of-wishes-4-shaka","status":"publish","type":"product","link":"https:\/\/www.iplay.com\/de\/games\/tower-of-wishes-4-shaka\/","title":{"rendered":"Tower of Wishes 4 &#8211; Shaka"},"content":{"rendered":"<p class=\"whitespace-normal break-words ai-optimize-30 ai-optimize-introduction\">Du betrittst die Welt der Zulu-Legende als K\u00f6nig Vusumuzi. Euer K\u00f6nigreich Ilanga zerf\u00e4llt vor Eindringlingen, D\u00fcrre und w\u00fctenden Geistern. <\/p>\n<p class=\"whitespace-normal break-words ai-optimize-31\">Ihr m\u00fcsst den mythischen Turm der W\u00fcnsche erklimmen, der nur w\u00e4hrend einer Sonnenfinsternis erscheint. Du kombinierst Perlen in herausfordernden R\u00e4tseln und entschl\u00fcsselst uralte Geheimnisse. <\/p>\n<p class=\"whitespace-normal break-words ai-optimize-32\">Du entdeckst vergessene Magie und stehst vor Entscheidungen, die die Zukunft deines Volkes pr\u00e4gen. Jedes Level bringt neue Pr\u00fcfungen mit wundersch\u00f6ner, afrikanisch inspirierter Kunst und Musik. <\/p>\n<p>&nbsp;<\/p>\n<p class=\"whitespace-normal break-words ai-optimize-33\"><strong>Funktionen<\/strong><\/p>\n<ul class=\"[&amp;:not(:last-child)_ul]:pb-1 [&amp;:not(:last-child)_ol]:pb-1 list-disc space-y-1.5 pl-7\">\n<li class=\"whitespace-normal break-words ai-optimize-34\">Kombiniere Perlen in herausfordernden Puzzles voller uralter Kr\u00e4fte<\/li>\n<li class=\"whitespace-normal break-words ai-optimize-35\">Enth\u00fclle verborgene Geheimnisse und nutze Magie aus vergessenen Relikten<\/li>\n<li class=\"whitespace-normal break-words ai-optimize-36\">L\u00f6se uralte Geheimnisse und begegne g\u00f6ttlichen Kr\u00e4ften<\/li>\n<li class=\"whitespace-normal break-words ai-optimize-37\">Triff Entscheidungen, die das Schicksal deines Volkes ver\u00e4ndern<\/li>\n<li class=\"whitespace-normal break-words ai-optimize-38\">Genie\u00dfen Sie wundersch\u00f6ne, afrikanisch inspirierte Kunst und atemberaubende Musik<\/li>\n<li class=\"whitespace-normal break-words ai-optimize-39\">Erklimme den heiligen Turm, um den Wunsch zu erf\u00fcllen, der dein K\u00f6nigreich rettet<\/li>\n<\/ul>\n","protected":false},"excerpt":{"rendered":"<p>Treten Sie ein in das Herz der Zulu-Legende in Tower of Wishes 4 &#8211; Shaka<\/p>\n","protected":false},"author":19,"featured_media":138458,"comment_status":"open","ping_status":"closed","template":"","meta":{"_acf_changed":false,"inline_featured_image":false},"product_brand":[],"product_cat":[176],"product_tag":[289],"class_list":{"0":"post-138501","1":"product","2":"type-product","3":"status-publish","4":"has-post-thumbnail","6":"product_cat-match-3-de","7":"product_tag-play-on-pc-de","9":"first","10":"instock","11":"shipping-taxable","12":"purchasable","13":"product-type-simple"},"acf":[],"yoast_head":"<!-- This site is optimized with the Yoast SEO Premium plugin v25.2 (Yoast SEO v25.2) - https:\/\/yoast.com\/wordpress\/plugins\/seo\/ -->\n<title>Turm der W\u00fcnsche 4 - Erlebe das Abenteuer von K\u00f6nig Vusumuzi<\/title>\n<meta name=\"description\" content=\"Treten Sie ein in das Herz der Zulu-Legende in Tower of Wishes 4 - Shaka\" \/>\n<meta name=\"robots\" content=\"index, follow, max-snippet:-1, max-image-preview:large, max-video-preview:-1\" \/>\n<link rel=\"canonical\" href=\"https:\/\/www.iplay.com\/en\/games\/tower-of-wishes-4-shaka\/\" \/>\n<meta property=\"og:locale\" content=\"de_DE\" \/>\n<meta property=\"og:type\" content=\"article\" \/>\n<meta property=\"og:title\" content=\"Tower of Wishes 4 - Shaka\" \/>\n<meta property=\"og:description\" content=\"Treten Sie ein in das Herz der Zulu-Legende in Tower of Wishes 4 - Shaka\" \/>\n<meta property=\"og:url\" content=\"https:\/\/www.iplay.com\/en\/games\/tower-of-wishes-4-shaka\/\" \/>\n<meta property=\"og:site_name\" content=\"IPlay\" \/>\n<meta property=\"og:image\" content=\"https:\/\/www.iplay.com\/wp-content\/uploads\/2025\/06\/tower_of_wishes_4_-_shaka_large_video_screenshot.webp\" \/>\n\t<meta property=\"og:image:width\" content=\"1280\" \/>\n\t<meta property=\"og:image:height\" content=\"720\" \/>\n\t<meta property=\"og:image:type\" content=\"image\/webp\" \/>\n<meta name=\"twitter:card\" content=\"summary_large_image\" \/>\n<meta name=\"twitter:label1\" content=\"Gesch\u00e4tzte Lesezeit\" \/>\n\t<meta name=\"twitter:data1\" content=\"1 Minute\" \/>\n<script type=\"application\/ld+json\" class=\"yoast-schema-graph\">{\"@context\":\"https:\/\/schema.org\",\"@graph\":[{\"@type\":\"WebPage\",\"@id\":\"https:\/\/www.iplay.com\/en\/games\/tower-of-wishes-4-shaka\/\",\"url\":\"https:\/\/www.iplay.com\/en\/games\/tower-of-wishes-4-shaka\/\",\"name\":\"Turm der W\u00fcnsche 4 - Erlebe das Abenteuer von K\u00f6nig Vusumuzi\",\"isPartOf\":{\"@id\":\"https:\/\/www.iplay.com\/en\/#website\"},\"primaryImageOfPage\":{\"@id\":\"https:\/\/www.iplay.com\/en\/games\/tower-of-wishes-4-shaka\/#primaryimage\"},\"image\":{\"@id\":\"https:\/\/www.iplay.com\/en\/games\/tower-of-wishes-4-shaka\/#primaryimage\"},\"thumbnailUrl\":\"https:\/\/www.iplay.com\/wp-content\/uploads\/2025\/06\/tower_of_wishes_4_-_shaka_large_video_screenshot.webp\",\"datePublished\":\"2025-07-07T07:30:40+00:00\",\"description\":\"Treten Sie ein in das Herz der Zulu-Legende in Tower of Wishes 4 - Shaka\",\"breadcrumb\":{\"@id\":\"https:\/\/www.iplay.com\/en\/games\/tower-of-wishes-4-shaka\/#breadcrumb\"},\"inLanguage\":\"de-DE\",\"potentialAction\":[{\"@type\":\"ReadAction\",\"target\":[\"https:\/\/www.iplay.com\/en\/games\/tower-of-wishes-4-shaka\/\"]}]},{\"@type\":\"ImageObject\",\"inLanguage\":\"de-DE\",\"@id\":\"https:\/\/www.iplay.com\/en\/games\/tower-of-wishes-4-shaka\/#primaryimage\",\"url\":\"https:\/\/www.iplay.com\/wp-content\/uploads\/2025\/06\/tower_of_wishes_4_-_shaka_large_video_screenshot.webp\",\"contentUrl\":\"https:\/\/www.iplay.com\/wp-content\/uploads\/2025\/06\/tower_of_wishes_4_-_shaka_large_video_screenshot.webp\",\"width\":1280,\"height\":720},{\"@type\":\"BreadcrumbList\",\"@id\":\"https:\/\/www.iplay.com\/en\/games\/tower-of-wishes-4-shaka\/#breadcrumb\",\"itemListElement\":[{\"@type\":\"ListItem\",\"position\":1,\"name\":\"Home\",\"item\":\"https:\/\/www.iplay.com\/de\/home-page-2\/\"},{\"@type\":\"ListItem\",\"position\":2,\"name\":\"Shop\",\"item\":\"https:\/\/www.iplay.com\/en\/shop\/\"},{\"@type\":\"ListItem\",\"position\":3,\"name\":\"Tower of Wishes 4 &#8211; Shaka\"}]},{\"@type\":\"WebSite\",\"@id\":\"https:\/\/www.iplay.com\/en\/#website\",\"url\":\"https:\/\/www.iplay.com\/en\/\",\"name\":\"IPlay\",\"description\":\"The Best Casual Games!\",\"publisher\":{\"@id\":\"https:\/\/www.iplay.com\/en\/#organization\"},\"potentialAction\":[{\"@type\":\"SearchAction\",\"target\":{\"@type\":\"EntryPoint\",\"urlTemplate\":\"https:\/\/www.iplay.com\/en\/?s={search_term_string}\"},\"query-input\":{\"@type\":\"PropertyValueSpecification\",\"valueRequired\":true,\"valueName\":\"search_term_string\"}}],\"inLanguage\":\"de-DE\"},{\"@type\":\"Organization\",\"@id\":\"https:\/\/www.iplay.com\/en\/#organization\",\"name\":\"IPlay\",\"url\":\"https:\/\/www.iplay.com\/en\/\",\"logo\":{\"@type\":\"ImageObject\",\"inLanguage\":\"de-DE\",\"@id\":\"https:\/\/www.iplay.com\/en\/#\/schema\/logo\/image\/\",\"url\":\"https:\/\/www.iplay.com\/wp-content\/uploads\/2023\/11\/Group-6100.svg\",\"contentUrl\":\"https:\/\/www.iplay.com\/wp-content\/uploads\/2023\/11\/Group-6100.svg\",\"width\":98,\"height\":25,\"caption\":\"IPlay\"},\"image\":{\"@id\":\"https:\/\/www.iplay.com\/en\/#\/schema\/logo\/image\/\"}}]}<\/script>\n<!-- \/ Yoast SEO Premium plugin. -->","yoast_head_json":{"title":"Turm der W\u00fcnsche 4 - Erlebe das Abenteuer von K\u00f6nig Vusumuzi","description":"Treten Sie ein in das Herz der Zulu-Legende in Tower of Wishes 4 - Shaka","robots":{"index":"index","follow":"follow","max-snippet":"max-snippet:-1","max-image-preview":"max-image-preview:large","max-video-preview":"max-video-preview:-1"},"canonical":"https:\/\/www.iplay.com\/en\/games\/tower-of-wishes-4-shaka\/","og_locale":"de_DE","og_type":"article","og_title":"Tower of Wishes 4 - Shaka","og_description":"Treten Sie ein in das Herz der Zulu-Legende in Tower of Wishes 4 - Shaka","og_url":"https:\/\/www.iplay.com\/en\/games\/tower-of-wishes-4-shaka\/","og_site_name":"IPlay","og_image":[{"width":1280,"height":720,"url":"https:\/\/www.iplay.com\/wp-content\/uploads\/2025\/06\/tower_of_wishes_4_-_shaka_large_video_screenshot.webp","type":"image\/webp"}],"twitter_card":"summary_large_image","twitter_misc":{"Gesch\u00e4tzte Lesezeit":"1 Minute"},"schema":{"@context":"https:\/\/schema.org","@graph":[{"@type":"WebPage","@id":"https:\/\/www.iplay.com\/en\/games\/tower-of-wishes-4-shaka\/","url":"https:\/\/www.iplay.com\/en\/games\/tower-of-wishes-4-shaka\/","name":"Turm der W\u00fcnsche 4 - Erlebe das Abenteuer von K\u00f6nig Vusumuzi","isPartOf":{"@id":"https:\/\/www.iplay.com\/en\/#website"},"primaryImageOfPage":{"@id":"https:\/\/www.iplay.com\/en\/games\/tower-of-wishes-4-shaka\/#primaryimage"},"image":{"@id":"https:\/\/www.iplay.com\/en\/games\/tower-of-wishes-4-shaka\/#primaryimage"},"thumbnailUrl":"https:\/\/www.iplay.com\/wp-content\/uploads\/2025\/06\/tower_of_wishes_4_-_shaka_large_video_screenshot.webp","datePublished":"2025-07-07T07:30:40+00:00","description":"Treten Sie ein in das Herz der Zulu-Legende in Tower of Wishes 4 - Shaka","breadcrumb":{"@id":"https:\/\/www.iplay.com\/en\/games\/tower-of-wishes-4-shaka\/#breadcrumb"},"inLanguage":"de-DE","potentialAction":[{"@type":"ReadAction","target":["https:\/\/www.iplay.com\/en\/games\/tower-of-wishes-4-shaka\/"]}]},{"@type":"ImageObject","inLanguage":"de-DE","@id":"https:\/\/www.iplay.com\/en\/games\/tower-of-wishes-4-shaka\/#primaryimage","url":"https:\/\/www.iplay.com\/wp-content\/uploads\/2025\/06\/tower_of_wishes_4_-_shaka_large_video_screenshot.webp","contentUrl":"https:\/\/www.iplay.com\/wp-content\/uploads\/2025\/06\/tower_of_wishes_4_-_shaka_large_video_screenshot.webp","width":1280,"height":720},{"@type":"BreadcrumbList","@id":"https:\/\/www.iplay.com\/en\/games\/tower-of-wishes-4-shaka\/#breadcrumb","itemListElement":[{"@type":"ListItem","position":1,"name":"Home","item":"https:\/\/www.iplay.com\/de\/home-page-2\/"},{"@type":"ListItem","position":2,"name":"Shop","item":"https:\/\/www.iplay.com\/en\/shop\/"},{"@type":"ListItem","position":3,"name":"Tower of Wishes 4 &#8211; Shaka"}]},{"@type":"WebSite","@id":"https:\/\/www.iplay.com\/en\/#website","url":"https:\/\/www.iplay.com\/en\/","name":"IPlay","description":"The Best Casual Games!","publisher":{"@id":"https:\/\/www.iplay.com\/en\/#organization"},"potentialAction":[{"@type":"SearchAction","target":{"@type":"EntryPoint","urlTemplate":"https:\/\/www.iplay.com\/en\/?s={search_term_string}"},"query-input":{"@type":"PropertyValueSpecification","valueRequired":true,"valueName":"search_term_string"}}],"inLanguage":"de-DE"},{"@type":"Organization","@id":"https:\/\/www.iplay.com\/en\/#organization","name":"IPlay","url":"https:\/\/www.iplay.com\/en\/","logo":{"@type":"ImageObject","inLanguage":"de-DE","@id":"https:\/\/www.iplay.com\/en\/#\/schema\/logo\/image\/","url":"https:\/\/www.iplay.com\/wp-content\/uploads\/2023\/11\/Group-6100.svg","contentUrl":"https:\/\/www.iplay.com\/wp-content\/uploads\/2023\/11\/Group-6100.svg","width":98,"height":25,"caption":"IPlay"},"image":{"@id":"https:\/\/www.iplay.com\/en\/#\/schema\/logo\/image\/"}}]}},"_links":{"self":[{"href":"https:\/\/www.iplay.com\/de\/wp-json\/wp\/v2\/product\/138501","targetHints":{"allow":["GET"]}}],"collection":[{"href":"https:\/\/www.iplay.com\/de\/wp-json\/wp\/v2\/product"}],"about":[{"href":"https:\/\/www.iplay.com\/de\/wp-json\/wp\/v2\/types\/product"}],"author":[{"embeddable":true,"href":"https:\/\/www.iplay.com\/de\/wp-json\/wp\/v2\/users\/19"}],"replies":[{"embeddable":true,"href":"https:\/\/www.iplay.com\/de\/wp-json\/wp\/v2\/comments?post=138501"}],"wp:featuredmedia":[{"embeddable":true,"href":"https:\/\/www.iplay.com\/de\/wp-json\/wp\/v2\/media\/138458"}],"wp:attachment":[{"href":"https:\/\/www.iplay.com\/de\/wp-json\/wp\/v2\/media?parent=138501"}],"wp:term":[{"taxonomy":"product_brand","embeddable":true,"href":"https:\/\/www.iplay.com\/de\/wp-json\/wp\/v2\/product_brand?post=138501"},{"taxonomy":"product_cat","embeddable":true,"href":"https:\/\/www.iplay.com\/de\/wp-json\/wp\/v2\/product_cat?post=138501"},{"taxonomy":"product_tag","embeddable":true,"href":"https:\/\/www.iplay.com\/de\/wp-json\/wp\/v2\/product_tag?post=138501"}],"curies":[{"name":"wp","href":"https:\/\/api.w.org\/{rel}","templated":true}]}}