{"id":138498,"date":"2025-06-20T08:30:14","date_gmt":"2025-06-20T08:30:14","guid":{"rendered":"https:\/\/www.iplay.com\/?post_type=product&p=138498"},"modified":"2025-06-20T08:30:14","modified_gmt":"2025-06-20T08:30:14","slug":"helga-the-viking-warrior-6-beyond-ragnarok","status":"publish","type":"product","link":"https:\/\/www.iplay.com\/de\/games\/helga-the-viking-warrior-6-beyond-ragnarok\/","title":{"rendered":"Helga the Viking Warrior 6 &#8211; Beyond Ragnarok"},"content":{"rendered":"<p class=\"whitespace-normal break-words ai-optimize-30 ai-optimize-introduction\">Die Welt ist untergegangen und die G\u00f6tter sind verschwunden. Helga ist die letzte Kriegerin, die am Leben geblieben ist, nachdem Ragnar\u00f6k alles zerst\u00f6rt hat. <\/p>\n<p class=\"whitespace-normal break-words ai-optimize-31\">Du wachst in einer zerbrochenen Welt auf, in der selbst g\u00f6ttliche Stimmen aufgeh\u00f6rt haben zu sprechen. Etwas Uraltes wacht hinter den zerst\u00f6rten Toren von Asgard. <\/p>\n<p class=\"whitespace-normal break-words ai-optimize-32\">Du jagierst nach verlorenen Artefakten aus der alten Welt. Langsam entdeckst du, dass nach dem Sturz der G\u00f6tter etwas Neues in der Leere geboren wurde. <\/p>\n<p class=\"whitespace-normal break-words ai-optimize-33\">Du k\u00e4mpfst dich durch f\u00fcnf aufregende Kapitel voller Verb\u00fcndeter und Feinde. Du meisterst mythische Artefakte und deckst verborgene Wahrheiten auf, um eine neue Zukunft aufzubauen. <\/p>\n<p>&nbsp;<\/p>\n<p class=\"whitespace-normal break-words ai-optimize-34\"><strong>Funktionen<\/strong><\/p>\n<ul class=\"[&amp;:not(:last-child)_ul]:pb-1 [&amp;:not(:last-child)_ol]:pb-1 list-disc space-y-1.5 pl-7\">\n<li class=\"whitespace-normal break-words ai-optimize-35\">K\u00e4mpfe in spannenden Match-3-Schlachten mit der Magie nach Ragnarok<\/li>\n<li class=\"whitespace-normal break-words ai-optimize-36\">Entdecke drei m\u00e4chtige mythische Artefakte, die das Spiel ver\u00e4ndern<\/li>\n<li class=\"whitespace-normal break-words ai-optimize-37\">Erlebe f\u00fcnf gro\u00dfe Kapitel voller Geheimnisse und K\u00e4mpfe<\/li>\n<li class=\"whitespace-normal break-words ai-optimize-38\">Triff unerwartete Verb\u00fcndete und seltsame Wesen, die sich nicht vorstellen k\u00f6nnen<\/li>\n<li class=\"whitespace-normal break-words ai-optimize-39\">Genie\u00dfe eine tiefgr\u00fcndige Geschichte, die Helgas episches Abenteuer beendet<\/li>\n<\/ul>\n","protected":false},"excerpt":{"rendered":"<p>Wird Helga aufsteigen, um die neue Welt zu gestalten, oder wird sie im Fl\u00fcstern der Leere verloren gehen?<\/p>\n","protected":false},"author":42,"featured_media":138421,"comment_status":"open","ping_status":"closed","template":"","meta":{"_acf_changed":false,"inline_featured_image":false},"product_brand":[],"product_cat":[176],"product_tag":[289],"class_list":{"0":"post-138498","1":"product","2":"type-product","3":"status-publish","4":"has-post-thumbnail","6":"product_cat-match-3-de","7":"product_tag-play-on-pc-de","9":"first","10":"instock","11":"shipping-taxable","12":"purchasable","13":"product-type-simple"},"acf":[],"yoast_head":"<!-- This site is optimized with the Yoast SEO Premium plugin v25.2 (Yoast SEO v25.2) - https:\/\/yoast.com\/wordpress\/plugins\/seo\/ -->\n<title>Helga die Wikingerkriegerin 6: Abenteuer in neun Reichen<\/title>\n<meta name=\"description\" content=\"Wird Helga aufsteigen, um die neue Welt zu gestalten, oder wird sie im Fl\u00fcstern der Leere verloren gehen?\" \/>\n<meta name=\"robots\" content=\"index, follow, max-snippet:-1, max-image-preview:large, max-video-preview:-1\" \/>\n<link rel=\"canonical\" href=\"https:\/\/www.iplay.com\/en\/games\/helga-the-viking-warrior-6-beyond-ragnarok\/\" \/>\n<meta property=\"og:locale\" content=\"de_DE\" \/>\n<meta property=\"og:type\" content=\"article\" \/>\n<meta property=\"og:title\" content=\"Helga the Viking Warrior 6 - Beyond Ragnarok\" \/>\n<meta property=\"og:description\" content=\"Wird Helga aufsteigen, um die neue Welt zu gestalten, oder wird sie im Fl\u00fcstern der Leere verloren gehen?\" \/>\n<meta property=\"og:url\" content=\"https:\/\/www.iplay.com\/en\/games\/helga-the-viking-warrior-6-beyond-ragnarok\/\" \/>\n<meta property=\"og:site_name\" content=\"IPlay\" \/>\n<meta property=\"og:image\" content=\"https:\/\/www.iplay.com\/wp-content\/uploads\/2025\/06\/helga_the_viking_warrior_6_beyond_ragnarok_large_video_screenshot.webp\" \/>\n\t<meta property=\"og:image:width\" content=\"715\" \/>\n\t<meta property=\"og:image:height\" content=\"485\" \/>\n\t<meta property=\"og:image:type\" content=\"image\/webp\" \/>\n<meta name=\"twitter:card\" content=\"summary_large_image\" \/>\n<meta name=\"twitter:label1\" content=\"Gesch\u00e4tzte Lesezeit\" \/>\n\t<meta name=\"twitter:data1\" content=\"1 Minute\" \/>\n<script type=\"application\/ld+json\" class=\"yoast-schema-graph\">{\"@context\":\"https:\/\/schema.org\",\"@graph\":[{\"@type\":\"WebPage\",\"@id\":\"https:\/\/www.iplay.com\/en\/games\/helga-the-viking-warrior-6-beyond-ragnarok\/\",\"url\":\"https:\/\/www.iplay.com\/en\/games\/helga-the-viking-warrior-6-beyond-ragnarok\/\",\"name\":\"Helga die Wikingerkriegerin 6: Abenteuer in neun Reichen\",\"isPartOf\":{\"@id\":\"https:\/\/www.iplay.com\/en\/#website\"},\"primaryImageOfPage\":{\"@id\":\"https:\/\/www.iplay.com\/en\/games\/helga-the-viking-warrior-6-beyond-ragnarok\/#primaryimage\"},\"image\":{\"@id\":\"https:\/\/www.iplay.com\/en\/games\/helga-the-viking-warrior-6-beyond-ragnarok\/#primaryimage\"},\"thumbnailUrl\":\"https:\/\/www.iplay.com\/wp-content\/uploads\/2025\/06\/helga_the_viking_warrior_6_beyond_ragnarok_large_square_tile_image.webp\",\"datePublished\":\"2025-06-20T08:30:14+00:00\",\"description\":\"Wird Helga aufsteigen, um die neue Welt zu gestalten, oder wird sie im Fl\u00fcstern der Leere verloren gehen?\",\"breadcrumb\":{\"@id\":\"https:\/\/www.iplay.com\/en\/games\/helga-the-viking-warrior-6-beyond-ragnarok\/#breadcrumb\"},\"inLanguage\":\"de-DE\",\"potentialAction\":[{\"@type\":\"ReadAction\",\"target\":[\"https:\/\/www.iplay.com\/en\/games\/helga-the-viking-warrior-6-beyond-ragnarok\/\"]}]},{\"@type\":\"ImageObject\",\"inLanguage\":\"de-DE\",\"@id\":\"https:\/\/www.iplay.com\/en\/games\/helga-the-viking-warrior-6-beyond-ragnarok\/#primaryimage\",\"url\":\"https:\/\/www.iplay.com\/wp-content\/uploads\/2025\/06\/helga_the_viking_warrior_6_beyond_ragnarok_large_square_tile_image.webp\",\"contentUrl\":\"https:\/\/www.iplay.com\/wp-content\/uploads\/2025\/06\/helga_the_viking_warrior_6_beyond_ragnarok_large_square_tile_image.webp\",\"width\":310,\"height\":310},{\"@type\":\"BreadcrumbList\",\"@id\":\"https:\/\/www.iplay.com\/en\/games\/helga-the-viking-warrior-6-beyond-ragnarok\/#breadcrumb\",\"itemListElement\":[{\"@type\":\"ListItem\",\"position\":1,\"name\":\"Home\",\"item\":\"https:\/\/www.iplay.com\/de\/home-page-2\/\"},{\"@type\":\"ListItem\",\"position\":2,\"name\":\"Shop\",\"item\":\"https:\/\/www.iplay.com\/en\/shop\/\"},{\"@type\":\"ListItem\",\"position\":3,\"name\":\"Helga the Viking Warrior 6 &#8211; Beyond Ragnarok\"}]},{\"@type\":\"WebSite\",\"@id\":\"https:\/\/www.iplay.com\/en\/#website\",\"url\":\"https:\/\/www.iplay.com\/en\/\",\"name\":\"IPlay\",\"description\":\"The Best Casual Games!\",\"publisher\":{\"@id\":\"https:\/\/www.iplay.com\/en\/#organization\"},\"potentialAction\":[{\"@type\":\"SearchAction\",\"target\":{\"@type\":\"EntryPoint\",\"urlTemplate\":\"https:\/\/www.iplay.com\/en\/?s={search_term_string}\"},\"query-input\":{\"@type\":\"PropertyValueSpecification\",\"valueRequired\":true,\"valueName\":\"search_term_string\"}}],\"inLanguage\":\"de-DE\"},{\"@type\":\"Organization\",\"@id\":\"https:\/\/www.iplay.com\/en\/#organization\",\"name\":\"IPlay\",\"url\":\"https:\/\/www.iplay.com\/en\/\",\"logo\":{\"@type\":\"ImageObject\",\"inLanguage\":\"de-DE\",\"@id\":\"https:\/\/www.iplay.com\/en\/#\/schema\/logo\/image\/\",\"url\":\"https:\/\/www.iplay.com\/wp-content\/uploads\/2023\/11\/Group-6100.svg\",\"contentUrl\":\"https:\/\/www.iplay.com\/wp-content\/uploads\/2023\/11\/Group-6100.svg\",\"width\":98,\"height\":25,\"caption\":\"IPlay\"},\"image\":{\"@id\":\"https:\/\/www.iplay.com\/en\/#\/schema\/logo\/image\/\"}}]}<\/script>\n<!-- \/ Yoast SEO Premium plugin. -->","yoast_head_json":{"title":"Helga die Wikingerkriegerin 6: Abenteuer in neun Reichen","description":"Wird Helga aufsteigen, um die neue Welt zu gestalten, oder wird sie im Fl\u00fcstern der Leere verloren gehen?","robots":{"index":"index","follow":"follow","max-snippet":"max-snippet:-1","max-image-preview":"max-image-preview:large","max-video-preview":"max-video-preview:-1"},"canonical":"https:\/\/www.iplay.com\/en\/games\/helga-the-viking-warrior-6-beyond-ragnarok\/","og_locale":"de_DE","og_type":"article","og_title":"Helga the Viking Warrior 6 - Beyond Ragnarok","og_description":"Wird Helga aufsteigen, um die neue Welt zu gestalten, oder wird sie im Fl\u00fcstern der Leere verloren gehen?","og_url":"https:\/\/www.iplay.com\/en\/games\/helga-the-viking-warrior-6-beyond-ragnarok\/","og_site_name":"IPlay","og_image":[{"width":715,"height":485,"url":"https:\/\/www.iplay.com\/wp-content\/uploads\/2025\/06\/helga_the_viking_warrior_6_beyond_ragnarok_large_video_screenshot.webp","type":"image\/webp"}],"twitter_card":"summary_large_image","twitter_misc":{"Gesch\u00e4tzte Lesezeit":"1 Minute"},"schema":{"@context":"https:\/\/schema.org","@graph":[{"@type":"WebPage","@id":"https:\/\/www.iplay.com\/en\/games\/helga-the-viking-warrior-6-beyond-ragnarok\/","url":"https:\/\/www.iplay.com\/en\/games\/helga-the-viking-warrior-6-beyond-ragnarok\/","name":"Helga die Wikingerkriegerin 6: Abenteuer in neun Reichen","isPartOf":{"@id":"https:\/\/www.iplay.com\/en\/#website"},"primaryImageOfPage":{"@id":"https:\/\/www.iplay.com\/en\/games\/helga-the-viking-warrior-6-beyond-ragnarok\/#primaryimage"},"image":{"@id":"https:\/\/www.iplay.com\/en\/games\/helga-the-viking-warrior-6-beyond-ragnarok\/#primaryimage"},"thumbnailUrl":"https:\/\/www.iplay.com\/wp-content\/uploads\/2025\/06\/helga_the_viking_warrior_6_beyond_ragnarok_large_square_tile_image.webp","datePublished":"2025-06-20T08:30:14+00:00","description":"Wird Helga aufsteigen, um die neue Welt zu gestalten, oder wird sie im Fl\u00fcstern der Leere verloren gehen?","breadcrumb":{"@id":"https:\/\/www.iplay.com\/en\/games\/helga-the-viking-warrior-6-beyond-ragnarok\/#breadcrumb"},"inLanguage":"de-DE","potentialAction":[{"@type":"ReadAction","target":["https:\/\/www.iplay.com\/en\/games\/helga-the-viking-warrior-6-beyond-ragnarok\/"]}]},{"@type":"ImageObject","inLanguage":"de-DE","@id":"https:\/\/www.iplay.com\/en\/games\/helga-the-viking-warrior-6-beyond-ragnarok\/#primaryimage","url":"https:\/\/www.iplay.com\/wp-content\/uploads\/2025\/06\/helga_the_viking_warrior_6_beyond_ragnarok_large_square_tile_image.webp","contentUrl":"https:\/\/www.iplay.com\/wp-content\/uploads\/2025\/06\/helga_the_viking_warrior_6_beyond_ragnarok_large_square_tile_image.webp","width":310,"height":310},{"@type":"BreadcrumbList","@id":"https:\/\/www.iplay.com\/en\/games\/helga-the-viking-warrior-6-beyond-ragnarok\/#breadcrumb","itemListElement":[{"@type":"ListItem","position":1,"name":"Home","item":"https:\/\/www.iplay.com\/de\/home-page-2\/"},{"@type":"ListItem","position":2,"name":"Shop","item":"https:\/\/www.iplay.com\/en\/shop\/"},{"@type":"ListItem","position":3,"name":"Helga the Viking Warrior 6 &#8211; Beyond Ragnarok"}]},{"@type":"WebSite","@id":"https:\/\/www.iplay.com\/en\/#website","url":"https:\/\/www.iplay.com\/en\/","name":"IPlay","description":"The Best Casual Games!","publisher":{"@id":"https:\/\/www.iplay.com\/en\/#organization"},"potentialAction":[{"@type":"SearchAction","target":{"@type":"EntryPoint","urlTemplate":"https:\/\/www.iplay.com\/en\/?s={search_term_string}"},"query-input":{"@type":"PropertyValueSpecification","valueRequired":true,"valueName":"search_term_string"}}],"inLanguage":"de-DE"},{"@type":"Organization","@id":"https:\/\/www.iplay.com\/en\/#organization","name":"IPlay","url":"https:\/\/www.iplay.com\/en\/","logo":{"@type":"ImageObject","inLanguage":"de-DE","@id":"https:\/\/www.iplay.com\/en\/#\/schema\/logo\/image\/","url":"https:\/\/www.iplay.com\/wp-content\/uploads\/2023\/11\/Group-6100.svg","contentUrl":"https:\/\/www.iplay.com\/wp-content\/uploads\/2023\/11\/Group-6100.svg","width":98,"height":25,"caption":"IPlay"},"image":{"@id":"https:\/\/www.iplay.com\/en\/#\/schema\/logo\/image\/"}}]}},"_links":{"self":[{"href":"https:\/\/www.iplay.com\/de\/wp-json\/wp\/v2\/product\/138498","targetHints":{"allow":["GET"]}}],"collection":[{"href":"https:\/\/www.iplay.com\/de\/wp-json\/wp\/v2\/product"}],"about":[{"href":"https:\/\/www.iplay.com\/de\/wp-json\/wp\/v2\/types\/product"}],"author":[{"embeddable":true,"href":"https:\/\/www.iplay.com\/de\/wp-json\/wp\/v2\/users\/42"}],"replies":[{"embeddable":true,"href":"https:\/\/www.iplay.com\/de\/wp-json\/wp\/v2\/comments?post=138498"}],"wp:featuredmedia":[{"embeddable":true,"href":"https:\/\/www.iplay.com\/de\/wp-json\/wp\/v2\/media\/138421"}],"wp:attachment":[{"href":"https:\/\/www.iplay.com\/de\/wp-json\/wp\/v2\/media?parent=138498"}],"wp:term":[{"taxonomy":"product_brand","embeddable":true,"href":"https:\/\/www.iplay.com\/de\/wp-json\/wp\/v2\/product_brand?post=138498"},{"taxonomy":"product_cat","embeddable":true,"href":"https:\/\/www.iplay.com\/de\/wp-json\/wp\/v2\/product_cat?post=138498"},{"taxonomy":"product_tag","embeddable":true,"href":"https:\/\/www.iplay.com\/de\/wp-json\/wp\/v2\/product_tag?post=138498"}],"curies":[{"name":"wp","href":"https:\/\/api.w.org\/{rel}","templated":true}]}}