{"id":137736,"date":"2020-08-31T00:00:00","date_gmt":"2020-08-31T00:00:00","guid":{"rendered":"https:\/\/www.iplay.com\/games\/princess-solitaire\/"},"modified":"2020-08-31T00:00:00","modified_gmt":"2020-08-31T00:00:00","slug":"princess-solitaire","status":"publish","type":"product","link":"https:\/\/www.iplay.com\/de\/games\/princess-solitaire\/","title":{"rendered":"Princess Solitaire"},"content":{"rendered":"<p>Das K\u00f6nigreich Marderburg bereitet sich darauf vor, dem Reichtum und dem Erfolg des 500-j\u00e4hrigen Jubil\u00e4ums der k\u00f6niglichen Dynastie zu gedenken. Vor allem der Prinz aus dem angrenzenden Reich geh\u00f6rt zu den gesch\u00e4tzten G\u00e4sten, die der K\u00f6nig, die Prinzessin und ihre gute Fee gerne begr\u00fc\u00dfen. Sie h\u00e4tten fast alles gegeben, aber sie haben sich entschieden, die b\u00f6se Hexe nicht einzuladen. Davon beleidigt, bezauberte sie den Prinzen und verursachte Chaos und Zeitzauber \u00fcber die Festung. Das sind auch die Kartenzauberspr\u00fcche! Als Zeremonienmeister des K\u00f6nigreichs liegt es in deiner Verantwortung, der Fee dabei zu helfen, die Zauberspr\u00fcche der Hexe zu kontern und ihre Auswirkungen zu entfernen. Spiele Solit\u00e4rspiele und nimm magische Karten heraus, um Schriftrollen, Schl\u00fcssel und andere wichtige Gegenst\u00e4nde zu erhalten! Das Spiel verbirgt eine Vielzahl von Barrieren und Boostern, ungew\u00f6hnliche Kartenlayouts und echte Herausforderungen. Die hartn\u00e4ckigsten, kl\u00fcgsten und mutigsten Spieler sollten sich dieser Herausforderung stellen. Bist du bereit, nur deine Karten und deinen Verstand zu verwenden, um die b\u00f6se Hexe zu besiegen? Spiele Princess Solit\u00e4r, um den Zusammenbruch des K\u00f6nigreichs zu verhindern! Spiele 165 unglaubliche Levels!           <\/p>\n<p>&nbsp;<\/p>\n<p>&nbsp;<\/p>\n<p><strong>Funktionen:<\/strong><\/p>\n<p>&nbsp;<\/p>\n<p>&#8211; Sieh dir verschiedene Kartenangebote und Herausforderungen an!<br \/>\n&#8211; Um zu gewinnen, nutze Wild Cards, Booster und Joker!<br \/>\n&#8211; Sch\u00e4tze eine faszinierende Handlung und Aufgaben!<br \/>\n&#8211; Tauche ein in eine Welt wie aus einem M\u00e4rchen!<\/p>\n","protected":false},"excerpt":{"rendered":"<p>Spiele magischen Solit\u00e4r, um das K\u00f6nigreich Marderburg vor dem Charme der b\u00f6sen Hexe zu sch\u00fctzen.<\/p>\n","protected":false},"author":14,"featured_media":82307,"comment_status":"open","ping_status":"closed","template":"","meta":{"_acf_changed":false,"inline_featured_image":false},"product_brand":[],"product_cat":[157,206],"product_tag":[289],"class_list":{"0":"post-137736","1":"product","2":"type-product","3":"status-publish","4":"has-post-thumbnail","6":"product_cat-card-de-2","7":"product_cat-solitaire-de","8":"product_tag-play-on-pc-de","10":"first","11":"instock","12":"shipping-taxable","13":"purchasable","14":"product-type-simple"},"acf":[],"yoast_head":"<!-- This site is optimized with the Yoast SEO Premium plugin v25.2 (Yoast SEO v25.2) - https:\/\/yoast.com\/wordpress\/plugins\/seo\/ -->\n<title>Princess Solit\u00e4r - Rette das K\u00f6nigreich Marderburg! (Magischer Solit\u00e4r)<\/title>\n<meta name=\"description\" content=\"Spiele magischen Solit\u00e4r, um das K\u00f6nigreich Marderburg vor dem Charme der b\u00f6sen Hexe zu sch\u00fctzen.\" \/>\n<meta name=\"robots\" content=\"index, follow, max-snippet:-1, max-image-preview:large, max-video-preview:-1\" \/>\n<link rel=\"canonical\" href=\"https:\/\/www.iplay.com\/de\/games\/princess-solitaire\/\" \/>\n<meta property=\"og:locale\" content=\"de_DE\" \/>\n<meta property=\"og:type\" content=\"article\" \/>\n<meta property=\"og:title\" content=\"Princess Solitaire\" \/>\n<meta property=\"og:description\" content=\"Spiele magischen Solit\u00e4r, um das K\u00f6nigreich Marderburg vor dem Charme der b\u00f6sen Hexe zu sch\u00fctzen.\" \/>\n<meta property=\"og:url\" content=\"https:\/\/www.iplay.com\/de\/games\/princess-solitaire\/\" \/>\n<meta property=\"og:site_name\" content=\"IPlay\" \/>\n<meta property=\"og:image\" content=\"https:\/\/www.iplay.com\/wp-content\/uploads\/2023\/12\/large_square_tile_image-2650.jpg\" \/>\n\t<meta property=\"og:image:width\" content=\"310\" \/>\n\t<meta property=\"og:image:height\" content=\"310\" \/>\n\t<meta property=\"og:image:type\" content=\"image\/jpeg\" \/>\n<meta name=\"twitter:card\" content=\"summary_large_image\" \/>\n<meta name=\"twitter:label1\" content=\"Gesch\u00e4tzte Lesezeit\" \/>\n\t<meta name=\"twitter:data1\" content=\"1 Minute\" \/>\n<script type=\"application\/ld+json\" class=\"yoast-schema-graph\">{\"@context\":\"https:\/\/schema.org\",\"@graph\":[{\"@type\":\"WebPage\",\"@id\":\"https:\/\/www.iplay.com\/de\/games\/princess-solitaire\/\",\"url\":\"https:\/\/www.iplay.com\/de\/games\/princess-solitaire\/\",\"name\":\"Princess Solit\u00e4r - Rette das K\u00f6nigreich Marderburg! (Magischer Solit\u00e4r)\",\"isPartOf\":{\"@id\":\"https:\/\/www.iplay.com\/en\/#website\"},\"primaryImageOfPage\":{\"@id\":\"https:\/\/www.iplay.com\/de\/games\/princess-solitaire\/#primaryimage\"},\"image\":{\"@id\":\"https:\/\/www.iplay.com\/de\/games\/princess-solitaire\/#primaryimage\"},\"thumbnailUrl\":\"https:\/\/www.iplay.com\/wp-content\/uploads\/2023\/12\/large_square_tile_image-2650.jpg\",\"datePublished\":\"2020-08-31T00:00:00+00:00\",\"description\":\"Spiele magischen Solit\u00e4r, um das K\u00f6nigreich Marderburg vor dem Charme der b\u00f6sen Hexe zu sch\u00fctzen.\",\"breadcrumb\":{\"@id\":\"https:\/\/www.iplay.com\/de\/games\/princess-solitaire\/#breadcrumb\"},\"inLanguage\":\"de-DE\",\"potentialAction\":[{\"@type\":\"ReadAction\",\"target\":[\"https:\/\/www.iplay.com\/de\/games\/princess-solitaire\/\"]}]},{\"@type\":\"ImageObject\",\"inLanguage\":\"de-DE\",\"@id\":\"https:\/\/www.iplay.com\/de\/games\/princess-solitaire\/#primaryimage\",\"url\":\"https:\/\/www.iplay.com\/wp-content\/uploads\/2023\/12\/large_square_tile_image-2650.jpg\",\"contentUrl\":\"https:\/\/www.iplay.com\/wp-content\/uploads\/2023\/12\/large_square_tile_image-2650.jpg\",\"width\":310,\"height\":310},{\"@type\":\"BreadcrumbList\",\"@id\":\"https:\/\/www.iplay.com\/de\/games\/princess-solitaire\/#breadcrumb\",\"itemListElement\":[{\"@type\":\"ListItem\",\"position\":1,\"name\":\"Home\",\"item\":\"https:\/\/www.iplay.com\/de\/home-page-2\/\"},{\"@type\":\"ListItem\",\"position\":2,\"name\":\"Shop\",\"item\":\"https:\/\/www.iplay.com\/en\/shop\/\"},{\"@type\":\"ListItem\",\"position\":3,\"name\":\"Princess Solitaire\"}]},{\"@type\":\"WebSite\",\"@id\":\"https:\/\/www.iplay.com\/en\/#website\",\"url\":\"https:\/\/www.iplay.com\/en\/\",\"name\":\"IPlay\",\"description\":\"The Best Casual Games!\",\"publisher\":{\"@id\":\"https:\/\/www.iplay.com\/en\/#organization\"},\"potentialAction\":[{\"@type\":\"SearchAction\",\"target\":{\"@type\":\"EntryPoint\",\"urlTemplate\":\"https:\/\/www.iplay.com\/en\/?s={search_term_string}\"},\"query-input\":{\"@type\":\"PropertyValueSpecification\",\"valueRequired\":true,\"valueName\":\"search_term_string\"}}],\"inLanguage\":\"de-DE\"},{\"@type\":\"Organization\",\"@id\":\"https:\/\/www.iplay.com\/en\/#organization\",\"name\":\"IPlay\",\"url\":\"https:\/\/www.iplay.com\/en\/\",\"logo\":{\"@type\":\"ImageObject\",\"inLanguage\":\"de-DE\",\"@id\":\"https:\/\/www.iplay.com\/en\/#\/schema\/logo\/image\/\",\"url\":\"https:\/\/www.iplay.com\/wp-content\/uploads\/2023\/11\/Group-6100.svg\",\"contentUrl\":\"https:\/\/www.iplay.com\/wp-content\/uploads\/2023\/11\/Group-6100.svg\",\"width\":98,\"height\":25,\"caption\":\"IPlay\"},\"image\":{\"@id\":\"https:\/\/www.iplay.com\/en\/#\/schema\/logo\/image\/\"}}]}<\/script>\n<!-- \/ Yoast SEO Premium plugin. -->","yoast_head_json":{"title":"Princess Solit\u00e4r - Rette das K\u00f6nigreich Marderburg! (Magischer Solit\u00e4r)","description":"Spiele magischen Solit\u00e4r, um das K\u00f6nigreich Marderburg vor dem Charme der b\u00f6sen Hexe zu sch\u00fctzen.","robots":{"index":"index","follow":"follow","max-snippet":"max-snippet:-1","max-image-preview":"max-image-preview:large","max-video-preview":"max-video-preview:-1"},"canonical":"https:\/\/www.iplay.com\/de\/games\/princess-solitaire\/","og_locale":"de_DE","og_type":"article","og_title":"Princess Solitaire","og_description":"Spiele magischen Solit\u00e4r, um das K\u00f6nigreich Marderburg vor dem Charme der b\u00f6sen Hexe zu sch\u00fctzen.","og_url":"https:\/\/www.iplay.com\/de\/games\/princess-solitaire\/","og_site_name":"IPlay","og_image":[{"width":310,"height":310,"url":"https:\/\/www.iplay.com\/wp-content\/uploads\/2023\/12\/large_square_tile_image-2650.jpg","type":"image\/jpeg"}],"twitter_card":"summary_large_image","twitter_misc":{"Gesch\u00e4tzte Lesezeit":"1 Minute"},"schema":{"@context":"https:\/\/schema.org","@graph":[{"@type":"WebPage","@id":"https:\/\/www.iplay.com\/de\/games\/princess-solitaire\/","url":"https:\/\/www.iplay.com\/de\/games\/princess-solitaire\/","name":"Princess Solit\u00e4r - Rette das K\u00f6nigreich Marderburg! (Magischer Solit\u00e4r)","isPartOf":{"@id":"https:\/\/www.iplay.com\/en\/#website"},"primaryImageOfPage":{"@id":"https:\/\/www.iplay.com\/de\/games\/princess-solitaire\/#primaryimage"},"image":{"@id":"https:\/\/www.iplay.com\/de\/games\/princess-solitaire\/#primaryimage"},"thumbnailUrl":"https:\/\/www.iplay.com\/wp-content\/uploads\/2023\/12\/large_square_tile_image-2650.jpg","datePublished":"2020-08-31T00:00:00+00:00","description":"Spiele magischen Solit\u00e4r, um das K\u00f6nigreich Marderburg vor dem Charme der b\u00f6sen Hexe zu sch\u00fctzen.","breadcrumb":{"@id":"https:\/\/www.iplay.com\/de\/games\/princess-solitaire\/#breadcrumb"},"inLanguage":"de-DE","potentialAction":[{"@type":"ReadAction","target":["https:\/\/www.iplay.com\/de\/games\/princess-solitaire\/"]}]},{"@type":"ImageObject","inLanguage":"de-DE","@id":"https:\/\/www.iplay.com\/de\/games\/princess-solitaire\/#primaryimage","url":"https:\/\/www.iplay.com\/wp-content\/uploads\/2023\/12\/large_square_tile_image-2650.jpg","contentUrl":"https:\/\/www.iplay.com\/wp-content\/uploads\/2023\/12\/large_square_tile_image-2650.jpg","width":310,"height":310},{"@type":"BreadcrumbList","@id":"https:\/\/www.iplay.com\/de\/games\/princess-solitaire\/#breadcrumb","itemListElement":[{"@type":"ListItem","position":1,"name":"Home","item":"https:\/\/www.iplay.com\/de\/home-page-2\/"},{"@type":"ListItem","position":2,"name":"Shop","item":"https:\/\/www.iplay.com\/en\/shop\/"},{"@type":"ListItem","position":3,"name":"Princess Solitaire"}]},{"@type":"WebSite","@id":"https:\/\/www.iplay.com\/en\/#website","url":"https:\/\/www.iplay.com\/en\/","name":"IPlay","description":"The Best Casual Games!","publisher":{"@id":"https:\/\/www.iplay.com\/en\/#organization"},"potentialAction":[{"@type":"SearchAction","target":{"@type":"EntryPoint","urlTemplate":"https:\/\/www.iplay.com\/en\/?s={search_term_string}"},"query-input":{"@type":"PropertyValueSpecification","valueRequired":true,"valueName":"search_term_string"}}],"inLanguage":"de-DE"},{"@type":"Organization","@id":"https:\/\/www.iplay.com\/en\/#organization","name":"IPlay","url":"https:\/\/www.iplay.com\/en\/","logo":{"@type":"ImageObject","inLanguage":"de-DE","@id":"https:\/\/www.iplay.com\/en\/#\/schema\/logo\/image\/","url":"https:\/\/www.iplay.com\/wp-content\/uploads\/2023\/11\/Group-6100.svg","contentUrl":"https:\/\/www.iplay.com\/wp-content\/uploads\/2023\/11\/Group-6100.svg","width":98,"height":25,"caption":"IPlay"},"image":{"@id":"https:\/\/www.iplay.com\/en\/#\/schema\/logo\/image\/"}}]}},"_links":{"self":[{"href":"https:\/\/www.iplay.com\/de\/wp-json\/wp\/v2\/product\/137736","targetHints":{"allow":["GET"]}}],"collection":[{"href":"https:\/\/www.iplay.com\/de\/wp-json\/wp\/v2\/product"}],"about":[{"href":"https:\/\/www.iplay.com\/de\/wp-json\/wp\/v2\/types\/product"}],"author":[{"embeddable":true,"href":"https:\/\/www.iplay.com\/de\/wp-json\/wp\/v2\/users\/14"}],"replies":[{"embeddable":true,"href":"https:\/\/www.iplay.com\/de\/wp-json\/wp\/v2\/comments?post=137736"}],"wp:featuredmedia":[{"embeddable":true,"href":"https:\/\/www.iplay.com\/de\/wp-json\/wp\/v2\/media\/82307"}],"wp:attachment":[{"href":"https:\/\/www.iplay.com\/de\/wp-json\/wp\/v2\/media?parent=137736"}],"wp:term":[{"taxonomy":"product_brand","embeddable":true,"href":"https:\/\/www.iplay.com\/de\/wp-json\/wp\/v2\/product_brand?post=137736"},{"taxonomy":"product_cat","embeddable":true,"href":"https:\/\/www.iplay.com\/de\/wp-json\/wp\/v2\/product_cat?post=137736"},{"taxonomy":"product_tag","embeddable":true,"href":"https:\/\/www.iplay.com\/de\/wp-json\/wp\/v2\/product_tag?post=137736"}],"curies":[{"name":"wp","href":"https:\/\/api.w.org\/{rel}","templated":true}]}}