{"id":137726,"date":"2020-09-14T00:00:00","date_gmt":"2020-09-14T00:00:00","guid":{"rendered":"https:\/\/www.iplay.com\/games\/spy-story-the-elusive-evidence\/"},"modified":"2020-09-14T00:00:00","modified_gmt":"2020-09-14T00:00:00","slug":"spy-story-the-elusive-evidence","status":"publish","type":"product","link":"https:\/\/www.iplay.com\/de\/games\/spy-story-the-elusive-evidence\/","title":{"rendered":"Spy Story &#8211; The Elusive Evidence"},"content":{"rendered":"<p>Bist du bereit, an einer verdeckten Mission teilzunehmen? L\u00fcften Sie mit dem Spionageduo das Geheimnis einer verwickelten Geschichte. Schauen Sie sich 12 verschiedene Bereiche an, um schwer fassbare Beweise zu finden! Um das Geheimnis zu l\u00fcften, musst du Missionen erf\u00fcllen und nach Hinweisen und Hinweisen suchen! Auf dem Weg dorthin wird es viele herausfordernde Kartenspiele geben! Sie k\u00f6nnen sie aber verwalten! Die Spione brauchen deine Hilfe!      <\/p>\n<p>&nbsp;<\/p>\n<p>&nbsp;<\/p>\n<p><strong>Funktionen:<\/strong><\/p>\n<p>&nbsp;<\/p>\n<p>&#8211; Spielen Sie das Kartenspiel Solit\u00e4r und bauen Sie Kartenketten!<br \/>\n&#8211; Dank dieser Levels gibt es jede Sekunde viel Spannung!<br \/>\n&#8211; Mit seiner lebendigen Grafik und der fesselnden Piratenmusik ist dieser Solit\u00e4r ein Gewinner!<br \/>\n&#8211; Joker erm\u00f6glichen es Ihnen, Karten schneller abzuwerfen und gleichzeitig den Kombinationsmultiplikator zu erh\u00f6hen, um Ihre M\u00fcnzeinnahmen zu maximieren!<br \/>\n&#8211; Erreiche Ziele und erhalte alle 15 Leads und Hinweise!<br \/>\n&#8211; Lassen Sie den Genuss die Oberhand gewinnen!<\/p>\n","protected":false},"excerpt":{"rendered":"<p>Knacke die kompliziertesten Spionagepl\u00e4ne, die du je gesehen hast! In Spy Story: Der unwiderlegbare Beweis <\/p>\n","protected":false},"author":13,"featured_media":82195,"comment_status":"open","ping_status":"closed","template":"","meta":{"_acf_changed":false,"inline_featured_image":false},"product_brand":[],"product_cat":[157,206],"product_tag":[289],"class_list":{"0":"post-137726","1":"product","2":"type-product","3":"status-publish","4":"has-post-thumbnail","6":"product_cat-card-de-2","7":"product_cat-solitaire-de","8":"product_tag-play-on-pc-de","10":"first","11":"instock","12":"shipping-taxable","13":"purchasable","14":"product-type-simple"},"acf":[],"yoast_head":"<!-- This site is optimized with the Yoast SEO Premium plugin v25.2 (Yoast SEO v25.2) - https:\/\/yoast.com\/wordpress\/plugins\/seo\/ -->\n<title>Spy Story - The Elusive Evidence - Tauche ein in eine spannende Spy Story mit schwer fassbaren Beweisen<\/title>\n<meta name=\"description\" content=\"Knacke die kompliziertesten Spionagepl\u00e4ne, die du je gesehen hast! In Spy Story: Der unwiderlegbare Beweis\" \/>\n<meta name=\"robots\" content=\"index, follow, max-snippet:-1, max-image-preview:large, max-video-preview:-1\" \/>\n<link rel=\"canonical\" href=\"https:\/\/www.iplay.com\/de\/games\/spy-story-the-elusive-evidence\/\" \/>\n<meta property=\"og:locale\" content=\"de_DE\" \/>\n<meta property=\"og:type\" content=\"article\" \/>\n<meta property=\"og:title\" content=\"Spy Story - The Elusive Evidence\" \/>\n<meta property=\"og:description\" content=\"Knacke die kompliziertesten Spionagepl\u00e4ne, die du je gesehen hast! In Spy Story: Der unwiderlegbare Beweis\" \/>\n<meta property=\"og:url\" content=\"https:\/\/www.iplay.com\/de\/games\/spy-story-the-elusive-evidence\/\" \/>\n<meta property=\"og:site_name\" content=\"IPlay\" \/>\n<meta property=\"og:image\" content=\"https:\/\/www.iplay.com\/wp-content\/uploads\/2023\/12\/large_square_tile_image-2643.jpg\" \/>\n\t<meta property=\"og:image:width\" content=\"310\" \/>\n\t<meta property=\"og:image:height\" content=\"310\" \/>\n\t<meta property=\"og:image:type\" content=\"image\/jpeg\" \/>\n<meta name=\"twitter:card\" content=\"summary_large_image\" \/>\n<meta name=\"twitter:label1\" content=\"Gesch\u00e4tzte Lesezeit\" \/>\n\t<meta name=\"twitter:data1\" content=\"1 Minute\" \/>\n<script type=\"application\/ld+json\" class=\"yoast-schema-graph\">{\"@context\":\"https:\/\/schema.org\",\"@graph\":[{\"@type\":\"WebPage\",\"@id\":\"https:\/\/www.iplay.com\/de\/games\/spy-story-the-elusive-evidence\/\",\"url\":\"https:\/\/www.iplay.com\/de\/games\/spy-story-the-elusive-evidence\/\",\"name\":\"Spy Story - The Elusive Evidence - Tauche ein in eine spannende Spy Story mit schwer fassbaren Beweisen\",\"isPartOf\":{\"@id\":\"https:\/\/www.iplay.com\/en\/#website\"},\"primaryImageOfPage\":{\"@id\":\"https:\/\/www.iplay.com\/de\/games\/spy-story-the-elusive-evidence\/#primaryimage\"},\"image\":{\"@id\":\"https:\/\/www.iplay.com\/de\/games\/spy-story-the-elusive-evidence\/#primaryimage\"},\"thumbnailUrl\":\"https:\/\/www.iplay.com\/wp-content\/uploads\/2023\/12\/large_square_tile_image-2643.jpg\",\"datePublished\":\"2020-09-14T00:00:00+00:00\",\"description\":\"Knacke die kompliziertesten Spionagepl\u00e4ne, die du je gesehen hast! In Spy Story: Der unwiderlegbare Beweis\",\"breadcrumb\":{\"@id\":\"https:\/\/www.iplay.com\/de\/games\/spy-story-the-elusive-evidence\/#breadcrumb\"},\"inLanguage\":\"de-DE\",\"potentialAction\":[{\"@type\":\"ReadAction\",\"target\":[\"https:\/\/www.iplay.com\/de\/games\/spy-story-the-elusive-evidence\/\"]}]},{\"@type\":\"ImageObject\",\"inLanguage\":\"de-DE\",\"@id\":\"https:\/\/www.iplay.com\/de\/games\/spy-story-the-elusive-evidence\/#primaryimage\",\"url\":\"https:\/\/www.iplay.com\/wp-content\/uploads\/2023\/12\/large_square_tile_image-2643.jpg\",\"contentUrl\":\"https:\/\/www.iplay.com\/wp-content\/uploads\/2023\/12\/large_square_tile_image-2643.jpg\",\"width\":310,\"height\":310},{\"@type\":\"BreadcrumbList\",\"@id\":\"https:\/\/www.iplay.com\/de\/games\/spy-story-the-elusive-evidence\/#breadcrumb\",\"itemListElement\":[{\"@type\":\"ListItem\",\"position\":1,\"name\":\"Home\",\"item\":\"https:\/\/www.iplay.com\/de\/home-page-2\/\"},{\"@type\":\"ListItem\",\"position\":2,\"name\":\"Shop\",\"item\":\"https:\/\/www.iplay.com\/en\/shop\/\"},{\"@type\":\"ListItem\",\"position\":3,\"name\":\"Spy Story &#8211; The Elusive Evidence\"}]},{\"@type\":\"WebSite\",\"@id\":\"https:\/\/www.iplay.com\/en\/#website\",\"url\":\"https:\/\/www.iplay.com\/en\/\",\"name\":\"IPlay\",\"description\":\"The Best Casual Games!\",\"publisher\":{\"@id\":\"https:\/\/www.iplay.com\/en\/#organization\"},\"potentialAction\":[{\"@type\":\"SearchAction\",\"target\":{\"@type\":\"EntryPoint\",\"urlTemplate\":\"https:\/\/www.iplay.com\/en\/?s={search_term_string}\"},\"query-input\":{\"@type\":\"PropertyValueSpecification\",\"valueRequired\":true,\"valueName\":\"search_term_string\"}}],\"inLanguage\":\"de-DE\"},{\"@type\":\"Organization\",\"@id\":\"https:\/\/www.iplay.com\/en\/#organization\",\"name\":\"IPlay\",\"url\":\"https:\/\/www.iplay.com\/en\/\",\"logo\":{\"@type\":\"ImageObject\",\"inLanguage\":\"de-DE\",\"@id\":\"https:\/\/www.iplay.com\/en\/#\/schema\/logo\/image\/\",\"url\":\"https:\/\/www.iplay.com\/wp-content\/uploads\/2023\/11\/Group-6100.svg\",\"contentUrl\":\"https:\/\/www.iplay.com\/wp-content\/uploads\/2023\/11\/Group-6100.svg\",\"width\":98,\"height\":25,\"caption\":\"IPlay\"},\"image\":{\"@id\":\"https:\/\/www.iplay.com\/en\/#\/schema\/logo\/image\/\"}}]}<\/script>\n<!-- \/ Yoast SEO Premium plugin. -->","yoast_head_json":{"title":"Spy Story - The Elusive Evidence - Tauche ein in eine spannende Spy Story mit schwer fassbaren Beweisen","description":"Knacke die kompliziertesten Spionagepl\u00e4ne, die du je gesehen hast! In Spy Story: Der unwiderlegbare Beweis","robots":{"index":"index","follow":"follow","max-snippet":"max-snippet:-1","max-image-preview":"max-image-preview:large","max-video-preview":"max-video-preview:-1"},"canonical":"https:\/\/www.iplay.com\/de\/games\/spy-story-the-elusive-evidence\/","og_locale":"de_DE","og_type":"article","og_title":"Spy Story - The Elusive Evidence","og_description":"Knacke die kompliziertesten Spionagepl\u00e4ne, die du je gesehen hast! In Spy Story: Der unwiderlegbare Beweis","og_url":"https:\/\/www.iplay.com\/de\/games\/spy-story-the-elusive-evidence\/","og_site_name":"IPlay","og_image":[{"width":310,"height":310,"url":"https:\/\/www.iplay.com\/wp-content\/uploads\/2023\/12\/large_square_tile_image-2643.jpg","type":"image\/jpeg"}],"twitter_card":"summary_large_image","twitter_misc":{"Gesch\u00e4tzte Lesezeit":"1 Minute"},"schema":{"@context":"https:\/\/schema.org","@graph":[{"@type":"WebPage","@id":"https:\/\/www.iplay.com\/de\/games\/spy-story-the-elusive-evidence\/","url":"https:\/\/www.iplay.com\/de\/games\/spy-story-the-elusive-evidence\/","name":"Spy Story - The Elusive Evidence - Tauche ein in eine spannende Spy Story mit schwer fassbaren Beweisen","isPartOf":{"@id":"https:\/\/www.iplay.com\/en\/#website"},"primaryImageOfPage":{"@id":"https:\/\/www.iplay.com\/de\/games\/spy-story-the-elusive-evidence\/#primaryimage"},"image":{"@id":"https:\/\/www.iplay.com\/de\/games\/spy-story-the-elusive-evidence\/#primaryimage"},"thumbnailUrl":"https:\/\/www.iplay.com\/wp-content\/uploads\/2023\/12\/large_square_tile_image-2643.jpg","datePublished":"2020-09-14T00:00:00+00:00","description":"Knacke die kompliziertesten Spionagepl\u00e4ne, die du je gesehen hast! In Spy Story: Der unwiderlegbare Beweis","breadcrumb":{"@id":"https:\/\/www.iplay.com\/de\/games\/spy-story-the-elusive-evidence\/#breadcrumb"},"inLanguage":"de-DE","potentialAction":[{"@type":"ReadAction","target":["https:\/\/www.iplay.com\/de\/games\/spy-story-the-elusive-evidence\/"]}]},{"@type":"ImageObject","inLanguage":"de-DE","@id":"https:\/\/www.iplay.com\/de\/games\/spy-story-the-elusive-evidence\/#primaryimage","url":"https:\/\/www.iplay.com\/wp-content\/uploads\/2023\/12\/large_square_tile_image-2643.jpg","contentUrl":"https:\/\/www.iplay.com\/wp-content\/uploads\/2023\/12\/large_square_tile_image-2643.jpg","width":310,"height":310},{"@type":"BreadcrumbList","@id":"https:\/\/www.iplay.com\/de\/games\/spy-story-the-elusive-evidence\/#breadcrumb","itemListElement":[{"@type":"ListItem","position":1,"name":"Home","item":"https:\/\/www.iplay.com\/de\/home-page-2\/"},{"@type":"ListItem","position":2,"name":"Shop","item":"https:\/\/www.iplay.com\/en\/shop\/"},{"@type":"ListItem","position":3,"name":"Spy Story &#8211; The Elusive Evidence"}]},{"@type":"WebSite","@id":"https:\/\/www.iplay.com\/en\/#website","url":"https:\/\/www.iplay.com\/en\/","name":"IPlay","description":"The Best Casual Games!","publisher":{"@id":"https:\/\/www.iplay.com\/en\/#organization"},"potentialAction":[{"@type":"SearchAction","target":{"@type":"EntryPoint","urlTemplate":"https:\/\/www.iplay.com\/en\/?s={search_term_string}"},"query-input":{"@type":"PropertyValueSpecification","valueRequired":true,"valueName":"search_term_string"}}],"inLanguage":"de-DE"},{"@type":"Organization","@id":"https:\/\/www.iplay.com\/en\/#organization","name":"IPlay","url":"https:\/\/www.iplay.com\/en\/","logo":{"@type":"ImageObject","inLanguage":"de-DE","@id":"https:\/\/www.iplay.com\/en\/#\/schema\/logo\/image\/","url":"https:\/\/www.iplay.com\/wp-content\/uploads\/2023\/11\/Group-6100.svg","contentUrl":"https:\/\/www.iplay.com\/wp-content\/uploads\/2023\/11\/Group-6100.svg","width":98,"height":25,"caption":"IPlay"},"image":{"@id":"https:\/\/www.iplay.com\/en\/#\/schema\/logo\/image\/"}}]}},"_links":{"self":[{"href":"https:\/\/www.iplay.com\/de\/wp-json\/wp\/v2\/product\/137726","targetHints":{"allow":["GET"]}}],"collection":[{"href":"https:\/\/www.iplay.com\/de\/wp-json\/wp\/v2\/product"}],"about":[{"href":"https:\/\/www.iplay.com\/de\/wp-json\/wp\/v2\/types\/product"}],"author":[{"embeddable":true,"href":"https:\/\/www.iplay.com\/de\/wp-json\/wp\/v2\/users\/13"}],"replies":[{"embeddable":true,"href":"https:\/\/www.iplay.com\/de\/wp-json\/wp\/v2\/comments?post=137726"}],"wp:featuredmedia":[{"embeddable":true,"href":"https:\/\/www.iplay.com\/de\/wp-json\/wp\/v2\/media\/82195"}],"wp:attachment":[{"href":"https:\/\/www.iplay.com\/de\/wp-json\/wp\/v2\/media?parent=137726"}],"wp:term":[{"taxonomy":"product_brand","embeddable":true,"href":"https:\/\/www.iplay.com\/de\/wp-json\/wp\/v2\/product_brand?post=137726"},{"taxonomy":"product_cat","embeddable":true,"href":"https:\/\/www.iplay.com\/de\/wp-json\/wp\/v2\/product_cat?post=137726"},{"taxonomy":"product_tag","embeddable":true,"href":"https:\/\/www.iplay.com\/de\/wp-json\/wp\/v2\/product_tag?post=137726"}],"curies":[{"name":"wp","href":"https:\/\/api.w.org\/{rel}","templated":true}]}}