{"id":137701,"date":"2020-10-12T00:00:00","date_gmt":"2020-10-12T00:00:00","guid":{"rendered":"https:\/\/www.iplay.com\/games\/secrets-of-magic-4-potion-master\/"},"modified":"2020-10-12T00:00:00","modified_gmt":"2020-10-12T00:00:00","slug":"secrets-of-magic-4-potion-master","status":"publish","type":"product","link":"https:\/\/www.iplay.com\/de\/games\/secrets-of-magic-4-potion-master\/","title":{"rendered":"Secrets of Magic 4: Potion Master"},"content":{"rendered":"<p>Als Victoria zur\u00fcckkehrt, ist sie nicht allein. Beatrix, ihre intelligenteste Sch\u00fclerin, strebt danach, Zaubertr\u00e4nkemeisterin zu werden. Es ist Ihre Pflicht, ihnen zu helfen. Erkunde den Verbotenen Wald auf dieser magischen Expedition, auf der Victoria und Beatrix die erstaunlichsten Zutaten f\u00fcr ihre Tr\u00e4nke finden k\u00f6nnen. Aber seien Sie gewarnt, in diesem sch\u00f6nen Wald werden Sie auf verst\u00f6rende Monster sto\u00dfen. Tauche tief in das r\u00e4tselhafte Reich der Hexerei ein, indem du Secrets of Magic 4: Potion Master spielst.     <\/p>\n<p>&nbsp;<\/p>\n<p>&nbsp;<\/p>\n<p><strong>Funktionen:<\/strong><\/p>\n<p>&nbsp;<\/p>\n<p>&#8211; Kaufe aufregende Objekte, um den Verbotenen Wald<br \/>\n zu schm\u00fccken- Hilf Beatrix bei der Herstellung wundersch\u00f6ner Mixturen<br \/>\n&#8211; Erlebe ein lebendiges und farbenfrohes Halloween-Match-3-Erlebnis!<br \/>\n&#8211; Eine immersive Klanglandschaft<br \/>\n &#8211; Verschiedene Modi zur Entspannung oder zum Zeitmanagement<\/p>\n","protected":false},"excerpt":{"rendered":"<p>Kommen Sie an Bord f\u00fcr eine aufregende Halloween-Reise! In Magic Secrets 4: Potion Master <\/p>\n","protected":false},"author":22,"featured_media":81875,"comment_status":"open","ping_status":"closed","template":"","meta":{"_acf_changed":false,"inline_featured_image":false},"product_brand":[],"product_cat":[194],"product_tag":[],"class_list":{"0":"post-137701","1":"product","2":"type-product","3":"status-publish","4":"has-post-thumbnail","6":"product_cat-puzzle-de","8":"first","9":"instock","10":"shipping-taxable","11":"purchasable","12":"product-type-simple"},"acf":[],"yoast_head":"<!-- This site is optimized with the Yoast SEO Premium plugin v25.2 (Yoast SEO v25.2) - https:\/\/yoast.com\/wordpress\/plugins\/seo\/ -->\n<title>Secrets of Magic 4: Potion Master - Begib dich auf ein aufregendes Halloween-Abenteuer<\/title>\n<meta name=\"description\" content=\"Kommen Sie an Bord f\u00fcr eine aufregende Halloween-Reise! In Magic Secrets 4: Potion Master\" \/>\n<meta name=\"robots\" content=\"index, follow, max-snippet:-1, max-image-preview:large, max-video-preview:-1\" \/>\n<link rel=\"canonical\" href=\"https:\/\/www.iplay.com\/de\/games\/secrets-of-magic-4-potion-master\/\" \/>\n<meta property=\"og:locale\" content=\"de_DE\" \/>\n<meta property=\"og:type\" content=\"article\" \/>\n<meta property=\"og:title\" content=\"Secrets of Magic 4: Potion Master\" \/>\n<meta property=\"og:description\" content=\"Kommen Sie an Bord f\u00fcr eine aufregende Halloween-Reise! In Magic Secrets 4: Potion Master\" \/>\n<meta property=\"og:url\" content=\"https:\/\/www.iplay.com\/de\/games\/secrets-of-magic-4-potion-master\/\" \/>\n<meta property=\"og:site_name\" content=\"IPlay\" \/>\n<meta property=\"og:image\" content=\"https:\/\/www.iplay.com\/wp-content\/uploads\/2023\/12\/large_square_tile_image-2623.jpg\" \/>\n\t<meta property=\"og:image:width\" content=\"310\" \/>\n\t<meta property=\"og:image:height\" content=\"310\" \/>\n\t<meta property=\"og:image:type\" content=\"image\/jpeg\" \/>\n<meta name=\"twitter:card\" content=\"summary_large_image\" \/>\n<meta name=\"twitter:label1\" content=\"Gesch\u00e4tzte Lesezeit\" \/>\n\t<meta name=\"twitter:data1\" content=\"1 Minute\" \/>\n<script type=\"application\/ld+json\" class=\"yoast-schema-graph\">{\"@context\":\"https:\/\/schema.org\",\"@graph\":[{\"@type\":\"WebPage\",\"@id\":\"https:\/\/www.iplay.com\/de\/games\/secrets-of-magic-4-potion-master\/\",\"url\":\"https:\/\/www.iplay.com\/de\/games\/secrets-of-magic-4-potion-master\/\",\"name\":\"Secrets of Magic 4: Potion Master - Begib dich auf ein aufregendes Halloween-Abenteuer\",\"isPartOf\":{\"@id\":\"https:\/\/www.iplay.com\/en\/#website\"},\"primaryImageOfPage\":{\"@id\":\"https:\/\/www.iplay.com\/de\/games\/secrets-of-magic-4-potion-master\/#primaryimage\"},\"image\":{\"@id\":\"https:\/\/www.iplay.com\/de\/games\/secrets-of-magic-4-potion-master\/#primaryimage\"},\"thumbnailUrl\":\"https:\/\/www.iplay.com\/wp-content\/uploads\/2023\/12\/large_square_tile_image-2623.jpg\",\"datePublished\":\"2020-10-12T00:00:00+00:00\",\"description\":\"Kommen Sie an Bord f\u00fcr eine aufregende Halloween-Reise! In Magic Secrets 4: Potion Master\",\"breadcrumb\":{\"@id\":\"https:\/\/www.iplay.com\/de\/games\/secrets-of-magic-4-potion-master\/#breadcrumb\"},\"inLanguage\":\"de-DE\",\"potentialAction\":[{\"@type\":\"ReadAction\",\"target\":[\"https:\/\/www.iplay.com\/de\/games\/secrets-of-magic-4-potion-master\/\"]}]},{\"@type\":\"ImageObject\",\"inLanguage\":\"de-DE\",\"@id\":\"https:\/\/www.iplay.com\/de\/games\/secrets-of-magic-4-potion-master\/#primaryimage\",\"url\":\"https:\/\/www.iplay.com\/wp-content\/uploads\/2023\/12\/large_square_tile_image-2623.jpg\",\"contentUrl\":\"https:\/\/www.iplay.com\/wp-content\/uploads\/2023\/12\/large_square_tile_image-2623.jpg\",\"width\":310,\"height\":310},{\"@type\":\"BreadcrumbList\",\"@id\":\"https:\/\/www.iplay.com\/de\/games\/secrets-of-magic-4-potion-master\/#breadcrumb\",\"itemListElement\":[{\"@type\":\"ListItem\",\"position\":1,\"name\":\"Home\",\"item\":\"https:\/\/www.iplay.com\/de\/home-page-2\/\"},{\"@type\":\"ListItem\",\"position\":2,\"name\":\"Shop\",\"item\":\"https:\/\/www.iplay.com\/en\/shop\/\"},{\"@type\":\"ListItem\",\"position\":3,\"name\":\"Secrets of Magic 4: Potion Master\"}]},{\"@type\":\"WebSite\",\"@id\":\"https:\/\/www.iplay.com\/en\/#website\",\"url\":\"https:\/\/www.iplay.com\/en\/\",\"name\":\"IPlay\",\"description\":\"The Best Casual Games!\",\"publisher\":{\"@id\":\"https:\/\/www.iplay.com\/en\/#organization\"},\"potentialAction\":[{\"@type\":\"SearchAction\",\"target\":{\"@type\":\"EntryPoint\",\"urlTemplate\":\"https:\/\/www.iplay.com\/en\/?s={search_term_string}\"},\"query-input\":{\"@type\":\"PropertyValueSpecification\",\"valueRequired\":true,\"valueName\":\"search_term_string\"}}],\"inLanguage\":\"de-DE\"},{\"@type\":\"Organization\",\"@id\":\"https:\/\/www.iplay.com\/en\/#organization\",\"name\":\"IPlay\",\"url\":\"https:\/\/www.iplay.com\/en\/\",\"logo\":{\"@type\":\"ImageObject\",\"inLanguage\":\"de-DE\",\"@id\":\"https:\/\/www.iplay.com\/en\/#\/schema\/logo\/image\/\",\"url\":\"https:\/\/www.iplay.com\/wp-content\/uploads\/2023\/11\/Group-6100.svg\",\"contentUrl\":\"https:\/\/www.iplay.com\/wp-content\/uploads\/2023\/11\/Group-6100.svg\",\"width\":98,\"height\":25,\"caption\":\"IPlay\"},\"image\":{\"@id\":\"https:\/\/www.iplay.com\/en\/#\/schema\/logo\/image\/\"}}]}<\/script>\n<!-- \/ Yoast SEO Premium plugin. -->","yoast_head_json":{"title":"Secrets of Magic 4: Potion Master - Begib dich auf ein aufregendes Halloween-Abenteuer","description":"Kommen Sie an Bord f\u00fcr eine aufregende Halloween-Reise! In Magic Secrets 4: Potion Master","robots":{"index":"index","follow":"follow","max-snippet":"max-snippet:-1","max-image-preview":"max-image-preview:large","max-video-preview":"max-video-preview:-1"},"canonical":"https:\/\/www.iplay.com\/de\/games\/secrets-of-magic-4-potion-master\/","og_locale":"de_DE","og_type":"article","og_title":"Secrets of Magic 4: Potion Master","og_description":"Kommen Sie an Bord f\u00fcr eine aufregende Halloween-Reise! In Magic Secrets 4: Potion Master","og_url":"https:\/\/www.iplay.com\/de\/games\/secrets-of-magic-4-potion-master\/","og_site_name":"IPlay","og_image":[{"width":310,"height":310,"url":"https:\/\/www.iplay.com\/wp-content\/uploads\/2023\/12\/large_square_tile_image-2623.jpg","type":"image\/jpeg"}],"twitter_card":"summary_large_image","twitter_misc":{"Gesch\u00e4tzte Lesezeit":"1 Minute"},"schema":{"@context":"https:\/\/schema.org","@graph":[{"@type":"WebPage","@id":"https:\/\/www.iplay.com\/de\/games\/secrets-of-magic-4-potion-master\/","url":"https:\/\/www.iplay.com\/de\/games\/secrets-of-magic-4-potion-master\/","name":"Secrets of Magic 4: Potion Master - Begib dich auf ein aufregendes Halloween-Abenteuer","isPartOf":{"@id":"https:\/\/www.iplay.com\/en\/#website"},"primaryImageOfPage":{"@id":"https:\/\/www.iplay.com\/de\/games\/secrets-of-magic-4-potion-master\/#primaryimage"},"image":{"@id":"https:\/\/www.iplay.com\/de\/games\/secrets-of-magic-4-potion-master\/#primaryimage"},"thumbnailUrl":"https:\/\/www.iplay.com\/wp-content\/uploads\/2023\/12\/large_square_tile_image-2623.jpg","datePublished":"2020-10-12T00:00:00+00:00","description":"Kommen Sie an Bord f\u00fcr eine aufregende Halloween-Reise! In Magic Secrets 4: Potion Master","breadcrumb":{"@id":"https:\/\/www.iplay.com\/de\/games\/secrets-of-magic-4-potion-master\/#breadcrumb"},"inLanguage":"de-DE","potentialAction":[{"@type":"ReadAction","target":["https:\/\/www.iplay.com\/de\/games\/secrets-of-magic-4-potion-master\/"]}]},{"@type":"ImageObject","inLanguage":"de-DE","@id":"https:\/\/www.iplay.com\/de\/games\/secrets-of-magic-4-potion-master\/#primaryimage","url":"https:\/\/www.iplay.com\/wp-content\/uploads\/2023\/12\/large_square_tile_image-2623.jpg","contentUrl":"https:\/\/www.iplay.com\/wp-content\/uploads\/2023\/12\/large_square_tile_image-2623.jpg","width":310,"height":310},{"@type":"BreadcrumbList","@id":"https:\/\/www.iplay.com\/de\/games\/secrets-of-magic-4-potion-master\/#breadcrumb","itemListElement":[{"@type":"ListItem","position":1,"name":"Home","item":"https:\/\/www.iplay.com\/de\/home-page-2\/"},{"@type":"ListItem","position":2,"name":"Shop","item":"https:\/\/www.iplay.com\/en\/shop\/"},{"@type":"ListItem","position":3,"name":"Secrets of Magic 4: Potion Master"}]},{"@type":"WebSite","@id":"https:\/\/www.iplay.com\/en\/#website","url":"https:\/\/www.iplay.com\/en\/","name":"IPlay","description":"The Best Casual Games!","publisher":{"@id":"https:\/\/www.iplay.com\/en\/#organization"},"potentialAction":[{"@type":"SearchAction","target":{"@type":"EntryPoint","urlTemplate":"https:\/\/www.iplay.com\/en\/?s={search_term_string}"},"query-input":{"@type":"PropertyValueSpecification","valueRequired":true,"valueName":"search_term_string"}}],"inLanguage":"de-DE"},{"@type":"Organization","@id":"https:\/\/www.iplay.com\/en\/#organization","name":"IPlay","url":"https:\/\/www.iplay.com\/en\/","logo":{"@type":"ImageObject","inLanguage":"de-DE","@id":"https:\/\/www.iplay.com\/en\/#\/schema\/logo\/image\/","url":"https:\/\/www.iplay.com\/wp-content\/uploads\/2023\/11\/Group-6100.svg","contentUrl":"https:\/\/www.iplay.com\/wp-content\/uploads\/2023\/11\/Group-6100.svg","width":98,"height":25,"caption":"IPlay"},"image":{"@id":"https:\/\/www.iplay.com\/en\/#\/schema\/logo\/image\/"}}]}},"_links":{"self":[{"href":"https:\/\/www.iplay.com\/de\/wp-json\/wp\/v2\/product\/137701","targetHints":{"allow":["GET"]}}],"collection":[{"href":"https:\/\/www.iplay.com\/de\/wp-json\/wp\/v2\/product"}],"about":[{"href":"https:\/\/www.iplay.com\/de\/wp-json\/wp\/v2\/types\/product"}],"author":[{"embeddable":true,"href":"https:\/\/www.iplay.com\/de\/wp-json\/wp\/v2\/users\/22"}],"replies":[{"embeddable":true,"href":"https:\/\/www.iplay.com\/de\/wp-json\/wp\/v2\/comments?post=137701"}],"wp:featuredmedia":[{"embeddable":true,"href":"https:\/\/www.iplay.com\/de\/wp-json\/wp\/v2\/media\/81875"}],"wp:attachment":[{"href":"https:\/\/www.iplay.com\/de\/wp-json\/wp\/v2\/media?parent=137701"}],"wp:term":[{"taxonomy":"product_brand","embeddable":true,"href":"https:\/\/www.iplay.com\/de\/wp-json\/wp\/v2\/product_brand?post=137701"},{"taxonomy":"product_cat","embeddable":true,"href":"https:\/\/www.iplay.com\/de\/wp-json\/wp\/v2\/product_cat?post=137701"},{"taxonomy":"product_tag","embeddable":true,"href":"https:\/\/www.iplay.com\/de\/wp-json\/wp\/v2\/product_tag?post=137701"}],"curies":[{"name":"wp","href":"https:\/\/api.w.org\/{rel}","templated":true}]}}