{"id":137690,"date":"2020-10-19T00:00:00","date_gmt":"2020-10-19T00:00:00","guid":{"rendered":"https:\/\/www.iplay.com\/games\/fantasy-mosaics-43-haunted-forest\/"},"modified":"2020-10-19T00:00:00","modified_gmt":"2020-10-19T00:00:00","slug":"fantasy-mosaics-43-haunted-forest","status":"publish","type":"product","link":"https:\/\/www.iplay.com\/de\/games\/fantasy-mosaics-43-haunted-forest\/","title":{"rendered":"Fantasy Mosaics 43: Haunted Forest"},"content":{"rendered":"<p>Bei der Suche nach Beeren im Wald entdeckten die Pinguine eine unidentifizierte, unheimliche Spur! Es sieht so aus, als w\u00fcrden sie sich auf eine neue Reise begeben, um gruselige Mosaikr\u00e4tsel zu finden! Begleiten Sie die Pinguine, wenn wir neue Geheimnisse l\u00fcften!  <\/p>\n<p>&nbsp;<\/p>\n<p>&nbsp;<\/p>\n<p><strong>Funktionen:<\/strong><\/p>\n<p>&nbsp;<\/p>\n<p>&#8211; Eine Reihe von Spieloptionen!<br \/>\n&#8211; Zen-Modus und versteckte Farben!<br \/>\n&#8211; Neue Minispiele!<br \/>\n&#8211; Arithmetische R\u00e4tsel!<\/p>\n","protected":false},"excerpt":{"rendered":"<p>Begleite die Pinguine auf einer gruseligen Wanderung durch den Wald in Fantasy Mosaics 43: Haunted Forest<\/p>\n","protected":false},"author":43,"featured_media":81827,"comment_status":"open","ping_status":"closed","template":"","meta":{"_acf_changed":false,"inline_featured_image":false},"product_brand":[],"product_cat":[194],"product_tag":[],"class_list":{"0":"post-137690","1":"product","2":"type-product","3":"status-publish","4":"has-post-thumbnail","6":"product_cat-puzzle-de","8":"first","9":"instock","10":"shipping-taxable","11":"purchasable","12":"product-type-simple"},"acf":[],"yoast_head":"<!-- This site is optimized with the Yoast SEO Premium plugin v25.2 (Yoast SEO v25.2) - https:\/\/yoast.com\/wordpress\/plugins\/seo\/ -->\n<title>Fantasy Mosaics 43: Haunted Forest - Tauche ein in den mysteri\u00f6sen Haunted Forest<\/title>\n<meta name=\"description\" content=\"Begleite die Pinguine auf einer gruseligen Wanderung durch den Wald in Fantasy Mosaics 43: Haunted Forest\" \/>\n<meta name=\"robots\" content=\"index, follow, max-snippet:-1, max-image-preview:large, max-video-preview:-1\" \/>\n<link rel=\"canonical\" href=\"https:\/\/www.iplay.com\/de\/games\/fantasy-mosaics-43-haunted-forest\/\" \/>\n<meta property=\"og:locale\" content=\"de_DE\" \/>\n<meta property=\"og:type\" content=\"article\" \/>\n<meta property=\"og:title\" content=\"Fantasy Mosaics 43: Haunted Forest\" \/>\n<meta property=\"og:description\" content=\"Begleite die Pinguine auf einer gruseligen Wanderung durch den Wald in Fantasy Mosaics 43: Haunted Forest\" \/>\n<meta property=\"og:url\" content=\"https:\/\/www.iplay.com\/de\/games\/fantasy-mosaics-43-haunted-forest\/\" \/>\n<meta property=\"og:site_name\" content=\"IPlay\" \/>\n<meta property=\"og:image\" content=\"https:\/\/www.iplay.com\/wp-content\/uploads\/2023\/12\/large_square_tile_image-2620.jpg\" \/>\n\t<meta property=\"og:image:width\" content=\"310\" \/>\n\t<meta property=\"og:image:height\" content=\"310\" \/>\n\t<meta property=\"og:image:type\" content=\"image\/jpeg\" \/>\n<meta name=\"twitter:card\" content=\"summary_large_image\" \/>\n<script type=\"application\/ld+json\" class=\"yoast-schema-graph\">{\"@context\":\"https:\/\/schema.org\",\"@graph\":[{\"@type\":\"WebPage\",\"@id\":\"https:\/\/www.iplay.com\/de\/games\/fantasy-mosaics-43-haunted-forest\/\",\"url\":\"https:\/\/www.iplay.com\/de\/games\/fantasy-mosaics-43-haunted-forest\/\",\"name\":\"Fantasy Mosaics 43: Haunted Forest - Tauche ein in den mysteri\u00f6sen Haunted Forest\",\"isPartOf\":{\"@id\":\"https:\/\/www.iplay.com\/en\/#website\"},\"primaryImageOfPage\":{\"@id\":\"https:\/\/www.iplay.com\/de\/games\/fantasy-mosaics-43-haunted-forest\/#primaryimage\"},\"image\":{\"@id\":\"https:\/\/www.iplay.com\/de\/games\/fantasy-mosaics-43-haunted-forest\/#primaryimage\"},\"thumbnailUrl\":\"https:\/\/www.iplay.com\/wp-content\/uploads\/2023\/12\/large_square_tile_image-2620.jpg\",\"datePublished\":\"2020-10-19T00:00:00+00:00\",\"description\":\"Begleite die Pinguine auf einer gruseligen Wanderung durch den Wald in Fantasy Mosaics 43: Haunted Forest\",\"breadcrumb\":{\"@id\":\"https:\/\/www.iplay.com\/de\/games\/fantasy-mosaics-43-haunted-forest\/#breadcrumb\"},\"inLanguage\":\"de-DE\",\"potentialAction\":[{\"@type\":\"ReadAction\",\"target\":[\"https:\/\/www.iplay.com\/de\/games\/fantasy-mosaics-43-haunted-forest\/\"]}]},{\"@type\":\"ImageObject\",\"inLanguage\":\"de-DE\",\"@id\":\"https:\/\/www.iplay.com\/de\/games\/fantasy-mosaics-43-haunted-forest\/#primaryimage\",\"url\":\"https:\/\/www.iplay.com\/wp-content\/uploads\/2023\/12\/large_square_tile_image-2620.jpg\",\"contentUrl\":\"https:\/\/www.iplay.com\/wp-content\/uploads\/2023\/12\/large_square_tile_image-2620.jpg\",\"width\":310,\"height\":310},{\"@type\":\"BreadcrumbList\",\"@id\":\"https:\/\/www.iplay.com\/de\/games\/fantasy-mosaics-43-haunted-forest\/#breadcrumb\",\"itemListElement\":[{\"@type\":\"ListItem\",\"position\":1,\"name\":\"Home\",\"item\":\"https:\/\/www.iplay.com\/de\/home-page-2\/\"},{\"@type\":\"ListItem\",\"position\":2,\"name\":\"Shop\",\"item\":\"https:\/\/www.iplay.com\/en\/shop\/\"},{\"@type\":\"ListItem\",\"position\":3,\"name\":\"Fantasy Mosaics 43: Haunted Forest\"}]},{\"@type\":\"WebSite\",\"@id\":\"https:\/\/www.iplay.com\/en\/#website\",\"url\":\"https:\/\/www.iplay.com\/en\/\",\"name\":\"IPlay\",\"description\":\"The Best Casual Games!\",\"publisher\":{\"@id\":\"https:\/\/www.iplay.com\/en\/#organization\"},\"potentialAction\":[{\"@type\":\"SearchAction\",\"target\":{\"@type\":\"EntryPoint\",\"urlTemplate\":\"https:\/\/www.iplay.com\/en\/?s={search_term_string}\"},\"query-input\":{\"@type\":\"PropertyValueSpecification\",\"valueRequired\":true,\"valueName\":\"search_term_string\"}}],\"inLanguage\":\"de-DE\"},{\"@type\":\"Organization\",\"@id\":\"https:\/\/www.iplay.com\/en\/#organization\",\"name\":\"IPlay\",\"url\":\"https:\/\/www.iplay.com\/en\/\",\"logo\":{\"@type\":\"ImageObject\",\"inLanguage\":\"de-DE\",\"@id\":\"https:\/\/www.iplay.com\/en\/#\/schema\/logo\/image\/\",\"url\":\"https:\/\/www.iplay.com\/wp-content\/uploads\/2023\/11\/Group-6100.svg\",\"contentUrl\":\"https:\/\/www.iplay.com\/wp-content\/uploads\/2023\/11\/Group-6100.svg\",\"width\":98,\"height\":25,\"caption\":\"IPlay\"},\"image\":{\"@id\":\"https:\/\/www.iplay.com\/en\/#\/schema\/logo\/image\/\"}}]}<\/script>\n<!-- \/ Yoast SEO Premium plugin. -->","yoast_head_json":{"title":"Fantasy Mosaics 43: Haunted Forest - Tauche ein in den mysteri\u00f6sen Haunted Forest","description":"Begleite die Pinguine auf einer gruseligen Wanderung durch den Wald in Fantasy Mosaics 43: Haunted Forest","robots":{"index":"index","follow":"follow","max-snippet":"max-snippet:-1","max-image-preview":"max-image-preview:large","max-video-preview":"max-video-preview:-1"},"canonical":"https:\/\/www.iplay.com\/de\/games\/fantasy-mosaics-43-haunted-forest\/","og_locale":"de_DE","og_type":"article","og_title":"Fantasy Mosaics 43: Haunted Forest","og_description":"Begleite die Pinguine auf einer gruseligen Wanderung durch den Wald in Fantasy Mosaics 43: Haunted Forest","og_url":"https:\/\/www.iplay.com\/de\/games\/fantasy-mosaics-43-haunted-forest\/","og_site_name":"IPlay","og_image":[{"width":310,"height":310,"url":"https:\/\/www.iplay.com\/wp-content\/uploads\/2023\/12\/large_square_tile_image-2620.jpg","type":"image\/jpeg"}],"twitter_card":"summary_large_image","schema":{"@context":"https:\/\/schema.org","@graph":[{"@type":"WebPage","@id":"https:\/\/www.iplay.com\/de\/games\/fantasy-mosaics-43-haunted-forest\/","url":"https:\/\/www.iplay.com\/de\/games\/fantasy-mosaics-43-haunted-forest\/","name":"Fantasy Mosaics 43: Haunted Forest - Tauche ein in den mysteri\u00f6sen Haunted Forest","isPartOf":{"@id":"https:\/\/www.iplay.com\/en\/#website"},"primaryImageOfPage":{"@id":"https:\/\/www.iplay.com\/de\/games\/fantasy-mosaics-43-haunted-forest\/#primaryimage"},"image":{"@id":"https:\/\/www.iplay.com\/de\/games\/fantasy-mosaics-43-haunted-forest\/#primaryimage"},"thumbnailUrl":"https:\/\/www.iplay.com\/wp-content\/uploads\/2023\/12\/large_square_tile_image-2620.jpg","datePublished":"2020-10-19T00:00:00+00:00","description":"Begleite die Pinguine auf einer gruseligen Wanderung durch den Wald in Fantasy Mosaics 43: Haunted Forest","breadcrumb":{"@id":"https:\/\/www.iplay.com\/de\/games\/fantasy-mosaics-43-haunted-forest\/#breadcrumb"},"inLanguage":"de-DE","potentialAction":[{"@type":"ReadAction","target":["https:\/\/www.iplay.com\/de\/games\/fantasy-mosaics-43-haunted-forest\/"]}]},{"@type":"ImageObject","inLanguage":"de-DE","@id":"https:\/\/www.iplay.com\/de\/games\/fantasy-mosaics-43-haunted-forest\/#primaryimage","url":"https:\/\/www.iplay.com\/wp-content\/uploads\/2023\/12\/large_square_tile_image-2620.jpg","contentUrl":"https:\/\/www.iplay.com\/wp-content\/uploads\/2023\/12\/large_square_tile_image-2620.jpg","width":310,"height":310},{"@type":"BreadcrumbList","@id":"https:\/\/www.iplay.com\/de\/games\/fantasy-mosaics-43-haunted-forest\/#breadcrumb","itemListElement":[{"@type":"ListItem","position":1,"name":"Home","item":"https:\/\/www.iplay.com\/de\/home-page-2\/"},{"@type":"ListItem","position":2,"name":"Shop","item":"https:\/\/www.iplay.com\/en\/shop\/"},{"@type":"ListItem","position":3,"name":"Fantasy Mosaics 43: Haunted Forest"}]},{"@type":"WebSite","@id":"https:\/\/www.iplay.com\/en\/#website","url":"https:\/\/www.iplay.com\/en\/","name":"IPlay","description":"The Best Casual Games!","publisher":{"@id":"https:\/\/www.iplay.com\/en\/#organization"},"potentialAction":[{"@type":"SearchAction","target":{"@type":"EntryPoint","urlTemplate":"https:\/\/www.iplay.com\/en\/?s={search_term_string}"},"query-input":{"@type":"PropertyValueSpecification","valueRequired":true,"valueName":"search_term_string"}}],"inLanguage":"de-DE"},{"@type":"Organization","@id":"https:\/\/www.iplay.com\/en\/#organization","name":"IPlay","url":"https:\/\/www.iplay.com\/en\/","logo":{"@type":"ImageObject","inLanguage":"de-DE","@id":"https:\/\/www.iplay.com\/en\/#\/schema\/logo\/image\/","url":"https:\/\/www.iplay.com\/wp-content\/uploads\/2023\/11\/Group-6100.svg","contentUrl":"https:\/\/www.iplay.com\/wp-content\/uploads\/2023\/11\/Group-6100.svg","width":98,"height":25,"caption":"IPlay"},"image":{"@id":"https:\/\/www.iplay.com\/en\/#\/schema\/logo\/image\/"}}]}},"_links":{"self":[{"href":"https:\/\/www.iplay.com\/de\/wp-json\/wp\/v2\/product\/137690","targetHints":{"allow":["GET"]}}],"collection":[{"href":"https:\/\/www.iplay.com\/de\/wp-json\/wp\/v2\/product"}],"about":[{"href":"https:\/\/www.iplay.com\/de\/wp-json\/wp\/v2\/types\/product"}],"author":[{"embeddable":true,"href":"https:\/\/www.iplay.com\/de\/wp-json\/wp\/v2\/users\/43"}],"replies":[{"embeddable":true,"href":"https:\/\/www.iplay.com\/de\/wp-json\/wp\/v2\/comments?post=137690"}],"wp:featuredmedia":[{"embeddable":true,"href":"https:\/\/www.iplay.com\/de\/wp-json\/wp\/v2\/media\/81827"}],"wp:attachment":[{"href":"https:\/\/www.iplay.com\/de\/wp-json\/wp\/v2\/media?parent=137690"}],"wp:term":[{"taxonomy":"product_brand","embeddable":true,"href":"https:\/\/www.iplay.com\/de\/wp-json\/wp\/v2\/product_brand?post=137690"},{"taxonomy":"product_cat","embeddable":true,"href":"https:\/\/www.iplay.com\/de\/wp-json\/wp\/v2\/product_cat?post=137690"},{"taxonomy":"product_tag","embeddable":true,"href":"https:\/\/www.iplay.com\/de\/wp-json\/wp\/v2\/product_tag?post=137690"}],"curies":[{"name":"wp","href":"https:\/\/api.w.org\/{rel}","templated":true}]}}