{"id":137657,"date":"2021-05-29T00:00:00","date_gmt":"2021-05-29T00:00:00","guid":{"rendered":"https:\/\/www.iplay.com\/games\/tasty-jigsaw-happy-hour-2\/"},"modified":"2021-05-29T00:00:00","modified_gmt":"2021-05-29T00:00:00","slug":"tasty-jigsaw-happy-hour-2","status":"publish","type":"product","link":"https:\/\/www.iplay.com\/de\/games\/tasty-jigsaw-happy-hour-2\/","title":{"rendered":"Tasty Jigsaw Happy Hour 2"},"content":{"rendered":"<p>Puzzles mit einem kulinarischen Thema! Mit Hilfe des unterhaltsamen Puzzlespiels Happy Hour 2 kannst du dich mit k\u00f6stlichen Leckereien verw\u00f6hnen lassen, ohne jemals dein Zuhause zu verlassen! Setze Puzzles aus einer Reihe von Teilen zusammen und erkunde 500 hochaufl\u00f6sende Bilder, um mehr \u00fcber die Geschichte zu erfahren. Jetzt kannst du reisen und dein Lieblingspuzzlespiel spielen, ohne jemals das Haus zu verlassen! Sie k\u00f6nnen den Schwierigkeitsgrad jeder Aufgabe nach Ihren W\u00fcnschen anpassen! Ihre Arbeit kann jederzeit gespeichert werden! Eine Menge Ideen und Funktionen in Kombination mit einer einfachen Steuerung machen das Spiel noch unterhaltsamer. Sowohl Anf\u00e4nger als auch Experten im Puzzlespiel-Genre k\u00f6nnten diesen Titel genie\u00dfen.       <\/p>\n<p>&nbsp;<\/p>\n<p>&nbsp;<\/p>\n<p><strong>Funktionen:<\/strong><\/p>\n<p>&nbsp;<\/p>\n<p>&#8211; 500 hochwertige, einzigartige Bilder<br \/>\n&#8211; Gut gestaltetes Gameplay: hilfreiche Hinweise, Sortierwerkzeug und Lupe<br \/>\n&#8211; Optionale Schwierigkeitskontrolle erm\u00f6glicht endloses Gameplay<br \/>\n&#8211; Benutzerdefinierte Stile der Teile mit Rotation<br \/>\n&#8211; Speichern Sie den Spielfortschritt und sammeln Sie das Puzzle weiter, wann immer Sie m\u00f6chten<br \/>\n&#8211; Ruhige, beruhigende Musik<br \/>\n&#8211; 2 in 1: ein Spiel und ein Reisef\u00fchrer f\u00fcr London! Kaufe 500 Puzzles mit nur einer Transaktion.<\/p>\n","protected":false},"excerpt":{"rendered":"<p>Tasty Jigsaw Happy Hour 2 erm\u00f6glicht es Ihnen, sich mit k\u00f6stlichen Leckereien zu verw\u00f6hnen, ohne jemals Ihr Zuhause zu verlassen.<\/p>\n","protected":false},"author":13,"featured_media":104355,"comment_status":"open","ping_status":"closed","template":"","meta":{"_acf_changed":false,"inline_featured_image":false},"product_brand":[],"product_cat":[168],"product_tag":[289],"class_list":{"0":"post-137657","1":"product","2":"type-product","3":"status-publish","4":"has-post-thumbnail","6":"product_cat-jigsaw-de","7":"product_tag-play-on-pc-de","9":"first","10":"instock","11":"shipping-taxable","12":"purchasable","13":"product-type-simple"},"acf":[],"yoast_head":"<!-- This site is optimized with the Yoast SEO Premium plugin v25.2 (Yoast SEO v25.2) - https:\/\/yoast.com\/wordpress\/plugins\/seo\/ -->\n<title>Tasty Jigsaw Happy Hour 2 - G\u00f6nnen Sie sich k\u00f6stliche K\u00f6stlichkeiten zu Hause<\/title>\n<meta name=\"description\" content=\"Tasty Jigsaw Happy Hour 2 erm\u00f6glicht es Ihnen, sich mit k\u00f6stlichen Leckereien zu verw\u00f6hnen, ohne jemals Ihr Zuhause zu verlassen.\" \/>\n<meta name=\"robots\" content=\"index, follow, max-snippet:-1, max-image-preview:large, max-video-preview:-1\" \/>\n<link rel=\"canonical\" href=\"https:\/\/www.iplay.com\/de\/games\/tasty-jigsaw-happy-hour-2\/\" \/>\n<meta property=\"og:locale\" content=\"de_DE\" \/>\n<meta property=\"og:type\" content=\"article\" \/>\n<meta property=\"og:title\" content=\"Tasty Jigsaw Happy Hour 2\" \/>\n<meta property=\"og:description\" content=\"Tasty Jigsaw Happy Hour 2 erm\u00f6glicht es Ihnen, sich mit k\u00f6stlichen Leckereien zu verw\u00f6hnen, ohne jemals Ihr Zuhause zu verlassen.\" \/>\n<meta property=\"og:url\" content=\"https:\/\/www.iplay.com\/de\/games\/tasty-jigsaw-happy-hour-2\/\" \/>\n<meta property=\"og:site_name\" content=\"IPlay\" \/>\n<meta property=\"og:image\" content=\"https:\/\/www.iplay.com\/wp-content\/uploads\/2023\/12\/large_square_tile_image-4038.jpg\" \/>\n\t<meta property=\"og:image:width\" content=\"310\" \/>\n\t<meta property=\"og:image:height\" content=\"310\" \/>\n\t<meta property=\"og:image:type\" content=\"image\/jpeg\" \/>\n<meta name=\"twitter:card\" content=\"summary_large_image\" \/>\n<meta name=\"twitter:label1\" content=\"Gesch\u00e4tzte Lesezeit\" \/>\n\t<meta name=\"twitter:data1\" content=\"1 Minute\" \/>\n<script type=\"application\/ld+json\" class=\"yoast-schema-graph\">{\"@context\":\"https:\/\/schema.org\",\"@graph\":[{\"@type\":\"WebPage\",\"@id\":\"https:\/\/www.iplay.com\/de\/games\/tasty-jigsaw-happy-hour-2\/\",\"url\":\"https:\/\/www.iplay.com\/de\/games\/tasty-jigsaw-happy-hour-2\/\",\"name\":\"Tasty Jigsaw Happy Hour 2 - G\u00f6nnen Sie sich k\u00f6stliche K\u00f6stlichkeiten zu Hause\",\"isPartOf\":{\"@id\":\"https:\/\/www.iplay.com\/en\/#website\"},\"primaryImageOfPage\":{\"@id\":\"https:\/\/www.iplay.com\/de\/games\/tasty-jigsaw-happy-hour-2\/#primaryimage\"},\"image\":{\"@id\":\"https:\/\/www.iplay.com\/de\/games\/tasty-jigsaw-happy-hour-2\/#primaryimage\"},\"thumbnailUrl\":\"https:\/\/www.iplay.com\/wp-content\/uploads\/2023\/12\/large_square_tile_image-4038.jpg\",\"datePublished\":\"2021-05-29T00:00:00+00:00\",\"description\":\"Tasty Jigsaw Happy Hour 2 erm\u00f6glicht es Ihnen, sich mit k\u00f6stlichen Leckereien zu verw\u00f6hnen, ohne jemals Ihr Zuhause zu verlassen.\",\"breadcrumb\":{\"@id\":\"https:\/\/www.iplay.com\/de\/games\/tasty-jigsaw-happy-hour-2\/#breadcrumb\"},\"inLanguage\":\"de-DE\",\"potentialAction\":[{\"@type\":\"ReadAction\",\"target\":[\"https:\/\/www.iplay.com\/de\/games\/tasty-jigsaw-happy-hour-2\/\"]}]},{\"@type\":\"ImageObject\",\"inLanguage\":\"de-DE\",\"@id\":\"https:\/\/www.iplay.com\/de\/games\/tasty-jigsaw-happy-hour-2\/#primaryimage\",\"url\":\"https:\/\/www.iplay.com\/wp-content\/uploads\/2023\/12\/large_square_tile_image-4038.jpg\",\"contentUrl\":\"https:\/\/www.iplay.com\/wp-content\/uploads\/2023\/12\/large_square_tile_image-4038.jpg\",\"width\":310,\"height\":310},{\"@type\":\"BreadcrumbList\",\"@id\":\"https:\/\/www.iplay.com\/de\/games\/tasty-jigsaw-happy-hour-2\/#breadcrumb\",\"itemListElement\":[{\"@type\":\"ListItem\",\"position\":1,\"name\":\"Home\",\"item\":\"https:\/\/www.iplay.com\/de\/home-page-2\/\"},{\"@type\":\"ListItem\",\"position\":2,\"name\":\"Shop\",\"item\":\"https:\/\/www.iplay.com\/en\/shop\/\"},{\"@type\":\"ListItem\",\"position\":3,\"name\":\"Tasty Jigsaw Happy Hour 2\"}]},{\"@type\":\"WebSite\",\"@id\":\"https:\/\/www.iplay.com\/en\/#website\",\"url\":\"https:\/\/www.iplay.com\/en\/\",\"name\":\"IPlay\",\"description\":\"The Best Casual Games!\",\"publisher\":{\"@id\":\"https:\/\/www.iplay.com\/en\/#organization\"},\"potentialAction\":[{\"@type\":\"SearchAction\",\"target\":{\"@type\":\"EntryPoint\",\"urlTemplate\":\"https:\/\/www.iplay.com\/en\/?s={search_term_string}\"},\"query-input\":{\"@type\":\"PropertyValueSpecification\",\"valueRequired\":true,\"valueName\":\"search_term_string\"}}],\"inLanguage\":\"de-DE\"},{\"@type\":\"Organization\",\"@id\":\"https:\/\/www.iplay.com\/en\/#organization\",\"name\":\"IPlay\",\"url\":\"https:\/\/www.iplay.com\/en\/\",\"logo\":{\"@type\":\"ImageObject\",\"inLanguage\":\"de-DE\",\"@id\":\"https:\/\/www.iplay.com\/en\/#\/schema\/logo\/image\/\",\"url\":\"https:\/\/www.iplay.com\/wp-content\/uploads\/2023\/11\/Group-6100.svg\",\"contentUrl\":\"https:\/\/www.iplay.com\/wp-content\/uploads\/2023\/11\/Group-6100.svg\",\"width\":98,\"height\":25,\"caption\":\"IPlay\"},\"image\":{\"@id\":\"https:\/\/www.iplay.com\/en\/#\/schema\/logo\/image\/\"}}]}<\/script>\n<!-- \/ Yoast SEO Premium plugin. -->","yoast_head_json":{"title":"Tasty Jigsaw Happy Hour 2 - G\u00f6nnen Sie sich k\u00f6stliche K\u00f6stlichkeiten zu Hause","description":"Tasty Jigsaw Happy Hour 2 erm\u00f6glicht es Ihnen, sich mit k\u00f6stlichen Leckereien zu verw\u00f6hnen, ohne jemals Ihr Zuhause zu verlassen.","robots":{"index":"index","follow":"follow","max-snippet":"max-snippet:-1","max-image-preview":"max-image-preview:large","max-video-preview":"max-video-preview:-1"},"canonical":"https:\/\/www.iplay.com\/de\/games\/tasty-jigsaw-happy-hour-2\/","og_locale":"de_DE","og_type":"article","og_title":"Tasty Jigsaw Happy Hour 2","og_description":"Tasty Jigsaw Happy Hour 2 erm\u00f6glicht es Ihnen, sich mit k\u00f6stlichen Leckereien zu verw\u00f6hnen, ohne jemals Ihr Zuhause zu verlassen.","og_url":"https:\/\/www.iplay.com\/de\/games\/tasty-jigsaw-happy-hour-2\/","og_site_name":"IPlay","og_image":[{"width":310,"height":310,"url":"https:\/\/www.iplay.com\/wp-content\/uploads\/2023\/12\/large_square_tile_image-4038.jpg","type":"image\/jpeg"}],"twitter_card":"summary_large_image","twitter_misc":{"Gesch\u00e4tzte Lesezeit":"1 Minute"},"schema":{"@context":"https:\/\/schema.org","@graph":[{"@type":"WebPage","@id":"https:\/\/www.iplay.com\/de\/games\/tasty-jigsaw-happy-hour-2\/","url":"https:\/\/www.iplay.com\/de\/games\/tasty-jigsaw-happy-hour-2\/","name":"Tasty Jigsaw Happy Hour 2 - G\u00f6nnen Sie sich k\u00f6stliche K\u00f6stlichkeiten zu Hause","isPartOf":{"@id":"https:\/\/www.iplay.com\/en\/#website"},"primaryImageOfPage":{"@id":"https:\/\/www.iplay.com\/de\/games\/tasty-jigsaw-happy-hour-2\/#primaryimage"},"image":{"@id":"https:\/\/www.iplay.com\/de\/games\/tasty-jigsaw-happy-hour-2\/#primaryimage"},"thumbnailUrl":"https:\/\/www.iplay.com\/wp-content\/uploads\/2023\/12\/large_square_tile_image-4038.jpg","datePublished":"2021-05-29T00:00:00+00:00","description":"Tasty Jigsaw Happy Hour 2 erm\u00f6glicht es Ihnen, sich mit k\u00f6stlichen Leckereien zu verw\u00f6hnen, ohne jemals Ihr Zuhause zu verlassen.","breadcrumb":{"@id":"https:\/\/www.iplay.com\/de\/games\/tasty-jigsaw-happy-hour-2\/#breadcrumb"},"inLanguage":"de-DE","potentialAction":[{"@type":"ReadAction","target":["https:\/\/www.iplay.com\/de\/games\/tasty-jigsaw-happy-hour-2\/"]}]},{"@type":"ImageObject","inLanguage":"de-DE","@id":"https:\/\/www.iplay.com\/de\/games\/tasty-jigsaw-happy-hour-2\/#primaryimage","url":"https:\/\/www.iplay.com\/wp-content\/uploads\/2023\/12\/large_square_tile_image-4038.jpg","contentUrl":"https:\/\/www.iplay.com\/wp-content\/uploads\/2023\/12\/large_square_tile_image-4038.jpg","width":310,"height":310},{"@type":"BreadcrumbList","@id":"https:\/\/www.iplay.com\/de\/games\/tasty-jigsaw-happy-hour-2\/#breadcrumb","itemListElement":[{"@type":"ListItem","position":1,"name":"Home","item":"https:\/\/www.iplay.com\/de\/home-page-2\/"},{"@type":"ListItem","position":2,"name":"Shop","item":"https:\/\/www.iplay.com\/en\/shop\/"},{"@type":"ListItem","position":3,"name":"Tasty Jigsaw Happy Hour 2"}]},{"@type":"WebSite","@id":"https:\/\/www.iplay.com\/en\/#website","url":"https:\/\/www.iplay.com\/en\/","name":"IPlay","description":"The Best Casual Games!","publisher":{"@id":"https:\/\/www.iplay.com\/en\/#organization"},"potentialAction":[{"@type":"SearchAction","target":{"@type":"EntryPoint","urlTemplate":"https:\/\/www.iplay.com\/en\/?s={search_term_string}"},"query-input":{"@type":"PropertyValueSpecification","valueRequired":true,"valueName":"search_term_string"}}],"inLanguage":"de-DE"},{"@type":"Organization","@id":"https:\/\/www.iplay.com\/en\/#organization","name":"IPlay","url":"https:\/\/www.iplay.com\/en\/","logo":{"@type":"ImageObject","inLanguage":"de-DE","@id":"https:\/\/www.iplay.com\/en\/#\/schema\/logo\/image\/","url":"https:\/\/www.iplay.com\/wp-content\/uploads\/2023\/11\/Group-6100.svg","contentUrl":"https:\/\/www.iplay.com\/wp-content\/uploads\/2023\/11\/Group-6100.svg","width":98,"height":25,"caption":"IPlay"},"image":{"@id":"https:\/\/www.iplay.com\/en\/#\/schema\/logo\/image\/"}}]}},"_links":{"self":[{"href":"https:\/\/www.iplay.com\/de\/wp-json\/wp\/v2\/product\/137657","targetHints":{"allow":["GET"]}}],"collection":[{"href":"https:\/\/www.iplay.com\/de\/wp-json\/wp\/v2\/product"}],"about":[{"href":"https:\/\/www.iplay.com\/de\/wp-json\/wp\/v2\/types\/product"}],"author":[{"embeddable":true,"href":"https:\/\/www.iplay.com\/de\/wp-json\/wp\/v2\/users\/13"}],"replies":[{"embeddable":true,"href":"https:\/\/www.iplay.com\/de\/wp-json\/wp\/v2\/comments?post=137657"}],"wp:featuredmedia":[{"embeddable":true,"href":"https:\/\/www.iplay.com\/de\/wp-json\/wp\/v2\/media\/104355"}],"wp:attachment":[{"href":"https:\/\/www.iplay.com\/de\/wp-json\/wp\/v2\/media?parent=137657"}],"wp:term":[{"taxonomy":"product_brand","embeddable":true,"href":"https:\/\/www.iplay.com\/de\/wp-json\/wp\/v2\/product_brand?post=137657"},{"taxonomy":"product_cat","embeddable":true,"href":"https:\/\/www.iplay.com\/de\/wp-json\/wp\/v2\/product_cat?post=137657"},{"taxonomy":"product_tag","embeddable":true,"href":"https:\/\/www.iplay.com\/de\/wp-json\/wp\/v2\/product_tag?post=137657"}],"curies":[{"name":"wp","href":"https:\/\/api.w.org\/{rel}","templated":true}]}}