{"id":137647,"date":"2021-05-31T00:00:00","date_gmt":"2021-05-31T00:00:00","guid":{"rendered":"https:\/\/www.iplay.com\/games\/clear-it-12\/"},"modified":"2021-05-31T00:00:00","modified_gmt":"2021-05-31T00:00:00","slug":"clear-it-12","status":"publish","type":"product","link":"https:\/\/www.iplay.com\/de\/games\/clear-it-12\/","title":{"rendered":"Clear It 12"},"content":{"rendered":"<p>F\u00fchlen Sie sich der Herausforderung gewachsen? Es gibt 230 Levels im Spiel, die Sie abschlie\u00dfen m\u00fcssen, um zu gewinnen. In der Mitte des Spielfelds ist ein Muster aus B\u00e4llen zu sehen. Es gibt B\u00e4lle, mit denen man an den vier Ecken des Feldes schie\u00dfen kann: oben, unten, rechts und links. W\u00e4hle einen Ball aus der Reihe aus, die dem Spielfeld am n\u00e4chsten ist, und klicke dann, um ihn fliegen zu lassen. Er geht geradeaus, bis er auf einen anderen Ball oder den Spielfeldrand trifft. Danach verschwinden die Kugeln der gleichen Farbe, wenn sie nebeneinander liegen. Versuchen Sie, jeden Ball auf dem Feld zu schie\u00dfen, um ihn verschwinden zu lassen. Es gibt kein Zeitlimit f\u00fcr das Spiel, aber je mehr du dich durch die Stufen und die f\u00fcnf verschiedenen Spielmodi bewegst, desto komplexer wird es.        <\/p>\n<p>&nbsp;<\/p>\n<p>&nbsp;<\/p>\n<p><strong>Funktionen:<\/strong><\/p>\n<p>&nbsp;<\/p>\n<p>&#8211; 230 Stufen<\/p>\n<p>&#8211; Lebendige Action und auff\u00e4llige Grafik<\/p>\n<p>&#8211; Zehn Stunden Spielspa\u00df<\/p>\n","protected":false},"excerpt":{"rendered":"<p>F\u00fchlen Sie sich der Herausforderung gewachsen? Kannst du alle 230 Level von ClearIt 12 abschlie\u00dfen? <\/p>\n","protected":false},"author":36,"featured_media":79977,"comment_status":"open","ping_status":"closed","template":"","meta":{"_acf_changed":false,"inline_featured_image":false},"product_brand":[],"product_cat":[194],"product_tag":[],"class_list":{"0":"post-137647","1":"product","2":"type-product","3":"status-publish","4":"has-post-thumbnail","6":"product_cat-puzzle-de","8":"first","9":"instock","10":"shipping-taxable","11":"purchasable","12":"product-type-simple"},"acf":[],"yoast_head":"<!-- This site is optimized with the Yoast SEO Premium plugin v25.2 (Yoast SEO v25.2) - https:\/\/yoast.com\/wordpress\/plugins\/seo\/ -->\n<title>Clear It 12 - Bereit f\u00fcr eine Herausforderung? Schlie\u00dfe alle 230 Level in ClearIt 12 ab<\/title>\n<meta name=\"description\" content=\"F\u00fchlen Sie sich der Herausforderung gewachsen? Kannst du alle 230 Level von ClearIt 12 abschlie\u00dfen?\" \/>\n<meta name=\"robots\" content=\"index, follow, max-snippet:-1, max-image-preview:large, max-video-preview:-1\" \/>\n<link rel=\"canonical\" href=\"https:\/\/www.iplay.com\/de\/games\/clear-it-12\/\" \/>\n<meta property=\"og:locale\" content=\"de_DE\" \/>\n<meta property=\"og:type\" content=\"article\" \/>\n<meta property=\"og:title\" content=\"Clear It 12\" \/>\n<meta property=\"og:description\" content=\"F\u00fchlen Sie sich der Herausforderung gewachsen? Kannst du alle 230 Level von ClearIt 12 abschlie\u00dfen?\" \/>\n<meta property=\"og:url\" content=\"https:\/\/www.iplay.com\/de\/games\/clear-it-12\/\" \/>\n<meta property=\"og:site_name\" content=\"IPlay\" \/>\n<meta property=\"og:image\" content=\"https:\/\/www.iplay.com\/wp-content\/uploads\/2023\/12\/large_square_tile_image-2500.jpg\" \/>\n\t<meta property=\"og:image:width\" content=\"310\" \/>\n\t<meta property=\"og:image:height\" content=\"310\" \/>\n\t<meta property=\"og:image:type\" content=\"image\/jpeg\" \/>\n<meta name=\"twitter:card\" content=\"summary_large_image\" \/>\n<meta name=\"twitter:label1\" content=\"Gesch\u00e4tzte Lesezeit\" \/>\n\t<meta name=\"twitter:data1\" content=\"1 Minute\" \/>\n<script type=\"application\/ld+json\" class=\"yoast-schema-graph\">{\"@context\":\"https:\/\/schema.org\",\"@graph\":[{\"@type\":\"WebPage\",\"@id\":\"https:\/\/www.iplay.com\/de\/games\/clear-it-12\/\",\"url\":\"https:\/\/www.iplay.com\/de\/games\/clear-it-12\/\",\"name\":\"Clear It 12 - Bereit f\u00fcr eine Herausforderung? Schlie\u00dfe alle 230 Level in ClearIt 12 ab\",\"isPartOf\":{\"@id\":\"https:\/\/www.iplay.com\/en\/#website\"},\"primaryImageOfPage\":{\"@id\":\"https:\/\/www.iplay.com\/de\/games\/clear-it-12\/#primaryimage\"},\"image\":{\"@id\":\"https:\/\/www.iplay.com\/de\/games\/clear-it-12\/#primaryimage\"},\"thumbnailUrl\":\"https:\/\/www.iplay.com\/wp-content\/uploads\/2023\/12\/large_square_tile_image-2500.jpg\",\"datePublished\":\"2021-05-31T00:00:00+00:00\",\"description\":\"F\u00fchlen Sie sich der Herausforderung gewachsen? Kannst du alle 230 Level von ClearIt 12 abschlie\u00dfen?\",\"breadcrumb\":{\"@id\":\"https:\/\/www.iplay.com\/de\/games\/clear-it-12\/#breadcrumb\"},\"inLanguage\":\"de-DE\",\"potentialAction\":[{\"@type\":\"ReadAction\",\"target\":[\"https:\/\/www.iplay.com\/de\/games\/clear-it-12\/\"]}]},{\"@type\":\"ImageObject\",\"inLanguage\":\"de-DE\",\"@id\":\"https:\/\/www.iplay.com\/de\/games\/clear-it-12\/#primaryimage\",\"url\":\"https:\/\/www.iplay.com\/wp-content\/uploads\/2023\/12\/large_square_tile_image-2500.jpg\",\"contentUrl\":\"https:\/\/www.iplay.com\/wp-content\/uploads\/2023\/12\/large_square_tile_image-2500.jpg\",\"width\":310,\"height\":310},{\"@type\":\"BreadcrumbList\",\"@id\":\"https:\/\/www.iplay.com\/de\/games\/clear-it-12\/#breadcrumb\",\"itemListElement\":[{\"@type\":\"ListItem\",\"position\":1,\"name\":\"Home\",\"item\":\"https:\/\/www.iplay.com\/de\/home-page-2\/\"},{\"@type\":\"ListItem\",\"position\":2,\"name\":\"Shop\",\"item\":\"https:\/\/www.iplay.com\/en\/shop\/\"},{\"@type\":\"ListItem\",\"position\":3,\"name\":\"Clear It 12\"}]},{\"@type\":\"WebSite\",\"@id\":\"https:\/\/www.iplay.com\/en\/#website\",\"url\":\"https:\/\/www.iplay.com\/en\/\",\"name\":\"IPlay\",\"description\":\"The Best Casual Games!\",\"publisher\":{\"@id\":\"https:\/\/www.iplay.com\/en\/#organization\"},\"potentialAction\":[{\"@type\":\"SearchAction\",\"target\":{\"@type\":\"EntryPoint\",\"urlTemplate\":\"https:\/\/www.iplay.com\/en\/?s={search_term_string}\"},\"query-input\":{\"@type\":\"PropertyValueSpecification\",\"valueRequired\":true,\"valueName\":\"search_term_string\"}}],\"inLanguage\":\"de-DE\"},{\"@type\":\"Organization\",\"@id\":\"https:\/\/www.iplay.com\/en\/#organization\",\"name\":\"IPlay\",\"url\":\"https:\/\/www.iplay.com\/en\/\",\"logo\":{\"@type\":\"ImageObject\",\"inLanguage\":\"de-DE\",\"@id\":\"https:\/\/www.iplay.com\/en\/#\/schema\/logo\/image\/\",\"url\":\"https:\/\/www.iplay.com\/wp-content\/uploads\/2023\/11\/Group-6100.svg\",\"contentUrl\":\"https:\/\/www.iplay.com\/wp-content\/uploads\/2023\/11\/Group-6100.svg\",\"width\":98,\"height\":25,\"caption\":\"IPlay\"},\"image\":{\"@id\":\"https:\/\/www.iplay.com\/en\/#\/schema\/logo\/image\/\"}}]}<\/script>\n<!-- \/ Yoast SEO Premium plugin. -->","yoast_head_json":{"title":"Clear It 12 - Bereit f\u00fcr eine Herausforderung? Schlie\u00dfe alle 230 Level in ClearIt 12 ab","description":"F\u00fchlen Sie sich der Herausforderung gewachsen? Kannst du alle 230 Level von ClearIt 12 abschlie\u00dfen?","robots":{"index":"index","follow":"follow","max-snippet":"max-snippet:-1","max-image-preview":"max-image-preview:large","max-video-preview":"max-video-preview:-1"},"canonical":"https:\/\/www.iplay.com\/de\/games\/clear-it-12\/","og_locale":"de_DE","og_type":"article","og_title":"Clear It 12","og_description":"F\u00fchlen Sie sich der Herausforderung gewachsen? Kannst du alle 230 Level von ClearIt 12 abschlie\u00dfen?","og_url":"https:\/\/www.iplay.com\/de\/games\/clear-it-12\/","og_site_name":"IPlay","og_image":[{"width":310,"height":310,"url":"https:\/\/www.iplay.com\/wp-content\/uploads\/2023\/12\/large_square_tile_image-2500.jpg","type":"image\/jpeg"}],"twitter_card":"summary_large_image","twitter_misc":{"Gesch\u00e4tzte Lesezeit":"1 Minute"},"schema":{"@context":"https:\/\/schema.org","@graph":[{"@type":"WebPage","@id":"https:\/\/www.iplay.com\/de\/games\/clear-it-12\/","url":"https:\/\/www.iplay.com\/de\/games\/clear-it-12\/","name":"Clear It 12 - Bereit f\u00fcr eine Herausforderung? Schlie\u00dfe alle 230 Level in ClearIt 12 ab","isPartOf":{"@id":"https:\/\/www.iplay.com\/en\/#website"},"primaryImageOfPage":{"@id":"https:\/\/www.iplay.com\/de\/games\/clear-it-12\/#primaryimage"},"image":{"@id":"https:\/\/www.iplay.com\/de\/games\/clear-it-12\/#primaryimage"},"thumbnailUrl":"https:\/\/www.iplay.com\/wp-content\/uploads\/2023\/12\/large_square_tile_image-2500.jpg","datePublished":"2021-05-31T00:00:00+00:00","description":"F\u00fchlen Sie sich der Herausforderung gewachsen? Kannst du alle 230 Level von ClearIt 12 abschlie\u00dfen?","breadcrumb":{"@id":"https:\/\/www.iplay.com\/de\/games\/clear-it-12\/#breadcrumb"},"inLanguage":"de-DE","potentialAction":[{"@type":"ReadAction","target":["https:\/\/www.iplay.com\/de\/games\/clear-it-12\/"]}]},{"@type":"ImageObject","inLanguage":"de-DE","@id":"https:\/\/www.iplay.com\/de\/games\/clear-it-12\/#primaryimage","url":"https:\/\/www.iplay.com\/wp-content\/uploads\/2023\/12\/large_square_tile_image-2500.jpg","contentUrl":"https:\/\/www.iplay.com\/wp-content\/uploads\/2023\/12\/large_square_tile_image-2500.jpg","width":310,"height":310},{"@type":"BreadcrumbList","@id":"https:\/\/www.iplay.com\/de\/games\/clear-it-12\/#breadcrumb","itemListElement":[{"@type":"ListItem","position":1,"name":"Home","item":"https:\/\/www.iplay.com\/de\/home-page-2\/"},{"@type":"ListItem","position":2,"name":"Shop","item":"https:\/\/www.iplay.com\/en\/shop\/"},{"@type":"ListItem","position":3,"name":"Clear It 12"}]},{"@type":"WebSite","@id":"https:\/\/www.iplay.com\/en\/#website","url":"https:\/\/www.iplay.com\/en\/","name":"IPlay","description":"The Best Casual Games!","publisher":{"@id":"https:\/\/www.iplay.com\/en\/#organization"},"potentialAction":[{"@type":"SearchAction","target":{"@type":"EntryPoint","urlTemplate":"https:\/\/www.iplay.com\/en\/?s={search_term_string}"},"query-input":{"@type":"PropertyValueSpecification","valueRequired":true,"valueName":"search_term_string"}}],"inLanguage":"de-DE"},{"@type":"Organization","@id":"https:\/\/www.iplay.com\/en\/#organization","name":"IPlay","url":"https:\/\/www.iplay.com\/en\/","logo":{"@type":"ImageObject","inLanguage":"de-DE","@id":"https:\/\/www.iplay.com\/en\/#\/schema\/logo\/image\/","url":"https:\/\/www.iplay.com\/wp-content\/uploads\/2023\/11\/Group-6100.svg","contentUrl":"https:\/\/www.iplay.com\/wp-content\/uploads\/2023\/11\/Group-6100.svg","width":98,"height":25,"caption":"IPlay"},"image":{"@id":"https:\/\/www.iplay.com\/en\/#\/schema\/logo\/image\/"}}]}},"_links":{"self":[{"href":"https:\/\/www.iplay.com\/de\/wp-json\/wp\/v2\/product\/137647","targetHints":{"allow":["GET"]}}],"collection":[{"href":"https:\/\/www.iplay.com\/de\/wp-json\/wp\/v2\/product"}],"about":[{"href":"https:\/\/www.iplay.com\/de\/wp-json\/wp\/v2\/types\/product"}],"author":[{"embeddable":true,"href":"https:\/\/www.iplay.com\/de\/wp-json\/wp\/v2\/users\/36"}],"replies":[{"embeddable":true,"href":"https:\/\/www.iplay.com\/de\/wp-json\/wp\/v2\/comments?post=137647"}],"wp:featuredmedia":[{"embeddable":true,"href":"https:\/\/www.iplay.com\/de\/wp-json\/wp\/v2\/media\/79977"}],"wp:attachment":[{"href":"https:\/\/www.iplay.com\/de\/wp-json\/wp\/v2\/media?parent=137647"}],"wp:term":[{"taxonomy":"product_brand","embeddable":true,"href":"https:\/\/www.iplay.com\/de\/wp-json\/wp\/v2\/product_brand?post=137647"},{"taxonomy":"product_cat","embeddable":true,"href":"https:\/\/www.iplay.com\/de\/wp-json\/wp\/v2\/product_cat?post=137647"},{"taxonomy":"product_tag","embeddable":true,"href":"https:\/\/www.iplay.com\/de\/wp-json\/wp\/v2\/product_tag?post=137647"}],"curies":[{"name":"wp","href":"https:\/\/api.w.org\/{rel}","templated":true}]}}