{"id":137641,"date":"2021-06-12T00:00:00","date_gmt":"2021-06-12T00:00:00","guid":{"rendered":"https:\/\/www.iplay.com\/games\/rescue-friends-solitaire\/"},"modified":"2021-06-12T00:00:00","modified_gmt":"2021-06-12T00:00:00","slug":"rescue-friends-solitaire","status":"publish","type":"product","link":"https:\/\/www.iplay.com\/de\/games\/rescue-friends-solitaire\/","title":{"rendered":"Rescue Friends Solitaire"},"content":{"rendered":"<p>Im Laufe der Jahre haben die Regionen des Baumes des Lebens viel Leid erlebt, mit verheerenden Auswirkungen von Vulkanausbr\u00fcchen, \u00dcberschwemmungen und Br\u00e4nden. Trotzdem konnte Luan, der Fuchs, den Wald immer besch\u00fctzen. In der Natur gibt es aber noch mehr \u00dcberraschungen zu entdecken. Eine schwarze, hartn\u00e4ckige Krankheit ist nun aus den Tiefen der Erde aufgetaucht. Es hat begonnen, aus unterirdischen Rissen zu sickern und alles zu kontaminieren, womit es in Kontakt kommt. Aufgrund des trockenen und unproduktiven Bodens haben die B\u00e4ume begonnen zu faulen und zu verdorren. Die Umgebung des Baumes ist nun von der Krankheit betroffen. Der Baum des Lebens ist nicht stark genug, um jede Pflanze zu heilen, und die Schutzgeister des Waldes sind machtlos, das Problem alleine zu l\u00f6sen. Die einzige Person, die diese L\u00e4nder vor der v\u00f6lligen Ausl\u00f6schung des Lebens retten kann, ist Luan. Aber das ist noch nicht alles&#8230; Schlie\u00dfe 200 Kartenmuster mit unterschiedlichen Schwierigkeitsgraden ab, um den Waldgeistern im Kampf gegen die mysteri\u00f6se Krankheit und beim Schutz des Waldes zu helfen.          <\/p>\n<p>&nbsp;<\/p>\n<p>&nbsp;<\/p>\n<p><strong>Funktionen:<\/strong><\/p>\n<p>&nbsp;<\/p>\n<p>&#8211; Erz\u00e4hlung, die den Konflikt der Waldgeister mit der r\u00e4tselhaften Krankheit beschreibt!<br \/>\n&#8211; Eine Vielzahl von erstaunlichen Hintergr\u00fcnden f\u00fcr atmosph\u00e4rische Levels! Leicht verst\u00e4ndliches und unterhaltsames Gameplay! Machen Sie die meisten m\u00f6glichen Kombinationen, um Boni zu erhalten! Eine Menge Extras und Unterst\u00fctzung im Spiel! 200 unglaubliche Kartenmuster!<br \/>\n&#8211; Verteidige den Wald und k\u00e4mpfe gegen die r\u00e4tselhafte Krankheit!<br \/>\n&#8211; Fordern Sie sich selbst heraus, wenn Sie Herausforderungen \u00fcberwunden haben!<\/p>\n","protected":false},"excerpt":{"rendered":"<p>Verteidige den Wald in Rescue Friends Solit\u00e4r gegen eine r\u00e4tselhafte Krankheit.<\/p>\n","protected":false},"author":39,"featured_media":90661,"comment_status":"open","ping_status":"closed","template":"","meta":{"_acf_changed":false,"inline_featured_image":false},"product_brand":[],"product_cat":[157,206],"product_tag":[289],"class_list":{"0":"post-137641","1":"product","2":"type-product","3":"status-publish","4":"has-post-thumbnail","6":"product_cat-card-de-2","7":"product_cat-solitaire-de","8":"product_tag-play-on-pc-de","10":"first","11":"instock","12":"shipping-taxable","13":"purchasable","14":"product-type-simple"},"acf":[],"yoast_head":"<!-- This site is optimized with the Yoast SEO Premium plugin v25.2 (Yoast SEO v25.2) - https:\/\/yoast.com\/wordpress\/plugins\/seo\/ -->\n<title>Rescue Friends Solit\u00e4r - Rette den Wald<\/title>\n<meta name=\"description\" content=\"Verteidige den Wald in Rescue Friends Solit\u00e4r gegen eine r\u00e4tselhafte Krankheit.\" \/>\n<meta name=\"robots\" content=\"index, follow, max-snippet:-1, max-image-preview:large, max-video-preview:-1\" \/>\n<link rel=\"canonical\" href=\"https:\/\/www.iplay.com\/de\/games\/rescue-friends-solitaire\/\" \/>\n<meta property=\"og:locale\" content=\"de_DE\" \/>\n<meta property=\"og:type\" content=\"article\" \/>\n<meta property=\"og:title\" content=\"Rescue Friends Solitaire\" \/>\n<meta property=\"og:description\" content=\"Verteidige den Wald in Rescue Friends Solit\u00e4r gegen eine r\u00e4tselhafte Krankheit.\" \/>\n<meta property=\"og:url\" content=\"https:\/\/www.iplay.com\/de\/games\/rescue-friends-solitaire\/\" \/>\n<meta property=\"og:site_name\" content=\"IPlay\" \/>\n<meta property=\"og:image\" content=\"https:\/\/www.iplay.com\/wp-content\/uploads\/2023\/12\/large_square_tile_image-3181.jpg\" \/>\n\t<meta property=\"og:image:width\" content=\"310\" \/>\n\t<meta property=\"og:image:height\" content=\"310\" \/>\n\t<meta property=\"og:image:type\" content=\"image\/jpeg\" \/>\n<meta name=\"twitter:card\" content=\"summary_large_image\" \/>\n<meta name=\"twitter:label1\" content=\"Gesch\u00e4tzte Lesezeit\" \/>\n\t<meta name=\"twitter:data1\" content=\"1 Minute\" \/>\n<script type=\"application\/ld+json\" class=\"yoast-schema-graph\">{\"@context\":\"https:\/\/schema.org\",\"@graph\":[{\"@type\":\"WebPage\",\"@id\":\"https:\/\/www.iplay.com\/de\/games\/rescue-friends-solitaire\/\",\"url\":\"https:\/\/www.iplay.com\/de\/games\/rescue-friends-solitaire\/\",\"name\":\"Rescue Friends Solit\u00e4r - Rette den Wald\",\"isPartOf\":{\"@id\":\"https:\/\/www.iplay.com\/en\/#website\"},\"primaryImageOfPage\":{\"@id\":\"https:\/\/www.iplay.com\/de\/games\/rescue-friends-solitaire\/#primaryimage\"},\"image\":{\"@id\":\"https:\/\/www.iplay.com\/de\/games\/rescue-friends-solitaire\/#primaryimage\"},\"thumbnailUrl\":\"https:\/\/www.iplay.com\/wp-content\/uploads\/2023\/12\/large_square_tile_image-3181.jpg\",\"datePublished\":\"2021-06-12T00:00:00+00:00\",\"description\":\"Verteidige den Wald in Rescue Friends Solit\u00e4r gegen eine r\u00e4tselhafte Krankheit.\",\"breadcrumb\":{\"@id\":\"https:\/\/www.iplay.com\/de\/games\/rescue-friends-solitaire\/#breadcrumb\"},\"inLanguage\":\"de-DE\",\"potentialAction\":[{\"@type\":\"ReadAction\",\"target\":[\"https:\/\/www.iplay.com\/de\/games\/rescue-friends-solitaire\/\"]}]},{\"@type\":\"ImageObject\",\"inLanguage\":\"de-DE\",\"@id\":\"https:\/\/www.iplay.com\/de\/games\/rescue-friends-solitaire\/#primaryimage\",\"url\":\"https:\/\/www.iplay.com\/wp-content\/uploads\/2023\/12\/large_square_tile_image-3181.jpg\",\"contentUrl\":\"https:\/\/www.iplay.com\/wp-content\/uploads\/2023\/12\/large_square_tile_image-3181.jpg\",\"width\":310,\"height\":310},{\"@type\":\"BreadcrumbList\",\"@id\":\"https:\/\/www.iplay.com\/de\/games\/rescue-friends-solitaire\/#breadcrumb\",\"itemListElement\":[{\"@type\":\"ListItem\",\"position\":1,\"name\":\"Home\",\"item\":\"https:\/\/www.iplay.com\/de\/home-page-2\/\"},{\"@type\":\"ListItem\",\"position\":2,\"name\":\"Shop\",\"item\":\"https:\/\/www.iplay.com\/en\/shop\/\"},{\"@type\":\"ListItem\",\"position\":3,\"name\":\"Rescue Friends Solitaire\"}]},{\"@type\":\"WebSite\",\"@id\":\"https:\/\/www.iplay.com\/en\/#website\",\"url\":\"https:\/\/www.iplay.com\/en\/\",\"name\":\"IPlay\",\"description\":\"The Best Casual Games!\",\"publisher\":{\"@id\":\"https:\/\/www.iplay.com\/en\/#organization\"},\"potentialAction\":[{\"@type\":\"SearchAction\",\"target\":{\"@type\":\"EntryPoint\",\"urlTemplate\":\"https:\/\/www.iplay.com\/en\/?s={search_term_string}\"},\"query-input\":{\"@type\":\"PropertyValueSpecification\",\"valueRequired\":true,\"valueName\":\"search_term_string\"}}],\"inLanguage\":\"de-DE\"},{\"@type\":\"Organization\",\"@id\":\"https:\/\/www.iplay.com\/en\/#organization\",\"name\":\"IPlay\",\"url\":\"https:\/\/www.iplay.com\/en\/\",\"logo\":{\"@type\":\"ImageObject\",\"inLanguage\":\"de-DE\",\"@id\":\"https:\/\/www.iplay.com\/en\/#\/schema\/logo\/image\/\",\"url\":\"https:\/\/www.iplay.com\/wp-content\/uploads\/2023\/11\/Group-6100.svg\",\"contentUrl\":\"https:\/\/www.iplay.com\/wp-content\/uploads\/2023\/11\/Group-6100.svg\",\"width\":98,\"height\":25,\"caption\":\"IPlay\"},\"image\":{\"@id\":\"https:\/\/www.iplay.com\/en\/#\/schema\/logo\/image\/\"}}]}<\/script>\n<!-- \/ Yoast SEO Premium plugin. -->","yoast_head_json":{"title":"Rescue Friends Solit\u00e4r - Rette den Wald","description":"Verteidige den Wald in Rescue Friends Solit\u00e4r gegen eine r\u00e4tselhafte Krankheit.","robots":{"index":"index","follow":"follow","max-snippet":"max-snippet:-1","max-image-preview":"max-image-preview:large","max-video-preview":"max-video-preview:-1"},"canonical":"https:\/\/www.iplay.com\/de\/games\/rescue-friends-solitaire\/","og_locale":"de_DE","og_type":"article","og_title":"Rescue Friends Solitaire","og_description":"Verteidige den Wald in Rescue Friends Solit\u00e4r gegen eine r\u00e4tselhafte Krankheit.","og_url":"https:\/\/www.iplay.com\/de\/games\/rescue-friends-solitaire\/","og_site_name":"IPlay","og_image":[{"width":310,"height":310,"url":"https:\/\/www.iplay.com\/wp-content\/uploads\/2023\/12\/large_square_tile_image-3181.jpg","type":"image\/jpeg"}],"twitter_card":"summary_large_image","twitter_misc":{"Gesch\u00e4tzte Lesezeit":"1 Minute"},"schema":{"@context":"https:\/\/schema.org","@graph":[{"@type":"WebPage","@id":"https:\/\/www.iplay.com\/de\/games\/rescue-friends-solitaire\/","url":"https:\/\/www.iplay.com\/de\/games\/rescue-friends-solitaire\/","name":"Rescue Friends Solit\u00e4r - Rette den Wald","isPartOf":{"@id":"https:\/\/www.iplay.com\/en\/#website"},"primaryImageOfPage":{"@id":"https:\/\/www.iplay.com\/de\/games\/rescue-friends-solitaire\/#primaryimage"},"image":{"@id":"https:\/\/www.iplay.com\/de\/games\/rescue-friends-solitaire\/#primaryimage"},"thumbnailUrl":"https:\/\/www.iplay.com\/wp-content\/uploads\/2023\/12\/large_square_tile_image-3181.jpg","datePublished":"2021-06-12T00:00:00+00:00","description":"Verteidige den Wald in Rescue Friends Solit\u00e4r gegen eine r\u00e4tselhafte Krankheit.","breadcrumb":{"@id":"https:\/\/www.iplay.com\/de\/games\/rescue-friends-solitaire\/#breadcrumb"},"inLanguage":"de-DE","potentialAction":[{"@type":"ReadAction","target":["https:\/\/www.iplay.com\/de\/games\/rescue-friends-solitaire\/"]}]},{"@type":"ImageObject","inLanguage":"de-DE","@id":"https:\/\/www.iplay.com\/de\/games\/rescue-friends-solitaire\/#primaryimage","url":"https:\/\/www.iplay.com\/wp-content\/uploads\/2023\/12\/large_square_tile_image-3181.jpg","contentUrl":"https:\/\/www.iplay.com\/wp-content\/uploads\/2023\/12\/large_square_tile_image-3181.jpg","width":310,"height":310},{"@type":"BreadcrumbList","@id":"https:\/\/www.iplay.com\/de\/games\/rescue-friends-solitaire\/#breadcrumb","itemListElement":[{"@type":"ListItem","position":1,"name":"Home","item":"https:\/\/www.iplay.com\/de\/home-page-2\/"},{"@type":"ListItem","position":2,"name":"Shop","item":"https:\/\/www.iplay.com\/en\/shop\/"},{"@type":"ListItem","position":3,"name":"Rescue Friends Solitaire"}]},{"@type":"WebSite","@id":"https:\/\/www.iplay.com\/en\/#website","url":"https:\/\/www.iplay.com\/en\/","name":"IPlay","description":"The Best Casual Games!","publisher":{"@id":"https:\/\/www.iplay.com\/en\/#organization"},"potentialAction":[{"@type":"SearchAction","target":{"@type":"EntryPoint","urlTemplate":"https:\/\/www.iplay.com\/en\/?s={search_term_string}"},"query-input":{"@type":"PropertyValueSpecification","valueRequired":true,"valueName":"search_term_string"}}],"inLanguage":"de-DE"},{"@type":"Organization","@id":"https:\/\/www.iplay.com\/en\/#organization","name":"IPlay","url":"https:\/\/www.iplay.com\/en\/","logo":{"@type":"ImageObject","inLanguage":"de-DE","@id":"https:\/\/www.iplay.com\/en\/#\/schema\/logo\/image\/","url":"https:\/\/www.iplay.com\/wp-content\/uploads\/2023\/11\/Group-6100.svg","contentUrl":"https:\/\/www.iplay.com\/wp-content\/uploads\/2023\/11\/Group-6100.svg","width":98,"height":25,"caption":"IPlay"},"image":{"@id":"https:\/\/www.iplay.com\/en\/#\/schema\/logo\/image\/"}}]}},"_links":{"self":[{"href":"https:\/\/www.iplay.com\/de\/wp-json\/wp\/v2\/product\/137641","targetHints":{"allow":["GET"]}}],"collection":[{"href":"https:\/\/www.iplay.com\/de\/wp-json\/wp\/v2\/product"}],"about":[{"href":"https:\/\/www.iplay.com\/de\/wp-json\/wp\/v2\/types\/product"}],"author":[{"embeddable":true,"href":"https:\/\/www.iplay.com\/de\/wp-json\/wp\/v2\/users\/39"}],"replies":[{"embeddable":true,"href":"https:\/\/www.iplay.com\/de\/wp-json\/wp\/v2\/comments?post=137641"}],"wp:featuredmedia":[{"embeddable":true,"href":"https:\/\/www.iplay.com\/de\/wp-json\/wp\/v2\/media\/90661"}],"wp:attachment":[{"href":"https:\/\/www.iplay.com\/de\/wp-json\/wp\/v2\/media?parent=137641"}],"wp:term":[{"taxonomy":"product_brand","embeddable":true,"href":"https:\/\/www.iplay.com\/de\/wp-json\/wp\/v2\/product_brand?post=137641"},{"taxonomy":"product_cat","embeddable":true,"href":"https:\/\/www.iplay.com\/de\/wp-json\/wp\/v2\/product_cat?post=137641"},{"taxonomy":"product_tag","embeddable":true,"href":"https:\/\/www.iplay.com\/de\/wp-json\/wp\/v2\/product_tag?post=137641"}],"curies":[{"name":"wp","href":"https:\/\/api.w.org\/{rel}","templated":true}]}}