{"id":137618,"date":"2025-05-30T07:30:14","date_gmt":"2025-05-30T07:30:14","guid":{"rendered":"https:\/\/www.iplay.com\/?post_type=product&p=137618"},"modified":"2025-05-27T19:13:36","modified_gmt":"2025-05-27T19:13:36","slug":"seven-seas-jewels-collectors-edition","status":"publish","type":"product","link":"https:\/\/www.iplay.com\/de\/games\/seven-seas-jewels-collectors-edition\/","title":{"rendered":"Seven Seas Jewels Collector&#8217;s Edition"},"content":{"rendered":"<p>Du spielst als mutiger Pirat auf einer Rettungsmission. Der b\u00f6se Hauptmann Mordain hat die Tochter des Gouverneurs entf\u00fchrt. Du musst sie retten und ihn aufhalten.  <\/p>\n<p>Du segelst in gef\u00e4hrlichen Gew\u00e4ssern und kombinierst bunte Juwelen, um Schlachten zu gewinnen. Du k\u00e4mpfst gegen gruselige Seeungeheuer und findest alte Sch\u00e4tze. Jedes Level bringt neue Abenteuer auf hoher See.  <\/p>\n<p>Du besuchst auf deiner Reise viele verschiedene Orte. Erkunde gr\u00fcne tropische Inseln, eiskalte Gew\u00e4sser und gruselige Geistermeere. Gro\u00dfartige Charaktere wie Rosa Flint und Algernon Wicks helfen dir dabei.  <\/p>\n<p>Du hast 220 aufregende Levels zum Durchspielen. Das Spiel mischt das L\u00f6sen von R\u00e4tseln mit einer gro\u00dfartigen Piratengeschichte. W\u00e4hlen Sie den einfachen Modus f\u00fcr entspannenden Spa\u00df oder den schweren Modus f\u00fcr eine echte Herausforderung.  <\/p>\n<p>&nbsp;<\/p>\n<p><strong>Funktionen<\/strong><\/p>\n<ul>\n<li>220 Match-3-Levels &#8211; Actiongeladene Puzzles mit Piraten, Sch\u00e4tzen und Abenteuern.<\/li>\n<li>Epische Seeschlachten &#8211; K\u00e4mpfe gegen verfluchte Piraten, magische Monster und Meereshexen.<\/li>\n<li>Erstaunliche Orte zum Erkunden &#8211; Besuchen Sie tropische Inseln, gefrorene Meere und verwunschene Gew\u00e4sser.<\/li>\n<li>Coole Charaktere &#8211; Triff Rosa Flint, Serafina und andere Piraten, die dir helfen.<\/li>\n<li>Zwei Spielmodi &#8211; W\u00e4hlen Sie \u201eLeicht\u201c zum Entspannen oder \u201eSchwer\u201c f\u00fcr eine Herausforderung.<\/li>\n<li>Verborgene Geheimnisse &#8211; L\u00f6se R\u00e4tsel, um vergrabene Piratensch\u00e4tze und Geheimnisse zu finden.<\/li>\n<li>Sch\u00f6ne Grafiken &#8211; Atemberaubende Bilder, die das Leben auf Piratenschiffen zeigen.<\/li>\n<li>Leicht zu erlernen &#8211; Es ist einfach, mit dem Spielen zu beginnen, wird aber im Laufe der Zeit immer spannender.<\/li>\n<\/ul>\n<p>&nbsp;<\/p>\n<p><strong>Funktionen der Collector&#8217;s Edition<\/strong><\/p>\n<ul>\n<li>100 zus\u00e4tzliche Levels &#8211; Mehr Match-3-Puzzles mit neuen Spielm\u00f6glichkeiten.<\/li>\n<li>L\u00e4ngere Geschichte &#8211; Triff neue Feinde und stelle dich gr\u00f6\u00dferen Herausforderungen.<\/li>\n<li>Bonusspiele &#8211; Zus\u00e4tzliche R\u00e4tsel und zwei lustige Minispiele zum Spielen.<\/li>\n<\/ul>\n<p>&nbsp;<\/p>\n<p>Die Sieben Meere brauchen einen Helden. Bist du bereit, der gr\u00f6\u00dfte Pirat aller Zeiten zu werden?<\/p>\n","protected":false},"excerpt":{"rendered":"<p>Schl\u00fcpfe in die Rolle eines Piraten, der ein M\u00e4dchen mit 220 Match-3-Puzzles rettet.<\/p>\n","protected":false},"author":35,"featured_media":137947,"comment_status":"open","ping_status":"closed","template":"","meta":{"_acf_changed":false,"inline_featured_image":false},"product_brand":[],"product_cat":[176],"product_tag":[289],"class_list":{"0":"post-137618","1":"product","2":"type-product","3":"status-publish","4":"has-post-thumbnail","6":"product_cat-match-3-de","7":"product_tag-play-on-pc-de","9":"first","10":"instock","11":"shipping-taxable","12":"purchasable","13":"product-type-simple"},"acf":[],"yoast_head":"<!-- This site is optimized with the Yoast SEO Premium plugin v25.2 (Yoast SEO v25.2) - https:\/\/yoast.com\/wordpress\/plugins\/seo\/ -->\n<title>Seven Seas Jewels CE - Genie\u00dfe eine Piraten-Schatzsuche<\/title>\n<meta name=\"description\" content=\"Schl\u00fcpfe in die Rolle eines Piraten, der ein M\u00e4dchen mit 220 Match-3-Puzzles rettet.\" \/>\n<meta name=\"robots\" content=\"index, follow, max-snippet:-1, max-image-preview:large, max-video-preview:-1\" \/>\n<link rel=\"canonical\" href=\"https:\/\/www.iplay.com\/en\/games\/seven-seas-jewels-collectors-edition\/\" \/>\n<meta property=\"og:locale\" content=\"de_DE\" \/>\n<meta property=\"og:type\" content=\"article\" \/>\n<meta property=\"og:title\" content=\"Seven Seas Jewels Collector&#039;s Edition\" \/>\n<meta property=\"og:description\" content=\"Schl\u00fcpfe in die Rolle eines Piraten, der ein M\u00e4dchen mit 220 Match-3-Puzzles rettet.\" \/>\n<meta property=\"og:url\" content=\"https:\/\/www.iplay.com\/en\/games\/seven-seas-jewels-collectors-edition\/\" \/>\n<meta property=\"og:site_name\" content=\"IPlay\" \/>\n<meta property=\"og:image\" content=\"https:\/\/www.iplay.com\/wp-content\/uploads\/2025\/05\/seven_seas_jewels_collectors_edition_large_video_screenshot.webp\" \/>\n\t<meta property=\"og:image:width\" content=\"715\" \/>\n\t<meta property=\"og:image:height\" content=\"485\" \/>\n\t<meta property=\"og:image:type\" content=\"image\/webp\" \/>\n<meta name=\"twitter:card\" content=\"summary_large_image\" \/>\n<meta name=\"twitter:label1\" content=\"Gesch\u00e4tzte Lesezeit\" \/>\n\t<meta name=\"twitter:data1\" content=\"2 Minuten\" \/>\n<script type=\"application\/ld+json\" class=\"yoast-schema-graph\">{\"@context\":\"https:\/\/schema.org\",\"@graph\":[{\"@type\":\"WebPage\",\"@id\":\"https:\/\/www.iplay.com\/en\/games\/seven-seas-jewels-collectors-edition\/\",\"url\":\"https:\/\/www.iplay.com\/en\/games\/seven-seas-jewels-collectors-edition\/\",\"name\":\"Seven Seas Jewels CE - Genie\u00dfe eine Piraten-Schatzsuche\",\"isPartOf\":{\"@id\":\"https:\/\/www.iplay.com\/en\/#website\"},\"primaryImageOfPage\":{\"@id\":\"https:\/\/www.iplay.com\/en\/games\/seven-seas-jewels-collectors-edition\/#primaryimage\"},\"image\":{\"@id\":\"https:\/\/www.iplay.com\/en\/games\/seven-seas-jewels-collectors-edition\/#primaryimage\"},\"thumbnailUrl\":\"https:\/\/www.iplay.com\/wp-content\/uploads\/2025\/05\/01_seven_seas_jewels_title.webp\",\"datePublished\":\"2025-05-30T07:30:14+00:00\",\"description\":\"Schl\u00fcpfe in die Rolle eines Piraten, der ein M\u00e4dchen mit 220 Match-3-Puzzles rettet.\",\"breadcrumb\":{\"@id\":\"https:\/\/www.iplay.com\/en\/games\/seven-seas-jewels-collectors-edition\/#breadcrumb\"},\"inLanguage\":\"de-DE\",\"potentialAction\":[{\"@type\":\"ReadAction\",\"target\":[\"https:\/\/www.iplay.com\/en\/games\/seven-seas-jewels-collectors-edition\/\"]}]},{\"@type\":\"ImageObject\",\"inLanguage\":\"de-DE\",\"@id\":\"https:\/\/www.iplay.com\/en\/games\/seven-seas-jewels-collectors-edition\/#primaryimage\",\"url\":\"https:\/\/www.iplay.com\/wp-content\/uploads\/2025\/05\/01_seven_seas_jewels_title.webp\",\"contentUrl\":\"https:\/\/www.iplay.com\/wp-content\/uploads\/2025\/05\/01_seven_seas_jewels_title.webp\",\"width\":310,\"height\":310},{\"@type\":\"BreadcrumbList\",\"@id\":\"https:\/\/www.iplay.com\/en\/games\/seven-seas-jewels-collectors-edition\/#breadcrumb\",\"itemListElement\":[{\"@type\":\"ListItem\",\"position\":1,\"name\":\"Home\",\"item\":\"https:\/\/www.iplay.com\/de\/home-page-2\/\"},{\"@type\":\"ListItem\",\"position\":2,\"name\":\"Shop\",\"item\":\"https:\/\/www.iplay.com\/en\/shop\/\"},{\"@type\":\"ListItem\",\"position\":3,\"name\":\"Seven Seas Jewels Collector&#8217;s Edition\"}]},{\"@type\":\"WebSite\",\"@id\":\"https:\/\/www.iplay.com\/en\/#website\",\"url\":\"https:\/\/www.iplay.com\/en\/\",\"name\":\"IPlay\",\"description\":\"The Best Casual Games!\",\"publisher\":{\"@id\":\"https:\/\/www.iplay.com\/en\/#organization\"},\"potentialAction\":[{\"@type\":\"SearchAction\",\"target\":{\"@type\":\"EntryPoint\",\"urlTemplate\":\"https:\/\/www.iplay.com\/en\/?s={search_term_string}\"},\"query-input\":{\"@type\":\"PropertyValueSpecification\",\"valueRequired\":true,\"valueName\":\"search_term_string\"}}],\"inLanguage\":\"de-DE\"},{\"@type\":\"Organization\",\"@id\":\"https:\/\/www.iplay.com\/en\/#organization\",\"name\":\"IPlay\",\"url\":\"https:\/\/www.iplay.com\/en\/\",\"logo\":{\"@type\":\"ImageObject\",\"inLanguage\":\"de-DE\",\"@id\":\"https:\/\/www.iplay.com\/en\/#\/schema\/logo\/image\/\",\"url\":\"https:\/\/www.iplay.com\/wp-content\/uploads\/2023\/11\/Group-6100.svg\",\"contentUrl\":\"https:\/\/www.iplay.com\/wp-content\/uploads\/2023\/11\/Group-6100.svg\",\"width\":98,\"height\":25,\"caption\":\"IPlay\"},\"image\":{\"@id\":\"https:\/\/www.iplay.com\/en\/#\/schema\/logo\/image\/\"}}]}<\/script>\n<!-- \/ Yoast SEO Premium plugin. -->","yoast_head_json":{"title":"Seven Seas Jewels CE - Genie\u00dfe eine Piraten-Schatzsuche","description":"Schl\u00fcpfe in die Rolle eines Piraten, der ein M\u00e4dchen mit 220 Match-3-Puzzles rettet.","robots":{"index":"index","follow":"follow","max-snippet":"max-snippet:-1","max-image-preview":"max-image-preview:large","max-video-preview":"max-video-preview:-1"},"canonical":"https:\/\/www.iplay.com\/en\/games\/seven-seas-jewels-collectors-edition\/","og_locale":"de_DE","og_type":"article","og_title":"Seven Seas Jewels Collector's Edition","og_description":"Schl\u00fcpfe in die Rolle eines Piraten, der ein M\u00e4dchen mit 220 Match-3-Puzzles rettet.","og_url":"https:\/\/www.iplay.com\/en\/games\/seven-seas-jewels-collectors-edition\/","og_site_name":"IPlay","og_image":[{"width":715,"height":485,"url":"https:\/\/www.iplay.com\/wp-content\/uploads\/2025\/05\/seven_seas_jewels_collectors_edition_large_video_screenshot.webp","type":"image\/webp"}],"twitter_card":"summary_large_image","twitter_misc":{"Gesch\u00e4tzte Lesezeit":"2 Minuten"},"schema":{"@context":"https:\/\/schema.org","@graph":[{"@type":"WebPage","@id":"https:\/\/www.iplay.com\/en\/games\/seven-seas-jewels-collectors-edition\/","url":"https:\/\/www.iplay.com\/en\/games\/seven-seas-jewels-collectors-edition\/","name":"Seven Seas Jewels CE - Genie\u00dfe eine Piraten-Schatzsuche","isPartOf":{"@id":"https:\/\/www.iplay.com\/en\/#website"},"primaryImageOfPage":{"@id":"https:\/\/www.iplay.com\/en\/games\/seven-seas-jewels-collectors-edition\/#primaryimage"},"image":{"@id":"https:\/\/www.iplay.com\/en\/games\/seven-seas-jewels-collectors-edition\/#primaryimage"},"thumbnailUrl":"https:\/\/www.iplay.com\/wp-content\/uploads\/2025\/05\/01_seven_seas_jewels_title.webp","datePublished":"2025-05-30T07:30:14+00:00","description":"Schl\u00fcpfe in die Rolle eines Piraten, der ein M\u00e4dchen mit 220 Match-3-Puzzles rettet.","breadcrumb":{"@id":"https:\/\/www.iplay.com\/en\/games\/seven-seas-jewels-collectors-edition\/#breadcrumb"},"inLanguage":"de-DE","potentialAction":[{"@type":"ReadAction","target":["https:\/\/www.iplay.com\/en\/games\/seven-seas-jewels-collectors-edition\/"]}]},{"@type":"ImageObject","inLanguage":"de-DE","@id":"https:\/\/www.iplay.com\/en\/games\/seven-seas-jewels-collectors-edition\/#primaryimage","url":"https:\/\/www.iplay.com\/wp-content\/uploads\/2025\/05\/01_seven_seas_jewels_title.webp","contentUrl":"https:\/\/www.iplay.com\/wp-content\/uploads\/2025\/05\/01_seven_seas_jewels_title.webp","width":310,"height":310},{"@type":"BreadcrumbList","@id":"https:\/\/www.iplay.com\/en\/games\/seven-seas-jewels-collectors-edition\/#breadcrumb","itemListElement":[{"@type":"ListItem","position":1,"name":"Home","item":"https:\/\/www.iplay.com\/de\/home-page-2\/"},{"@type":"ListItem","position":2,"name":"Shop","item":"https:\/\/www.iplay.com\/en\/shop\/"},{"@type":"ListItem","position":3,"name":"Seven Seas Jewels Collector&#8217;s Edition"}]},{"@type":"WebSite","@id":"https:\/\/www.iplay.com\/en\/#website","url":"https:\/\/www.iplay.com\/en\/","name":"IPlay","description":"The Best Casual Games!","publisher":{"@id":"https:\/\/www.iplay.com\/en\/#organization"},"potentialAction":[{"@type":"SearchAction","target":{"@type":"EntryPoint","urlTemplate":"https:\/\/www.iplay.com\/en\/?s={search_term_string}"},"query-input":{"@type":"PropertyValueSpecification","valueRequired":true,"valueName":"search_term_string"}}],"inLanguage":"de-DE"},{"@type":"Organization","@id":"https:\/\/www.iplay.com\/en\/#organization","name":"IPlay","url":"https:\/\/www.iplay.com\/en\/","logo":{"@type":"ImageObject","inLanguage":"de-DE","@id":"https:\/\/www.iplay.com\/en\/#\/schema\/logo\/image\/","url":"https:\/\/www.iplay.com\/wp-content\/uploads\/2023\/11\/Group-6100.svg","contentUrl":"https:\/\/www.iplay.com\/wp-content\/uploads\/2023\/11\/Group-6100.svg","width":98,"height":25,"caption":"IPlay"},"image":{"@id":"https:\/\/www.iplay.com\/en\/#\/schema\/logo\/image\/"}}]}},"_links":{"self":[{"href":"https:\/\/www.iplay.com\/de\/wp-json\/wp\/v2\/product\/137618","targetHints":{"allow":["GET"]}}],"collection":[{"href":"https:\/\/www.iplay.com\/de\/wp-json\/wp\/v2\/product"}],"about":[{"href":"https:\/\/www.iplay.com\/de\/wp-json\/wp\/v2\/types\/product"}],"author":[{"embeddable":true,"href":"https:\/\/www.iplay.com\/de\/wp-json\/wp\/v2\/users\/35"}],"replies":[{"embeddable":true,"href":"https:\/\/www.iplay.com\/de\/wp-json\/wp\/v2\/comments?post=137618"}],"wp:featuredmedia":[{"embeddable":true,"href":"https:\/\/www.iplay.com\/de\/wp-json\/wp\/v2\/media\/137947"}],"wp:attachment":[{"href":"https:\/\/www.iplay.com\/de\/wp-json\/wp\/v2\/media?parent=137618"}],"wp:term":[{"taxonomy":"product_brand","embeddable":true,"href":"https:\/\/www.iplay.com\/de\/wp-json\/wp\/v2\/product_brand?post=137618"},{"taxonomy":"product_cat","embeddable":true,"href":"https:\/\/www.iplay.com\/de\/wp-json\/wp\/v2\/product_cat?post=137618"},{"taxonomy":"product_tag","embeddable":true,"href":"https:\/\/www.iplay.com\/de\/wp-json\/wp\/v2\/product_tag?post=137618"}],"curies":[{"name":"wp","href":"https:\/\/api.w.org\/{rel}","templated":true}]}}