{"id":137449,"date":"2021-05-25T00:00:00","date_gmt":"2021-05-25T00:00:00","guid":{"rendered":"https:\/\/www.iplay.com\/games\/pyro-jump\/"},"modified":"2021-05-25T00:00:00","modified_gmt":"2021-05-25T00:00:00","slug":"pyro-jump","status":"publish","type":"product","link":"https:\/\/www.iplay.com\/de\/games\/pyro-jump\/","title":{"rendered":"Pyro Jump"},"content":{"rendered":"<p>In einem der etwa hundert Levels voller Hindernisse kannst du versuchen, Prinzessinnenpapier zu bekommen, indem du von einem Rad zum n\u00e4chsten springst. Die Prinzessin ist verliebt in Pyro, die kleine Flamme, und Pyro wird vor nichts zur\u00fcckschrecken, um sie davon zu \u00fcberzeugen, dass diese idyllische Romanze nicht zum Scheitern verurteilt ist! Um weitere Level zu erreichen, sammle jede Flamme in jedem Level! Pyro Jump ist eine intensive Plattform, die ein hohes Ma\u00df an Geschicklichkeit und Genauigkeit erfordert, um sie zu meistern. Wenn du die Herausforderungen verstehst, schlie\u00dfe die Etappen fehlerfrei ab, um Gold Timer zu gewinnen!    <\/p>\n<p>&nbsp;<\/p>\n<p>&nbsp;<\/p>\n<p><strong>Funktionen:<\/strong><\/p>\n<p>&nbsp;<\/p>\n<p>&#8211; Einfach zu bedienen und immer schwieriger<br \/>\n &#8211; 70 Levels verteilt auf 4 Planeten und 20 zus\u00e4tzliche Levels, die freigeschaltet werden k\u00f6nnen!<br \/>\n&#8211; Eine l\u00e4ngere Aufgabe, f\u00fcr deren Abschluss<br \/>\n Gold-Timer erforderlich sind &#8211; Neue Levels werden in K\u00fcrze hinzugef\u00fcgt<\/p>\n","protected":false},"excerpt":{"rendered":"<p>In einem der etwa hundert Levels voller Hindernisse kannst du versuchen, Prinzessinnenpapier zu bekommen, indem du von einem Rad zum n\u00e4chsten springst.<\/p>\n","protected":false},"author":122,"featured_media":68918,"comment_status":"open","ping_status":"closed","template":"","meta":{"_acf_changed":false,"inline_featured_image":false},"product_brand":[],"product_cat":[194],"product_tag":[],"class_list":{"0":"post-137449","1":"product","2":"type-product","3":"status-publish","4":"has-post-thumbnail","6":"product_cat-puzzle-de","8":"first","9":"instock","10":"shipping-taxable","11":"purchasable","12":"product-type-simple"},"acf":[],"yoast_head":"<!-- This site is optimized with the Yoast SEO Premium plugin v25.2 (Yoast SEO v25.2) - https:\/\/yoast.com\/wordpress\/plugins\/seo\/ -->\n<title>Pyro Jump - Hilf Pyro, seinen Herzenswunsch zu erf\u00fcllen: Prinzessinnenpapier<\/title>\n<meta name=\"description\" content=\"In einem der etwa hundert Levels voller Hindernisse kannst du versuchen, Prinzessinnenpapier zu bekommen, indem du von einem Rad zum n\u00e4chsten springst.\" \/>\n<meta name=\"robots\" content=\"index, follow, max-snippet:-1, max-image-preview:large, max-video-preview:-1\" \/>\n<link rel=\"canonical\" href=\"https:\/\/www.iplay.com\/de\/games\/pyro-jump\/\" \/>\n<meta property=\"og:locale\" content=\"de_DE\" \/>\n<meta property=\"og:type\" content=\"article\" \/>\n<meta property=\"og:title\" content=\"Pyro Jump\" \/>\n<meta property=\"og:description\" content=\"In einem der etwa hundert Levels voller Hindernisse kannst du versuchen, Prinzessinnenpapier zu bekommen, indem du von einem Rad zum n\u00e4chsten springst.\" \/>\n<meta property=\"og:url\" content=\"https:\/\/www.iplay.com\/de\/games\/pyro-jump\/\" \/>\n<meta property=\"og:site_name\" content=\"IPlay\" \/>\n<meta property=\"og:image\" content=\"https:\/\/www.iplay.com\/wp-content\/uploads\/2023\/12\/large_square_tile_image-1796.jpg\" \/>\n\t<meta property=\"og:image:width\" content=\"310\" \/>\n\t<meta property=\"og:image:height\" content=\"310\" \/>\n\t<meta property=\"og:image:type\" content=\"image\/jpeg\" \/>\n<meta name=\"twitter:card\" content=\"summary_large_image\" \/>\n<meta name=\"twitter:label1\" content=\"Gesch\u00e4tzte Lesezeit\" \/>\n\t<meta name=\"twitter:data1\" content=\"1 Minute\" \/>\n<script type=\"application\/ld+json\" class=\"yoast-schema-graph\">{\"@context\":\"https:\/\/schema.org\",\"@graph\":[{\"@type\":\"WebPage\",\"@id\":\"https:\/\/www.iplay.com\/de\/games\/pyro-jump\/\",\"url\":\"https:\/\/www.iplay.com\/de\/games\/pyro-jump\/\",\"name\":\"Pyro Jump - Hilf Pyro, seinen Herzenswunsch zu erf\u00fcllen: Prinzessinnenpapier\",\"isPartOf\":{\"@id\":\"https:\/\/www.iplay.com\/en\/#website\"},\"primaryImageOfPage\":{\"@id\":\"https:\/\/www.iplay.com\/de\/games\/pyro-jump\/#primaryimage\"},\"image\":{\"@id\":\"https:\/\/www.iplay.com\/de\/games\/pyro-jump\/#primaryimage\"},\"thumbnailUrl\":\"https:\/\/www.iplay.com\/wp-content\/uploads\/2023\/12\/large_square_tile_image-1796.jpg\",\"datePublished\":\"2021-05-25T00:00:00+00:00\",\"description\":\"In einem der etwa hundert Levels voller Hindernisse kannst du versuchen, Prinzessinnenpapier zu bekommen, indem du von einem Rad zum n\u00e4chsten springst.\",\"breadcrumb\":{\"@id\":\"https:\/\/www.iplay.com\/de\/games\/pyro-jump\/#breadcrumb\"},\"inLanguage\":\"de-DE\",\"potentialAction\":[{\"@type\":\"ReadAction\",\"target\":[\"https:\/\/www.iplay.com\/de\/games\/pyro-jump\/\"]}]},{\"@type\":\"ImageObject\",\"inLanguage\":\"de-DE\",\"@id\":\"https:\/\/www.iplay.com\/de\/games\/pyro-jump\/#primaryimage\",\"url\":\"https:\/\/www.iplay.com\/wp-content\/uploads\/2023\/12\/large_square_tile_image-1796.jpg\",\"contentUrl\":\"https:\/\/www.iplay.com\/wp-content\/uploads\/2023\/12\/large_square_tile_image-1796.jpg\",\"width\":310,\"height\":310},{\"@type\":\"BreadcrumbList\",\"@id\":\"https:\/\/www.iplay.com\/de\/games\/pyro-jump\/#breadcrumb\",\"itemListElement\":[{\"@type\":\"ListItem\",\"position\":1,\"name\":\"Home\",\"item\":\"https:\/\/www.iplay.com\/de\/home-page-2\/\"},{\"@type\":\"ListItem\",\"position\":2,\"name\":\"Shop\",\"item\":\"https:\/\/www.iplay.com\/en\/shop\/\"},{\"@type\":\"ListItem\",\"position\":3,\"name\":\"Pyro Jump\"}]},{\"@type\":\"WebSite\",\"@id\":\"https:\/\/www.iplay.com\/en\/#website\",\"url\":\"https:\/\/www.iplay.com\/en\/\",\"name\":\"IPlay\",\"description\":\"The Best Casual Games!\",\"publisher\":{\"@id\":\"https:\/\/www.iplay.com\/en\/#organization\"},\"potentialAction\":[{\"@type\":\"SearchAction\",\"target\":{\"@type\":\"EntryPoint\",\"urlTemplate\":\"https:\/\/www.iplay.com\/en\/?s={search_term_string}\"},\"query-input\":{\"@type\":\"PropertyValueSpecification\",\"valueRequired\":true,\"valueName\":\"search_term_string\"}}],\"inLanguage\":\"de-DE\"},{\"@type\":\"Organization\",\"@id\":\"https:\/\/www.iplay.com\/en\/#organization\",\"name\":\"IPlay\",\"url\":\"https:\/\/www.iplay.com\/en\/\",\"logo\":{\"@type\":\"ImageObject\",\"inLanguage\":\"de-DE\",\"@id\":\"https:\/\/www.iplay.com\/en\/#\/schema\/logo\/image\/\",\"url\":\"https:\/\/www.iplay.com\/wp-content\/uploads\/2023\/11\/Group-6100.svg\",\"contentUrl\":\"https:\/\/www.iplay.com\/wp-content\/uploads\/2023\/11\/Group-6100.svg\",\"width\":98,\"height\":25,\"caption\":\"IPlay\"},\"image\":{\"@id\":\"https:\/\/www.iplay.com\/en\/#\/schema\/logo\/image\/\"}}]}<\/script>\n<!-- \/ Yoast SEO Premium plugin. -->","yoast_head_json":{"title":"Pyro Jump - Hilf Pyro, seinen Herzenswunsch zu erf\u00fcllen: Prinzessinnenpapier","description":"In einem der etwa hundert Levels voller Hindernisse kannst du versuchen, Prinzessinnenpapier zu bekommen, indem du von einem Rad zum n\u00e4chsten springst.","robots":{"index":"index","follow":"follow","max-snippet":"max-snippet:-1","max-image-preview":"max-image-preview:large","max-video-preview":"max-video-preview:-1"},"canonical":"https:\/\/www.iplay.com\/de\/games\/pyro-jump\/","og_locale":"de_DE","og_type":"article","og_title":"Pyro Jump","og_description":"In einem der etwa hundert Levels voller Hindernisse kannst du versuchen, Prinzessinnenpapier zu bekommen, indem du von einem Rad zum n\u00e4chsten springst.","og_url":"https:\/\/www.iplay.com\/de\/games\/pyro-jump\/","og_site_name":"IPlay","og_image":[{"width":310,"height":310,"url":"https:\/\/www.iplay.com\/wp-content\/uploads\/2023\/12\/large_square_tile_image-1796.jpg","type":"image\/jpeg"}],"twitter_card":"summary_large_image","twitter_misc":{"Gesch\u00e4tzte Lesezeit":"1 Minute"},"schema":{"@context":"https:\/\/schema.org","@graph":[{"@type":"WebPage","@id":"https:\/\/www.iplay.com\/de\/games\/pyro-jump\/","url":"https:\/\/www.iplay.com\/de\/games\/pyro-jump\/","name":"Pyro Jump - Hilf Pyro, seinen Herzenswunsch zu erf\u00fcllen: Prinzessinnenpapier","isPartOf":{"@id":"https:\/\/www.iplay.com\/en\/#website"},"primaryImageOfPage":{"@id":"https:\/\/www.iplay.com\/de\/games\/pyro-jump\/#primaryimage"},"image":{"@id":"https:\/\/www.iplay.com\/de\/games\/pyro-jump\/#primaryimage"},"thumbnailUrl":"https:\/\/www.iplay.com\/wp-content\/uploads\/2023\/12\/large_square_tile_image-1796.jpg","datePublished":"2021-05-25T00:00:00+00:00","description":"In einem der etwa hundert Levels voller Hindernisse kannst du versuchen, Prinzessinnenpapier zu bekommen, indem du von einem Rad zum n\u00e4chsten springst.","breadcrumb":{"@id":"https:\/\/www.iplay.com\/de\/games\/pyro-jump\/#breadcrumb"},"inLanguage":"de-DE","potentialAction":[{"@type":"ReadAction","target":["https:\/\/www.iplay.com\/de\/games\/pyro-jump\/"]}]},{"@type":"ImageObject","inLanguage":"de-DE","@id":"https:\/\/www.iplay.com\/de\/games\/pyro-jump\/#primaryimage","url":"https:\/\/www.iplay.com\/wp-content\/uploads\/2023\/12\/large_square_tile_image-1796.jpg","contentUrl":"https:\/\/www.iplay.com\/wp-content\/uploads\/2023\/12\/large_square_tile_image-1796.jpg","width":310,"height":310},{"@type":"BreadcrumbList","@id":"https:\/\/www.iplay.com\/de\/games\/pyro-jump\/#breadcrumb","itemListElement":[{"@type":"ListItem","position":1,"name":"Home","item":"https:\/\/www.iplay.com\/de\/home-page-2\/"},{"@type":"ListItem","position":2,"name":"Shop","item":"https:\/\/www.iplay.com\/en\/shop\/"},{"@type":"ListItem","position":3,"name":"Pyro Jump"}]},{"@type":"WebSite","@id":"https:\/\/www.iplay.com\/en\/#website","url":"https:\/\/www.iplay.com\/en\/","name":"IPlay","description":"The Best Casual Games!","publisher":{"@id":"https:\/\/www.iplay.com\/en\/#organization"},"potentialAction":[{"@type":"SearchAction","target":{"@type":"EntryPoint","urlTemplate":"https:\/\/www.iplay.com\/en\/?s={search_term_string}"},"query-input":{"@type":"PropertyValueSpecification","valueRequired":true,"valueName":"search_term_string"}}],"inLanguage":"de-DE"},{"@type":"Organization","@id":"https:\/\/www.iplay.com\/en\/#organization","name":"IPlay","url":"https:\/\/www.iplay.com\/en\/","logo":{"@type":"ImageObject","inLanguage":"de-DE","@id":"https:\/\/www.iplay.com\/en\/#\/schema\/logo\/image\/","url":"https:\/\/www.iplay.com\/wp-content\/uploads\/2023\/11\/Group-6100.svg","contentUrl":"https:\/\/www.iplay.com\/wp-content\/uploads\/2023\/11\/Group-6100.svg","width":98,"height":25,"caption":"IPlay"},"image":{"@id":"https:\/\/www.iplay.com\/en\/#\/schema\/logo\/image\/"}}]}},"_links":{"self":[{"href":"https:\/\/www.iplay.com\/de\/wp-json\/wp\/v2\/product\/137449","targetHints":{"allow":["GET"]}}],"collection":[{"href":"https:\/\/www.iplay.com\/de\/wp-json\/wp\/v2\/product"}],"about":[{"href":"https:\/\/www.iplay.com\/de\/wp-json\/wp\/v2\/types\/product"}],"author":[{"embeddable":true,"href":"https:\/\/www.iplay.com\/de\/wp-json\/wp\/v2\/users\/122"}],"replies":[{"embeddable":true,"href":"https:\/\/www.iplay.com\/de\/wp-json\/wp\/v2\/comments?post=137449"}],"wp:featuredmedia":[{"embeddable":true,"href":"https:\/\/www.iplay.com\/de\/wp-json\/wp\/v2\/media\/68918"}],"wp:attachment":[{"href":"https:\/\/www.iplay.com\/de\/wp-json\/wp\/v2\/media?parent=137449"}],"wp:term":[{"taxonomy":"product_brand","embeddable":true,"href":"https:\/\/www.iplay.com\/de\/wp-json\/wp\/v2\/product_brand?post=137449"},{"taxonomy":"product_cat","embeddable":true,"href":"https:\/\/www.iplay.com\/de\/wp-json\/wp\/v2\/product_cat?post=137449"},{"taxonomy":"product_tag","embeddable":true,"href":"https:\/\/www.iplay.com\/de\/wp-json\/wp\/v2\/product_tag?post=137449"}],"curies":[{"name":"wp","href":"https:\/\/api.w.org\/{rel}","templated":true}]}}