{"id":137400,"date":"2021-04-12T00:00:00","date_gmt":"2021-04-12T00:00:00","guid":{"rendered":"https:\/\/www.iplay.com\/games\/tales-of-rome-grand-empire\/"},"modified":"2021-04-12T00:00:00","modified_gmt":"2021-04-12T00:00:00","slug":"tales-of-rome-grand-empire","status":"publish","type":"product","link":"https:\/\/www.iplay.com\/de\/games\/tales-of-rome-grand-empire\/","title":{"rendered":"Tales of Rome Grand Empire"},"content":{"rendered":"<p>Die Stadt des tapferen Helden Flavius wird von Monstern angegriffen, als sich die Tore der Unterwelt ge\u00f6ffnet haben. Der Kriegsgott Mars schreitet ein, um diesmal den Tag zu retten, indem er die Monster vertreibt und beim Wiederaufbau der Stadt hilft. Aber die Katastrophe ist noch lange nicht vorbei, und die Schwierigkeiten fangen gerade erst an. Begib dich in das Reich der G\u00f6tter und l\u00f6se den Wiederaufbau der Stadt. Spiele dieses spannende Match-3-Spiel, um Spa\u00df zu haben, Minispiele und zus\u00e4tzliche Levels zu l\u00f6sen und Boni, Power-Ups und Troph\u00e4en zu gewinnen!    <\/p>\n<p>&nbsp;<\/p>\n<p>&nbsp;<\/p>\n<p><strong>Funktionen:<\/strong><\/p>\n<p>&nbsp;<\/p>\n<p>&#8211; Spannendes Match-3-Spiel mit vielen Extras<br \/>\n&#8211; Schwer zu verfolgen<br \/>\n&#8211; Baue die Stadt auf und bringe sie zu ihrem fr\u00fcheren Glanz zur\u00fcck<\/p>\n<p>&#8211; Erhalte viele Boni, Upgrades und Extras- Schlie\u00dfe<br \/>\n schwierige Mini- und Bonusspiele ab<\/p>\n","protected":false},"excerpt":{"rendered":"<p>In Tales of Rome &#8211; Grand Empire besch\u00fctzt du deine Stadt vor den Kreaturen der Unterwelt.<\/p>\n","protected":false},"author":50,"featured_media":80361,"comment_status":"open","ping_status":"closed","template":"","meta":{"_acf_changed":false,"inline_featured_image":false},"product_brand":[],"product_cat":[194],"product_tag":[],"class_list":{"0":"post-137400","1":"product","2":"type-product","3":"status-publish","4":"has-post-thumbnail","6":"product_cat-puzzle-de","8":"first","9":"instock","10":"shipping-taxable","11":"purchasable","12":"product-type-simple"},"acf":[],"yoast_head":"<!-- This site is optimized with the Yoast SEO Premium plugin v25.2 (Yoast SEO v25.2) - https:\/\/yoast.com\/wordpress\/plugins\/seo\/ -->\n<title>Tales of Rome Grand Empire - Verteidige deine Stadt vor Monstern aus der Unterwelt in Tales of Rome<\/title>\n<meta name=\"description\" content=\"In Tales of Rome - Grand Empire besch\u00fctzt du deine Stadt vor den Kreaturen der Unterwelt.\" \/>\n<meta name=\"robots\" content=\"index, follow, max-snippet:-1, max-image-preview:large, max-video-preview:-1\" \/>\n<link rel=\"canonical\" href=\"https:\/\/www.iplay.com\/de\/games\/tales-of-rome-grand-empire\/\" \/>\n<meta property=\"og:locale\" content=\"de_DE\" \/>\n<meta property=\"og:type\" content=\"article\" \/>\n<meta property=\"og:title\" content=\"Tales of Rome Grand Empire\" \/>\n<meta property=\"og:description\" content=\"In Tales of Rome - Grand Empire besch\u00fctzt du deine Stadt vor den Kreaturen der Unterwelt.\" \/>\n<meta property=\"og:url\" content=\"https:\/\/www.iplay.com\/de\/games\/tales-of-rome-grand-empire\/\" \/>\n<meta property=\"og:site_name\" content=\"IPlay\" \/>\n<meta property=\"og:image\" content=\"https:\/\/www.iplay.com\/wp-content\/uploads\/2023\/12\/large_square_tile_image-2527.jpg\" \/>\n\t<meta property=\"og:image:width\" content=\"310\" \/>\n\t<meta property=\"og:image:height\" content=\"310\" \/>\n\t<meta property=\"og:image:type\" content=\"image\/jpeg\" \/>\n<meta name=\"twitter:card\" content=\"summary_large_image\" \/>\n<meta name=\"twitter:label1\" content=\"Gesch\u00e4tzte Lesezeit\" \/>\n\t<meta name=\"twitter:data1\" content=\"1 Minute\" \/>\n<script type=\"application\/ld+json\" class=\"yoast-schema-graph\">{\"@context\":\"https:\/\/schema.org\",\"@graph\":[{\"@type\":\"WebPage\",\"@id\":\"https:\/\/www.iplay.com\/de\/games\/tales-of-rome-grand-empire\/\",\"url\":\"https:\/\/www.iplay.com\/de\/games\/tales-of-rome-grand-empire\/\",\"name\":\"Tales of Rome Grand Empire - Verteidige deine Stadt vor Monstern aus der Unterwelt in Tales of Rome\",\"isPartOf\":{\"@id\":\"https:\/\/www.iplay.com\/en\/#website\"},\"primaryImageOfPage\":{\"@id\":\"https:\/\/www.iplay.com\/de\/games\/tales-of-rome-grand-empire\/#primaryimage\"},\"image\":{\"@id\":\"https:\/\/www.iplay.com\/de\/games\/tales-of-rome-grand-empire\/#primaryimage\"},\"thumbnailUrl\":\"https:\/\/www.iplay.com\/wp-content\/uploads\/2023\/12\/large_square_tile_image-2527.jpg\",\"datePublished\":\"2021-04-12T00:00:00+00:00\",\"description\":\"In Tales of Rome - Grand Empire besch\u00fctzt du deine Stadt vor den Kreaturen der Unterwelt.\",\"breadcrumb\":{\"@id\":\"https:\/\/www.iplay.com\/de\/games\/tales-of-rome-grand-empire\/#breadcrumb\"},\"inLanguage\":\"de-DE\",\"potentialAction\":[{\"@type\":\"ReadAction\",\"target\":[\"https:\/\/www.iplay.com\/de\/games\/tales-of-rome-grand-empire\/\"]}]},{\"@type\":\"ImageObject\",\"inLanguage\":\"de-DE\",\"@id\":\"https:\/\/www.iplay.com\/de\/games\/tales-of-rome-grand-empire\/#primaryimage\",\"url\":\"https:\/\/www.iplay.com\/wp-content\/uploads\/2023\/12\/large_square_tile_image-2527.jpg\",\"contentUrl\":\"https:\/\/www.iplay.com\/wp-content\/uploads\/2023\/12\/large_square_tile_image-2527.jpg\",\"width\":310,\"height\":310},{\"@type\":\"BreadcrumbList\",\"@id\":\"https:\/\/www.iplay.com\/de\/games\/tales-of-rome-grand-empire\/#breadcrumb\",\"itemListElement\":[{\"@type\":\"ListItem\",\"position\":1,\"name\":\"Home\",\"item\":\"https:\/\/www.iplay.com\/de\/home-page-2\/\"},{\"@type\":\"ListItem\",\"position\":2,\"name\":\"Shop\",\"item\":\"https:\/\/www.iplay.com\/en\/shop\/\"},{\"@type\":\"ListItem\",\"position\":3,\"name\":\"Tales of Rome Grand Empire\"}]},{\"@type\":\"WebSite\",\"@id\":\"https:\/\/www.iplay.com\/en\/#website\",\"url\":\"https:\/\/www.iplay.com\/en\/\",\"name\":\"IPlay\",\"description\":\"The Best Casual Games!\",\"publisher\":{\"@id\":\"https:\/\/www.iplay.com\/en\/#organization\"},\"potentialAction\":[{\"@type\":\"SearchAction\",\"target\":{\"@type\":\"EntryPoint\",\"urlTemplate\":\"https:\/\/www.iplay.com\/en\/?s={search_term_string}\"},\"query-input\":{\"@type\":\"PropertyValueSpecification\",\"valueRequired\":true,\"valueName\":\"search_term_string\"}}],\"inLanguage\":\"de-DE\"},{\"@type\":\"Organization\",\"@id\":\"https:\/\/www.iplay.com\/en\/#organization\",\"name\":\"IPlay\",\"url\":\"https:\/\/www.iplay.com\/en\/\",\"logo\":{\"@type\":\"ImageObject\",\"inLanguage\":\"de-DE\",\"@id\":\"https:\/\/www.iplay.com\/en\/#\/schema\/logo\/image\/\",\"url\":\"https:\/\/www.iplay.com\/wp-content\/uploads\/2023\/11\/Group-6100.svg\",\"contentUrl\":\"https:\/\/www.iplay.com\/wp-content\/uploads\/2023\/11\/Group-6100.svg\",\"width\":98,\"height\":25,\"caption\":\"IPlay\"},\"image\":{\"@id\":\"https:\/\/www.iplay.com\/en\/#\/schema\/logo\/image\/\"}}]}<\/script>\n<!-- \/ Yoast SEO Premium plugin. -->","yoast_head_json":{"title":"Tales of Rome Grand Empire - Verteidige deine Stadt vor Monstern aus der Unterwelt in Tales of Rome","description":"In Tales of Rome - Grand Empire besch\u00fctzt du deine Stadt vor den Kreaturen der Unterwelt.","robots":{"index":"index","follow":"follow","max-snippet":"max-snippet:-1","max-image-preview":"max-image-preview:large","max-video-preview":"max-video-preview:-1"},"canonical":"https:\/\/www.iplay.com\/de\/games\/tales-of-rome-grand-empire\/","og_locale":"de_DE","og_type":"article","og_title":"Tales of Rome Grand Empire","og_description":"In Tales of Rome - Grand Empire besch\u00fctzt du deine Stadt vor den Kreaturen der Unterwelt.","og_url":"https:\/\/www.iplay.com\/de\/games\/tales-of-rome-grand-empire\/","og_site_name":"IPlay","og_image":[{"width":310,"height":310,"url":"https:\/\/www.iplay.com\/wp-content\/uploads\/2023\/12\/large_square_tile_image-2527.jpg","type":"image\/jpeg"}],"twitter_card":"summary_large_image","twitter_misc":{"Gesch\u00e4tzte Lesezeit":"1 Minute"},"schema":{"@context":"https:\/\/schema.org","@graph":[{"@type":"WebPage","@id":"https:\/\/www.iplay.com\/de\/games\/tales-of-rome-grand-empire\/","url":"https:\/\/www.iplay.com\/de\/games\/tales-of-rome-grand-empire\/","name":"Tales of Rome Grand Empire - Verteidige deine Stadt vor Monstern aus der Unterwelt in Tales of Rome","isPartOf":{"@id":"https:\/\/www.iplay.com\/en\/#website"},"primaryImageOfPage":{"@id":"https:\/\/www.iplay.com\/de\/games\/tales-of-rome-grand-empire\/#primaryimage"},"image":{"@id":"https:\/\/www.iplay.com\/de\/games\/tales-of-rome-grand-empire\/#primaryimage"},"thumbnailUrl":"https:\/\/www.iplay.com\/wp-content\/uploads\/2023\/12\/large_square_tile_image-2527.jpg","datePublished":"2021-04-12T00:00:00+00:00","description":"In Tales of Rome - Grand Empire besch\u00fctzt du deine Stadt vor den Kreaturen der Unterwelt.","breadcrumb":{"@id":"https:\/\/www.iplay.com\/de\/games\/tales-of-rome-grand-empire\/#breadcrumb"},"inLanguage":"de-DE","potentialAction":[{"@type":"ReadAction","target":["https:\/\/www.iplay.com\/de\/games\/tales-of-rome-grand-empire\/"]}]},{"@type":"ImageObject","inLanguage":"de-DE","@id":"https:\/\/www.iplay.com\/de\/games\/tales-of-rome-grand-empire\/#primaryimage","url":"https:\/\/www.iplay.com\/wp-content\/uploads\/2023\/12\/large_square_tile_image-2527.jpg","contentUrl":"https:\/\/www.iplay.com\/wp-content\/uploads\/2023\/12\/large_square_tile_image-2527.jpg","width":310,"height":310},{"@type":"BreadcrumbList","@id":"https:\/\/www.iplay.com\/de\/games\/tales-of-rome-grand-empire\/#breadcrumb","itemListElement":[{"@type":"ListItem","position":1,"name":"Home","item":"https:\/\/www.iplay.com\/de\/home-page-2\/"},{"@type":"ListItem","position":2,"name":"Shop","item":"https:\/\/www.iplay.com\/en\/shop\/"},{"@type":"ListItem","position":3,"name":"Tales of Rome Grand Empire"}]},{"@type":"WebSite","@id":"https:\/\/www.iplay.com\/en\/#website","url":"https:\/\/www.iplay.com\/en\/","name":"IPlay","description":"The Best Casual Games!","publisher":{"@id":"https:\/\/www.iplay.com\/en\/#organization"},"potentialAction":[{"@type":"SearchAction","target":{"@type":"EntryPoint","urlTemplate":"https:\/\/www.iplay.com\/en\/?s={search_term_string}"},"query-input":{"@type":"PropertyValueSpecification","valueRequired":true,"valueName":"search_term_string"}}],"inLanguage":"de-DE"},{"@type":"Organization","@id":"https:\/\/www.iplay.com\/en\/#organization","name":"IPlay","url":"https:\/\/www.iplay.com\/en\/","logo":{"@type":"ImageObject","inLanguage":"de-DE","@id":"https:\/\/www.iplay.com\/en\/#\/schema\/logo\/image\/","url":"https:\/\/www.iplay.com\/wp-content\/uploads\/2023\/11\/Group-6100.svg","contentUrl":"https:\/\/www.iplay.com\/wp-content\/uploads\/2023\/11\/Group-6100.svg","width":98,"height":25,"caption":"IPlay"},"image":{"@id":"https:\/\/www.iplay.com\/en\/#\/schema\/logo\/image\/"}}]}},"_links":{"self":[{"href":"https:\/\/www.iplay.com\/de\/wp-json\/wp\/v2\/product\/137400","targetHints":{"allow":["GET"]}}],"collection":[{"href":"https:\/\/www.iplay.com\/de\/wp-json\/wp\/v2\/product"}],"about":[{"href":"https:\/\/www.iplay.com\/de\/wp-json\/wp\/v2\/types\/product"}],"author":[{"embeddable":true,"href":"https:\/\/www.iplay.com\/de\/wp-json\/wp\/v2\/users\/50"}],"replies":[{"embeddable":true,"href":"https:\/\/www.iplay.com\/de\/wp-json\/wp\/v2\/comments?post=137400"}],"wp:featuredmedia":[{"embeddable":true,"href":"https:\/\/www.iplay.com\/de\/wp-json\/wp\/v2\/media\/80361"}],"wp:attachment":[{"href":"https:\/\/www.iplay.com\/de\/wp-json\/wp\/v2\/media?parent=137400"}],"wp:term":[{"taxonomy":"product_brand","embeddable":true,"href":"https:\/\/www.iplay.com\/de\/wp-json\/wp\/v2\/product_brand?post=137400"},{"taxonomy":"product_cat","embeddable":true,"href":"https:\/\/www.iplay.com\/de\/wp-json\/wp\/v2\/product_cat?post=137400"},{"taxonomy":"product_tag","embeddable":true,"href":"https:\/\/www.iplay.com\/de\/wp-json\/wp\/v2\/product_tag?post=137400"}],"curies":[{"name":"wp","href":"https:\/\/api.w.org\/{rel}","templated":true}]}}