{"id":137372,"date":"2021-03-15T00:00:00","date_gmt":"2021-03-15T00:00:00","guid":{"rendered":"https:\/\/www.iplay.com\/games\/legend-of-egypt-jewels-of-the-gods-2\/"},"modified":"2021-03-15T00:00:00","modified_gmt":"2021-03-15T00:00:00","slug":"legend-of-egypt-jewels-of-the-gods-2","status":"publish","type":"product","link":"https:\/\/www.iplay.com\/de\/games\/legend-of-egypt-jewels-of-the-gods-2\/","title":{"rendered":"Legend of Egypt Jewels of the Gods 2"},"content":{"rendered":"<p>Die Gem\u00e4cher des Pharaos wurden von einem katzenartigen Wesen \u00fcberrannt, das seine Seele genommen hat. Wer ist die Quelle dieser b\u00f6sen Zauberei und wer wird in der Lage sein, den Fluch zu brechen, indem er eine riesige Metropole erschafft? Entdecken Sie in einem schwierigen 3-Gewinnt-Spiel! Errichte eine pr\u00e4chtige Stadt im pr\u00e4historischen \u00c4gypten und befreie den Pharao aus dem Griff der Kreatur. Du profitierst von Power-Ups und Boni. Dich erwartet ein faszinierendes Abenteuer mit Upgrades, Extras, Minispielen, R\u00e4tseln und Troph\u00e4en. Baue eine Stadt im alten \u00c4gypten. Erhalte verschiedene Boni, Upgrades, Troph\u00e4en und Extras. L\u00f6se spannende R\u00e4tsel und spiele Bonusspiele.        <\/p>\n<p>&nbsp;<\/p>\n<p>&nbsp;<\/p>\n<p><strong>Funktionen:<\/strong><\/p>\n<p>&nbsp;<\/p>\n<ul>\n<li>Nachfolger des beliebten Match-3-Spiels Jewel of the Gods.<\/li>\n<li>Erlebe ein herausforderndes und spannendes Spiel mit dritten Gewinnt.<\/li>\n<\/ul>\n","protected":false},"excerpt":{"rendered":"<p>Errichte eine pr\u00e4chtige Stadt und befreie den Pharao aus dem Griff der mysteri\u00f6sen Kreatur.<\/p>\n","protected":false},"author":50,"featured_media":80585,"comment_status":"open","ping_status":"closed","template":"","meta":{"_acf_changed":false,"inline_featured_image":false},"product_brand":[],"product_cat":[194],"product_tag":[],"class_list":{"0":"post-137372","1":"product","2":"type-product","3":"status-publish","4":"has-post-thumbnail","6":"product_cat-puzzle-de","8":"first","9":"instock","10":"shipping-taxable","11":"purchasable","12":"product-type-simple"},"acf":[],"yoast_head":"<!-- This site is optimized with the Yoast SEO Premium plugin v25.2 (Yoast SEO v25.2) - https:\/\/yoast.com\/wordpress\/plugins\/seo\/ -->\n<title>Legend of Egypt: Jewels of the Gods 2 - Errichte eine pr\u00e4chtige Stadt und befreie den Pharao von einem Fluch<\/title>\n<meta name=\"description\" content=\"Errichte eine pr\u00e4chtige Stadt und befreie den Pharao aus dem Griff der mysteri\u00f6sen Kreatur.\" \/>\n<meta name=\"robots\" content=\"index, follow, max-snippet:-1, max-image-preview:large, max-video-preview:-1\" \/>\n<link rel=\"canonical\" href=\"https:\/\/www.iplay.com\/de\/games\/legend-of-egypt-jewels-of-the-gods-2\/\" \/>\n<meta property=\"og:locale\" content=\"de_DE\" \/>\n<meta property=\"og:type\" content=\"article\" \/>\n<meta property=\"og:title\" content=\"Legend of Egypt Jewels of the Gods 2\" \/>\n<meta property=\"og:description\" content=\"Errichte eine pr\u00e4chtige Stadt und befreie den Pharao aus dem Griff der mysteri\u00f6sen Kreatur.\" \/>\n<meta property=\"og:url\" content=\"https:\/\/www.iplay.com\/de\/games\/legend-of-egypt-jewels-of-the-gods-2\/\" \/>\n<meta property=\"og:site_name\" content=\"IPlay\" \/>\n<meta property=\"og:image\" content=\"https:\/\/www.iplay.com\/wp-content\/uploads\/2023\/12\/large_square_tile_image-2542.jpg\" \/>\n\t<meta property=\"og:image:width\" content=\"310\" \/>\n\t<meta property=\"og:image:height\" content=\"310\" \/>\n\t<meta property=\"og:image:type\" content=\"image\/jpeg\" \/>\n<meta name=\"twitter:card\" content=\"summary_large_image\" \/>\n<meta name=\"twitter:label1\" content=\"Gesch\u00e4tzte Lesezeit\" \/>\n\t<meta name=\"twitter:data1\" content=\"1 Minute\" \/>\n<script type=\"application\/ld+json\" class=\"yoast-schema-graph\">{\"@context\":\"https:\/\/schema.org\",\"@graph\":[{\"@type\":\"WebPage\",\"@id\":\"https:\/\/www.iplay.com\/de\/games\/legend-of-egypt-jewels-of-the-gods-2\/\",\"url\":\"https:\/\/www.iplay.com\/de\/games\/legend-of-egypt-jewels-of-the-gods-2\/\",\"name\":\"Legend of Egypt: Jewels of the Gods 2 - Errichte eine pr\u00e4chtige Stadt und befreie den Pharao von einem Fluch\",\"isPartOf\":{\"@id\":\"https:\/\/www.iplay.com\/en\/#website\"},\"primaryImageOfPage\":{\"@id\":\"https:\/\/www.iplay.com\/de\/games\/legend-of-egypt-jewels-of-the-gods-2\/#primaryimage\"},\"image\":{\"@id\":\"https:\/\/www.iplay.com\/de\/games\/legend-of-egypt-jewels-of-the-gods-2\/#primaryimage\"},\"thumbnailUrl\":\"https:\/\/www.iplay.com\/wp-content\/uploads\/2023\/12\/large_square_tile_image-2542.jpg\",\"datePublished\":\"2021-03-15T00:00:00+00:00\",\"description\":\"Errichte eine pr\u00e4chtige Stadt und befreie den Pharao aus dem Griff der mysteri\u00f6sen Kreatur.\",\"breadcrumb\":{\"@id\":\"https:\/\/www.iplay.com\/de\/games\/legend-of-egypt-jewels-of-the-gods-2\/#breadcrumb\"},\"inLanguage\":\"de-DE\",\"potentialAction\":[{\"@type\":\"ReadAction\",\"target\":[\"https:\/\/www.iplay.com\/de\/games\/legend-of-egypt-jewels-of-the-gods-2\/\"]}]},{\"@type\":\"ImageObject\",\"inLanguage\":\"de-DE\",\"@id\":\"https:\/\/www.iplay.com\/de\/games\/legend-of-egypt-jewels-of-the-gods-2\/#primaryimage\",\"url\":\"https:\/\/www.iplay.com\/wp-content\/uploads\/2023\/12\/large_square_tile_image-2542.jpg\",\"contentUrl\":\"https:\/\/www.iplay.com\/wp-content\/uploads\/2023\/12\/large_square_tile_image-2542.jpg\",\"width\":310,\"height\":310},{\"@type\":\"BreadcrumbList\",\"@id\":\"https:\/\/www.iplay.com\/de\/games\/legend-of-egypt-jewels-of-the-gods-2\/#breadcrumb\",\"itemListElement\":[{\"@type\":\"ListItem\",\"position\":1,\"name\":\"Home\",\"item\":\"https:\/\/www.iplay.com\/de\/home-page-2\/\"},{\"@type\":\"ListItem\",\"position\":2,\"name\":\"Shop\",\"item\":\"https:\/\/www.iplay.com\/en\/shop\/\"},{\"@type\":\"ListItem\",\"position\":3,\"name\":\"Legend of Egypt Jewels of the Gods 2\"}]},{\"@type\":\"WebSite\",\"@id\":\"https:\/\/www.iplay.com\/en\/#website\",\"url\":\"https:\/\/www.iplay.com\/en\/\",\"name\":\"IPlay\",\"description\":\"The Best Casual Games!\",\"publisher\":{\"@id\":\"https:\/\/www.iplay.com\/en\/#organization\"},\"potentialAction\":[{\"@type\":\"SearchAction\",\"target\":{\"@type\":\"EntryPoint\",\"urlTemplate\":\"https:\/\/www.iplay.com\/en\/?s={search_term_string}\"},\"query-input\":{\"@type\":\"PropertyValueSpecification\",\"valueRequired\":true,\"valueName\":\"search_term_string\"}}],\"inLanguage\":\"de-DE\"},{\"@type\":\"Organization\",\"@id\":\"https:\/\/www.iplay.com\/en\/#organization\",\"name\":\"IPlay\",\"url\":\"https:\/\/www.iplay.com\/en\/\",\"logo\":{\"@type\":\"ImageObject\",\"inLanguage\":\"de-DE\",\"@id\":\"https:\/\/www.iplay.com\/en\/#\/schema\/logo\/image\/\",\"url\":\"https:\/\/www.iplay.com\/wp-content\/uploads\/2023\/11\/Group-6100.svg\",\"contentUrl\":\"https:\/\/www.iplay.com\/wp-content\/uploads\/2023\/11\/Group-6100.svg\",\"width\":98,\"height\":25,\"caption\":\"IPlay\"},\"image\":{\"@id\":\"https:\/\/www.iplay.com\/en\/#\/schema\/logo\/image\/\"}}]}<\/script>\n<!-- \/ Yoast SEO Premium plugin. -->","yoast_head_json":{"title":"Legend of Egypt: Jewels of the Gods 2 - Errichte eine pr\u00e4chtige Stadt und befreie den Pharao von einem Fluch","description":"Errichte eine pr\u00e4chtige Stadt und befreie den Pharao aus dem Griff der mysteri\u00f6sen Kreatur.","robots":{"index":"index","follow":"follow","max-snippet":"max-snippet:-1","max-image-preview":"max-image-preview:large","max-video-preview":"max-video-preview:-1"},"canonical":"https:\/\/www.iplay.com\/de\/games\/legend-of-egypt-jewels-of-the-gods-2\/","og_locale":"de_DE","og_type":"article","og_title":"Legend of Egypt Jewels of the Gods 2","og_description":"Errichte eine pr\u00e4chtige Stadt und befreie den Pharao aus dem Griff der mysteri\u00f6sen Kreatur.","og_url":"https:\/\/www.iplay.com\/de\/games\/legend-of-egypt-jewels-of-the-gods-2\/","og_site_name":"IPlay","og_image":[{"width":310,"height":310,"url":"https:\/\/www.iplay.com\/wp-content\/uploads\/2023\/12\/large_square_tile_image-2542.jpg","type":"image\/jpeg"}],"twitter_card":"summary_large_image","twitter_misc":{"Gesch\u00e4tzte Lesezeit":"1 Minute"},"schema":{"@context":"https:\/\/schema.org","@graph":[{"@type":"WebPage","@id":"https:\/\/www.iplay.com\/de\/games\/legend-of-egypt-jewels-of-the-gods-2\/","url":"https:\/\/www.iplay.com\/de\/games\/legend-of-egypt-jewels-of-the-gods-2\/","name":"Legend of Egypt: Jewels of the Gods 2 - Errichte eine pr\u00e4chtige Stadt und befreie den Pharao von einem Fluch","isPartOf":{"@id":"https:\/\/www.iplay.com\/en\/#website"},"primaryImageOfPage":{"@id":"https:\/\/www.iplay.com\/de\/games\/legend-of-egypt-jewels-of-the-gods-2\/#primaryimage"},"image":{"@id":"https:\/\/www.iplay.com\/de\/games\/legend-of-egypt-jewels-of-the-gods-2\/#primaryimage"},"thumbnailUrl":"https:\/\/www.iplay.com\/wp-content\/uploads\/2023\/12\/large_square_tile_image-2542.jpg","datePublished":"2021-03-15T00:00:00+00:00","description":"Errichte eine pr\u00e4chtige Stadt und befreie den Pharao aus dem Griff der mysteri\u00f6sen Kreatur.","breadcrumb":{"@id":"https:\/\/www.iplay.com\/de\/games\/legend-of-egypt-jewels-of-the-gods-2\/#breadcrumb"},"inLanguage":"de-DE","potentialAction":[{"@type":"ReadAction","target":["https:\/\/www.iplay.com\/de\/games\/legend-of-egypt-jewels-of-the-gods-2\/"]}]},{"@type":"ImageObject","inLanguage":"de-DE","@id":"https:\/\/www.iplay.com\/de\/games\/legend-of-egypt-jewels-of-the-gods-2\/#primaryimage","url":"https:\/\/www.iplay.com\/wp-content\/uploads\/2023\/12\/large_square_tile_image-2542.jpg","contentUrl":"https:\/\/www.iplay.com\/wp-content\/uploads\/2023\/12\/large_square_tile_image-2542.jpg","width":310,"height":310},{"@type":"BreadcrumbList","@id":"https:\/\/www.iplay.com\/de\/games\/legend-of-egypt-jewels-of-the-gods-2\/#breadcrumb","itemListElement":[{"@type":"ListItem","position":1,"name":"Home","item":"https:\/\/www.iplay.com\/de\/home-page-2\/"},{"@type":"ListItem","position":2,"name":"Shop","item":"https:\/\/www.iplay.com\/en\/shop\/"},{"@type":"ListItem","position":3,"name":"Legend of Egypt Jewels of the Gods 2"}]},{"@type":"WebSite","@id":"https:\/\/www.iplay.com\/en\/#website","url":"https:\/\/www.iplay.com\/en\/","name":"IPlay","description":"The Best Casual Games!","publisher":{"@id":"https:\/\/www.iplay.com\/en\/#organization"},"potentialAction":[{"@type":"SearchAction","target":{"@type":"EntryPoint","urlTemplate":"https:\/\/www.iplay.com\/en\/?s={search_term_string}"},"query-input":{"@type":"PropertyValueSpecification","valueRequired":true,"valueName":"search_term_string"}}],"inLanguage":"de-DE"},{"@type":"Organization","@id":"https:\/\/www.iplay.com\/en\/#organization","name":"IPlay","url":"https:\/\/www.iplay.com\/en\/","logo":{"@type":"ImageObject","inLanguage":"de-DE","@id":"https:\/\/www.iplay.com\/en\/#\/schema\/logo\/image\/","url":"https:\/\/www.iplay.com\/wp-content\/uploads\/2023\/11\/Group-6100.svg","contentUrl":"https:\/\/www.iplay.com\/wp-content\/uploads\/2023\/11\/Group-6100.svg","width":98,"height":25,"caption":"IPlay"},"image":{"@id":"https:\/\/www.iplay.com\/en\/#\/schema\/logo\/image\/"}}]}},"_links":{"self":[{"href":"https:\/\/www.iplay.com\/de\/wp-json\/wp\/v2\/product\/137372","targetHints":{"allow":["GET"]}}],"collection":[{"href":"https:\/\/www.iplay.com\/de\/wp-json\/wp\/v2\/product"}],"about":[{"href":"https:\/\/www.iplay.com\/de\/wp-json\/wp\/v2\/types\/product"}],"author":[{"embeddable":true,"href":"https:\/\/www.iplay.com\/de\/wp-json\/wp\/v2\/users\/50"}],"replies":[{"embeddable":true,"href":"https:\/\/www.iplay.com\/de\/wp-json\/wp\/v2\/comments?post=137372"}],"wp:featuredmedia":[{"embeddable":true,"href":"https:\/\/www.iplay.com\/de\/wp-json\/wp\/v2\/media\/80585"}],"wp:attachment":[{"href":"https:\/\/www.iplay.com\/de\/wp-json\/wp\/v2\/media?parent=137372"}],"wp:term":[{"taxonomy":"product_brand","embeddable":true,"href":"https:\/\/www.iplay.com\/de\/wp-json\/wp\/v2\/product_brand?post=137372"},{"taxonomy":"product_cat","embeddable":true,"href":"https:\/\/www.iplay.com\/de\/wp-json\/wp\/v2\/product_cat?post=137372"},{"taxonomy":"product_tag","embeddable":true,"href":"https:\/\/www.iplay.com\/de\/wp-json\/wp\/v2\/product_tag?post=137372"}],"curies":[{"name":"wp","href":"https:\/\/api.w.org\/{rel}","templated":true}]}}