{"id":137340,"date":"2021-02-06T00:00:00","date_gmt":"2021-02-06T00:00:00","guid":{"rendered":"https:\/\/www.iplay.com\/games\/wilderness-mosaic-3-photo-safari\/"},"modified":"2021-02-06T00:00:00","modified_gmt":"2021-02-06T00:00:00","slug":"wilderness-mosaic-3-photo-safari","status":"publish","type":"product","link":"https:\/\/www.iplay.com\/de\/games\/wilderness-mosaic-3-photo-safari\/","title":{"rendered":"Wilderness Mosaic 3: Photo Safari"},"content":{"rendered":"<p>Es ist Zeit f\u00fcr eine frische Reise und Erfahrung. Claire bricht nach ihrer Reise nach Patagonien zu einem weiteren Abenteuer auf, diesmal nach Afrika. Sie erkundet die Pracht dieses erstaunlichen Kontinents bei einer fesselnden Fotosafari. Eine Vielzahl von Arten bewohnt diese abwechslungsreichen Umgebungen. Entspannen Sie sich zum beruhigenden Soundtrack, w\u00e4hrend Sie die Zahlen verwenden, um versteckte Bilder zu enth\u00fcllen. Du durchl\u00e4ufst neun Kapitel und ein Bonuskapitel, die jeweils 142 lebendige Pixel-Art-Herausforderungen vor verschiedenen Landschaftskulissen enthalten. Sie k\u00f6nnen diese Phasen l\u00f6sen, indem Sie einfach argumentieren. Spiele lebendige Memory-Spiele, in denen du Tiere zusammenbringen musst, und arbeite dich durch Schiebepuzzles, um das n\u00e4chste Kapitel deiner Reise zu enth\u00fcllen. Begleiten Sie Claire auf ihren Afrikareisen und erfahren Sie mehr \u00fcber die lokale Tierwelt, Vegetation und Menschen.        <\/p>\n<p>&nbsp;<\/p>\n<p>&nbsp;<\/p>\n<p><strong>Funktionen:<\/strong><\/p>\n<p>&nbsp;<\/p>\n<p>&#8211; Schalte neun Kapitel der afrikanischen Fotosafari plus Bonus<br \/>\n frei- Nimm an 142 spannenden Mosaik-Levels und 18 Minispielen<br \/>\n teil- Spiele fesselnde Memory-Spiele<br \/>\n&#8211; L\u00f6se neun Schieber\u00e4tsel-<br \/>\n Finde versteckte Pixel-Art-Bilder<br \/>\n&#8211; Sammle Sterne<br \/>\n&#8211; Logikbasierte R\u00e4tsel-<br \/>\n Erfahre Fakten \u00fcber die Menschen, Tiere und die nat\u00fcrliche Umgebung des Kontinents<\/p>\n","protected":false},"excerpt":{"rendered":"<p>Spiele Mosaik-Puzzlespiele in Wilderness Mosaic 3: Photo Safari, um verschiedene Regionen Afrikas zu entdecken.<\/p>\n","protected":false},"author":54,"featured_media":80910,"comment_status":"open","ping_status":"closed","template":"","meta":{"_acf_changed":false,"inline_featured_image":false},"product_brand":[],"product_cat":[194],"product_tag":[],"class_list":{"0":"post-137340","1":"product","2":"type-product","3":"status-publish","4":"has-post-thumbnail","6":"product_cat-puzzle-de","8":"first","9":"instock","10":"shipping-taxable","11":"purchasable","12":"product-type-simple"},"acf":[],"yoast_head":"<!-- This site is optimized with the Yoast SEO Premium plugin v25.2 (Yoast SEO v25.2) - https:\/\/yoast.com\/wordpress\/plugins\/seo\/ -->\n<title>Wilderness Mosaic 3: Photo Safari - Mosaik-R\u00e4tsel l\u00f6sen<\/title>\n<meta name=\"description\" content=\"Spiele Mosaik-Puzzlespiele in Wilderness Mosaic 3: Photo Safari, um verschiedene Regionen Afrikas zu entdecken.\" \/>\n<meta name=\"robots\" content=\"index, follow, max-snippet:-1, max-image-preview:large, max-video-preview:-1\" \/>\n<link rel=\"canonical\" href=\"https:\/\/www.iplay.com\/de\/games\/wilderness-mosaic-3-photo-safari\/\" \/>\n<meta property=\"og:locale\" content=\"de_DE\" \/>\n<meta property=\"og:type\" content=\"article\" \/>\n<meta property=\"og:title\" content=\"Wilderness Mosaic 3: Photo Safari\" \/>\n<meta property=\"og:description\" content=\"Spiele Mosaik-Puzzlespiele in Wilderness Mosaic 3: Photo Safari, um verschiedene Regionen Afrikas zu entdecken.\" \/>\n<meta property=\"og:url\" content=\"https:\/\/www.iplay.com\/de\/games\/wilderness-mosaic-3-photo-safari\/\" \/>\n<meta property=\"og:site_name\" content=\"IPlay\" \/>\n<meta property=\"og:image\" content=\"https:\/\/www.iplay.com\/wp-content\/uploads\/2023\/12\/large_square_tile_image-2562.jpg\" \/>\n\t<meta property=\"og:image:width\" content=\"310\" \/>\n\t<meta property=\"og:image:height\" content=\"310\" \/>\n\t<meta property=\"og:image:type\" content=\"image\/jpeg\" \/>\n<meta name=\"twitter:card\" content=\"summary_large_image\" \/>\n<meta name=\"twitter:label1\" content=\"Gesch\u00e4tzte Lesezeit\" \/>\n\t<meta name=\"twitter:data1\" content=\"1 Minute\" \/>\n<script type=\"application\/ld+json\" class=\"yoast-schema-graph\">{\"@context\":\"https:\/\/schema.org\",\"@graph\":[{\"@type\":\"WebPage\",\"@id\":\"https:\/\/www.iplay.com\/de\/games\/wilderness-mosaic-3-photo-safari\/\",\"url\":\"https:\/\/www.iplay.com\/de\/games\/wilderness-mosaic-3-photo-safari\/\",\"name\":\"Wilderness Mosaic 3: Photo Safari - Mosaik-R\u00e4tsel l\u00f6sen\",\"isPartOf\":{\"@id\":\"https:\/\/www.iplay.com\/en\/#website\"},\"primaryImageOfPage\":{\"@id\":\"https:\/\/www.iplay.com\/de\/games\/wilderness-mosaic-3-photo-safari\/#primaryimage\"},\"image\":{\"@id\":\"https:\/\/www.iplay.com\/de\/games\/wilderness-mosaic-3-photo-safari\/#primaryimage\"},\"thumbnailUrl\":\"https:\/\/www.iplay.com\/wp-content\/uploads\/2023\/12\/large_square_tile_image-2562.jpg\",\"datePublished\":\"2021-02-06T00:00:00+00:00\",\"description\":\"Spiele Mosaik-Puzzlespiele in Wilderness Mosaic 3: Photo Safari, um verschiedene Regionen Afrikas zu entdecken.\",\"breadcrumb\":{\"@id\":\"https:\/\/www.iplay.com\/de\/games\/wilderness-mosaic-3-photo-safari\/#breadcrumb\"},\"inLanguage\":\"de-DE\",\"potentialAction\":[{\"@type\":\"ReadAction\",\"target\":[\"https:\/\/www.iplay.com\/de\/games\/wilderness-mosaic-3-photo-safari\/\"]}]},{\"@type\":\"ImageObject\",\"inLanguage\":\"de-DE\",\"@id\":\"https:\/\/www.iplay.com\/de\/games\/wilderness-mosaic-3-photo-safari\/#primaryimage\",\"url\":\"https:\/\/www.iplay.com\/wp-content\/uploads\/2023\/12\/large_square_tile_image-2562.jpg\",\"contentUrl\":\"https:\/\/www.iplay.com\/wp-content\/uploads\/2023\/12\/large_square_tile_image-2562.jpg\",\"width\":310,\"height\":310},{\"@type\":\"BreadcrumbList\",\"@id\":\"https:\/\/www.iplay.com\/de\/games\/wilderness-mosaic-3-photo-safari\/#breadcrumb\",\"itemListElement\":[{\"@type\":\"ListItem\",\"position\":1,\"name\":\"Home\",\"item\":\"https:\/\/www.iplay.com\/de\/home-page-2\/\"},{\"@type\":\"ListItem\",\"position\":2,\"name\":\"Shop\",\"item\":\"https:\/\/www.iplay.com\/en\/shop\/\"},{\"@type\":\"ListItem\",\"position\":3,\"name\":\"Wilderness Mosaic 3: Photo Safari\"}]},{\"@type\":\"WebSite\",\"@id\":\"https:\/\/www.iplay.com\/en\/#website\",\"url\":\"https:\/\/www.iplay.com\/en\/\",\"name\":\"IPlay\",\"description\":\"The Best Casual Games!\",\"publisher\":{\"@id\":\"https:\/\/www.iplay.com\/en\/#organization\"},\"potentialAction\":[{\"@type\":\"SearchAction\",\"target\":{\"@type\":\"EntryPoint\",\"urlTemplate\":\"https:\/\/www.iplay.com\/en\/?s={search_term_string}\"},\"query-input\":{\"@type\":\"PropertyValueSpecification\",\"valueRequired\":true,\"valueName\":\"search_term_string\"}}],\"inLanguage\":\"de-DE\"},{\"@type\":\"Organization\",\"@id\":\"https:\/\/www.iplay.com\/en\/#organization\",\"name\":\"IPlay\",\"url\":\"https:\/\/www.iplay.com\/en\/\",\"logo\":{\"@type\":\"ImageObject\",\"inLanguage\":\"de-DE\",\"@id\":\"https:\/\/www.iplay.com\/en\/#\/schema\/logo\/image\/\",\"url\":\"https:\/\/www.iplay.com\/wp-content\/uploads\/2023\/11\/Group-6100.svg\",\"contentUrl\":\"https:\/\/www.iplay.com\/wp-content\/uploads\/2023\/11\/Group-6100.svg\",\"width\":98,\"height\":25,\"caption\":\"IPlay\"},\"image\":{\"@id\":\"https:\/\/www.iplay.com\/en\/#\/schema\/logo\/image\/\"}}]}<\/script>\n<!-- \/ Yoast SEO Premium plugin. -->","yoast_head_json":{"title":"Wilderness Mosaic 3: Photo Safari - Mosaik-R\u00e4tsel l\u00f6sen","description":"Spiele Mosaik-Puzzlespiele in Wilderness Mosaic 3: Photo Safari, um verschiedene Regionen Afrikas zu entdecken.","robots":{"index":"index","follow":"follow","max-snippet":"max-snippet:-1","max-image-preview":"max-image-preview:large","max-video-preview":"max-video-preview:-1"},"canonical":"https:\/\/www.iplay.com\/de\/games\/wilderness-mosaic-3-photo-safari\/","og_locale":"de_DE","og_type":"article","og_title":"Wilderness Mosaic 3: Photo Safari","og_description":"Spiele Mosaik-Puzzlespiele in Wilderness Mosaic 3: Photo Safari, um verschiedene Regionen Afrikas zu entdecken.","og_url":"https:\/\/www.iplay.com\/de\/games\/wilderness-mosaic-3-photo-safari\/","og_site_name":"IPlay","og_image":[{"width":310,"height":310,"url":"https:\/\/www.iplay.com\/wp-content\/uploads\/2023\/12\/large_square_tile_image-2562.jpg","type":"image\/jpeg"}],"twitter_card":"summary_large_image","twitter_misc":{"Gesch\u00e4tzte Lesezeit":"1 Minute"},"schema":{"@context":"https:\/\/schema.org","@graph":[{"@type":"WebPage","@id":"https:\/\/www.iplay.com\/de\/games\/wilderness-mosaic-3-photo-safari\/","url":"https:\/\/www.iplay.com\/de\/games\/wilderness-mosaic-3-photo-safari\/","name":"Wilderness Mosaic 3: Photo Safari - Mosaik-R\u00e4tsel l\u00f6sen","isPartOf":{"@id":"https:\/\/www.iplay.com\/en\/#website"},"primaryImageOfPage":{"@id":"https:\/\/www.iplay.com\/de\/games\/wilderness-mosaic-3-photo-safari\/#primaryimage"},"image":{"@id":"https:\/\/www.iplay.com\/de\/games\/wilderness-mosaic-3-photo-safari\/#primaryimage"},"thumbnailUrl":"https:\/\/www.iplay.com\/wp-content\/uploads\/2023\/12\/large_square_tile_image-2562.jpg","datePublished":"2021-02-06T00:00:00+00:00","description":"Spiele Mosaik-Puzzlespiele in Wilderness Mosaic 3: Photo Safari, um verschiedene Regionen Afrikas zu entdecken.","breadcrumb":{"@id":"https:\/\/www.iplay.com\/de\/games\/wilderness-mosaic-3-photo-safari\/#breadcrumb"},"inLanguage":"de-DE","potentialAction":[{"@type":"ReadAction","target":["https:\/\/www.iplay.com\/de\/games\/wilderness-mosaic-3-photo-safari\/"]}]},{"@type":"ImageObject","inLanguage":"de-DE","@id":"https:\/\/www.iplay.com\/de\/games\/wilderness-mosaic-3-photo-safari\/#primaryimage","url":"https:\/\/www.iplay.com\/wp-content\/uploads\/2023\/12\/large_square_tile_image-2562.jpg","contentUrl":"https:\/\/www.iplay.com\/wp-content\/uploads\/2023\/12\/large_square_tile_image-2562.jpg","width":310,"height":310},{"@type":"BreadcrumbList","@id":"https:\/\/www.iplay.com\/de\/games\/wilderness-mosaic-3-photo-safari\/#breadcrumb","itemListElement":[{"@type":"ListItem","position":1,"name":"Home","item":"https:\/\/www.iplay.com\/de\/home-page-2\/"},{"@type":"ListItem","position":2,"name":"Shop","item":"https:\/\/www.iplay.com\/en\/shop\/"},{"@type":"ListItem","position":3,"name":"Wilderness Mosaic 3: Photo Safari"}]},{"@type":"WebSite","@id":"https:\/\/www.iplay.com\/en\/#website","url":"https:\/\/www.iplay.com\/en\/","name":"IPlay","description":"The Best Casual Games!","publisher":{"@id":"https:\/\/www.iplay.com\/en\/#organization"},"potentialAction":[{"@type":"SearchAction","target":{"@type":"EntryPoint","urlTemplate":"https:\/\/www.iplay.com\/en\/?s={search_term_string}"},"query-input":{"@type":"PropertyValueSpecification","valueRequired":true,"valueName":"search_term_string"}}],"inLanguage":"de-DE"},{"@type":"Organization","@id":"https:\/\/www.iplay.com\/en\/#organization","name":"IPlay","url":"https:\/\/www.iplay.com\/en\/","logo":{"@type":"ImageObject","inLanguage":"de-DE","@id":"https:\/\/www.iplay.com\/en\/#\/schema\/logo\/image\/","url":"https:\/\/www.iplay.com\/wp-content\/uploads\/2023\/11\/Group-6100.svg","contentUrl":"https:\/\/www.iplay.com\/wp-content\/uploads\/2023\/11\/Group-6100.svg","width":98,"height":25,"caption":"IPlay"},"image":{"@id":"https:\/\/www.iplay.com\/en\/#\/schema\/logo\/image\/"}}]}},"_links":{"self":[{"href":"https:\/\/www.iplay.com\/de\/wp-json\/wp\/v2\/product\/137340","targetHints":{"allow":["GET"]}}],"collection":[{"href":"https:\/\/www.iplay.com\/de\/wp-json\/wp\/v2\/product"}],"about":[{"href":"https:\/\/www.iplay.com\/de\/wp-json\/wp\/v2\/types\/product"}],"author":[{"embeddable":true,"href":"https:\/\/www.iplay.com\/de\/wp-json\/wp\/v2\/users\/54"}],"replies":[{"embeddable":true,"href":"https:\/\/www.iplay.com\/de\/wp-json\/wp\/v2\/comments?post=137340"}],"wp:featuredmedia":[{"embeddable":true,"href":"https:\/\/www.iplay.com\/de\/wp-json\/wp\/v2\/media\/80910"}],"wp:attachment":[{"href":"https:\/\/www.iplay.com\/de\/wp-json\/wp\/v2\/media?parent=137340"}],"wp:term":[{"taxonomy":"product_brand","embeddable":true,"href":"https:\/\/www.iplay.com\/de\/wp-json\/wp\/v2\/product_brand?post=137340"},{"taxonomy":"product_cat","embeddable":true,"href":"https:\/\/www.iplay.com\/de\/wp-json\/wp\/v2\/product_cat?post=137340"},{"taxonomy":"product_tag","embeddable":true,"href":"https:\/\/www.iplay.com\/de\/wp-json\/wp\/v2\/product_tag?post=137340"}],"curies":[{"name":"wp","href":"https:\/\/api.w.org\/{rel}","templated":true}]}}