{"id":137332,"date":"2021-01-31T00:00:00","date_gmt":"2021-01-31T00:00:00","guid":{"rendered":"https:\/\/www.iplay.com\/games\/amazing-pyramids-rebirth\/"},"modified":"2021-01-31T00:00:00","modified_gmt":"2021-01-31T00:00:00","slug":"amazing-pyramids-rebirth","status":"publish","type":"product","link":"https:\/\/www.iplay.com\/de\/games\/amazing-pyramids-rebirth\/","title":{"rendered":"Amazing Pyramids: Rebirth"},"content":{"rendered":"<p>Erstaunliche Pyramiden sind zur\u00fcckgekehrt! Amazing Pyramids ist ein ber\u00fchmtes Wortspiel, das in einer Welt voller hei\u00dfer Sande und antiker St\u00e4dte spielt und erstmals 2010 ver\u00f6ffentlicht wurde. Zehn Jahre sp\u00e4ter sind die Amazing Pyramids als Rebirth-Projekt zur\u00fcckgekehrt! Das Remake von 2020 bietet ein v\u00f6llig neues Gameplay, frische hochaufl\u00f6sende Grafiken, farbenfrohe Spezialeffekte, verbesserten Sound und vieles mehr! In der Sahara-W\u00fcste f\u00fchrst du einen Trupp von Wissenschaftlern durch s\u00fcchtig machende Wortabenteuer! Nutzen Sie Ihren Verstand und Ihre Sprache, um der sengenden Sonne einen Schritt voraus zu sein und der sengenden Sonne zu trotzen.     <\/p>\n<p>&nbsp;<\/p>\n<p>&nbsp;<\/p>\n<p><strong>Funktionen:<\/strong><\/p>\n<p>&nbsp;<\/p>\n<p>&#8211; Einzigartiges Gameplay!<\/p>\n<p>&#8211; Schluss mit spekulativen Vermutungen! Jedes Wort hat seine eigene Kategorie! <\/p>\n<p>&#8211; So viele sich nicht wiederholende Kategorie-Wort-Kombinationen wie m\u00f6glich!<\/p>\n<p>&#8211; Ein einzigartiges W\u00f6rterbuch mit \u00fcber 120 Wortkategorien!<\/p>\n<p>&#8211; Neue Spielmodi: Manuskript, Splitter und Blitz!<\/p>\n<p>&#8211; Beeindruckende \u00e4gyptische Musik und Soundeffekte!<\/p>\n<p>&#8211; Eine faszinierende Handlung, die an vier verschiedenen Orten spielt!<\/p>\n<p>&#8211; Schwierige Puzzle-Minispiele!<\/p>\n<p>&#8211; Gl\u00e4nzende Belohnungen f\u00fcr das Erledigen zus\u00e4tzlicher Aufgaben!<\/p>\n<p>&#8211; Sprachausgabe von professionellen Darstellern!<\/p>\n","protected":false},"excerpt":{"rendered":"<p>In Amazing Pyramids Rebirth nimmst du eine Crew von Wissenschaftlern mit auf fesselnde Wortquests!<\/p>\n","protected":false},"author":45,"featured_media":80958,"comment_status":"open","ping_status":"closed","template":"","meta":{"_acf_changed":false,"inline_featured_image":false},"product_brand":[],"product_cat":[194],"product_tag":[],"class_list":{"0":"post-137332","1":"product","2":"type-product","3":"status-publish","4":"has-post-thumbnail","6":"product_cat-puzzle-de","8":"first","9":"instock","10":"shipping-taxable","11":"purchasable","12":"product-type-simple"},"acf":[],"yoast_head":"<!-- This site is optimized with the Yoast SEO Premium plugin v25.2 (Yoast SEO v25.2) - https:\/\/yoast.com\/wordpress\/plugins\/seo\/ -->\n<title>Amazing Pyramids: Rebirth - F\u00fchre Wissenschaftler durch wortbasierte Abenteuer<\/title>\n<meta name=\"description\" content=\"In Amazing Pyramids Rebirth nimmst du eine Crew von Wissenschaftlern mit auf fesselnde Wortquests!\" \/>\n<meta name=\"robots\" content=\"index, follow, max-snippet:-1, max-image-preview:large, max-video-preview:-1\" \/>\n<link rel=\"canonical\" href=\"https:\/\/www.iplay.com\/de\/games\/amazing-pyramids-rebirth\/\" \/>\n<meta property=\"og:locale\" content=\"de_DE\" \/>\n<meta property=\"og:type\" content=\"article\" \/>\n<meta property=\"og:title\" content=\"Amazing Pyramids: Rebirth\" \/>\n<meta property=\"og:description\" content=\"In Amazing Pyramids Rebirth nimmst du eine Crew von Wissenschaftlern mit auf fesselnde Wortquests!\" \/>\n<meta property=\"og:url\" content=\"https:\/\/www.iplay.com\/de\/games\/amazing-pyramids-rebirth\/\" \/>\n<meta property=\"og:site_name\" content=\"IPlay\" \/>\n<meta property=\"og:image\" content=\"https:\/\/www.iplay.com\/wp-content\/uploads\/2023\/12\/large_square_tile_image-2565.jpg\" \/>\n\t<meta property=\"og:image:width\" content=\"310\" \/>\n\t<meta property=\"og:image:height\" content=\"310\" \/>\n\t<meta property=\"og:image:type\" content=\"image\/jpeg\" \/>\n<meta name=\"twitter:card\" content=\"summary_large_image\" \/>\n<meta name=\"twitter:label1\" content=\"Gesch\u00e4tzte Lesezeit\" \/>\n\t<meta name=\"twitter:data1\" content=\"1 Minute\" \/>\n<script type=\"application\/ld+json\" class=\"yoast-schema-graph\">{\"@context\":\"https:\/\/schema.org\",\"@graph\":[{\"@type\":\"WebPage\",\"@id\":\"https:\/\/www.iplay.com\/de\/games\/amazing-pyramids-rebirth\/\",\"url\":\"https:\/\/www.iplay.com\/de\/games\/amazing-pyramids-rebirth\/\",\"name\":\"Amazing Pyramids: Rebirth - F\u00fchre Wissenschaftler durch wortbasierte Abenteuer\",\"isPartOf\":{\"@id\":\"https:\/\/www.iplay.com\/en\/#website\"},\"primaryImageOfPage\":{\"@id\":\"https:\/\/www.iplay.com\/de\/games\/amazing-pyramids-rebirth\/#primaryimage\"},\"image\":{\"@id\":\"https:\/\/www.iplay.com\/de\/games\/amazing-pyramids-rebirth\/#primaryimage\"},\"thumbnailUrl\":\"https:\/\/www.iplay.com\/wp-content\/uploads\/2023\/12\/large_square_tile_image-2565.jpg\",\"datePublished\":\"2021-01-31T00:00:00+00:00\",\"description\":\"In Amazing Pyramids Rebirth nimmst du eine Crew von Wissenschaftlern mit auf fesselnde Wortquests!\",\"breadcrumb\":{\"@id\":\"https:\/\/www.iplay.com\/de\/games\/amazing-pyramids-rebirth\/#breadcrumb\"},\"inLanguage\":\"de-DE\",\"potentialAction\":[{\"@type\":\"ReadAction\",\"target\":[\"https:\/\/www.iplay.com\/de\/games\/amazing-pyramids-rebirth\/\"]}]},{\"@type\":\"ImageObject\",\"inLanguage\":\"de-DE\",\"@id\":\"https:\/\/www.iplay.com\/de\/games\/amazing-pyramids-rebirth\/#primaryimage\",\"url\":\"https:\/\/www.iplay.com\/wp-content\/uploads\/2023\/12\/large_square_tile_image-2565.jpg\",\"contentUrl\":\"https:\/\/www.iplay.com\/wp-content\/uploads\/2023\/12\/large_square_tile_image-2565.jpg\",\"width\":310,\"height\":310},{\"@type\":\"BreadcrumbList\",\"@id\":\"https:\/\/www.iplay.com\/de\/games\/amazing-pyramids-rebirth\/#breadcrumb\",\"itemListElement\":[{\"@type\":\"ListItem\",\"position\":1,\"name\":\"Home\",\"item\":\"https:\/\/www.iplay.com\/de\/home-page-2\/\"},{\"@type\":\"ListItem\",\"position\":2,\"name\":\"Shop\",\"item\":\"https:\/\/www.iplay.com\/en\/shop\/\"},{\"@type\":\"ListItem\",\"position\":3,\"name\":\"Amazing Pyramids: Rebirth\"}]},{\"@type\":\"WebSite\",\"@id\":\"https:\/\/www.iplay.com\/en\/#website\",\"url\":\"https:\/\/www.iplay.com\/en\/\",\"name\":\"IPlay\",\"description\":\"The Best Casual Games!\",\"publisher\":{\"@id\":\"https:\/\/www.iplay.com\/en\/#organization\"},\"potentialAction\":[{\"@type\":\"SearchAction\",\"target\":{\"@type\":\"EntryPoint\",\"urlTemplate\":\"https:\/\/www.iplay.com\/en\/?s={search_term_string}\"},\"query-input\":{\"@type\":\"PropertyValueSpecification\",\"valueRequired\":true,\"valueName\":\"search_term_string\"}}],\"inLanguage\":\"de-DE\"},{\"@type\":\"Organization\",\"@id\":\"https:\/\/www.iplay.com\/en\/#organization\",\"name\":\"IPlay\",\"url\":\"https:\/\/www.iplay.com\/en\/\",\"logo\":{\"@type\":\"ImageObject\",\"inLanguage\":\"de-DE\",\"@id\":\"https:\/\/www.iplay.com\/en\/#\/schema\/logo\/image\/\",\"url\":\"https:\/\/www.iplay.com\/wp-content\/uploads\/2023\/11\/Group-6100.svg\",\"contentUrl\":\"https:\/\/www.iplay.com\/wp-content\/uploads\/2023\/11\/Group-6100.svg\",\"width\":98,\"height\":25,\"caption\":\"IPlay\"},\"image\":{\"@id\":\"https:\/\/www.iplay.com\/en\/#\/schema\/logo\/image\/\"}}]}<\/script>\n<!-- \/ Yoast SEO Premium plugin. -->","yoast_head_json":{"title":"Amazing Pyramids: Rebirth - F\u00fchre Wissenschaftler durch wortbasierte Abenteuer","description":"In Amazing Pyramids Rebirth nimmst du eine Crew von Wissenschaftlern mit auf fesselnde Wortquests!","robots":{"index":"index","follow":"follow","max-snippet":"max-snippet:-1","max-image-preview":"max-image-preview:large","max-video-preview":"max-video-preview:-1"},"canonical":"https:\/\/www.iplay.com\/de\/games\/amazing-pyramids-rebirth\/","og_locale":"de_DE","og_type":"article","og_title":"Amazing Pyramids: Rebirth","og_description":"In Amazing Pyramids Rebirth nimmst du eine Crew von Wissenschaftlern mit auf fesselnde Wortquests!","og_url":"https:\/\/www.iplay.com\/de\/games\/amazing-pyramids-rebirth\/","og_site_name":"IPlay","og_image":[{"width":310,"height":310,"url":"https:\/\/www.iplay.com\/wp-content\/uploads\/2023\/12\/large_square_tile_image-2565.jpg","type":"image\/jpeg"}],"twitter_card":"summary_large_image","twitter_misc":{"Gesch\u00e4tzte Lesezeit":"1 Minute"},"schema":{"@context":"https:\/\/schema.org","@graph":[{"@type":"WebPage","@id":"https:\/\/www.iplay.com\/de\/games\/amazing-pyramids-rebirth\/","url":"https:\/\/www.iplay.com\/de\/games\/amazing-pyramids-rebirth\/","name":"Amazing Pyramids: Rebirth - F\u00fchre Wissenschaftler durch wortbasierte Abenteuer","isPartOf":{"@id":"https:\/\/www.iplay.com\/en\/#website"},"primaryImageOfPage":{"@id":"https:\/\/www.iplay.com\/de\/games\/amazing-pyramids-rebirth\/#primaryimage"},"image":{"@id":"https:\/\/www.iplay.com\/de\/games\/amazing-pyramids-rebirth\/#primaryimage"},"thumbnailUrl":"https:\/\/www.iplay.com\/wp-content\/uploads\/2023\/12\/large_square_tile_image-2565.jpg","datePublished":"2021-01-31T00:00:00+00:00","description":"In Amazing Pyramids Rebirth nimmst du eine Crew von Wissenschaftlern mit auf fesselnde Wortquests!","breadcrumb":{"@id":"https:\/\/www.iplay.com\/de\/games\/amazing-pyramids-rebirth\/#breadcrumb"},"inLanguage":"de-DE","potentialAction":[{"@type":"ReadAction","target":["https:\/\/www.iplay.com\/de\/games\/amazing-pyramids-rebirth\/"]}]},{"@type":"ImageObject","inLanguage":"de-DE","@id":"https:\/\/www.iplay.com\/de\/games\/amazing-pyramids-rebirth\/#primaryimage","url":"https:\/\/www.iplay.com\/wp-content\/uploads\/2023\/12\/large_square_tile_image-2565.jpg","contentUrl":"https:\/\/www.iplay.com\/wp-content\/uploads\/2023\/12\/large_square_tile_image-2565.jpg","width":310,"height":310},{"@type":"BreadcrumbList","@id":"https:\/\/www.iplay.com\/de\/games\/amazing-pyramids-rebirth\/#breadcrumb","itemListElement":[{"@type":"ListItem","position":1,"name":"Home","item":"https:\/\/www.iplay.com\/de\/home-page-2\/"},{"@type":"ListItem","position":2,"name":"Shop","item":"https:\/\/www.iplay.com\/en\/shop\/"},{"@type":"ListItem","position":3,"name":"Amazing Pyramids: Rebirth"}]},{"@type":"WebSite","@id":"https:\/\/www.iplay.com\/en\/#website","url":"https:\/\/www.iplay.com\/en\/","name":"IPlay","description":"The Best Casual Games!","publisher":{"@id":"https:\/\/www.iplay.com\/en\/#organization"},"potentialAction":[{"@type":"SearchAction","target":{"@type":"EntryPoint","urlTemplate":"https:\/\/www.iplay.com\/en\/?s={search_term_string}"},"query-input":{"@type":"PropertyValueSpecification","valueRequired":true,"valueName":"search_term_string"}}],"inLanguage":"de-DE"},{"@type":"Organization","@id":"https:\/\/www.iplay.com\/en\/#organization","name":"IPlay","url":"https:\/\/www.iplay.com\/en\/","logo":{"@type":"ImageObject","inLanguage":"de-DE","@id":"https:\/\/www.iplay.com\/en\/#\/schema\/logo\/image\/","url":"https:\/\/www.iplay.com\/wp-content\/uploads\/2023\/11\/Group-6100.svg","contentUrl":"https:\/\/www.iplay.com\/wp-content\/uploads\/2023\/11\/Group-6100.svg","width":98,"height":25,"caption":"IPlay"},"image":{"@id":"https:\/\/www.iplay.com\/en\/#\/schema\/logo\/image\/"}}]}},"_links":{"self":[{"href":"https:\/\/www.iplay.com\/de\/wp-json\/wp\/v2\/product\/137332","targetHints":{"allow":["GET"]}}],"collection":[{"href":"https:\/\/www.iplay.com\/de\/wp-json\/wp\/v2\/product"}],"about":[{"href":"https:\/\/www.iplay.com\/de\/wp-json\/wp\/v2\/types\/product"}],"author":[{"embeddable":true,"href":"https:\/\/www.iplay.com\/de\/wp-json\/wp\/v2\/users\/45"}],"replies":[{"embeddable":true,"href":"https:\/\/www.iplay.com\/de\/wp-json\/wp\/v2\/comments?post=137332"}],"wp:featuredmedia":[{"embeddable":true,"href":"https:\/\/www.iplay.com\/de\/wp-json\/wp\/v2\/media\/80958"}],"wp:attachment":[{"href":"https:\/\/www.iplay.com\/de\/wp-json\/wp\/v2\/media?parent=137332"}],"wp:term":[{"taxonomy":"product_brand","embeddable":true,"href":"https:\/\/www.iplay.com\/de\/wp-json\/wp\/v2\/product_brand?post=137332"},{"taxonomy":"product_cat","embeddable":true,"href":"https:\/\/www.iplay.com\/de\/wp-json\/wp\/v2\/product_cat?post=137332"},{"taxonomy":"product_tag","embeddable":true,"href":"https:\/\/www.iplay.com\/de\/wp-json\/wp\/v2\/product_tag?post=137332"}],"curies":[{"name":"wp","href":"https:\/\/api.w.org\/{rel}","templated":true}]}}