{"id":137247,"date":"2025-05-23T08:30:01","date_gmt":"2025-05-23T08:30:01","guid":{"rendered":"https:\/\/www.iplay.com\/games\/gaslamp-cases-10-the-loch-ness-enigma\/"},"modified":"2025-05-23T16:18:58","modified_gmt":"2025-05-23T16:18:58","slug":"gaslamp-cases-10-the-loch-ness-enigma","status":"publish","type":"product","link":"https:\/\/www.iplay.com\/de\/games\/gaslamp-cases-10-the-loch-ness-enigma\/","title":{"rendered":"Gaslamp Cases 10: The Loch Ness Enigma"},"content":{"rendered":"<p class=\"whitespace-normal break-words\">London wird von einer Welle der Aufregung \u00fcberrollt, als Ger\u00fcchte \u00fcber das Ungeheuer von Loch Ness die Fantasie der Stadt befl\u00fcgeln. Die Belohnung der Daily Mail in H\u00f6he von 20.000 Pfund f\u00fcr die Gefangennahme des scheuen Biests sorgt f\u00fcr Aufregung. Gl\u00fcckssucher und wagemutige Entdecker werden aus dem ganzen Land angezogen. Als sich das Chaos ausbreitet, werden die Detektive Morgan Johnson und Jack Brown von Scotland Yard beauftragt, dieser r\u00e4tselhaften Legende nachzugehen, die alle in ihren Bann gezogen hat.   <\/p>\n<p class=\"whitespace-normal break-words\">Die gespenstischen Ufer von Loch Ness werden durch ihre Ermittlungen erreicht, wo sich Panik unter den Dorfbewohnern ausbreitet. Kaputte Boote treiben ziellos dahin, Rauchs\u00e4ulen steigen vom Wasser auf, und \u00e4ngstliches Fl\u00fcstern hallt durch die Stadt. Die Wahrheit hinter dieser legend\u00e4ren Kreatur muss von Morgan und Jack aufgedeckt werden, w\u00e4hrend Schichten von T\u00e4uschung, Aberglauben und Geheimhaltung durchleuchtet werden. Doch beim Zusammensetzen des Puzzles sto\u00dfen wir auf Geheimnisse, die weitaus unheimlicher sind, als man es sich je h\u00e4tte vorstellen k\u00f6nnen.   <\/p>\n<p>&nbsp;<\/p>\n<p class=\"whitespace-normal break-words\"><strong>Funktionen:<\/strong><\/p>\n<ul class=\"[&amp;:not(:last-child)_ul]:pb-1 [&amp;:not(:last-child)_ol]:pb-1 list-disc space-y-1.5 pl-7\">\n<li class=\"whitespace-normal break-words\"><strong>Fesselndes Mystery-Setting<\/strong> &#8211; Das legend\u00e4re Loch Ness wird erkundet, wo Folklore auf reale Turbulenzen trifft<\/li>\n<li class=\"whitespace-normal break-words\"><strong>Match-3-Puzzle-Gameplay<\/strong> &#8211; Fesselnde R\u00e4tsel werden gel\u00f6st, um wichtige Hinweise freizuschalten und die spannenden Ermittlungen voranzutreiben<\/li>\n<li class=\"whitespace-normal break-words\"><strong>Detektiv-Toolkit-Upgrades<\/strong> &#8211; 20 einzigartige Gegenst\u00e4nde k\u00f6nnen gesammelt werden, darunter legend\u00e4re Relikte und m\u00e4chtige Ermittlungshilfen<\/li>\n<li class=\"whitespace-normal break-words\"><strong>Interaktionen mit den Charakteren<\/strong> &#8211; Exzentrische Dorfbewohner werden angetroffen und verborgene Motive in einer Welt voller T\u00e4uschung und Spannung aufgedeckt.<\/li>\n<li class=\"whitespace-normal break-words\"><strong>Atemberaubende Landschaften<\/strong> &#8211; Die atemberaubende Landschaft von Loch Ness wird erkundet, w\u00e4hrend die Wahrheit hinter der ber\u00fchmtesten Legende enth\u00fcllt wird<\/li>\n<\/ul>\n<p>&nbsp;<\/p>\n<p class=\"whitespace-normal break-words\">Perfekt f\u00fcr Mystery-Liebhaber, die ein fesselndes Detektivabenteuer suchen, in dem uralte Legenden untersucht und dunkle Geheimnisse enth\u00fcllt werden.<\/p>\n","protected":false},"excerpt":{"rendered":"<p>L\u00f6se das R\u00e4tsel von Loch Ness in diesem spannenden Detektivspiel voller herausfordernder R\u00e4tsel und Intrigen.<\/p>\n","protected":false},"author":42,"featured_media":137186,"comment_status":"open","ping_status":"closed","template":"","meta":{"_acf_changed":false,"inline_featured_image":false},"product_brand":[],"product_cat":[176],"product_tag":[289],"class_list":{"0":"post-137247","1":"product","2":"type-product","3":"status-publish","4":"has-post-thumbnail","6":"product_cat-match-3-de","7":"product_tag-play-on-pc-de","9":"first","10":"instock","11":"shipping-taxable","12":"purchasable","13":"product-type-simple"},"acf":[],"yoast_head":"<!-- This site is optimized with the Yoast SEO Premium plugin v25.2 (Yoast SEO v25.2) - https:\/\/yoast.com\/wordpress\/plugins\/seo\/ -->\n<title>Gaslamp Cases 10: Das Loch Ness R\u00e4tsel - Detektivabenteuer mit R\u00e4tseln<\/title>\n<meta name=\"description\" content=\"L\u00f6se das R\u00e4tsel von Loch Ness in diesem spannenden Detektivspiel voller herausfordernder R\u00e4tsel und Intrigen.\" \/>\n<meta name=\"robots\" content=\"index, follow, max-snippet:-1, max-image-preview:large, max-video-preview:-1\" \/>\n<link rel=\"canonical\" href=\"https:\/\/www.iplay.com\/de\/games\/gaslamp-cases-10-the-loch-ness-enigma\/\" \/>\n<meta property=\"og:locale\" content=\"de_DE\" \/>\n<meta property=\"og:type\" content=\"article\" \/>\n<meta property=\"og:title\" content=\"Gaslamp Cases 10: The Loch Ness Enigma\" \/>\n<meta property=\"og:description\" content=\"L\u00f6se das R\u00e4tsel von Loch Ness in diesem spannenden Detektivspiel voller herausfordernder R\u00e4tsel und Intrigen.\" \/>\n<meta property=\"og:url\" content=\"https:\/\/www.iplay.com\/de\/games\/gaslamp-cases-10-the-loch-ness-enigma\/\" \/>\n<meta property=\"og:site_name\" content=\"IPlay\" \/>\n<meta property=\"article:modified_time\" content=\"2025-05-23T16:18:58+00:00\" \/>\n<meta property=\"og:image\" content=\"https:\/\/www.iplay.com\/wp-content\/uploads\/2025\/05\/gaslamp_cases_10_the_loch_ness_enigma_large_square_tile_image.webp\" \/>\n\t<meta property=\"og:image:width\" content=\"310\" \/>\n\t<meta property=\"og:image:height\" content=\"310\" \/>\n\t<meta property=\"og:image:type\" content=\"image\/webp\" \/>\n<meta name=\"twitter:card\" content=\"summary_large_image\" \/>\n<meta name=\"twitter:label1\" content=\"Gesch\u00e4tzte Lesezeit\" \/>\n\t<meta name=\"twitter:data1\" content=\"1 Minute\" \/>\n<script type=\"application\/ld+json\" class=\"yoast-schema-graph\">{\"@context\":\"https:\/\/schema.org\",\"@graph\":[{\"@type\":\"WebPage\",\"@id\":\"https:\/\/www.iplay.com\/de\/games\/gaslamp-cases-10-the-loch-ness-enigma\/\",\"url\":\"https:\/\/www.iplay.com\/de\/games\/gaslamp-cases-10-the-loch-ness-enigma\/\",\"name\":\"Gaslamp Cases 10: Das Loch Ness R\u00e4tsel - Detektivabenteuer mit R\u00e4tseln\",\"isPartOf\":{\"@id\":\"https:\/\/www.iplay.com\/en\/#website\"},\"primaryImageOfPage\":{\"@id\":\"https:\/\/www.iplay.com\/de\/games\/gaslamp-cases-10-the-loch-ness-enigma\/#primaryimage\"},\"image\":{\"@id\":\"https:\/\/www.iplay.com\/de\/games\/gaslamp-cases-10-the-loch-ness-enigma\/#primaryimage\"},\"thumbnailUrl\":\"https:\/\/www.iplay.com\/wp-content\/uploads\/2025\/05\/gaslamp_cases_10_the_loch_ness_enigma_large_square_tile_image.webp\",\"datePublished\":\"2025-05-23T08:30:01+00:00\",\"dateModified\":\"2025-05-23T16:18:58+00:00\",\"description\":\"L\u00f6se das R\u00e4tsel von Loch Ness in diesem spannenden Detektivspiel voller herausfordernder R\u00e4tsel und Intrigen.\",\"breadcrumb\":{\"@id\":\"https:\/\/www.iplay.com\/de\/games\/gaslamp-cases-10-the-loch-ness-enigma\/#breadcrumb\"},\"inLanguage\":\"de-DE\",\"potentialAction\":[{\"@type\":\"ReadAction\",\"target\":[\"https:\/\/www.iplay.com\/de\/games\/gaslamp-cases-10-the-loch-ness-enigma\/\"]}]},{\"@type\":\"ImageObject\",\"inLanguage\":\"de-DE\",\"@id\":\"https:\/\/www.iplay.com\/de\/games\/gaslamp-cases-10-the-loch-ness-enigma\/#primaryimage\",\"url\":\"https:\/\/www.iplay.com\/wp-content\/uploads\/2025\/05\/gaslamp_cases_10_the_loch_ness_enigma_large_square_tile_image.webp\",\"contentUrl\":\"https:\/\/www.iplay.com\/wp-content\/uploads\/2025\/05\/gaslamp_cases_10_the_loch_ness_enigma_large_square_tile_image.webp\",\"width\":310,\"height\":310},{\"@type\":\"BreadcrumbList\",\"@id\":\"https:\/\/www.iplay.com\/de\/games\/gaslamp-cases-10-the-loch-ness-enigma\/#breadcrumb\",\"itemListElement\":[{\"@type\":\"ListItem\",\"position\":1,\"name\":\"Home\",\"item\":\"https:\/\/www.iplay.com\/de\/home-page-2\/\"},{\"@type\":\"ListItem\",\"position\":2,\"name\":\"Shop\",\"item\":\"https:\/\/www.iplay.com\/en\/shop\/\"},{\"@type\":\"ListItem\",\"position\":3,\"name\":\"Gaslamp Cases 10: The Loch Ness Enigma\"}]},{\"@type\":\"WebSite\",\"@id\":\"https:\/\/www.iplay.com\/en\/#website\",\"url\":\"https:\/\/www.iplay.com\/en\/\",\"name\":\"IPlay\",\"description\":\"The Best Casual Games!\",\"publisher\":{\"@id\":\"https:\/\/www.iplay.com\/en\/#organization\"},\"potentialAction\":[{\"@type\":\"SearchAction\",\"target\":{\"@type\":\"EntryPoint\",\"urlTemplate\":\"https:\/\/www.iplay.com\/en\/?s={search_term_string}\"},\"query-input\":{\"@type\":\"PropertyValueSpecification\",\"valueRequired\":true,\"valueName\":\"search_term_string\"}}],\"inLanguage\":\"de-DE\"},{\"@type\":\"Organization\",\"@id\":\"https:\/\/www.iplay.com\/en\/#organization\",\"name\":\"IPlay\",\"url\":\"https:\/\/www.iplay.com\/en\/\",\"logo\":{\"@type\":\"ImageObject\",\"inLanguage\":\"de-DE\",\"@id\":\"https:\/\/www.iplay.com\/en\/#\/schema\/logo\/image\/\",\"url\":\"https:\/\/www.iplay.com\/wp-content\/uploads\/2023\/11\/Group-6100.svg\",\"contentUrl\":\"https:\/\/www.iplay.com\/wp-content\/uploads\/2023\/11\/Group-6100.svg\",\"width\":98,\"height\":25,\"caption\":\"IPlay\"},\"image\":{\"@id\":\"https:\/\/www.iplay.com\/en\/#\/schema\/logo\/image\/\"}}]}<\/script>\n<!-- \/ Yoast SEO Premium plugin. -->","yoast_head_json":{"title":"Gaslamp Cases 10: Das Loch Ness R\u00e4tsel - Detektivabenteuer mit R\u00e4tseln","description":"L\u00f6se das R\u00e4tsel von Loch Ness in diesem spannenden Detektivspiel voller herausfordernder R\u00e4tsel und Intrigen.","robots":{"index":"index","follow":"follow","max-snippet":"max-snippet:-1","max-image-preview":"max-image-preview:large","max-video-preview":"max-video-preview:-1"},"canonical":"https:\/\/www.iplay.com\/de\/games\/gaslamp-cases-10-the-loch-ness-enigma\/","og_locale":"de_DE","og_type":"article","og_title":"Gaslamp Cases 10: The Loch Ness Enigma","og_description":"L\u00f6se das R\u00e4tsel von Loch Ness in diesem spannenden Detektivspiel voller herausfordernder R\u00e4tsel und Intrigen.","og_url":"https:\/\/www.iplay.com\/de\/games\/gaslamp-cases-10-the-loch-ness-enigma\/","og_site_name":"IPlay","article_modified_time":"2025-05-23T16:18:58+00:00","og_image":[{"width":310,"height":310,"url":"https:\/\/www.iplay.com\/wp-content\/uploads\/2025\/05\/gaslamp_cases_10_the_loch_ness_enigma_large_square_tile_image.webp","type":"image\/webp"}],"twitter_card":"summary_large_image","twitter_misc":{"Gesch\u00e4tzte Lesezeit":"1 Minute"},"schema":{"@context":"https:\/\/schema.org","@graph":[{"@type":"WebPage","@id":"https:\/\/www.iplay.com\/de\/games\/gaslamp-cases-10-the-loch-ness-enigma\/","url":"https:\/\/www.iplay.com\/de\/games\/gaslamp-cases-10-the-loch-ness-enigma\/","name":"Gaslamp Cases 10: Das Loch Ness R\u00e4tsel - Detektivabenteuer mit R\u00e4tseln","isPartOf":{"@id":"https:\/\/www.iplay.com\/en\/#website"},"primaryImageOfPage":{"@id":"https:\/\/www.iplay.com\/de\/games\/gaslamp-cases-10-the-loch-ness-enigma\/#primaryimage"},"image":{"@id":"https:\/\/www.iplay.com\/de\/games\/gaslamp-cases-10-the-loch-ness-enigma\/#primaryimage"},"thumbnailUrl":"https:\/\/www.iplay.com\/wp-content\/uploads\/2025\/05\/gaslamp_cases_10_the_loch_ness_enigma_large_square_tile_image.webp","datePublished":"2025-05-23T08:30:01+00:00","dateModified":"2025-05-23T16:18:58+00:00","description":"L\u00f6se das R\u00e4tsel von Loch Ness in diesem spannenden Detektivspiel voller herausfordernder R\u00e4tsel und Intrigen.","breadcrumb":{"@id":"https:\/\/www.iplay.com\/de\/games\/gaslamp-cases-10-the-loch-ness-enigma\/#breadcrumb"},"inLanguage":"de-DE","potentialAction":[{"@type":"ReadAction","target":["https:\/\/www.iplay.com\/de\/games\/gaslamp-cases-10-the-loch-ness-enigma\/"]}]},{"@type":"ImageObject","inLanguage":"de-DE","@id":"https:\/\/www.iplay.com\/de\/games\/gaslamp-cases-10-the-loch-ness-enigma\/#primaryimage","url":"https:\/\/www.iplay.com\/wp-content\/uploads\/2025\/05\/gaslamp_cases_10_the_loch_ness_enigma_large_square_tile_image.webp","contentUrl":"https:\/\/www.iplay.com\/wp-content\/uploads\/2025\/05\/gaslamp_cases_10_the_loch_ness_enigma_large_square_tile_image.webp","width":310,"height":310},{"@type":"BreadcrumbList","@id":"https:\/\/www.iplay.com\/de\/games\/gaslamp-cases-10-the-loch-ness-enigma\/#breadcrumb","itemListElement":[{"@type":"ListItem","position":1,"name":"Home","item":"https:\/\/www.iplay.com\/de\/home-page-2\/"},{"@type":"ListItem","position":2,"name":"Shop","item":"https:\/\/www.iplay.com\/en\/shop\/"},{"@type":"ListItem","position":3,"name":"Gaslamp Cases 10: The Loch Ness Enigma"}]},{"@type":"WebSite","@id":"https:\/\/www.iplay.com\/en\/#website","url":"https:\/\/www.iplay.com\/en\/","name":"IPlay","description":"The Best Casual Games!","publisher":{"@id":"https:\/\/www.iplay.com\/en\/#organization"},"potentialAction":[{"@type":"SearchAction","target":{"@type":"EntryPoint","urlTemplate":"https:\/\/www.iplay.com\/en\/?s={search_term_string}"},"query-input":{"@type":"PropertyValueSpecification","valueRequired":true,"valueName":"search_term_string"}}],"inLanguage":"de-DE"},{"@type":"Organization","@id":"https:\/\/www.iplay.com\/en\/#organization","name":"IPlay","url":"https:\/\/www.iplay.com\/en\/","logo":{"@type":"ImageObject","inLanguage":"de-DE","@id":"https:\/\/www.iplay.com\/en\/#\/schema\/logo\/image\/","url":"https:\/\/www.iplay.com\/wp-content\/uploads\/2023\/11\/Group-6100.svg","contentUrl":"https:\/\/www.iplay.com\/wp-content\/uploads\/2023\/11\/Group-6100.svg","width":98,"height":25,"caption":"IPlay"},"image":{"@id":"https:\/\/www.iplay.com\/en\/#\/schema\/logo\/image\/"}}]}},"_links":{"self":[{"href":"https:\/\/www.iplay.com\/de\/wp-json\/wp\/v2\/product\/137247","targetHints":{"allow":["GET"]}}],"collection":[{"href":"https:\/\/www.iplay.com\/de\/wp-json\/wp\/v2\/product"}],"about":[{"href":"https:\/\/www.iplay.com\/de\/wp-json\/wp\/v2\/types\/product"}],"author":[{"embeddable":true,"href":"https:\/\/www.iplay.com\/de\/wp-json\/wp\/v2\/users\/42"}],"replies":[{"embeddable":true,"href":"https:\/\/www.iplay.com\/de\/wp-json\/wp\/v2\/comments?post=137247"}],"wp:featuredmedia":[{"embeddable":true,"href":"https:\/\/www.iplay.com\/de\/wp-json\/wp\/v2\/media\/137186"}],"wp:attachment":[{"href":"https:\/\/www.iplay.com\/de\/wp-json\/wp\/v2\/media?parent=137247"}],"wp:term":[{"taxonomy":"product_brand","embeddable":true,"href":"https:\/\/www.iplay.com\/de\/wp-json\/wp\/v2\/product_brand?post=137247"},{"taxonomy":"product_cat","embeddable":true,"href":"https:\/\/www.iplay.com\/de\/wp-json\/wp\/v2\/product_cat?post=137247"},{"taxonomy":"product_tag","embeddable":true,"href":"https:\/\/www.iplay.com\/de\/wp-json\/wp\/v2\/product_tag?post=137247"}],"curies":[{"name":"wp","href":"https:\/\/api.w.org\/{rel}","templated":true}]}}