{"id":136998,"date":"2021-07-20T00:00:00","date_gmt":"2021-07-20T00:00:00","guid":{"rendered":"https:\/\/www.iplay.com\/games\/the-mysterious-cities-of-gold-secret-paths\/"},"modified":"2021-07-20T00:00:00","modified_gmt":"2021-07-20T00:00:00","slug":"the-mysterious-cities-of-gold-secret-paths","status":"publish","type":"product","link":"https:\/\/www.iplay.com\/de\/games\/the-mysterious-cities-of-gold-secret-paths\/","title":{"rendered":"The Mysterious Cities of Gold: Secret Paths"},"content":{"rendered":"<p>Navigiere durch eine Vielzahl von Levels mit herausfordernden R\u00e4tseln und gerissenen Fallen f\u00fcr Esteban, Zia und Tao in einer Vielzahl atemberaubender und abwechslungsreicher Umgebungen. Auf der Suche nach der verlorenen Stadt des Goldes erkundest du jeden Winkel Chinas und entkommst den feindlichen Truppen von Zar. Secret Paths bleibt der Handlung und der visuellen \u00c4sthetik des ber\u00fchmten Animes Mysterious Cities of Gold treu und erm\u00f6glicht es dir, tief in diese erstaunliche Multimedia-Welt einzutauchen. Jeder der Hauptcharaktere steht dir zum Spielen zur Verf\u00fcgung, und jeder Held verf\u00fcgt \u00fcber einzigartige F\u00e4higkeiten, die du zu deinem Vorteil einsetzen musst, wenn du die verschiedenen Aufgaben \u00fcbernimmst. Sie m\u00fcssen jedoch sorgf\u00e4ltig ausw\u00e4hlen, ob ihre Pers\u00f6nlichkeit z\u00e4hlt!    <\/p>\n<p>&nbsp;<\/p>\n<p>&nbsp;<\/p>\n<p><strong>Funktionen:<\/strong><\/p>\n<p>&nbsp;<\/p>\n<p>&#8211; Exquisite Grafiken, die dem originalen, gesch\u00e4tzten Kunststil<br \/>\n von Mysterious Cities of Gold treu bleiben- Entdecke eine Vielzahl von Umgebungen, von den dichten asiatischen W\u00e4ldern \u00fcber das Zentrum der Verbotenen Stadt bis hin zur legend\u00e4ren chinesischen Stadt des Goldes<br \/>\n&#8211; Schalte exzellente filmische Zwischensequenzen frei, die direkt aus dem Cartoon &#8220;Mysterious Cities of Gold&#8221; stammen, zusammen mit einzigartigen Kunstwerken und virtuellen G\u00fctern.<br \/>\n&#8211; Nutze die einzigartigen F\u00e4higkeiten und Eigenschaften der drei Freunde zu deinem Vorteil, wenn du die zahlreichen Fallen, R\u00e4tsel und Hindernisse \u00fcberwindest, die sich dir in den Weg stellen.<\/p>\n","protected":false},"excerpt":{"rendered":"<p>Hilf Tao, Zia und Esteban bei der Flucht vor Zar und seinen Schl\u00e4gern!<\/p>\n","protected":false},"author":122,"featured_media":79513,"comment_status":"open","ping_status":"closed","template":"","meta":{"_acf_changed":false,"inline_featured_image":false},"product_brand":[],"product_cat":[149],"product_tag":[289],"class_list":{"0":"post-136998","1":"product","2":"type-product","3":"status-publish","4":"has-post-thumbnail","6":"product_cat-adventure-de","7":"product_tag-play-on-pc-de","9":"first","10":"instock","11":"shipping-taxable","12":"purchasable","13":"product-type-simple"},"acf":[],"yoast_head":"<!-- This site is optimized with the Yoast SEO Premium plugin v25.2 (Yoast SEO v25.2) - https:\/\/yoast.com\/wordpress\/plugins\/seo\/ -->\n<title>Hilf Esteban, Zia und Tao bei der Flucht vor Zar\u00e8s und seinen Schergen<\/title>\n<meta name=\"description\" content=\"Hilf Tao, Zia und Esteban bei der Flucht vor Zar und seinen Schl\u00e4gern!\" \/>\n<meta name=\"robots\" content=\"index, follow, max-snippet:-1, max-image-preview:large, max-video-preview:-1\" \/>\n<link rel=\"canonical\" href=\"https:\/\/www.iplay.com\/de\/games\/the-mysterious-cities-of-gold-secret-paths\/\" \/>\n<meta property=\"og:locale\" content=\"de_DE\" \/>\n<meta property=\"og:type\" content=\"article\" \/>\n<meta property=\"og:title\" content=\"The Mysterious Cities of Gold: Secret Paths\" \/>\n<meta property=\"og:description\" content=\"Hilf Tao, Zia und Esteban bei der Flucht vor Zar und seinen Schl\u00e4gern!\" \/>\n<meta property=\"og:url\" content=\"https:\/\/www.iplay.com\/de\/games\/the-mysterious-cities-of-gold-secret-paths\/\" \/>\n<meta property=\"og:site_name\" content=\"IPlay\" \/>\n<meta property=\"og:image\" content=\"https:\/\/www.iplay.com\/wp-content\/uploads\/2023\/12\/large_square_tile_image-2471.jpg\" \/>\n\t<meta property=\"og:image:width\" content=\"310\" \/>\n\t<meta property=\"og:image:height\" content=\"310\" \/>\n\t<meta property=\"og:image:type\" content=\"image\/jpeg\" \/>\n<meta name=\"twitter:card\" content=\"summary_large_image\" \/>\n<meta name=\"twitter:label1\" content=\"Gesch\u00e4tzte Lesezeit\" \/>\n\t<meta name=\"twitter:data1\" content=\"1 Minute\" \/>\n<script type=\"application\/ld+json\" class=\"yoast-schema-graph\">{\"@context\":\"https:\/\/schema.org\",\"@graph\":[{\"@type\":\"WebPage\",\"@id\":\"https:\/\/www.iplay.com\/de\/games\/the-mysterious-cities-of-gold-secret-paths\/\",\"url\":\"https:\/\/www.iplay.com\/de\/games\/the-mysterious-cities-of-gold-secret-paths\/\",\"name\":\"Hilf Esteban, Zia und Tao bei der Flucht vor Zar\u00e8s und seinen Schergen\",\"isPartOf\":{\"@id\":\"https:\/\/www.iplay.com\/en\/#website\"},\"primaryImageOfPage\":{\"@id\":\"https:\/\/www.iplay.com\/de\/games\/the-mysterious-cities-of-gold-secret-paths\/#primaryimage\"},\"image\":{\"@id\":\"https:\/\/www.iplay.com\/de\/games\/the-mysterious-cities-of-gold-secret-paths\/#primaryimage\"},\"thumbnailUrl\":\"https:\/\/www.iplay.com\/wp-content\/uploads\/2023\/12\/large_square_tile_image-2471.jpg\",\"datePublished\":\"2021-07-20T00:00:00+00:00\",\"description\":\"Hilf Tao, Zia und Esteban bei der Flucht vor Zar und seinen Schl\u00e4gern!\",\"breadcrumb\":{\"@id\":\"https:\/\/www.iplay.com\/de\/games\/the-mysterious-cities-of-gold-secret-paths\/#breadcrumb\"},\"inLanguage\":\"de-DE\",\"potentialAction\":[{\"@type\":\"ReadAction\",\"target\":[\"https:\/\/www.iplay.com\/de\/games\/the-mysterious-cities-of-gold-secret-paths\/\"]}]},{\"@type\":\"ImageObject\",\"inLanguage\":\"de-DE\",\"@id\":\"https:\/\/www.iplay.com\/de\/games\/the-mysterious-cities-of-gold-secret-paths\/#primaryimage\",\"url\":\"https:\/\/www.iplay.com\/wp-content\/uploads\/2023\/12\/large_square_tile_image-2471.jpg\",\"contentUrl\":\"https:\/\/www.iplay.com\/wp-content\/uploads\/2023\/12\/large_square_tile_image-2471.jpg\",\"width\":310,\"height\":310},{\"@type\":\"BreadcrumbList\",\"@id\":\"https:\/\/www.iplay.com\/de\/games\/the-mysterious-cities-of-gold-secret-paths\/#breadcrumb\",\"itemListElement\":[{\"@type\":\"ListItem\",\"position\":1,\"name\":\"Home\",\"item\":\"https:\/\/www.iplay.com\/de\/home-page-2\/\"},{\"@type\":\"ListItem\",\"position\":2,\"name\":\"Shop\",\"item\":\"https:\/\/www.iplay.com\/en\/shop\/\"},{\"@type\":\"ListItem\",\"position\":3,\"name\":\"The Mysterious Cities of Gold: Secret Paths\"}]},{\"@type\":\"WebSite\",\"@id\":\"https:\/\/www.iplay.com\/en\/#website\",\"url\":\"https:\/\/www.iplay.com\/en\/\",\"name\":\"IPlay\",\"description\":\"The Best Casual Games!\",\"publisher\":{\"@id\":\"https:\/\/www.iplay.com\/en\/#organization\"},\"potentialAction\":[{\"@type\":\"SearchAction\",\"target\":{\"@type\":\"EntryPoint\",\"urlTemplate\":\"https:\/\/www.iplay.com\/en\/?s={search_term_string}\"},\"query-input\":{\"@type\":\"PropertyValueSpecification\",\"valueRequired\":true,\"valueName\":\"search_term_string\"}}],\"inLanguage\":\"de-DE\"},{\"@type\":\"Organization\",\"@id\":\"https:\/\/www.iplay.com\/en\/#organization\",\"name\":\"IPlay\",\"url\":\"https:\/\/www.iplay.com\/en\/\",\"logo\":{\"@type\":\"ImageObject\",\"inLanguage\":\"de-DE\",\"@id\":\"https:\/\/www.iplay.com\/en\/#\/schema\/logo\/image\/\",\"url\":\"https:\/\/www.iplay.com\/wp-content\/uploads\/2023\/11\/Group-6100.svg\",\"contentUrl\":\"https:\/\/www.iplay.com\/wp-content\/uploads\/2023\/11\/Group-6100.svg\",\"width\":98,\"height\":25,\"caption\":\"IPlay\"},\"image\":{\"@id\":\"https:\/\/www.iplay.com\/en\/#\/schema\/logo\/image\/\"}}]}<\/script>\n<!-- \/ Yoast SEO Premium plugin. -->","yoast_head_json":{"title":"Hilf Esteban, Zia und Tao bei der Flucht vor Zar\u00e8s und seinen Schergen","description":"Hilf Tao, Zia und Esteban bei der Flucht vor Zar und seinen Schl\u00e4gern!","robots":{"index":"index","follow":"follow","max-snippet":"max-snippet:-1","max-image-preview":"max-image-preview:large","max-video-preview":"max-video-preview:-1"},"canonical":"https:\/\/www.iplay.com\/de\/games\/the-mysterious-cities-of-gold-secret-paths\/","og_locale":"de_DE","og_type":"article","og_title":"The Mysterious Cities of Gold: Secret Paths","og_description":"Hilf Tao, Zia und Esteban bei der Flucht vor Zar und seinen Schl\u00e4gern!","og_url":"https:\/\/www.iplay.com\/de\/games\/the-mysterious-cities-of-gold-secret-paths\/","og_site_name":"IPlay","og_image":[{"width":310,"height":310,"url":"https:\/\/www.iplay.com\/wp-content\/uploads\/2023\/12\/large_square_tile_image-2471.jpg","type":"image\/jpeg"}],"twitter_card":"summary_large_image","twitter_misc":{"Gesch\u00e4tzte Lesezeit":"1 Minute"},"schema":{"@context":"https:\/\/schema.org","@graph":[{"@type":"WebPage","@id":"https:\/\/www.iplay.com\/de\/games\/the-mysterious-cities-of-gold-secret-paths\/","url":"https:\/\/www.iplay.com\/de\/games\/the-mysterious-cities-of-gold-secret-paths\/","name":"Hilf Esteban, Zia und Tao bei der Flucht vor Zar\u00e8s und seinen Schergen","isPartOf":{"@id":"https:\/\/www.iplay.com\/en\/#website"},"primaryImageOfPage":{"@id":"https:\/\/www.iplay.com\/de\/games\/the-mysterious-cities-of-gold-secret-paths\/#primaryimage"},"image":{"@id":"https:\/\/www.iplay.com\/de\/games\/the-mysterious-cities-of-gold-secret-paths\/#primaryimage"},"thumbnailUrl":"https:\/\/www.iplay.com\/wp-content\/uploads\/2023\/12\/large_square_tile_image-2471.jpg","datePublished":"2021-07-20T00:00:00+00:00","description":"Hilf Tao, Zia und Esteban bei der Flucht vor Zar und seinen Schl\u00e4gern!","breadcrumb":{"@id":"https:\/\/www.iplay.com\/de\/games\/the-mysterious-cities-of-gold-secret-paths\/#breadcrumb"},"inLanguage":"de-DE","potentialAction":[{"@type":"ReadAction","target":["https:\/\/www.iplay.com\/de\/games\/the-mysterious-cities-of-gold-secret-paths\/"]}]},{"@type":"ImageObject","inLanguage":"de-DE","@id":"https:\/\/www.iplay.com\/de\/games\/the-mysterious-cities-of-gold-secret-paths\/#primaryimage","url":"https:\/\/www.iplay.com\/wp-content\/uploads\/2023\/12\/large_square_tile_image-2471.jpg","contentUrl":"https:\/\/www.iplay.com\/wp-content\/uploads\/2023\/12\/large_square_tile_image-2471.jpg","width":310,"height":310},{"@type":"BreadcrumbList","@id":"https:\/\/www.iplay.com\/de\/games\/the-mysterious-cities-of-gold-secret-paths\/#breadcrumb","itemListElement":[{"@type":"ListItem","position":1,"name":"Home","item":"https:\/\/www.iplay.com\/de\/home-page-2\/"},{"@type":"ListItem","position":2,"name":"Shop","item":"https:\/\/www.iplay.com\/en\/shop\/"},{"@type":"ListItem","position":3,"name":"The Mysterious Cities of Gold: Secret Paths"}]},{"@type":"WebSite","@id":"https:\/\/www.iplay.com\/en\/#website","url":"https:\/\/www.iplay.com\/en\/","name":"IPlay","description":"The Best Casual Games!","publisher":{"@id":"https:\/\/www.iplay.com\/en\/#organization"},"potentialAction":[{"@type":"SearchAction","target":{"@type":"EntryPoint","urlTemplate":"https:\/\/www.iplay.com\/en\/?s={search_term_string}"},"query-input":{"@type":"PropertyValueSpecification","valueRequired":true,"valueName":"search_term_string"}}],"inLanguage":"de-DE"},{"@type":"Organization","@id":"https:\/\/www.iplay.com\/en\/#organization","name":"IPlay","url":"https:\/\/www.iplay.com\/en\/","logo":{"@type":"ImageObject","inLanguage":"de-DE","@id":"https:\/\/www.iplay.com\/en\/#\/schema\/logo\/image\/","url":"https:\/\/www.iplay.com\/wp-content\/uploads\/2023\/11\/Group-6100.svg","contentUrl":"https:\/\/www.iplay.com\/wp-content\/uploads\/2023\/11\/Group-6100.svg","width":98,"height":25,"caption":"IPlay"},"image":{"@id":"https:\/\/www.iplay.com\/en\/#\/schema\/logo\/image\/"}}]}},"_links":{"self":[{"href":"https:\/\/www.iplay.com\/de\/wp-json\/wp\/v2\/product\/136998","targetHints":{"allow":["GET"]}}],"collection":[{"href":"https:\/\/www.iplay.com\/de\/wp-json\/wp\/v2\/product"}],"about":[{"href":"https:\/\/www.iplay.com\/de\/wp-json\/wp\/v2\/types\/product"}],"author":[{"embeddable":true,"href":"https:\/\/www.iplay.com\/de\/wp-json\/wp\/v2\/users\/122"}],"replies":[{"embeddable":true,"href":"https:\/\/www.iplay.com\/de\/wp-json\/wp\/v2\/comments?post=136998"}],"wp:featuredmedia":[{"embeddable":true,"href":"https:\/\/www.iplay.com\/de\/wp-json\/wp\/v2\/media\/79513"}],"wp:attachment":[{"href":"https:\/\/www.iplay.com\/de\/wp-json\/wp\/v2\/media?parent=136998"}],"wp:term":[{"taxonomy":"product_brand","embeddable":true,"href":"https:\/\/www.iplay.com\/de\/wp-json\/wp\/v2\/product_brand?post=136998"},{"taxonomy":"product_cat","embeddable":true,"href":"https:\/\/www.iplay.com\/de\/wp-json\/wp\/v2\/product_cat?post=136998"},{"taxonomy":"product_tag","embeddable":true,"href":"https:\/\/www.iplay.com\/de\/wp-json\/wp\/v2\/product_tag?post=136998"}],"curies":[{"name":"wp","href":"https:\/\/api.w.org\/{rel}","templated":true}]}}