{"id":136991,"date":"2021-07-23T00:00:00","date_gmt":"2021-07-23T00:00:00","guid":{"rendered":"https:\/\/www.iplay.com\/games\/suddenly-meow\/"},"modified":"2021-07-23T00:00:00","modified_gmt":"2021-07-23T00:00:00","slug":"suddenly-meow","status":"publish","type":"product","link":"https:\/\/www.iplay.com\/de\/games\/suddenly-meow\/","title":{"rendered":"Suddenly Meow"},"content":{"rendered":"<p>Tim ist ein neugieriger Kater, der es genie\u00dft, neue Orte zu entdecken und immer auf der Suche nach mehr ist. Jetzt ist er in einem dunklen Wald voller Schatten und lauernder Schrecken unter den stillen B\u00e4umen gefangen. Seltsame Tiere wurden durch die Zauber einer b\u00f6sen Hexe im Wald ver\u00e4ndert. Die egozentrische Hexe plant, alle Spezies, einschlie\u00dflich Menschen und Katzen, zu fangen, um Anti-Aging-Tr\u00e4nke und Gl\u00fcckszauber herzustellen. Um den Wald zu erhalten, muss Tim gegen die b\u00f6se Hexe und ihre Diener-Vogelscheuchen k\u00e4mpfen! Er muss eine Vielzahl von R\u00e4tseln l\u00f6sen, Routen bilden, Fische fangen, T\u00fcren \u00f6ffnen, Fr\u00fcchte sammeln, versteckte Kn\u00f6pfe finden und sich einer Vielzahl anderer Probleme stellen. Hilf Tim bei seiner Flucht aus den F\u00e4ngen der Hexe und bei der Wiederherstellung der Ruhe im Wald!      <\/p>\n<p>&nbsp;<\/p>\n<p>&nbsp;<\/p>\n<p><strong>Funktionen:<\/strong><\/p>\n<p>&nbsp;<\/p>\n<p>&#8211; Neunzig Gewinnt-3-Levels. Minispiele mit versteckten Objekten.<br \/>\n&#8211; Gemischte Puzzlebretter.<br \/>\n&#8211; Match-3-Gefechte.<br \/>\n&#8211; Tims Versteck, um die Leistung in Schlachten zu verbessern.<br \/>\n&#8211; Viele weitere Herausforderungen.<\/p>\n","protected":false},"excerpt":{"rendered":"<p>Hilf Tim, der Katze, die Hexe des Waldes zu besiegen! In abruptem Miauen <\/p>\n","protected":false},"author":55,"featured_media":79465,"comment_status":"open","ping_status":"closed","template":"","meta":{"_acf_changed":false,"inline_featured_image":false},"product_brand":[],"product_cat":[194],"product_tag":[],"class_list":{"0":"post-136991","1":"product","2":"type-product","3":"status-publish","4":"has-post-thumbnail","6":"product_cat-puzzle-de","8":"first","9":"instock","10":"shipping-taxable","11":"purchasable","12":"product-type-simple"},"acf":[],"yoast_head":"<!-- This site is optimized with the Yoast SEO Premium plugin v25.2 (Yoast SEO v25.2) - https:\/\/yoast.com\/wordpress\/plugins\/seo\/ -->\n<title>Pl\u00f6tzlich Miau - Hilf Tim der Katze in dem pl\u00f6tzlichen und skurrilen Abenteuer<\/title>\n<meta name=\"description\" content=\"Hilf Tim, der Katze, die Hexe des Waldes zu besiegen! In abruptem Miauen\" \/>\n<meta name=\"robots\" content=\"index, follow, max-snippet:-1, max-image-preview:large, max-video-preview:-1\" \/>\n<link rel=\"canonical\" href=\"https:\/\/www.iplay.com\/de\/games\/suddenly-meow\/\" \/>\n<meta property=\"og:locale\" content=\"de_DE\" \/>\n<meta property=\"og:type\" content=\"article\" \/>\n<meta property=\"og:title\" content=\"Suddenly Meow\" \/>\n<meta property=\"og:description\" content=\"Hilf Tim, der Katze, die Hexe des Waldes zu besiegen! In abruptem Miauen\" \/>\n<meta property=\"og:url\" content=\"https:\/\/www.iplay.com\/de\/games\/suddenly-meow\/\" \/>\n<meta property=\"og:site_name\" content=\"IPlay\" \/>\n<meta property=\"og:image\" content=\"https:\/\/www.iplay.com\/wp-content\/uploads\/2023\/12\/large_square_tile_image-2468.jpg\" \/>\n\t<meta property=\"og:image:width\" content=\"310\" \/>\n\t<meta property=\"og:image:height\" content=\"310\" \/>\n\t<meta property=\"og:image:type\" content=\"image\/jpeg\" \/>\n<meta name=\"twitter:card\" content=\"summary_large_image\" \/>\n<meta name=\"twitter:label1\" content=\"Gesch\u00e4tzte Lesezeit\" \/>\n\t<meta name=\"twitter:data1\" content=\"1 Minute\" \/>\n<script type=\"application\/ld+json\" class=\"yoast-schema-graph\">{\"@context\":\"https:\/\/schema.org\",\"@graph\":[{\"@type\":\"WebPage\",\"@id\":\"https:\/\/www.iplay.com\/de\/games\/suddenly-meow\/\",\"url\":\"https:\/\/www.iplay.com\/de\/games\/suddenly-meow\/\",\"name\":\"Pl\u00f6tzlich Miau - Hilf Tim der Katze in dem pl\u00f6tzlichen und skurrilen Abenteuer\",\"isPartOf\":{\"@id\":\"https:\/\/www.iplay.com\/en\/#website\"},\"primaryImageOfPage\":{\"@id\":\"https:\/\/www.iplay.com\/de\/games\/suddenly-meow\/#primaryimage\"},\"image\":{\"@id\":\"https:\/\/www.iplay.com\/de\/games\/suddenly-meow\/#primaryimage\"},\"thumbnailUrl\":\"https:\/\/www.iplay.com\/wp-content\/uploads\/2023\/12\/large_square_tile_image-2468.jpg\",\"datePublished\":\"2021-07-23T00:00:00+00:00\",\"description\":\"Hilf Tim, der Katze, die Hexe des Waldes zu besiegen! In abruptem Miauen\",\"breadcrumb\":{\"@id\":\"https:\/\/www.iplay.com\/de\/games\/suddenly-meow\/#breadcrumb\"},\"inLanguage\":\"de-DE\",\"potentialAction\":[{\"@type\":\"ReadAction\",\"target\":[\"https:\/\/www.iplay.com\/de\/games\/suddenly-meow\/\"]}]},{\"@type\":\"ImageObject\",\"inLanguage\":\"de-DE\",\"@id\":\"https:\/\/www.iplay.com\/de\/games\/suddenly-meow\/#primaryimage\",\"url\":\"https:\/\/www.iplay.com\/wp-content\/uploads\/2023\/12\/large_square_tile_image-2468.jpg\",\"contentUrl\":\"https:\/\/www.iplay.com\/wp-content\/uploads\/2023\/12\/large_square_tile_image-2468.jpg\",\"width\":310,\"height\":310},{\"@type\":\"BreadcrumbList\",\"@id\":\"https:\/\/www.iplay.com\/de\/games\/suddenly-meow\/#breadcrumb\",\"itemListElement\":[{\"@type\":\"ListItem\",\"position\":1,\"name\":\"Home\",\"item\":\"https:\/\/www.iplay.com\/de\/home-page-2\/\"},{\"@type\":\"ListItem\",\"position\":2,\"name\":\"Shop\",\"item\":\"https:\/\/www.iplay.com\/en\/shop\/\"},{\"@type\":\"ListItem\",\"position\":3,\"name\":\"Suddenly Meow\"}]},{\"@type\":\"WebSite\",\"@id\":\"https:\/\/www.iplay.com\/en\/#website\",\"url\":\"https:\/\/www.iplay.com\/en\/\",\"name\":\"IPlay\",\"description\":\"The Best Casual Games!\",\"publisher\":{\"@id\":\"https:\/\/www.iplay.com\/en\/#organization\"},\"potentialAction\":[{\"@type\":\"SearchAction\",\"target\":{\"@type\":\"EntryPoint\",\"urlTemplate\":\"https:\/\/www.iplay.com\/en\/?s={search_term_string}\"},\"query-input\":{\"@type\":\"PropertyValueSpecification\",\"valueRequired\":true,\"valueName\":\"search_term_string\"}}],\"inLanguage\":\"de-DE\"},{\"@type\":\"Organization\",\"@id\":\"https:\/\/www.iplay.com\/en\/#organization\",\"name\":\"IPlay\",\"url\":\"https:\/\/www.iplay.com\/en\/\",\"logo\":{\"@type\":\"ImageObject\",\"inLanguage\":\"de-DE\",\"@id\":\"https:\/\/www.iplay.com\/en\/#\/schema\/logo\/image\/\",\"url\":\"https:\/\/www.iplay.com\/wp-content\/uploads\/2023\/11\/Group-6100.svg\",\"contentUrl\":\"https:\/\/www.iplay.com\/wp-content\/uploads\/2023\/11\/Group-6100.svg\",\"width\":98,\"height\":25,\"caption\":\"IPlay\"},\"image\":{\"@id\":\"https:\/\/www.iplay.com\/en\/#\/schema\/logo\/image\/\"}}]}<\/script>\n<!-- \/ Yoast SEO Premium plugin. -->","yoast_head_json":{"title":"Pl\u00f6tzlich Miau - Hilf Tim der Katze in dem pl\u00f6tzlichen und skurrilen Abenteuer","description":"Hilf Tim, der Katze, die Hexe des Waldes zu besiegen! In abruptem Miauen","robots":{"index":"index","follow":"follow","max-snippet":"max-snippet:-1","max-image-preview":"max-image-preview:large","max-video-preview":"max-video-preview:-1"},"canonical":"https:\/\/www.iplay.com\/de\/games\/suddenly-meow\/","og_locale":"de_DE","og_type":"article","og_title":"Suddenly Meow","og_description":"Hilf Tim, der Katze, die Hexe des Waldes zu besiegen! In abruptem Miauen","og_url":"https:\/\/www.iplay.com\/de\/games\/suddenly-meow\/","og_site_name":"IPlay","og_image":[{"width":310,"height":310,"url":"https:\/\/www.iplay.com\/wp-content\/uploads\/2023\/12\/large_square_tile_image-2468.jpg","type":"image\/jpeg"}],"twitter_card":"summary_large_image","twitter_misc":{"Gesch\u00e4tzte Lesezeit":"1 Minute"},"schema":{"@context":"https:\/\/schema.org","@graph":[{"@type":"WebPage","@id":"https:\/\/www.iplay.com\/de\/games\/suddenly-meow\/","url":"https:\/\/www.iplay.com\/de\/games\/suddenly-meow\/","name":"Pl\u00f6tzlich Miau - Hilf Tim der Katze in dem pl\u00f6tzlichen und skurrilen Abenteuer","isPartOf":{"@id":"https:\/\/www.iplay.com\/en\/#website"},"primaryImageOfPage":{"@id":"https:\/\/www.iplay.com\/de\/games\/suddenly-meow\/#primaryimage"},"image":{"@id":"https:\/\/www.iplay.com\/de\/games\/suddenly-meow\/#primaryimage"},"thumbnailUrl":"https:\/\/www.iplay.com\/wp-content\/uploads\/2023\/12\/large_square_tile_image-2468.jpg","datePublished":"2021-07-23T00:00:00+00:00","description":"Hilf Tim, der Katze, die Hexe des Waldes zu besiegen! In abruptem Miauen","breadcrumb":{"@id":"https:\/\/www.iplay.com\/de\/games\/suddenly-meow\/#breadcrumb"},"inLanguage":"de-DE","potentialAction":[{"@type":"ReadAction","target":["https:\/\/www.iplay.com\/de\/games\/suddenly-meow\/"]}]},{"@type":"ImageObject","inLanguage":"de-DE","@id":"https:\/\/www.iplay.com\/de\/games\/suddenly-meow\/#primaryimage","url":"https:\/\/www.iplay.com\/wp-content\/uploads\/2023\/12\/large_square_tile_image-2468.jpg","contentUrl":"https:\/\/www.iplay.com\/wp-content\/uploads\/2023\/12\/large_square_tile_image-2468.jpg","width":310,"height":310},{"@type":"BreadcrumbList","@id":"https:\/\/www.iplay.com\/de\/games\/suddenly-meow\/#breadcrumb","itemListElement":[{"@type":"ListItem","position":1,"name":"Home","item":"https:\/\/www.iplay.com\/de\/home-page-2\/"},{"@type":"ListItem","position":2,"name":"Shop","item":"https:\/\/www.iplay.com\/en\/shop\/"},{"@type":"ListItem","position":3,"name":"Suddenly Meow"}]},{"@type":"WebSite","@id":"https:\/\/www.iplay.com\/en\/#website","url":"https:\/\/www.iplay.com\/en\/","name":"IPlay","description":"The Best Casual Games!","publisher":{"@id":"https:\/\/www.iplay.com\/en\/#organization"},"potentialAction":[{"@type":"SearchAction","target":{"@type":"EntryPoint","urlTemplate":"https:\/\/www.iplay.com\/en\/?s={search_term_string}"},"query-input":{"@type":"PropertyValueSpecification","valueRequired":true,"valueName":"search_term_string"}}],"inLanguage":"de-DE"},{"@type":"Organization","@id":"https:\/\/www.iplay.com\/en\/#organization","name":"IPlay","url":"https:\/\/www.iplay.com\/en\/","logo":{"@type":"ImageObject","inLanguage":"de-DE","@id":"https:\/\/www.iplay.com\/en\/#\/schema\/logo\/image\/","url":"https:\/\/www.iplay.com\/wp-content\/uploads\/2023\/11\/Group-6100.svg","contentUrl":"https:\/\/www.iplay.com\/wp-content\/uploads\/2023\/11\/Group-6100.svg","width":98,"height":25,"caption":"IPlay"},"image":{"@id":"https:\/\/www.iplay.com\/en\/#\/schema\/logo\/image\/"}}]}},"_links":{"self":[{"href":"https:\/\/www.iplay.com\/de\/wp-json\/wp\/v2\/product\/136991","targetHints":{"allow":["GET"]}}],"collection":[{"href":"https:\/\/www.iplay.com\/de\/wp-json\/wp\/v2\/product"}],"about":[{"href":"https:\/\/www.iplay.com\/de\/wp-json\/wp\/v2\/types\/product"}],"author":[{"embeddable":true,"href":"https:\/\/www.iplay.com\/de\/wp-json\/wp\/v2\/users\/55"}],"replies":[{"embeddable":true,"href":"https:\/\/www.iplay.com\/de\/wp-json\/wp\/v2\/comments?post=136991"}],"wp:featuredmedia":[{"embeddable":true,"href":"https:\/\/www.iplay.com\/de\/wp-json\/wp\/v2\/media\/79465"}],"wp:attachment":[{"href":"https:\/\/www.iplay.com\/de\/wp-json\/wp\/v2\/media?parent=136991"}],"wp:term":[{"taxonomy":"product_brand","embeddable":true,"href":"https:\/\/www.iplay.com\/de\/wp-json\/wp\/v2\/product_brand?post=136991"},{"taxonomy":"product_cat","embeddable":true,"href":"https:\/\/www.iplay.com\/de\/wp-json\/wp\/v2\/product_cat?post=136991"},{"taxonomy":"product_tag","embeddable":true,"href":"https:\/\/www.iplay.com\/de\/wp-json\/wp\/v2\/product_tag?post=136991"}],"curies":[{"name":"wp","href":"https:\/\/api.w.org\/{rel}","templated":true}]}}