{"id":136921,"date":"2021-10-11T00:00:00","date_gmt":"2021-10-11T00:00:00","guid":{"rendered":"https:\/\/www.iplay.com\/games\/endless-soul-light-solitaire\/"},"modified":"2021-10-11T00:00:00","modified_gmt":"2021-10-11T00:00:00","slug":"endless-soul-light-solitaire","status":"publish","type":"product","link":"https:\/\/www.iplay.com\/de\/games\/endless-soul-light-solitaire\/","title":{"rendered":"Endless Soul Light Solitaire"},"content":{"rendered":"<p>Die Gipfel zweier Fl\u00fcsse treffen aufeinander und umschlingen sich&#8230; Alle Lebewesen in der atemberaubenden Region Liveria, darunter Steine, B\u00e4ume, Fl\u00fcsse, Winde, Tiere, V\u00f6gel und andere Kreaturen, besitzen ein schimmerndes Licht, das als ihre Seele bekannt ist. W\u00e4hrend einige Leute es unter Verschluss halten, halten andere es \u00f6ffentlich bekannt. Jede Seele hat ihre Farbe. Da sie einen Seelenverwandten haben, der ihre Seelenfarbe teilt, ist niemand jemals allein. Diese Geschichte handelt von Phyro, einer kleinen Motte, die in jedem Licht, dem sie begegnet, ihren Seelenpartner sucht, aber nie Erfolg hat. Auf ihrem Weg trifft sie auf eine Vielzahl von seltsamen Tieren, die sie begleiten. Diese Freunde sind dabei, sich gemeinsam auf ein erstaunliches Abenteuer einzulassen. Hilf den Liverianern dabei, ihre vermissten Seelen zu finden, indem du 200 Kartenmuster mit unterschiedlichen Schwierigkeitsgraden l\u00f6st.        <\/p>\n<p>&nbsp;<\/p>\n<p>&nbsp;<\/p>\n<p><strong>Funktionen:<\/strong><\/p>\n<p>&nbsp;<\/p>\n<p>&#8211; Eine Geschichte von entdeckten Seelenverwandten!<\/p>\n<p>&#8211; Verschiedene atmosph\u00e4rische B\u00fchnen mit erstaunlichen Kulissen!<\/p>\n<p>&#8211; Leicht navigierbares und fesselndes Gameplay!<br \/>\n&#8211; Erstellen Sie die gr\u00f6\u00dften Kombinationen, um Boni zu erhalten!<\/p>\n<p>&#8211; 200 erstaunliche Kartenmuster!<\/p>\n<p>&#8211; Tonnenweise Boni und Hilfen im Spiel!<br \/>\n&#8211; Fordern Sie sich selbst heraus, w\u00e4hrend Sie Herausforderungen meistern!<\/p>\n","protected":false},"excerpt":{"rendered":"<p>Hilf deinen Freunden in Endless Soul Light Solit\u00e4r bei der Suche nach ihrem Seelenverwandten.<\/p>\n","protected":false},"author":39,"featured_media":90597,"comment_status":"open","ping_status":"closed","template":"","meta":{"_acf_changed":false,"inline_featured_image":false},"product_brand":[],"product_cat":[157,206],"product_tag":[289],"class_list":{"0":"post-136921","1":"product","2":"type-product","3":"status-publish","4":"has-post-thumbnail","6":"product_cat-card-de-2","7":"product_cat-solitaire-de","8":"product_tag-play-on-pc-de","10":"first","11":"instock","12":"shipping-taxable","13":"purchasable","14":"product-type-simple"},"acf":[],"yoast_head":"<!-- This site is optimized with the Yoast SEO Premium plugin v25.2 (Yoast SEO v25.2) - https:\/\/yoast.com\/wordpress\/plugins\/seo\/ -->\n<title>Endless Soul Light Solit\u00e4r - Schlie\u00dfe dich Freunden an, die in Soul Light Solit\u00e4r nach einem Seelenverwandten suchen<\/title>\n<meta name=\"description\" content=\"Hilf deinen Freunden in Endless Soul Light Solit\u00e4r bei der Suche nach ihrem Seelenverwandten.\" \/>\n<meta name=\"robots\" content=\"index, follow, max-snippet:-1, max-image-preview:large, max-video-preview:-1\" \/>\n<link rel=\"canonical\" href=\"https:\/\/www.iplay.com\/de\/games\/endless-soul-light-solitaire\/\" \/>\n<meta property=\"og:locale\" content=\"de_DE\" \/>\n<meta property=\"og:type\" content=\"article\" \/>\n<meta property=\"og:title\" content=\"Endless Soul Light Solitaire\" \/>\n<meta property=\"og:description\" content=\"Hilf deinen Freunden in Endless Soul Light Solit\u00e4r bei der Suche nach ihrem Seelenverwandten.\" \/>\n<meta property=\"og:url\" content=\"https:\/\/www.iplay.com\/de\/games\/endless-soul-light-solitaire\/\" \/>\n<meta property=\"og:site_name\" content=\"IPlay\" \/>\n<meta property=\"og:image\" content=\"https:\/\/www.iplay.com\/wp-content\/uploads\/2023\/12\/large_square_tile_image-3176.jpg\" \/>\n\t<meta property=\"og:image:width\" content=\"310\" \/>\n\t<meta property=\"og:image:height\" content=\"310\" \/>\n\t<meta property=\"og:image:type\" content=\"image\/jpeg\" \/>\n<meta name=\"twitter:card\" content=\"summary_large_image\" \/>\n<meta name=\"twitter:label1\" content=\"Gesch\u00e4tzte Lesezeit\" \/>\n\t<meta name=\"twitter:data1\" content=\"1 Minute\" \/>\n<script type=\"application\/ld+json\" class=\"yoast-schema-graph\">{\"@context\":\"https:\/\/schema.org\",\"@graph\":[{\"@type\":\"WebPage\",\"@id\":\"https:\/\/www.iplay.com\/de\/games\/endless-soul-light-solitaire\/\",\"url\":\"https:\/\/www.iplay.com\/de\/games\/endless-soul-light-solitaire\/\",\"name\":\"Endless Soul Light Solit\u00e4r - Schlie\u00dfe dich Freunden an, die in Soul Light Solit\u00e4r nach einem Seelenverwandten suchen\",\"isPartOf\":{\"@id\":\"https:\/\/www.iplay.com\/en\/#website\"},\"primaryImageOfPage\":{\"@id\":\"https:\/\/www.iplay.com\/de\/games\/endless-soul-light-solitaire\/#primaryimage\"},\"image\":{\"@id\":\"https:\/\/www.iplay.com\/de\/games\/endless-soul-light-solitaire\/#primaryimage\"},\"thumbnailUrl\":\"https:\/\/www.iplay.com\/wp-content\/uploads\/2023\/12\/large_square_tile_image-3176.jpg\",\"datePublished\":\"2021-10-11T00:00:00+00:00\",\"description\":\"Hilf deinen Freunden in Endless Soul Light Solit\u00e4r bei der Suche nach ihrem Seelenverwandten.\",\"breadcrumb\":{\"@id\":\"https:\/\/www.iplay.com\/de\/games\/endless-soul-light-solitaire\/#breadcrumb\"},\"inLanguage\":\"de-DE\",\"potentialAction\":[{\"@type\":\"ReadAction\",\"target\":[\"https:\/\/www.iplay.com\/de\/games\/endless-soul-light-solitaire\/\"]}]},{\"@type\":\"ImageObject\",\"inLanguage\":\"de-DE\",\"@id\":\"https:\/\/www.iplay.com\/de\/games\/endless-soul-light-solitaire\/#primaryimage\",\"url\":\"https:\/\/www.iplay.com\/wp-content\/uploads\/2023\/12\/large_square_tile_image-3176.jpg\",\"contentUrl\":\"https:\/\/www.iplay.com\/wp-content\/uploads\/2023\/12\/large_square_tile_image-3176.jpg\",\"width\":310,\"height\":310},{\"@type\":\"BreadcrumbList\",\"@id\":\"https:\/\/www.iplay.com\/de\/games\/endless-soul-light-solitaire\/#breadcrumb\",\"itemListElement\":[{\"@type\":\"ListItem\",\"position\":1,\"name\":\"Home\",\"item\":\"https:\/\/www.iplay.com\/de\/home-page-2\/\"},{\"@type\":\"ListItem\",\"position\":2,\"name\":\"Shop\",\"item\":\"https:\/\/www.iplay.com\/en\/shop\/\"},{\"@type\":\"ListItem\",\"position\":3,\"name\":\"Endless Soul Light Solitaire\"}]},{\"@type\":\"WebSite\",\"@id\":\"https:\/\/www.iplay.com\/en\/#website\",\"url\":\"https:\/\/www.iplay.com\/en\/\",\"name\":\"IPlay\",\"description\":\"The Best Casual Games!\",\"publisher\":{\"@id\":\"https:\/\/www.iplay.com\/en\/#organization\"},\"potentialAction\":[{\"@type\":\"SearchAction\",\"target\":{\"@type\":\"EntryPoint\",\"urlTemplate\":\"https:\/\/www.iplay.com\/en\/?s={search_term_string}\"},\"query-input\":{\"@type\":\"PropertyValueSpecification\",\"valueRequired\":true,\"valueName\":\"search_term_string\"}}],\"inLanguage\":\"de-DE\"},{\"@type\":\"Organization\",\"@id\":\"https:\/\/www.iplay.com\/en\/#organization\",\"name\":\"IPlay\",\"url\":\"https:\/\/www.iplay.com\/en\/\",\"logo\":{\"@type\":\"ImageObject\",\"inLanguage\":\"de-DE\",\"@id\":\"https:\/\/www.iplay.com\/en\/#\/schema\/logo\/image\/\",\"url\":\"https:\/\/www.iplay.com\/wp-content\/uploads\/2023\/11\/Group-6100.svg\",\"contentUrl\":\"https:\/\/www.iplay.com\/wp-content\/uploads\/2023\/11\/Group-6100.svg\",\"width\":98,\"height\":25,\"caption\":\"IPlay\"},\"image\":{\"@id\":\"https:\/\/www.iplay.com\/en\/#\/schema\/logo\/image\/\"}}]}<\/script>\n<!-- \/ Yoast SEO Premium plugin. -->","yoast_head_json":{"title":"Endless Soul Light Solit\u00e4r - Schlie\u00dfe dich Freunden an, die in Soul Light Solit\u00e4r nach einem Seelenverwandten suchen","description":"Hilf deinen Freunden in Endless Soul Light Solit\u00e4r bei der Suche nach ihrem Seelenverwandten.","robots":{"index":"index","follow":"follow","max-snippet":"max-snippet:-1","max-image-preview":"max-image-preview:large","max-video-preview":"max-video-preview:-1"},"canonical":"https:\/\/www.iplay.com\/de\/games\/endless-soul-light-solitaire\/","og_locale":"de_DE","og_type":"article","og_title":"Endless Soul Light Solitaire","og_description":"Hilf deinen Freunden in Endless Soul Light Solit\u00e4r bei der Suche nach ihrem Seelenverwandten.","og_url":"https:\/\/www.iplay.com\/de\/games\/endless-soul-light-solitaire\/","og_site_name":"IPlay","og_image":[{"width":310,"height":310,"url":"https:\/\/www.iplay.com\/wp-content\/uploads\/2023\/12\/large_square_tile_image-3176.jpg","type":"image\/jpeg"}],"twitter_card":"summary_large_image","twitter_misc":{"Gesch\u00e4tzte Lesezeit":"1 Minute"},"schema":{"@context":"https:\/\/schema.org","@graph":[{"@type":"WebPage","@id":"https:\/\/www.iplay.com\/de\/games\/endless-soul-light-solitaire\/","url":"https:\/\/www.iplay.com\/de\/games\/endless-soul-light-solitaire\/","name":"Endless Soul Light Solit\u00e4r - Schlie\u00dfe dich Freunden an, die in Soul Light Solit\u00e4r nach einem Seelenverwandten suchen","isPartOf":{"@id":"https:\/\/www.iplay.com\/en\/#website"},"primaryImageOfPage":{"@id":"https:\/\/www.iplay.com\/de\/games\/endless-soul-light-solitaire\/#primaryimage"},"image":{"@id":"https:\/\/www.iplay.com\/de\/games\/endless-soul-light-solitaire\/#primaryimage"},"thumbnailUrl":"https:\/\/www.iplay.com\/wp-content\/uploads\/2023\/12\/large_square_tile_image-3176.jpg","datePublished":"2021-10-11T00:00:00+00:00","description":"Hilf deinen Freunden in Endless Soul Light Solit\u00e4r bei der Suche nach ihrem Seelenverwandten.","breadcrumb":{"@id":"https:\/\/www.iplay.com\/de\/games\/endless-soul-light-solitaire\/#breadcrumb"},"inLanguage":"de-DE","potentialAction":[{"@type":"ReadAction","target":["https:\/\/www.iplay.com\/de\/games\/endless-soul-light-solitaire\/"]}]},{"@type":"ImageObject","inLanguage":"de-DE","@id":"https:\/\/www.iplay.com\/de\/games\/endless-soul-light-solitaire\/#primaryimage","url":"https:\/\/www.iplay.com\/wp-content\/uploads\/2023\/12\/large_square_tile_image-3176.jpg","contentUrl":"https:\/\/www.iplay.com\/wp-content\/uploads\/2023\/12\/large_square_tile_image-3176.jpg","width":310,"height":310},{"@type":"BreadcrumbList","@id":"https:\/\/www.iplay.com\/de\/games\/endless-soul-light-solitaire\/#breadcrumb","itemListElement":[{"@type":"ListItem","position":1,"name":"Home","item":"https:\/\/www.iplay.com\/de\/home-page-2\/"},{"@type":"ListItem","position":2,"name":"Shop","item":"https:\/\/www.iplay.com\/en\/shop\/"},{"@type":"ListItem","position":3,"name":"Endless Soul Light Solitaire"}]},{"@type":"WebSite","@id":"https:\/\/www.iplay.com\/en\/#website","url":"https:\/\/www.iplay.com\/en\/","name":"IPlay","description":"The Best Casual Games!","publisher":{"@id":"https:\/\/www.iplay.com\/en\/#organization"},"potentialAction":[{"@type":"SearchAction","target":{"@type":"EntryPoint","urlTemplate":"https:\/\/www.iplay.com\/en\/?s={search_term_string}"},"query-input":{"@type":"PropertyValueSpecification","valueRequired":true,"valueName":"search_term_string"}}],"inLanguage":"de-DE"},{"@type":"Organization","@id":"https:\/\/www.iplay.com\/en\/#organization","name":"IPlay","url":"https:\/\/www.iplay.com\/en\/","logo":{"@type":"ImageObject","inLanguage":"de-DE","@id":"https:\/\/www.iplay.com\/en\/#\/schema\/logo\/image\/","url":"https:\/\/www.iplay.com\/wp-content\/uploads\/2023\/11\/Group-6100.svg","contentUrl":"https:\/\/www.iplay.com\/wp-content\/uploads\/2023\/11\/Group-6100.svg","width":98,"height":25,"caption":"IPlay"},"image":{"@id":"https:\/\/www.iplay.com\/en\/#\/schema\/logo\/image\/"}}]}},"_links":{"self":[{"href":"https:\/\/www.iplay.com\/de\/wp-json\/wp\/v2\/product\/136921","targetHints":{"allow":["GET"]}}],"collection":[{"href":"https:\/\/www.iplay.com\/de\/wp-json\/wp\/v2\/product"}],"about":[{"href":"https:\/\/www.iplay.com\/de\/wp-json\/wp\/v2\/types\/product"}],"author":[{"embeddable":true,"href":"https:\/\/www.iplay.com\/de\/wp-json\/wp\/v2\/users\/39"}],"replies":[{"embeddable":true,"href":"https:\/\/www.iplay.com\/de\/wp-json\/wp\/v2\/comments?post=136921"}],"wp:featuredmedia":[{"embeddable":true,"href":"https:\/\/www.iplay.com\/de\/wp-json\/wp\/v2\/media\/90597"}],"wp:attachment":[{"href":"https:\/\/www.iplay.com\/de\/wp-json\/wp\/v2\/media?parent=136921"}],"wp:term":[{"taxonomy":"product_brand","embeddable":true,"href":"https:\/\/www.iplay.com\/de\/wp-json\/wp\/v2\/product_brand?post=136921"},{"taxonomy":"product_cat","embeddable":true,"href":"https:\/\/www.iplay.com\/de\/wp-json\/wp\/v2\/product_cat?post=136921"},{"taxonomy":"product_tag","embeddable":true,"href":"https:\/\/www.iplay.com\/de\/wp-json\/wp\/v2\/product_tag?post=136921"}],"curies":[{"name":"wp","href":"https:\/\/api.w.org\/{rel}","templated":true}]}}