{"id":136919,"date":"2021-10-07T00:00:00","date_gmt":"2021-10-07T00:00:00","guid":{"rendered":"https:\/\/www.iplay.com\/games\/gizmos-super-value-pack\/"},"modified":"2021-10-07T00:00:00","modified_gmt":"2021-10-07T00:00:00","slug":"gizmos-super-value-pack","status":"publish","type":"product","link":"https:\/\/www.iplay.com\/de\/games\/gizmos-super-value-pack\/","title":{"rendered":"Gizmo&#8217;s Super Value Pack"},"content":{"rendered":"<p>Schlie\u00dfe dich deinen Gef\u00e4hrten Kurt, John und Sid im Gizmo-Land an und erlebe 5 einzigartige Nonogramm-Puzzle-Erlebnisse! Gizmos &#8211; Spirit of the Christmas ist ein Puzzlespiel, das in einer festlichen Weihnachtskulisse spielt. W\u00e4hlen Sie, welche Art von Geschenken Sie verschenken und welche zus\u00e4tzlichen Artikel Sie hinzuf\u00fcgen m\u00f6chten. Dann gibt es noch Gizmos &#8211; The Riddle of the Universe. Ein unbekanntes Ger\u00e4t ist in die Garage von Kurt dem Mechaniker eingedrungen. Eine Suche an der Absturzstelle ergab eine verschl\u00fcsselte Nachricht aus einer anderen Welt. Hilf bei der Untersuchung dieses Geheimnisses! Setze deine Abenteuer mit Gizmos in Spooky Adventure fort, w\u00e4hrend ein Schwarm von Geistern die Halloween-Feier im Gizmo Land in einen Albtraum verwandelt. Es liegt an dir, John, Sid und Kurt, sowie deinen Gizmo-Freunden, sie zu bek\u00e4mpfen und den Tag zu retten. Dann begeben Sie sich mit alten Freunden auf eine Reise durch unbekannte W\u00e4lder! Es wartet eine Vielzahl von R\u00e4tseln auf Sie! Die Gizmos begeben sich auf ein Steampunk-Abenteuer durch seltsame Dschungel. Schlie\u00dflich begeben sich die Gizmos auf eine interstellare Reise. Wenn Sid eine Einladung zum Intergalktischen Nonogramm-Turnier erh\u00e4lt, werden sie dann ihren Planeten in Verlegenheit bringen oder als Gewinner zu den begeisterten Fans nach Hause zur\u00fcckkehren?             <\/p>\n<p>&nbsp;<\/p>\n<p>&nbsp;<\/p>\n<p><strong>Funktionen:<\/strong><\/p>\n<p>&nbsp;<\/p>\n<p>&#8211; F\u00fcnf fantastische Spiele in einem Super-Value-Pack!<\/p>\n<p>&#8211; Spannende Nonogramm-R\u00e4tsel mit Rastern von bis zu 30 \u00d7 30!<\/p>\n<p>&#8211; Schwierige Puzzle-Minispiele<\/p>\n<p>&#8211; Wundersch\u00f6ne Steampunk-Musik und Soundeffekte<\/p>\n<p>&#8211; Begleite deine Gizmo-Freunde John, Sid und Kurt auf schwierigen Missionen<\/p>\n","protected":false},"excerpt":{"rendered":"<p>Begleite die Gizmos auf 5 spannenden Puzzle-Abenteuern mit diesem unglaublichen Paket!<\/p>\n","protected":false},"author":45,"featured_media":78825,"comment_status":"open","ping_status":"closed","template":"","meta":{"_acf_changed":false,"inline_featured_image":false},"product_brand":[],"product_cat":[194],"product_tag":[],"class_list":{"0":"post-136919","1":"product","2":"type-product","3":"status-publish","4":"has-post-thumbnail","6":"product_cat-puzzle-de","8":"first","9":"instock","10":"shipping-taxable","11":"purchasable","12":"product-type-simple"},"acf":[],"yoast_head":"<!-- This site is optimized with the Yoast SEO Premium plugin v25.2 (Yoast SEO v25.2) - https:\/\/yoast.com\/wordpress\/plugins\/seo\/ -->\n<title>Gizmo&#039;s Super Value Pack - Begleite Gizmos in 5 fantastischen Puzzle-Abenteuern mit einem Bundle<\/title>\n<meta name=\"description\" content=\"Begleite die Gizmos auf 5 spannenden Puzzle-Abenteuern mit diesem unglaublichen Paket!\" \/>\n<meta name=\"robots\" content=\"index, follow, max-snippet:-1, max-image-preview:large, max-video-preview:-1\" \/>\n<link rel=\"canonical\" href=\"https:\/\/www.iplay.com\/de\/games\/gizmos-super-value-pack\/\" \/>\n<meta property=\"og:locale\" content=\"de_DE\" \/>\n<meta property=\"og:type\" content=\"article\" \/>\n<meta property=\"og:title\" content=\"Gizmo&#039;s Super Value Pack\" \/>\n<meta property=\"og:description\" content=\"Begleite die Gizmos auf 5 spannenden Puzzle-Abenteuern mit diesem unglaublichen Paket!\" \/>\n<meta property=\"og:url\" content=\"https:\/\/www.iplay.com\/de\/games\/gizmos-super-value-pack\/\" \/>\n<meta property=\"og:site_name\" content=\"IPlay\" \/>\n<meta property=\"og:image\" content=\"https:\/\/www.iplay.com\/wp-content\/uploads\/2023\/12\/large_square_tile_image-2427.jpg\" \/>\n\t<meta property=\"og:image:width\" content=\"310\" \/>\n\t<meta property=\"og:image:height\" content=\"310\" \/>\n\t<meta property=\"og:image:type\" content=\"image\/jpeg\" \/>\n<meta name=\"twitter:card\" content=\"summary_large_image\" \/>\n<meta name=\"twitter:label1\" content=\"Gesch\u00e4tzte Lesezeit\" \/>\n\t<meta name=\"twitter:data1\" content=\"1 Minute\" \/>\n<script type=\"application\/ld+json\" class=\"yoast-schema-graph\">{\"@context\":\"https:\/\/schema.org\",\"@graph\":[{\"@type\":\"WebPage\",\"@id\":\"https:\/\/www.iplay.com\/de\/games\/gizmos-super-value-pack\/\",\"url\":\"https:\/\/www.iplay.com\/de\/games\/gizmos-super-value-pack\/\",\"name\":\"Gizmo's Super Value Pack - Begleite Gizmos in 5 fantastischen Puzzle-Abenteuern mit einem Bundle\",\"isPartOf\":{\"@id\":\"https:\/\/www.iplay.com\/en\/#website\"},\"primaryImageOfPage\":{\"@id\":\"https:\/\/www.iplay.com\/de\/games\/gizmos-super-value-pack\/#primaryimage\"},\"image\":{\"@id\":\"https:\/\/www.iplay.com\/de\/games\/gizmos-super-value-pack\/#primaryimage\"},\"thumbnailUrl\":\"https:\/\/www.iplay.com\/wp-content\/uploads\/2023\/12\/large_square_tile_image-2427.jpg\",\"datePublished\":\"2021-10-07T00:00:00+00:00\",\"description\":\"Begleite die Gizmos auf 5 spannenden Puzzle-Abenteuern mit diesem unglaublichen Paket!\",\"breadcrumb\":{\"@id\":\"https:\/\/www.iplay.com\/de\/games\/gizmos-super-value-pack\/#breadcrumb\"},\"inLanguage\":\"de-DE\",\"potentialAction\":[{\"@type\":\"ReadAction\",\"target\":[\"https:\/\/www.iplay.com\/de\/games\/gizmos-super-value-pack\/\"]}]},{\"@type\":\"ImageObject\",\"inLanguage\":\"de-DE\",\"@id\":\"https:\/\/www.iplay.com\/de\/games\/gizmos-super-value-pack\/#primaryimage\",\"url\":\"https:\/\/www.iplay.com\/wp-content\/uploads\/2023\/12\/large_square_tile_image-2427.jpg\",\"contentUrl\":\"https:\/\/www.iplay.com\/wp-content\/uploads\/2023\/12\/large_square_tile_image-2427.jpg\",\"width\":310,\"height\":310},{\"@type\":\"BreadcrumbList\",\"@id\":\"https:\/\/www.iplay.com\/de\/games\/gizmos-super-value-pack\/#breadcrumb\",\"itemListElement\":[{\"@type\":\"ListItem\",\"position\":1,\"name\":\"Home\",\"item\":\"https:\/\/www.iplay.com\/de\/home-page-2\/\"},{\"@type\":\"ListItem\",\"position\":2,\"name\":\"Shop\",\"item\":\"https:\/\/www.iplay.com\/en\/shop\/\"},{\"@type\":\"ListItem\",\"position\":3,\"name\":\"Gizmo&#8217;s Super Value Pack\"}]},{\"@type\":\"WebSite\",\"@id\":\"https:\/\/www.iplay.com\/en\/#website\",\"url\":\"https:\/\/www.iplay.com\/en\/\",\"name\":\"IPlay\",\"description\":\"The Best Casual Games!\",\"publisher\":{\"@id\":\"https:\/\/www.iplay.com\/en\/#organization\"},\"potentialAction\":[{\"@type\":\"SearchAction\",\"target\":{\"@type\":\"EntryPoint\",\"urlTemplate\":\"https:\/\/www.iplay.com\/en\/?s={search_term_string}\"},\"query-input\":{\"@type\":\"PropertyValueSpecification\",\"valueRequired\":true,\"valueName\":\"search_term_string\"}}],\"inLanguage\":\"de-DE\"},{\"@type\":\"Organization\",\"@id\":\"https:\/\/www.iplay.com\/en\/#organization\",\"name\":\"IPlay\",\"url\":\"https:\/\/www.iplay.com\/en\/\",\"logo\":{\"@type\":\"ImageObject\",\"inLanguage\":\"de-DE\",\"@id\":\"https:\/\/www.iplay.com\/en\/#\/schema\/logo\/image\/\",\"url\":\"https:\/\/www.iplay.com\/wp-content\/uploads\/2023\/11\/Group-6100.svg\",\"contentUrl\":\"https:\/\/www.iplay.com\/wp-content\/uploads\/2023\/11\/Group-6100.svg\",\"width\":98,\"height\":25,\"caption\":\"IPlay\"},\"image\":{\"@id\":\"https:\/\/www.iplay.com\/en\/#\/schema\/logo\/image\/\"}}]}<\/script>\n<!-- \/ Yoast SEO Premium plugin. -->","yoast_head_json":{"title":"Gizmo's Super Value Pack - Begleite Gizmos in 5 fantastischen Puzzle-Abenteuern mit einem Bundle","description":"Begleite die Gizmos auf 5 spannenden Puzzle-Abenteuern mit diesem unglaublichen Paket!","robots":{"index":"index","follow":"follow","max-snippet":"max-snippet:-1","max-image-preview":"max-image-preview:large","max-video-preview":"max-video-preview:-1"},"canonical":"https:\/\/www.iplay.com\/de\/games\/gizmos-super-value-pack\/","og_locale":"de_DE","og_type":"article","og_title":"Gizmo's Super Value Pack","og_description":"Begleite die Gizmos auf 5 spannenden Puzzle-Abenteuern mit diesem unglaublichen Paket!","og_url":"https:\/\/www.iplay.com\/de\/games\/gizmos-super-value-pack\/","og_site_name":"IPlay","og_image":[{"width":310,"height":310,"url":"https:\/\/www.iplay.com\/wp-content\/uploads\/2023\/12\/large_square_tile_image-2427.jpg","type":"image\/jpeg"}],"twitter_card":"summary_large_image","twitter_misc":{"Gesch\u00e4tzte Lesezeit":"1 Minute"},"schema":{"@context":"https:\/\/schema.org","@graph":[{"@type":"WebPage","@id":"https:\/\/www.iplay.com\/de\/games\/gizmos-super-value-pack\/","url":"https:\/\/www.iplay.com\/de\/games\/gizmos-super-value-pack\/","name":"Gizmo's Super Value Pack - Begleite Gizmos in 5 fantastischen Puzzle-Abenteuern mit einem Bundle","isPartOf":{"@id":"https:\/\/www.iplay.com\/en\/#website"},"primaryImageOfPage":{"@id":"https:\/\/www.iplay.com\/de\/games\/gizmos-super-value-pack\/#primaryimage"},"image":{"@id":"https:\/\/www.iplay.com\/de\/games\/gizmos-super-value-pack\/#primaryimage"},"thumbnailUrl":"https:\/\/www.iplay.com\/wp-content\/uploads\/2023\/12\/large_square_tile_image-2427.jpg","datePublished":"2021-10-07T00:00:00+00:00","description":"Begleite die Gizmos auf 5 spannenden Puzzle-Abenteuern mit diesem unglaublichen Paket!","breadcrumb":{"@id":"https:\/\/www.iplay.com\/de\/games\/gizmos-super-value-pack\/#breadcrumb"},"inLanguage":"de-DE","potentialAction":[{"@type":"ReadAction","target":["https:\/\/www.iplay.com\/de\/games\/gizmos-super-value-pack\/"]}]},{"@type":"ImageObject","inLanguage":"de-DE","@id":"https:\/\/www.iplay.com\/de\/games\/gizmos-super-value-pack\/#primaryimage","url":"https:\/\/www.iplay.com\/wp-content\/uploads\/2023\/12\/large_square_tile_image-2427.jpg","contentUrl":"https:\/\/www.iplay.com\/wp-content\/uploads\/2023\/12\/large_square_tile_image-2427.jpg","width":310,"height":310},{"@type":"BreadcrumbList","@id":"https:\/\/www.iplay.com\/de\/games\/gizmos-super-value-pack\/#breadcrumb","itemListElement":[{"@type":"ListItem","position":1,"name":"Home","item":"https:\/\/www.iplay.com\/de\/home-page-2\/"},{"@type":"ListItem","position":2,"name":"Shop","item":"https:\/\/www.iplay.com\/en\/shop\/"},{"@type":"ListItem","position":3,"name":"Gizmo&#8217;s Super Value Pack"}]},{"@type":"WebSite","@id":"https:\/\/www.iplay.com\/en\/#website","url":"https:\/\/www.iplay.com\/en\/","name":"IPlay","description":"The Best Casual Games!","publisher":{"@id":"https:\/\/www.iplay.com\/en\/#organization"},"potentialAction":[{"@type":"SearchAction","target":{"@type":"EntryPoint","urlTemplate":"https:\/\/www.iplay.com\/en\/?s={search_term_string}"},"query-input":{"@type":"PropertyValueSpecification","valueRequired":true,"valueName":"search_term_string"}}],"inLanguage":"de-DE"},{"@type":"Organization","@id":"https:\/\/www.iplay.com\/en\/#organization","name":"IPlay","url":"https:\/\/www.iplay.com\/en\/","logo":{"@type":"ImageObject","inLanguage":"de-DE","@id":"https:\/\/www.iplay.com\/en\/#\/schema\/logo\/image\/","url":"https:\/\/www.iplay.com\/wp-content\/uploads\/2023\/11\/Group-6100.svg","contentUrl":"https:\/\/www.iplay.com\/wp-content\/uploads\/2023\/11\/Group-6100.svg","width":98,"height":25,"caption":"IPlay"},"image":{"@id":"https:\/\/www.iplay.com\/en\/#\/schema\/logo\/image\/"}}]}},"_links":{"self":[{"href":"https:\/\/www.iplay.com\/de\/wp-json\/wp\/v2\/product\/136919","targetHints":{"allow":["GET"]}}],"collection":[{"href":"https:\/\/www.iplay.com\/de\/wp-json\/wp\/v2\/product"}],"about":[{"href":"https:\/\/www.iplay.com\/de\/wp-json\/wp\/v2\/types\/product"}],"author":[{"embeddable":true,"href":"https:\/\/www.iplay.com\/de\/wp-json\/wp\/v2\/users\/45"}],"replies":[{"embeddable":true,"href":"https:\/\/www.iplay.com\/de\/wp-json\/wp\/v2\/comments?post=136919"}],"wp:featuredmedia":[{"embeddable":true,"href":"https:\/\/www.iplay.com\/de\/wp-json\/wp\/v2\/media\/78825"}],"wp:attachment":[{"href":"https:\/\/www.iplay.com\/de\/wp-json\/wp\/v2\/media?parent=136919"}],"wp:term":[{"taxonomy":"product_brand","embeddable":true,"href":"https:\/\/www.iplay.com\/de\/wp-json\/wp\/v2\/product_brand?post=136919"},{"taxonomy":"product_cat","embeddable":true,"href":"https:\/\/www.iplay.com\/de\/wp-json\/wp\/v2\/product_cat?post=136919"},{"taxonomy":"product_tag","embeddable":true,"href":"https:\/\/www.iplay.com\/de\/wp-json\/wp\/v2\/product_tag?post=136919"}],"curies":[{"name":"wp","href":"https:\/\/api.w.org\/{rel}","templated":true}]}}