{"id":136859,"date":"2022-01-07T00:00:00","date_gmt":"2022-01-07T00:00:00","guid":{"rendered":"https:\/\/www.iplay.com\/games\/art-colouring-05\/"},"modified":"2022-01-07T00:00:00","modified_gmt":"2022-01-07T00:00:00","slug":"art-colouring-05","status":"publish","type":"product","link":"https:\/\/www.iplay.com\/de\/games\/art-colouring-05\/","title":{"rendered":"Art Colouring 05"},"content":{"rendered":"<p><strong>Art Coloring 5<\/strong> geht \u00fcber eine einfache Mal\u00fcbung hinaus; Es ist ein fesselndes Abenteuer in eine Welt voller charmanter Kunstwerke, anmutiger Konturen und leuchtender Farben. Lassen Sie Ihrer Kreativit\u00e4t freien Lauf mit grenzenloser Begeisterung! W\u00e4hlen Sie einfach eine Farbe aus, messen Sie die richtige Menge und erwecken Sie Ihre Leinwand mit einer Explosion brillanter Farben zum Leben. Nun haben Sie die M\u00f6glichkeit, zwischen dem Einf\u00e4rben bestimmter Bereiche oder einzelner Pixel zu w\u00e4hlen. Verwandle dich in einen K\u00fcnstler und vollende beeindruckende Kunstwerke!    <\/p>\n<p>&nbsp;<\/p>\n<p>&nbsp;<\/p>\n<p><strong>Funktionen:<\/strong><\/p>\n<p>&nbsp;<\/p>\n<p>&#8211; Tauchen Sie ein in 64 lebendige Kunstgem\u00e4lde.<\/p>\n<p>&#8211; Tauchen Sie ein in 64 lebendige Pixelgem\u00e4lde.<\/p>\n<p>&#8211; W\u00e4hlen Sie Ihre Farbpr\u00e4ferenz aus: nummerierte Bereiche oder pixelige Striche.<\/p>\n<p>&#8211; Wechseln Sie nahtlos zwischen strukturierter und flacher Farbgebung.<\/p>\n<p>&#8211; Tauche ein in eine Welt voller grenzenlosem Spa\u00df!<\/p>\n","protected":false},"excerpt":{"rendered":"<p>Vollenden Sie diese erstaunlichen Kunstwerke und schl\u00fcpfen Sie in die Rolle des K\u00fcnstlers! Malvorlagen f\u00fcr Kunst 5 <\/p>\n","protected":false},"author":16,"featured_media":90421,"comment_status":"open","ping_status":"closed","template":"","meta":{"_acf_changed":false,"inline_featured_image":false},"product_brand":[],"product_cat":[185],"product_tag":[236,289],"class_list":{"0":"post-136859","1":"product","2":"type-product","3":"status-publish","4":"has-post-thumbnail","6":"product_cat-paint-by-numbers-series-de","7":"product_tag-art-coloring-series-de","8":"product_tag-play-on-pc-de","10":"first","11":"instock","12":"shipping-taxable","13":"purchasable","14":"product-type-simple"},"acf":[],"yoast_head":"<!-- This site is optimized with the Yoast SEO Premium plugin v25.2 (Yoast SEO v25.2) - https:\/\/yoast.com\/wordpress\/plugins\/seo\/ -->\n<title>Art Colouring 5 - Kannst du gro\u00dfartige Meisterwerke der Kunst vollenden?<\/title>\n<meta name=\"description\" content=\"Vollenden Sie diese erstaunlichen Kunstwerke und schl\u00fcpfen Sie in die Rolle des K\u00fcnstlers! Malvorlagen f\u00fcr Kunst 5\" \/>\n<meta name=\"robots\" content=\"index, follow, max-snippet:-1, max-image-preview:large, max-video-preview:-1\" \/>\n<link rel=\"canonical\" href=\"https:\/\/www.iplay.com\/de\/games\/art-colouring-05\/\" \/>\n<meta property=\"og:locale\" content=\"de_DE\" \/>\n<meta property=\"og:type\" content=\"article\" \/>\n<meta property=\"og:title\" content=\"Art Colouring 05\" \/>\n<meta property=\"og:description\" content=\"Vollenden Sie diese erstaunlichen Kunstwerke und schl\u00fcpfen Sie in die Rolle des K\u00fcnstlers! Malvorlagen f\u00fcr Kunst 5\" \/>\n<meta property=\"og:url\" content=\"https:\/\/www.iplay.com\/de\/games\/art-colouring-05\/\" \/>\n<meta property=\"og:site_name\" content=\"IPlay\" \/>\n<meta property=\"og:image\" content=\"https:\/\/www.iplay.com\/wp-content\/uploads\/2023\/12\/large_square_tile_image-3165.jpg\" \/>\n\t<meta property=\"og:image:width\" content=\"310\" \/>\n\t<meta property=\"og:image:height\" content=\"310\" \/>\n\t<meta property=\"og:image:type\" content=\"image\/jpeg\" \/>\n<meta name=\"twitter:card\" content=\"summary_large_image\" \/>\n<meta name=\"twitter:label1\" content=\"Gesch\u00e4tzte Lesezeit\" \/>\n\t<meta name=\"twitter:data1\" content=\"1 Minute\" \/>\n<script type=\"application\/ld+json\" class=\"yoast-schema-graph\">{\"@context\":\"https:\/\/schema.org\",\"@graph\":[{\"@type\":\"WebPage\",\"@id\":\"https:\/\/www.iplay.com\/de\/games\/art-colouring-05\/\",\"url\":\"https:\/\/www.iplay.com\/de\/games\/art-colouring-05\/\",\"name\":\"Art Colouring 5 - Kannst du gro\u00dfartige Meisterwerke der Kunst vollenden?\",\"isPartOf\":{\"@id\":\"https:\/\/www.iplay.com\/en\/#website\"},\"primaryImageOfPage\":{\"@id\":\"https:\/\/www.iplay.com\/de\/games\/art-colouring-05\/#primaryimage\"},\"image\":{\"@id\":\"https:\/\/www.iplay.com\/de\/games\/art-colouring-05\/#primaryimage\"},\"thumbnailUrl\":\"https:\/\/www.iplay.com\/wp-content\/uploads\/2023\/12\/large_square_tile_image-3165.jpg\",\"datePublished\":\"2022-01-07T00:00:00+00:00\",\"description\":\"Vollenden Sie diese erstaunlichen Kunstwerke und schl\u00fcpfen Sie in die Rolle des K\u00fcnstlers! Malvorlagen f\u00fcr Kunst 5\",\"breadcrumb\":{\"@id\":\"https:\/\/www.iplay.com\/de\/games\/art-colouring-05\/#breadcrumb\"},\"inLanguage\":\"de-DE\",\"potentialAction\":[{\"@type\":\"ReadAction\",\"target\":[\"https:\/\/www.iplay.com\/de\/games\/art-colouring-05\/\"]}]},{\"@type\":\"ImageObject\",\"inLanguage\":\"de-DE\",\"@id\":\"https:\/\/www.iplay.com\/de\/games\/art-colouring-05\/#primaryimage\",\"url\":\"https:\/\/www.iplay.com\/wp-content\/uploads\/2023\/12\/large_square_tile_image-3165.jpg\",\"contentUrl\":\"https:\/\/www.iplay.com\/wp-content\/uploads\/2023\/12\/large_square_tile_image-3165.jpg\",\"width\":310,\"height\":310},{\"@type\":\"BreadcrumbList\",\"@id\":\"https:\/\/www.iplay.com\/de\/games\/art-colouring-05\/#breadcrumb\",\"itemListElement\":[{\"@type\":\"ListItem\",\"position\":1,\"name\":\"Home\",\"item\":\"https:\/\/www.iplay.com\/de\/home-page-2\/\"},{\"@type\":\"ListItem\",\"position\":2,\"name\":\"Shop\",\"item\":\"https:\/\/www.iplay.com\/en\/shop\/\"},{\"@type\":\"ListItem\",\"position\":3,\"name\":\"Art Colouring 05\"}]},{\"@type\":\"WebSite\",\"@id\":\"https:\/\/www.iplay.com\/en\/#website\",\"url\":\"https:\/\/www.iplay.com\/en\/\",\"name\":\"IPlay\",\"description\":\"The Best Casual Games!\",\"publisher\":{\"@id\":\"https:\/\/www.iplay.com\/en\/#organization\"},\"potentialAction\":[{\"@type\":\"SearchAction\",\"target\":{\"@type\":\"EntryPoint\",\"urlTemplate\":\"https:\/\/www.iplay.com\/en\/?s={search_term_string}\"},\"query-input\":{\"@type\":\"PropertyValueSpecification\",\"valueRequired\":true,\"valueName\":\"search_term_string\"}}],\"inLanguage\":\"de-DE\"},{\"@type\":\"Organization\",\"@id\":\"https:\/\/www.iplay.com\/en\/#organization\",\"name\":\"IPlay\",\"url\":\"https:\/\/www.iplay.com\/en\/\",\"logo\":{\"@type\":\"ImageObject\",\"inLanguage\":\"de-DE\",\"@id\":\"https:\/\/www.iplay.com\/en\/#\/schema\/logo\/image\/\",\"url\":\"https:\/\/www.iplay.com\/wp-content\/uploads\/2023\/11\/Group-6100.svg\",\"contentUrl\":\"https:\/\/www.iplay.com\/wp-content\/uploads\/2023\/11\/Group-6100.svg\",\"width\":98,\"height\":25,\"caption\":\"IPlay\"},\"image\":{\"@id\":\"https:\/\/www.iplay.com\/en\/#\/schema\/logo\/image\/\"}}]}<\/script>\n<!-- \/ Yoast SEO Premium plugin. -->","yoast_head_json":{"title":"Art Colouring 5 - Kannst du gro\u00dfartige Meisterwerke der Kunst vollenden?","description":"Vollenden Sie diese erstaunlichen Kunstwerke und schl\u00fcpfen Sie in die Rolle des K\u00fcnstlers! Malvorlagen f\u00fcr Kunst 5","robots":{"index":"index","follow":"follow","max-snippet":"max-snippet:-1","max-image-preview":"max-image-preview:large","max-video-preview":"max-video-preview:-1"},"canonical":"https:\/\/www.iplay.com\/de\/games\/art-colouring-05\/","og_locale":"de_DE","og_type":"article","og_title":"Art Colouring 05","og_description":"Vollenden Sie diese erstaunlichen Kunstwerke und schl\u00fcpfen Sie in die Rolle des K\u00fcnstlers! Malvorlagen f\u00fcr Kunst 5","og_url":"https:\/\/www.iplay.com\/de\/games\/art-colouring-05\/","og_site_name":"IPlay","og_image":[{"width":310,"height":310,"url":"https:\/\/www.iplay.com\/wp-content\/uploads\/2023\/12\/large_square_tile_image-3165.jpg","type":"image\/jpeg"}],"twitter_card":"summary_large_image","twitter_misc":{"Gesch\u00e4tzte Lesezeit":"1 Minute"},"schema":{"@context":"https:\/\/schema.org","@graph":[{"@type":"WebPage","@id":"https:\/\/www.iplay.com\/de\/games\/art-colouring-05\/","url":"https:\/\/www.iplay.com\/de\/games\/art-colouring-05\/","name":"Art Colouring 5 - Kannst du gro\u00dfartige Meisterwerke der Kunst vollenden?","isPartOf":{"@id":"https:\/\/www.iplay.com\/en\/#website"},"primaryImageOfPage":{"@id":"https:\/\/www.iplay.com\/de\/games\/art-colouring-05\/#primaryimage"},"image":{"@id":"https:\/\/www.iplay.com\/de\/games\/art-colouring-05\/#primaryimage"},"thumbnailUrl":"https:\/\/www.iplay.com\/wp-content\/uploads\/2023\/12\/large_square_tile_image-3165.jpg","datePublished":"2022-01-07T00:00:00+00:00","description":"Vollenden Sie diese erstaunlichen Kunstwerke und schl\u00fcpfen Sie in die Rolle des K\u00fcnstlers! Malvorlagen f\u00fcr Kunst 5","breadcrumb":{"@id":"https:\/\/www.iplay.com\/de\/games\/art-colouring-05\/#breadcrumb"},"inLanguage":"de-DE","potentialAction":[{"@type":"ReadAction","target":["https:\/\/www.iplay.com\/de\/games\/art-colouring-05\/"]}]},{"@type":"ImageObject","inLanguage":"de-DE","@id":"https:\/\/www.iplay.com\/de\/games\/art-colouring-05\/#primaryimage","url":"https:\/\/www.iplay.com\/wp-content\/uploads\/2023\/12\/large_square_tile_image-3165.jpg","contentUrl":"https:\/\/www.iplay.com\/wp-content\/uploads\/2023\/12\/large_square_tile_image-3165.jpg","width":310,"height":310},{"@type":"BreadcrumbList","@id":"https:\/\/www.iplay.com\/de\/games\/art-colouring-05\/#breadcrumb","itemListElement":[{"@type":"ListItem","position":1,"name":"Home","item":"https:\/\/www.iplay.com\/de\/home-page-2\/"},{"@type":"ListItem","position":2,"name":"Shop","item":"https:\/\/www.iplay.com\/en\/shop\/"},{"@type":"ListItem","position":3,"name":"Art Colouring 05"}]},{"@type":"WebSite","@id":"https:\/\/www.iplay.com\/en\/#website","url":"https:\/\/www.iplay.com\/en\/","name":"IPlay","description":"The Best Casual Games!","publisher":{"@id":"https:\/\/www.iplay.com\/en\/#organization"},"potentialAction":[{"@type":"SearchAction","target":{"@type":"EntryPoint","urlTemplate":"https:\/\/www.iplay.com\/en\/?s={search_term_string}"},"query-input":{"@type":"PropertyValueSpecification","valueRequired":true,"valueName":"search_term_string"}}],"inLanguage":"de-DE"},{"@type":"Organization","@id":"https:\/\/www.iplay.com\/en\/#organization","name":"IPlay","url":"https:\/\/www.iplay.com\/en\/","logo":{"@type":"ImageObject","inLanguage":"de-DE","@id":"https:\/\/www.iplay.com\/en\/#\/schema\/logo\/image\/","url":"https:\/\/www.iplay.com\/wp-content\/uploads\/2023\/11\/Group-6100.svg","contentUrl":"https:\/\/www.iplay.com\/wp-content\/uploads\/2023\/11\/Group-6100.svg","width":98,"height":25,"caption":"IPlay"},"image":{"@id":"https:\/\/www.iplay.com\/en\/#\/schema\/logo\/image\/"}}]}},"_links":{"self":[{"href":"https:\/\/www.iplay.com\/de\/wp-json\/wp\/v2\/product\/136859","targetHints":{"allow":["GET"]}}],"collection":[{"href":"https:\/\/www.iplay.com\/de\/wp-json\/wp\/v2\/product"}],"about":[{"href":"https:\/\/www.iplay.com\/de\/wp-json\/wp\/v2\/types\/product"}],"author":[{"embeddable":true,"href":"https:\/\/www.iplay.com\/de\/wp-json\/wp\/v2\/users\/16"}],"replies":[{"embeddable":true,"href":"https:\/\/www.iplay.com\/de\/wp-json\/wp\/v2\/comments?post=136859"}],"wp:featuredmedia":[{"embeddable":true,"href":"https:\/\/www.iplay.com\/de\/wp-json\/wp\/v2\/media\/90421"}],"wp:attachment":[{"href":"https:\/\/www.iplay.com\/de\/wp-json\/wp\/v2\/media?parent=136859"}],"wp:term":[{"taxonomy":"product_brand","embeddable":true,"href":"https:\/\/www.iplay.com\/de\/wp-json\/wp\/v2\/product_brand?post=136859"},{"taxonomy":"product_cat","embeddable":true,"href":"https:\/\/www.iplay.com\/de\/wp-json\/wp\/v2\/product_cat?post=136859"},{"taxonomy":"product_tag","embeddable":true,"href":"https:\/\/www.iplay.com\/de\/wp-json\/wp\/v2\/product_tag?post=136859"}],"curies":[{"name":"wp","href":"https:\/\/api.w.org\/{rel}","templated":true}]}}