{"id":136842,"date":"2021-11-15T00:00:00","date_gmt":"2021-11-15T00:00:00","guid":{"rendered":"https:\/\/www.iplay.com\/games\/rescue-adventure-marble-puzzle-blast-ce\/"},"modified":"2021-11-15T00:00:00","modified_gmt":"2021-11-15T00:00:00","slug":"rescue-adventure-marble-puzzle-blast-ce","status":"publish","type":"product","link":"https:\/\/www.iplay.com\/de\/games\/rescue-adventure-marble-puzzle-blast-ce\/","title":{"rendered":"Rescue Adventure: Marble Puzzle Blast CE"},"content":{"rendered":"<p>Sara, eine junge Tier\u00e4rztin, hat das Animal Rescue Center von ihrem Onkel geerbt, von dem sie glaubte, dass er sich nicht um sie k\u00fcmmerte. Als sie in der Stadt ankam, um ihr Erbe einzufordern, stellte sie fest, dass sie nicht das Zentrum, sondern ein altes Haus geerbt hatte und dass ihr Onkel ihr einen grausamen Streich gespielt hatte. Das war die Best\u00e4tigung der Abneigung ihres Onkels gegen sie. Sara nimmt die Herausforderung an und begibt sich auf eine fantastische Reise, bei der sie sich daf\u00fcr entscheidet, das Haus umzugestalten und zu dekorieren, um es f\u00fcr das neue Tierrettungszentrum geeignet zu machen. Mit der Hilfe ihrer neuen Freunde und den unz\u00e4hligen Blasenexplosionen in dieser Murmelshooter-Umgebung wird sie einen Traum verwirklichen und einen Ort schaffen, an dem sich jedes Tier sicher und frei f\u00fchlen kann.    <\/p>\n<p>&nbsp;<\/p>\n<p>&nbsp;<\/p>\n<p><strong>Funktionen:<\/strong><\/p>\n<p>&nbsp;<\/p>\n<p>&#8211; Viele verschiedene, gut gestaltete und wundersch\u00f6n gestaltete Orte &#8211; \u00fcber 14 abenteuerliche Orte mit erstaunlicher Grafik und Sound f\u00fcr unterhaltsames Gameplay.<br \/>\n&#8211; \u00dcber 120 interessante und herausfordernde Levels, in denen du deine F\u00e4higkeiten in Murmelshooter-Extravaganz testen<br \/>\n kannst- Bauen und dekorieren &#8211; Sammle Sterne, indem du Murmelshooter-Levels besiegst und dein Tierrettungsheim gestaltest. Zeige deine Kreativit\u00e4t bei der Dekoration und Aufr\u00fcstung des Tierrettungszentrums, w\u00e4hrend du kostenlose Marmor-Blast-Levels genie\u00dft!<br \/>\n&#8211; Nehmen Sie an fantastischen Events teil und sammeln Sie erstaunliche Erfolge<br \/>\n&#8211; Schnelles und einfaches Gameplay &#8211; Genie\u00dfen Sie intuitive und reibungslose Steuerung<br \/>\n&#8211; Spielen Sie das Spiel offline &#8211; und lassen Sie es immer und \u00fcberall als Ihren neuen Lieblings-Murmelblast-Shooter bei Ihnen sein.<\/p>\n","protected":false},"excerpt":{"rendered":"<p>Hilf Sara in Rescue Adventure: Marble Puzzle Blast CE, das Tierrettungszentrum zu reparieren.<\/p>\n","protected":false},"author":118,"featured_media":78457,"comment_status":"open","ping_status":"closed","template":"","meta":{"_acf_changed":false,"inline_featured_image":false},"product_brand":[],"product_cat":[194,201],"product_tag":[],"class_list":{"0":"post-136842","1":"product","2":"type-product","3":"status-publish","4":"has-post-thumbnail","6":"product_cat-puzzle-de","7":"product_cat-removed-content-de","9":"first","10":"instock","11":"shipping-taxable","12":"purchasable","13":"product-type-simple"},"acf":[],"yoast_head":"<!-- This site is optimized with the Yoast SEO Premium plugin v25.2 (Yoast SEO v25.2) - https:\/\/yoast.com\/wordpress\/plugins\/seo\/ -->\n<title>Rescue Adventure: Marble Puzzle Blast CE - Hilf Sara dabei, das Tierrettungszentrum zu reparieren<\/title>\n<meta name=\"description\" content=\"Hilf Sara in Rescue Adventure: Marble Puzzle Blast CE, das Tierrettungszentrum zu reparieren.\" \/>\n<meta name=\"robots\" content=\"index, follow, max-snippet:-1, max-image-preview:large, max-video-preview:-1\" \/>\n<link rel=\"canonical\" href=\"https:\/\/www.iplay.com\/de\/games\/rescue-adventure-marble-puzzle-blast-ce\/\" \/>\n<meta property=\"og:locale\" content=\"de_DE\" \/>\n<meta property=\"og:type\" content=\"article\" \/>\n<meta property=\"og:title\" content=\"Rescue Adventure: Marble Puzzle Blast CE\" \/>\n<meta property=\"og:description\" content=\"Hilf Sara in Rescue Adventure: Marble Puzzle Blast CE, das Tierrettungszentrum zu reparieren.\" \/>\n<meta property=\"og:url\" content=\"https:\/\/www.iplay.com\/de\/games\/rescue-adventure-marble-puzzle-blast-ce\/\" \/>\n<meta property=\"og:site_name\" content=\"IPlay\" \/>\n<meta property=\"og:image\" content=\"https:\/\/www.iplay.com\/wp-content\/uploads\/2023\/12\/large_square_tile_image-2403.jpg\" \/>\n\t<meta property=\"og:image:width\" content=\"310\" \/>\n\t<meta property=\"og:image:height\" content=\"310\" \/>\n\t<meta property=\"og:image:type\" content=\"image\/jpeg\" \/>\n<meta name=\"twitter:card\" content=\"summary_large_image\" \/>\n<meta name=\"twitter:label1\" content=\"Gesch\u00e4tzte Lesezeit\" \/>\n\t<meta name=\"twitter:data1\" content=\"1 Minute\" \/>\n<script type=\"application\/ld+json\" class=\"yoast-schema-graph\">{\"@context\":\"https:\/\/schema.org\",\"@graph\":[{\"@type\":\"WebPage\",\"@id\":\"https:\/\/www.iplay.com\/de\/games\/rescue-adventure-marble-puzzle-blast-ce\/\",\"url\":\"https:\/\/www.iplay.com\/de\/games\/rescue-adventure-marble-puzzle-blast-ce\/\",\"name\":\"Rescue Adventure: Marble Puzzle Blast CE - Hilf Sara dabei, das Tierrettungszentrum zu reparieren\",\"isPartOf\":{\"@id\":\"https:\/\/www.iplay.com\/en\/#website\"},\"primaryImageOfPage\":{\"@id\":\"https:\/\/www.iplay.com\/de\/games\/rescue-adventure-marble-puzzle-blast-ce\/#primaryimage\"},\"image\":{\"@id\":\"https:\/\/www.iplay.com\/de\/games\/rescue-adventure-marble-puzzle-blast-ce\/#primaryimage\"},\"thumbnailUrl\":\"https:\/\/www.iplay.com\/wp-content\/uploads\/2023\/12\/large_square_tile_image-2403.jpg\",\"datePublished\":\"2021-11-15T00:00:00+00:00\",\"description\":\"Hilf Sara in Rescue Adventure: Marble Puzzle Blast CE, das Tierrettungszentrum zu reparieren.\",\"breadcrumb\":{\"@id\":\"https:\/\/www.iplay.com\/de\/games\/rescue-adventure-marble-puzzle-blast-ce\/#breadcrumb\"},\"inLanguage\":\"de-DE\",\"potentialAction\":[{\"@type\":\"ReadAction\",\"target\":[\"https:\/\/www.iplay.com\/de\/games\/rescue-adventure-marble-puzzle-blast-ce\/\"]}]},{\"@type\":\"ImageObject\",\"inLanguage\":\"de-DE\",\"@id\":\"https:\/\/www.iplay.com\/de\/games\/rescue-adventure-marble-puzzle-blast-ce\/#primaryimage\",\"url\":\"https:\/\/www.iplay.com\/wp-content\/uploads\/2023\/12\/large_square_tile_image-2403.jpg\",\"contentUrl\":\"https:\/\/www.iplay.com\/wp-content\/uploads\/2023\/12\/large_square_tile_image-2403.jpg\",\"width\":310,\"height\":310},{\"@type\":\"BreadcrumbList\",\"@id\":\"https:\/\/www.iplay.com\/de\/games\/rescue-adventure-marble-puzzle-blast-ce\/#breadcrumb\",\"itemListElement\":[{\"@type\":\"ListItem\",\"position\":1,\"name\":\"Home\",\"item\":\"https:\/\/www.iplay.com\/de\/home-page-2\/\"},{\"@type\":\"ListItem\",\"position\":2,\"name\":\"Shop\",\"item\":\"https:\/\/www.iplay.com\/en\/shop\/\"},{\"@type\":\"ListItem\",\"position\":3,\"name\":\"Rescue Adventure: Marble Puzzle Blast CE\"}]},{\"@type\":\"WebSite\",\"@id\":\"https:\/\/www.iplay.com\/en\/#website\",\"url\":\"https:\/\/www.iplay.com\/en\/\",\"name\":\"IPlay\",\"description\":\"The Best Casual Games!\",\"publisher\":{\"@id\":\"https:\/\/www.iplay.com\/en\/#organization\"},\"potentialAction\":[{\"@type\":\"SearchAction\",\"target\":{\"@type\":\"EntryPoint\",\"urlTemplate\":\"https:\/\/www.iplay.com\/en\/?s={search_term_string}\"},\"query-input\":{\"@type\":\"PropertyValueSpecification\",\"valueRequired\":true,\"valueName\":\"search_term_string\"}}],\"inLanguage\":\"de-DE\"},{\"@type\":\"Organization\",\"@id\":\"https:\/\/www.iplay.com\/en\/#organization\",\"name\":\"IPlay\",\"url\":\"https:\/\/www.iplay.com\/en\/\",\"logo\":{\"@type\":\"ImageObject\",\"inLanguage\":\"de-DE\",\"@id\":\"https:\/\/www.iplay.com\/en\/#\/schema\/logo\/image\/\",\"url\":\"https:\/\/www.iplay.com\/wp-content\/uploads\/2023\/11\/Group-6100.svg\",\"contentUrl\":\"https:\/\/www.iplay.com\/wp-content\/uploads\/2023\/11\/Group-6100.svg\",\"width\":98,\"height\":25,\"caption\":\"IPlay\"},\"image\":{\"@id\":\"https:\/\/www.iplay.com\/en\/#\/schema\/logo\/image\/\"}}]}<\/script>\n<!-- \/ Yoast SEO Premium plugin. -->","yoast_head_json":{"title":"Rescue Adventure: Marble Puzzle Blast CE - Hilf Sara dabei, das Tierrettungszentrum zu reparieren","description":"Hilf Sara in Rescue Adventure: Marble Puzzle Blast CE, das Tierrettungszentrum zu reparieren.","robots":{"index":"index","follow":"follow","max-snippet":"max-snippet:-1","max-image-preview":"max-image-preview:large","max-video-preview":"max-video-preview:-1"},"canonical":"https:\/\/www.iplay.com\/de\/games\/rescue-adventure-marble-puzzle-blast-ce\/","og_locale":"de_DE","og_type":"article","og_title":"Rescue Adventure: Marble Puzzle Blast CE","og_description":"Hilf Sara in Rescue Adventure: Marble Puzzle Blast CE, das Tierrettungszentrum zu reparieren.","og_url":"https:\/\/www.iplay.com\/de\/games\/rescue-adventure-marble-puzzle-blast-ce\/","og_site_name":"IPlay","og_image":[{"width":310,"height":310,"url":"https:\/\/www.iplay.com\/wp-content\/uploads\/2023\/12\/large_square_tile_image-2403.jpg","type":"image\/jpeg"}],"twitter_card":"summary_large_image","twitter_misc":{"Gesch\u00e4tzte Lesezeit":"1 Minute"},"schema":{"@context":"https:\/\/schema.org","@graph":[{"@type":"WebPage","@id":"https:\/\/www.iplay.com\/de\/games\/rescue-adventure-marble-puzzle-blast-ce\/","url":"https:\/\/www.iplay.com\/de\/games\/rescue-adventure-marble-puzzle-blast-ce\/","name":"Rescue Adventure: Marble Puzzle Blast CE - Hilf Sara dabei, das Tierrettungszentrum zu reparieren","isPartOf":{"@id":"https:\/\/www.iplay.com\/en\/#website"},"primaryImageOfPage":{"@id":"https:\/\/www.iplay.com\/de\/games\/rescue-adventure-marble-puzzle-blast-ce\/#primaryimage"},"image":{"@id":"https:\/\/www.iplay.com\/de\/games\/rescue-adventure-marble-puzzle-blast-ce\/#primaryimage"},"thumbnailUrl":"https:\/\/www.iplay.com\/wp-content\/uploads\/2023\/12\/large_square_tile_image-2403.jpg","datePublished":"2021-11-15T00:00:00+00:00","description":"Hilf Sara in Rescue Adventure: Marble Puzzle Blast CE, das Tierrettungszentrum zu reparieren.","breadcrumb":{"@id":"https:\/\/www.iplay.com\/de\/games\/rescue-adventure-marble-puzzle-blast-ce\/#breadcrumb"},"inLanguage":"de-DE","potentialAction":[{"@type":"ReadAction","target":["https:\/\/www.iplay.com\/de\/games\/rescue-adventure-marble-puzzle-blast-ce\/"]}]},{"@type":"ImageObject","inLanguage":"de-DE","@id":"https:\/\/www.iplay.com\/de\/games\/rescue-adventure-marble-puzzle-blast-ce\/#primaryimage","url":"https:\/\/www.iplay.com\/wp-content\/uploads\/2023\/12\/large_square_tile_image-2403.jpg","contentUrl":"https:\/\/www.iplay.com\/wp-content\/uploads\/2023\/12\/large_square_tile_image-2403.jpg","width":310,"height":310},{"@type":"BreadcrumbList","@id":"https:\/\/www.iplay.com\/de\/games\/rescue-adventure-marble-puzzle-blast-ce\/#breadcrumb","itemListElement":[{"@type":"ListItem","position":1,"name":"Home","item":"https:\/\/www.iplay.com\/de\/home-page-2\/"},{"@type":"ListItem","position":2,"name":"Shop","item":"https:\/\/www.iplay.com\/en\/shop\/"},{"@type":"ListItem","position":3,"name":"Rescue Adventure: Marble Puzzle Blast CE"}]},{"@type":"WebSite","@id":"https:\/\/www.iplay.com\/en\/#website","url":"https:\/\/www.iplay.com\/en\/","name":"IPlay","description":"The Best Casual Games!","publisher":{"@id":"https:\/\/www.iplay.com\/en\/#organization"},"potentialAction":[{"@type":"SearchAction","target":{"@type":"EntryPoint","urlTemplate":"https:\/\/www.iplay.com\/en\/?s={search_term_string}"},"query-input":{"@type":"PropertyValueSpecification","valueRequired":true,"valueName":"search_term_string"}}],"inLanguage":"de-DE"},{"@type":"Organization","@id":"https:\/\/www.iplay.com\/en\/#organization","name":"IPlay","url":"https:\/\/www.iplay.com\/en\/","logo":{"@type":"ImageObject","inLanguage":"de-DE","@id":"https:\/\/www.iplay.com\/en\/#\/schema\/logo\/image\/","url":"https:\/\/www.iplay.com\/wp-content\/uploads\/2023\/11\/Group-6100.svg","contentUrl":"https:\/\/www.iplay.com\/wp-content\/uploads\/2023\/11\/Group-6100.svg","width":98,"height":25,"caption":"IPlay"},"image":{"@id":"https:\/\/www.iplay.com\/en\/#\/schema\/logo\/image\/"}}]}},"_links":{"self":[{"href":"https:\/\/www.iplay.com\/de\/wp-json\/wp\/v2\/product\/136842","targetHints":{"allow":["GET"]}}],"collection":[{"href":"https:\/\/www.iplay.com\/de\/wp-json\/wp\/v2\/product"}],"about":[{"href":"https:\/\/www.iplay.com\/de\/wp-json\/wp\/v2\/types\/product"}],"author":[{"embeddable":true,"href":"https:\/\/www.iplay.com\/de\/wp-json\/wp\/v2\/users\/118"}],"replies":[{"embeddable":true,"href":"https:\/\/www.iplay.com\/de\/wp-json\/wp\/v2\/comments?post=136842"}],"wp:featuredmedia":[{"embeddable":true,"href":"https:\/\/www.iplay.com\/de\/wp-json\/wp\/v2\/media\/78457"}],"wp:attachment":[{"href":"https:\/\/www.iplay.com\/de\/wp-json\/wp\/v2\/media?parent=136842"}],"wp:term":[{"taxonomy":"product_brand","embeddable":true,"href":"https:\/\/www.iplay.com\/de\/wp-json\/wp\/v2\/product_brand?post=136842"},{"taxonomy":"product_cat","embeddable":true,"href":"https:\/\/www.iplay.com\/de\/wp-json\/wp\/v2\/product_cat?post=136842"},{"taxonomy":"product_tag","embeddable":true,"href":"https:\/\/www.iplay.com\/de\/wp-json\/wp\/v2\/product_tag?post=136842"}],"curies":[{"name":"wp","href":"https:\/\/api.w.org\/{rel}","templated":true}]}}