{"id":136824,"date":"2021-12-15T00:00:00","date_gmt":"2021-12-15T00:00:00","guid":{"rendered":"https:\/\/www.iplay.com\/games\/matchventures-3\/"},"modified":"2025-08-29T11:33:17","modified_gmt":"2025-08-29T11:33:17","slug":"matchventures-3","status":"publish","type":"product","link":"https:\/\/www.iplay.com\/de\/games\/matchventures-3\/","title":{"rendered":"MatchVentures 3"},"content":{"rendered":"<p>Entdecke die unheimlichen H\u00f6hlen unter Cliffmont Castle in diesem spannenden Match-3-Krimi! Um pr\u00e4chtige Festungen zu restaurieren, geheime G\u00e4nge zu entdecken und unbezahlbare Reicht\u00fcmer zu erwerben, aber h\u00fcte dich vor Feinden, die in den Kerkern herumstreifen. Mit der Hilfe von Finlea l\u00f6sen die Betreuerin des Kobolds und ihre schrullige Gruppe von Freunden herausfordernde R\u00e4tsel und Aufgaben. Um neue Burg-Upgrades zu kaufen, durchsuche die schattigen Bereiche jedes letzten Levels nach Geld und Ressourcen. Untersuche weitl\u00e4ufige Levels auf der Suche nach den Gegenst\u00e4nden, die du brauchst, um die Hindernisse zu \u00fcberwinden. Entdecke die Schl\u00fcssel, um Schatzkisten zu \u00f6ffnen, Feinde zu bek\u00e4mpfen und herausfordernde R\u00e4tsel zu l\u00f6sen in diesem bahnbrechenden Match-3-Spiel!     <\/p>\n<p>&nbsp;<\/p>\n<p>&nbsp;<\/p>\n<p><strong>Funktionen:<\/strong><\/p>\n<p>&nbsp;<\/p>\n<p>&#8211; K\u00fcmmere dich um deinen Esel<br \/>\n &#8211; Spiele in zwei verschiedenen Modi<\/p>\n<p> &#8211; Erkunde gewaltige Levels<br \/>\n &#8211; Baue drei majest\u00e4tische Schl\u00f6sser<br \/>\n wieder auf &#8211; L\u00f6se Dutzende von Quests &#8211; Sammle unz\u00e4hlige unbezahlbare Sch\u00e4tze<br \/>\n &#8211; Wundersch\u00f6ner orchestraler Soundtrack<\/p>\n","protected":false},"excerpt":{"rendered":"<p>Begeben Sie sich auf ein aufregendes Match-3-Mystery-Abenteuer in einem Schloss! Das MatchVentures 3 Spiel <\/p>\n","protected":false},"author":20,"featured_media":78249,"comment_status":"open","ping_status":"closed","template":"","meta":{"_acf_changed":false,"inline_featured_image":false},"product_brand":[],"product_cat":[194],"product_tag":[],"class_list":{"0":"post-136824","1":"product","2":"type-product","3":"status-publish","4":"has-post-thumbnail","6":"product_cat-puzzle-de","8":"first","9":"instock","10":"shipping-taxable","11":"purchasable","12":"product-type-simple"},"acf":[],"yoast_head":"<!-- This site is optimized with the Yoast SEO Premium plugin v25.2 (Yoast SEO v25.2) - https:\/\/yoast.com\/wordpress\/plugins\/seo\/ -->\n<title>MatchVentures 3 - Begeben Sie sich auf ein spannendes Match-3-Schloss-Mystery-Abenteuer<\/title>\n<meta name=\"description\" content=\"Begeben Sie sich auf ein aufregendes Match-3-Mystery-Abenteuer in einem Schloss! Das MatchVentures 3 Spiel\" \/>\n<meta name=\"robots\" content=\"index, follow, max-snippet:-1, max-image-preview:large, max-video-preview:-1\" \/>\n<link rel=\"canonical\" href=\"https:\/\/www.iplay.com\/de\/games\/matchventures-3\/\" \/>\n<meta property=\"og:locale\" content=\"de_DE\" \/>\n<meta property=\"og:type\" content=\"article\" \/>\n<meta property=\"og:title\" content=\"MatchVentures 3\" \/>\n<meta property=\"og:description\" content=\"Begeben Sie sich auf ein aufregendes Match-3-Mystery-Abenteuer in einem Schloss! Das MatchVentures 3 Spiel\" \/>\n<meta property=\"og:url\" content=\"https:\/\/www.iplay.com\/de\/games\/matchventures-3\/\" \/>\n<meta property=\"og:site_name\" content=\"IPlay\" \/>\n<meta property=\"article:modified_time\" content=\"2025-08-29T11:33:17+00:00\" \/>\n<meta property=\"og:image\" content=\"https:\/\/www.iplay.com\/wp-content\/uploads\/2023\/12\/large_square_tile_image-2390.jpg\" \/>\n\t<meta property=\"og:image:width\" content=\"310\" \/>\n\t<meta property=\"og:image:height\" content=\"310\" \/>\n\t<meta property=\"og:image:type\" content=\"image\/jpeg\" \/>\n<meta name=\"twitter:card\" content=\"summary_large_image\" \/>\n<meta name=\"twitter:label1\" content=\"Gesch\u00e4tzte Lesezeit\" \/>\n\t<meta name=\"twitter:data1\" content=\"1 Minute\" \/>\n<script type=\"application\/ld+json\" class=\"yoast-schema-graph\">{\"@context\":\"https:\/\/schema.org\",\"@graph\":[{\"@type\":\"WebPage\",\"@id\":\"https:\/\/www.iplay.com\/de\/games\/matchventures-3\/\",\"url\":\"https:\/\/www.iplay.com\/de\/games\/matchventures-3\/\",\"name\":\"MatchVentures 3 - Begeben Sie sich auf ein spannendes Match-3-Schloss-Mystery-Abenteuer\",\"isPartOf\":{\"@id\":\"https:\/\/www.iplay.com\/en\/#website\"},\"primaryImageOfPage\":{\"@id\":\"https:\/\/www.iplay.com\/de\/games\/matchventures-3\/#primaryimage\"},\"image\":{\"@id\":\"https:\/\/www.iplay.com\/de\/games\/matchventures-3\/#primaryimage\"},\"thumbnailUrl\":\"https:\/\/www.iplay.com\/wp-content\/uploads\/2023\/12\/large_square_tile_image-2390.jpg\",\"datePublished\":\"2021-12-15T00:00:00+00:00\",\"dateModified\":\"2025-08-29T11:33:17+00:00\",\"description\":\"Begeben Sie sich auf ein aufregendes Match-3-Mystery-Abenteuer in einem Schloss! Das MatchVentures 3 Spiel\",\"breadcrumb\":{\"@id\":\"https:\/\/www.iplay.com\/de\/games\/matchventures-3\/#breadcrumb\"},\"inLanguage\":\"de-DE\",\"potentialAction\":[{\"@type\":\"ReadAction\",\"target\":[\"https:\/\/www.iplay.com\/de\/games\/matchventures-3\/\"]}]},{\"@type\":\"ImageObject\",\"inLanguage\":\"de-DE\",\"@id\":\"https:\/\/www.iplay.com\/de\/games\/matchventures-3\/#primaryimage\",\"url\":\"https:\/\/www.iplay.com\/wp-content\/uploads\/2023\/12\/large_square_tile_image-2390.jpg\",\"contentUrl\":\"https:\/\/www.iplay.com\/wp-content\/uploads\/2023\/12\/large_square_tile_image-2390.jpg\",\"width\":310,\"height\":310},{\"@type\":\"BreadcrumbList\",\"@id\":\"https:\/\/www.iplay.com\/de\/games\/matchventures-3\/#breadcrumb\",\"itemListElement\":[{\"@type\":\"ListItem\",\"position\":1,\"name\":\"Home\",\"item\":\"https:\/\/www.iplay.com\/de\/home-page-2\/\"},{\"@type\":\"ListItem\",\"position\":2,\"name\":\"Shop\",\"item\":\"https:\/\/www.iplay.com\/en\/shop\/\"},{\"@type\":\"ListItem\",\"position\":3,\"name\":\"MatchVentures 3\"}]},{\"@type\":\"WebSite\",\"@id\":\"https:\/\/www.iplay.com\/en\/#website\",\"url\":\"https:\/\/www.iplay.com\/en\/\",\"name\":\"IPlay\",\"description\":\"The Best Casual Games!\",\"publisher\":{\"@id\":\"https:\/\/www.iplay.com\/en\/#organization\"},\"potentialAction\":[{\"@type\":\"SearchAction\",\"target\":{\"@type\":\"EntryPoint\",\"urlTemplate\":\"https:\/\/www.iplay.com\/en\/?s={search_term_string}\"},\"query-input\":{\"@type\":\"PropertyValueSpecification\",\"valueRequired\":true,\"valueName\":\"search_term_string\"}}],\"inLanguage\":\"de-DE\"},{\"@type\":\"Organization\",\"@id\":\"https:\/\/www.iplay.com\/en\/#organization\",\"name\":\"IPlay\",\"url\":\"https:\/\/www.iplay.com\/en\/\",\"logo\":{\"@type\":\"ImageObject\",\"inLanguage\":\"de-DE\",\"@id\":\"https:\/\/www.iplay.com\/en\/#\/schema\/logo\/image\/\",\"url\":\"https:\/\/www.iplay.com\/wp-content\/uploads\/2023\/11\/Group-6100.svg\",\"contentUrl\":\"https:\/\/www.iplay.com\/wp-content\/uploads\/2023\/11\/Group-6100.svg\",\"width\":98,\"height\":25,\"caption\":\"IPlay\"},\"image\":{\"@id\":\"https:\/\/www.iplay.com\/en\/#\/schema\/logo\/image\/\"}}]}<\/script>\n<!-- \/ Yoast SEO Premium plugin. -->","yoast_head_json":{"title":"MatchVentures 3 - Begeben Sie sich auf ein spannendes Match-3-Schloss-Mystery-Abenteuer","description":"Begeben Sie sich auf ein aufregendes Match-3-Mystery-Abenteuer in einem Schloss! Das MatchVentures 3 Spiel","robots":{"index":"index","follow":"follow","max-snippet":"max-snippet:-1","max-image-preview":"max-image-preview:large","max-video-preview":"max-video-preview:-1"},"canonical":"https:\/\/www.iplay.com\/de\/games\/matchventures-3\/","og_locale":"de_DE","og_type":"article","og_title":"MatchVentures 3","og_description":"Begeben Sie sich auf ein aufregendes Match-3-Mystery-Abenteuer in einem Schloss! Das MatchVentures 3 Spiel","og_url":"https:\/\/www.iplay.com\/de\/games\/matchventures-3\/","og_site_name":"IPlay","article_modified_time":"2025-08-29T11:33:17+00:00","og_image":[{"width":310,"height":310,"url":"https:\/\/www.iplay.com\/wp-content\/uploads\/2023\/12\/large_square_tile_image-2390.jpg","type":"image\/jpeg"}],"twitter_card":"summary_large_image","twitter_misc":{"Gesch\u00e4tzte Lesezeit":"1 Minute"},"schema":{"@context":"https:\/\/schema.org","@graph":[{"@type":"WebPage","@id":"https:\/\/www.iplay.com\/de\/games\/matchventures-3\/","url":"https:\/\/www.iplay.com\/de\/games\/matchventures-3\/","name":"MatchVentures 3 - Begeben Sie sich auf ein spannendes Match-3-Schloss-Mystery-Abenteuer","isPartOf":{"@id":"https:\/\/www.iplay.com\/en\/#website"},"primaryImageOfPage":{"@id":"https:\/\/www.iplay.com\/de\/games\/matchventures-3\/#primaryimage"},"image":{"@id":"https:\/\/www.iplay.com\/de\/games\/matchventures-3\/#primaryimage"},"thumbnailUrl":"https:\/\/www.iplay.com\/wp-content\/uploads\/2023\/12\/large_square_tile_image-2390.jpg","datePublished":"2021-12-15T00:00:00+00:00","dateModified":"2025-08-29T11:33:17+00:00","description":"Begeben Sie sich auf ein aufregendes Match-3-Mystery-Abenteuer in einem Schloss! Das MatchVentures 3 Spiel","breadcrumb":{"@id":"https:\/\/www.iplay.com\/de\/games\/matchventures-3\/#breadcrumb"},"inLanguage":"de-DE","potentialAction":[{"@type":"ReadAction","target":["https:\/\/www.iplay.com\/de\/games\/matchventures-3\/"]}]},{"@type":"ImageObject","inLanguage":"de-DE","@id":"https:\/\/www.iplay.com\/de\/games\/matchventures-3\/#primaryimage","url":"https:\/\/www.iplay.com\/wp-content\/uploads\/2023\/12\/large_square_tile_image-2390.jpg","contentUrl":"https:\/\/www.iplay.com\/wp-content\/uploads\/2023\/12\/large_square_tile_image-2390.jpg","width":310,"height":310},{"@type":"BreadcrumbList","@id":"https:\/\/www.iplay.com\/de\/games\/matchventures-3\/#breadcrumb","itemListElement":[{"@type":"ListItem","position":1,"name":"Home","item":"https:\/\/www.iplay.com\/de\/home-page-2\/"},{"@type":"ListItem","position":2,"name":"Shop","item":"https:\/\/www.iplay.com\/en\/shop\/"},{"@type":"ListItem","position":3,"name":"MatchVentures 3"}]},{"@type":"WebSite","@id":"https:\/\/www.iplay.com\/en\/#website","url":"https:\/\/www.iplay.com\/en\/","name":"IPlay","description":"The Best Casual Games!","publisher":{"@id":"https:\/\/www.iplay.com\/en\/#organization"},"potentialAction":[{"@type":"SearchAction","target":{"@type":"EntryPoint","urlTemplate":"https:\/\/www.iplay.com\/en\/?s={search_term_string}"},"query-input":{"@type":"PropertyValueSpecification","valueRequired":true,"valueName":"search_term_string"}}],"inLanguage":"de-DE"},{"@type":"Organization","@id":"https:\/\/www.iplay.com\/en\/#organization","name":"IPlay","url":"https:\/\/www.iplay.com\/en\/","logo":{"@type":"ImageObject","inLanguage":"de-DE","@id":"https:\/\/www.iplay.com\/en\/#\/schema\/logo\/image\/","url":"https:\/\/www.iplay.com\/wp-content\/uploads\/2023\/11\/Group-6100.svg","contentUrl":"https:\/\/www.iplay.com\/wp-content\/uploads\/2023\/11\/Group-6100.svg","width":98,"height":25,"caption":"IPlay"},"image":{"@id":"https:\/\/www.iplay.com\/en\/#\/schema\/logo\/image\/"}}]}},"_links":{"self":[{"href":"https:\/\/www.iplay.com\/de\/wp-json\/wp\/v2\/product\/136824","targetHints":{"allow":["GET"]}}],"collection":[{"href":"https:\/\/www.iplay.com\/de\/wp-json\/wp\/v2\/product"}],"about":[{"href":"https:\/\/www.iplay.com\/de\/wp-json\/wp\/v2\/types\/product"}],"author":[{"embeddable":true,"href":"https:\/\/www.iplay.com\/de\/wp-json\/wp\/v2\/users\/20"}],"replies":[{"embeddable":true,"href":"https:\/\/www.iplay.com\/de\/wp-json\/wp\/v2\/comments?post=136824"}],"wp:featuredmedia":[{"embeddable":true,"href":"https:\/\/www.iplay.com\/de\/wp-json\/wp\/v2\/media\/78249"}],"wp:attachment":[{"href":"https:\/\/www.iplay.com\/de\/wp-json\/wp\/v2\/media?parent=136824"}],"wp:term":[{"taxonomy":"product_brand","embeddable":true,"href":"https:\/\/www.iplay.com\/de\/wp-json\/wp\/v2\/product_brand?post=136824"},{"taxonomy":"product_cat","embeddable":true,"href":"https:\/\/www.iplay.com\/de\/wp-json\/wp\/v2\/product_cat?post=136824"},{"taxonomy":"product_tag","embeddable":true,"href":"https:\/\/www.iplay.com\/de\/wp-json\/wp\/v2\/product_tag?post=136824"}],"curies":[{"name":"wp","href":"https:\/\/api.w.org\/{rel}","templated":true}]}}