{"id":136787,"date":"2022-02-02T00:00:00","date_gmt":"2022-02-02T00:00:00","guid":{"rendered":"https:\/\/www.iplay.com\/games\/catherine-ragnor-and-the-cursed-island\/"},"modified":"2022-02-02T00:00:00","modified_gmt":"2022-02-02T00:00:00","slug":"catherine-ragnor-and-the-cursed-island","status":"publish","type":"product","link":"https:\/\/www.iplay.com\/de\/games\/catherine-ragnor-and-the-cursed-island\/","title":{"rendered":"Catherine Ragnor and the Cursed Island"},"content":{"rendered":"<p>Edward the Blade und Catherine Ragnor begeben sich auf ein Abenteuer und eine Schatzsuche. Es scheint, dass beide am besten mit einer mysteri\u00f6sen Insel bedient w\u00e4ren, die auf keiner Karte zu sehen ist. Doch Catherines Schiff wird durch einen unerwarteten Angriff versenkt und sie stranden auf der Insel, wo sie feststellen, dass es zahlreiche nat\u00fcrliche und \u00fcbernat\u00fcrliche Gefahren gibt. Die K\u00fcste der Insel wird von einer r\u00e4tselhaften Bestie bedroht, und eine seltsame Macht lauert \u00fcber ihr. Werden sie die R\u00e4tsel der Insel l\u00f6sen und \u00fcberleben? Oder werden sie alle von der b\u00f6sen Macht der Insel verschlungen?     <\/p>\n<p>&nbsp;<\/p>\n<p>&nbsp;<\/p>\n<p><strong>  Funktionen:<\/strong><\/p>\n<p>&nbsp;<\/p>\n<p>&#8211; Nimm an einer brandneuen Mystery- und Abenteuergeschichte mit Catherine Ragnor teil.<\/p>\n<p>&#8211; Schlie\u00dfe ein lustiges und schwieriges Spiel mit drei R\u00e4tseln ab.<\/p>\n<p>&#8211; F\u00fcnf Kapitel, die jede Phase ihres Abenteuers dokumentieren.<\/p>\n<p>&#8211; Hilf Catherine dabei, das Geheimnis der t\u00f6dlichen Insel zu l\u00f6sen.<\/p>\n<p>&#8211; Interessante Pers\u00f6nlichkeiten bilden die Kulisse f\u00fcr unsere Reise.<\/p>\n","protected":false},"excerpt":{"rendered":"<p>Erlebe ein brandneues Abenteuer mit Catherine auf einer gef\u00e4hrlichen Insel! Auf Die verwunschene Insel von Catherine Ragnor <\/p>\n","protected":false},"author":42,"featured_media":77961,"comment_status":"open","ping_status":"closed","template":"","meta":{"_acf_changed":false,"inline_featured_image":false},"product_brand":[],"product_cat":[194],"product_tag":[],"class_list":{"0":"post-136787","1":"product","2":"type-product","3":"status-publish","4":"has-post-thumbnail","6":"product_cat-puzzle-de","8":"first","9":"instock","10":"shipping-taxable","11":"purchasable","12":"product-type-simple"},"acf":[],"yoast_head":"<!-- This site is optimized with the Yoast SEO Premium plugin v25.2 (Yoast SEO v25.2) - https:\/\/yoast.com\/wordpress\/plugins\/seo\/ -->\n<title>Catherine Ragnor und die verfluchte Insel - Catherine begibt sich auf eine gef\u00e4hrliche Insel, um ein neues Abenteuer zu erleben<\/title>\n<meta name=\"description\" content=\"Erlebe ein brandneues Abenteuer mit Catherine auf einer gef\u00e4hrlichen Insel! Auf Die verwunschene Insel von Catherine Ragnor\" \/>\n<meta name=\"robots\" content=\"index, follow, max-snippet:-1, max-image-preview:large, max-video-preview:-1\" \/>\n<link rel=\"canonical\" href=\"https:\/\/www.iplay.com\/de\/games\/catherine-ragnor-and-the-cursed-island\/\" \/>\n<meta property=\"og:locale\" content=\"de_DE\" \/>\n<meta property=\"og:type\" content=\"article\" \/>\n<meta property=\"og:title\" content=\"Catherine Ragnor and the Cursed Island\" \/>\n<meta property=\"og:description\" content=\"Erlebe ein brandneues Abenteuer mit Catherine auf einer gef\u00e4hrlichen Insel! Auf Die verwunschene Insel von Catherine Ragnor\" \/>\n<meta property=\"og:url\" content=\"https:\/\/www.iplay.com\/de\/games\/catherine-ragnor-and-the-cursed-island\/\" \/>\n<meta property=\"og:site_name\" content=\"IPlay\" \/>\n<meta property=\"og:image\" content=\"https:\/\/www.iplay.com\/wp-content\/uploads\/2023\/12\/large_square_tile_image-2370.jpg\" \/>\n\t<meta property=\"og:image:width\" content=\"310\" \/>\n\t<meta property=\"og:image:height\" content=\"310\" \/>\n\t<meta property=\"og:image:type\" content=\"image\/jpeg\" \/>\n<meta name=\"twitter:card\" content=\"summary_large_image\" \/>\n<meta name=\"twitter:label1\" content=\"Gesch\u00e4tzte Lesezeit\" \/>\n\t<meta name=\"twitter:data1\" content=\"1 Minute\" \/>\n<script type=\"application\/ld+json\" class=\"yoast-schema-graph\">{\"@context\":\"https:\/\/schema.org\",\"@graph\":[{\"@type\":\"WebPage\",\"@id\":\"https:\/\/www.iplay.com\/de\/games\/catherine-ragnor-and-the-cursed-island\/\",\"url\":\"https:\/\/www.iplay.com\/de\/games\/catherine-ragnor-and-the-cursed-island\/\",\"name\":\"Catherine Ragnor und die verfluchte Insel - Catherine begibt sich auf eine gef\u00e4hrliche Insel, um ein neues Abenteuer zu erleben\",\"isPartOf\":{\"@id\":\"https:\/\/www.iplay.com\/en\/#website\"},\"primaryImageOfPage\":{\"@id\":\"https:\/\/www.iplay.com\/de\/games\/catherine-ragnor-and-the-cursed-island\/#primaryimage\"},\"image\":{\"@id\":\"https:\/\/www.iplay.com\/de\/games\/catherine-ragnor-and-the-cursed-island\/#primaryimage\"},\"thumbnailUrl\":\"https:\/\/www.iplay.com\/wp-content\/uploads\/2023\/12\/large_square_tile_image-2370.jpg\",\"datePublished\":\"2022-02-02T00:00:00+00:00\",\"description\":\"Erlebe ein brandneues Abenteuer mit Catherine auf einer gef\u00e4hrlichen Insel! Auf Die verwunschene Insel von Catherine Ragnor\",\"breadcrumb\":{\"@id\":\"https:\/\/www.iplay.com\/de\/games\/catherine-ragnor-and-the-cursed-island\/#breadcrumb\"},\"inLanguage\":\"de-DE\",\"potentialAction\":[{\"@type\":\"ReadAction\",\"target\":[\"https:\/\/www.iplay.com\/de\/games\/catherine-ragnor-and-the-cursed-island\/\"]}]},{\"@type\":\"ImageObject\",\"inLanguage\":\"de-DE\",\"@id\":\"https:\/\/www.iplay.com\/de\/games\/catherine-ragnor-and-the-cursed-island\/#primaryimage\",\"url\":\"https:\/\/www.iplay.com\/wp-content\/uploads\/2023\/12\/large_square_tile_image-2370.jpg\",\"contentUrl\":\"https:\/\/www.iplay.com\/wp-content\/uploads\/2023\/12\/large_square_tile_image-2370.jpg\",\"width\":310,\"height\":310},{\"@type\":\"BreadcrumbList\",\"@id\":\"https:\/\/www.iplay.com\/de\/games\/catherine-ragnor-and-the-cursed-island\/#breadcrumb\",\"itemListElement\":[{\"@type\":\"ListItem\",\"position\":1,\"name\":\"Home\",\"item\":\"https:\/\/www.iplay.com\/de\/home-page-2\/\"},{\"@type\":\"ListItem\",\"position\":2,\"name\":\"Shop\",\"item\":\"https:\/\/www.iplay.com\/en\/shop\/\"},{\"@type\":\"ListItem\",\"position\":3,\"name\":\"Catherine Ragnor and the Cursed Island\"}]},{\"@type\":\"WebSite\",\"@id\":\"https:\/\/www.iplay.com\/en\/#website\",\"url\":\"https:\/\/www.iplay.com\/en\/\",\"name\":\"IPlay\",\"description\":\"The Best Casual Games!\",\"publisher\":{\"@id\":\"https:\/\/www.iplay.com\/en\/#organization\"},\"potentialAction\":[{\"@type\":\"SearchAction\",\"target\":{\"@type\":\"EntryPoint\",\"urlTemplate\":\"https:\/\/www.iplay.com\/en\/?s={search_term_string}\"},\"query-input\":{\"@type\":\"PropertyValueSpecification\",\"valueRequired\":true,\"valueName\":\"search_term_string\"}}],\"inLanguage\":\"de-DE\"},{\"@type\":\"Organization\",\"@id\":\"https:\/\/www.iplay.com\/en\/#organization\",\"name\":\"IPlay\",\"url\":\"https:\/\/www.iplay.com\/en\/\",\"logo\":{\"@type\":\"ImageObject\",\"inLanguage\":\"de-DE\",\"@id\":\"https:\/\/www.iplay.com\/en\/#\/schema\/logo\/image\/\",\"url\":\"https:\/\/www.iplay.com\/wp-content\/uploads\/2023\/11\/Group-6100.svg\",\"contentUrl\":\"https:\/\/www.iplay.com\/wp-content\/uploads\/2023\/11\/Group-6100.svg\",\"width\":98,\"height\":25,\"caption\":\"IPlay\"},\"image\":{\"@id\":\"https:\/\/www.iplay.com\/en\/#\/schema\/logo\/image\/\"}}]}<\/script>\n<!-- \/ Yoast SEO Premium plugin. -->","yoast_head_json":{"title":"Catherine Ragnor und die verfluchte Insel - Catherine begibt sich auf eine gef\u00e4hrliche Insel, um ein neues Abenteuer zu erleben","description":"Erlebe ein brandneues Abenteuer mit Catherine auf einer gef\u00e4hrlichen Insel! Auf Die verwunschene Insel von Catherine Ragnor","robots":{"index":"index","follow":"follow","max-snippet":"max-snippet:-1","max-image-preview":"max-image-preview:large","max-video-preview":"max-video-preview:-1"},"canonical":"https:\/\/www.iplay.com\/de\/games\/catherine-ragnor-and-the-cursed-island\/","og_locale":"de_DE","og_type":"article","og_title":"Catherine Ragnor and the Cursed Island","og_description":"Erlebe ein brandneues Abenteuer mit Catherine auf einer gef\u00e4hrlichen Insel! Auf Die verwunschene Insel von Catherine Ragnor","og_url":"https:\/\/www.iplay.com\/de\/games\/catherine-ragnor-and-the-cursed-island\/","og_site_name":"IPlay","og_image":[{"width":310,"height":310,"url":"https:\/\/www.iplay.com\/wp-content\/uploads\/2023\/12\/large_square_tile_image-2370.jpg","type":"image\/jpeg"}],"twitter_card":"summary_large_image","twitter_misc":{"Gesch\u00e4tzte Lesezeit":"1 Minute"},"schema":{"@context":"https:\/\/schema.org","@graph":[{"@type":"WebPage","@id":"https:\/\/www.iplay.com\/de\/games\/catherine-ragnor-and-the-cursed-island\/","url":"https:\/\/www.iplay.com\/de\/games\/catherine-ragnor-and-the-cursed-island\/","name":"Catherine Ragnor und die verfluchte Insel - Catherine begibt sich auf eine gef\u00e4hrliche Insel, um ein neues Abenteuer zu erleben","isPartOf":{"@id":"https:\/\/www.iplay.com\/en\/#website"},"primaryImageOfPage":{"@id":"https:\/\/www.iplay.com\/de\/games\/catherine-ragnor-and-the-cursed-island\/#primaryimage"},"image":{"@id":"https:\/\/www.iplay.com\/de\/games\/catherine-ragnor-and-the-cursed-island\/#primaryimage"},"thumbnailUrl":"https:\/\/www.iplay.com\/wp-content\/uploads\/2023\/12\/large_square_tile_image-2370.jpg","datePublished":"2022-02-02T00:00:00+00:00","description":"Erlebe ein brandneues Abenteuer mit Catherine auf einer gef\u00e4hrlichen Insel! Auf Die verwunschene Insel von Catherine Ragnor","breadcrumb":{"@id":"https:\/\/www.iplay.com\/de\/games\/catherine-ragnor-and-the-cursed-island\/#breadcrumb"},"inLanguage":"de-DE","potentialAction":[{"@type":"ReadAction","target":["https:\/\/www.iplay.com\/de\/games\/catherine-ragnor-and-the-cursed-island\/"]}]},{"@type":"ImageObject","inLanguage":"de-DE","@id":"https:\/\/www.iplay.com\/de\/games\/catherine-ragnor-and-the-cursed-island\/#primaryimage","url":"https:\/\/www.iplay.com\/wp-content\/uploads\/2023\/12\/large_square_tile_image-2370.jpg","contentUrl":"https:\/\/www.iplay.com\/wp-content\/uploads\/2023\/12\/large_square_tile_image-2370.jpg","width":310,"height":310},{"@type":"BreadcrumbList","@id":"https:\/\/www.iplay.com\/de\/games\/catherine-ragnor-and-the-cursed-island\/#breadcrumb","itemListElement":[{"@type":"ListItem","position":1,"name":"Home","item":"https:\/\/www.iplay.com\/de\/home-page-2\/"},{"@type":"ListItem","position":2,"name":"Shop","item":"https:\/\/www.iplay.com\/en\/shop\/"},{"@type":"ListItem","position":3,"name":"Catherine Ragnor and the Cursed Island"}]},{"@type":"WebSite","@id":"https:\/\/www.iplay.com\/en\/#website","url":"https:\/\/www.iplay.com\/en\/","name":"IPlay","description":"The Best Casual Games!","publisher":{"@id":"https:\/\/www.iplay.com\/en\/#organization"},"potentialAction":[{"@type":"SearchAction","target":{"@type":"EntryPoint","urlTemplate":"https:\/\/www.iplay.com\/en\/?s={search_term_string}"},"query-input":{"@type":"PropertyValueSpecification","valueRequired":true,"valueName":"search_term_string"}}],"inLanguage":"de-DE"},{"@type":"Organization","@id":"https:\/\/www.iplay.com\/en\/#organization","name":"IPlay","url":"https:\/\/www.iplay.com\/en\/","logo":{"@type":"ImageObject","inLanguage":"de-DE","@id":"https:\/\/www.iplay.com\/en\/#\/schema\/logo\/image\/","url":"https:\/\/www.iplay.com\/wp-content\/uploads\/2023\/11\/Group-6100.svg","contentUrl":"https:\/\/www.iplay.com\/wp-content\/uploads\/2023\/11\/Group-6100.svg","width":98,"height":25,"caption":"IPlay"},"image":{"@id":"https:\/\/www.iplay.com\/en\/#\/schema\/logo\/image\/"}}]}},"_links":{"self":[{"href":"https:\/\/www.iplay.com\/de\/wp-json\/wp\/v2\/product\/136787","targetHints":{"allow":["GET"]}}],"collection":[{"href":"https:\/\/www.iplay.com\/de\/wp-json\/wp\/v2\/product"}],"about":[{"href":"https:\/\/www.iplay.com\/de\/wp-json\/wp\/v2\/types\/product"}],"author":[{"embeddable":true,"href":"https:\/\/www.iplay.com\/de\/wp-json\/wp\/v2\/users\/42"}],"replies":[{"embeddable":true,"href":"https:\/\/www.iplay.com\/de\/wp-json\/wp\/v2\/comments?post=136787"}],"wp:featuredmedia":[{"embeddable":true,"href":"https:\/\/www.iplay.com\/de\/wp-json\/wp\/v2\/media\/77961"}],"wp:attachment":[{"href":"https:\/\/www.iplay.com\/de\/wp-json\/wp\/v2\/media?parent=136787"}],"wp:term":[{"taxonomy":"product_brand","embeddable":true,"href":"https:\/\/www.iplay.com\/de\/wp-json\/wp\/v2\/product_brand?post=136787"},{"taxonomy":"product_cat","embeddable":true,"href":"https:\/\/www.iplay.com\/de\/wp-json\/wp\/v2\/product_cat?post=136787"},{"taxonomy":"product_tag","embeddable":true,"href":"https:\/\/www.iplay.com\/de\/wp-json\/wp\/v2\/product_tag?post=136787"}],"curies":[{"name":"wp","href":"https:\/\/api.w.org\/{rel}","templated":true}]}}