{"id":136596,"date":"2022-03-27T00:00:00","date_gmt":"2022-03-27T00:00:00","guid":{"rendered":"https:\/\/www.iplay.com\/games\/mystery-solitaire-powerful-alchemist-2\/"},"modified":"2022-03-27T00:00:00","modified_gmt":"2022-03-27T00:00:00","slug":"mystery-solitaire-powerful-alchemist-2","status":"publish","type":"product","link":"https:\/\/www.iplay.com\/de\/games\/mystery-solitaire-powerful-alchemist-2\/","title":{"rendered":"Mystery Solitaire Powerful Alchemist 2"},"content":{"rendered":"<p>Werde ein m\u00e4chtiger Alchemist, indem du in der Zeit zur\u00fcck ins Mittelalter reist! Dies ist der neueste Teil der beliebten Serie. Das Spiel besteht aus 200 Stufen, die auf 20 Orte verteilt sind, von denen du jede abschlie\u00dfen musst, um spezielle Tr\u00e4nke zu verdienen. 200 Level am Tag zu spielen macht eine Menge Spa\u00df! Dank der einzigartigen Balance und der herausfordernden Levels des Spiels kannst du gleichzeitig Spa\u00df haben und deinen Intellekt herausfordern.    <\/p>\n<p>&nbsp;<\/p>\n<p>&nbsp;<\/p>\n<p><strong>  Funktionen:<\/strong><\/p>\n<p>&#8211; Levels, die Spa\u00df machen<br \/>\n&#8211; Solit\u00e4r-Kartenspiel: Baue eine Kette von Karten!<\/p>\n<p>&#8211; Lebendige Bilder und ein eing\u00e4ngiger Soundtrack machen dieses Spiel zum idealen Einzelspiel!<br \/>\n&#8211; Der Joker hilft dir, Karten schneller zu ziehen.<\/p>\n<p>&#8211; Wenn du die Multiplikator-Kombination verbesserst, erh\u00e4ltst du zus\u00e4tzliche M\u00fcnzen!<\/p>\n<p>&#8211; Sammle f\u00fcnfzehn alchemistische Heilmittel!<\/p>\n","protected":false},"excerpt":{"rendered":"<p>In Mystery Solitaire Powerful Alchemist 2 reistest du in die Vergangenheit, um ein beeindruckender Alchemist zu werden.<\/p>\n","protected":false},"author":13,"featured_media":90325,"comment_status":"open","ping_status":"closed","template":"","meta":{"_acf_changed":false,"inline_featured_image":false},"product_brand":[],"product_cat":[157,206],"product_tag":[289],"class_list":{"0":"post-136596","1":"product","2":"type-product","3":"status-publish","4":"has-post-thumbnail","6":"product_cat-card-de-2","7":"product_cat-solitaire-de","8":"product_tag-play-on-pc-de","10":"first","11":"instock","12":"shipping-taxable","13":"purchasable","14":"product-type-simple"},"acf":[],"yoast_head":"<!-- This site is optimized with the Yoast SEO Premium plugin v25.2 (Yoast SEO v25.2) - https:\/\/yoast.com\/wordpress\/plugins\/seo\/ -->\n<title>Mystery Solitaire Powerful Alchemist 2 - Kehre als beeindruckender Alchemist ins Mittelalter zur\u00fcck<\/title>\n<meta name=\"description\" content=\"In Mystery Solitaire Powerful Alchemist 2 reistest du in die Vergangenheit, um ein beeindruckender Alchemist zu werden.\" \/>\n<meta name=\"robots\" content=\"index, follow, max-snippet:-1, max-image-preview:large, max-video-preview:-1\" \/>\n<link rel=\"canonical\" href=\"https:\/\/www.iplay.com\/de\/games\/mystery-solitaire-powerful-alchemist-2\/\" \/>\n<meta property=\"og:locale\" content=\"de_DE\" \/>\n<meta property=\"og:type\" content=\"article\" \/>\n<meta property=\"og:title\" content=\"Mystery Solitaire Powerful Alchemist 2\" \/>\n<meta property=\"og:description\" content=\"In Mystery Solitaire Powerful Alchemist 2 reistest du in die Vergangenheit, um ein beeindruckender Alchemist zu werden.\" \/>\n<meta property=\"og:url\" content=\"https:\/\/www.iplay.com\/de\/games\/mystery-solitaire-powerful-alchemist-2\/\" \/>\n<meta property=\"og:site_name\" content=\"IPlay\" \/>\n<meta property=\"og:image\" content=\"https:\/\/www.iplay.com\/wp-content\/uploads\/2023\/12\/large_square_tile_image-3159.jpg\" \/>\n\t<meta property=\"og:image:width\" content=\"310\" \/>\n\t<meta property=\"og:image:height\" content=\"310\" \/>\n\t<meta property=\"og:image:type\" content=\"image\/jpeg\" \/>\n<meta name=\"twitter:card\" content=\"summary_large_image\" \/>\n<meta name=\"twitter:label1\" content=\"Gesch\u00e4tzte Lesezeit\" \/>\n\t<meta name=\"twitter:data1\" content=\"1 Minute\" \/>\n<script type=\"application\/ld+json\" class=\"yoast-schema-graph\">{\"@context\":\"https:\/\/schema.org\",\"@graph\":[{\"@type\":\"WebPage\",\"@id\":\"https:\/\/www.iplay.com\/de\/games\/mystery-solitaire-powerful-alchemist-2\/\",\"url\":\"https:\/\/www.iplay.com\/de\/games\/mystery-solitaire-powerful-alchemist-2\/\",\"name\":\"Mystery Solitaire Powerful Alchemist 2 - Kehre als beeindruckender Alchemist ins Mittelalter zur\u00fcck\",\"isPartOf\":{\"@id\":\"https:\/\/www.iplay.com\/en\/#website\"},\"primaryImageOfPage\":{\"@id\":\"https:\/\/www.iplay.com\/de\/games\/mystery-solitaire-powerful-alchemist-2\/#primaryimage\"},\"image\":{\"@id\":\"https:\/\/www.iplay.com\/de\/games\/mystery-solitaire-powerful-alchemist-2\/#primaryimage\"},\"thumbnailUrl\":\"https:\/\/www.iplay.com\/wp-content\/uploads\/2023\/12\/large_square_tile_image-3159.jpg\",\"datePublished\":\"2022-03-27T00:00:00+00:00\",\"description\":\"In Mystery Solitaire Powerful Alchemist 2 reistest du in die Vergangenheit, um ein beeindruckender Alchemist zu werden.\",\"breadcrumb\":{\"@id\":\"https:\/\/www.iplay.com\/de\/games\/mystery-solitaire-powerful-alchemist-2\/#breadcrumb\"},\"inLanguage\":\"de-DE\",\"potentialAction\":[{\"@type\":\"ReadAction\",\"target\":[\"https:\/\/www.iplay.com\/de\/games\/mystery-solitaire-powerful-alchemist-2\/\"]}]},{\"@type\":\"ImageObject\",\"inLanguage\":\"de-DE\",\"@id\":\"https:\/\/www.iplay.com\/de\/games\/mystery-solitaire-powerful-alchemist-2\/#primaryimage\",\"url\":\"https:\/\/www.iplay.com\/wp-content\/uploads\/2023\/12\/large_square_tile_image-3159.jpg\",\"contentUrl\":\"https:\/\/www.iplay.com\/wp-content\/uploads\/2023\/12\/large_square_tile_image-3159.jpg\",\"width\":310,\"height\":310},{\"@type\":\"BreadcrumbList\",\"@id\":\"https:\/\/www.iplay.com\/de\/games\/mystery-solitaire-powerful-alchemist-2\/#breadcrumb\",\"itemListElement\":[{\"@type\":\"ListItem\",\"position\":1,\"name\":\"Home\",\"item\":\"https:\/\/www.iplay.com\/de\/home-page-2\/\"},{\"@type\":\"ListItem\",\"position\":2,\"name\":\"Shop\",\"item\":\"https:\/\/www.iplay.com\/en\/shop\/\"},{\"@type\":\"ListItem\",\"position\":3,\"name\":\"Mystery Solitaire Powerful Alchemist 2\"}]},{\"@type\":\"WebSite\",\"@id\":\"https:\/\/www.iplay.com\/en\/#website\",\"url\":\"https:\/\/www.iplay.com\/en\/\",\"name\":\"IPlay\",\"description\":\"The Best Casual Games!\",\"publisher\":{\"@id\":\"https:\/\/www.iplay.com\/en\/#organization\"},\"potentialAction\":[{\"@type\":\"SearchAction\",\"target\":{\"@type\":\"EntryPoint\",\"urlTemplate\":\"https:\/\/www.iplay.com\/en\/?s={search_term_string}\"},\"query-input\":{\"@type\":\"PropertyValueSpecification\",\"valueRequired\":true,\"valueName\":\"search_term_string\"}}],\"inLanguage\":\"de-DE\"},{\"@type\":\"Organization\",\"@id\":\"https:\/\/www.iplay.com\/en\/#organization\",\"name\":\"IPlay\",\"url\":\"https:\/\/www.iplay.com\/en\/\",\"logo\":{\"@type\":\"ImageObject\",\"inLanguage\":\"de-DE\",\"@id\":\"https:\/\/www.iplay.com\/en\/#\/schema\/logo\/image\/\",\"url\":\"https:\/\/www.iplay.com\/wp-content\/uploads\/2023\/11\/Group-6100.svg\",\"contentUrl\":\"https:\/\/www.iplay.com\/wp-content\/uploads\/2023\/11\/Group-6100.svg\",\"width\":98,\"height\":25,\"caption\":\"IPlay\"},\"image\":{\"@id\":\"https:\/\/www.iplay.com\/en\/#\/schema\/logo\/image\/\"}}]}<\/script>\n<!-- \/ Yoast SEO Premium plugin. -->","yoast_head_json":{"title":"Mystery Solitaire Powerful Alchemist 2 - Kehre als beeindruckender Alchemist ins Mittelalter zur\u00fcck","description":"In Mystery Solitaire Powerful Alchemist 2 reistest du in die Vergangenheit, um ein beeindruckender Alchemist zu werden.","robots":{"index":"index","follow":"follow","max-snippet":"max-snippet:-1","max-image-preview":"max-image-preview:large","max-video-preview":"max-video-preview:-1"},"canonical":"https:\/\/www.iplay.com\/de\/games\/mystery-solitaire-powerful-alchemist-2\/","og_locale":"de_DE","og_type":"article","og_title":"Mystery Solitaire Powerful Alchemist 2","og_description":"In Mystery Solitaire Powerful Alchemist 2 reistest du in die Vergangenheit, um ein beeindruckender Alchemist zu werden.","og_url":"https:\/\/www.iplay.com\/de\/games\/mystery-solitaire-powerful-alchemist-2\/","og_site_name":"IPlay","og_image":[{"width":310,"height":310,"url":"https:\/\/www.iplay.com\/wp-content\/uploads\/2023\/12\/large_square_tile_image-3159.jpg","type":"image\/jpeg"}],"twitter_card":"summary_large_image","twitter_misc":{"Gesch\u00e4tzte Lesezeit":"1 Minute"},"schema":{"@context":"https:\/\/schema.org","@graph":[{"@type":"WebPage","@id":"https:\/\/www.iplay.com\/de\/games\/mystery-solitaire-powerful-alchemist-2\/","url":"https:\/\/www.iplay.com\/de\/games\/mystery-solitaire-powerful-alchemist-2\/","name":"Mystery Solitaire Powerful Alchemist 2 - Kehre als beeindruckender Alchemist ins Mittelalter zur\u00fcck","isPartOf":{"@id":"https:\/\/www.iplay.com\/en\/#website"},"primaryImageOfPage":{"@id":"https:\/\/www.iplay.com\/de\/games\/mystery-solitaire-powerful-alchemist-2\/#primaryimage"},"image":{"@id":"https:\/\/www.iplay.com\/de\/games\/mystery-solitaire-powerful-alchemist-2\/#primaryimage"},"thumbnailUrl":"https:\/\/www.iplay.com\/wp-content\/uploads\/2023\/12\/large_square_tile_image-3159.jpg","datePublished":"2022-03-27T00:00:00+00:00","description":"In Mystery Solitaire Powerful Alchemist 2 reistest du in die Vergangenheit, um ein beeindruckender Alchemist zu werden.","breadcrumb":{"@id":"https:\/\/www.iplay.com\/de\/games\/mystery-solitaire-powerful-alchemist-2\/#breadcrumb"},"inLanguage":"de-DE","potentialAction":[{"@type":"ReadAction","target":["https:\/\/www.iplay.com\/de\/games\/mystery-solitaire-powerful-alchemist-2\/"]}]},{"@type":"ImageObject","inLanguage":"de-DE","@id":"https:\/\/www.iplay.com\/de\/games\/mystery-solitaire-powerful-alchemist-2\/#primaryimage","url":"https:\/\/www.iplay.com\/wp-content\/uploads\/2023\/12\/large_square_tile_image-3159.jpg","contentUrl":"https:\/\/www.iplay.com\/wp-content\/uploads\/2023\/12\/large_square_tile_image-3159.jpg","width":310,"height":310},{"@type":"BreadcrumbList","@id":"https:\/\/www.iplay.com\/de\/games\/mystery-solitaire-powerful-alchemist-2\/#breadcrumb","itemListElement":[{"@type":"ListItem","position":1,"name":"Home","item":"https:\/\/www.iplay.com\/de\/home-page-2\/"},{"@type":"ListItem","position":2,"name":"Shop","item":"https:\/\/www.iplay.com\/en\/shop\/"},{"@type":"ListItem","position":3,"name":"Mystery Solitaire Powerful Alchemist 2"}]},{"@type":"WebSite","@id":"https:\/\/www.iplay.com\/en\/#website","url":"https:\/\/www.iplay.com\/en\/","name":"IPlay","description":"The Best Casual Games!","publisher":{"@id":"https:\/\/www.iplay.com\/en\/#organization"},"potentialAction":[{"@type":"SearchAction","target":{"@type":"EntryPoint","urlTemplate":"https:\/\/www.iplay.com\/en\/?s={search_term_string}"},"query-input":{"@type":"PropertyValueSpecification","valueRequired":true,"valueName":"search_term_string"}}],"inLanguage":"de-DE"},{"@type":"Organization","@id":"https:\/\/www.iplay.com\/en\/#organization","name":"IPlay","url":"https:\/\/www.iplay.com\/en\/","logo":{"@type":"ImageObject","inLanguage":"de-DE","@id":"https:\/\/www.iplay.com\/en\/#\/schema\/logo\/image\/","url":"https:\/\/www.iplay.com\/wp-content\/uploads\/2023\/11\/Group-6100.svg","contentUrl":"https:\/\/www.iplay.com\/wp-content\/uploads\/2023\/11\/Group-6100.svg","width":98,"height":25,"caption":"IPlay"},"image":{"@id":"https:\/\/www.iplay.com\/en\/#\/schema\/logo\/image\/"}}]}},"_links":{"self":[{"href":"https:\/\/www.iplay.com\/de\/wp-json\/wp\/v2\/product\/136596","targetHints":{"allow":["GET"]}}],"collection":[{"href":"https:\/\/www.iplay.com\/de\/wp-json\/wp\/v2\/product"}],"about":[{"href":"https:\/\/www.iplay.com\/de\/wp-json\/wp\/v2\/types\/product"}],"author":[{"embeddable":true,"href":"https:\/\/www.iplay.com\/de\/wp-json\/wp\/v2\/users\/13"}],"replies":[{"embeddable":true,"href":"https:\/\/www.iplay.com\/de\/wp-json\/wp\/v2\/comments?post=136596"}],"wp:featuredmedia":[{"embeddable":true,"href":"https:\/\/www.iplay.com\/de\/wp-json\/wp\/v2\/media\/90325"}],"wp:attachment":[{"href":"https:\/\/www.iplay.com\/de\/wp-json\/wp\/v2\/media?parent=136596"}],"wp:term":[{"taxonomy":"product_brand","embeddable":true,"href":"https:\/\/www.iplay.com\/de\/wp-json\/wp\/v2\/product_brand?post=136596"},{"taxonomy":"product_cat","embeddable":true,"href":"https:\/\/www.iplay.com\/de\/wp-json\/wp\/v2\/product_cat?post=136596"},{"taxonomy":"product_tag","embeddable":true,"href":"https:\/\/www.iplay.com\/de\/wp-json\/wp\/v2\/product_tag?post=136596"}],"curies":[{"name":"wp","href":"https:\/\/api.w.org\/{rel}","templated":true}]}}