{"id":136591,"date":"2022-04-04T00:00:00","date_gmt":"2022-04-04T00:00:00","guid":{"rendered":"https:\/\/www.iplay.com\/games\/mystery-solitaire-grimms-tales-5\/"},"modified":"2022-04-04T00:00:00","modified_gmt":"2022-04-04T00:00:00","slug":"mystery-solitaire-grimms-tales-5","status":"publish","type":"product","link":"https:\/\/www.iplay.com\/de\/games\/mystery-solitaire-grimms-tales-5\/","title":{"rendered":"Mystery Solitaire Grimms Tales 5"},"content":{"rendered":"<p>Die einzigartige Atmosph\u00e4re der Grimmschen M\u00e4rchen verzaubert Sie in ihrer bizarren und faszinierenden Welt. Hilf Rotk\u00e4ppchen zum Haus ihrer Gro\u00dfmutter, damit sie sich vor dem b\u00f6sen Grauwolf sch\u00fctzen kann. Nimm die angeketteten Karten und betritt die wundersch\u00f6ne Welt eines M\u00e4rchens! Es gibt 200 verschiedene Stufen mit unterschiedlichen Schwierigkeitsgraden, in denen die Goldkarten versteckt sind. Sammle sie mit den zus\u00e4tzlichen Instrumenten.    <\/p>\n<p>&nbsp;<\/p>\n<p>&nbsp;<\/p>\n<p><strong>  Funktionen:<\/strong><\/p>\n<p>&#8211; Interessante Levels, die Ihren Geist anregen werden!<\/p>\n<p>&#8211; In Zeiten der Not benutze deinen Zauberstab!<br \/>\n&#8211; Lebendige Grafiken und Titelmusik<\/p>\n<p>&#8211; Um zus\u00e4tzliche M\u00fcnzen zu erhalten, erh\u00f6he den Combo-Multiplikator!<br \/>\n&#8211; Einzigartige Themendecks und Hemdenstile f\u00fcr 12 Karten!<\/p>\n<p>&#8211; Viele Stunden Puzzlespiele spielen<\/p>\n","protected":false},"excerpt":{"rendered":"<p>Hilf Rotk\u00e4ppchen, sich auf den Weg zum Haus ihrer Oma zu machen.<\/p>\n","protected":false},"author":13,"featured_media":77481,"comment_status":"open","ping_status":"closed","template":"","meta":{"_acf_changed":false,"inline_featured_image":false},"product_brand":[],"product_cat":[157,206],"product_tag":[289],"class_list":{"0":"post-136591","1":"product","2":"type-product","3":"status-publish","4":"has-post-thumbnail","6":"product_cat-card-de-2","7":"product_cat-solitaire-de","8":"product_tag-play-on-pc-de","10":"first","11":"instock","12":"shipping-taxable","13":"purchasable","14":"product-type-simple"},"acf":[],"yoast_head":"<!-- This site is optimized with the Yoast SEO Premium plugin v25.2 (Yoast SEO v25.2) - https:\/\/yoast.com\/wordpress\/plugins\/seo\/ -->\n<title>Mystery Solitaire Grimms Tales 5 - Hilf Rotk\u00e4ppchen, das Haus ihrer Gro\u00dfmutter zu erreichen<\/title>\n<meta name=\"description\" content=\"Hilf Rotk\u00e4ppchen, sich auf den Weg zum Haus ihrer Oma zu machen.\" \/>\n<meta name=\"robots\" content=\"index, follow, max-snippet:-1, max-image-preview:large, max-video-preview:-1\" \/>\n<link rel=\"canonical\" href=\"https:\/\/www.iplay.com\/de\/games\/mystery-solitaire-grimms-tales-5\/\" \/>\n<meta property=\"og:locale\" content=\"de_DE\" \/>\n<meta property=\"og:type\" content=\"article\" \/>\n<meta property=\"og:title\" content=\"Mystery Solitaire Grimms Tales 5\" \/>\n<meta property=\"og:description\" content=\"Hilf Rotk\u00e4ppchen, sich auf den Weg zum Haus ihrer Oma zu machen.\" \/>\n<meta property=\"og:url\" content=\"https:\/\/www.iplay.com\/de\/games\/mystery-solitaire-grimms-tales-5\/\" \/>\n<meta property=\"og:site_name\" content=\"IPlay\" \/>\n<meta property=\"og:image\" content=\"https:\/\/www.iplay.com\/wp-content\/uploads\/2023\/12\/large_square_tile_image-2340.jpg\" \/>\n\t<meta property=\"og:image:width\" content=\"310\" \/>\n\t<meta property=\"og:image:height\" content=\"310\" \/>\n\t<meta property=\"og:image:type\" content=\"image\/jpeg\" \/>\n<meta name=\"twitter:card\" content=\"summary_large_image\" \/>\n<meta name=\"twitter:label1\" content=\"Gesch\u00e4tzte Lesezeit\" \/>\n\t<meta name=\"twitter:data1\" content=\"1 Minute\" \/>\n<script type=\"application\/ld+json\" class=\"yoast-schema-graph\">{\"@context\":\"https:\/\/schema.org\",\"@graph\":[{\"@type\":\"WebPage\",\"@id\":\"https:\/\/www.iplay.com\/de\/games\/mystery-solitaire-grimms-tales-5\/\",\"url\":\"https:\/\/www.iplay.com\/de\/games\/mystery-solitaire-grimms-tales-5\/\",\"name\":\"Mystery Solitaire Grimms Tales 5 - Hilf Rotk\u00e4ppchen, das Haus ihrer Gro\u00dfmutter zu erreichen\",\"isPartOf\":{\"@id\":\"https:\/\/www.iplay.com\/en\/#website\"},\"primaryImageOfPage\":{\"@id\":\"https:\/\/www.iplay.com\/de\/games\/mystery-solitaire-grimms-tales-5\/#primaryimage\"},\"image\":{\"@id\":\"https:\/\/www.iplay.com\/de\/games\/mystery-solitaire-grimms-tales-5\/#primaryimage\"},\"thumbnailUrl\":\"https:\/\/www.iplay.com\/wp-content\/uploads\/2023\/12\/large_square_tile_image-2340.jpg\",\"datePublished\":\"2022-04-04T00:00:00+00:00\",\"description\":\"Hilf Rotk\u00e4ppchen, sich auf den Weg zum Haus ihrer Oma zu machen.\",\"breadcrumb\":{\"@id\":\"https:\/\/www.iplay.com\/de\/games\/mystery-solitaire-grimms-tales-5\/#breadcrumb\"},\"inLanguage\":\"de-DE\",\"potentialAction\":[{\"@type\":\"ReadAction\",\"target\":[\"https:\/\/www.iplay.com\/de\/games\/mystery-solitaire-grimms-tales-5\/\"]}]},{\"@type\":\"ImageObject\",\"inLanguage\":\"de-DE\",\"@id\":\"https:\/\/www.iplay.com\/de\/games\/mystery-solitaire-grimms-tales-5\/#primaryimage\",\"url\":\"https:\/\/www.iplay.com\/wp-content\/uploads\/2023\/12\/large_square_tile_image-2340.jpg\",\"contentUrl\":\"https:\/\/www.iplay.com\/wp-content\/uploads\/2023\/12\/large_square_tile_image-2340.jpg\",\"width\":310,\"height\":310},{\"@type\":\"BreadcrumbList\",\"@id\":\"https:\/\/www.iplay.com\/de\/games\/mystery-solitaire-grimms-tales-5\/#breadcrumb\",\"itemListElement\":[{\"@type\":\"ListItem\",\"position\":1,\"name\":\"Home\",\"item\":\"https:\/\/www.iplay.com\/de\/home-page-2\/\"},{\"@type\":\"ListItem\",\"position\":2,\"name\":\"Shop\",\"item\":\"https:\/\/www.iplay.com\/en\/shop\/\"},{\"@type\":\"ListItem\",\"position\":3,\"name\":\"Mystery Solitaire Grimms Tales 5\"}]},{\"@type\":\"WebSite\",\"@id\":\"https:\/\/www.iplay.com\/en\/#website\",\"url\":\"https:\/\/www.iplay.com\/en\/\",\"name\":\"IPlay\",\"description\":\"The Best Casual Games!\",\"publisher\":{\"@id\":\"https:\/\/www.iplay.com\/en\/#organization\"},\"potentialAction\":[{\"@type\":\"SearchAction\",\"target\":{\"@type\":\"EntryPoint\",\"urlTemplate\":\"https:\/\/www.iplay.com\/en\/?s={search_term_string}\"},\"query-input\":{\"@type\":\"PropertyValueSpecification\",\"valueRequired\":true,\"valueName\":\"search_term_string\"}}],\"inLanguage\":\"de-DE\"},{\"@type\":\"Organization\",\"@id\":\"https:\/\/www.iplay.com\/en\/#organization\",\"name\":\"IPlay\",\"url\":\"https:\/\/www.iplay.com\/en\/\",\"logo\":{\"@type\":\"ImageObject\",\"inLanguage\":\"de-DE\",\"@id\":\"https:\/\/www.iplay.com\/en\/#\/schema\/logo\/image\/\",\"url\":\"https:\/\/www.iplay.com\/wp-content\/uploads\/2023\/11\/Group-6100.svg\",\"contentUrl\":\"https:\/\/www.iplay.com\/wp-content\/uploads\/2023\/11\/Group-6100.svg\",\"width\":98,\"height\":25,\"caption\":\"IPlay\"},\"image\":{\"@id\":\"https:\/\/www.iplay.com\/en\/#\/schema\/logo\/image\/\"}}]}<\/script>\n<!-- \/ Yoast SEO Premium plugin. -->","yoast_head_json":{"title":"Mystery Solitaire Grimms Tales 5 - Hilf Rotk\u00e4ppchen, das Haus ihrer Gro\u00dfmutter zu erreichen","description":"Hilf Rotk\u00e4ppchen, sich auf den Weg zum Haus ihrer Oma zu machen.","robots":{"index":"index","follow":"follow","max-snippet":"max-snippet:-1","max-image-preview":"max-image-preview:large","max-video-preview":"max-video-preview:-1"},"canonical":"https:\/\/www.iplay.com\/de\/games\/mystery-solitaire-grimms-tales-5\/","og_locale":"de_DE","og_type":"article","og_title":"Mystery Solitaire Grimms Tales 5","og_description":"Hilf Rotk\u00e4ppchen, sich auf den Weg zum Haus ihrer Oma zu machen.","og_url":"https:\/\/www.iplay.com\/de\/games\/mystery-solitaire-grimms-tales-5\/","og_site_name":"IPlay","og_image":[{"width":310,"height":310,"url":"https:\/\/www.iplay.com\/wp-content\/uploads\/2023\/12\/large_square_tile_image-2340.jpg","type":"image\/jpeg"}],"twitter_card":"summary_large_image","twitter_misc":{"Gesch\u00e4tzte Lesezeit":"1 Minute"},"schema":{"@context":"https:\/\/schema.org","@graph":[{"@type":"WebPage","@id":"https:\/\/www.iplay.com\/de\/games\/mystery-solitaire-grimms-tales-5\/","url":"https:\/\/www.iplay.com\/de\/games\/mystery-solitaire-grimms-tales-5\/","name":"Mystery Solitaire Grimms Tales 5 - Hilf Rotk\u00e4ppchen, das Haus ihrer Gro\u00dfmutter zu erreichen","isPartOf":{"@id":"https:\/\/www.iplay.com\/en\/#website"},"primaryImageOfPage":{"@id":"https:\/\/www.iplay.com\/de\/games\/mystery-solitaire-grimms-tales-5\/#primaryimage"},"image":{"@id":"https:\/\/www.iplay.com\/de\/games\/mystery-solitaire-grimms-tales-5\/#primaryimage"},"thumbnailUrl":"https:\/\/www.iplay.com\/wp-content\/uploads\/2023\/12\/large_square_tile_image-2340.jpg","datePublished":"2022-04-04T00:00:00+00:00","description":"Hilf Rotk\u00e4ppchen, sich auf den Weg zum Haus ihrer Oma zu machen.","breadcrumb":{"@id":"https:\/\/www.iplay.com\/de\/games\/mystery-solitaire-grimms-tales-5\/#breadcrumb"},"inLanguage":"de-DE","potentialAction":[{"@type":"ReadAction","target":["https:\/\/www.iplay.com\/de\/games\/mystery-solitaire-grimms-tales-5\/"]}]},{"@type":"ImageObject","inLanguage":"de-DE","@id":"https:\/\/www.iplay.com\/de\/games\/mystery-solitaire-grimms-tales-5\/#primaryimage","url":"https:\/\/www.iplay.com\/wp-content\/uploads\/2023\/12\/large_square_tile_image-2340.jpg","contentUrl":"https:\/\/www.iplay.com\/wp-content\/uploads\/2023\/12\/large_square_tile_image-2340.jpg","width":310,"height":310},{"@type":"BreadcrumbList","@id":"https:\/\/www.iplay.com\/de\/games\/mystery-solitaire-grimms-tales-5\/#breadcrumb","itemListElement":[{"@type":"ListItem","position":1,"name":"Home","item":"https:\/\/www.iplay.com\/de\/home-page-2\/"},{"@type":"ListItem","position":2,"name":"Shop","item":"https:\/\/www.iplay.com\/en\/shop\/"},{"@type":"ListItem","position":3,"name":"Mystery Solitaire Grimms Tales 5"}]},{"@type":"WebSite","@id":"https:\/\/www.iplay.com\/en\/#website","url":"https:\/\/www.iplay.com\/en\/","name":"IPlay","description":"The Best Casual Games!","publisher":{"@id":"https:\/\/www.iplay.com\/en\/#organization"},"potentialAction":[{"@type":"SearchAction","target":{"@type":"EntryPoint","urlTemplate":"https:\/\/www.iplay.com\/en\/?s={search_term_string}"},"query-input":{"@type":"PropertyValueSpecification","valueRequired":true,"valueName":"search_term_string"}}],"inLanguage":"de-DE"},{"@type":"Organization","@id":"https:\/\/www.iplay.com\/en\/#organization","name":"IPlay","url":"https:\/\/www.iplay.com\/en\/","logo":{"@type":"ImageObject","inLanguage":"de-DE","@id":"https:\/\/www.iplay.com\/en\/#\/schema\/logo\/image\/","url":"https:\/\/www.iplay.com\/wp-content\/uploads\/2023\/11\/Group-6100.svg","contentUrl":"https:\/\/www.iplay.com\/wp-content\/uploads\/2023\/11\/Group-6100.svg","width":98,"height":25,"caption":"IPlay"},"image":{"@id":"https:\/\/www.iplay.com\/en\/#\/schema\/logo\/image\/"}}]}},"_links":{"self":[{"href":"https:\/\/www.iplay.com\/de\/wp-json\/wp\/v2\/product\/136591","targetHints":{"allow":["GET"]}}],"collection":[{"href":"https:\/\/www.iplay.com\/de\/wp-json\/wp\/v2\/product"}],"about":[{"href":"https:\/\/www.iplay.com\/de\/wp-json\/wp\/v2\/types\/product"}],"author":[{"embeddable":true,"href":"https:\/\/www.iplay.com\/de\/wp-json\/wp\/v2\/users\/13"}],"replies":[{"embeddable":true,"href":"https:\/\/www.iplay.com\/de\/wp-json\/wp\/v2\/comments?post=136591"}],"wp:featuredmedia":[{"embeddable":true,"href":"https:\/\/www.iplay.com\/de\/wp-json\/wp\/v2\/media\/77481"}],"wp:attachment":[{"href":"https:\/\/www.iplay.com\/de\/wp-json\/wp\/v2\/media?parent=136591"}],"wp:term":[{"taxonomy":"product_brand","embeddable":true,"href":"https:\/\/www.iplay.com\/de\/wp-json\/wp\/v2\/product_brand?post=136591"},{"taxonomy":"product_cat","embeddable":true,"href":"https:\/\/www.iplay.com\/de\/wp-json\/wp\/v2\/product_cat?post=136591"},{"taxonomy":"product_tag","embeddable":true,"href":"https:\/\/www.iplay.com\/de\/wp-json\/wp\/v2\/product_tag?post=136591"}],"curies":[{"name":"wp","href":"https:\/\/api.w.org\/{rel}","templated":true}]}}