{"id":136518,"date":"2022-06-05T00:00:00","date_gmt":"2022-06-05T00:00:00","guid":{"rendered":"https:\/\/www.iplay.com\/games\/amandas-magic-book-5-hansel-and-gretel\/"},"modified":"2022-06-05T00:00:00","modified_gmt":"2022-06-05T00:00:00","slug":"amandas-magic-book-5-hansel-and-gretel","status":"publish","type":"product","link":"https:\/\/www.iplay.com\/de\/games\/amandas-magic-book-5-hansel-and-gretel\/","title":{"rendered":"Amanda&#8217;s Magic Book 5: Hansel and Gretel"},"content":{"rendered":"<p>Amanda freute sich auf die Ankunft ihres Neffen Cedric, als sie f\u00fcr ein paar Tage mit seiner Pflege betraut wurde. Cedrics unb\u00e4ndige Energie und heroische Ideale ersch\u00f6pfen sie dagegen, und so dr\u00e4ngt sie ihn, mit ihr ein Buch zu lesen \u2013 ein M\u00e4rchen namens H\u00e4nsel und Gretel. Aber B\u00fccher haben Macht, und was eigentlich ein angenehmes Leseerlebnis sein sollte, wird zu einer unerwarteten Bedrohung, als Amanda und Cedric beide in die Welt des Buches gelockt werden, wo eine Hexe im Wald einen schrecklichen Plan vorbereitet und ein M\u00e4dchen sich auf die verzweifelte Suche nach ihrem vermissten Bruder macht.  <\/p>\n<p>&nbsp;<\/p>\n<p>&nbsp;<\/p>\n<p><strong>Funktionen:<\/strong><\/p>\n<p>&nbsp;<\/p>\n<p>&#8211; Spannende Match-3-R\u00e4tsel, um die ben\u00f6tigten Ressourcen zu sammeln<\/p>\n<p>&#8211; 5 Kapitel, um ihre Reise bei jedem Schritt zu verfolgen<\/p>\n<p>&#8211; Begleite Amanda und Cedric auf ein Abenteuer, das sie nie vergessen werden<\/p>\n<p>&#8211; Aufregende Charaktere und eine aufregende Geschichte bilden die B\u00fchne f\u00fcr dieses Abenteuer<\/p>\n","protected":false},"excerpt":{"rendered":"<p>Begeben Sie sich mit Amanda und ihrem Neffen auf eine Reise durch das bekannte M\u00e4rchen von H\u00e4nsel und Gretel!<\/p>\n","protected":false},"author":42,"featured_media":76921,"comment_status":"open","ping_status":"closed","template":"","meta":{"_acf_changed":false,"inline_featured_image":false},"product_brand":[],"product_cat":[194],"product_tag":[],"class_list":{"0":"post-136518","1":"product","2":"type-product","3":"status-publish","4":"has-post-thumbnail","6":"product_cat-puzzle-de","8":"first","9":"instock","10":"shipping-taxable","11":"purchasable","12":"product-type-simple"},"acf":[],"yoast_head":"<!-- This site is optimized with the Yoast SEO Premium plugin v25.2 (Yoast SEO v25.2) - https:\/\/yoast.com\/wordpress\/plugins\/seo\/ -->\n<title>Amandas Zauberbuch 5: H\u00e4nsel und Gretel - Amanda genie\u00dft das Abenteuer von H\u00e4nsel und Gretel<\/title>\n<meta name=\"description\" content=\"Begeben Sie sich mit Amanda und ihrem Neffen auf eine Reise durch das bekannte M\u00e4rchen von H\u00e4nsel und Gretel!\" \/>\n<meta name=\"robots\" content=\"index, follow, max-snippet:-1, max-image-preview:large, max-video-preview:-1\" \/>\n<link rel=\"canonical\" href=\"https:\/\/www.iplay.com\/de\/games\/amandas-magic-book-5-hansel-and-gretel\/\" \/>\n<meta property=\"og:locale\" content=\"de_DE\" \/>\n<meta property=\"og:type\" content=\"article\" \/>\n<meta property=\"og:title\" content=\"Amanda&#039;s Magic Book 5: Hansel and Gretel\" \/>\n<meta property=\"og:description\" content=\"Begeben Sie sich mit Amanda und ihrem Neffen auf eine Reise durch das bekannte M\u00e4rchen von H\u00e4nsel und Gretel!\" \/>\n<meta property=\"og:url\" content=\"https:\/\/www.iplay.com\/de\/games\/amandas-magic-book-5-hansel-and-gretel\/\" \/>\n<meta property=\"og:site_name\" content=\"IPlay\" \/>\n<meta property=\"og:image\" content=\"https:\/\/www.iplay.com\/wp-content\/uploads\/2023\/12\/large_square_tile_image-2305.jpg\" \/>\n\t<meta property=\"og:image:width\" content=\"310\" \/>\n\t<meta property=\"og:image:height\" content=\"310\" \/>\n\t<meta property=\"og:image:type\" content=\"image\/jpeg\" \/>\n<meta name=\"twitter:card\" content=\"summary_large_image\" \/>\n<meta name=\"twitter:label1\" content=\"Gesch\u00e4tzte Lesezeit\" \/>\n\t<meta name=\"twitter:data1\" content=\"1 Minute\" \/>\n<script type=\"application\/ld+json\" class=\"yoast-schema-graph\">{\"@context\":\"https:\/\/schema.org\",\"@graph\":[{\"@type\":\"WebPage\",\"@id\":\"https:\/\/www.iplay.com\/de\/games\/amandas-magic-book-5-hansel-and-gretel\/\",\"url\":\"https:\/\/www.iplay.com\/de\/games\/amandas-magic-book-5-hansel-and-gretel\/\",\"name\":\"Amandas Zauberbuch 5: H\u00e4nsel und Gretel - Amanda genie\u00dft das Abenteuer von H\u00e4nsel und Gretel\",\"isPartOf\":{\"@id\":\"https:\/\/www.iplay.com\/en\/#website\"},\"primaryImageOfPage\":{\"@id\":\"https:\/\/www.iplay.com\/de\/games\/amandas-magic-book-5-hansel-and-gretel\/#primaryimage\"},\"image\":{\"@id\":\"https:\/\/www.iplay.com\/de\/games\/amandas-magic-book-5-hansel-and-gretel\/#primaryimage\"},\"thumbnailUrl\":\"https:\/\/www.iplay.com\/wp-content\/uploads\/2023\/12\/large_square_tile_image-2305.jpg\",\"datePublished\":\"2022-06-05T00:00:00+00:00\",\"description\":\"Begeben Sie sich mit Amanda und ihrem Neffen auf eine Reise durch das bekannte M\u00e4rchen von H\u00e4nsel und Gretel!\",\"breadcrumb\":{\"@id\":\"https:\/\/www.iplay.com\/de\/games\/amandas-magic-book-5-hansel-and-gretel\/#breadcrumb\"},\"inLanguage\":\"de-DE\",\"potentialAction\":[{\"@type\":\"ReadAction\",\"target\":[\"https:\/\/www.iplay.com\/de\/games\/amandas-magic-book-5-hansel-and-gretel\/\"]}]},{\"@type\":\"ImageObject\",\"inLanguage\":\"de-DE\",\"@id\":\"https:\/\/www.iplay.com\/de\/games\/amandas-magic-book-5-hansel-and-gretel\/#primaryimage\",\"url\":\"https:\/\/www.iplay.com\/wp-content\/uploads\/2023\/12\/large_square_tile_image-2305.jpg\",\"contentUrl\":\"https:\/\/www.iplay.com\/wp-content\/uploads\/2023\/12\/large_square_tile_image-2305.jpg\",\"width\":310,\"height\":310},{\"@type\":\"BreadcrumbList\",\"@id\":\"https:\/\/www.iplay.com\/de\/games\/amandas-magic-book-5-hansel-and-gretel\/#breadcrumb\",\"itemListElement\":[{\"@type\":\"ListItem\",\"position\":1,\"name\":\"Home\",\"item\":\"https:\/\/www.iplay.com\/de\/home-page-2\/\"},{\"@type\":\"ListItem\",\"position\":2,\"name\":\"Shop\",\"item\":\"https:\/\/www.iplay.com\/en\/shop\/\"},{\"@type\":\"ListItem\",\"position\":3,\"name\":\"Amanda&#8217;s Magic Book 5: Hansel and Gretel\"}]},{\"@type\":\"WebSite\",\"@id\":\"https:\/\/www.iplay.com\/en\/#website\",\"url\":\"https:\/\/www.iplay.com\/en\/\",\"name\":\"IPlay\",\"description\":\"The Best Casual Games!\",\"publisher\":{\"@id\":\"https:\/\/www.iplay.com\/en\/#organization\"},\"potentialAction\":[{\"@type\":\"SearchAction\",\"target\":{\"@type\":\"EntryPoint\",\"urlTemplate\":\"https:\/\/www.iplay.com\/en\/?s={search_term_string}\"},\"query-input\":{\"@type\":\"PropertyValueSpecification\",\"valueRequired\":true,\"valueName\":\"search_term_string\"}}],\"inLanguage\":\"de-DE\"},{\"@type\":\"Organization\",\"@id\":\"https:\/\/www.iplay.com\/en\/#organization\",\"name\":\"IPlay\",\"url\":\"https:\/\/www.iplay.com\/en\/\",\"logo\":{\"@type\":\"ImageObject\",\"inLanguage\":\"de-DE\",\"@id\":\"https:\/\/www.iplay.com\/en\/#\/schema\/logo\/image\/\",\"url\":\"https:\/\/www.iplay.com\/wp-content\/uploads\/2023\/11\/Group-6100.svg\",\"contentUrl\":\"https:\/\/www.iplay.com\/wp-content\/uploads\/2023\/11\/Group-6100.svg\",\"width\":98,\"height\":25,\"caption\":\"IPlay\"},\"image\":{\"@id\":\"https:\/\/www.iplay.com\/en\/#\/schema\/logo\/image\/\"}}]}<\/script>\n<!-- \/ Yoast SEO Premium plugin. -->","yoast_head_json":{"title":"Amandas Zauberbuch 5: H\u00e4nsel und Gretel - Amanda genie\u00dft das Abenteuer von H\u00e4nsel und Gretel","description":"Begeben Sie sich mit Amanda und ihrem Neffen auf eine Reise durch das bekannte M\u00e4rchen von H\u00e4nsel und Gretel!","robots":{"index":"index","follow":"follow","max-snippet":"max-snippet:-1","max-image-preview":"max-image-preview:large","max-video-preview":"max-video-preview:-1"},"canonical":"https:\/\/www.iplay.com\/de\/games\/amandas-magic-book-5-hansel-and-gretel\/","og_locale":"de_DE","og_type":"article","og_title":"Amanda's Magic Book 5: Hansel and Gretel","og_description":"Begeben Sie sich mit Amanda und ihrem Neffen auf eine Reise durch das bekannte M\u00e4rchen von H\u00e4nsel und Gretel!","og_url":"https:\/\/www.iplay.com\/de\/games\/amandas-magic-book-5-hansel-and-gretel\/","og_site_name":"IPlay","og_image":[{"width":310,"height":310,"url":"https:\/\/www.iplay.com\/wp-content\/uploads\/2023\/12\/large_square_tile_image-2305.jpg","type":"image\/jpeg"}],"twitter_card":"summary_large_image","twitter_misc":{"Gesch\u00e4tzte Lesezeit":"1 Minute"},"schema":{"@context":"https:\/\/schema.org","@graph":[{"@type":"WebPage","@id":"https:\/\/www.iplay.com\/de\/games\/amandas-magic-book-5-hansel-and-gretel\/","url":"https:\/\/www.iplay.com\/de\/games\/amandas-magic-book-5-hansel-and-gretel\/","name":"Amandas Zauberbuch 5: H\u00e4nsel und Gretel - Amanda genie\u00dft das Abenteuer von H\u00e4nsel und Gretel","isPartOf":{"@id":"https:\/\/www.iplay.com\/en\/#website"},"primaryImageOfPage":{"@id":"https:\/\/www.iplay.com\/de\/games\/amandas-magic-book-5-hansel-and-gretel\/#primaryimage"},"image":{"@id":"https:\/\/www.iplay.com\/de\/games\/amandas-magic-book-5-hansel-and-gretel\/#primaryimage"},"thumbnailUrl":"https:\/\/www.iplay.com\/wp-content\/uploads\/2023\/12\/large_square_tile_image-2305.jpg","datePublished":"2022-06-05T00:00:00+00:00","description":"Begeben Sie sich mit Amanda und ihrem Neffen auf eine Reise durch das bekannte M\u00e4rchen von H\u00e4nsel und Gretel!","breadcrumb":{"@id":"https:\/\/www.iplay.com\/de\/games\/amandas-magic-book-5-hansel-and-gretel\/#breadcrumb"},"inLanguage":"de-DE","potentialAction":[{"@type":"ReadAction","target":["https:\/\/www.iplay.com\/de\/games\/amandas-magic-book-5-hansel-and-gretel\/"]}]},{"@type":"ImageObject","inLanguage":"de-DE","@id":"https:\/\/www.iplay.com\/de\/games\/amandas-magic-book-5-hansel-and-gretel\/#primaryimage","url":"https:\/\/www.iplay.com\/wp-content\/uploads\/2023\/12\/large_square_tile_image-2305.jpg","contentUrl":"https:\/\/www.iplay.com\/wp-content\/uploads\/2023\/12\/large_square_tile_image-2305.jpg","width":310,"height":310},{"@type":"BreadcrumbList","@id":"https:\/\/www.iplay.com\/de\/games\/amandas-magic-book-5-hansel-and-gretel\/#breadcrumb","itemListElement":[{"@type":"ListItem","position":1,"name":"Home","item":"https:\/\/www.iplay.com\/de\/home-page-2\/"},{"@type":"ListItem","position":2,"name":"Shop","item":"https:\/\/www.iplay.com\/en\/shop\/"},{"@type":"ListItem","position":3,"name":"Amanda&#8217;s Magic Book 5: Hansel and Gretel"}]},{"@type":"WebSite","@id":"https:\/\/www.iplay.com\/en\/#website","url":"https:\/\/www.iplay.com\/en\/","name":"IPlay","description":"The Best Casual Games!","publisher":{"@id":"https:\/\/www.iplay.com\/en\/#organization"},"potentialAction":[{"@type":"SearchAction","target":{"@type":"EntryPoint","urlTemplate":"https:\/\/www.iplay.com\/en\/?s={search_term_string}"},"query-input":{"@type":"PropertyValueSpecification","valueRequired":true,"valueName":"search_term_string"}}],"inLanguage":"de-DE"},{"@type":"Organization","@id":"https:\/\/www.iplay.com\/en\/#organization","name":"IPlay","url":"https:\/\/www.iplay.com\/en\/","logo":{"@type":"ImageObject","inLanguage":"de-DE","@id":"https:\/\/www.iplay.com\/en\/#\/schema\/logo\/image\/","url":"https:\/\/www.iplay.com\/wp-content\/uploads\/2023\/11\/Group-6100.svg","contentUrl":"https:\/\/www.iplay.com\/wp-content\/uploads\/2023\/11\/Group-6100.svg","width":98,"height":25,"caption":"IPlay"},"image":{"@id":"https:\/\/www.iplay.com\/en\/#\/schema\/logo\/image\/"}}]}},"_links":{"self":[{"href":"https:\/\/www.iplay.com\/de\/wp-json\/wp\/v2\/product\/136518","targetHints":{"allow":["GET"]}}],"collection":[{"href":"https:\/\/www.iplay.com\/de\/wp-json\/wp\/v2\/product"}],"about":[{"href":"https:\/\/www.iplay.com\/de\/wp-json\/wp\/v2\/types\/product"}],"author":[{"embeddable":true,"href":"https:\/\/www.iplay.com\/de\/wp-json\/wp\/v2\/users\/42"}],"replies":[{"embeddable":true,"href":"https:\/\/www.iplay.com\/de\/wp-json\/wp\/v2\/comments?post=136518"}],"wp:featuredmedia":[{"embeddable":true,"href":"https:\/\/www.iplay.com\/de\/wp-json\/wp\/v2\/media\/76921"}],"wp:attachment":[{"href":"https:\/\/www.iplay.com\/de\/wp-json\/wp\/v2\/media?parent=136518"}],"wp:term":[{"taxonomy":"product_brand","embeddable":true,"href":"https:\/\/www.iplay.com\/de\/wp-json\/wp\/v2\/product_brand?post=136518"},{"taxonomy":"product_cat","embeddable":true,"href":"https:\/\/www.iplay.com\/de\/wp-json\/wp\/v2\/product_cat?post=136518"},{"taxonomy":"product_tag","embeddable":true,"href":"https:\/\/www.iplay.com\/de\/wp-json\/wp\/v2\/product_tag?post=136518"}],"curies":[{"name":"wp","href":"https:\/\/api.w.org\/{rel}","templated":true}]}}