{"id":136099,"date":"2015-08-30T00:00:00","date_gmt":"2015-08-30T00:00:00","guid":{"rendered":"https:\/\/www.iplay.com\/games\/farm-frenzy-heave-ho\/"},"modified":"2015-08-30T00:00:00","modified_gmt":"2015-08-30T00:00:00","slug":"farm-frenzy-heave-ho","status":"publish","type":"product","link":"https:\/\/www.iplay.com\/de\/games\/farm-frenzy-heave-ho\/","title":{"rendered":"Farm Frenzy: Heave Ho"},"content":{"rendered":"<p>Mit einem brandneuen Farm Frenzy-Abenteuer, das den Spa\u00df am Farmen zur\u00fcckbringt, ist Scarlett zur\u00fcck! Hilf der rothaarigen Sch\u00f6nheit, ihre Urlaubspl\u00e4ne aufzugeben, um den Tieren auf einer verlassenen Insel beizubringen, wie sie aus eigener Kraft \u00fcberleben k\u00f6nnen. Baue Feldfr\u00fcchte an, f\u00fcttere Tiere und ernte Produkte mit ein paar hektischen Mausklicks, w\u00e4hrend du gegen die Zeit arbeitest, um deine Ziele zu erreichen. Du wirst dich schlie\u00dflich nicht mehr um ein paar H\u00fchner k\u00fcmmern, sondern Dinge produzieren und Gesch\u00e4fte mit den nahe gelegenen Inseln machen. Wenn du deine Zeit und Ressourcen effektiv einteilst, schaltest du erstaunliche Erfolge frei und erh\u00e4ltst zahlreiche Goldmedaillen. Sie werden mit wundersch\u00f6nen Animationen, farbenfrohen Inselansichten und den echten Ger\u00e4uschen eines l\u00e4ndlichen Paradieses verw\u00f6hnt, w\u00e4hrend sich die Geschichte der verr\u00fcckten und schelmischen Kreaturen der Insel und der Unruhestifter unter ihnen abspielt! Verpassen Sie nicht die Spannung und Herausforderung dieses wilden, hemmungslosen Kapitels der \u00e4u\u00dferst beliebten Farm Frenzy-Geschichte!      <\/p>\n<p>&nbsp;<\/p>\n<p>&nbsp;<\/p>\n<p><strong>Funktionen:<\/strong><\/p>\n<p>&nbsp;<\/p>\n<p>&#8211; Einfaches Point-and-Click-Gameplay<br \/>\n&#8211; Schwierige und unterhaltsame Levels<br \/>\n&#8211; Eine erstaunliche, urkomische Animation<br \/>\n&#8211; Viele Medaillen und Erfolge- Tutorial-Lernen, w\u00e4hrend du spielst<br \/>\n.<\/p>\n","protected":false},"excerpt":{"rendered":"<p>Mit einem brandneuen Farm Frenzy-Abenteuer, das den Spa\u00df am Farmen zur\u00fcckbringt, ist Scarlett zur\u00fcck!<\/p>\n","protected":false},"author":8,"featured_media":67622,"comment_status":"open","ping_status":"closed","template":"","meta":{"_acf_changed":false,"inline_featured_image":false},"product_brand":[],"product_cat":[217],"product_tag":[289],"class_list":{"0":"post-136099","1":"product","2":"type-product","3":"status-publish","4":"has-post-thumbnail","6":"product_cat-time-management-de","7":"product_tag-play-on-pc-de","9":"first","10":"instock","11":"shipping-taxable","12":"purchasable","13":"product-type-simple"},"acf":[],"yoast_head":"<!-- This site is optimized with the Yoast SEO Premium plugin v25.2 (Yoast SEO v25.2) - https:\/\/yoast.com\/wordpress\/plugins\/seo\/ -->\n<title>Farm Frenzy: Heave Ho - Scarlett ist zur\u00fcck in einem lustigen Farm Frenzy-Abenteuer<\/title>\n<meta name=\"description\" content=\"Mit einem brandneuen Farm Frenzy-Abenteuer, das den Spa\u00df am Farmen zur\u00fcckbringt, ist Scarlett zur\u00fcck!\" \/>\n<meta name=\"robots\" content=\"index, follow, max-snippet:-1, max-image-preview:large, max-video-preview:-1\" \/>\n<link rel=\"canonical\" href=\"https:\/\/www.iplay.com\/de\/games\/farm-frenzy-heave-ho\/\" \/>\n<meta property=\"og:locale\" content=\"de_DE\" \/>\n<meta property=\"og:type\" content=\"article\" \/>\n<meta property=\"og:title\" content=\"Farm Frenzy: Heave Ho\" \/>\n<meta property=\"og:description\" content=\"Mit einem brandneuen Farm Frenzy-Abenteuer, das den Spa\u00df am Farmen zur\u00fcckbringt, ist Scarlett zur\u00fcck!\" \/>\n<meta property=\"og:url\" content=\"https:\/\/www.iplay.com\/de\/games\/farm-frenzy-heave-ho\/\" \/>\n<meta property=\"og:site_name\" content=\"IPlay\" \/>\n<meta property=\"og:image\" content=\"https:\/\/www.iplay.com\/wp-content\/uploads\/2023\/12\/large_square_tile_image-1715.jpg\" \/>\n\t<meta property=\"og:image:width\" content=\"310\" \/>\n\t<meta property=\"og:image:height\" content=\"310\" \/>\n\t<meta property=\"og:image:type\" content=\"image\/jpeg\" \/>\n<meta name=\"twitter:card\" content=\"summary_large_image\" \/>\n<meta name=\"twitter:label1\" content=\"Gesch\u00e4tzte Lesezeit\" \/>\n\t<meta name=\"twitter:data1\" content=\"1 Minute\" \/>\n<script type=\"application\/ld+json\" class=\"yoast-schema-graph\">{\"@context\":\"https:\/\/schema.org\",\"@graph\":[{\"@type\":\"WebPage\",\"@id\":\"https:\/\/www.iplay.com\/de\/games\/farm-frenzy-heave-ho\/\",\"url\":\"https:\/\/www.iplay.com\/de\/games\/farm-frenzy-heave-ho\/\",\"name\":\"Farm Frenzy: Heave Ho - Scarlett ist zur\u00fcck in einem lustigen Farm Frenzy-Abenteuer\",\"isPartOf\":{\"@id\":\"https:\/\/www.iplay.com\/en\/#website\"},\"primaryImageOfPage\":{\"@id\":\"https:\/\/www.iplay.com\/de\/games\/farm-frenzy-heave-ho\/#primaryimage\"},\"image\":{\"@id\":\"https:\/\/www.iplay.com\/de\/games\/farm-frenzy-heave-ho\/#primaryimage\"},\"thumbnailUrl\":\"https:\/\/www.iplay.com\/wp-content\/uploads\/2023\/12\/large_square_tile_image-1715.jpg\",\"datePublished\":\"2015-08-30T00:00:00+00:00\",\"description\":\"Mit einem brandneuen Farm Frenzy-Abenteuer, das den Spa\u00df am Farmen zur\u00fcckbringt, ist Scarlett zur\u00fcck!\",\"breadcrumb\":{\"@id\":\"https:\/\/www.iplay.com\/de\/games\/farm-frenzy-heave-ho\/#breadcrumb\"},\"inLanguage\":\"de-DE\",\"potentialAction\":[{\"@type\":\"ReadAction\",\"target\":[\"https:\/\/www.iplay.com\/de\/games\/farm-frenzy-heave-ho\/\"]}]},{\"@type\":\"ImageObject\",\"inLanguage\":\"de-DE\",\"@id\":\"https:\/\/www.iplay.com\/de\/games\/farm-frenzy-heave-ho\/#primaryimage\",\"url\":\"https:\/\/www.iplay.com\/wp-content\/uploads\/2023\/12\/large_square_tile_image-1715.jpg\",\"contentUrl\":\"https:\/\/www.iplay.com\/wp-content\/uploads\/2023\/12\/large_square_tile_image-1715.jpg\",\"width\":310,\"height\":310},{\"@type\":\"BreadcrumbList\",\"@id\":\"https:\/\/www.iplay.com\/de\/games\/farm-frenzy-heave-ho\/#breadcrumb\",\"itemListElement\":[{\"@type\":\"ListItem\",\"position\":1,\"name\":\"Home\",\"item\":\"https:\/\/www.iplay.com\/de\/home-page-2\/\"},{\"@type\":\"ListItem\",\"position\":2,\"name\":\"Shop\",\"item\":\"https:\/\/www.iplay.com\/en\/shop\/\"},{\"@type\":\"ListItem\",\"position\":3,\"name\":\"Farm Frenzy: Heave Ho\"}]},{\"@type\":\"WebSite\",\"@id\":\"https:\/\/www.iplay.com\/en\/#website\",\"url\":\"https:\/\/www.iplay.com\/en\/\",\"name\":\"IPlay\",\"description\":\"The Best Casual Games!\",\"publisher\":{\"@id\":\"https:\/\/www.iplay.com\/en\/#organization\"},\"potentialAction\":[{\"@type\":\"SearchAction\",\"target\":{\"@type\":\"EntryPoint\",\"urlTemplate\":\"https:\/\/www.iplay.com\/en\/?s={search_term_string}\"},\"query-input\":{\"@type\":\"PropertyValueSpecification\",\"valueRequired\":true,\"valueName\":\"search_term_string\"}}],\"inLanguage\":\"de-DE\"},{\"@type\":\"Organization\",\"@id\":\"https:\/\/www.iplay.com\/en\/#organization\",\"name\":\"IPlay\",\"url\":\"https:\/\/www.iplay.com\/en\/\",\"logo\":{\"@type\":\"ImageObject\",\"inLanguage\":\"de-DE\",\"@id\":\"https:\/\/www.iplay.com\/en\/#\/schema\/logo\/image\/\",\"url\":\"https:\/\/www.iplay.com\/wp-content\/uploads\/2023\/11\/Group-6100.svg\",\"contentUrl\":\"https:\/\/www.iplay.com\/wp-content\/uploads\/2023\/11\/Group-6100.svg\",\"width\":98,\"height\":25,\"caption\":\"IPlay\"},\"image\":{\"@id\":\"https:\/\/www.iplay.com\/en\/#\/schema\/logo\/image\/\"}}]}<\/script>\n<!-- \/ Yoast SEO Premium plugin. -->","yoast_head_json":{"title":"Farm Frenzy: Heave Ho - Scarlett ist zur\u00fcck in einem lustigen Farm Frenzy-Abenteuer","description":"Mit einem brandneuen Farm Frenzy-Abenteuer, das den Spa\u00df am Farmen zur\u00fcckbringt, ist Scarlett zur\u00fcck!","robots":{"index":"index","follow":"follow","max-snippet":"max-snippet:-1","max-image-preview":"max-image-preview:large","max-video-preview":"max-video-preview:-1"},"canonical":"https:\/\/www.iplay.com\/de\/games\/farm-frenzy-heave-ho\/","og_locale":"de_DE","og_type":"article","og_title":"Farm Frenzy: Heave Ho","og_description":"Mit einem brandneuen Farm Frenzy-Abenteuer, das den Spa\u00df am Farmen zur\u00fcckbringt, ist Scarlett zur\u00fcck!","og_url":"https:\/\/www.iplay.com\/de\/games\/farm-frenzy-heave-ho\/","og_site_name":"IPlay","og_image":[{"width":310,"height":310,"url":"https:\/\/www.iplay.com\/wp-content\/uploads\/2023\/12\/large_square_tile_image-1715.jpg","type":"image\/jpeg"}],"twitter_card":"summary_large_image","twitter_misc":{"Gesch\u00e4tzte Lesezeit":"1 Minute"},"schema":{"@context":"https:\/\/schema.org","@graph":[{"@type":"WebPage","@id":"https:\/\/www.iplay.com\/de\/games\/farm-frenzy-heave-ho\/","url":"https:\/\/www.iplay.com\/de\/games\/farm-frenzy-heave-ho\/","name":"Farm Frenzy: Heave Ho - Scarlett ist zur\u00fcck in einem lustigen Farm Frenzy-Abenteuer","isPartOf":{"@id":"https:\/\/www.iplay.com\/en\/#website"},"primaryImageOfPage":{"@id":"https:\/\/www.iplay.com\/de\/games\/farm-frenzy-heave-ho\/#primaryimage"},"image":{"@id":"https:\/\/www.iplay.com\/de\/games\/farm-frenzy-heave-ho\/#primaryimage"},"thumbnailUrl":"https:\/\/www.iplay.com\/wp-content\/uploads\/2023\/12\/large_square_tile_image-1715.jpg","datePublished":"2015-08-30T00:00:00+00:00","description":"Mit einem brandneuen Farm Frenzy-Abenteuer, das den Spa\u00df am Farmen zur\u00fcckbringt, ist Scarlett zur\u00fcck!","breadcrumb":{"@id":"https:\/\/www.iplay.com\/de\/games\/farm-frenzy-heave-ho\/#breadcrumb"},"inLanguage":"de-DE","potentialAction":[{"@type":"ReadAction","target":["https:\/\/www.iplay.com\/de\/games\/farm-frenzy-heave-ho\/"]}]},{"@type":"ImageObject","inLanguage":"de-DE","@id":"https:\/\/www.iplay.com\/de\/games\/farm-frenzy-heave-ho\/#primaryimage","url":"https:\/\/www.iplay.com\/wp-content\/uploads\/2023\/12\/large_square_tile_image-1715.jpg","contentUrl":"https:\/\/www.iplay.com\/wp-content\/uploads\/2023\/12\/large_square_tile_image-1715.jpg","width":310,"height":310},{"@type":"BreadcrumbList","@id":"https:\/\/www.iplay.com\/de\/games\/farm-frenzy-heave-ho\/#breadcrumb","itemListElement":[{"@type":"ListItem","position":1,"name":"Home","item":"https:\/\/www.iplay.com\/de\/home-page-2\/"},{"@type":"ListItem","position":2,"name":"Shop","item":"https:\/\/www.iplay.com\/en\/shop\/"},{"@type":"ListItem","position":3,"name":"Farm Frenzy: Heave Ho"}]},{"@type":"WebSite","@id":"https:\/\/www.iplay.com\/en\/#website","url":"https:\/\/www.iplay.com\/en\/","name":"IPlay","description":"The Best Casual Games!","publisher":{"@id":"https:\/\/www.iplay.com\/en\/#organization"},"potentialAction":[{"@type":"SearchAction","target":{"@type":"EntryPoint","urlTemplate":"https:\/\/www.iplay.com\/en\/?s={search_term_string}"},"query-input":{"@type":"PropertyValueSpecification","valueRequired":true,"valueName":"search_term_string"}}],"inLanguage":"de-DE"},{"@type":"Organization","@id":"https:\/\/www.iplay.com\/en\/#organization","name":"IPlay","url":"https:\/\/www.iplay.com\/en\/","logo":{"@type":"ImageObject","inLanguage":"de-DE","@id":"https:\/\/www.iplay.com\/en\/#\/schema\/logo\/image\/","url":"https:\/\/www.iplay.com\/wp-content\/uploads\/2023\/11\/Group-6100.svg","contentUrl":"https:\/\/www.iplay.com\/wp-content\/uploads\/2023\/11\/Group-6100.svg","width":98,"height":25,"caption":"IPlay"},"image":{"@id":"https:\/\/www.iplay.com\/en\/#\/schema\/logo\/image\/"}}]}},"_links":{"self":[{"href":"https:\/\/www.iplay.com\/de\/wp-json\/wp\/v2\/product\/136099","targetHints":{"allow":["GET"]}}],"collection":[{"href":"https:\/\/www.iplay.com\/de\/wp-json\/wp\/v2\/product"}],"about":[{"href":"https:\/\/www.iplay.com\/de\/wp-json\/wp\/v2\/types\/product"}],"author":[{"embeddable":true,"href":"https:\/\/www.iplay.com\/de\/wp-json\/wp\/v2\/users\/8"}],"replies":[{"embeddable":true,"href":"https:\/\/www.iplay.com\/de\/wp-json\/wp\/v2\/comments?post=136099"}],"wp:featuredmedia":[{"embeddable":true,"href":"https:\/\/www.iplay.com\/de\/wp-json\/wp\/v2\/media\/67622"}],"wp:attachment":[{"href":"https:\/\/www.iplay.com\/de\/wp-json\/wp\/v2\/media?parent=136099"}],"wp:term":[{"taxonomy":"product_brand","embeddable":true,"href":"https:\/\/www.iplay.com\/de\/wp-json\/wp\/v2\/product_brand?post=136099"},{"taxonomy":"product_cat","embeddable":true,"href":"https:\/\/www.iplay.com\/de\/wp-json\/wp\/v2\/product_cat?post=136099"},{"taxonomy":"product_tag","embeddable":true,"href":"https:\/\/www.iplay.com\/de\/wp-json\/wp\/v2\/product_tag?post=136099"}],"curies":[{"name":"wp","href":"https:\/\/api.w.org\/{rel}","templated":true}]}}