{"id":136085,"date":"2015-11-08T00:00:00","date_gmt":"2015-11-08T00:00:00","guid":{"rendered":"https:\/\/www.iplay.com\/games\/weather-lord-following-the-princess-collectors-edition\/"},"modified":"2015-11-08T00:00:00","modified_gmt":"2015-11-08T00:00:00","slug":"weather-lord-following-the-princess-collectors-edition","status":"publish","type":"product","link":"https:\/\/www.iplay.com\/de\/games\/weather-lord-following-the-princess-collectors-edition\/","title":{"rendered":"Weather Lord: Following the Princess Collector&#8217;s Edition"},"content":{"rendered":"<p>In der epischen Collector&#8217;s Edition &#8220;Weather Lord: Following the Princess&#8221; taucht ein bekannter Feind wieder auf, aber nur als Vorbote von etwas viel Unheimlicherem! W\u00e4hrend du dich auf eine Mission begibst, um eine Prinzessin aus der Gefangenschaft zu befreien, eine verw\u00fcstete Landschaft wiederherzustellen und eine unerbittliche Macht daran zu hindern, das verzauberte K\u00f6nigreich Lothringen zu zerst\u00f6ren, wirst du immer noch die F\u00e4higkeit besitzen, starke Wettersysteme zu kontrollieren! Diese spezielle Collector&#8217;s Edition von Weather Lord: Following the Princess enth\u00e4lt ein k\u00f6nigliches L\u00f6segeld in Form von Extras, einschlie\u00dflich Desktop-Hintergrund, einem umfassenden Strategiehandbuch, einem spannenden Bonuskapitel mit brandneuen Levels und der M\u00f6glichkeit, sich zu entspannen und den unglaublichen Soundtrack des Spiels in Filmqualit\u00e4t zu genie\u00dfen. Du h\u00e4ltst die Macht der Elemente! Setze sie ein, um das K\u00f6nigreich zur\u00fcckzuerobern!    <\/p>\n<p>&nbsp;<\/p>\n<p>&nbsp;<\/p>\n<p><strong>Funktionen:<\/strong><\/p>\n<p>&nbsp;<\/p>\n<p>&#8211; Aufregende Levels<br \/>\n &#8211; Atemberaubende Umgebungen<br \/>\n &#8211; Belohnungsreiche Erfolge<br \/>\n &#8211; Einfache und komplexe Spielmodi<\/p>\n","protected":false},"excerpt":{"rendered":"<p>Du h\u00e4ltst die Macht der Elemente! Hol dir damit dein K\u00f6nigreich zur\u00fcck! <\/p>\n","protected":false},"author":8,"featured_media":36662,"comment_status":"open","ping_status":"closed","template":"","meta":{"_acf_changed":false,"inline_featured_image":false},"product_brand":[],"product_cat":[217],"product_tag":[289],"class_list":{"0":"post-136085","1":"product","2":"type-product","3":"status-publish","4":"has-post-thumbnail","6":"product_cat-time-management-de","7":"product_tag-play-on-pc-de","9":"first","10":"instock","11":"shipping-taxable","12":"purchasable","13":"product-type-simple"},"acf":[],"yoast_head":"<!-- This site is optimized with the Yoast SEO Premium plugin v25.2 (Yoast SEO v25.2) - https:\/\/yoast.com\/wordpress\/plugins\/seo\/ -->\n<title>Weather Lord: Following the Princess Collector&#039;s Edition - Die Macht der Elemente liegt in deinen H\u00e4nden! Hol dir dein K\u00f6nigreich zur\u00fcck<\/title>\n<meta name=\"description\" content=\"Du h\u00e4ltst die Macht der Elemente! Hol dir damit dein K\u00f6nigreich zur\u00fcck!\" \/>\n<meta name=\"robots\" content=\"index, follow, max-snippet:-1, max-image-preview:large, max-video-preview:-1\" \/>\n<link rel=\"canonical\" href=\"https:\/\/www.iplay.com\/de\/games\/weather-lord-following-the-princess-collectors-edition\/\" \/>\n<meta property=\"og:locale\" content=\"de_DE\" \/>\n<meta property=\"og:type\" content=\"article\" \/>\n<meta property=\"og:title\" content=\"Weather Lord: Following the Princess Collector&#039;s Edition\" \/>\n<meta property=\"og:description\" content=\"Du h\u00e4ltst die Macht der Elemente! Hol dir damit dein K\u00f6nigreich zur\u00fcck!\" \/>\n<meta property=\"og:url\" content=\"https:\/\/www.iplay.com\/de\/games\/weather-lord-following-the-princess-collectors-edition\/\" \/>\n<meta property=\"og:site_name\" content=\"IPlay\" \/>\n<meta property=\"og:image\" content=\"https:\/\/www.iplay.com\/wp-content\/uploads\/2023\/12\/large_square_tile_image-98.jpg\" \/>\n\t<meta property=\"og:image:width\" content=\"310\" \/>\n\t<meta property=\"og:image:height\" content=\"310\" \/>\n\t<meta property=\"og:image:type\" content=\"image\/jpeg\" \/>\n<meta name=\"twitter:card\" content=\"summary_large_image\" \/>\n<meta name=\"twitter:label1\" content=\"Gesch\u00e4tzte Lesezeit\" \/>\n\t<meta name=\"twitter:data1\" content=\"1 Minute\" \/>\n<script type=\"application\/ld+json\" class=\"yoast-schema-graph\">{\"@context\":\"https:\/\/schema.org\",\"@graph\":[{\"@type\":\"WebPage\",\"@id\":\"https:\/\/www.iplay.com\/de\/games\/weather-lord-following-the-princess-collectors-edition\/\",\"url\":\"https:\/\/www.iplay.com\/de\/games\/weather-lord-following-the-princess-collectors-edition\/\",\"name\":\"Weather Lord: Following the Princess Collector's Edition - Die Macht der Elemente liegt in deinen H\u00e4nden! Hol dir dein K\u00f6nigreich zur\u00fcck\",\"isPartOf\":{\"@id\":\"https:\/\/www.iplay.com\/en\/#website\"},\"primaryImageOfPage\":{\"@id\":\"https:\/\/www.iplay.com\/de\/games\/weather-lord-following-the-princess-collectors-edition\/#primaryimage\"},\"image\":{\"@id\":\"https:\/\/www.iplay.com\/de\/games\/weather-lord-following-the-princess-collectors-edition\/#primaryimage\"},\"thumbnailUrl\":\"https:\/\/www.iplay.com\/wp-content\/uploads\/2023\/12\/large_square_tile_image-98.jpg\",\"datePublished\":\"2015-11-08T00:00:00+00:00\",\"description\":\"Du h\u00e4ltst die Macht der Elemente! Hol dir damit dein K\u00f6nigreich zur\u00fcck!\",\"breadcrumb\":{\"@id\":\"https:\/\/www.iplay.com\/de\/games\/weather-lord-following-the-princess-collectors-edition\/#breadcrumb\"},\"inLanguage\":\"de-DE\",\"potentialAction\":[{\"@type\":\"ReadAction\",\"target\":[\"https:\/\/www.iplay.com\/de\/games\/weather-lord-following-the-princess-collectors-edition\/\"]}]},{\"@type\":\"ImageObject\",\"inLanguage\":\"de-DE\",\"@id\":\"https:\/\/www.iplay.com\/de\/games\/weather-lord-following-the-princess-collectors-edition\/#primaryimage\",\"url\":\"https:\/\/www.iplay.com\/wp-content\/uploads\/2023\/12\/large_square_tile_image-98.jpg\",\"contentUrl\":\"https:\/\/www.iplay.com\/wp-content\/uploads\/2023\/12\/large_square_tile_image-98.jpg\",\"width\":310,\"height\":310},{\"@type\":\"BreadcrumbList\",\"@id\":\"https:\/\/www.iplay.com\/de\/games\/weather-lord-following-the-princess-collectors-edition\/#breadcrumb\",\"itemListElement\":[{\"@type\":\"ListItem\",\"position\":1,\"name\":\"Home\",\"item\":\"https:\/\/www.iplay.com\/de\/home-page-2\/\"},{\"@type\":\"ListItem\",\"position\":2,\"name\":\"Shop\",\"item\":\"https:\/\/www.iplay.com\/en\/shop\/\"},{\"@type\":\"ListItem\",\"position\":3,\"name\":\"Weather Lord: Following the Princess Collector&#8217;s Edition\"}]},{\"@type\":\"WebSite\",\"@id\":\"https:\/\/www.iplay.com\/en\/#website\",\"url\":\"https:\/\/www.iplay.com\/en\/\",\"name\":\"IPlay\",\"description\":\"The Best Casual Games!\",\"publisher\":{\"@id\":\"https:\/\/www.iplay.com\/en\/#organization\"},\"potentialAction\":[{\"@type\":\"SearchAction\",\"target\":{\"@type\":\"EntryPoint\",\"urlTemplate\":\"https:\/\/www.iplay.com\/en\/?s={search_term_string}\"},\"query-input\":{\"@type\":\"PropertyValueSpecification\",\"valueRequired\":true,\"valueName\":\"search_term_string\"}}],\"inLanguage\":\"de-DE\"},{\"@type\":\"Organization\",\"@id\":\"https:\/\/www.iplay.com\/en\/#organization\",\"name\":\"IPlay\",\"url\":\"https:\/\/www.iplay.com\/en\/\",\"logo\":{\"@type\":\"ImageObject\",\"inLanguage\":\"de-DE\",\"@id\":\"https:\/\/www.iplay.com\/en\/#\/schema\/logo\/image\/\",\"url\":\"https:\/\/www.iplay.com\/wp-content\/uploads\/2023\/11\/Group-6100.svg\",\"contentUrl\":\"https:\/\/www.iplay.com\/wp-content\/uploads\/2023\/11\/Group-6100.svg\",\"width\":98,\"height\":25,\"caption\":\"IPlay\"},\"image\":{\"@id\":\"https:\/\/www.iplay.com\/en\/#\/schema\/logo\/image\/\"}}]}<\/script>\n<!-- \/ Yoast SEO Premium plugin. -->","yoast_head_json":{"title":"Weather Lord: Following the Princess Collector's Edition - Die Macht der Elemente liegt in deinen H\u00e4nden! Hol dir dein K\u00f6nigreich zur\u00fcck","description":"Du h\u00e4ltst die Macht der Elemente! Hol dir damit dein K\u00f6nigreich zur\u00fcck!","robots":{"index":"index","follow":"follow","max-snippet":"max-snippet:-1","max-image-preview":"max-image-preview:large","max-video-preview":"max-video-preview:-1"},"canonical":"https:\/\/www.iplay.com\/de\/games\/weather-lord-following-the-princess-collectors-edition\/","og_locale":"de_DE","og_type":"article","og_title":"Weather Lord: Following the Princess Collector's Edition","og_description":"Du h\u00e4ltst die Macht der Elemente! Hol dir damit dein K\u00f6nigreich zur\u00fcck!","og_url":"https:\/\/www.iplay.com\/de\/games\/weather-lord-following-the-princess-collectors-edition\/","og_site_name":"IPlay","og_image":[{"width":310,"height":310,"url":"https:\/\/www.iplay.com\/wp-content\/uploads\/2023\/12\/large_square_tile_image-98.jpg","type":"image\/jpeg"}],"twitter_card":"summary_large_image","twitter_misc":{"Gesch\u00e4tzte Lesezeit":"1 Minute"},"schema":{"@context":"https:\/\/schema.org","@graph":[{"@type":"WebPage","@id":"https:\/\/www.iplay.com\/de\/games\/weather-lord-following-the-princess-collectors-edition\/","url":"https:\/\/www.iplay.com\/de\/games\/weather-lord-following-the-princess-collectors-edition\/","name":"Weather Lord: Following the Princess Collector's Edition - Die Macht der Elemente liegt in deinen H\u00e4nden! Hol dir dein K\u00f6nigreich zur\u00fcck","isPartOf":{"@id":"https:\/\/www.iplay.com\/en\/#website"},"primaryImageOfPage":{"@id":"https:\/\/www.iplay.com\/de\/games\/weather-lord-following-the-princess-collectors-edition\/#primaryimage"},"image":{"@id":"https:\/\/www.iplay.com\/de\/games\/weather-lord-following-the-princess-collectors-edition\/#primaryimage"},"thumbnailUrl":"https:\/\/www.iplay.com\/wp-content\/uploads\/2023\/12\/large_square_tile_image-98.jpg","datePublished":"2015-11-08T00:00:00+00:00","description":"Du h\u00e4ltst die Macht der Elemente! Hol dir damit dein K\u00f6nigreich zur\u00fcck!","breadcrumb":{"@id":"https:\/\/www.iplay.com\/de\/games\/weather-lord-following-the-princess-collectors-edition\/#breadcrumb"},"inLanguage":"de-DE","potentialAction":[{"@type":"ReadAction","target":["https:\/\/www.iplay.com\/de\/games\/weather-lord-following-the-princess-collectors-edition\/"]}]},{"@type":"ImageObject","inLanguage":"de-DE","@id":"https:\/\/www.iplay.com\/de\/games\/weather-lord-following-the-princess-collectors-edition\/#primaryimage","url":"https:\/\/www.iplay.com\/wp-content\/uploads\/2023\/12\/large_square_tile_image-98.jpg","contentUrl":"https:\/\/www.iplay.com\/wp-content\/uploads\/2023\/12\/large_square_tile_image-98.jpg","width":310,"height":310},{"@type":"BreadcrumbList","@id":"https:\/\/www.iplay.com\/de\/games\/weather-lord-following-the-princess-collectors-edition\/#breadcrumb","itemListElement":[{"@type":"ListItem","position":1,"name":"Home","item":"https:\/\/www.iplay.com\/de\/home-page-2\/"},{"@type":"ListItem","position":2,"name":"Shop","item":"https:\/\/www.iplay.com\/en\/shop\/"},{"@type":"ListItem","position":3,"name":"Weather Lord: Following the Princess Collector&#8217;s Edition"}]},{"@type":"WebSite","@id":"https:\/\/www.iplay.com\/en\/#website","url":"https:\/\/www.iplay.com\/en\/","name":"IPlay","description":"The Best Casual Games!","publisher":{"@id":"https:\/\/www.iplay.com\/en\/#organization"},"potentialAction":[{"@type":"SearchAction","target":{"@type":"EntryPoint","urlTemplate":"https:\/\/www.iplay.com\/en\/?s={search_term_string}"},"query-input":{"@type":"PropertyValueSpecification","valueRequired":true,"valueName":"search_term_string"}}],"inLanguage":"de-DE"},{"@type":"Organization","@id":"https:\/\/www.iplay.com\/en\/#organization","name":"IPlay","url":"https:\/\/www.iplay.com\/en\/","logo":{"@type":"ImageObject","inLanguage":"de-DE","@id":"https:\/\/www.iplay.com\/en\/#\/schema\/logo\/image\/","url":"https:\/\/www.iplay.com\/wp-content\/uploads\/2023\/11\/Group-6100.svg","contentUrl":"https:\/\/www.iplay.com\/wp-content\/uploads\/2023\/11\/Group-6100.svg","width":98,"height":25,"caption":"IPlay"},"image":{"@id":"https:\/\/www.iplay.com\/en\/#\/schema\/logo\/image\/"}}]}},"_links":{"self":[{"href":"https:\/\/www.iplay.com\/de\/wp-json\/wp\/v2\/product\/136085","targetHints":{"allow":["GET"]}}],"collection":[{"href":"https:\/\/www.iplay.com\/de\/wp-json\/wp\/v2\/product"}],"about":[{"href":"https:\/\/www.iplay.com\/de\/wp-json\/wp\/v2\/types\/product"}],"author":[{"embeddable":true,"href":"https:\/\/www.iplay.com\/de\/wp-json\/wp\/v2\/users\/8"}],"replies":[{"embeddable":true,"href":"https:\/\/www.iplay.com\/de\/wp-json\/wp\/v2\/comments?post=136085"}],"wp:featuredmedia":[{"embeddable":true,"href":"https:\/\/www.iplay.com\/de\/wp-json\/wp\/v2\/media\/36662"}],"wp:attachment":[{"href":"https:\/\/www.iplay.com\/de\/wp-json\/wp\/v2\/media?parent=136085"}],"wp:term":[{"taxonomy":"product_brand","embeddable":true,"href":"https:\/\/www.iplay.com\/de\/wp-json\/wp\/v2\/product_brand?post=136085"},{"taxonomy":"product_cat","embeddable":true,"href":"https:\/\/www.iplay.com\/de\/wp-json\/wp\/v2\/product_cat?post=136085"},{"taxonomy":"product_tag","embeddable":true,"href":"https:\/\/www.iplay.com\/de\/wp-json\/wp\/v2\/product_tag?post=136085"}],"curies":[{"name":"wp","href":"https:\/\/api.w.org\/{rel}","templated":true}]}}