{"id":136071,"date":"2015-11-25T00:00:00","date_gmt":"2015-11-25T00:00:00","guid":{"rendered":"https:\/\/www.iplay.com\/games\/delicious-emilys-hopes-and-fears-platinum-edition\/"},"modified":"2015-11-25T00:00:00","modified_gmt":"2015-11-25T00:00:00","slug":"delicious-emilys-hopes-and-fears-platinum-edition","status":"publish","type":"product","link":"https:\/\/www.iplay.com\/de\/games\/delicious-emilys-hopes-and-fears-platinum-edition\/","title":{"rendered":"Delicious &#8211; Emily&#8217;s Hopes and Fears Platinum Edition"},"content":{"rendered":"<p>Delicious &#8211; Du begibst dich auf ein unvergleichliches Erlebnis mit Emily&#8217;s Hopes and Fears. Paige k\u00e4mpft im hei\u00dfesten Sommer des Jahrhunderts um das \u00dcberleben einer unerkl\u00e4rlichen Krankheit. W\u00e4hrend Emily standhaft an der Seite ihrer Tochter bleibt, begibt sich Patrick auf eine heldenhafte Suche durch die bittere K\u00e4lte, um das eine Heilmittel zu finden: eine wundersame Blume. Wird er in der Lage sein, sein kleines M\u00e4dchen zu retten?   <\/p>\n<p>&nbsp;<\/p>\n<p>&nbsp;<\/p>\n<p><strong>Funktionen:<\/strong><\/p>\n<p>&nbsp;<\/p>\n<p>&#8211; Erfreue dich an der 12. Staffel der Delicious-Zeitmanagement-Serie<br \/>\n &#8211; Schlie\u00dfe 65 schwierige, aber seltsam beruhigende Story-Levels sowie 32 zus\u00e4tzliche Herausforderungen<br \/>\n ab &#8211; st\u00fcrze dich in ein unglaubliches Abenteuer und hilf Patrick bei der Suche nach der magischen Blume<br \/>\n &#8211; Hilf Emily, in unsicheren und be\u00e4ngstigenden Zeiten an der Hoffnung festzuhalten und sammle Geschenke, um Paige aufzumuntern<\/p>\n","protected":false},"excerpt":{"rendered":"<p>Nimm an der heldenhaften Mission eines Vaters teil, um das Leben seiner kleinen Tochter zu retten!<\/p>\n","protected":false},"author":10,"featured_media":36310,"comment_status":"open","ping_status":"closed","template":"","meta":{"_acf_changed":false,"inline_featured_image":false},"product_brand":[],"product_cat":[217],"product_tag":[289],"class_list":{"0":"post-136071","1":"product","2":"type-product","3":"status-publish","4":"has-post-thumbnail","6":"product_cat-time-management-de","7":"product_tag-play-on-pc-de","9":"first","10":"instock","11":"shipping-taxable","12":"purchasable","13":"product-type-simple"},"acf":[],"yoast_head":"<!-- This site is optimized with the Yoast SEO Premium plugin v25.2 (Yoast SEO v25.2) - https:\/\/yoast.com\/wordpress\/plugins\/seo\/ -->\n<title>Delicious - Emily&#039;s Hopes and Fears Platinum Edition - Begleite einen Vater auf einer epischen Reise, um das Leben seines kleinen M\u00e4dchens zu retten<\/title>\n<meta name=\"description\" content=\"Nimm an der heldenhaften Mission eines Vaters teil, um das Leben seiner kleinen Tochter zu retten!\" \/>\n<meta name=\"robots\" content=\"index, follow, max-snippet:-1, max-image-preview:large, max-video-preview:-1\" \/>\n<link rel=\"canonical\" href=\"https:\/\/www.iplay.com\/de\/games\/delicious-emilys-hopes-and-fears-platinum-edition\/\" \/>\n<meta property=\"og:locale\" content=\"de_DE\" \/>\n<meta property=\"og:type\" content=\"article\" \/>\n<meta property=\"og:title\" content=\"Delicious - Emily&#039;s Hopes and Fears Platinum Edition\" \/>\n<meta property=\"og:description\" content=\"Nimm an der heldenhaften Mission eines Vaters teil, um das Leben seiner kleinen Tochter zu retten!\" \/>\n<meta property=\"og:url\" content=\"https:\/\/www.iplay.com\/de\/games\/delicious-emilys-hopes-and-fears-platinum-edition\/\" \/>\n<meta property=\"og:site_name\" content=\"IPlay\" \/>\n<meta property=\"og:image\" content=\"https:\/\/www.iplay.com\/wp-content\/uploads\/2023\/12\/large_square_tile_image-76.jpg\" \/>\n\t<meta property=\"og:image:width\" content=\"310\" \/>\n\t<meta property=\"og:image:height\" content=\"310\" \/>\n\t<meta property=\"og:image:type\" content=\"image\/jpeg\" \/>\n<meta name=\"twitter:card\" content=\"summary_large_image\" \/>\n<meta name=\"twitter:label1\" content=\"Gesch\u00e4tzte Lesezeit\" \/>\n\t<meta name=\"twitter:data1\" content=\"1 Minute\" \/>\n<script type=\"application\/ld+json\" class=\"yoast-schema-graph\">{\"@context\":\"https:\/\/schema.org\",\"@graph\":[{\"@type\":\"WebPage\",\"@id\":\"https:\/\/www.iplay.com\/de\/games\/delicious-emilys-hopes-and-fears-platinum-edition\/\",\"url\":\"https:\/\/www.iplay.com\/de\/games\/delicious-emilys-hopes-and-fears-platinum-edition\/\",\"name\":\"Delicious - Emily's Hopes and Fears Platinum Edition - Begleite einen Vater auf einer epischen Reise, um das Leben seines kleinen M\u00e4dchens zu retten\",\"isPartOf\":{\"@id\":\"https:\/\/www.iplay.com\/en\/#website\"},\"primaryImageOfPage\":{\"@id\":\"https:\/\/www.iplay.com\/de\/games\/delicious-emilys-hopes-and-fears-platinum-edition\/#primaryimage\"},\"image\":{\"@id\":\"https:\/\/www.iplay.com\/de\/games\/delicious-emilys-hopes-and-fears-platinum-edition\/#primaryimage\"},\"thumbnailUrl\":\"https:\/\/www.iplay.com\/wp-content\/uploads\/2023\/12\/large_square_tile_image-76.jpg\",\"datePublished\":\"2015-11-25T00:00:00+00:00\",\"description\":\"Nimm an der heldenhaften Mission eines Vaters teil, um das Leben seiner kleinen Tochter zu retten!\",\"breadcrumb\":{\"@id\":\"https:\/\/www.iplay.com\/de\/games\/delicious-emilys-hopes-and-fears-platinum-edition\/#breadcrumb\"},\"inLanguage\":\"de-DE\",\"potentialAction\":[{\"@type\":\"ReadAction\",\"target\":[\"https:\/\/www.iplay.com\/de\/games\/delicious-emilys-hopes-and-fears-platinum-edition\/\"]}]},{\"@type\":\"ImageObject\",\"inLanguage\":\"de-DE\",\"@id\":\"https:\/\/www.iplay.com\/de\/games\/delicious-emilys-hopes-and-fears-platinum-edition\/#primaryimage\",\"url\":\"https:\/\/www.iplay.com\/wp-content\/uploads\/2023\/12\/large_square_tile_image-76.jpg\",\"contentUrl\":\"https:\/\/www.iplay.com\/wp-content\/uploads\/2023\/12\/large_square_tile_image-76.jpg\",\"width\":310,\"height\":310},{\"@type\":\"BreadcrumbList\",\"@id\":\"https:\/\/www.iplay.com\/de\/games\/delicious-emilys-hopes-and-fears-platinum-edition\/#breadcrumb\",\"itemListElement\":[{\"@type\":\"ListItem\",\"position\":1,\"name\":\"Home\",\"item\":\"https:\/\/www.iplay.com\/de\/home-page-2\/\"},{\"@type\":\"ListItem\",\"position\":2,\"name\":\"Shop\",\"item\":\"https:\/\/www.iplay.com\/en\/shop\/\"},{\"@type\":\"ListItem\",\"position\":3,\"name\":\"Delicious &#8211; Emily&#8217;s Hopes and Fears Platinum Edition\"}]},{\"@type\":\"WebSite\",\"@id\":\"https:\/\/www.iplay.com\/en\/#website\",\"url\":\"https:\/\/www.iplay.com\/en\/\",\"name\":\"IPlay\",\"description\":\"The Best Casual Games!\",\"publisher\":{\"@id\":\"https:\/\/www.iplay.com\/en\/#organization\"},\"potentialAction\":[{\"@type\":\"SearchAction\",\"target\":{\"@type\":\"EntryPoint\",\"urlTemplate\":\"https:\/\/www.iplay.com\/en\/?s={search_term_string}\"},\"query-input\":{\"@type\":\"PropertyValueSpecification\",\"valueRequired\":true,\"valueName\":\"search_term_string\"}}],\"inLanguage\":\"de-DE\"},{\"@type\":\"Organization\",\"@id\":\"https:\/\/www.iplay.com\/en\/#organization\",\"name\":\"IPlay\",\"url\":\"https:\/\/www.iplay.com\/en\/\",\"logo\":{\"@type\":\"ImageObject\",\"inLanguage\":\"de-DE\",\"@id\":\"https:\/\/www.iplay.com\/en\/#\/schema\/logo\/image\/\",\"url\":\"https:\/\/www.iplay.com\/wp-content\/uploads\/2023\/11\/Group-6100.svg\",\"contentUrl\":\"https:\/\/www.iplay.com\/wp-content\/uploads\/2023\/11\/Group-6100.svg\",\"width\":98,\"height\":25,\"caption\":\"IPlay\"},\"image\":{\"@id\":\"https:\/\/www.iplay.com\/en\/#\/schema\/logo\/image\/\"}}]}<\/script>\n<!-- \/ Yoast SEO Premium plugin. -->","yoast_head_json":{"title":"Delicious - Emily's Hopes and Fears Platinum Edition - Begleite einen Vater auf einer epischen Reise, um das Leben seines kleinen M\u00e4dchens zu retten","description":"Nimm an der heldenhaften Mission eines Vaters teil, um das Leben seiner kleinen Tochter zu retten!","robots":{"index":"index","follow":"follow","max-snippet":"max-snippet:-1","max-image-preview":"max-image-preview:large","max-video-preview":"max-video-preview:-1"},"canonical":"https:\/\/www.iplay.com\/de\/games\/delicious-emilys-hopes-and-fears-platinum-edition\/","og_locale":"de_DE","og_type":"article","og_title":"Delicious - Emily's Hopes and Fears Platinum Edition","og_description":"Nimm an der heldenhaften Mission eines Vaters teil, um das Leben seiner kleinen Tochter zu retten!","og_url":"https:\/\/www.iplay.com\/de\/games\/delicious-emilys-hopes-and-fears-platinum-edition\/","og_site_name":"IPlay","og_image":[{"width":310,"height":310,"url":"https:\/\/www.iplay.com\/wp-content\/uploads\/2023\/12\/large_square_tile_image-76.jpg","type":"image\/jpeg"}],"twitter_card":"summary_large_image","twitter_misc":{"Gesch\u00e4tzte Lesezeit":"1 Minute"},"schema":{"@context":"https:\/\/schema.org","@graph":[{"@type":"WebPage","@id":"https:\/\/www.iplay.com\/de\/games\/delicious-emilys-hopes-and-fears-platinum-edition\/","url":"https:\/\/www.iplay.com\/de\/games\/delicious-emilys-hopes-and-fears-platinum-edition\/","name":"Delicious - Emily's Hopes and Fears Platinum Edition - Begleite einen Vater auf einer epischen Reise, um das Leben seines kleinen M\u00e4dchens zu retten","isPartOf":{"@id":"https:\/\/www.iplay.com\/en\/#website"},"primaryImageOfPage":{"@id":"https:\/\/www.iplay.com\/de\/games\/delicious-emilys-hopes-and-fears-platinum-edition\/#primaryimage"},"image":{"@id":"https:\/\/www.iplay.com\/de\/games\/delicious-emilys-hopes-and-fears-platinum-edition\/#primaryimage"},"thumbnailUrl":"https:\/\/www.iplay.com\/wp-content\/uploads\/2023\/12\/large_square_tile_image-76.jpg","datePublished":"2015-11-25T00:00:00+00:00","description":"Nimm an der heldenhaften Mission eines Vaters teil, um das Leben seiner kleinen Tochter zu retten!","breadcrumb":{"@id":"https:\/\/www.iplay.com\/de\/games\/delicious-emilys-hopes-and-fears-platinum-edition\/#breadcrumb"},"inLanguage":"de-DE","potentialAction":[{"@type":"ReadAction","target":["https:\/\/www.iplay.com\/de\/games\/delicious-emilys-hopes-and-fears-platinum-edition\/"]}]},{"@type":"ImageObject","inLanguage":"de-DE","@id":"https:\/\/www.iplay.com\/de\/games\/delicious-emilys-hopes-and-fears-platinum-edition\/#primaryimage","url":"https:\/\/www.iplay.com\/wp-content\/uploads\/2023\/12\/large_square_tile_image-76.jpg","contentUrl":"https:\/\/www.iplay.com\/wp-content\/uploads\/2023\/12\/large_square_tile_image-76.jpg","width":310,"height":310},{"@type":"BreadcrumbList","@id":"https:\/\/www.iplay.com\/de\/games\/delicious-emilys-hopes-and-fears-platinum-edition\/#breadcrumb","itemListElement":[{"@type":"ListItem","position":1,"name":"Home","item":"https:\/\/www.iplay.com\/de\/home-page-2\/"},{"@type":"ListItem","position":2,"name":"Shop","item":"https:\/\/www.iplay.com\/en\/shop\/"},{"@type":"ListItem","position":3,"name":"Delicious &#8211; Emily&#8217;s Hopes and Fears Platinum Edition"}]},{"@type":"WebSite","@id":"https:\/\/www.iplay.com\/en\/#website","url":"https:\/\/www.iplay.com\/en\/","name":"IPlay","description":"The Best Casual Games!","publisher":{"@id":"https:\/\/www.iplay.com\/en\/#organization"},"potentialAction":[{"@type":"SearchAction","target":{"@type":"EntryPoint","urlTemplate":"https:\/\/www.iplay.com\/en\/?s={search_term_string}"},"query-input":{"@type":"PropertyValueSpecification","valueRequired":true,"valueName":"search_term_string"}}],"inLanguage":"de-DE"},{"@type":"Organization","@id":"https:\/\/www.iplay.com\/en\/#organization","name":"IPlay","url":"https:\/\/www.iplay.com\/en\/","logo":{"@type":"ImageObject","inLanguage":"de-DE","@id":"https:\/\/www.iplay.com\/en\/#\/schema\/logo\/image\/","url":"https:\/\/www.iplay.com\/wp-content\/uploads\/2023\/11\/Group-6100.svg","contentUrl":"https:\/\/www.iplay.com\/wp-content\/uploads\/2023\/11\/Group-6100.svg","width":98,"height":25,"caption":"IPlay"},"image":{"@id":"https:\/\/www.iplay.com\/en\/#\/schema\/logo\/image\/"}}]}},"_links":{"self":[{"href":"https:\/\/www.iplay.com\/de\/wp-json\/wp\/v2\/product\/136071","targetHints":{"allow":["GET"]}}],"collection":[{"href":"https:\/\/www.iplay.com\/de\/wp-json\/wp\/v2\/product"}],"about":[{"href":"https:\/\/www.iplay.com\/de\/wp-json\/wp\/v2\/types\/product"}],"author":[{"embeddable":true,"href":"https:\/\/www.iplay.com\/de\/wp-json\/wp\/v2\/users\/10"}],"replies":[{"embeddable":true,"href":"https:\/\/www.iplay.com\/de\/wp-json\/wp\/v2\/comments?post=136071"}],"wp:featuredmedia":[{"embeddable":true,"href":"https:\/\/www.iplay.com\/de\/wp-json\/wp\/v2\/media\/36310"}],"wp:attachment":[{"href":"https:\/\/www.iplay.com\/de\/wp-json\/wp\/v2\/media?parent=136071"}],"wp:term":[{"taxonomy":"product_brand","embeddable":true,"href":"https:\/\/www.iplay.com\/de\/wp-json\/wp\/v2\/product_brand?post=136071"},{"taxonomy":"product_cat","embeddable":true,"href":"https:\/\/www.iplay.com\/de\/wp-json\/wp\/v2\/product_cat?post=136071"},{"taxonomy":"product_tag","embeddable":true,"href":"https:\/\/www.iplay.com\/de\/wp-json\/wp\/v2\/product_tag?post=136071"}],"curies":[{"name":"wp","href":"https:\/\/api.w.org\/{rel}","templated":true}]}}