{"id":136043,"date":"2016-03-09T00:00:00","date_gmt":"2016-03-09T00:00:00","guid":{"rendered":"https:\/\/www.iplay.com\/games\/gardens-inc-4-blooming-stars-collectors-edition\/"},"modified":"2016-03-09T00:00:00","modified_gmt":"2016-03-09T00:00:00","slug":"gardens-inc-4-blooming-stars-collectors-edition","status":"publish","type":"product","link":"https:\/\/www.iplay.com\/de\/games\/gardens-inc-4-blooming-stars-collectors-edition\/","title":{"rendered":"Gardens Inc. 4 &#8211; Blooming Stars Collector&#8217;s Edition"},"content":{"rendered":"<p>Jill und Mike sind nach ihrer spektakul\u00e4ren Hochzeit weithin anerkannte Garten-Gurus. Wenn ein Fernsehsender auf sie zukommt, um eine Reality-Sendung \u00fcber ihren Beruf zu machen, z\u00f6gern sie nicht und springen direkt ein. Es scheint eine fantastische Gelegenheit f\u00fcr das Paar zu sein, das ein Kind erwartet! Allerdings ist eine Karriere im Fernsehen vielleicht nicht so angenehm, wie es scheint, und sie ist sicherlich gef\u00e4hrlicher! Bonus-Episoden, die nur in dieser Collector&#8217;s Edition erh\u00e4ltlich sind    <\/p>\n<p>&#8211; Sie haben keinen gr\u00fcnen Daumen? Kein Problem&#8230; Inklusive Strategiehandbuch &#8211; Personalisieren Sie das Babyzimmer von Jill und Mike <\/p>\n<p>&#8211; Reise zu 6 anderen Kontinenten, um einzigartige und wundersch\u00f6ne G\u00e4rten zu entwickeln!<\/p>\n<p>&#8211; Genie\u00dfe unglaubliche Schwierigkeiten beim Zeitmanagement, zahlreiche Erfolge und vieles mehr!<\/p>\n","protected":false},"excerpt":{"rendered":"<p>Bereise mit Jill und Mike die Welt und werde zu internationalen TV-Stars!<\/p>\n","protected":false},"author":68,"featured_media":106659,"comment_status":"open","ping_status":"closed","template":"","meta":{"_acf_changed":false,"inline_featured_image":false},"product_brand":[],"product_cat":[217],"product_tag":[289],"class_list":{"0":"post-136043","1":"product","2":"type-product","3":"status-publish","4":"has-post-thumbnail","6":"product_cat-time-management-de","7":"product_tag-play-on-pc-de","9":"first","10":"instock","11":"shipping-taxable","12":"purchasable","13":"product-type-simple"},"acf":[],"yoast_head":"<!-- This site is optimized with the Yoast SEO Premium plugin v25.2 (Yoast SEO v25.2) - https:\/\/yoast.com\/wordpress\/plugins\/seo\/ -->\n<title>Gardens Inc. 4 - Blooming Stars Collector&#039;s Edition - Reise mit Jill und Mike, w\u00e4hrend sie zu TV-Superstars werden<\/title>\n<meta name=\"description\" content=\"Bereise mit Jill und Mike die Welt und werde zu internationalen TV-Stars!\" \/>\n<meta name=\"robots\" content=\"index, follow, max-snippet:-1, max-image-preview:large, max-video-preview:-1\" \/>\n<link rel=\"canonical\" href=\"https:\/\/www.iplay.com\/de\/games\/gardens-inc-4-blooming-stars-collectors-edition\/\" \/>\n<meta property=\"og:locale\" content=\"de_DE\" \/>\n<meta property=\"og:type\" content=\"article\" \/>\n<meta property=\"og:title\" content=\"Gardens Inc. 4 - Blooming Stars Collector&#039;s Edition\" \/>\n<meta property=\"og:description\" content=\"Bereise mit Jill und Mike die Welt und werde zu internationalen TV-Stars!\" \/>\n<meta property=\"og:url\" content=\"https:\/\/www.iplay.com\/de\/games\/gardens-inc-4-blooming-stars-collectors-edition\/\" \/>\n<meta property=\"og:site_name\" content=\"IPlay\" \/>\n<meta property=\"og:image\" content=\"https:\/\/www.iplay.com\/wp-content\/uploads\/2023\/12\/large_square_tile_image-4185.jpg\" \/>\n\t<meta property=\"og:image:width\" content=\"310\" \/>\n\t<meta property=\"og:image:height\" content=\"310\" \/>\n\t<meta property=\"og:image:type\" content=\"image\/jpeg\" \/>\n<meta name=\"twitter:card\" content=\"summary_large_image\" \/>\n<meta name=\"twitter:label1\" content=\"Gesch\u00e4tzte Lesezeit\" \/>\n\t<meta name=\"twitter:data1\" content=\"1 Minute\" \/>\n<script type=\"application\/ld+json\" class=\"yoast-schema-graph\">{\"@context\":\"https:\/\/schema.org\",\"@graph\":[{\"@type\":\"WebPage\",\"@id\":\"https:\/\/www.iplay.com\/de\/games\/gardens-inc-4-blooming-stars-collectors-edition\/\",\"url\":\"https:\/\/www.iplay.com\/de\/games\/gardens-inc-4-blooming-stars-collectors-edition\/\",\"name\":\"Gardens Inc. 4 - Blooming Stars Collector's Edition - Reise mit Jill und Mike, w\u00e4hrend sie zu TV-Superstars werden\",\"isPartOf\":{\"@id\":\"https:\/\/www.iplay.com\/en\/#website\"},\"primaryImageOfPage\":{\"@id\":\"https:\/\/www.iplay.com\/de\/games\/gardens-inc-4-blooming-stars-collectors-edition\/#primaryimage\"},\"image\":{\"@id\":\"https:\/\/www.iplay.com\/de\/games\/gardens-inc-4-blooming-stars-collectors-edition\/#primaryimage\"},\"thumbnailUrl\":\"https:\/\/www.iplay.com\/wp-content\/uploads\/2023\/12\/large_square_tile_image-4185.jpg\",\"datePublished\":\"2016-03-09T00:00:00+00:00\",\"description\":\"Bereise mit Jill und Mike die Welt und werde zu internationalen TV-Stars!\",\"breadcrumb\":{\"@id\":\"https:\/\/www.iplay.com\/de\/games\/gardens-inc-4-blooming-stars-collectors-edition\/#breadcrumb\"},\"inLanguage\":\"de-DE\",\"potentialAction\":[{\"@type\":\"ReadAction\",\"target\":[\"https:\/\/www.iplay.com\/de\/games\/gardens-inc-4-blooming-stars-collectors-edition\/\"]}]},{\"@type\":\"ImageObject\",\"inLanguage\":\"de-DE\",\"@id\":\"https:\/\/www.iplay.com\/de\/games\/gardens-inc-4-blooming-stars-collectors-edition\/#primaryimage\",\"url\":\"https:\/\/www.iplay.com\/wp-content\/uploads\/2023\/12\/large_square_tile_image-4185.jpg\",\"contentUrl\":\"https:\/\/www.iplay.com\/wp-content\/uploads\/2023\/12\/large_square_tile_image-4185.jpg\",\"width\":310,\"height\":310},{\"@type\":\"BreadcrumbList\",\"@id\":\"https:\/\/www.iplay.com\/de\/games\/gardens-inc-4-blooming-stars-collectors-edition\/#breadcrumb\",\"itemListElement\":[{\"@type\":\"ListItem\",\"position\":1,\"name\":\"Home\",\"item\":\"https:\/\/www.iplay.com\/de\/home-page-2\/\"},{\"@type\":\"ListItem\",\"position\":2,\"name\":\"Shop\",\"item\":\"https:\/\/www.iplay.com\/en\/shop\/\"},{\"@type\":\"ListItem\",\"position\":3,\"name\":\"Gardens Inc. 4 &#8211; Blooming Stars Collector&#8217;s Edition\"}]},{\"@type\":\"WebSite\",\"@id\":\"https:\/\/www.iplay.com\/en\/#website\",\"url\":\"https:\/\/www.iplay.com\/en\/\",\"name\":\"IPlay\",\"description\":\"The Best Casual Games!\",\"publisher\":{\"@id\":\"https:\/\/www.iplay.com\/en\/#organization\"},\"potentialAction\":[{\"@type\":\"SearchAction\",\"target\":{\"@type\":\"EntryPoint\",\"urlTemplate\":\"https:\/\/www.iplay.com\/en\/?s={search_term_string}\"},\"query-input\":{\"@type\":\"PropertyValueSpecification\",\"valueRequired\":true,\"valueName\":\"search_term_string\"}}],\"inLanguage\":\"de-DE\"},{\"@type\":\"Organization\",\"@id\":\"https:\/\/www.iplay.com\/en\/#organization\",\"name\":\"IPlay\",\"url\":\"https:\/\/www.iplay.com\/en\/\",\"logo\":{\"@type\":\"ImageObject\",\"inLanguage\":\"de-DE\",\"@id\":\"https:\/\/www.iplay.com\/en\/#\/schema\/logo\/image\/\",\"url\":\"https:\/\/www.iplay.com\/wp-content\/uploads\/2023\/11\/Group-6100.svg\",\"contentUrl\":\"https:\/\/www.iplay.com\/wp-content\/uploads\/2023\/11\/Group-6100.svg\",\"width\":98,\"height\":25,\"caption\":\"IPlay\"},\"image\":{\"@id\":\"https:\/\/www.iplay.com\/en\/#\/schema\/logo\/image\/\"}}]}<\/script>\n<!-- \/ Yoast SEO Premium plugin. -->","yoast_head_json":{"title":"Gardens Inc. 4 - Blooming Stars Collector's Edition - Reise mit Jill und Mike, w\u00e4hrend sie zu TV-Superstars werden","description":"Bereise mit Jill und Mike die Welt und werde zu internationalen TV-Stars!","robots":{"index":"index","follow":"follow","max-snippet":"max-snippet:-1","max-image-preview":"max-image-preview:large","max-video-preview":"max-video-preview:-1"},"canonical":"https:\/\/www.iplay.com\/de\/games\/gardens-inc-4-blooming-stars-collectors-edition\/","og_locale":"de_DE","og_type":"article","og_title":"Gardens Inc. 4 - Blooming Stars Collector's Edition","og_description":"Bereise mit Jill und Mike die Welt und werde zu internationalen TV-Stars!","og_url":"https:\/\/www.iplay.com\/de\/games\/gardens-inc-4-blooming-stars-collectors-edition\/","og_site_name":"IPlay","og_image":[{"width":310,"height":310,"url":"https:\/\/www.iplay.com\/wp-content\/uploads\/2023\/12\/large_square_tile_image-4185.jpg","type":"image\/jpeg"}],"twitter_card":"summary_large_image","twitter_misc":{"Gesch\u00e4tzte Lesezeit":"1 Minute"},"schema":{"@context":"https:\/\/schema.org","@graph":[{"@type":"WebPage","@id":"https:\/\/www.iplay.com\/de\/games\/gardens-inc-4-blooming-stars-collectors-edition\/","url":"https:\/\/www.iplay.com\/de\/games\/gardens-inc-4-blooming-stars-collectors-edition\/","name":"Gardens Inc. 4 - Blooming Stars Collector's Edition - Reise mit Jill und Mike, w\u00e4hrend sie zu TV-Superstars werden","isPartOf":{"@id":"https:\/\/www.iplay.com\/en\/#website"},"primaryImageOfPage":{"@id":"https:\/\/www.iplay.com\/de\/games\/gardens-inc-4-blooming-stars-collectors-edition\/#primaryimage"},"image":{"@id":"https:\/\/www.iplay.com\/de\/games\/gardens-inc-4-blooming-stars-collectors-edition\/#primaryimage"},"thumbnailUrl":"https:\/\/www.iplay.com\/wp-content\/uploads\/2023\/12\/large_square_tile_image-4185.jpg","datePublished":"2016-03-09T00:00:00+00:00","description":"Bereise mit Jill und Mike die Welt und werde zu internationalen TV-Stars!","breadcrumb":{"@id":"https:\/\/www.iplay.com\/de\/games\/gardens-inc-4-blooming-stars-collectors-edition\/#breadcrumb"},"inLanguage":"de-DE","potentialAction":[{"@type":"ReadAction","target":["https:\/\/www.iplay.com\/de\/games\/gardens-inc-4-blooming-stars-collectors-edition\/"]}]},{"@type":"ImageObject","inLanguage":"de-DE","@id":"https:\/\/www.iplay.com\/de\/games\/gardens-inc-4-blooming-stars-collectors-edition\/#primaryimage","url":"https:\/\/www.iplay.com\/wp-content\/uploads\/2023\/12\/large_square_tile_image-4185.jpg","contentUrl":"https:\/\/www.iplay.com\/wp-content\/uploads\/2023\/12\/large_square_tile_image-4185.jpg","width":310,"height":310},{"@type":"BreadcrumbList","@id":"https:\/\/www.iplay.com\/de\/games\/gardens-inc-4-blooming-stars-collectors-edition\/#breadcrumb","itemListElement":[{"@type":"ListItem","position":1,"name":"Home","item":"https:\/\/www.iplay.com\/de\/home-page-2\/"},{"@type":"ListItem","position":2,"name":"Shop","item":"https:\/\/www.iplay.com\/en\/shop\/"},{"@type":"ListItem","position":3,"name":"Gardens Inc. 4 &#8211; Blooming Stars Collector&#8217;s Edition"}]},{"@type":"WebSite","@id":"https:\/\/www.iplay.com\/en\/#website","url":"https:\/\/www.iplay.com\/en\/","name":"IPlay","description":"The Best Casual Games!","publisher":{"@id":"https:\/\/www.iplay.com\/en\/#organization"},"potentialAction":[{"@type":"SearchAction","target":{"@type":"EntryPoint","urlTemplate":"https:\/\/www.iplay.com\/en\/?s={search_term_string}"},"query-input":{"@type":"PropertyValueSpecification","valueRequired":true,"valueName":"search_term_string"}}],"inLanguage":"de-DE"},{"@type":"Organization","@id":"https:\/\/www.iplay.com\/en\/#organization","name":"IPlay","url":"https:\/\/www.iplay.com\/en\/","logo":{"@type":"ImageObject","inLanguage":"de-DE","@id":"https:\/\/www.iplay.com\/en\/#\/schema\/logo\/image\/","url":"https:\/\/www.iplay.com\/wp-content\/uploads\/2023\/11\/Group-6100.svg","contentUrl":"https:\/\/www.iplay.com\/wp-content\/uploads\/2023\/11\/Group-6100.svg","width":98,"height":25,"caption":"IPlay"},"image":{"@id":"https:\/\/www.iplay.com\/en\/#\/schema\/logo\/image\/"}}]}},"_links":{"self":[{"href":"https:\/\/www.iplay.com\/de\/wp-json\/wp\/v2\/product\/136043","targetHints":{"allow":["GET"]}}],"collection":[{"href":"https:\/\/www.iplay.com\/de\/wp-json\/wp\/v2\/product"}],"about":[{"href":"https:\/\/www.iplay.com\/de\/wp-json\/wp\/v2\/types\/product"}],"author":[{"embeddable":true,"href":"https:\/\/www.iplay.com\/de\/wp-json\/wp\/v2\/users\/68"}],"replies":[{"embeddable":true,"href":"https:\/\/www.iplay.com\/de\/wp-json\/wp\/v2\/comments?post=136043"}],"wp:featuredmedia":[{"embeddable":true,"href":"https:\/\/www.iplay.com\/de\/wp-json\/wp\/v2\/media\/106659"}],"wp:attachment":[{"href":"https:\/\/www.iplay.com\/de\/wp-json\/wp\/v2\/media?parent=136043"}],"wp:term":[{"taxonomy":"product_brand","embeddable":true,"href":"https:\/\/www.iplay.com\/de\/wp-json\/wp\/v2\/product_brand?post=136043"},{"taxonomy":"product_cat","embeddable":true,"href":"https:\/\/www.iplay.com\/de\/wp-json\/wp\/v2\/product_cat?post=136043"},{"taxonomy":"product_tag","embeddable":true,"href":"https:\/\/www.iplay.com\/de\/wp-json\/wp\/v2\/product_tag?post=136043"}],"curies":[{"name":"wp","href":"https:\/\/api.w.org\/{rel}","templated":true}]}}