{"id":136027,"date":"2016-04-19T00:00:00","date_gmt":"2016-04-19T00:00:00","guid":{"rendered":"https:\/\/www.iplay.com\/games\/gnomes-garden-3-the-thief-of-castles\/"},"modified":"2016-04-19T00:00:00","modified_gmt":"2016-04-19T00:00:00","slug":"gnomes-garden-3-the-thief-of-castles","status":"publish","type":"product","link":"https:\/\/www.iplay.com\/de\/games\/gnomes-garden-3-the-thief-of-castles\/","title":{"rendered":"Gnomes Garden 3: The Thief of Castles"},"content":{"rendered":"<p>Die Gnomenprinzessin ist nach Hause zur\u00fcckgekehrt. Sie war in der Lage, Frieden mit den Trollen zu schlie\u00dfen und ihre K\u00f6nigin zu treffen, aber zu Hause war das B\u00f6se am Werk&#8230; Ein Hexenmeister-Sammler hat zusammen mit der k\u00f6niglichen Familie das Schloss des Zwergenmonarchen gestohlen und versteckt sich nun im Grauen \u00d6dland! Um ihre Lieben zu retten, muss die Prinzessin einen Trupp zusammenstellen und sich auf ein neues Abenteuer begeben! Begib dich mit der Zwergenprinzessin in Gnomes Garden 3: The Thief of Castles, einem faszinierenden Gelegenheits-Fantasy-Strategiespiel, durch unentdeckte Reiche voller Geheimnisse und unglaublicher Tiere.   <\/p>\n<p>&nbsp;<\/p>\n<p>&nbsp;<\/p>\n<p><strong>Funktionen:<\/strong><\/p>\n<p>&nbsp;<\/p>\n<p>&#8211; Besiege den b\u00f6sen Hexenmeister und seine Armee von Gremlins, um deine Familie und dein Schloss zu retten!<\/p>\n<p>&#8211; \u00dcber 40 Levels, um Sie stundenlang zu besch\u00e4ftigen.<\/p>\n<p>&#8211; Herausforderndes Gameplay, das f\u00fcr alle Altersgruppen geeignet ist.<\/p>\n<p>&#8211; Verdiene Troph\u00e4en f\u00fcr die Erf\u00fcllung einer Reihe von Aufgaben.<\/p>\n","protected":false},"excerpt":{"rendered":"<p>Finde die Person, die das Schloss gestohlen hat, mit Gnomes Garden 3: The Thief of Castles!<\/p>\n","protected":false},"author":13,"featured_media":65270,"comment_status":"open","ping_status":"closed","template":"","meta":{"_acf_changed":false,"inline_featured_image":false},"product_brand":[],"product_cat":[217],"product_tag":[289],"class_list":{"0":"post-136027","1":"product","2":"type-product","3":"status-publish","4":"has-post-thumbnail","6":"product_cat-time-management-de","7":"product_tag-play-on-pc-de","9":"first","10":"instock","11":"shipping-taxable","12":"purchasable","13":"product-type-simple"},"acf":[],"yoast_head":"<!-- This site is optimized with the Yoast SEO Premium plugin v25.2 (Yoast SEO v25.2) - https:\/\/yoast.com\/wordpress\/plugins\/seo\/ -->\n<title>Gnomes Garden 3: Der Dieb der Schl\u00f6sser - Sp\u00fcre den Burgdieb auf und stelle ihn zur Rechenschaft<\/title>\n<meta name=\"description\" content=\"Finde die Person, die das Schloss gestohlen hat, mit Gnomes Garden 3: The Thief of Castles!\" \/>\n<meta name=\"robots\" content=\"index, follow, max-snippet:-1, max-image-preview:large, max-video-preview:-1\" \/>\n<link rel=\"canonical\" href=\"https:\/\/www.iplay.com\/de\/games\/gnomes-garden-3-the-thief-of-castles\/\" \/>\n<meta property=\"og:locale\" content=\"de_DE\" \/>\n<meta property=\"og:type\" content=\"article\" \/>\n<meta property=\"og:title\" content=\"Gnomes Garden 3: The Thief of Castles\" \/>\n<meta property=\"og:description\" content=\"Finde die Person, die das Schloss gestohlen hat, mit Gnomes Garden 3: The Thief of Castles!\" \/>\n<meta property=\"og:url\" content=\"https:\/\/www.iplay.com\/de\/games\/gnomes-garden-3-the-thief-of-castles\/\" \/>\n<meta property=\"og:site_name\" content=\"IPlay\" \/>\n<meta property=\"og:image\" content=\"https:\/\/www.iplay.com\/wp-content\/uploads\/2023\/12\/large_square_tile_image-1566.jpg\" \/>\n\t<meta property=\"og:image:width\" content=\"310\" \/>\n\t<meta property=\"og:image:height\" content=\"310\" \/>\n\t<meta property=\"og:image:type\" content=\"image\/jpeg\" \/>\n<meta name=\"twitter:card\" content=\"summary_large_image\" \/>\n<meta name=\"twitter:label1\" content=\"Gesch\u00e4tzte Lesezeit\" \/>\n\t<meta name=\"twitter:data1\" content=\"1 Minute\" \/>\n<script type=\"application\/ld+json\" class=\"yoast-schema-graph\">{\"@context\":\"https:\/\/schema.org\",\"@graph\":[{\"@type\":\"WebPage\",\"@id\":\"https:\/\/www.iplay.com\/de\/games\/gnomes-garden-3-the-thief-of-castles\/\",\"url\":\"https:\/\/www.iplay.com\/de\/games\/gnomes-garden-3-the-thief-of-castles\/\",\"name\":\"Gnomes Garden 3: Der Dieb der Schl\u00f6sser - Sp\u00fcre den Burgdieb auf und stelle ihn zur Rechenschaft\",\"isPartOf\":{\"@id\":\"https:\/\/www.iplay.com\/en\/#website\"},\"primaryImageOfPage\":{\"@id\":\"https:\/\/www.iplay.com\/de\/games\/gnomes-garden-3-the-thief-of-castles\/#primaryimage\"},\"image\":{\"@id\":\"https:\/\/www.iplay.com\/de\/games\/gnomes-garden-3-the-thief-of-castles\/#primaryimage\"},\"thumbnailUrl\":\"https:\/\/www.iplay.com\/wp-content\/uploads\/2023\/12\/large_square_tile_image-1566.jpg\",\"datePublished\":\"2016-04-19T00:00:00+00:00\",\"description\":\"Finde die Person, die das Schloss gestohlen hat, mit Gnomes Garden 3: The Thief of Castles!\",\"breadcrumb\":{\"@id\":\"https:\/\/www.iplay.com\/de\/games\/gnomes-garden-3-the-thief-of-castles\/#breadcrumb\"},\"inLanguage\":\"de-DE\",\"potentialAction\":[{\"@type\":\"ReadAction\",\"target\":[\"https:\/\/www.iplay.com\/de\/games\/gnomes-garden-3-the-thief-of-castles\/\"]}]},{\"@type\":\"ImageObject\",\"inLanguage\":\"de-DE\",\"@id\":\"https:\/\/www.iplay.com\/de\/games\/gnomes-garden-3-the-thief-of-castles\/#primaryimage\",\"url\":\"https:\/\/www.iplay.com\/wp-content\/uploads\/2023\/12\/large_square_tile_image-1566.jpg\",\"contentUrl\":\"https:\/\/www.iplay.com\/wp-content\/uploads\/2023\/12\/large_square_tile_image-1566.jpg\",\"width\":310,\"height\":310},{\"@type\":\"BreadcrumbList\",\"@id\":\"https:\/\/www.iplay.com\/de\/games\/gnomes-garden-3-the-thief-of-castles\/#breadcrumb\",\"itemListElement\":[{\"@type\":\"ListItem\",\"position\":1,\"name\":\"Home\",\"item\":\"https:\/\/www.iplay.com\/de\/home-page-2\/\"},{\"@type\":\"ListItem\",\"position\":2,\"name\":\"Shop\",\"item\":\"https:\/\/www.iplay.com\/en\/shop\/\"},{\"@type\":\"ListItem\",\"position\":3,\"name\":\"Gnomes Garden 3: The Thief of Castles\"}]},{\"@type\":\"WebSite\",\"@id\":\"https:\/\/www.iplay.com\/en\/#website\",\"url\":\"https:\/\/www.iplay.com\/en\/\",\"name\":\"IPlay\",\"description\":\"The Best Casual Games!\",\"publisher\":{\"@id\":\"https:\/\/www.iplay.com\/en\/#organization\"},\"potentialAction\":[{\"@type\":\"SearchAction\",\"target\":{\"@type\":\"EntryPoint\",\"urlTemplate\":\"https:\/\/www.iplay.com\/en\/?s={search_term_string}\"},\"query-input\":{\"@type\":\"PropertyValueSpecification\",\"valueRequired\":true,\"valueName\":\"search_term_string\"}}],\"inLanguage\":\"de-DE\"},{\"@type\":\"Organization\",\"@id\":\"https:\/\/www.iplay.com\/en\/#organization\",\"name\":\"IPlay\",\"url\":\"https:\/\/www.iplay.com\/en\/\",\"logo\":{\"@type\":\"ImageObject\",\"inLanguage\":\"de-DE\",\"@id\":\"https:\/\/www.iplay.com\/en\/#\/schema\/logo\/image\/\",\"url\":\"https:\/\/www.iplay.com\/wp-content\/uploads\/2023\/11\/Group-6100.svg\",\"contentUrl\":\"https:\/\/www.iplay.com\/wp-content\/uploads\/2023\/11\/Group-6100.svg\",\"width\":98,\"height\":25,\"caption\":\"IPlay\"},\"image\":{\"@id\":\"https:\/\/www.iplay.com\/en\/#\/schema\/logo\/image\/\"}}]}<\/script>\n<!-- \/ Yoast SEO Premium plugin. -->","yoast_head_json":{"title":"Gnomes Garden 3: Der Dieb der Schl\u00f6sser - Sp\u00fcre den Burgdieb auf und stelle ihn zur Rechenschaft","description":"Finde die Person, die das Schloss gestohlen hat, mit Gnomes Garden 3: The Thief of Castles!","robots":{"index":"index","follow":"follow","max-snippet":"max-snippet:-1","max-image-preview":"max-image-preview:large","max-video-preview":"max-video-preview:-1"},"canonical":"https:\/\/www.iplay.com\/de\/games\/gnomes-garden-3-the-thief-of-castles\/","og_locale":"de_DE","og_type":"article","og_title":"Gnomes Garden 3: The Thief of Castles","og_description":"Finde die Person, die das Schloss gestohlen hat, mit Gnomes Garden 3: The Thief of Castles!","og_url":"https:\/\/www.iplay.com\/de\/games\/gnomes-garden-3-the-thief-of-castles\/","og_site_name":"IPlay","og_image":[{"width":310,"height":310,"url":"https:\/\/www.iplay.com\/wp-content\/uploads\/2023\/12\/large_square_tile_image-1566.jpg","type":"image\/jpeg"}],"twitter_card":"summary_large_image","twitter_misc":{"Gesch\u00e4tzte Lesezeit":"1 Minute"},"schema":{"@context":"https:\/\/schema.org","@graph":[{"@type":"WebPage","@id":"https:\/\/www.iplay.com\/de\/games\/gnomes-garden-3-the-thief-of-castles\/","url":"https:\/\/www.iplay.com\/de\/games\/gnomes-garden-3-the-thief-of-castles\/","name":"Gnomes Garden 3: Der Dieb der Schl\u00f6sser - Sp\u00fcre den Burgdieb auf und stelle ihn zur Rechenschaft","isPartOf":{"@id":"https:\/\/www.iplay.com\/en\/#website"},"primaryImageOfPage":{"@id":"https:\/\/www.iplay.com\/de\/games\/gnomes-garden-3-the-thief-of-castles\/#primaryimage"},"image":{"@id":"https:\/\/www.iplay.com\/de\/games\/gnomes-garden-3-the-thief-of-castles\/#primaryimage"},"thumbnailUrl":"https:\/\/www.iplay.com\/wp-content\/uploads\/2023\/12\/large_square_tile_image-1566.jpg","datePublished":"2016-04-19T00:00:00+00:00","description":"Finde die Person, die das Schloss gestohlen hat, mit Gnomes Garden 3: The Thief of Castles!","breadcrumb":{"@id":"https:\/\/www.iplay.com\/de\/games\/gnomes-garden-3-the-thief-of-castles\/#breadcrumb"},"inLanguage":"de-DE","potentialAction":[{"@type":"ReadAction","target":["https:\/\/www.iplay.com\/de\/games\/gnomes-garden-3-the-thief-of-castles\/"]}]},{"@type":"ImageObject","inLanguage":"de-DE","@id":"https:\/\/www.iplay.com\/de\/games\/gnomes-garden-3-the-thief-of-castles\/#primaryimage","url":"https:\/\/www.iplay.com\/wp-content\/uploads\/2023\/12\/large_square_tile_image-1566.jpg","contentUrl":"https:\/\/www.iplay.com\/wp-content\/uploads\/2023\/12\/large_square_tile_image-1566.jpg","width":310,"height":310},{"@type":"BreadcrumbList","@id":"https:\/\/www.iplay.com\/de\/games\/gnomes-garden-3-the-thief-of-castles\/#breadcrumb","itemListElement":[{"@type":"ListItem","position":1,"name":"Home","item":"https:\/\/www.iplay.com\/de\/home-page-2\/"},{"@type":"ListItem","position":2,"name":"Shop","item":"https:\/\/www.iplay.com\/en\/shop\/"},{"@type":"ListItem","position":3,"name":"Gnomes Garden 3: The Thief of Castles"}]},{"@type":"WebSite","@id":"https:\/\/www.iplay.com\/en\/#website","url":"https:\/\/www.iplay.com\/en\/","name":"IPlay","description":"The Best Casual Games!","publisher":{"@id":"https:\/\/www.iplay.com\/en\/#organization"},"potentialAction":[{"@type":"SearchAction","target":{"@type":"EntryPoint","urlTemplate":"https:\/\/www.iplay.com\/en\/?s={search_term_string}"},"query-input":{"@type":"PropertyValueSpecification","valueRequired":true,"valueName":"search_term_string"}}],"inLanguage":"de-DE"},{"@type":"Organization","@id":"https:\/\/www.iplay.com\/en\/#organization","name":"IPlay","url":"https:\/\/www.iplay.com\/en\/","logo":{"@type":"ImageObject","inLanguage":"de-DE","@id":"https:\/\/www.iplay.com\/en\/#\/schema\/logo\/image\/","url":"https:\/\/www.iplay.com\/wp-content\/uploads\/2023\/11\/Group-6100.svg","contentUrl":"https:\/\/www.iplay.com\/wp-content\/uploads\/2023\/11\/Group-6100.svg","width":98,"height":25,"caption":"IPlay"},"image":{"@id":"https:\/\/www.iplay.com\/en\/#\/schema\/logo\/image\/"}}]}},"_links":{"self":[{"href":"https:\/\/www.iplay.com\/de\/wp-json\/wp\/v2\/product\/136027","targetHints":{"allow":["GET"]}}],"collection":[{"href":"https:\/\/www.iplay.com\/de\/wp-json\/wp\/v2\/product"}],"about":[{"href":"https:\/\/www.iplay.com\/de\/wp-json\/wp\/v2\/types\/product"}],"author":[{"embeddable":true,"href":"https:\/\/www.iplay.com\/de\/wp-json\/wp\/v2\/users\/13"}],"replies":[{"embeddable":true,"href":"https:\/\/www.iplay.com\/de\/wp-json\/wp\/v2\/comments?post=136027"}],"wp:featuredmedia":[{"embeddable":true,"href":"https:\/\/www.iplay.com\/de\/wp-json\/wp\/v2\/media\/65270"}],"wp:attachment":[{"href":"https:\/\/www.iplay.com\/de\/wp-json\/wp\/v2\/media?parent=136027"}],"wp:term":[{"taxonomy":"product_brand","embeddable":true,"href":"https:\/\/www.iplay.com\/de\/wp-json\/wp\/v2\/product_brand?post=136027"},{"taxonomy":"product_cat","embeddable":true,"href":"https:\/\/www.iplay.com\/de\/wp-json\/wp\/v2\/product_cat?post=136027"},{"taxonomy":"product_tag","embeddable":true,"href":"https:\/\/www.iplay.com\/de\/wp-json\/wp\/v2\/product_tag?post=136027"}],"curies":[{"name":"wp","href":"https:\/\/api.w.org\/{rel}","templated":true}]}}