{"id":136005,"date":"2016-06-02T00:00:00","date_gmt":"2016-06-02T00:00:00","guid":{"rendered":"https:\/\/www.iplay.com\/games\/monument-builders-golden-gate-bridge\/"},"modified":"2016-06-02T00:00:00","modified_gmt":"2016-06-02T00:00:00","slug":"monument-builders-golden-gate-bridge","status":"publish","type":"product","link":"https:\/\/www.iplay.com\/de\/games\/monument-builders-golden-gate-bridge\/","title":{"rendered":"Monument Builders: Golden Gate Bridge"},"content":{"rendered":"<p>Sie m\u00fcssen eine Vielzahl von Ressourcen generieren und eine betr\u00e4chtliche Belegschaft mobilisieren, um diese riesige Baustelle zu \u00fcberwachen. Hilf Joe Bentman, der mit der \u00dcberwachung dieses Unterfangens beauftragt ist, indem du die Materialien sammelst, die f\u00fcr den Bau der Golden Gate Bridge, der ber\u00fchmtesten Br\u00fccke der Nation, ben\u00f6tigt werden! Es gibt viele Hindernisse zu \u00fcberwinden, und die Golden Gate Strait ist bekannt f\u00fcr ihre beeindruckenden nat\u00fcrlichen Barrieren, zu denen starke Winde, gef\u00e4hrliche Str\u00f6mungen und Meeresnebel voller Salz geh\u00f6ren, der korrodiert. All dies deutet auf erhebliche Herausforderungen beim Bau des pr\u00e4chtigen Bauwerks hin. Der 27. Mai 1937 ist der geplante Termin f\u00fcr die Einweihung, mehr als vier Jahre nach Baubeginn!    <\/p>\n<p>&nbsp;<\/p>\n<p>&nbsp;<\/p>\n<p><strong>  Funktionen:<\/strong><\/p>\n<p>&#8211; Zeigen Sie Kreativit\u00e4t, um die Golden Gate Bridge termingerecht zu bauen! Entdecke eine F\u00fclle von Geschichten aus dem wirklichen Leben, die sich um die sagenumwobene Br\u00fccke ranken.<\/p>\n<p>&#8211; Suchen Sie nach Hinweisen, die in der Landschaft verborgen sind.<\/p>\n<p>&#8211; Machen Sie dieses Bauvorhaben zu einem spektakul\u00e4ren Ereignis f\u00fcr \u00d6ffentlichkeit und Medien.<br \/>\n&#8211; F\u00fcnfzig komplizierte und schwierige Spiellevels!<\/p>\n","protected":false},"excerpt":{"rendered":"<p>Nehmen Sie am Bau des ber\u00fchmtesten Monuments von San Francisco teil.<\/p>\n","protected":false},"author":26,"featured_media":103059,"comment_status":"open","ping_status":"closed","template":"","meta":{"_acf_changed":false,"inline_featured_image":false},"product_brand":[],"product_cat":[217],"product_tag":[289],"class_list":{"0":"post-136005","1":"product","2":"type-product","3":"status-publish","4":"has-post-thumbnail","6":"product_cat-time-management-de","7":"product_tag-play-on-pc-de","9":"first","10":"instock","11":"shipping-taxable","12":"purchasable","13":"product-type-simple"},"acf":[],"yoast_head":"<!-- This site is optimized with the Yoast SEO Premium plugin v25.2 (Yoast SEO v25.2) - https:\/\/yoast.com\/wordpress\/plugins\/seo\/ -->\n<title>Monument Builders: Golden Gate Bridge - Nimm am Bau eines Monuments in San Francisco teil<\/title>\n<meta name=\"description\" content=\"Nehmen Sie am Bau des ber\u00fchmtesten Monuments von San Francisco teil.\" \/>\n<meta name=\"robots\" content=\"index, follow, max-snippet:-1, max-image-preview:large, max-video-preview:-1\" \/>\n<link rel=\"canonical\" href=\"https:\/\/www.iplay.com\/de\/games\/monument-builders-golden-gate-bridge\/\" \/>\n<meta property=\"og:locale\" content=\"de_DE\" \/>\n<meta property=\"og:type\" content=\"article\" \/>\n<meta property=\"og:title\" content=\"Monument Builders: Golden Gate Bridge\" \/>\n<meta property=\"og:description\" content=\"Nehmen Sie am Bau des ber\u00fchmtesten Monuments von San Francisco teil.\" \/>\n<meta property=\"og:url\" content=\"https:\/\/www.iplay.com\/de\/games\/monument-builders-golden-gate-bridge\/\" \/>\n<meta property=\"og:site_name\" content=\"IPlay\" \/>\n<meta property=\"og:image\" content=\"https:\/\/www.iplay.com\/wp-content\/uploads\/2023\/12\/large_square_tile_image-3955.jpg\" \/>\n\t<meta property=\"og:image:width\" content=\"310\" \/>\n\t<meta property=\"og:image:height\" content=\"310\" \/>\n\t<meta property=\"og:image:type\" content=\"image\/jpeg\" \/>\n<meta name=\"twitter:card\" content=\"summary_large_image\" \/>\n<meta name=\"twitter:label1\" content=\"Gesch\u00e4tzte Lesezeit\" \/>\n\t<meta name=\"twitter:data1\" content=\"1 Minute\" \/>\n<script type=\"application\/ld+json\" class=\"yoast-schema-graph\">{\"@context\":\"https:\/\/schema.org\",\"@graph\":[{\"@type\":\"WebPage\",\"@id\":\"https:\/\/www.iplay.com\/de\/games\/monument-builders-golden-gate-bridge\/\",\"url\":\"https:\/\/www.iplay.com\/de\/games\/monument-builders-golden-gate-bridge\/\",\"name\":\"Monument Builders: Golden Gate Bridge - Nimm am Bau eines Monuments in San Francisco teil\",\"isPartOf\":{\"@id\":\"https:\/\/www.iplay.com\/en\/#website\"},\"primaryImageOfPage\":{\"@id\":\"https:\/\/www.iplay.com\/de\/games\/monument-builders-golden-gate-bridge\/#primaryimage\"},\"image\":{\"@id\":\"https:\/\/www.iplay.com\/de\/games\/monument-builders-golden-gate-bridge\/#primaryimage\"},\"thumbnailUrl\":\"https:\/\/www.iplay.com\/wp-content\/uploads\/2023\/12\/large_square_tile_image-3955.jpg\",\"datePublished\":\"2016-06-02T00:00:00+00:00\",\"description\":\"Nehmen Sie am Bau des ber\u00fchmtesten Monuments von San Francisco teil.\",\"breadcrumb\":{\"@id\":\"https:\/\/www.iplay.com\/de\/games\/monument-builders-golden-gate-bridge\/#breadcrumb\"},\"inLanguage\":\"de-DE\",\"potentialAction\":[{\"@type\":\"ReadAction\",\"target\":[\"https:\/\/www.iplay.com\/de\/games\/monument-builders-golden-gate-bridge\/\"]}]},{\"@type\":\"ImageObject\",\"inLanguage\":\"de-DE\",\"@id\":\"https:\/\/www.iplay.com\/de\/games\/monument-builders-golden-gate-bridge\/#primaryimage\",\"url\":\"https:\/\/www.iplay.com\/wp-content\/uploads\/2023\/12\/large_square_tile_image-3955.jpg\",\"contentUrl\":\"https:\/\/www.iplay.com\/wp-content\/uploads\/2023\/12\/large_square_tile_image-3955.jpg\",\"width\":310,\"height\":310},{\"@type\":\"BreadcrumbList\",\"@id\":\"https:\/\/www.iplay.com\/de\/games\/monument-builders-golden-gate-bridge\/#breadcrumb\",\"itemListElement\":[{\"@type\":\"ListItem\",\"position\":1,\"name\":\"Home\",\"item\":\"https:\/\/www.iplay.com\/de\/home-page-2\/\"},{\"@type\":\"ListItem\",\"position\":2,\"name\":\"Shop\",\"item\":\"https:\/\/www.iplay.com\/en\/shop\/\"},{\"@type\":\"ListItem\",\"position\":3,\"name\":\"Monument Builders: Golden Gate Bridge\"}]},{\"@type\":\"WebSite\",\"@id\":\"https:\/\/www.iplay.com\/en\/#website\",\"url\":\"https:\/\/www.iplay.com\/en\/\",\"name\":\"IPlay\",\"description\":\"The Best Casual Games!\",\"publisher\":{\"@id\":\"https:\/\/www.iplay.com\/en\/#organization\"},\"potentialAction\":[{\"@type\":\"SearchAction\",\"target\":{\"@type\":\"EntryPoint\",\"urlTemplate\":\"https:\/\/www.iplay.com\/en\/?s={search_term_string}\"},\"query-input\":{\"@type\":\"PropertyValueSpecification\",\"valueRequired\":true,\"valueName\":\"search_term_string\"}}],\"inLanguage\":\"de-DE\"},{\"@type\":\"Organization\",\"@id\":\"https:\/\/www.iplay.com\/en\/#organization\",\"name\":\"IPlay\",\"url\":\"https:\/\/www.iplay.com\/en\/\",\"logo\":{\"@type\":\"ImageObject\",\"inLanguage\":\"de-DE\",\"@id\":\"https:\/\/www.iplay.com\/en\/#\/schema\/logo\/image\/\",\"url\":\"https:\/\/www.iplay.com\/wp-content\/uploads\/2023\/11\/Group-6100.svg\",\"contentUrl\":\"https:\/\/www.iplay.com\/wp-content\/uploads\/2023\/11\/Group-6100.svg\",\"width\":98,\"height\":25,\"caption\":\"IPlay\"},\"image\":{\"@id\":\"https:\/\/www.iplay.com\/en\/#\/schema\/logo\/image\/\"}}]}<\/script>\n<!-- \/ Yoast SEO Premium plugin. -->","yoast_head_json":{"title":"Monument Builders: Golden Gate Bridge - Nimm am Bau eines Monuments in San Francisco teil","description":"Nehmen Sie am Bau des ber\u00fchmtesten Monuments von San Francisco teil.","robots":{"index":"index","follow":"follow","max-snippet":"max-snippet:-1","max-image-preview":"max-image-preview:large","max-video-preview":"max-video-preview:-1"},"canonical":"https:\/\/www.iplay.com\/de\/games\/monument-builders-golden-gate-bridge\/","og_locale":"de_DE","og_type":"article","og_title":"Monument Builders: Golden Gate Bridge","og_description":"Nehmen Sie am Bau des ber\u00fchmtesten Monuments von San Francisco teil.","og_url":"https:\/\/www.iplay.com\/de\/games\/monument-builders-golden-gate-bridge\/","og_site_name":"IPlay","og_image":[{"width":310,"height":310,"url":"https:\/\/www.iplay.com\/wp-content\/uploads\/2023\/12\/large_square_tile_image-3955.jpg","type":"image\/jpeg"}],"twitter_card":"summary_large_image","twitter_misc":{"Gesch\u00e4tzte Lesezeit":"1 Minute"},"schema":{"@context":"https:\/\/schema.org","@graph":[{"@type":"WebPage","@id":"https:\/\/www.iplay.com\/de\/games\/monument-builders-golden-gate-bridge\/","url":"https:\/\/www.iplay.com\/de\/games\/monument-builders-golden-gate-bridge\/","name":"Monument Builders: Golden Gate Bridge - Nimm am Bau eines Monuments in San Francisco teil","isPartOf":{"@id":"https:\/\/www.iplay.com\/en\/#website"},"primaryImageOfPage":{"@id":"https:\/\/www.iplay.com\/de\/games\/monument-builders-golden-gate-bridge\/#primaryimage"},"image":{"@id":"https:\/\/www.iplay.com\/de\/games\/monument-builders-golden-gate-bridge\/#primaryimage"},"thumbnailUrl":"https:\/\/www.iplay.com\/wp-content\/uploads\/2023\/12\/large_square_tile_image-3955.jpg","datePublished":"2016-06-02T00:00:00+00:00","description":"Nehmen Sie am Bau des ber\u00fchmtesten Monuments von San Francisco teil.","breadcrumb":{"@id":"https:\/\/www.iplay.com\/de\/games\/monument-builders-golden-gate-bridge\/#breadcrumb"},"inLanguage":"de-DE","potentialAction":[{"@type":"ReadAction","target":["https:\/\/www.iplay.com\/de\/games\/monument-builders-golden-gate-bridge\/"]}]},{"@type":"ImageObject","inLanguage":"de-DE","@id":"https:\/\/www.iplay.com\/de\/games\/monument-builders-golden-gate-bridge\/#primaryimage","url":"https:\/\/www.iplay.com\/wp-content\/uploads\/2023\/12\/large_square_tile_image-3955.jpg","contentUrl":"https:\/\/www.iplay.com\/wp-content\/uploads\/2023\/12\/large_square_tile_image-3955.jpg","width":310,"height":310},{"@type":"BreadcrumbList","@id":"https:\/\/www.iplay.com\/de\/games\/monument-builders-golden-gate-bridge\/#breadcrumb","itemListElement":[{"@type":"ListItem","position":1,"name":"Home","item":"https:\/\/www.iplay.com\/de\/home-page-2\/"},{"@type":"ListItem","position":2,"name":"Shop","item":"https:\/\/www.iplay.com\/en\/shop\/"},{"@type":"ListItem","position":3,"name":"Monument Builders: Golden Gate Bridge"}]},{"@type":"WebSite","@id":"https:\/\/www.iplay.com\/en\/#website","url":"https:\/\/www.iplay.com\/en\/","name":"IPlay","description":"The Best Casual Games!","publisher":{"@id":"https:\/\/www.iplay.com\/en\/#organization"},"potentialAction":[{"@type":"SearchAction","target":{"@type":"EntryPoint","urlTemplate":"https:\/\/www.iplay.com\/en\/?s={search_term_string}"},"query-input":{"@type":"PropertyValueSpecification","valueRequired":true,"valueName":"search_term_string"}}],"inLanguage":"de-DE"},{"@type":"Organization","@id":"https:\/\/www.iplay.com\/en\/#organization","name":"IPlay","url":"https:\/\/www.iplay.com\/en\/","logo":{"@type":"ImageObject","inLanguage":"de-DE","@id":"https:\/\/www.iplay.com\/en\/#\/schema\/logo\/image\/","url":"https:\/\/www.iplay.com\/wp-content\/uploads\/2023\/11\/Group-6100.svg","contentUrl":"https:\/\/www.iplay.com\/wp-content\/uploads\/2023\/11\/Group-6100.svg","width":98,"height":25,"caption":"IPlay"},"image":{"@id":"https:\/\/www.iplay.com\/en\/#\/schema\/logo\/image\/"}}]}},"_links":{"self":[{"href":"https:\/\/www.iplay.com\/de\/wp-json\/wp\/v2\/product\/136005","targetHints":{"allow":["GET"]}}],"collection":[{"href":"https:\/\/www.iplay.com\/de\/wp-json\/wp\/v2\/product"}],"about":[{"href":"https:\/\/www.iplay.com\/de\/wp-json\/wp\/v2\/types\/product"}],"author":[{"embeddable":true,"href":"https:\/\/www.iplay.com\/de\/wp-json\/wp\/v2\/users\/26"}],"replies":[{"embeddable":true,"href":"https:\/\/www.iplay.com\/de\/wp-json\/wp\/v2\/comments?post=136005"}],"wp:featuredmedia":[{"embeddable":true,"href":"https:\/\/www.iplay.com\/de\/wp-json\/wp\/v2\/media\/103059"}],"wp:attachment":[{"href":"https:\/\/www.iplay.com\/de\/wp-json\/wp\/v2\/media?parent=136005"}],"wp:term":[{"taxonomy":"product_brand","embeddable":true,"href":"https:\/\/www.iplay.com\/de\/wp-json\/wp\/v2\/product_brand?post=136005"},{"taxonomy":"product_cat","embeddable":true,"href":"https:\/\/www.iplay.com\/de\/wp-json\/wp\/v2\/product_cat?post=136005"},{"taxonomy":"product_tag","embeddable":true,"href":"https:\/\/www.iplay.com\/de\/wp-json\/wp\/v2\/product_tag?post=136005"}],"curies":[{"name":"wp","href":"https:\/\/api.w.org\/{rel}","templated":true}]}}