{"id":135988,"date":"2016-07-19T00:00:00","date_gmt":"2016-07-19T00:00:00","guid":{"rendered":"https:\/\/www.iplay.com\/games\/kingdom-tales-double-pack\/"},"modified":"2016-07-19T00:00:00","modified_gmt":"2016-07-19T00:00:00","slug":"kingdom-tales-double-pack","status":"publish","type":"product","link":"https:\/\/www.iplay.com\/de\/games\/kingdom-tales-double-pack\/","title":{"rendered":"Kingdom Tales Double Pack"},"content":{"rendered":"<p><strong>Kingdom Tales<\/strong><\/p>\n<p>Vor langer Zeit herrschte ein sch\u00f6ner K\u00f6nig namens Arnor \u00fcber ein Reich, das als Kingdom Tales bekannt ist. Dahla, seine Tochter, war die intelligenteste und attraktivste Person des Landes. Der K\u00f6nig wurde von edlen Herren aus verschiedenen K\u00f6nigreichen um die Hand seiner Tochter angefleht. Allerdings war niemand f\u00fcr seine Dahla geeignet. Doch Dahla und Finn, der junge Schmied, waren heimlich verliebt. Bis eines Tages ihre heimliche Liebe entdeckt wurde! Der Monarch war erz\u00fcrnt! Begleiten Sie die Baumeister und Architekten des K\u00f6nigs auf ihrer ehrenvollen Reise! Untersuche, sammle, konserviere, handele, konstruiere, repariere und k\u00fcmmere dich um das Wohlergehen all deiner Motive. Aber seien Sie vorsichtig! Ohli, der habgierige Graf, und seine Spione schlafen nicht! Vor langer Zeit gab es ein K\u00f6nigreich, das von einem sch\u00f6nen K\u00f6nig namens Arnor regiert wurde.           <\/p>\n<p>&nbsp;<\/p>\n<p><strong>Kingdom Tales 2  <\/strong><\/p>\n<p>Der K\u00f6nig wurde von edlen Herren aus verschiedenen K\u00f6nigreichen um die Hand seiner Tochter angefleht. Allerdings war niemand f\u00fcr seine Dahla geeignet. Doch Dahla und Finn, der junge Schmied, waren heimlich verliebt. Bis eines Tages ihre heimliche Liebe entdeckt wurde! Der Monarch war erz\u00fcrnt! Begleiten Sie die Baumeister und Architekten des K\u00f6nigs auf ihrer ehrenvollen Reise! Untersuche, sammle, konserviere, handele, konstruiere, repariere und k\u00fcmmere dich um das Wohlergehen all deiner Motive. Aber seien Sie vorsichtig! Ohli, der habgierige Graf, und seine Spione schlafen nicht!        <\/p>\n<p><strong>Funktionen:<\/strong><\/p>\n<ul>\n<li>Hilf Finn und Dahla, den beiden jungen Turteltauben, wieder zusammenzukommen.<\/li>\n<li>Finde deinen Weg zum Ruhm durch 40 aufregende Levels.<\/li>\n<li>Triff auf deinem Weg seltsame und lustige Charaktere.<\/li>\n<li>\u00dcberlisten Sie den gierigen Grafen Ohli und seine Spione.<\/li>\n<li>Drei Schwierigkeitsmodi: entspannt, normal und extrem.<\/li>\n<\/ul>\n","protected":false},"excerpt":{"rendered":"<p>Ein Doppelpack Zeitmanagement, das eines K\u00f6nigreichs w\u00fcrdig ist!<\/p>\n","protected":false},"author":178,"featured_media":43286,"comment_status":"open","ping_status":"closed","template":"","meta":{"_acf_changed":false,"inline_featured_image":false},"product_brand":[],"product_cat":[217],"product_tag":[289],"class_list":{"0":"post-135988","1":"product","2":"type-product","3":"status-publish","4":"has-post-thumbnail","6":"product_cat-time-management-de","7":"product_tag-play-on-pc-de","9":"first","10":"instock","11":"shipping-taxable","12":"purchasable","13":"product-type-simple"},"acf":[],"yoast_head":"<!-- This site is optimized with the Yoast SEO Premium plugin v25.2 (Yoast SEO v25.2) - https:\/\/yoast.com\/wordpress\/plugins\/seo\/ -->\n<title>Kingdom Tales Doppelpack - Ein Zeitmanagement-Doppelpack, das f\u00fcr ein K\u00f6nigtum geeignet ist<\/title>\n<meta name=\"description\" content=\"Ein Doppelpack Zeitmanagement, das eines K\u00f6nigreichs w\u00fcrdig ist!\" \/>\n<meta name=\"robots\" content=\"index, follow, max-snippet:-1, max-image-preview:large, max-video-preview:-1\" \/>\n<link rel=\"canonical\" href=\"https:\/\/www.iplay.com\/de\/games\/kingdom-tales-double-pack\/\" \/>\n<meta property=\"og:locale\" content=\"de_DE\" \/>\n<meta property=\"og:type\" content=\"article\" \/>\n<meta property=\"og:title\" content=\"Kingdom Tales Double Pack\" \/>\n<meta property=\"og:description\" content=\"Ein Doppelpack Zeitmanagement, das eines K\u00f6nigreichs w\u00fcrdig ist!\" \/>\n<meta property=\"og:url\" content=\"https:\/\/www.iplay.com\/de\/games\/kingdom-tales-double-pack\/\" \/>\n<meta property=\"og:site_name\" content=\"IPlay\" \/>\n<meta property=\"og:image\" content=\"https:\/\/www.iplay.com\/wp-content\/uploads\/2023\/12\/large_square_tile_image-143.jpg\" \/>\n\t<meta property=\"og:image:width\" content=\"310\" \/>\n\t<meta property=\"og:image:height\" content=\"310\" \/>\n\t<meta property=\"og:image:type\" content=\"image\/jpeg\" \/>\n<meta name=\"twitter:card\" content=\"summary_large_image\" \/>\n<meta name=\"twitter:label1\" content=\"Gesch\u00e4tzte Lesezeit\" \/>\n\t<meta name=\"twitter:data1\" content=\"1 Minute\" \/>\n<script type=\"application\/ld+json\" class=\"yoast-schema-graph\">{\"@context\":\"https:\/\/schema.org\",\"@graph\":[{\"@type\":\"WebPage\",\"@id\":\"https:\/\/www.iplay.com\/de\/games\/kingdom-tales-double-pack\/\",\"url\":\"https:\/\/www.iplay.com\/de\/games\/kingdom-tales-double-pack\/\",\"name\":\"Kingdom Tales Doppelpack - Ein Zeitmanagement-Doppelpack, das f\u00fcr ein K\u00f6nigtum geeignet ist\",\"isPartOf\":{\"@id\":\"https:\/\/www.iplay.com\/en\/#website\"},\"primaryImageOfPage\":{\"@id\":\"https:\/\/www.iplay.com\/de\/games\/kingdom-tales-double-pack\/#primaryimage\"},\"image\":{\"@id\":\"https:\/\/www.iplay.com\/de\/games\/kingdom-tales-double-pack\/#primaryimage\"},\"thumbnailUrl\":\"https:\/\/www.iplay.com\/wp-content\/uploads\/2023\/12\/large_square_tile_image-143.jpg\",\"datePublished\":\"2016-07-19T00:00:00+00:00\",\"description\":\"Ein Doppelpack Zeitmanagement, das eines K\u00f6nigreichs w\u00fcrdig ist!\",\"breadcrumb\":{\"@id\":\"https:\/\/www.iplay.com\/de\/games\/kingdom-tales-double-pack\/#breadcrumb\"},\"inLanguage\":\"de-DE\",\"potentialAction\":[{\"@type\":\"ReadAction\",\"target\":[\"https:\/\/www.iplay.com\/de\/games\/kingdom-tales-double-pack\/\"]}]},{\"@type\":\"ImageObject\",\"inLanguage\":\"de-DE\",\"@id\":\"https:\/\/www.iplay.com\/de\/games\/kingdom-tales-double-pack\/#primaryimage\",\"url\":\"https:\/\/www.iplay.com\/wp-content\/uploads\/2023\/12\/large_square_tile_image-143.jpg\",\"contentUrl\":\"https:\/\/www.iplay.com\/wp-content\/uploads\/2023\/12\/large_square_tile_image-143.jpg\",\"width\":310,\"height\":310},{\"@type\":\"BreadcrumbList\",\"@id\":\"https:\/\/www.iplay.com\/de\/games\/kingdom-tales-double-pack\/#breadcrumb\",\"itemListElement\":[{\"@type\":\"ListItem\",\"position\":1,\"name\":\"Home\",\"item\":\"https:\/\/www.iplay.com\/de\/home-page-2\/\"},{\"@type\":\"ListItem\",\"position\":2,\"name\":\"Shop\",\"item\":\"https:\/\/www.iplay.com\/en\/shop\/\"},{\"@type\":\"ListItem\",\"position\":3,\"name\":\"Kingdom Tales Double Pack\"}]},{\"@type\":\"WebSite\",\"@id\":\"https:\/\/www.iplay.com\/en\/#website\",\"url\":\"https:\/\/www.iplay.com\/en\/\",\"name\":\"IPlay\",\"description\":\"The Best Casual Games!\",\"publisher\":{\"@id\":\"https:\/\/www.iplay.com\/en\/#organization\"},\"potentialAction\":[{\"@type\":\"SearchAction\",\"target\":{\"@type\":\"EntryPoint\",\"urlTemplate\":\"https:\/\/www.iplay.com\/en\/?s={search_term_string}\"},\"query-input\":{\"@type\":\"PropertyValueSpecification\",\"valueRequired\":true,\"valueName\":\"search_term_string\"}}],\"inLanguage\":\"de-DE\"},{\"@type\":\"Organization\",\"@id\":\"https:\/\/www.iplay.com\/en\/#organization\",\"name\":\"IPlay\",\"url\":\"https:\/\/www.iplay.com\/en\/\",\"logo\":{\"@type\":\"ImageObject\",\"inLanguage\":\"de-DE\",\"@id\":\"https:\/\/www.iplay.com\/en\/#\/schema\/logo\/image\/\",\"url\":\"https:\/\/www.iplay.com\/wp-content\/uploads\/2023\/11\/Group-6100.svg\",\"contentUrl\":\"https:\/\/www.iplay.com\/wp-content\/uploads\/2023\/11\/Group-6100.svg\",\"width\":98,\"height\":25,\"caption\":\"IPlay\"},\"image\":{\"@id\":\"https:\/\/www.iplay.com\/en\/#\/schema\/logo\/image\/\"}}]}<\/script>\n<!-- \/ Yoast SEO Premium plugin. -->","yoast_head_json":{"title":"Kingdom Tales Doppelpack - Ein Zeitmanagement-Doppelpack, das f\u00fcr ein K\u00f6nigtum geeignet ist","description":"Ein Doppelpack Zeitmanagement, das eines K\u00f6nigreichs w\u00fcrdig ist!","robots":{"index":"index","follow":"follow","max-snippet":"max-snippet:-1","max-image-preview":"max-image-preview:large","max-video-preview":"max-video-preview:-1"},"canonical":"https:\/\/www.iplay.com\/de\/games\/kingdom-tales-double-pack\/","og_locale":"de_DE","og_type":"article","og_title":"Kingdom Tales Double Pack","og_description":"Ein Doppelpack Zeitmanagement, das eines K\u00f6nigreichs w\u00fcrdig ist!","og_url":"https:\/\/www.iplay.com\/de\/games\/kingdom-tales-double-pack\/","og_site_name":"IPlay","og_image":[{"width":310,"height":310,"url":"https:\/\/www.iplay.com\/wp-content\/uploads\/2023\/12\/large_square_tile_image-143.jpg","type":"image\/jpeg"}],"twitter_card":"summary_large_image","twitter_misc":{"Gesch\u00e4tzte Lesezeit":"1 Minute"},"schema":{"@context":"https:\/\/schema.org","@graph":[{"@type":"WebPage","@id":"https:\/\/www.iplay.com\/de\/games\/kingdom-tales-double-pack\/","url":"https:\/\/www.iplay.com\/de\/games\/kingdom-tales-double-pack\/","name":"Kingdom Tales Doppelpack - Ein Zeitmanagement-Doppelpack, das f\u00fcr ein K\u00f6nigtum geeignet ist","isPartOf":{"@id":"https:\/\/www.iplay.com\/en\/#website"},"primaryImageOfPage":{"@id":"https:\/\/www.iplay.com\/de\/games\/kingdom-tales-double-pack\/#primaryimage"},"image":{"@id":"https:\/\/www.iplay.com\/de\/games\/kingdom-tales-double-pack\/#primaryimage"},"thumbnailUrl":"https:\/\/www.iplay.com\/wp-content\/uploads\/2023\/12\/large_square_tile_image-143.jpg","datePublished":"2016-07-19T00:00:00+00:00","description":"Ein Doppelpack Zeitmanagement, das eines K\u00f6nigreichs w\u00fcrdig ist!","breadcrumb":{"@id":"https:\/\/www.iplay.com\/de\/games\/kingdom-tales-double-pack\/#breadcrumb"},"inLanguage":"de-DE","potentialAction":[{"@type":"ReadAction","target":["https:\/\/www.iplay.com\/de\/games\/kingdom-tales-double-pack\/"]}]},{"@type":"ImageObject","inLanguage":"de-DE","@id":"https:\/\/www.iplay.com\/de\/games\/kingdom-tales-double-pack\/#primaryimage","url":"https:\/\/www.iplay.com\/wp-content\/uploads\/2023\/12\/large_square_tile_image-143.jpg","contentUrl":"https:\/\/www.iplay.com\/wp-content\/uploads\/2023\/12\/large_square_tile_image-143.jpg","width":310,"height":310},{"@type":"BreadcrumbList","@id":"https:\/\/www.iplay.com\/de\/games\/kingdom-tales-double-pack\/#breadcrumb","itemListElement":[{"@type":"ListItem","position":1,"name":"Home","item":"https:\/\/www.iplay.com\/de\/home-page-2\/"},{"@type":"ListItem","position":2,"name":"Shop","item":"https:\/\/www.iplay.com\/en\/shop\/"},{"@type":"ListItem","position":3,"name":"Kingdom Tales Double Pack"}]},{"@type":"WebSite","@id":"https:\/\/www.iplay.com\/en\/#website","url":"https:\/\/www.iplay.com\/en\/","name":"IPlay","description":"The Best Casual Games!","publisher":{"@id":"https:\/\/www.iplay.com\/en\/#organization"},"potentialAction":[{"@type":"SearchAction","target":{"@type":"EntryPoint","urlTemplate":"https:\/\/www.iplay.com\/en\/?s={search_term_string}"},"query-input":{"@type":"PropertyValueSpecification","valueRequired":true,"valueName":"search_term_string"}}],"inLanguage":"de-DE"},{"@type":"Organization","@id":"https:\/\/www.iplay.com\/en\/#organization","name":"IPlay","url":"https:\/\/www.iplay.com\/en\/","logo":{"@type":"ImageObject","inLanguage":"de-DE","@id":"https:\/\/www.iplay.com\/en\/#\/schema\/logo\/image\/","url":"https:\/\/www.iplay.com\/wp-content\/uploads\/2023\/11\/Group-6100.svg","contentUrl":"https:\/\/www.iplay.com\/wp-content\/uploads\/2023\/11\/Group-6100.svg","width":98,"height":25,"caption":"IPlay"},"image":{"@id":"https:\/\/www.iplay.com\/en\/#\/schema\/logo\/image\/"}}]}},"_links":{"self":[{"href":"https:\/\/www.iplay.com\/de\/wp-json\/wp\/v2\/product\/135988","targetHints":{"allow":["GET"]}}],"collection":[{"href":"https:\/\/www.iplay.com\/de\/wp-json\/wp\/v2\/product"}],"about":[{"href":"https:\/\/www.iplay.com\/de\/wp-json\/wp\/v2\/types\/product"}],"author":[{"embeddable":true,"href":"https:\/\/www.iplay.com\/de\/wp-json\/wp\/v2\/users\/178"}],"replies":[{"embeddable":true,"href":"https:\/\/www.iplay.com\/de\/wp-json\/wp\/v2\/comments?post=135988"}],"wp:featuredmedia":[{"embeddable":true,"href":"https:\/\/www.iplay.com\/de\/wp-json\/wp\/v2\/media\/43286"}],"wp:attachment":[{"href":"https:\/\/www.iplay.com\/de\/wp-json\/wp\/v2\/media?parent=135988"}],"wp:term":[{"taxonomy":"product_brand","embeddable":true,"href":"https:\/\/www.iplay.com\/de\/wp-json\/wp\/v2\/product_brand?post=135988"},{"taxonomy":"product_cat","embeddable":true,"href":"https:\/\/www.iplay.com\/de\/wp-json\/wp\/v2\/product_cat?post=135988"},{"taxonomy":"product_tag","embeddable":true,"href":"https:\/\/www.iplay.com\/de\/wp-json\/wp\/v2\/product_tag?post=135988"}],"curies":[{"name":"wp","href":"https:\/\/api.w.org\/{rel}","templated":true}]}}