{"id":135969,"date":"2016-08-04T00:00:01","date_gmt":"2016-08-04T00:00:01","guid":{"rendered":"https:\/\/www.iplay.com\/games\/delicious-emilys-message-in-a-bottle-platinum-edition\/"},"modified":"2016-08-04T00:00:01","modified_gmt":"2016-08-04T00:00:01","slug":"delicious-emilys-message-in-a-bottle-platinum-edition","status":"publish","type":"product","link":"https:\/\/www.iplay.com\/de\/games\/delicious-emilys-message-in-a-bottle-platinum-edition\/","title":{"rendered":"Delicious &#8211; Emily&#8217;s Message in a Bottle Platinum Edition"},"content":{"rendered":"<p>Erfahre eine Flaschenpost, die Emilys Leben f\u00fcr immer ver\u00e4ndern wird, w\u00e4hrend du in italienischen K\u00fcchen k\u00f6stliche Mahlzeiten zubereitest! Nach Paiges fieberhafter Genesung ist in Snuggford alles wieder normal geworden. Das hei\u00dft, bis sich in der Familie Napoli die Nachricht verbreitet, dass Vitto, Emilys verschwundener Grappa, vielleicht noch am Leben und in Italien ist! Edward, Emilys Vater, ist von der Nachricht \u00fcberrascht. Es ist Jahre her, dass er und seine vier Br\u00fcder ihren Vater oder sich das letzte Mal gesehen haben. Es wird schwierig sein, sie wieder zusammenzubringen. Wird Emily es schaffen, alle f\u00fcr das gro\u00dfe Familienessen zusammenzubringen?      <\/p>\n<p>&nbsp;<\/p>\n<p>&nbsp;<\/p>\n<p><strong>Funktionen:<\/strong><\/p>\n<p>&nbsp;<\/p>\n<ul>\n<li>Verwalte zusammen mit Emily acht italienische Restaurants!<\/li>\n<li>Bereiten Sie mehr als 200 echte italienische Rezepte zu!<\/li>\n<li>Schnapp dir 14 einzigartige Troph\u00e4en, die mit Worten von echten Delicious-Fans bedruckt sind!<\/li>\n<li>Verteilen Sie Einladungen an alle Einzelpersonen!<\/li>\n<\/ul>\n","protected":false},"excerpt":{"rendered":"<p>Genie\u00dfen Sie eine Geschichte von Familien, die verlegt und gefunden wurden! Enjoy Delicious &#8211; Emily&#8217;s Message in a Bottle Platinum Edition <\/p>\n","protected":false},"author":10,"featured_media":44214,"comment_status":"open","ping_status":"closed","template":"","meta":{"_acf_changed":false,"inline_featured_image":false},"product_brand":[],"product_cat":[217],"product_tag":[289],"class_list":{"0":"post-135969","1":"product","2":"type-product","3":"status-publish","4":"has-post-thumbnail","6":"product_cat-time-management-de","7":"product_tag-play-on-pc-de","9":"first","10":"instock","11":"shipping-taxable","12":"purchasable","13":"product-type-simple"},"acf":[],"yoast_head":"<!-- This site is optimized with the Yoast SEO Premium plugin v25.2 (Yoast SEO v25.2) - https:\/\/yoast.com\/wordpress\/plugins\/seo\/ -->\n<title>Delicious - Emily&#039;s Message in a Bottle Platinum Edition - Genie\u00dfen Sie eine herzerw\u00e4rmende Geschichte \u00fcber eine verlorene und wiedergefundene Familie<\/title>\n<meta name=\"description\" content=\"Genie\u00dfen Sie eine Geschichte von Familien, die verlegt und gefunden wurden! Enjoy Delicious - Emily&#039;s Message in a Bottle Platinum Edition\" \/>\n<meta name=\"robots\" content=\"index, follow, max-snippet:-1, max-image-preview:large, max-video-preview:-1\" \/>\n<link rel=\"canonical\" href=\"https:\/\/www.iplay.com\/de\/games\/delicious-emilys-message-in-a-bottle-platinum-edition\/\" \/>\n<meta property=\"og:locale\" content=\"de_DE\" \/>\n<meta property=\"og:type\" content=\"article\" \/>\n<meta property=\"og:title\" content=\"Delicious - Emily&#039;s Message in a Bottle Platinum Edition\" \/>\n<meta property=\"og:description\" content=\"Genie\u00dfen Sie eine Geschichte von Familien, die verlegt und gefunden wurden! Enjoy Delicious - Emily&#039;s Message in a Bottle Platinum Edition\" \/>\n<meta property=\"og:url\" content=\"https:\/\/www.iplay.com\/de\/games\/delicious-emilys-message-in-a-bottle-platinum-edition\/\" \/>\n<meta property=\"og:site_name\" content=\"IPlay\" \/>\n<meta property=\"og:image\" content=\"https:\/\/www.iplay.com\/wp-content\/uploads\/2023\/12\/large_square_tile_image-202.jpg\" \/>\n\t<meta property=\"og:image:width\" content=\"310\" \/>\n\t<meta property=\"og:image:height\" content=\"310\" \/>\n\t<meta property=\"og:image:type\" content=\"image\/jpeg\" \/>\n<meta name=\"twitter:card\" content=\"summary_large_image\" \/>\n<meta name=\"twitter:label1\" content=\"Gesch\u00e4tzte Lesezeit\" \/>\n\t<meta name=\"twitter:data1\" content=\"1 Minute\" \/>\n<script type=\"application\/ld+json\" class=\"yoast-schema-graph\">{\"@context\":\"https:\/\/schema.org\",\"@graph\":[{\"@type\":\"WebPage\",\"@id\":\"https:\/\/www.iplay.com\/de\/games\/delicious-emilys-message-in-a-bottle-platinum-edition\/\",\"url\":\"https:\/\/www.iplay.com\/de\/games\/delicious-emilys-message-in-a-bottle-platinum-edition\/\",\"name\":\"Delicious - Emily's Message in a Bottle Platinum Edition - Genie\u00dfen Sie eine herzerw\u00e4rmende Geschichte \u00fcber eine verlorene und wiedergefundene Familie\",\"isPartOf\":{\"@id\":\"https:\/\/www.iplay.com\/en\/#website\"},\"primaryImageOfPage\":{\"@id\":\"https:\/\/www.iplay.com\/de\/games\/delicious-emilys-message-in-a-bottle-platinum-edition\/#primaryimage\"},\"image\":{\"@id\":\"https:\/\/www.iplay.com\/de\/games\/delicious-emilys-message-in-a-bottle-platinum-edition\/#primaryimage\"},\"thumbnailUrl\":\"https:\/\/www.iplay.com\/wp-content\/uploads\/2023\/12\/large_square_tile_image-202.jpg\",\"datePublished\":\"2016-08-04T00:00:01+00:00\",\"description\":\"Genie\u00dfen Sie eine Geschichte von Familien, die verlegt und gefunden wurden! Enjoy Delicious - Emily's Message in a Bottle Platinum Edition\",\"breadcrumb\":{\"@id\":\"https:\/\/www.iplay.com\/de\/games\/delicious-emilys-message-in-a-bottle-platinum-edition\/#breadcrumb\"},\"inLanguage\":\"de-DE\",\"potentialAction\":[{\"@type\":\"ReadAction\",\"target\":[\"https:\/\/www.iplay.com\/de\/games\/delicious-emilys-message-in-a-bottle-platinum-edition\/\"]}]},{\"@type\":\"ImageObject\",\"inLanguage\":\"de-DE\",\"@id\":\"https:\/\/www.iplay.com\/de\/games\/delicious-emilys-message-in-a-bottle-platinum-edition\/#primaryimage\",\"url\":\"https:\/\/www.iplay.com\/wp-content\/uploads\/2023\/12\/large_square_tile_image-202.jpg\",\"contentUrl\":\"https:\/\/www.iplay.com\/wp-content\/uploads\/2023\/12\/large_square_tile_image-202.jpg\",\"width\":310,\"height\":310},{\"@type\":\"BreadcrumbList\",\"@id\":\"https:\/\/www.iplay.com\/de\/games\/delicious-emilys-message-in-a-bottle-platinum-edition\/#breadcrumb\",\"itemListElement\":[{\"@type\":\"ListItem\",\"position\":1,\"name\":\"Home\",\"item\":\"https:\/\/www.iplay.com\/de\/home-page-2\/\"},{\"@type\":\"ListItem\",\"position\":2,\"name\":\"Shop\",\"item\":\"https:\/\/www.iplay.com\/en\/shop\/\"},{\"@type\":\"ListItem\",\"position\":3,\"name\":\"Delicious &#8211; Emily&#8217;s Message in a Bottle Platinum Edition\"}]},{\"@type\":\"WebSite\",\"@id\":\"https:\/\/www.iplay.com\/en\/#website\",\"url\":\"https:\/\/www.iplay.com\/en\/\",\"name\":\"IPlay\",\"description\":\"The Best Casual Games!\",\"publisher\":{\"@id\":\"https:\/\/www.iplay.com\/en\/#organization\"},\"potentialAction\":[{\"@type\":\"SearchAction\",\"target\":{\"@type\":\"EntryPoint\",\"urlTemplate\":\"https:\/\/www.iplay.com\/en\/?s={search_term_string}\"},\"query-input\":{\"@type\":\"PropertyValueSpecification\",\"valueRequired\":true,\"valueName\":\"search_term_string\"}}],\"inLanguage\":\"de-DE\"},{\"@type\":\"Organization\",\"@id\":\"https:\/\/www.iplay.com\/en\/#organization\",\"name\":\"IPlay\",\"url\":\"https:\/\/www.iplay.com\/en\/\",\"logo\":{\"@type\":\"ImageObject\",\"inLanguage\":\"de-DE\",\"@id\":\"https:\/\/www.iplay.com\/en\/#\/schema\/logo\/image\/\",\"url\":\"https:\/\/www.iplay.com\/wp-content\/uploads\/2023\/11\/Group-6100.svg\",\"contentUrl\":\"https:\/\/www.iplay.com\/wp-content\/uploads\/2023\/11\/Group-6100.svg\",\"width\":98,\"height\":25,\"caption\":\"IPlay\"},\"image\":{\"@id\":\"https:\/\/www.iplay.com\/en\/#\/schema\/logo\/image\/\"}}]}<\/script>\n<!-- \/ Yoast SEO Premium plugin. -->","yoast_head_json":{"title":"Delicious - Emily's Message in a Bottle Platinum Edition - Genie\u00dfen Sie eine herzerw\u00e4rmende Geschichte \u00fcber eine verlorene und wiedergefundene Familie","description":"Genie\u00dfen Sie eine Geschichte von Familien, die verlegt und gefunden wurden! Enjoy Delicious - Emily's Message in a Bottle Platinum Edition","robots":{"index":"index","follow":"follow","max-snippet":"max-snippet:-1","max-image-preview":"max-image-preview:large","max-video-preview":"max-video-preview:-1"},"canonical":"https:\/\/www.iplay.com\/de\/games\/delicious-emilys-message-in-a-bottle-platinum-edition\/","og_locale":"de_DE","og_type":"article","og_title":"Delicious - Emily's Message in a Bottle Platinum Edition","og_description":"Genie\u00dfen Sie eine Geschichte von Familien, die verlegt und gefunden wurden! Enjoy Delicious - Emily's Message in a Bottle Platinum Edition","og_url":"https:\/\/www.iplay.com\/de\/games\/delicious-emilys-message-in-a-bottle-platinum-edition\/","og_site_name":"IPlay","og_image":[{"width":310,"height":310,"url":"https:\/\/www.iplay.com\/wp-content\/uploads\/2023\/12\/large_square_tile_image-202.jpg","type":"image\/jpeg"}],"twitter_card":"summary_large_image","twitter_misc":{"Gesch\u00e4tzte Lesezeit":"1 Minute"},"schema":{"@context":"https:\/\/schema.org","@graph":[{"@type":"WebPage","@id":"https:\/\/www.iplay.com\/de\/games\/delicious-emilys-message-in-a-bottle-platinum-edition\/","url":"https:\/\/www.iplay.com\/de\/games\/delicious-emilys-message-in-a-bottle-platinum-edition\/","name":"Delicious - Emily's Message in a Bottle Platinum Edition - Genie\u00dfen Sie eine herzerw\u00e4rmende Geschichte \u00fcber eine verlorene und wiedergefundene Familie","isPartOf":{"@id":"https:\/\/www.iplay.com\/en\/#website"},"primaryImageOfPage":{"@id":"https:\/\/www.iplay.com\/de\/games\/delicious-emilys-message-in-a-bottle-platinum-edition\/#primaryimage"},"image":{"@id":"https:\/\/www.iplay.com\/de\/games\/delicious-emilys-message-in-a-bottle-platinum-edition\/#primaryimage"},"thumbnailUrl":"https:\/\/www.iplay.com\/wp-content\/uploads\/2023\/12\/large_square_tile_image-202.jpg","datePublished":"2016-08-04T00:00:01+00:00","description":"Genie\u00dfen Sie eine Geschichte von Familien, die verlegt und gefunden wurden! Enjoy Delicious - Emily's Message in a Bottle Platinum Edition","breadcrumb":{"@id":"https:\/\/www.iplay.com\/de\/games\/delicious-emilys-message-in-a-bottle-platinum-edition\/#breadcrumb"},"inLanguage":"de-DE","potentialAction":[{"@type":"ReadAction","target":["https:\/\/www.iplay.com\/de\/games\/delicious-emilys-message-in-a-bottle-platinum-edition\/"]}]},{"@type":"ImageObject","inLanguage":"de-DE","@id":"https:\/\/www.iplay.com\/de\/games\/delicious-emilys-message-in-a-bottle-platinum-edition\/#primaryimage","url":"https:\/\/www.iplay.com\/wp-content\/uploads\/2023\/12\/large_square_tile_image-202.jpg","contentUrl":"https:\/\/www.iplay.com\/wp-content\/uploads\/2023\/12\/large_square_tile_image-202.jpg","width":310,"height":310},{"@type":"BreadcrumbList","@id":"https:\/\/www.iplay.com\/de\/games\/delicious-emilys-message-in-a-bottle-platinum-edition\/#breadcrumb","itemListElement":[{"@type":"ListItem","position":1,"name":"Home","item":"https:\/\/www.iplay.com\/de\/home-page-2\/"},{"@type":"ListItem","position":2,"name":"Shop","item":"https:\/\/www.iplay.com\/en\/shop\/"},{"@type":"ListItem","position":3,"name":"Delicious &#8211; Emily&#8217;s Message in a Bottle Platinum Edition"}]},{"@type":"WebSite","@id":"https:\/\/www.iplay.com\/en\/#website","url":"https:\/\/www.iplay.com\/en\/","name":"IPlay","description":"The Best Casual Games!","publisher":{"@id":"https:\/\/www.iplay.com\/en\/#organization"},"potentialAction":[{"@type":"SearchAction","target":{"@type":"EntryPoint","urlTemplate":"https:\/\/www.iplay.com\/en\/?s={search_term_string}"},"query-input":{"@type":"PropertyValueSpecification","valueRequired":true,"valueName":"search_term_string"}}],"inLanguage":"de-DE"},{"@type":"Organization","@id":"https:\/\/www.iplay.com\/en\/#organization","name":"IPlay","url":"https:\/\/www.iplay.com\/en\/","logo":{"@type":"ImageObject","inLanguage":"de-DE","@id":"https:\/\/www.iplay.com\/en\/#\/schema\/logo\/image\/","url":"https:\/\/www.iplay.com\/wp-content\/uploads\/2023\/11\/Group-6100.svg","contentUrl":"https:\/\/www.iplay.com\/wp-content\/uploads\/2023\/11\/Group-6100.svg","width":98,"height":25,"caption":"IPlay"},"image":{"@id":"https:\/\/www.iplay.com\/en\/#\/schema\/logo\/image\/"}}]}},"_links":{"self":[{"href":"https:\/\/www.iplay.com\/de\/wp-json\/wp\/v2\/product\/135969","targetHints":{"allow":["GET"]}}],"collection":[{"href":"https:\/\/www.iplay.com\/de\/wp-json\/wp\/v2\/product"}],"about":[{"href":"https:\/\/www.iplay.com\/de\/wp-json\/wp\/v2\/types\/product"}],"author":[{"embeddable":true,"href":"https:\/\/www.iplay.com\/de\/wp-json\/wp\/v2\/users\/10"}],"replies":[{"embeddable":true,"href":"https:\/\/www.iplay.com\/de\/wp-json\/wp\/v2\/comments?post=135969"}],"wp:featuredmedia":[{"embeddable":true,"href":"https:\/\/www.iplay.com\/de\/wp-json\/wp\/v2\/media\/44214"}],"wp:attachment":[{"href":"https:\/\/www.iplay.com\/de\/wp-json\/wp\/v2\/media?parent=135969"}],"wp:term":[{"taxonomy":"product_brand","embeddable":true,"href":"https:\/\/www.iplay.com\/de\/wp-json\/wp\/v2\/product_brand?post=135969"},{"taxonomy":"product_cat","embeddable":true,"href":"https:\/\/www.iplay.com\/de\/wp-json\/wp\/v2\/product_cat?post=135969"},{"taxonomy":"product_tag","embeddable":true,"href":"https:\/\/www.iplay.com\/de\/wp-json\/wp\/v2\/product_tag?post=135969"}],"curies":[{"name":"wp","href":"https:\/\/api.w.org\/{rel}","templated":true}]}}