{"id":135959,"date":"2016-10-12T00:00:00","date_gmt":"2016-10-12T00:00:00","guid":{"rendered":"https:\/\/www.iplay.com\/games\/weather-lord-royal-holidays-collectors-edition\/"},"modified":"2016-10-12T00:00:00","modified_gmt":"2016-10-12T00:00:00","slug":"weather-lord-royal-holidays-collectors-edition","status":"publish","type":"product","link":"https:\/\/www.iplay.com\/de\/games\/weather-lord-royal-holidays-collectors-edition\/","title":{"rendered":"Weather Lord: Royal Holidays Collector&#8217;s Edition"},"content":{"rendered":"<p>W\u00e4hrend du durch dein Reich reist, den Bed\u00fcrftigen hilfst und das Tageslicht zur\u00fcckbringst, wirst du in der Lage sein, die Sonne, den Regen, den Wind und mehr zu kontrollieren. Als n\u00e4chstes tust du so, als w\u00e4rst du das Monster, das eine nie endende Dunkelheit herbeif\u00fchren m\u00f6chte. Die <strong>Collector&#8217;s Edition<\/strong> von <strong>Weather Lord: Royal Holidays<\/strong> ist der ideale Urlaubsort! wegen der humorvollen Handlungsstr\u00e4nge, der lebendigen und liebenswerten Grafik und des einfach zu erlernenden Gameplays. Es gibt stundenlanges, fesselndes und s\u00fcchtig machendes Gameplay, das du genie\u00dfen kannst. Du wirst Stunden damit verbringen, \u00fcber die Extras zu br\u00fcten, zu denen versteckte Puzzleteile, herunterladbare Musik und Hintergrundbilder, regul\u00e4re und alternative Levels, ein umfassendes Strategiehandbuch und jede Menge Bonusinhalte geh\u00f6ren.<\/p>\n","protected":false},"excerpt":{"rendered":"<p>Schl\u00fcpfe in die Rolle des B\u00f6sen und des Helden mit Weather Lord: Royal Holidays Collector&#8217;s Edition!<\/p>\n","protected":false},"author":8,"featured_media":108691,"comment_status":"open","ping_status":"closed","template":"","meta":{"_acf_changed":false,"inline_featured_image":false},"product_brand":[],"product_cat":[217],"product_tag":[289],"class_list":{"0":"post-135959","1":"product","2":"type-product","3":"status-publish","4":"has-post-thumbnail","6":"product_cat-time-management-de","7":"product_tag-play-on-pc-de","9":"first","10":"instock","11":"shipping-taxable","12":"purchasable","13":"product-type-simple"},"acf":[],"yoast_head":"<!-- This site is optimized with the Yoast SEO Premium plugin v25.2 (Yoast SEO v25.2) - https:\/\/yoast.com\/wordpress\/plugins\/seo\/ -->\n<title>Weather Lord: Royal Holidays Collector&#039;s Edition - Erlebe ein einzigartiges Spiel, in dem du Held und B\u00f6sewicht wechselst<\/title>\n<meta name=\"description\" content=\"Schl\u00fcpfe in die Rolle des B\u00f6sen und des Helden mit Weather Lord: Royal Holidays Collector&#039;s Edition!\" \/>\n<meta name=\"robots\" content=\"index, follow, max-snippet:-1, max-image-preview:large, max-video-preview:-1\" \/>\n<link rel=\"canonical\" href=\"https:\/\/www.iplay.com\/de\/games\/weather-lord-royal-holidays-collectors-edition\/\" \/>\n<meta property=\"og:locale\" content=\"de_DE\" \/>\n<meta property=\"og:type\" content=\"article\" \/>\n<meta property=\"og:title\" content=\"Weather Lord: Royal Holidays Collector&#039;s Edition\" \/>\n<meta property=\"og:description\" content=\"Schl\u00fcpfe in die Rolle des B\u00f6sen und des Helden mit Weather Lord: Royal Holidays Collector&#039;s Edition!\" \/>\n<meta property=\"og:url\" content=\"https:\/\/www.iplay.com\/de\/games\/weather-lord-royal-holidays-collectors-edition\/\" \/>\n<meta property=\"og:site_name\" content=\"IPlay\" \/>\n<meta property=\"og:image\" content=\"https:\/\/www.iplay.com\/wp-content\/uploads\/2023\/12\/large_square_tile_image-4315.jpg\" \/>\n\t<meta property=\"og:image:width\" content=\"310\" \/>\n\t<meta property=\"og:image:height\" content=\"310\" \/>\n\t<meta property=\"og:image:type\" content=\"image\/jpeg\" \/>\n<meta name=\"twitter:card\" content=\"summary_large_image\" \/>\n<meta name=\"twitter:label1\" content=\"Gesch\u00e4tzte Lesezeit\" \/>\n\t<meta name=\"twitter:data1\" content=\"1 Minute\" \/>\n<script type=\"application\/ld+json\" class=\"yoast-schema-graph\">{\"@context\":\"https:\/\/schema.org\",\"@graph\":[{\"@type\":\"WebPage\",\"@id\":\"https:\/\/www.iplay.com\/de\/games\/weather-lord-royal-holidays-collectors-edition\/\",\"url\":\"https:\/\/www.iplay.com\/de\/games\/weather-lord-royal-holidays-collectors-edition\/\",\"name\":\"Weather Lord: Royal Holidays Collector's Edition - Erlebe ein einzigartiges Spiel, in dem du Held und B\u00f6sewicht wechselst\",\"isPartOf\":{\"@id\":\"https:\/\/www.iplay.com\/en\/#website\"},\"primaryImageOfPage\":{\"@id\":\"https:\/\/www.iplay.com\/de\/games\/weather-lord-royal-holidays-collectors-edition\/#primaryimage\"},\"image\":{\"@id\":\"https:\/\/www.iplay.com\/de\/games\/weather-lord-royal-holidays-collectors-edition\/#primaryimage\"},\"thumbnailUrl\":\"https:\/\/www.iplay.com\/wp-content\/uploads\/2023\/12\/large_square_tile_image-4315.jpg\",\"datePublished\":\"2016-10-12T00:00:00+00:00\",\"description\":\"Schl\u00fcpfe in die Rolle des B\u00f6sen und des Helden mit Weather Lord: Royal Holidays Collector's Edition!\",\"breadcrumb\":{\"@id\":\"https:\/\/www.iplay.com\/de\/games\/weather-lord-royal-holidays-collectors-edition\/#breadcrumb\"},\"inLanguage\":\"de-DE\",\"potentialAction\":[{\"@type\":\"ReadAction\",\"target\":[\"https:\/\/www.iplay.com\/de\/games\/weather-lord-royal-holidays-collectors-edition\/\"]}]},{\"@type\":\"ImageObject\",\"inLanguage\":\"de-DE\",\"@id\":\"https:\/\/www.iplay.com\/de\/games\/weather-lord-royal-holidays-collectors-edition\/#primaryimage\",\"url\":\"https:\/\/www.iplay.com\/wp-content\/uploads\/2023\/12\/large_square_tile_image-4315.jpg\",\"contentUrl\":\"https:\/\/www.iplay.com\/wp-content\/uploads\/2023\/12\/large_square_tile_image-4315.jpg\",\"width\":310,\"height\":310},{\"@type\":\"BreadcrumbList\",\"@id\":\"https:\/\/www.iplay.com\/de\/games\/weather-lord-royal-holidays-collectors-edition\/#breadcrumb\",\"itemListElement\":[{\"@type\":\"ListItem\",\"position\":1,\"name\":\"Home\",\"item\":\"https:\/\/www.iplay.com\/de\/home-page-2\/\"},{\"@type\":\"ListItem\",\"position\":2,\"name\":\"Shop\",\"item\":\"https:\/\/www.iplay.com\/en\/shop\/\"},{\"@type\":\"ListItem\",\"position\":3,\"name\":\"Weather Lord: Royal Holidays Collector&#8217;s Edition\"}]},{\"@type\":\"WebSite\",\"@id\":\"https:\/\/www.iplay.com\/en\/#website\",\"url\":\"https:\/\/www.iplay.com\/en\/\",\"name\":\"IPlay\",\"description\":\"The Best Casual Games!\",\"publisher\":{\"@id\":\"https:\/\/www.iplay.com\/en\/#organization\"},\"potentialAction\":[{\"@type\":\"SearchAction\",\"target\":{\"@type\":\"EntryPoint\",\"urlTemplate\":\"https:\/\/www.iplay.com\/en\/?s={search_term_string}\"},\"query-input\":{\"@type\":\"PropertyValueSpecification\",\"valueRequired\":true,\"valueName\":\"search_term_string\"}}],\"inLanguage\":\"de-DE\"},{\"@type\":\"Organization\",\"@id\":\"https:\/\/www.iplay.com\/en\/#organization\",\"name\":\"IPlay\",\"url\":\"https:\/\/www.iplay.com\/en\/\",\"logo\":{\"@type\":\"ImageObject\",\"inLanguage\":\"de-DE\",\"@id\":\"https:\/\/www.iplay.com\/en\/#\/schema\/logo\/image\/\",\"url\":\"https:\/\/www.iplay.com\/wp-content\/uploads\/2023\/11\/Group-6100.svg\",\"contentUrl\":\"https:\/\/www.iplay.com\/wp-content\/uploads\/2023\/11\/Group-6100.svg\",\"width\":98,\"height\":25,\"caption\":\"IPlay\"},\"image\":{\"@id\":\"https:\/\/www.iplay.com\/en\/#\/schema\/logo\/image\/\"}}]}<\/script>\n<!-- \/ Yoast SEO Premium plugin. -->","yoast_head_json":{"title":"Weather Lord: Royal Holidays Collector's Edition - Erlebe ein einzigartiges Spiel, in dem du Held und B\u00f6sewicht wechselst","description":"Schl\u00fcpfe in die Rolle des B\u00f6sen und des Helden mit Weather Lord: Royal Holidays Collector's Edition!","robots":{"index":"index","follow":"follow","max-snippet":"max-snippet:-1","max-image-preview":"max-image-preview:large","max-video-preview":"max-video-preview:-1"},"canonical":"https:\/\/www.iplay.com\/de\/games\/weather-lord-royal-holidays-collectors-edition\/","og_locale":"de_DE","og_type":"article","og_title":"Weather Lord: Royal Holidays Collector's Edition","og_description":"Schl\u00fcpfe in die Rolle des B\u00f6sen und des Helden mit Weather Lord: Royal Holidays Collector's Edition!","og_url":"https:\/\/www.iplay.com\/de\/games\/weather-lord-royal-holidays-collectors-edition\/","og_site_name":"IPlay","og_image":[{"width":310,"height":310,"url":"https:\/\/www.iplay.com\/wp-content\/uploads\/2023\/12\/large_square_tile_image-4315.jpg","type":"image\/jpeg"}],"twitter_card":"summary_large_image","twitter_misc":{"Gesch\u00e4tzte Lesezeit":"1 Minute"},"schema":{"@context":"https:\/\/schema.org","@graph":[{"@type":"WebPage","@id":"https:\/\/www.iplay.com\/de\/games\/weather-lord-royal-holidays-collectors-edition\/","url":"https:\/\/www.iplay.com\/de\/games\/weather-lord-royal-holidays-collectors-edition\/","name":"Weather Lord: Royal Holidays Collector's Edition - Erlebe ein einzigartiges Spiel, in dem du Held und B\u00f6sewicht wechselst","isPartOf":{"@id":"https:\/\/www.iplay.com\/en\/#website"},"primaryImageOfPage":{"@id":"https:\/\/www.iplay.com\/de\/games\/weather-lord-royal-holidays-collectors-edition\/#primaryimage"},"image":{"@id":"https:\/\/www.iplay.com\/de\/games\/weather-lord-royal-holidays-collectors-edition\/#primaryimage"},"thumbnailUrl":"https:\/\/www.iplay.com\/wp-content\/uploads\/2023\/12\/large_square_tile_image-4315.jpg","datePublished":"2016-10-12T00:00:00+00:00","description":"Schl\u00fcpfe in die Rolle des B\u00f6sen und des Helden mit Weather Lord: Royal Holidays Collector's Edition!","breadcrumb":{"@id":"https:\/\/www.iplay.com\/de\/games\/weather-lord-royal-holidays-collectors-edition\/#breadcrumb"},"inLanguage":"de-DE","potentialAction":[{"@type":"ReadAction","target":["https:\/\/www.iplay.com\/de\/games\/weather-lord-royal-holidays-collectors-edition\/"]}]},{"@type":"ImageObject","inLanguage":"de-DE","@id":"https:\/\/www.iplay.com\/de\/games\/weather-lord-royal-holidays-collectors-edition\/#primaryimage","url":"https:\/\/www.iplay.com\/wp-content\/uploads\/2023\/12\/large_square_tile_image-4315.jpg","contentUrl":"https:\/\/www.iplay.com\/wp-content\/uploads\/2023\/12\/large_square_tile_image-4315.jpg","width":310,"height":310},{"@type":"BreadcrumbList","@id":"https:\/\/www.iplay.com\/de\/games\/weather-lord-royal-holidays-collectors-edition\/#breadcrumb","itemListElement":[{"@type":"ListItem","position":1,"name":"Home","item":"https:\/\/www.iplay.com\/de\/home-page-2\/"},{"@type":"ListItem","position":2,"name":"Shop","item":"https:\/\/www.iplay.com\/en\/shop\/"},{"@type":"ListItem","position":3,"name":"Weather Lord: Royal Holidays Collector&#8217;s Edition"}]},{"@type":"WebSite","@id":"https:\/\/www.iplay.com\/en\/#website","url":"https:\/\/www.iplay.com\/en\/","name":"IPlay","description":"The Best Casual Games!","publisher":{"@id":"https:\/\/www.iplay.com\/en\/#organization"},"potentialAction":[{"@type":"SearchAction","target":{"@type":"EntryPoint","urlTemplate":"https:\/\/www.iplay.com\/en\/?s={search_term_string}"},"query-input":{"@type":"PropertyValueSpecification","valueRequired":true,"valueName":"search_term_string"}}],"inLanguage":"de-DE"},{"@type":"Organization","@id":"https:\/\/www.iplay.com\/en\/#organization","name":"IPlay","url":"https:\/\/www.iplay.com\/en\/","logo":{"@type":"ImageObject","inLanguage":"de-DE","@id":"https:\/\/www.iplay.com\/en\/#\/schema\/logo\/image\/","url":"https:\/\/www.iplay.com\/wp-content\/uploads\/2023\/11\/Group-6100.svg","contentUrl":"https:\/\/www.iplay.com\/wp-content\/uploads\/2023\/11\/Group-6100.svg","width":98,"height":25,"caption":"IPlay"},"image":{"@id":"https:\/\/www.iplay.com\/en\/#\/schema\/logo\/image\/"}}]}},"_links":{"self":[{"href":"https:\/\/www.iplay.com\/de\/wp-json\/wp\/v2\/product\/135959","targetHints":{"allow":["GET"]}}],"collection":[{"href":"https:\/\/www.iplay.com\/de\/wp-json\/wp\/v2\/product"}],"about":[{"href":"https:\/\/www.iplay.com\/de\/wp-json\/wp\/v2\/types\/product"}],"author":[{"embeddable":true,"href":"https:\/\/www.iplay.com\/de\/wp-json\/wp\/v2\/users\/8"}],"replies":[{"embeddable":true,"href":"https:\/\/www.iplay.com\/de\/wp-json\/wp\/v2\/comments?post=135959"}],"wp:featuredmedia":[{"embeddable":true,"href":"https:\/\/www.iplay.com\/de\/wp-json\/wp\/v2\/media\/108691"}],"wp:attachment":[{"href":"https:\/\/www.iplay.com\/de\/wp-json\/wp\/v2\/media?parent=135959"}],"wp:term":[{"taxonomy":"product_brand","embeddable":true,"href":"https:\/\/www.iplay.com\/de\/wp-json\/wp\/v2\/product_brand?post=135959"},{"taxonomy":"product_cat","embeddable":true,"href":"https:\/\/www.iplay.com\/de\/wp-json\/wp\/v2\/product_cat?post=135959"},{"taxonomy":"product_tag","embeddable":true,"href":"https:\/\/www.iplay.com\/de\/wp-json\/wp\/v2\/product_tag?post=135959"}],"curies":[{"name":"wp","href":"https:\/\/api.w.org\/{rel}","templated":true}]}}