{"id":135957,"date":"2016-10-13T00:00:00","date_gmt":"2016-10-13T00:00:00","guid":{"rendered":"https:\/\/www.iplay.com\/games\/sky-crew-platinum-edition\/"},"modified":"2016-10-13T00:00:00","modified_gmt":"2016-10-13T00:00:00","slug":"sky-crew-platinum-edition","status":"publish","type":"product","link":"https:\/\/www.iplay.com\/de\/games\/sky-crew-platinum-edition\/","title":{"rendered":"Sky Crew Platinum Edition"},"content":{"rendered":"<p>Erkunden Sie jeden Winkel der Welt, vom warmen Hawaii bis zum eisigen Schweden, vom einzigartigen Japan bis zum bezaubernden Frankreich und viele weitere faszinierende Orte! Servieren Sie Ihren G\u00e4sten k\u00f6stliche und unverf\u00e4lschte Speisen und vergessen Sie nicht, auch ihren Durst zu stillen. Geben Sie ihnen Spielzeug, Zeitschriften und Ger\u00e4te, um sicherzustellen, dass sie einen komfortablen Flug genie\u00dfen. Beaufsichtigen Sie den Bordshop und \u00fcberzeugen Sie Ihre G\u00e4ste zum Kauf hochwertiger Waren! Arbeiten Sie schnell, schweben Sie durch die L\u00fcfte und haben Sie Erfolg. Schnallen Sie sich an und machen Sie sich bereit f\u00fcr den Start mit der <strong>Sky Crew Platinum Edition!<\/strong>     <\/p>\n<p>&nbsp;<\/p>\n<p>&nbsp;<\/p>\n<p><strong>Funktionen:<\/strong><\/p>\n<p>&nbsp;<\/p>\n<p>&#8211; 17 Orte mit interessanter K\u00fcche und unterhaltsamem Gameplay<br \/>\n&#8211; Eine faszinierende globale Reise, die Emilys Weg zum Erfolg<br \/>\n folgt- Eine F\u00fclle von unterhaltsamen Charakteren, die es zu erfreuen gilt, und eine endlose Anzahl von Gerichtekombinationen, die es zu kreieren<br \/>\n gilt- Eine faszinierende neue Herangehensweise an das Zeitmanagement-Genre mit stundenlanger unterhaltsamer Unterhaltung<\/p>\n","protected":false},"excerpt":{"rendered":"<p>Erkunden Sie jeden Winkel der Welt, vom warmen Hawaii bis zum eisigen Schweden, vom einzigartigen Japan bis zum bezaubernden Frankreich und viele weitere faszinierende Orte!<\/p>\n","protected":false},"author":218,"featured_media":69718,"comment_status":"open","ping_status":"closed","template":"","meta":{"_acf_changed":false,"inline_featured_image":false},"product_brand":[],"product_cat":[217],"product_tag":[289],"class_list":{"0":"post-135957","1":"product","2":"type-product","3":"status-publish","4":"has-post-thumbnail","6":"product_cat-time-management-de","7":"product_tag-play-on-pc-de","9":"first","10":"instock","11":"shipping-taxable","12":"purchasable","13":"product-type-simple"},"acf":[],"yoast_head":"<!-- This site is optimized with the Yoast SEO Premium plugin v25.2 (Yoast SEO v25.2) - https:\/\/yoast.com\/wordpress\/plugins\/seo\/ -->\n<title>Sky Crew Platinum Edition - Helfen Sie Ihren Ambitionen, abzuheben und neue H\u00f6hen zu erreichen<\/title>\n<meta name=\"description\" content=\"Erkunden Sie jeden Winkel der Welt, vom warmen Hawaii bis zum eisigen Schweden, vom einzigartigen Japan bis zum bezaubernden Frankreich und viele weitere faszinierende Orte!\" \/>\n<meta name=\"robots\" content=\"index, follow, max-snippet:-1, max-image-preview:large, max-video-preview:-1\" \/>\n<link rel=\"canonical\" href=\"https:\/\/www.iplay.com\/de\/games\/sky-crew-platinum-edition\/\" \/>\n<meta property=\"og:locale\" content=\"de_DE\" \/>\n<meta property=\"og:type\" content=\"article\" \/>\n<meta property=\"og:title\" content=\"Sky Crew Platinum Edition\" \/>\n<meta property=\"og:description\" content=\"Erkunden Sie jeden Winkel der Welt, vom warmen Hawaii bis zum eisigen Schweden, vom einzigartigen Japan bis zum bezaubernden Frankreich und viele weitere faszinierende Orte!\" \/>\n<meta property=\"og:url\" content=\"https:\/\/www.iplay.com\/de\/games\/sky-crew-platinum-edition\/\" \/>\n<meta property=\"og:site_name\" content=\"IPlay\" \/>\n<meta property=\"og:image\" content=\"https:\/\/www.iplay.com\/wp-content\/uploads\/2023\/12\/large_square_tile_image-1846.jpg\" \/>\n\t<meta property=\"og:image:width\" content=\"310\" \/>\n\t<meta property=\"og:image:height\" content=\"310\" \/>\n\t<meta property=\"og:image:type\" content=\"image\/jpeg\" \/>\n<meta name=\"twitter:card\" content=\"summary_large_image\" \/>\n<meta name=\"twitter:label1\" content=\"Gesch\u00e4tzte Lesezeit\" \/>\n\t<meta name=\"twitter:data1\" content=\"1 Minute\" \/>\n<script type=\"application\/ld+json\" class=\"yoast-schema-graph\">{\"@context\":\"https:\/\/schema.org\",\"@graph\":[{\"@type\":\"WebPage\",\"@id\":\"https:\/\/www.iplay.com\/de\/games\/sky-crew-platinum-edition\/\",\"url\":\"https:\/\/www.iplay.com\/de\/games\/sky-crew-platinum-edition\/\",\"name\":\"Sky Crew Platinum Edition - Helfen Sie Ihren Ambitionen, abzuheben und neue H\u00f6hen zu erreichen\",\"isPartOf\":{\"@id\":\"https:\/\/www.iplay.com\/en\/#website\"},\"primaryImageOfPage\":{\"@id\":\"https:\/\/www.iplay.com\/de\/games\/sky-crew-platinum-edition\/#primaryimage\"},\"image\":{\"@id\":\"https:\/\/www.iplay.com\/de\/games\/sky-crew-platinum-edition\/#primaryimage\"},\"thumbnailUrl\":\"https:\/\/www.iplay.com\/wp-content\/uploads\/2023\/12\/large_square_tile_image-1846.jpg\",\"datePublished\":\"2016-10-13T00:00:00+00:00\",\"description\":\"Erkunden Sie jeden Winkel der Welt, vom warmen Hawaii bis zum eisigen Schweden, vom einzigartigen Japan bis zum bezaubernden Frankreich und viele weitere faszinierende Orte!\",\"breadcrumb\":{\"@id\":\"https:\/\/www.iplay.com\/de\/games\/sky-crew-platinum-edition\/#breadcrumb\"},\"inLanguage\":\"de-DE\",\"potentialAction\":[{\"@type\":\"ReadAction\",\"target\":[\"https:\/\/www.iplay.com\/de\/games\/sky-crew-platinum-edition\/\"]}]},{\"@type\":\"ImageObject\",\"inLanguage\":\"de-DE\",\"@id\":\"https:\/\/www.iplay.com\/de\/games\/sky-crew-platinum-edition\/#primaryimage\",\"url\":\"https:\/\/www.iplay.com\/wp-content\/uploads\/2023\/12\/large_square_tile_image-1846.jpg\",\"contentUrl\":\"https:\/\/www.iplay.com\/wp-content\/uploads\/2023\/12\/large_square_tile_image-1846.jpg\",\"width\":310,\"height\":310},{\"@type\":\"BreadcrumbList\",\"@id\":\"https:\/\/www.iplay.com\/de\/games\/sky-crew-platinum-edition\/#breadcrumb\",\"itemListElement\":[{\"@type\":\"ListItem\",\"position\":1,\"name\":\"Home\",\"item\":\"https:\/\/www.iplay.com\/de\/home-page-2\/\"},{\"@type\":\"ListItem\",\"position\":2,\"name\":\"Shop\",\"item\":\"https:\/\/www.iplay.com\/en\/shop\/\"},{\"@type\":\"ListItem\",\"position\":3,\"name\":\"Sky Crew Platinum Edition\"}]},{\"@type\":\"WebSite\",\"@id\":\"https:\/\/www.iplay.com\/en\/#website\",\"url\":\"https:\/\/www.iplay.com\/en\/\",\"name\":\"IPlay\",\"description\":\"The Best Casual Games!\",\"publisher\":{\"@id\":\"https:\/\/www.iplay.com\/en\/#organization\"},\"potentialAction\":[{\"@type\":\"SearchAction\",\"target\":{\"@type\":\"EntryPoint\",\"urlTemplate\":\"https:\/\/www.iplay.com\/en\/?s={search_term_string}\"},\"query-input\":{\"@type\":\"PropertyValueSpecification\",\"valueRequired\":true,\"valueName\":\"search_term_string\"}}],\"inLanguage\":\"de-DE\"},{\"@type\":\"Organization\",\"@id\":\"https:\/\/www.iplay.com\/en\/#organization\",\"name\":\"IPlay\",\"url\":\"https:\/\/www.iplay.com\/en\/\",\"logo\":{\"@type\":\"ImageObject\",\"inLanguage\":\"de-DE\",\"@id\":\"https:\/\/www.iplay.com\/en\/#\/schema\/logo\/image\/\",\"url\":\"https:\/\/www.iplay.com\/wp-content\/uploads\/2023\/11\/Group-6100.svg\",\"contentUrl\":\"https:\/\/www.iplay.com\/wp-content\/uploads\/2023\/11\/Group-6100.svg\",\"width\":98,\"height\":25,\"caption\":\"IPlay\"},\"image\":{\"@id\":\"https:\/\/www.iplay.com\/en\/#\/schema\/logo\/image\/\"}}]}<\/script>\n<!-- \/ Yoast SEO Premium plugin. -->","yoast_head_json":{"title":"Sky Crew Platinum Edition - Helfen Sie Ihren Ambitionen, abzuheben und neue H\u00f6hen zu erreichen","description":"Erkunden Sie jeden Winkel der Welt, vom warmen Hawaii bis zum eisigen Schweden, vom einzigartigen Japan bis zum bezaubernden Frankreich und viele weitere faszinierende Orte!","robots":{"index":"index","follow":"follow","max-snippet":"max-snippet:-1","max-image-preview":"max-image-preview:large","max-video-preview":"max-video-preview:-1"},"canonical":"https:\/\/www.iplay.com\/de\/games\/sky-crew-platinum-edition\/","og_locale":"de_DE","og_type":"article","og_title":"Sky Crew Platinum Edition","og_description":"Erkunden Sie jeden Winkel der Welt, vom warmen Hawaii bis zum eisigen Schweden, vom einzigartigen Japan bis zum bezaubernden Frankreich und viele weitere faszinierende Orte!","og_url":"https:\/\/www.iplay.com\/de\/games\/sky-crew-platinum-edition\/","og_site_name":"IPlay","og_image":[{"width":310,"height":310,"url":"https:\/\/www.iplay.com\/wp-content\/uploads\/2023\/12\/large_square_tile_image-1846.jpg","type":"image\/jpeg"}],"twitter_card":"summary_large_image","twitter_misc":{"Gesch\u00e4tzte Lesezeit":"1 Minute"},"schema":{"@context":"https:\/\/schema.org","@graph":[{"@type":"WebPage","@id":"https:\/\/www.iplay.com\/de\/games\/sky-crew-platinum-edition\/","url":"https:\/\/www.iplay.com\/de\/games\/sky-crew-platinum-edition\/","name":"Sky Crew Platinum Edition - Helfen Sie Ihren Ambitionen, abzuheben und neue H\u00f6hen zu erreichen","isPartOf":{"@id":"https:\/\/www.iplay.com\/en\/#website"},"primaryImageOfPage":{"@id":"https:\/\/www.iplay.com\/de\/games\/sky-crew-platinum-edition\/#primaryimage"},"image":{"@id":"https:\/\/www.iplay.com\/de\/games\/sky-crew-platinum-edition\/#primaryimage"},"thumbnailUrl":"https:\/\/www.iplay.com\/wp-content\/uploads\/2023\/12\/large_square_tile_image-1846.jpg","datePublished":"2016-10-13T00:00:00+00:00","description":"Erkunden Sie jeden Winkel der Welt, vom warmen Hawaii bis zum eisigen Schweden, vom einzigartigen Japan bis zum bezaubernden Frankreich und viele weitere faszinierende Orte!","breadcrumb":{"@id":"https:\/\/www.iplay.com\/de\/games\/sky-crew-platinum-edition\/#breadcrumb"},"inLanguage":"de-DE","potentialAction":[{"@type":"ReadAction","target":["https:\/\/www.iplay.com\/de\/games\/sky-crew-platinum-edition\/"]}]},{"@type":"ImageObject","inLanguage":"de-DE","@id":"https:\/\/www.iplay.com\/de\/games\/sky-crew-platinum-edition\/#primaryimage","url":"https:\/\/www.iplay.com\/wp-content\/uploads\/2023\/12\/large_square_tile_image-1846.jpg","contentUrl":"https:\/\/www.iplay.com\/wp-content\/uploads\/2023\/12\/large_square_tile_image-1846.jpg","width":310,"height":310},{"@type":"BreadcrumbList","@id":"https:\/\/www.iplay.com\/de\/games\/sky-crew-platinum-edition\/#breadcrumb","itemListElement":[{"@type":"ListItem","position":1,"name":"Home","item":"https:\/\/www.iplay.com\/de\/home-page-2\/"},{"@type":"ListItem","position":2,"name":"Shop","item":"https:\/\/www.iplay.com\/en\/shop\/"},{"@type":"ListItem","position":3,"name":"Sky Crew Platinum Edition"}]},{"@type":"WebSite","@id":"https:\/\/www.iplay.com\/en\/#website","url":"https:\/\/www.iplay.com\/en\/","name":"IPlay","description":"The Best Casual Games!","publisher":{"@id":"https:\/\/www.iplay.com\/en\/#organization"},"potentialAction":[{"@type":"SearchAction","target":{"@type":"EntryPoint","urlTemplate":"https:\/\/www.iplay.com\/en\/?s={search_term_string}"},"query-input":{"@type":"PropertyValueSpecification","valueRequired":true,"valueName":"search_term_string"}}],"inLanguage":"de-DE"},{"@type":"Organization","@id":"https:\/\/www.iplay.com\/en\/#organization","name":"IPlay","url":"https:\/\/www.iplay.com\/en\/","logo":{"@type":"ImageObject","inLanguage":"de-DE","@id":"https:\/\/www.iplay.com\/en\/#\/schema\/logo\/image\/","url":"https:\/\/www.iplay.com\/wp-content\/uploads\/2023\/11\/Group-6100.svg","contentUrl":"https:\/\/www.iplay.com\/wp-content\/uploads\/2023\/11\/Group-6100.svg","width":98,"height":25,"caption":"IPlay"},"image":{"@id":"https:\/\/www.iplay.com\/en\/#\/schema\/logo\/image\/"}}]}},"_links":{"self":[{"href":"https:\/\/www.iplay.com\/de\/wp-json\/wp\/v2\/product\/135957","targetHints":{"allow":["GET"]}}],"collection":[{"href":"https:\/\/www.iplay.com\/de\/wp-json\/wp\/v2\/product"}],"about":[{"href":"https:\/\/www.iplay.com\/de\/wp-json\/wp\/v2\/types\/product"}],"author":[{"embeddable":true,"href":"https:\/\/www.iplay.com\/de\/wp-json\/wp\/v2\/users\/218"}],"replies":[{"embeddable":true,"href":"https:\/\/www.iplay.com\/de\/wp-json\/wp\/v2\/comments?post=135957"}],"wp:featuredmedia":[{"embeddable":true,"href":"https:\/\/www.iplay.com\/de\/wp-json\/wp\/v2\/media\/69718"}],"wp:attachment":[{"href":"https:\/\/www.iplay.com\/de\/wp-json\/wp\/v2\/media?parent=135957"}],"wp:term":[{"taxonomy":"product_brand","embeddable":true,"href":"https:\/\/www.iplay.com\/de\/wp-json\/wp\/v2\/product_brand?post=135957"},{"taxonomy":"product_cat","embeddable":true,"href":"https:\/\/www.iplay.com\/de\/wp-json\/wp\/v2\/product_cat?post=135957"},{"taxonomy":"product_tag","embeddable":true,"href":"https:\/\/www.iplay.com\/de\/wp-json\/wp\/v2\/product_tag?post=135957"}],"curies":[{"name":"wp","href":"https:\/\/api.w.org\/{rel}","templated":true}]}}