{"id":135925,"date":"2017-02-01T00:00:00","date_gmt":"2017-02-01T00:00:00","guid":{"rendered":"https:\/\/www.iplay.com\/games\/weather-lord-graduation-collectors-edition\/"},"modified":"2017-02-01T00:00:00","modified_gmt":"2017-02-01T00:00:00","slug":"weather-lord-graduation-collectors-edition","status":"publish","type":"product","link":"https:\/\/www.iplay.com\/de\/games\/weather-lord-graduation-collectors-edition\/","title":{"rendered":"Weather Lord: Graduation Collector&#8217;s Edition"},"content":{"rendered":"<p>W\u00e4hrend du \u00fcber das Schicksal einer zuk\u00fcnftigen K\u00f6nigin entscheidest, kontrollierst du die Elemente! W\u00e4hrend K\u00f6nig Victor und K\u00f6nigin Victoria sich darauf vorbereiten, den Thron an ihre Tochter Jenny zu \u00fcbergeben, lebt das Verm\u00e4chtnis des Wetterlords weiter. Aber Jenny muss den Dreh raus haben, bevor sie regieren kann! Der Tag kommt, an dem Piraten das goldene Ei des Gro\u00dfen Drachen an sich rei\u00dfen. Bevor das Biest die volle Wucht seiner Wut ausl\u00e4sst, hilf Jenny und ihrem Tutor dabei, den Tag zu retten! W\u00e4hrend du Jenny und ihre Crew gegen Trolle, Piraten und Eisgolems f\u00fchrst, kannst du das Unheil, das diese Nichtstuer angerichtet haben, wieder gutmachen. Das Sammeln von Ressourcen, das Entfernen von Hindernissen und das Erledigen von Aufgaben f\u00fcr Feen und Bauern sind Teil der Action, w\u00e4hrend du gegen die Freibeuter antrittst, um einen uralten Schatz in Besitz zu nehmen. Neben der Erkundung von Himmelsinseln, der Suche nach einem alten Schatz mit einer mysteri\u00f6sen F\u00e4higkeit und der Freundschaft mit riesigen Schildkr\u00f6ten wird dich dieses fantasievolle Spiel stundenlang besch\u00e4ftigen! Eine F\u00fclle von zus\u00e4tzlichen Inhalten ist in der Collector&#8217;s Edition von <strong>Weather Lord: Graduation<\/strong> enthalten. Diese gro\u00dfartige Erg\u00e4nzung der Weather Lord-Saga wird Sie mit ihren herunterladbaren Medien, einer Schritt-f\u00fcr-Schritt-Anleitung und einem aufregenden Bonuskapitel stundenlang besch\u00e4ftigen.<\/p>\n","protected":false},"excerpt":{"rendered":"<p>W\u00e4hrend du \u00fcber das Schicksal einer zuk\u00fcnftigen K\u00f6nigin entscheidest, kontrollierst du die Elemente!<\/p>\n","protected":false},"author":8,"featured_media":35158,"comment_status":"open","ping_status":"closed","template":"","meta":{"_acf_changed":false,"inline_featured_image":false},"product_brand":[],"product_cat":[217],"product_tag":[289],"class_list":{"0":"post-135925","1":"product","2":"type-product","3":"status-publish","4":"has-post-thumbnail","6":"product_cat-time-management-de","7":"product_tag-play-on-pc-de","9":"first","10":"instock","11":"shipping-taxable","12":"purchasable","13":"product-type-simple"},"acf":[],"yoast_head":"<!-- This site is optimized with the Yoast SEO Premium plugin v25.2 (Yoast SEO v25.2) - https:\/\/yoast.com\/wordpress\/plugins\/seo\/ -->\n<title>Weather Lord: Graduation Collector&#039;s Edition - Steuerelemente, bestimme das Schicksal einer zuk\u00fcnftigen K\u00f6nigin<\/title>\n<meta name=\"description\" content=\"W\u00e4hrend du \u00fcber das Schicksal einer zuk\u00fcnftigen K\u00f6nigin entscheidest, kontrollierst du die Elemente!\" \/>\n<meta name=\"robots\" content=\"index, follow, max-snippet:-1, max-image-preview:large, max-video-preview:-1\" \/>\n<link rel=\"canonical\" href=\"https:\/\/www.iplay.com\/de\/games\/weather-lord-graduation-collectors-edition\/\" \/>\n<meta property=\"og:locale\" content=\"de_DE\" \/>\n<meta property=\"og:type\" content=\"article\" \/>\n<meta property=\"og:title\" content=\"Weather Lord: Graduation Collector&#039;s Edition\" \/>\n<meta property=\"og:description\" content=\"W\u00e4hrend du \u00fcber das Schicksal einer zuk\u00fcnftigen K\u00f6nigin entscheidest, kontrollierst du die Elemente!\" \/>\n<meta property=\"og:url\" content=\"https:\/\/www.iplay.com\/de\/games\/weather-lord-graduation-collectors-edition\/\" \/>\n<meta property=\"og:site_name\" content=\"IPlay\" \/>\n<meta property=\"og:image\" content=\"https:\/\/www.iplay.com\/wp-content\/uploads\/2023\/12\/large_square_tile_image-4.jpg\" \/>\n\t<meta property=\"og:image:width\" content=\"310\" \/>\n\t<meta property=\"og:image:height\" content=\"310\" \/>\n\t<meta property=\"og:image:type\" content=\"image\/jpeg\" \/>\n<meta name=\"twitter:card\" content=\"summary_large_image\" \/>\n<meta name=\"twitter:label1\" content=\"Gesch\u00e4tzte Lesezeit\" \/>\n\t<meta name=\"twitter:data1\" content=\"1 Minute\" \/>\n<script type=\"application\/ld+json\" class=\"yoast-schema-graph\">{\"@context\":\"https:\/\/schema.org\",\"@graph\":[{\"@type\":\"WebPage\",\"@id\":\"https:\/\/www.iplay.com\/de\/games\/weather-lord-graduation-collectors-edition\/\",\"url\":\"https:\/\/www.iplay.com\/de\/games\/weather-lord-graduation-collectors-edition\/\",\"name\":\"Weather Lord: Graduation Collector's Edition - Steuerelemente, bestimme das Schicksal einer zuk\u00fcnftigen K\u00f6nigin\",\"isPartOf\":{\"@id\":\"https:\/\/www.iplay.com\/en\/#website\"},\"primaryImageOfPage\":{\"@id\":\"https:\/\/www.iplay.com\/de\/games\/weather-lord-graduation-collectors-edition\/#primaryimage\"},\"image\":{\"@id\":\"https:\/\/www.iplay.com\/de\/games\/weather-lord-graduation-collectors-edition\/#primaryimage\"},\"thumbnailUrl\":\"https:\/\/www.iplay.com\/wp-content\/uploads\/2023\/12\/large_square_tile_image-4.jpg\",\"datePublished\":\"2017-02-01T00:00:00+00:00\",\"description\":\"W\u00e4hrend du \u00fcber das Schicksal einer zuk\u00fcnftigen K\u00f6nigin entscheidest, kontrollierst du die Elemente!\",\"breadcrumb\":{\"@id\":\"https:\/\/www.iplay.com\/de\/games\/weather-lord-graduation-collectors-edition\/#breadcrumb\"},\"inLanguage\":\"de-DE\",\"potentialAction\":[{\"@type\":\"ReadAction\",\"target\":[\"https:\/\/www.iplay.com\/de\/games\/weather-lord-graduation-collectors-edition\/\"]}]},{\"@type\":\"ImageObject\",\"inLanguage\":\"de-DE\",\"@id\":\"https:\/\/www.iplay.com\/de\/games\/weather-lord-graduation-collectors-edition\/#primaryimage\",\"url\":\"https:\/\/www.iplay.com\/wp-content\/uploads\/2023\/12\/large_square_tile_image-4.jpg\",\"contentUrl\":\"https:\/\/www.iplay.com\/wp-content\/uploads\/2023\/12\/large_square_tile_image-4.jpg\",\"width\":310,\"height\":310},{\"@type\":\"BreadcrumbList\",\"@id\":\"https:\/\/www.iplay.com\/de\/games\/weather-lord-graduation-collectors-edition\/#breadcrumb\",\"itemListElement\":[{\"@type\":\"ListItem\",\"position\":1,\"name\":\"Home\",\"item\":\"https:\/\/www.iplay.com\/de\/home-page-2\/\"},{\"@type\":\"ListItem\",\"position\":2,\"name\":\"Shop\",\"item\":\"https:\/\/www.iplay.com\/en\/shop\/\"},{\"@type\":\"ListItem\",\"position\":3,\"name\":\"Weather Lord: Graduation Collector&#8217;s Edition\"}]},{\"@type\":\"WebSite\",\"@id\":\"https:\/\/www.iplay.com\/en\/#website\",\"url\":\"https:\/\/www.iplay.com\/en\/\",\"name\":\"IPlay\",\"description\":\"The Best Casual Games!\",\"publisher\":{\"@id\":\"https:\/\/www.iplay.com\/en\/#organization\"},\"potentialAction\":[{\"@type\":\"SearchAction\",\"target\":{\"@type\":\"EntryPoint\",\"urlTemplate\":\"https:\/\/www.iplay.com\/en\/?s={search_term_string}\"},\"query-input\":{\"@type\":\"PropertyValueSpecification\",\"valueRequired\":true,\"valueName\":\"search_term_string\"}}],\"inLanguage\":\"de-DE\"},{\"@type\":\"Organization\",\"@id\":\"https:\/\/www.iplay.com\/en\/#organization\",\"name\":\"IPlay\",\"url\":\"https:\/\/www.iplay.com\/en\/\",\"logo\":{\"@type\":\"ImageObject\",\"inLanguage\":\"de-DE\",\"@id\":\"https:\/\/www.iplay.com\/en\/#\/schema\/logo\/image\/\",\"url\":\"https:\/\/www.iplay.com\/wp-content\/uploads\/2023\/11\/Group-6100.svg\",\"contentUrl\":\"https:\/\/www.iplay.com\/wp-content\/uploads\/2023\/11\/Group-6100.svg\",\"width\":98,\"height\":25,\"caption\":\"IPlay\"},\"image\":{\"@id\":\"https:\/\/www.iplay.com\/en\/#\/schema\/logo\/image\/\"}}]}<\/script>\n<!-- \/ Yoast SEO Premium plugin. -->","yoast_head_json":{"title":"Weather Lord: Graduation Collector's Edition - Steuerelemente, bestimme das Schicksal einer zuk\u00fcnftigen K\u00f6nigin","description":"W\u00e4hrend du \u00fcber das Schicksal einer zuk\u00fcnftigen K\u00f6nigin entscheidest, kontrollierst du die Elemente!","robots":{"index":"index","follow":"follow","max-snippet":"max-snippet:-1","max-image-preview":"max-image-preview:large","max-video-preview":"max-video-preview:-1"},"canonical":"https:\/\/www.iplay.com\/de\/games\/weather-lord-graduation-collectors-edition\/","og_locale":"de_DE","og_type":"article","og_title":"Weather Lord: Graduation Collector's Edition","og_description":"W\u00e4hrend du \u00fcber das Schicksal einer zuk\u00fcnftigen K\u00f6nigin entscheidest, kontrollierst du die Elemente!","og_url":"https:\/\/www.iplay.com\/de\/games\/weather-lord-graduation-collectors-edition\/","og_site_name":"IPlay","og_image":[{"width":310,"height":310,"url":"https:\/\/www.iplay.com\/wp-content\/uploads\/2023\/12\/large_square_tile_image-4.jpg","type":"image\/jpeg"}],"twitter_card":"summary_large_image","twitter_misc":{"Gesch\u00e4tzte Lesezeit":"1 Minute"},"schema":{"@context":"https:\/\/schema.org","@graph":[{"@type":"WebPage","@id":"https:\/\/www.iplay.com\/de\/games\/weather-lord-graduation-collectors-edition\/","url":"https:\/\/www.iplay.com\/de\/games\/weather-lord-graduation-collectors-edition\/","name":"Weather Lord: Graduation Collector's Edition - Steuerelemente, bestimme das Schicksal einer zuk\u00fcnftigen K\u00f6nigin","isPartOf":{"@id":"https:\/\/www.iplay.com\/en\/#website"},"primaryImageOfPage":{"@id":"https:\/\/www.iplay.com\/de\/games\/weather-lord-graduation-collectors-edition\/#primaryimage"},"image":{"@id":"https:\/\/www.iplay.com\/de\/games\/weather-lord-graduation-collectors-edition\/#primaryimage"},"thumbnailUrl":"https:\/\/www.iplay.com\/wp-content\/uploads\/2023\/12\/large_square_tile_image-4.jpg","datePublished":"2017-02-01T00:00:00+00:00","description":"W\u00e4hrend du \u00fcber das Schicksal einer zuk\u00fcnftigen K\u00f6nigin entscheidest, kontrollierst du die Elemente!","breadcrumb":{"@id":"https:\/\/www.iplay.com\/de\/games\/weather-lord-graduation-collectors-edition\/#breadcrumb"},"inLanguage":"de-DE","potentialAction":[{"@type":"ReadAction","target":["https:\/\/www.iplay.com\/de\/games\/weather-lord-graduation-collectors-edition\/"]}]},{"@type":"ImageObject","inLanguage":"de-DE","@id":"https:\/\/www.iplay.com\/de\/games\/weather-lord-graduation-collectors-edition\/#primaryimage","url":"https:\/\/www.iplay.com\/wp-content\/uploads\/2023\/12\/large_square_tile_image-4.jpg","contentUrl":"https:\/\/www.iplay.com\/wp-content\/uploads\/2023\/12\/large_square_tile_image-4.jpg","width":310,"height":310},{"@type":"BreadcrumbList","@id":"https:\/\/www.iplay.com\/de\/games\/weather-lord-graduation-collectors-edition\/#breadcrumb","itemListElement":[{"@type":"ListItem","position":1,"name":"Home","item":"https:\/\/www.iplay.com\/de\/home-page-2\/"},{"@type":"ListItem","position":2,"name":"Shop","item":"https:\/\/www.iplay.com\/en\/shop\/"},{"@type":"ListItem","position":3,"name":"Weather Lord: Graduation Collector&#8217;s Edition"}]},{"@type":"WebSite","@id":"https:\/\/www.iplay.com\/en\/#website","url":"https:\/\/www.iplay.com\/en\/","name":"IPlay","description":"The Best Casual Games!","publisher":{"@id":"https:\/\/www.iplay.com\/en\/#organization"},"potentialAction":[{"@type":"SearchAction","target":{"@type":"EntryPoint","urlTemplate":"https:\/\/www.iplay.com\/en\/?s={search_term_string}"},"query-input":{"@type":"PropertyValueSpecification","valueRequired":true,"valueName":"search_term_string"}}],"inLanguage":"de-DE"},{"@type":"Organization","@id":"https:\/\/www.iplay.com\/en\/#organization","name":"IPlay","url":"https:\/\/www.iplay.com\/en\/","logo":{"@type":"ImageObject","inLanguage":"de-DE","@id":"https:\/\/www.iplay.com\/en\/#\/schema\/logo\/image\/","url":"https:\/\/www.iplay.com\/wp-content\/uploads\/2023\/11\/Group-6100.svg","contentUrl":"https:\/\/www.iplay.com\/wp-content\/uploads\/2023\/11\/Group-6100.svg","width":98,"height":25,"caption":"IPlay"},"image":{"@id":"https:\/\/www.iplay.com\/en\/#\/schema\/logo\/image\/"}}]}},"_links":{"self":[{"href":"https:\/\/www.iplay.com\/de\/wp-json\/wp\/v2\/product\/135925","targetHints":{"allow":["GET"]}}],"collection":[{"href":"https:\/\/www.iplay.com\/de\/wp-json\/wp\/v2\/product"}],"about":[{"href":"https:\/\/www.iplay.com\/de\/wp-json\/wp\/v2\/types\/product"}],"author":[{"embeddable":true,"href":"https:\/\/www.iplay.com\/de\/wp-json\/wp\/v2\/users\/8"}],"replies":[{"embeddable":true,"href":"https:\/\/www.iplay.com\/de\/wp-json\/wp\/v2\/comments?post=135925"}],"wp:featuredmedia":[{"embeddable":true,"href":"https:\/\/www.iplay.com\/de\/wp-json\/wp\/v2\/media\/35158"}],"wp:attachment":[{"href":"https:\/\/www.iplay.com\/de\/wp-json\/wp\/v2\/media?parent=135925"}],"wp:term":[{"taxonomy":"product_brand","embeddable":true,"href":"https:\/\/www.iplay.com\/de\/wp-json\/wp\/v2\/product_brand?post=135925"},{"taxonomy":"product_cat","embeddable":true,"href":"https:\/\/www.iplay.com\/de\/wp-json\/wp\/v2\/product_cat?post=135925"},{"taxonomy":"product_tag","embeddable":true,"href":"https:\/\/www.iplay.com\/de\/wp-json\/wp\/v2\/product_tag?post=135925"}],"curies":[{"name":"wp","href":"https:\/\/api.w.org\/{rel}","templated":true}]}}