{"id":135905,"date":"2017-03-22T00:00:00","date_gmt":"2017-03-22T00:00:00","guid":{"rendered":"https:\/\/www.iplay.com\/games\/fables-of-the-kingdom-ii-platinum-edition\/"},"modified":"2017-03-22T00:00:00","modified_gmt":"2017-03-22T00:00:00","slug":"fables-of-the-kingdom-ii-platinum-edition","status":"publish","type":"product","link":"https:\/\/www.iplay.com\/de\/games\/fables-of-the-kingdom-ii-platinum-edition\/","title":{"rendered":"Fables of the Kingdom II Platinum Edition"},"content":{"rendered":"<p>Begeben Sie sich mit dem mutigen Helden Kevin und seinen Gef\u00e4hrten auf die Suche nach der verzauberten R\u00fcstung, die in den entlegensten Winkeln des M\u00e4rchenlandes vergraben ist. Hilf den Helden dabei, jede Herausforderung zu meistern, damit sie die R\u00fcstung zur\u00fcckholen und K\u00f6nig Artos von einem schrecklichen Fluch befreien k\u00f6nnen. Du triffst den gerissenen Zauberer Balen pers\u00f6nlich und nimmst die ganze Pracht deines eigenen Landes in dich auf. Baue und verbessere Strukturen, setze m\u00e4chtige Zauberspr\u00fcche ein, meistere Herausforderungen und lerne die eigenartigen Menschen kennen, die in der Fantasy-Umgebung des Spiels leben.   <\/p>\n<p>&nbsp;<\/p>\n<p><strong>Fangen Sie jetzt an, es hier zu spielen!<\/strong><\/p>\n<p>&nbsp;<\/p>\n<p>&nbsp;<\/p>\n<p><strong>Funktionen:<\/strong><\/p>\n<p>&nbsp;<\/p>\n<p>&#8211; Bonuskapitel, integrierter Level-f\u00fcr-Level-Guide und Hintergrundbilder &#8211; Schlie\u00dfe 55 erstaunliche Herausforderungen<br \/>\n ab, um all die fantastischen Erfolge zu verdienen &#8211; Viele interessante Aufgaben, einzigartige Geb\u00e4ude, ungew\u00f6hnliche Tiere und heimt\u00fcckische Feinde<br \/>\n &#8211; Wundersch\u00f6ne Grafiken und lebendige Musik<br \/>\n &#8211; Verwalte<br \/>\n Ressourcen, sammle Nahrung, r\u00e4ume Stra\u00dfen, weise Arbeiter zu und vieles mehr!<\/p>\n","protected":false},"excerpt":{"rendered":"<p>Die Geschichte geht weiter mit dem gerissenen Zauberer Balen und dem tapferen Helden Kevin!<\/p>\n","protected":false},"author":51,"featured_media":89157,"comment_status":"open","ping_status":"closed","template":"","meta":{"_acf_changed":false,"inline_featured_image":false},"product_brand":[],"product_cat":[217],"product_tag":[289],"class_list":{"0":"post-135905","1":"product","2":"type-product","3":"status-publish","4":"has-post-thumbnail","6":"product_cat-time-management-de","7":"product_tag-play-on-pc-de","9":"first","10":"instock","11":"shipping-taxable","12":"purchasable","13":"product-type-simple"},"acf":[],"yoast_head":"<!-- This site is optimized with the Yoast SEO Premium plugin v25.2 (Yoast SEO v25.2) - https:\/\/yoast.com\/wordpress\/plugins\/seo\/ -->\n<title>Fables of the Kingdom II Platinum Edition - Die Saga des tapferen Helden Kevin und des gerissenen Zauberers Balen geht weiter<\/title>\n<meta name=\"description\" content=\"Die Geschichte geht weiter mit dem gerissenen Zauberer Balen und dem tapferen Helden Kevin!\" \/>\n<meta name=\"robots\" content=\"index, follow, max-snippet:-1, max-image-preview:large, max-video-preview:-1\" \/>\n<link rel=\"canonical\" href=\"https:\/\/www.iplay.com\/de\/games\/fables-of-the-kingdom-ii-platinum-edition\/\" \/>\n<meta property=\"og:locale\" content=\"de_DE\" \/>\n<meta property=\"og:type\" content=\"article\" \/>\n<meta property=\"og:title\" content=\"Fables of the Kingdom II Platinum Edition\" \/>\n<meta property=\"og:description\" content=\"Die Geschichte geht weiter mit dem gerissenen Zauberer Balen und dem tapferen Helden Kevin!\" \/>\n<meta property=\"og:url\" content=\"https:\/\/www.iplay.com\/de\/games\/fables-of-the-kingdom-ii-platinum-edition\/\" \/>\n<meta property=\"og:site_name\" content=\"IPlay\" \/>\n<meta property=\"og:image\" content=\"https:\/\/www.iplay.com\/wp-content\/uploads\/2023\/12\/large_square_tile_image-3084.jpg\" \/>\n\t<meta property=\"og:image:width\" content=\"310\" \/>\n\t<meta property=\"og:image:height\" content=\"310\" \/>\n\t<meta property=\"og:image:type\" content=\"image\/jpeg\" \/>\n<meta name=\"twitter:card\" content=\"summary_large_image\" \/>\n<meta name=\"twitter:label1\" content=\"Gesch\u00e4tzte Lesezeit\" \/>\n\t<meta name=\"twitter:data1\" content=\"1 Minute\" \/>\n<script type=\"application\/ld+json\" class=\"yoast-schema-graph\">{\"@context\":\"https:\/\/schema.org\",\"@graph\":[{\"@type\":\"WebPage\",\"@id\":\"https:\/\/www.iplay.com\/de\/games\/fables-of-the-kingdom-ii-platinum-edition\/\",\"url\":\"https:\/\/www.iplay.com\/de\/games\/fables-of-the-kingdom-ii-platinum-edition\/\",\"name\":\"Fables of the Kingdom II Platinum Edition - Die Saga des tapferen Helden Kevin und des gerissenen Zauberers Balen geht weiter\",\"isPartOf\":{\"@id\":\"https:\/\/www.iplay.com\/en\/#website\"},\"primaryImageOfPage\":{\"@id\":\"https:\/\/www.iplay.com\/de\/games\/fables-of-the-kingdom-ii-platinum-edition\/#primaryimage\"},\"image\":{\"@id\":\"https:\/\/www.iplay.com\/de\/games\/fables-of-the-kingdom-ii-platinum-edition\/#primaryimage\"},\"thumbnailUrl\":\"https:\/\/www.iplay.com\/wp-content\/uploads\/2023\/12\/large_square_tile_image-3084.jpg\",\"datePublished\":\"2017-03-22T00:00:00+00:00\",\"description\":\"Die Geschichte geht weiter mit dem gerissenen Zauberer Balen und dem tapferen Helden Kevin!\",\"breadcrumb\":{\"@id\":\"https:\/\/www.iplay.com\/de\/games\/fables-of-the-kingdom-ii-platinum-edition\/#breadcrumb\"},\"inLanguage\":\"de-DE\",\"potentialAction\":[{\"@type\":\"ReadAction\",\"target\":[\"https:\/\/www.iplay.com\/de\/games\/fables-of-the-kingdom-ii-platinum-edition\/\"]}]},{\"@type\":\"ImageObject\",\"inLanguage\":\"de-DE\",\"@id\":\"https:\/\/www.iplay.com\/de\/games\/fables-of-the-kingdom-ii-platinum-edition\/#primaryimage\",\"url\":\"https:\/\/www.iplay.com\/wp-content\/uploads\/2023\/12\/large_square_tile_image-3084.jpg\",\"contentUrl\":\"https:\/\/www.iplay.com\/wp-content\/uploads\/2023\/12\/large_square_tile_image-3084.jpg\",\"width\":310,\"height\":310},{\"@type\":\"BreadcrumbList\",\"@id\":\"https:\/\/www.iplay.com\/de\/games\/fables-of-the-kingdom-ii-platinum-edition\/#breadcrumb\",\"itemListElement\":[{\"@type\":\"ListItem\",\"position\":1,\"name\":\"Home\",\"item\":\"https:\/\/www.iplay.com\/de\/home-page-2\/\"},{\"@type\":\"ListItem\",\"position\":2,\"name\":\"Shop\",\"item\":\"https:\/\/www.iplay.com\/en\/shop\/\"},{\"@type\":\"ListItem\",\"position\":3,\"name\":\"Fables of the Kingdom II Platinum Edition\"}]},{\"@type\":\"WebSite\",\"@id\":\"https:\/\/www.iplay.com\/en\/#website\",\"url\":\"https:\/\/www.iplay.com\/en\/\",\"name\":\"IPlay\",\"description\":\"The Best Casual Games!\",\"publisher\":{\"@id\":\"https:\/\/www.iplay.com\/en\/#organization\"},\"potentialAction\":[{\"@type\":\"SearchAction\",\"target\":{\"@type\":\"EntryPoint\",\"urlTemplate\":\"https:\/\/www.iplay.com\/en\/?s={search_term_string}\"},\"query-input\":{\"@type\":\"PropertyValueSpecification\",\"valueRequired\":true,\"valueName\":\"search_term_string\"}}],\"inLanguage\":\"de-DE\"},{\"@type\":\"Organization\",\"@id\":\"https:\/\/www.iplay.com\/en\/#organization\",\"name\":\"IPlay\",\"url\":\"https:\/\/www.iplay.com\/en\/\",\"logo\":{\"@type\":\"ImageObject\",\"inLanguage\":\"de-DE\",\"@id\":\"https:\/\/www.iplay.com\/en\/#\/schema\/logo\/image\/\",\"url\":\"https:\/\/www.iplay.com\/wp-content\/uploads\/2023\/11\/Group-6100.svg\",\"contentUrl\":\"https:\/\/www.iplay.com\/wp-content\/uploads\/2023\/11\/Group-6100.svg\",\"width\":98,\"height\":25,\"caption\":\"IPlay\"},\"image\":{\"@id\":\"https:\/\/www.iplay.com\/en\/#\/schema\/logo\/image\/\"}}]}<\/script>\n<!-- \/ Yoast SEO Premium plugin. -->","yoast_head_json":{"title":"Fables of the Kingdom II Platinum Edition - Die Saga des tapferen Helden Kevin und des gerissenen Zauberers Balen geht weiter","description":"Die Geschichte geht weiter mit dem gerissenen Zauberer Balen und dem tapferen Helden Kevin!","robots":{"index":"index","follow":"follow","max-snippet":"max-snippet:-1","max-image-preview":"max-image-preview:large","max-video-preview":"max-video-preview:-1"},"canonical":"https:\/\/www.iplay.com\/de\/games\/fables-of-the-kingdom-ii-platinum-edition\/","og_locale":"de_DE","og_type":"article","og_title":"Fables of the Kingdom II Platinum Edition","og_description":"Die Geschichte geht weiter mit dem gerissenen Zauberer Balen und dem tapferen Helden Kevin!","og_url":"https:\/\/www.iplay.com\/de\/games\/fables-of-the-kingdom-ii-platinum-edition\/","og_site_name":"IPlay","og_image":[{"width":310,"height":310,"url":"https:\/\/www.iplay.com\/wp-content\/uploads\/2023\/12\/large_square_tile_image-3084.jpg","type":"image\/jpeg"}],"twitter_card":"summary_large_image","twitter_misc":{"Gesch\u00e4tzte Lesezeit":"1 Minute"},"schema":{"@context":"https:\/\/schema.org","@graph":[{"@type":"WebPage","@id":"https:\/\/www.iplay.com\/de\/games\/fables-of-the-kingdom-ii-platinum-edition\/","url":"https:\/\/www.iplay.com\/de\/games\/fables-of-the-kingdom-ii-platinum-edition\/","name":"Fables of the Kingdom II Platinum Edition - Die Saga des tapferen Helden Kevin und des gerissenen Zauberers Balen geht weiter","isPartOf":{"@id":"https:\/\/www.iplay.com\/en\/#website"},"primaryImageOfPage":{"@id":"https:\/\/www.iplay.com\/de\/games\/fables-of-the-kingdom-ii-platinum-edition\/#primaryimage"},"image":{"@id":"https:\/\/www.iplay.com\/de\/games\/fables-of-the-kingdom-ii-platinum-edition\/#primaryimage"},"thumbnailUrl":"https:\/\/www.iplay.com\/wp-content\/uploads\/2023\/12\/large_square_tile_image-3084.jpg","datePublished":"2017-03-22T00:00:00+00:00","description":"Die Geschichte geht weiter mit dem gerissenen Zauberer Balen und dem tapferen Helden Kevin!","breadcrumb":{"@id":"https:\/\/www.iplay.com\/de\/games\/fables-of-the-kingdom-ii-platinum-edition\/#breadcrumb"},"inLanguage":"de-DE","potentialAction":[{"@type":"ReadAction","target":["https:\/\/www.iplay.com\/de\/games\/fables-of-the-kingdom-ii-platinum-edition\/"]}]},{"@type":"ImageObject","inLanguage":"de-DE","@id":"https:\/\/www.iplay.com\/de\/games\/fables-of-the-kingdom-ii-platinum-edition\/#primaryimage","url":"https:\/\/www.iplay.com\/wp-content\/uploads\/2023\/12\/large_square_tile_image-3084.jpg","contentUrl":"https:\/\/www.iplay.com\/wp-content\/uploads\/2023\/12\/large_square_tile_image-3084.jpg","width":310,"height":310},{"@type":"BreadcrumbList","@id":"https:\/\/www.iplay.com\/de\/games\/fables-of-the-kingdom-ii-platinum-edition\/#breadcrumb","itemListElement":[{"@type":"ListItem","position":1,"name":"Home","item":"https:\/\/www.iplay.com\/de\/home-page-2\/"},{"@type":"ListItem","position":2,"name":"Shop","item":"https:\/\/www.iplay.com\/en\/shop\/"},{"@type":"ListItem","position":3,"name":"Fables of the Kingdom II Platinum Edition"}]},{"@type":"WebSite","@id":"https:\/\/www.iplay.com\/en\/#website","url":"https:\/\/www.iplay.com\/en\/","name":"IPlay","description":"The Best Casual Games!","publisher":{"@id":"https:\/\/www.iplay.com\/en\/#organization"},"potentialAction":[{"@type":"SearchAction","target":{"@type":"EntryPoint","urlTemplate":"https:\/\/www.iplay.com\/en\/?s={search_term_string}"},"query-input":{"@type":"PropertyValueSpecification","valueRequired":true,"valueName":"search_term_string"}}],"inLanguage":"de-DE"},{"@type":"Organization","@id":"https:\/\/www.iplay.com\/en\/#organization","name":"IPlay","url":"https:\/\/www.iplay.com\/en\/","logo":{"@type":"ImageObject","inLanguage":"de-DE","@id":"https:\/\/www.iplay.com\/en\/#\/schema\/logo\/image\/","url":"https:\/\/www.iplay.com\/wp-content\/uploads\/2023\/11\/Group-6100.svg","contentUrl":"https:\/\/www.iplay.com\/wp-content\/uploads\/2023\/11\/Group-6100.svg","width":98,"height":25,"caption":"IPlay"},"image":{"@id":"https:\/\/www.iplay.com\/en\/#\/schema\/logo\/image\/"}}]}},"_links":{"self":[{"href":"https:\/\/www.iplay.com\/de\/wp-json\/wp\/v2\/product\/135905","targetHints":{"allow":["GET"]}}],"collection":[{"href":"https:\/\/www.iplay.com\/de\/wp-json\/wp\/v2\/product"}],"about":[{"href":"https:\/\/www.iplay.com\/de\/wp-json\/wp\/v2\/types\/product"}],"author":[{"embeddable":true,"href":"https:\/\/www.iplay.com\/de\/wp-json\/wp\/v2\/users\/51"}],"replies":[{"embeddable":true,"href":"https:\/\/www.iplay.com\/de\/wp-json\/wp\/v2\/comments?post=135905"}],"wp:featuredmedia":[{"embeddable":true,"href":"https:\/\/www.iplay.com\/de\/wp-json\/wp\/v2\/media\/89157"}],"wp:attachment":[{"href":"https:\/\/www.iplay.com\/de\/wp-json\/wp\/v2\/media?parent=135905"}],"wp:term":[{"taxonomy":"product_brand","embeddable":true,"href":"https:\/\/www.iplay.com\/de\/wp-json\/wp\/v2\/product_brand?post=135905"},{"taxonomy":"product_cat","embeddable":true,"href":"https:\/\/www.iplay.com\/de\/wp-json\/wp\/v2\/product_cat?post=135905"},{"taxonomy":"product_tag","embeddable":true,"href":"https:\/\/www.iplay.com\/de\/wp-json\/wp\/v2\/product_tag?post=135905"}],"curies":[{"name":"wp","href":"https:\/\/api.w.org\/{rel}","templated":true}]}}