{"id":135847,"date":"2017-09-13T00:00:01","date_gmt":"2017-09-13T00:00:01","guid":{"rendered":"https:\/\/www.iplay.com\/games\/rose-riddle-the-fairy-tale-detective-collectors-edition\/"},"modified":"2017-09-13T00:00:01","modified_gmt":"2017-09-13T00:00:01","slug":"rose-riddle-the-fairy-tale-detective-collectors-edition","status":"publish","type":"product","link":"https:\/\/www.iplay.com\/de\/games\/rose-riddle-the-fairy-tale-detective-collectors-edition\/","title":{"rendered":"Rose Riddle: The Fairy Tale Detective Collector&#8217;s Edition"},"content":{"rendered":"<p>Rette zwei Welten in Revived Legends: Road of the Kings! Was ein normaler Tag werden sollte, verwandelt sich in etwas Spektakul\u00e4res, als er in eine seltsame Nebelbank eintritt. Ihr stellt fest, dass der Nebel nach und nach eine \u00fcbernat\u00fcrliche Dimension mit unserem Universum vermischt. Du bist der Einzige, der die beiden Welten vor der drohenden Vernichtung retten kann! Du musst dich nun auf eine Mission entlang der legend\u00e4ren Stra\u00dfe der K\u00f6nige begeben, um dich dem B\u00f6sewicht und seiner schrecklichen Wolke zu stellen. Entdecke verzauberte Orte, besch\u00e4ftige dich mit faszinierenden Kreaturen und l\u00f6se schwierige R\u00e4tsel in diesem entz\u00fcckenden Wimmelbild-Abenteuer, um als Held zweier Welten hervorzugehen!     <\/p>\n<p>&nbsp;<\/p>\n<p>&nbsp;<\/p>\n<p><strong>Funktionen:<\/strong><\/p>\n<p>&nbsp;<\/p>\n<p>&#8211; Ein zus\u00e4tzliches Abenteuer, in dem du verhindern musst, dass die Vergangenheit zusammenbricht!<br \/>\n&#8211; Spielbare Minispiele; &#8211; Magische Konzeptzeichnungen, Hintergrundbilder und Bildschirmschoner<br \/>\n&#8211; Ein verf\u00fcgbarer Strategieleitfaden<\/p>\n","protected":false},"excerpt":{"rendered":"<p>Begeben Sie sich auf eine erstaunliche und verr\u00fcckte Roadreise!<\/p>\n","protected":false},"author":8,"featured_media":98995,"comment_status":"open","ping_status":"closed","template":"","meta":{"_acf_changed":false,"inline_featured_image":false},"product_brand":[],"product_cat":[217],"product_tag":[289],"class_list":{"0":"post-135847","1":"product","2":"type-product","3":"status-publish","4":"has-post-thumbnail","6":"product_cat-time-management-de","7":"product_tag-play-on-pc-de","9":"first","10":"instock","11":"shipping-taxable","12":"purchasable","13":"product-type-simple"},"acf":[],"yoast_head":"<!-- This site is optimized with the Yoast SEO Premium plugin v25.2 (Yoast SEO v25.2) - https:\/\/yoast.com\/wordpress\/plugins\/seo\/ -->\n<title>Rose Riddle: Der M\u00e4rchendetektiv Sammleredition - Begeben Sie sich auf einen wilden und entz\u00fcckenden Roadtrip<\/title>\n<meta name=\"description\" content=\"Begeben Sie sich auf eine erstaunliche und verr\u00fcckte Roadreise!\" \/>\n<meta name=\"robots\" content=\"index, follow, max-snippet:-1, max-image-preview:large, max-video-preview:-1\" \/>\n<link rel=\"canonical\" href=\"https:\/\/www.iplay.com\/de\/games\/rose-riddle-the-fairy-tale-detective-collectors-edition\/\" \/>\n<meta property=\"og:locale\" content=\"de_DE\" \/>\n<meta property=\"og:type\" content=\"article\" \/>\n<meta property=\"og:title\" content=\"Rose Riddle: The Fairy Tale Detective Collector&#039;s Edition\" \/>\n<meta property=\"og:description\" content=\"Begeben Sie sich auf eine erstaunliche und verr\u00fcckte Roadreise!\" \/>\n<meta property=\"og:url\" content=\"https:\/\/www.iplay.com\/de\/games\/rose-riddle-the-fairy-tale-detective-collectors-edition\/\" \/>\n<meta property=\"og:site_name\" content=\"IPlay\" \/>\n<meta property=\"og:image\" content=\"https:\/\/www.iplay.com\/wp-content\/uploads\/2023\/12\/large_square_tile_image-3693.jpg\" \/>\n\t<meta property=\"og:image:width\" content=\"310\" \/>\n\t<meta property=\"og:image:height\" content=\"310\" \/>\n\t<meta property=\"og:image:type\" content=\"image\/jpeg\" \/>\n<meta name=\"twitter:card\" content=\"summary_large_image\" \/>\n<meta name=\"twitter:label1\" content=\"Gesch\u00e4tzte Lesezeit\" \/>\n\t<meta name=\"twitter:data1\" content=\"1 Minute\" \/>\n<script type=\"application\/ld+json\" class=\"yoast-schema-graph\">{\"@context\":\"https:\/\/schema.org\",\"@graph\":[{\"@type\":\"WebPage\",\"@id\":\"https:\/\/www.iplay.com\/de\/games\/rose-riddle-the-fairy-tale-detective-collectors-edition\/\",\"url\":\"https:\/\/www.iplay.com\/de\/games\/rose-riddle-the-fairy-tale-detective-collectors-edition\/\",\"name\":\"Rose Riddle: Der M\u00e4rchendetektiv Sammleredition - Begeben Sie sich auf einen wilden und entz\u00fcckenden Roadtrip\",\"isPartOf\":{\"@id\":\"https:\/\/www.iplay.com\/en\/#website\"},\"primaryImageOfPage\":{\"@id\":\"https:\/\/www.iplay.com\/de\/games\/rose-riddle-the-fairy-tale-detective-collectors-edition\/#primaryimage\"},\"image\":{\"@id\":\"https:\/\/www.iplay.com\/de\/games\/rose-riddle-the-fairy-tale-detective-collectors-edition\/#primaryimage\"},\"thumbnailUrl\":\"https:\/\/www.iplay.com\/wp-content\/uploads\/2023\/12\/large_square_tile_image-3693.jpg\",\"datePublished\":\"2017-09-13T00:00:01+00:00\",\"description\":\"Begeben Sie sich auf eine erstaunliche und verr\u00fcckte Roadreise!\",\"breadcrumb\":{\"@id\":\"https:\/\/www.iplay.com\/de\/games\/rose-riddle-the-fairy-tale-detective-collectors-edition\/#breadcrumb\"},\"inLanguage\":\"de-DE\",\"potentialAction\":[{\"@type\":\"ReadAction\",\"target\":[\"https:\/\/www.iplay.com\/de\/games\/rose-riddle-the-fairy-tale-detective-collectors-edition\/\"]}]},{\"@type\":\"ImageObject\",\"inLanguage\":\"de-DE\",\"@id\":\"https:\/\/www.iplay.com\/de\/games\/rose-riddle-the-fairy-tale-detective-collectors-edition\/#primaryimage\",\"url\":\"https:\/\/www.iplay.com\/wp-content\/uploads\/2023\/12\/large_square_tile_image-3693.jpg\",\"contentUrl\":\"https:\/\/www.iplay.com\/wp-content\/uploads\/2023\/12\/large_square_tile_image-3693.jpg\",\"width\":310,\"height\":310},{\"@type\":\"BreadcrumbList\",\"@id\":\"https:\/\/www.iplay.com\/de\/games\/rose-riddle-the-fairy-tale-detective-collectors-edition\/#breadcrumb\",\"itemListElement\":[{\"@type\":\"ListItem\",\"position\":1,\"name\":\"Home\",\"item\":\"https:\/\/www.iplay.com\/de\/home-page-2\/\"},{\"@type\":\"ListItem\",\"position\":2,\"name\":\"Shop\",\"item\":\"https:\/\/www.iplay.com\/en\/shop\/\"},{\"@type\":\"ListItem\",\"position\":3,\"name\":\"Rose Riddle: The Fairy Tale Detective Collector&#8217;s Edition\"}]},{\"@type\":\"WebSite\",\"@id\":\"https:\/\/www.iplay.com\/en\/#website\",\"url\":\"https:\/\/www.iplay.com\/en\/\",\"name\":\"IPlay\",\"description\":\"The Best Casual Games!\",\"publisher\":{\"@id\":\"https:\/\/www.iplay.com\/en\/#organization\"},\"potentialAction\":[{\"@type\":\"SearchAction\",\"target\":{\"@type\":\"EntryPoint\",\"urlTemplate\":\"https:\/\/www.iplay.com\/en\/?s={search_term_string}\"},\"query-input\":{\"@type\":\"PropertyValueSpecification\",\"valueRequired\":true,\"valueName\":\"search_term_string\"}}],\"inLanguage\":\"de-DE\"},{\"@type\":\"Organization\",\"@id\":\"https:\/\/www.iplay.com\/en\/#organization\",\"name\":\"IPlay\",\"url\":\"https:\/\/www.iplay.com\/en\/\",\"logo\":{\"@type\":\"ImageObject\",\"inLanguage\":\"de-DE\",\"@id\":\"https:\/\/www.iplay.com\/en\/#\/schema\/logo\/image\/\",\"url\":\"https:\/\/www.iplay.com\/wp-content\/uploads\/2023\/11\/Group-6100.svg\",\"contentUrl\":\"https:\/\/www.iplay.com\/wp-content\/uploads\/2023\/11\/Group-6100.svg\",\"width\":98,\"height\":25,\"caption\":\"IPlay\"},\"image\":{\"@id\":\"https:\/\/www.iplay.com\/en\/#\/schema\/logo\/image\/\"}}]}<\/script>\n<!-- \/ Yoast SEO Premium plugin. -->","yoast_head_json":{"title":"Rose Riddle: Der M\u00e4rchendetektiv Sammleredition - Begeben Sie sich auf einen wilden und entz\u00fcckenden Roadtrip","description":"Begeben Sie sich auf eine erstaunliche und verr\u00fcckte Roadreise!","robots":{"index":"index","follow":"follow","max-snippet":"max-snippet:-1","max-image-preview":"max-image-preview:large","max-video-preview":"max-video-preview:-1"},"canonical":"https:\/\/www.iplay.com\/de\/games\/rose-riddle-the-fairy-tale-detective-collectors-edition\/","og_locale":"de_DE","og_type":"article","og_title":"Rose Riddle: The Fairy Tale Detective Collector's Edition","og_description":"Begeben Sie sich auf eine erstaunliche und verr\u00fcckte Roadreise!","og_url":"https:\/\/www.iplay.com\/de\/games\/rose-riddle-the-fairy-tale-detective-collectors-edition\/","og_site_name":"IPlay","og_image":[{"width":310,"height":310,"url":"https:\/\/www.iplay.com\/wp-content\/uploads\/2023\/12\/large_square_tile_image-3693.jpg","type":"image\/jpeg"}],"twitter_card":"summary_large_image","twitter_misc":{"Gesch\u00e4tzte Lesezeit":"1 Minute"},"schema":{"@context":"https:\/\/schema.org","@graph":[{"@type":"WebPage","@id":"https:\/\/www.iplay.com\/de\/games\/rose-riddle-the-fairy-tale-detective-collectors-edition\/","url":"https:\/\/www.iplay.com\/de\/games\/rose-riddle-the-fairy-tale-detective-collectors-edition\/","name":"Rose Riddle: Der M\u00e4rchendetektiv Sammleredition - Begeben Sie sich auf einen wilden und entz\u00fcckenden Roadtrip","isPartOf":{"@id":"https:\/\/www.iplay.com\/en\/#website"},"primaryImageOfPage":{"@id":"https:\/\/www.iplay.com\/de\/games\/rose-riddle-the-fairy-tale-detective-collectors-edition\/#primaryimage"},"image":{"@id":"https:\/\/www.iplay.com\/de\/games\/rose-riddle-the-fairy-tale-detective-collectors-edition\/#primaryimage"},"thumbnailUrl":"https:\/\/www.iplay.com\/wp-content\/uploads\/2023\/12\/large_square_tile_image-3693.jpg","datePublished":"2017-09-13T00:00:01+00:00","description":"Begeben Sie sich auf eine erstaunliche und verr\u00fcckte Roadreise!","breadcrumb":{"@id":"https:\/\/www.iplay.com\/de\/games\/rose-riddle-the-fairy-tale-detective-collectors-edition\/#breadcrumb"},"inLanguage":"de-DE","potentialAction":[{"@type":"ReadAction","target":["https:\/\/www.iplay.com\/de\/games\/rose-riddle-the-fairy-tale-detective-collectors-edition\/"]}]},{"@type":"ImageObject","inLanguage":"de-DE","@id":"https:\/\/www.iplay.com\/de\/games\/rose-riddle-the-fairy-tale-detective-collectors-edition\/#primaryimage","url":"https:\/\/www.iplay.com\/wp-content\/uploads\/2023\/12\/large_square_tile_image-3693.jpg","contentUrl":"https:\/\/www.iplay.com\/wp-content\/uploads\/2023\/12\/large_square_tile_image-3693.jpg","width":310,"height":310},{"@type":"BreadcrumbList","@id":"https:\/\/www.iplay.com\/de\/games\/rose-riddle-the-fairy-tale-detective-collectors-edition\/#breadcrumb","itemListElement":[{"@type":"ListItem","position":1,"name":"Home","item":"https:\/\/www.iplay.com\/de\/home-page-2\/"},{"@type":"ListItem","position":2,"name":"Shop","item":"https:\/\/www.iplay.com\/en\/shop\/"},{"@type":"ListItem","position":3,"name":"Rose Riddle: The Fairy Tale Detective Collector&#8217;s Edition"}]},{"@type":"WebSite","@id":"https:\/\/www.iplay.com\/en\/#website","url":"https:\/\/www.iplay.com\/en\/","name":"IPlay","description":"The Best Casual Games!","publisher":{"@id":"https:\/\/www.iplay.com\/en\/#organization"},"potentialAction":[{"@type":"SearchAction","target":{"@type":"EntryPoint","urlTemplate":"https:\/\/www.iplay.com\/en\/?s={search_term_string}"},"query-input":{"@type":"PropertyValueSpecification","valueRequired":true,"valueName":"search_term_string"}}],"inLanguage":"de-DE"},{"@type":"Organization","@id":"https:\/\/www.iplay.com\/en\/#organization","name":"IPlay","url":"https:\/\/www.iplay.com\/en\/","logo":{"@type":"ImageObject","inLanguage":"de-DE","@id":"https:\/\/www.iplay.com\/en\/#\/schema\/logo\/image\/","url":"https:\/\/www.iplay.com\/wp-content\/uploads\/2023\/11\/Group-6100.svg","contentUrl":"https:\/\/www.iplay.com\/wp-content\/uploads\/2023\/11\/Group-6100.svg","width":98,"height":25,"caption":"IPlay"},"image":{"@id":"https:\/\/www.iplay.com\/en\/#\/schema\/logo\/image\/"}}]}},"_links":{"self":[{"href":"https:\/\/www.iplay.com\/de\/wp-json\/wp\/v2\/product\/135847","targetHints":{"allow":["GET"]}}],"collection":[{"href":"https:\/\/www.iplay.com\/de\/wp-json\/wp\/v2\/product"}],"about":[{"href":"https:\/\/www.iplay.com\/de\/wp-json\/wp\/v2\/types\/product"}],"author":[{"embeddable":true,"href":"https:\/\/www.iplay.com\/de\/wp-json\/wp\/v2\/users\/8"}],"replies":[{"embeddable":true,"href":"https:\/\/www.iplay.com\/de\/wp-json\/wp\/v2\/comments?post=135847"}],"wp:featuredmedia":[{"embeddable":true,"href":"https:\/\/www.iplay.com\/de\/wp-json\/wp\/v2\/media\/98995"}],"wp:attachment":[{"href":"https:\/\/www.iplay.com\/de\/wp-json\/wp\/v2\/media?parent=135847"}],"wp:term":[{"taxonomy":"product_brand","embeddable":true,"href":"https:\/\/www.iplay.com\/de\/wp-json\/wp\/v2\/product_brand?post=135847"},{"taxonomy":"product_cat","embeddable":true,"href":"https:\/\/www.iplay.com\/de\/wp-json\/wp\/v2\/product_cat?post=135847"},{"taxonomy":"product_tag","embeddable":true,"href":"https:\/\/www.iplay.com\/de\/wp-json\/wp\/v2\/product_tag?post=135847"}],"curies":[{"name":"wp","href":"https:\/\/api.w.org\/{rel}","templated":true}]}}