{"id":135806,"date":"2018-01-11T00:00:01","date_gmt":"2018-01-11T00:00:01","guid":{"rendered":"https:\/\/www.iplay.com\/games\/delicious-emilys-moms-vs-dads-platinum-edition\/"},"modified":"2018-01-11T00:00:01","modified_gmt":"2018-01-11T00:00:01","slug":"delicious-emilys-moms-vs-dads-platinum-edition","status":"publish","type":"product","link":"https:\/\/www.iplay.com\/de\/games\/delicious-emilys-moms-vs-dads-platinum-edition\/","title":{"rendered":"Delicious &#8211; Emily&#8217;s Moms vs Dads Platinum Edition"},"content":{"rendered":"<p>F\u00fchlen Sie sich der Herausforderung gewachsen? Sieh dir mit Emily und Patrick an, wie die M\u00fctter die Grenzen der V\u00e4ter austesten! In dieser unterhaltsamen Wendung eines altehrw\u00fcrdigen Streits stellen die M\u00fctter die V\u00e4ter auf die Probe! Wer wird am Ende gewinnen? Ob Eltern oder Kinder, wir alle haben es schon erlebt. Warum also sind die Hausarbeiten nicht gleichm\u00e4\u00dfig verteilt? Und vor allem: Warum sieht es so aus, als ob eine Person praktisch alles die ganze Zeit macht, und was k\u00f6nnen Sie dagegen tun? Emily und Patrick stellen sich dieser Frage in Emilys neuester Geschichte, Moms vs. Dads! F\u00fchlen Sie sich der Herausforderung gewachsen? Sieh dir mit Emily und Patrick an, wie die M\u00fctter die Grenzen der V\u00e4ter austesten! In diesem unterhaltsamen Zeitmanagement-M\u00e4rchenspiel kannst du dich sowohl um M\u00fctter als auch um V\u00e4ter k\u00fcmmern! Erkunde 60 Story-Levels und 30 Schwierigkeitsstufen, w\u00e4hrend du durch das Spiel navigierst. Entdecken Sie die Unterschiede zwischen den vier Paaren! Wen werden Sie unterst\u00fctzen? Erlebe sechs aufregende Orte, darunter deine Lieblingsorte, Emilys Haus und Camp Talon. Sammeln Sie Diamanten und errichten Sie Ihr eigenes Kinderparadies in Emilys Garten. Schlie\u00dfe t\u00e4gliche Herausforderungen ab, um zus\u00e4tzliche Diamanten zu verdienen. Sammeln Sie alle Postkarten und senden Sie herzliche W\u00fcnsche an alle Ihre Lieben. Hilf Emily und Patrick zu lernen, was im Leben wirklich wichtig ist. Verwalten Sie sowohl V\u00e4ter als auch M\u00fctter.<\/p>\n","protected":false},"excerpt":{"rendered":"<p>Nimm an einem humorvollen Kampf der Geschlechter mit Emily und Patrick teil!<\/p>\n","protected":false},"author":10,"featured_media":87968,"comment_status":"open","ping_status":"closed","template":"","meta":{"_acf_changed":false,"inline_featured_image":false},"product_brand":[],"product_cat":[217],"product_tag":[289],"class_list":{"0":"post-135806","1":"product","2":"type-product","3":"status-publish","4":"has-post-thumbnail","6":"product_cat-time-management-de","7":"product_tag-play-on-pc-de","9":"first","10":"instock","11":"shipping-taxable","12":"purchasable","13":"product-type-simple"},"acf":[],"yoast_head":"<!-- This site is optimized with the Yoast SEO Premium plugin v25.2 (Yoast SEO v25.2) - https:\/\/yoast.com\/wordpress\/plugins\/seo\/ -->\n<title>Delicious - Emily&#039;s Moms vs Dads Platinum Edition - Begleiten Sie Emily und Patrick in einem urkomischen Kampf der Geschlechter<\/title>\n<meta name=\"description\" content=\"Nimm an einem humorvollen Kampf der Geschlechter mit Emily und Patrick teil!\" \/>\n<meta name=\"robots\" content=\"index, follow, max-snippet:-1, max-image-preview:large, max-video-preview:-1\" \/>\n<link rel=\"canonical\" href=\"https:\/\/www.iplay.com\/de\/games\/delicious-emilys-moms-vs-dads-platinum-edition\/\" \/>\n<meta property=\"og:locale\" content=\"de_DE\" \/>\n<meta property=\"og:type\" content=\"article\" \/>\n<meta property=\"og:title\" content=\"Delicious - Emily&#039;s Moms vs Dads Platinum Edition\" \/>\n<meta property=\"og:description\" content=\"Nimm an einem humorvollen Kampf der Geschlechter mit Emily und Patrick teil!\" \/>\n<meta property=\"og:url\" content=\"https:\/\/www.iplay.com\/de\/games\/delicious-emilys-moms-vs-dads-platinum-edition\/\" \/>\n<meta property=\"og:site_name\" content=\"IPlay\" \/>\n<meta property=\"og:image\" content=\"https:\/\/www.iplay.com\/wp-content\/uploads\/2023\/12\/large_square_tile_image-3010.jpg\" \/>\n\t<meta property=\"og:image:width\" content=\"310\" \/>\n\t<meta property=\"og:image:height\" content=\"310\" \/>\n\t<meta property=\"og:image:type\" content=\"image\/jpeg\" \/>\n<meta name=\"twitter:card\" content=\"summary_large_image\" \/>\n<meta name=\"twitter:label1\" content=\"Gesch\u00e4tzte Lesezeit\" \/>\n\t<meta name=\"twitter:data1\" content=\"1 Minute\" \/>\n<script type=\"application\/ld+json\" class=\"yoast-schema-graph\">{\"@context\":\"https:\/\/schema.org\",\"@graph\":[{\"@type\":\"WebPage\",\"@id\":\"https:\/\/www.iplay.com\/de\/games\/delicious-emilys-moms-vs-dads-platinum-edition\/\",\"url\":\"https:\/\/www.iplay.com\/de\/games\/delicious-emilys-moms-vs-dads-platinum-edition\/\",\"name\":\"Delicious - Emily's Moms vs Dads Platinum Edition - Begleiten Sie Emily und Patrick in einem urkomischen Kampf der Geschlechter\",\"isPartOf\":{\"@id\":\"https:\/\/www.iplay.com\/en\/#website\"},\"primaryImageOfPage\":{\"@id\":\"https:\/\/www.iplay.com\/de\/games\/delicious-emilys-moms-vs-dads-platinum-edition\/#primaryimage\"},\"image\":{\"@id\":\"https:\/\/www.iplay.com\/de\/games\/delicious-emilys-moms-vs-dads-platinum-edition\/#primaryimage\"},\"thumbnailUrl\":\"https:\/\/www.iplay.com\/wp-content\/uploads\/2023\/12\/large_square_tile_image-3010.jpg\",\"datePublished\":\"2018-01-11T00:00:01+00:00\",\"description\":\"Nimm an einem humorvollen Kampf der Geschlechter mit Emily und Patrick teil!\",\"breadcrumb\":{\"@id\":\"https:\/\/www.iplay.com\/de\/games\/delicious-emilys-moms-vs-dads-platinum-edition\/#breadcrumb\"},\"inLanguage\":\"de-DE\",\"potentialAction\":[{\"@type\":\"ReadAction\",\"target\":[\"https:\/\/www.iplay.com\/de\/games\/delicious-emilys-moms-vs-dads-platinum-edition\/\"]}]},{\"@type\":\"ImageObject\",\"inLanguage\":\"de-DE\",\"@id\":\"https:\/\/www.iplay.com\/de\/games\/delicious-emilys-moms-vs-dads-platinum-edition\/#primaryimage\",\"url\":\"https:\/\/www.iplay.com\/wp-content\/uploads\/2023\/12\/large_square_tile_image-3010.jpg\",\"contentUrl\":\"https:\/\/www.iplay.com\/wp-content\/uploads\/2023\/12\/large_square_tile_image-3010.jpg\",\"width\":310,\"height\":310},{\"@type\":\"BreadcrumbList\",\"@id\":\"https:\/\/www.iplay.com\/de\/games\/delicious-emilys-moms-vs-dads-platinum-edition\/#breadcrumb\",\"itemListElement\":[{\"@type\":\"ListItem\",\"position\":1,\"name\":\"Home\",\"item\":\"https:\/\/www.iplay.com\/de\/home-page-2\/\"},{\"@type\":\"ListItem\",\"position\":2,\"name\":\"Shop\",\"item\":\"https:\/\/www.iplay.com\/en\/shop\/\"},{\"@type\":\"ListItem\",\"position\":3,\"name\":\"Delicious &#8211; Emily&#8217;s Moms vs Dads Platinum Edition\"}]},{\"@type\":\"WebSite\",\"@id\":\"https:\/\/www.iplay.com\/en\/#website\",\"url\":\"https:\/\/www.iplay.com\/en\/\",\"name\":\"IPlay\",\"description\":\"The Best Casual Games!\",\"publisher\":{\"@id\":\"https:\/\/www.iplay.com\/en\/#organization\"},\"potentialAction\":[{\"@type\":\"SearchAction\",\"target\":{\"@type\":\"EntryPoint\",\"urlTemplate\":\"https:\/\/www.iplay.com\/en\/?s={search_term_string}\"},\"query-input\":{\"@type\":\"PropertyValueSpecification\",\"valueRequired\":true,\"valueName\":\"search_term_string\"}}],\"inLanguage\":\"de-DE\"},{\"@type\":\"Organization\",\"@id\":\"https:\/\/www.iplay.com\/en\/#organization\",\"name\":\"IPlay\",\"url\":\"https:\/\/www.iplay.com\/en\/\",\"logo\":{\"@type\":\"ImageObject\",\"inLanguage\":\"de-DE\",\"@id\":\"https:\/\/www.iplay.com\/en\/#\/schema\/logo\/image\/\",\"url\":\"https:\/\/www.iplay.com\/wp-content\/uploads\/2023\/11\/Group-6100.svg\",\"contentUrl\":\"https:\/\/www.iplay.com\/wp-content\/uploads\/2023\/11\/Group-6100.svg\",\"width\":98,\"height\":25,\"caption\":\"IPlay\"},\"image\":{\"@id\":\"https:\/\/www.iplay.com\/en\/#\/schema\/logo\/image\/\"}}]}<\/script>\n<!-- \/ Yoast SEO Premium plugin. -->","yoast_head_json":{"title":"Delicious - Emily's Moms vs Dads Platinum Edition - Begleiten Sie Emily und Patrick in einem urkomischen Kampf der Geschlechter","description":"Nimm an einem humorvollen Kampf der Geschlechter mit Emily und Patrick teil!","robots":{"index":"index","follow":"follow","max-snippet":"max-snippet:-1","max-image-preview":"max-image-preview:large","max-video-preview":"max-video-preview:-1"},"canonical":"https:\/\/www.iplay.com\/de\/games\/delicious-emilys-moms-vs-dads-platinum-edition\/","og_locale":"de_DE","og_type":"article","og_title":"Delicious - Emily's Moms vs Dads Platinum Edition","og_description":"Nimm an einem humorvollen Kampf der Geschlechter mit Emily und Patrick teil!","og_url":"https:\/\/www.iplay.com\/de\/games\/delicious-emilys-moms-vs-dads-platinum-edition\/","og_site_name":"IPlay","og_image":[{"width":310,"height":310,"url":"https:\/\/www.iplay.com\/wp-content\/uploads\/2023\/12\/large_square_tile_image-3010.jpg","type":"image\/jpeg"}],"twitter_card":"summary_large_image","twitter_misc":{"Gesch\u00e4tzte Lesezeit":"1 Minute"},"schema":{"@context":"https:\/\/schema.org","@graph":[{"@type":"WebPage","@id":"https:\/\/www.iplay.com\/de\/games\/delicious-emilys-moms-vs-dads-platinum-edition\/","url":"https:\/\/www.iplay.com\/de\/games\/delicious-emilys-moms-vs-dads-platinum-edition\/","name":"Delicious - Emily's Moms vs Dads Platinum Edition - Begleiten Sie Emily und Patrick in einem urkomischen Kampf der Geschlechter","isPartOf":{"@id":"https:\/\/www.iplay.com\/en\/#website"},"primaryImageOfPage":{"@id":"https:\/\/www.iplay.com\/de\/games\/delicious-emilys-moms-vs-dads-platinum-edition\/#primaryimage"},"image":{"@id":"https:\/\/www.iplay.com\/de\/games\/delicious-emilys-moms-vs-dads-platinum-edition\/#primaryimage"},"thumbnailUrl":"https:\/\/www.iplay.com\/wp-content\/uploads\/2023\/12\/large_square_tile_image-3010.jpg","datePublished":"2018-01-11T00:00:01+00:00","description":"Nimm an einem humorvollen Kampf der Geschlechter mit Emily und Patrick teil!","breadcrumb":{"@id":"https:\/\/www.iplay.com\/de\/games\/delicious-emilys-moms-vs-dads-platinum-edition\/#breadcrumb"},"inLanguage":"de-DE","potentialAction":[{"@type":"ReadAction","target":["https:\/\/www.iplay.com\/de\/games\/delicious-emilys-moms-vs-dads-platinum-edition\/"]}]},{"@type":"ImageObject","inLanguage":"de-DE","@id":"https:\/\/www.iplay.com\/de\/games\/delicious-emilys-moms-vs-dads-platinum-edition\/#primaryimage","url":"https:\/\/www.iplay.com\/wp-content\/uploads\/2023\/12\/large_square_tile_image-3010.jpg","contentUrl":"https:\/\/www.iplay.com\/wp-content\/uploads\/2023\/12\/large_square_tile_image-3010.jpg","width":310,"height":310},{"@type":"BreadcrumbList","@id":"https:\/\/www.iplay.com\/de\/games\/delicious-emilys-moms-vs-dads-platinum-edition\/#breadcrumb","itemListElement":[{"@type":"ListItem","position":1,"name":"Home","item":"https:\/\/www.iplay.com\/de\/home-page-2\/"},{"@type":"ListItem","position":2,"name":"Shop","item":"https:\/\/www.iplay.com\/en\/shop\/"},{"@type":"ListItem","position":3,"name":"Delicious &#8211; Emily&#8217;s Moms vs Dads Platinum Edition"}]},{"@type":"WebSite","@id":"https:\/\/www.iplay.com\/en\/#website","url":"https:\/\/www.iplay.com\/en\/","name":"IPlay","description":"The Best Casual Games!","publisher":{"@id":"https:\/\/www.iplay.com\/en\/#organization"},"potentialAction":[{"@type":"SearchAction","target":{"@type":"EntryPoint","urlTemplate":"https:\/\/www.iplay.com\/en\/?s={search_term_string}"},"query-input":{"@type":"PropertyValueSpecification","valueRequired":true,"valueName":"search_term_string"}}],"inLanguage":"de-DE"},{"@type":"Organization","@id":"https:\/\/www.iplay.com\/en\/#organization","name":"IPlay","url":"https:\/\/www.iplay.com\/en\/","logo":{"@type":"ImageObject","inLanguage":"de-DE","@id":"https:\/\/www.iplay.com\/en\/#\/schema\/logo\/image\/","url":"https:\/\/www.iplay.com\/wp-content\/uploads\/2023\/11\/Group-6100.svg","contentUrl":"https:\/\/www.iplay.com\/wp-content\/uploads\/2023\/11\/Group-6100.svg","width":98,"height":25,"caption":"IPlay"},"image":{"@id":"https:\/\/www.iplay.com\/en\/#\/schema\/logo\/image\/"}}]}},"_links":{"self":[{"href":"https:\/\/www.iplay.com\/de\/wp-json\/wp\/v2\/product\/135806","targetHints":{"allow":["GET"]}}],"collection":[{"href":"https:\/\/www.iplay.com\/de\/wp-json\/wp\/v2\/product"}],"about":[{"href":"https:\/\/www.iplay.com\/de\/wp-json\/wp\/v2\/types\/product"}],"author":[{"embeddable":true,"href":"https:\/\/www.iplay.com\/de\/wp-json\/wp\/v2\/users\/10"}],"replies":[{"embeddable":true,"href":"https:\/\/www.iplay.com\/de\/wp-json\/wp\/v2\/comments?post=135806"}],"wp:featuredmedia":[{"embeddable":true,"href":"https:\/\/www.iplay.com\/de\/wp-json\/wp\/v2\/media\/87968"}],"wp:attachment":[{"href":"https:\/\/www.iplay.com\/de\/wp-json\/wp\/v2\/media?parent=135806"}],"wp:term":[{"taxonomy":"product_brand","embeddable":true,"href":"https:\/\/www.iplay.com\/de\/wp-json\/wp\/v2\/product_brand?post=135806"},{"taxonomy":"product_cat","embeddable":true,"href":"https:\/\/www.iplay.com\/de\/wp-json\/wp\/v2\/product_cat?post=135806"},{"taxonomy":"product_tag","embeddable":true,"href":"https:\/\/www.iplay.com\/de\/wp-json\/wp\/v2\/product_tag?post=135806"}],"curies":[{"name":"wp","href":"https:\/\/api.w.org\/{rel}","templated":true}]}}